





{"id":27479,"date":"2017-08-13T19:11:40","date_gmt":"2017-08-13T17:11:40","guid":{"rendered":"https:\/\/repliquemangacine.fr\/?post_type=product&#038;p=27479"},"modified":"2025-11-10T14:46:00","modified_gmt":"2025-11-10T13:46:00","slug":"excalibur-re-arthur-spada-leggendaria","status":"publish","type":"product","link":"https:\/\/repliquemangacine.fr\/it\/epee-templier-medievale\/epee-legendaire-excalibur-roi-arthur\/","title":{"rendered":"Spada leggendaria Excalibur - Roi Arthur"},"content":{"rendered":"<h2>Replica della leggendaria spada Excalibur di Re Art\u00f9<\/h2>\n<p>Per cominciare, il<strong>La leggendaria spada Excalibur<\/strong> Il Roi Arthur \u00e8 noto per essere infrangibile e per tagliare qualsiasi materiale. Il suo fodero protegge chi lo indossa dalle ferite. Re Art\u00f9, con entrambi i manufatti, era quindi invincibile sul campo di battaglia.<\/p>\n<p>Alcuni ritengono che Excalibur e la Spada della Roccia (prova della discendenza di Art\u00f9) siano la stessa arma, ma nella maggior parte delle versioni della leggenda si tratta di due spade separate.<\/p>\n<p>Excalibur \u00e8 la leggendaria spada magica di Re Art\u00f9, Re dei Bretoni nella leggenda arturiana del Medioevo. La storia di Re Art\u00f9 \u00e8 strettamente legata alla magica e misteriosa spada Excalibur, il cui nome significa \u201cTagliare l'acciaio\u201d, che era una delle sue numerose propriet\u00e0.<\/p>\n<h2>La vostra spada Excalibur al miglior prezzo<\/h2>\n<p>Offriamo un'ampia gamma di repliche di epoca medievale.<\/p>\n<p>Innanzitutto,<\/p>\n<ul>\n<li>L'<a href=\"https:\/\/repliquemangacine.fr\/it\/spada-medievale\/spada-templare-da-combattimento\/\">Spada da combattimento templare<\/a>una spada da battaglia con una croce sul pomo.<\/li>\n<li>Ma anche la replica del<a href=\"https:\/\/repliquemangacine.fr\/it\/riproduzioni-medievali\/epee-richard-coeur-de-lion\/\">La spada di Richard C\u0153ur<\/a> de Lion ha firmato <a href=\"https:\/\/www.denix.fr\/fr\/accueil-fr\/\" target=\"_blank\" rel=\"noopener noreferrer\">Denix<\/a>.<\/li>\n<li>E molti altri da scoprire nel nostro negozio online!<\/li>\n<\/ul>\n<p>Ecco perch\u00e9 \u00e8 un'ottima idea regalo per tutti coloro che amano il Medioevo.<\/p>\n<p>In conclusione, \u00e8 possibile utilizzare questo <strong>La leggendaria spada Excalibur<\/strong> Re Art\u00f9 per le vostre rievocazioni e rappresentazioni storiche.<\/p>\n<p>Ma soprattutto, questa spada \u00e8 anche un oggetto da collezione e un pezzo decorativo.<\/p>\n<p>R\u00e9plique Manga Cin\u00e9 \u00e8 un'azienda familiare francese.<\/p>\n<h2>Come si mantiene la lama della spada medievale?<\/h2>\n<p>Le spade da collezione e decorative sono realizzate e assemblate in modo semplificato. Poich\u00e9 il loro uso \u00e8 decorativo, non hanno le caratteristiche di sicurezza richieste per una spada giapponese destinata all'allenamento.<\/p>\n<p>Tuttavia, il vostro <strong>La leggendaria spada Excalibur<\/strong> a una lama d'acciaio che deve essere mantenuta per evitare che si danneggi nel tempo. Quando si espone la spada, gli amici saranno curiosi di vedere la lama e di toccarla. \u00c8 qui che bisogna fare attenzione, perch\u00e9 l'acidit\u00e0 delle dita \u00e8 molto dannosa per l'acciaio, qualunque sia la sua qualit\u00e0.<\/p>\n<p>Tuttavia, se ci\u00f2 dovesse accadere, niente panico: basta un panno inumidito con un po' d'olio per eliminare le impronte. In questo modo, la spada durer\u00e0 a lungo.<\/p>","protected":false},"excerpt":{"rendered":"<p>La leggendaria spada di Re Art\u00f9, Excalibur.<\/p>\n<ul>\n<li>Lama in acciaio invecchiato.<\/li>\n<li>Elsa in metallo dorato con incisione.<\/li>\n<li>Manico in metallo con filo d'acciaio nero.<\/li>\n<li>Pomello in metallo con incisione \"Excalibur\".<\/li>\n<li>Fodero in similpelle con torsione in pelle.<\/li>\n<li>Dimensioni: 111 cm - Peso: 1580 gr.<\/li>\n<\/ul>","protected":false},"featured_media":27480,"template":"","meta":[],"product_brand":[896],"product_cat":[25,84,43],"product_tag":[],"class_list":{"0":"post-27479","1":"product","2":"type-product","3":"status-publish","4":"has-post-thumbnail","6":"product_brand-replique-manga-cine","7":"product_cat-armes-historiques","8":"product_cat-epee-templier-medievale","9":"product_cat-reproductions-d-armes-et-accessoires-medievales","11":"first","12":"instock","13":"taxable","14":"shipping-taxable","15":"purchasable","16":"product-type-simple"},"yoast_head":"<!-- This site is optimized with the Yoast SEO plugin v27.4 - https:\/\/yoast.com\/product\/yoast-seo-wordpress\/ -->\n<title>Ep\u00e9e l\u00e9gendaire Excalibur du roi Arthur | R\u00e9plique Manga Cin\u00e9<\/title>\n<meta name=\"description\" content=\"D\u00e9couvrez cette r\u00e9plique de Ep\u00e9e l\u00e9gendaire Excalibur sign\u00e9 Denix au meilleur prix. Lame en acier 440 - Fourreau en similicuir - Longueur totale : 111 cm\" \/>\n<meta name=\"robots\" content=\"index, follow, max-snippet:-1, max-image-preview:large, max-video-preview:-1\" \/>\n<link rel=\"canonical\" href=\"https:\/\/repliquemangacine.fr\/it\/spada-templare-medievale\/excalibur-re-arthur-spada-leggendaria\/\" \/>\n<meta property=\"og:locale\" content=\"it_IT\" \/>\n<meta property=\"og:type\" content=\"article\" \/>\n<meta property=\"og:title\" content=\"Ep\u00e9e l\u00e9gendaire Excalibur du roi Arthur | R\u00e9plique Manga Cin\u00e9\" \/>\n<meta property=\"og:description\" content=\"D\u00e9couvrez cette r\u00e9plique de Ep\u00e9e l\u00e9gendaire Excalibur sign\u00e9 Denix au meilleur prix. Lame en acier 440 - Fourreau en similicuir - Longueur totale : 111 cm\" \/>\n<meta property=\"og:url\" content=\"https:\/\/repliquemangacine.fr\/it\/spada-templare-medievale\/excalibur-re-arthur-spada-leggendaria\/\" \/>\n<meta property=\"og:site_name\" content=\"R\u00e9plique Manga Cin\u00e9\" \/>\n<meta property=\"article:publisher\" content=\"https:\/\/www.facebook.com\/RepliqueMangaCine\" \/>\n<meta property=\"article:modified_time\" content=\"2025-11-10T13:46:00+00:00\" \/>\n<meta property=\"og:image\" content=\"https:\/\/repliquemangacine.fr\/wp-content\/uploads\/2023\/10\/2269-Epee-legendaire-Excalibur-Roi-Arthur.jpg\" \/>\n\t<meta property=\"og:image:width\" content=\"600\" \/>\n\t<meta property=\"og:image:height\" content=\"600\" \/>\n\t<meta property=\"og:image:type\" content=\"image\/jpeg\" \/>\n<meta name=\"twitter:card\" content=\"summary_large_image\" \/>\n<meta name=\"twitter:label1\" content=\"Tempo di lettura stimato\" \/>\n\t<meta name=\"twitter:data1\" content=\"2 minuti\" \/>\n<script type=\"application\/ld+json\" class=\"yoast-schema-graph\">{\"@context\":\"https:\\\/\\\/schema.org\",\"@graph\":[{\"@type\":\"WebPage\",\"@id\":\"https:\\\/\\\/repliquemangacine.fr\\\/epee-templier-medievale\\\/epee-legendaire-excalibur-roi-arthur\\\/\",\"url\":\"https:\\\/\\\/repliquemangacine.fr\\\/epee-templier-medievale\\\/epee-legendaire-excalibur-roi-arthur\\\/\",\"name\":\"Ep\u00e9e l\u00e9gendaire Excalibur du roi Arthur | R\u00e9plique Manga Cin\u00e9\",\"isPartOf\":{\"@id\":\"https:\\\/\\\/repliquemangacine.fr\\\/#website\"},\"primaryImageOfPage\":{\"@id\":\"https:\\\/\\\/repliquemangacine.fr\\\/epee-templier-medievale\\\/epee-legendaire-excalibur-roi-arthur\\\/#primaryimage\"},\"image\":{\"@id\":\"https:\\\/\\\/repliquemangacine.fr\\\/epee-templier-medievale\\\/epee-legendaire-excalibur-roi-arthur\\\/#primaryimage\"},\"thumbnailUrl\":\"https:\\\/\\\/repliquemangacine.fr\\\/wp-content\\\/uploads\\\/2023\\\/10\\\/2269-Epee-legendaire-Excalibur-Roi-Arthur.jpg\",\"datePublished\":\"2017-08-13T17:11:40+00:00\",\"dateModified\":\"2025-11-10T13:46:00+00:00\",\"description\":\"D\u00e9couvrez cette r\u00e9plique de Ep\u00e9e l\u00e9gendaire Excalibur sign\u00e9 Denix au meilleur prix. Lame en acier 440 - Fourreau en similicuir - Longueur totale : 111 cm\",\"breadcrumb\":{\"@id\":\"https:\\\/\\\/repliquemangacine.fr\\\/epee-templier-medievale\\\/epee-legendaire-excalibur-roi-arthur\\\/#breadcrumb\"},\"inLanguage\":\"it-IT\",\"potentialAction\":[{\"@type\":\"ReadAction\",\"target\":[\"https:\\\/\\\/repliquemangacine.fr\\\/epee-templier-medievale\\\/epee-legendaire-excalibur-roi-arthur\\\/\"]}]},{\"@type\":\"ImageObject\",\"inLanguage\":\"it-IT\",\"@id\":\"https:\\\/\\\/repliquemangacine.fr\\\/epee-templier-medievale\\\/epee-legendaire-excalibur-roi-arthur\\\/#primaryimage\",\"url\":\"https:\\\/\\\/repliquemangacine.fr\\\/wp-content\\\/uploads\\\/2023\\\/10\\\/2269-Epee-legendaire-Excalibur-Roi-Arthur.jpg\",\"contentUrl\":\"https:\\\/\\\/repliquemangacine.fr\\\/wp-content\\\/uploads\\\/2023\\\/10\\\/2269-Epee-legendaire-Excalibur-Roi-Arthur.jpg\",\"width\":600,\"height\":600,\"caption\":\"Ep\u00e9e l\u00e9gendaire Excalibur - Roi Arthur\"},{\"@type\":\"BreadcrumbList\",\"@id\":\"https:\\\/\\\/repliquemangacine.fr\\\/epee-templier-medievale\\\/epee-legendaire-excalibur-roi-arthur\\\/#breadcrumb\",\"itemListElement\":[{\"@type\":\"ListItem\",\"position\":1,\"name\":\"Accueil\",\"item\":\"https:\\\/\\\/repliquemangacine.fr\\\/\"},{\"@type\":\"ListItem\",\"position\":2,\"name\":\"Produits\",\"item\":\"https:\\\/\\\/repliquemangacine.fr\\\/boutique\\\/\"},{\"@type\":\"ListItem\",\"position\":3,\"name\":\"Ep\u00e9e l\u00e9gendaire Excalibur &#8211; Roi Arthur\"}]},{\"@type\":\"WebSite\",\"@id\":\"https:\\\/\\\/repliquemangacine.fr\\\/#website\",\"url\":\"https:\\\/\\\/repliquemangacine.fr\\\/\",\"name\":\"R\u00e9plique Manga Cin\u00e9\",\"description\":\"\",\"publisher\":{\"@id\":\"https:\\\/\\\/repliquemangacine.fr\\\/#organization\"},\"potentialAction\":[{\"@type\":\"SearchAction\",\"target\":{\"@type\":\"EntryPoint\",\"urlTemplate\":\"https:\\\/\\\/repliquemangacine.fr\\\/?s={search_term_string}\"},\"query-input\":{\"@type\":\"PropertyValueSpecification\",\"valueRequired\":true,\"valueName\":\"search_term_string\"}}],\"inLanguage\":\"it-IT\"},{\"@type\":\"Organization\",\"@id\":\"https:\\\/\\\/repliquemangacine.fr\\\/#organization\",\"name\":\"R\u00e9plique Manga Cin\u00e9\",\"url\":\"https:\\\/\\\/repliquemangacine.fr\\\/\",\"logo\":{\"@type\":\"ImageObject\",\"inLanguage\":\"it-IT\",\"@id\":\"https:\\\/\\\/repliquemangacine.fr\\\/#\\\/schema\\\/logo\\\/image\\\/\",\"url\":\"https:\\\/\\\/repliquemangacine.fr\\\/wp-content\\\/uploads\\\/2023\\\/10\\\/RMC-500250.png\",\"contentUrl\":\"https:\\\/\\\/repliquemangacine.fr\\\/wp-content\\\/uploads\\\/2023\\\/10\\\/RMC-500250.png\",\"width\":500,\"height\":250,\"caption\":\"R\u00e9plique Manga Cin\u00e9\"},\"image\":{\"@id\":\"https:\\\/\\\/repliquemangacine.fr\\\/#\\\/schema\\\/logo\\\/image\\\/\"},\"sameAs\":[\"https:\\\/\\\/www.facebook.com\\\/RepliqueMangaCine\",\"https:\\\/\\\/www.instagram.com\\\/repliquemangacine.fr\\\/\"]}]}<\/script>\n<!-- \/ Yoast SEO plugin. -->","yoast_head_json":{"title":"La leggendaria spada di Re Art\u00f9 Excalibur | R\u00e9plique Manga Cin\u00e9","description":"Scoprite questa replica della leggendaria spada Excalibur di Denix al miglior prezzo. Lama in acciaio 440 - Fodero in similpelle - Lunghezza totale: 111 cm","robots":{"index":"index","follow":"follow","max-snippet":"max-snippet:-1","max-image-preview":"max-image-preview:large","max-video-preview":"max-video-preview:-1"},"canonical":"https:\/\/repliquemangacine.fr\/it\/spada-templare-medievale\/excalibur-re-arthur-spada-leggendaria\/","og_locale":"it_IT","og_type":"article","og_title":"Ep\u00e9e l\u00e9gendaire Excalibur du roi Arthur | R\u00e9plique Manga Cin\u00e9","og_description":"D\u00e9couvrez cette r\u00e9plique de Ep\u00e9e l\u00e9gendaire Excalibur sign\u00e9 Denix au meilleur prix. Lame en acier 440 - Fourreau en similicuir - Longueur totale : 111 cm","og_url":"https:\/\/repliquemangacine.fr\/it\/spada-templare-medievale\/excalibur-re-arthur-spada-leggendaria\/","og_site_name":"R\u00e9plique Manga Cin\u00e9","article_publisher":"https:\/\/www.facebook.com\/RepliqueMangaCine","article_modified_time":"2025-11-10T13:46:00+00:00","og_image":[{"width":600,"height":600,"url":"https:\/\/repliquemangacine.fr\/wp-content\/uploads\/2023\/10\/2269-Epee-legendaire-Excalibur-Roi-Arthur.jpg","type":"image\/jpeg"}],"twitter_card":"summary_large_image","twitter_misc":{"Tempo di lettura stimato":"2 minuti"},"schema":{"@context":"https:\/\/schema.org","@graph":[{"@type":"WebPage","@id":"https:\/\/repliquemangacine.fr\/epee-templier-medievale\/epee-legendaire-excalibur-roi-arthur\/","url":"https:\/\/repliquemangacine.fr\/epee-templier-medievale\/epee-legendaire-excalibur-roi-arthur\/","name":"La leggendaria spada di Re Art\u00f9 Excalibur | R\u00e9plique Manga Cin\u00e9","isPartOf":{"@id":"https:\/\/repliquemangacine.fr\/#website"},"primaryImageOfPage":{"@id":"https:\/\/repliquemangacine.fr\/epee-templier-medievale\/epee-legendaire-excalibur-roi-arthur\/#primaryimage"},"image":{"@id":"https:\/\/repliquemangacine.fr\/epee-templier-medievale\/epee-legendaire-excalibur-roi-arthur\/#primaryimage"},"thumbnailUrl":"https:\/\/repliquemangacine.fr\/wp-content\/uploads\/2023\/10\/2269-Epee-legendaire-Excalibur-Roi-Arthur.jpg","datePublished":"2017-08-13T17:11:40+00:00","dateModified":"2025-11-10T13:46:00+00:00","description":"Scoprite questa replica della leggendaria spada Excalibur di Denix al miglior prezzo. Lama in acciaio 440 - Fodero in similpelle - Lunghezza totale: 111 cm","breadcrumb":{"@id":"https:\/\/repliquemangacine.fr\/epee-templier-medievale\/epee-legendaire-excalibur-roi-arthur\/#breadcrumb"},"inLanguage":"it-IT","potentialAction":[{"@type":"ReadAction","target":["https:\/\/repliquemangacine.fr\/epee-templier-medievale\/epee-legendaire-excalibur-roi-arthur\/"]}]},{"@type":"ImageObject","inLanguage":"it-IT","@id":"https:\/\/repliquemangacine.fr\/epee-templier-medievale\/epee-legendaire-excalibur-roi-arthur\/#primaryimage","url":"https:\/\/repliquemangacine.fr\/wp-content\/uploads\/2023\/10\/2269-Epee-legendaire-Excalibur-Roi-Arthur.jpg","contentUrl":"https:\/\/repliquemangacine.fr\/wp-content\/uploads\/2023\/10\/2269-Epee-legendaire-Excalibur-Roi-Arthur.jpg","width":600,"height":600,"caption":"Ep\u00e9e l\u00e9gendaire Excalibur - Roi Arthur"},{"@type":"BreadcrumbList","@id":"https:\/\/repliquemangacine.fr\/epee-templier-medievale\/epee-legendaire-excalibur-roi-arthur\/#breadcrumb","itemListElement":[{"@type":"ListItem","position":1,"name":"Accueil","item":"https:\/\/repliquemangacine.fr\/"},{"@type":"ListItem","position":2,"name":"Produits","item":"https:\/\/repliquemangacine.fr\/boutique\/"},{"@type":"ListItem","position":3,"name":"Ep\u00e9e l\u00e9gendaire Excalibur &#8211; Roi Arthur"}]},{"@type":"WebSite","@id":"https:\/\/repliquemangacine.fr\/#website","url":"https:\/\/repliquemangacine.fr\/","name":"R\u00e9plique Manga Cin\u00e9","description":"","publisher":{"@id":"https:\/\/repliquemangacine.fr\/#organization"},"potentialAction":[{"@type":"SearchAction","target":{"@type":"EntryPoint","urlTemplate":"https:\/\/repliquemangacine.fr\/?s={search_term_string}"},"query-input":{"@type":"PropertyValueSpecification","valueRequired":true,"valueName":"search_term_string"}}],"inLanguage":"it-IT"},{"@type":"Organization","@id":"https:\/\/repliquemangacine.fr\/#organization","name":"R\u00e9plique Manga Cin\u00e9","url":"https:\/\/repliquemangacine.fr\/","logo":{"@type":"ImageObject","inLanguage":"it-IT","@id":"https:\/\/repliquemangacine.fr\/#\/schema\/logo\/image\/","url":"https:\/\/repliquemangacine.fr\/wp-content\/uploads\/2023\/10\/RMC-500250.png","contentUrl":"https:\/\/repliquemangacine.fr\/wp-content\/uploads\/2023\/10\/RMC-500250.png","width":500,"height":250,"caption":"R\u00e9plique Manga Cin\u00e9"},"image":{"@id":"https:\/\/repliquemangacine.fr\/#\/schema\/logo\/image\/"},"sameAs":["https:\/\/www.facebook.com\/RepliqueMangaCine","https:\/\/www.instagram.com\/repliquemangacine.fr\/"]}]}},"_links":{"self":[{"href":"https:\/\/repliquemangacine.fr\/it\/wp-json\/wp\/v2\/product\/27479","targetHints":{"allow":["GET"]}}],"collection":[{"href":"https:\/\/repliquemangacine.fr\/it\/wp-json\/wp\/v2\/product"}],"about":[{"href":"https:\/\/repliquemangacine.fr\/it\/wp-json\/wp\/v2\/types\/product"}],"wp:featuredmedia":[{"embeddable":true,"href":"https:\/\/repliquemangacine.fr\/it\/wp-json\/wp\/v2\/media\/27480"}],"wp:attachment":[{"href":"https:\/\/repliquemangacine.fr\/it\/wp-json\/wp\/v2\/media?parent=27479"}],"wp:term":[{"taxonomy":"product_brand","embeddable":true,"href":"https:\/\/repliquemangacine.fr\/it\/wp-json\/wp\/v2\/product_brand?post=27479"},{"taxonomy":"product_cat","embeddable":true,"href":"https:\/\/repliquemangacine.fr\/it\/wp-json\/wp\/v2\/product_cat?post=27479"},{"taxonomy":"product_tag","embeddable":true,"href":"https:\/\/repliquemangacine.fr\/it\/wp-json\/wp\/v2\/product_tag?post=27479"}],"curies":[{"name":"wp","href":"https:\/\/api.w.org\/{rel}","templated":true}]}}