





{"id":27436,"date":"2017-07-22T18:20:47","date_gmt":"2017-07-22T16:20:47","guid":{"rendered":"https:\/\/repliquemangacine.fr\/?post_type=product&#038;p=27436"},"modified":"2025-11-14T20:00:02","modified_gmt":"2025-11-14T19:00:02","slug":"pugnale-donore-delle-ss-schutzstaffel-pugnale-storico-tedesco","status":"publish","type":"product","link":"https:\/\/repliquemangacine.fr\/it\/dagues-et-accessoires-seconde-guerre-mondiale-materiels-militaria\/dague-dhonneur-ss-schutzstaffel-dague-historique-allemande\/","title":{"rendered":"Pugnale d'onore delle SS Schutzstaffel"},"content":{"rendered":"<h2>Pugnale d'onore delle SS Schutzstaffel<\/h2>\n<p>Per cominciare, il <strong>Pugnale d'onore delle SS Schutzstaffel<\/strong>, Di solito venivano indossati con l'uniforme nera delle SS. Nel novembre 1935, Himmler eman\u00f2 un decreto che stabiliva che \u00abogni SS ha il diritto e il dovere di difendere il proprio onore con l'arma\u00bb.<\/p>\n<p>Quando i nazisti salirono al potere nel 1933, gli industriali di Solingen pensarono che se fossero riusciti a convincere il partito che portare spade e pugnali avrebbe innalzato lo status dei suoi membri, avrebbero creato un nuovo enorme mercato per loro stessi. Avrebbero anche creato un nuovo enorme mercato per loro stessi.<\/p>\n<p>Alla fine, ricevette in dono un coltellino di carta, che accett\u00f2 e diede la sua approvazione al progetto.<\/p>\n<h2>Il vostro Pugnale d'onore delle SS Schutzstaffel al miglior prezzo.<\/h2>\n<p>Offriamo un'ampia gamma di riproduzioni di armi storiche.<\/p>\n<p>Innanzitutto,<\/p>\n<ul>\n<li>La riproduzione dell'imponente <a href=\"https:\/\/repliquemangacine.fr\/it\/guerra-mondiale\/replica-della-mitragliatrice-mg34-con-treppiedi-denix\/\">Mitragliatrice MG 34<\/a>.<\/li>\n<li>Oltre alla pistola <a href=\"https:\/\/repliquemangacine.fr\/it\/riproduzioni-darmes\/parabellum-luger-p08-calcio-in-legno\/\">Luger Parrabellum<\/a> prodotto da <a href=\"https:\/\/www.denix.fr\/fr\/accueil-fr\/\" target=\"_blank\" rel=\"noopener noreferrer\">Denix<\/a>.<\/li>\n<li>E c'\u00e8 molto altro da scoprire!<\/li>\n<\/ul>\n<p>Ecco perch\u00e9 abbiamo pensato ad alcune idee regalo per gli amanti della storia.<\/p>\n<p>In conclusione, \u00e8 possibile utilizzare questo <strong>Pugnale d'onore delle SS Schutzstaffel<\/strong> per le vostre rievocazioni storiche. Soprattutto, \u00e8 un oggetto da collezione e un pezzo decorativo.<\/p>\n<p><strong>Va sottolineato che questi prodotti non devono glorificare alcuna ideologia, partito o tendenza. Condanniamo energicamente e profondamente qualsiasi apologia del 3\u1d49 Reich e della sua ideologia razziale e odiosa.<\/strong><\/p>\n<h2>Come faccio a mantenere la lama del mio pugnale?<\/h2>\n<p>I pugnali da collezione e decorativi sono realizzati e assemblati in modo semplificato. Essendo destinati a scopi decorativi, non dispongono degli elementi di sicurezza necessari per una spada giapponese destinata all'allenamento.<\/p>\n<p>Tuttavia, il vostro <strong>Pugnale d'onore delle SS Schutzstaffel<\/strong> a una lama d'acciaio che deve essere mantenuta per evitare che si danneggi nel tempo. Quando esponete il vostro pugnale, i vostri amici saranno curiosi di vedere la lama e di toccarla. \u00c8 qui che bisogna fare attenzione, perch\u00e9 l'acidit\u00e0 delle dita \u00e8 molto dannosa per l'acciaio, qualunque sia la sua qualit\u00e0.<\/p>\n<p>Tuttavia, se ci\u00f2 accade, non bisogna farsi prendere dal panico: basta usare un panno inumidito con un po' d'olio e cancellare le impronte digitali. In questo modo, il pugnale durer\u00e0 a lungo.<\/p>","protected":false},"excerpt":{"rendered":"<p>Pugnale delle SS Schutzstaffel, assegnato solo agli ufficiali e ai sottufficiali delle SS.<\/p>\n<ul>\n<li>Lama in acciaio serigrafato.<\/li>\n<li>Elsa e pomo in metallo.<\/li>\n<li>Manico in ABS nero con aquila NSDAP argentata.<\/li>\n<li>Fodero in ABS nero con finiture in argento, dotato di catena.<\/li>\n<li>Lunghezza lama: 22 cm - Lunghezza totale: 39,5 cm<\/li>\n<\/ul>","protected":false},"featured_media":27437,"template":"","meta":[],"product_brand":[896],"product_cat":[25,54,85],"product_tag":[],"class_list":{"0":"post-27436","1":"product","2":"type-product","3":"status-publish","4":"has-post-thumbnail","6":"product_brand-replique-manga-cine","7":"product_cat-armes-historiques","8":"product_cat-armes-accessoires-guerre-mondiale","9":"product_cat-dagues-et-accessoires-seconde-guerre-mondiale-materiels-militaria","11":"first","12":"outofstock","13":"taxable","14":"shipping-taxable","15":"purchasable","16":"product-type-simple"},"yoast_head":"<!-- This site is optimized with the Yoast SEO plugin v27.4 - https:\/\/yoast.com\/product\/yoast-seo-wordpress\/ -->\n<title>Dague d&#039;honneur SS Schutzstaffel - Vente Dague historique - RMC<\/title>\n<meta name=\"description\" content=\"Offrez-vous la Dague d&#039;honneur SS Schutzstaffel de 1933 au meilleur prix - Lame acier avec inscription - Fourreau avec chainette - Longueur totale : 39.5 cm\" \/>\n<meta name=\"robots\" content=\"index, follow, max-snippet:-1, max-image-preview:large, max-video-preview:-1\" \/>\n<link rel=\"canonical\" href=\"https:\/\/repliquemangacine.fr\/it\/pugnali-e-accessori-materiale-militare-della-seconda-guerra-mondiale\/pugnale-donore-delle-ss-schutzstaffel-pugnale-storico-tedesco\/\" \/>\n<meta property=\"og:locale\" content=\"it_IT\" \/>\n<meta property=\"og:type\" content=\"article\" \/>\n<meta property=\"og:title\" content=\"Dague d&#039;honneur SS Schutzstaffel - Vente Dague historique - RMC\" \/>\n<meta property=\"og:description\" content=\"Offrez-vous la Dague d&#039;honneur SS Schutzstaffel de 1933 au meilleur prix - Lame acier avec inscription - Fourreau avec chainette - Longueur totale : 39.5 cm\" \/>\n<meta property=\"og:url\" content=\"https:\/\/repliquemangacine.fr\/it\/pugnali-e-accessori-materiale-militare-della-seconda-guerra-mondiale\/pugnale-donore-delle-ss-schutzstaffel-pugnale-storico-tedesco\/\" \/>\n<meta property=\"og:site_name\" content=\"R\u00e9plique Manga Cin\u00e9\" \/>\n<meta property=\"article:publisher\" content=\"https:\/\/www.facebook.com\/RepliqueMangaCine\" \/>\n<meta property=\"article:modified_time\" content=\"2025-11-14T19:00:02+00:00\" \/>\n<meta property=\"og:image\" content=\"https:\/\/repliquemangacine.fr\/wp-content\/uploads\/2023\/10\/2229-Dague-de-ceremonie-Allemande-Dague-dhonneur-SS.jpg\" \/>\n\t<meta property=\"og:image:width\" content=\"600\" \/>\n\t<meta property=\"og:image:height\" content=\"600\" \/>\n\t<meta property=\"og:image:type\" content=\"image\/jpeg\" \/>\n<meta name=\"twitter:card\" content=\"summary_large_image\" \/>\n<meta name=\"twitter:label1\" content=\"Tempo di lettura stimato\" \/>\n\t<meta name=\"twitter:data1\" content=\"2 minuti\" \/>\n<script type=\"application\/ld+json\" class=\"yoast-schema-graph\">{\"@context\":\"https:\\\/\\\/schema.org\",\"@graph\":[{\"@type\":\"WebPage\",\"@id\":\"https:\\\/\\\/repliquemangacine.fr\\\/dagues-et-accessoires-seconde-guerre-mondiale-materiels-militaria\\\/dague-dhonneur-ss-schutzstaffel-dague-historique-allemande\\\/\",\"url\":\"https:\\\/\\\/repliquemangacine.fr\\\/dagues-et-accessoires-seconde-guerre-mondiale-materiels-militaria\\\/dague-dhonneur-ss-schutzstaffel-dague-historique-allemande\\\/\",\"name\":\"Dague d'honneur SS Schutzstaffel - Vente Dague historique - RMC\",\"isPartOf\":{\"@id\":\"https:\\\/\\\/repliquemangacine.fr\\\/#website\"},\"primaryImageOfPage\":{\"@id\":\"https:\\\/\\\/repliquemangacine.fr\\\/dagues-et-accessoires-seconde-guerre-mondiale-materiels-militaria\\\/dague-dhonneur-ss-schutzstaffel-dague-historique-allemande\\\/#primaryimage\"},\"image\":{\"@id\":\"https:\\\/\\\/repliquemangacine.fr\\\/dagues-et-accessoires-seconde-guerre-mondiale-materiels-militaria\\\/dague-dhonneur-ss-schutzstaffel-dague-historique-allemande\\\/#primaryimage\"},\"thumbnailUrl\":\"https:\\\/\\\/repliquemangacine.fr\\\/wp-content\\\/uploads\\\/2023\\\/10\\\/2229-Dague-de-ceremonie-Allemande-Dague-dhonneur-SS.jpg\",\"datePublished\":\"2017-07-22T16:20:47+00:00\",\"dateModified\":\"2025-11-14T19:00:02+00:00\",\"description\":\"Offrez-vous la Dague d'honneur SS Schutzstaffel de 1933 au meilleur prix - Lame acier avec inscription - Fourreau avec chainette - Longueur totale : 39.5 cm\",\"breadcrumb\":{\"@id\":\"https:\\\/\\\/repliquemangacine.fr\\\/dagues-et-accessoires-seconde-guerre-mondiale-materiels-militaria\\\/dague-dhonneur-ss-schutzstaffel-dague-historique-allemande\\\/#breadcrumb\"},\"inLanguage\":\"it-IT\",\"potentialAction\":[{\"@type\":\"ReadAction\",\"target\":[\"https:\\\/\\\/repliquemangacine.fr\\\/dagues-et-accessoires-seconde-guerre-mondiale-materiels-militaria\\\/dague-dhonneur-ss-schutzstaffel-dague-historique-allemande\\\/\"]}]},{\"@type\":\"ImageObject\",\"inLanguage\":\"it-IT\",\"@id\":\"https:\\\/\\\/repliquemangacine.fr\\\/dagues-et-accessoires-seconde-guerre-mondiale-materiels-militaria\\\/dague-dhonneur-ss-schutzstaffel-dague-historique-allemande\\\/#primaryimage\",\"url\":\"https:\\\/\\\/repliquemangacine.fr\\\/wp-content\\\/uploads\\\/2023\\\/10\\\/2229-Dague-de-ceremonie-Allemande-Dague-dhonneur-SS.jpg\",\"contentUrl\":\"https:\\\/\\\/repliquemangacine.fr\\\/wp-content\\\/uploads\\\/2023\\\/10\\\/2229-Dague-de-ceremonie-Allemande-Dague-dhonneur-SS.jpg\",\"width\":600,\"height\":600,\"caption\":\"Dague d'honneur SS Schutzstaffel\"},{\"@type\":\"BreadcrumbList\",\"@id\":\"https:\\\/\\\/repliquemangacine.fr\\\/dagues-et-accessoires-seconde-guerre-mondiale-materiels-militaria\\\/dague-dhonneur-ss-schutzstaffel-dague-historique-allemande\\\/#breadcrumb\",\"itemListElement\":[{\"@type\":\"ListItem\",\"position\":1,\"name\":\"Accueil\",\"item\":\"https:\\\/\\\/repliquemangacine.fr\\\/\"},{\"@type\":\"ListItem\",\"position\":2,\"name\":\"Produits\",\"item\":\"https:\\\/\\\/repliquemangacine.fr\\\/boutique\\\/\"},{\"@type\":\"ListItem\",\"position\":3,\"name\":\"Dague d&#8217;honneur SS Schutzstaffel\"}]},{\"@type\":\"WebSite\",\"@id\":\"https:\\\/\\\/repliquemangacine.fr\\\/#website\",\"url\":\"https:\\\/\\\/repliquemangacine.fr\\\/\",\"name\":\"R\u00e9plique Manga Cin\u00e9\",\"description\":\"\",\"publisher\":{\"@id\":\"https:\\\/\\\/repliquemangacine.fr\\\/#organization\"},\"potentialAction\":[{\"@type\":\"SearchAction\",\"target\":{\"@type\":\"EntryPoint\",\"urlTemplate\":\"https:\\\/\\\/repliquemangacine.fr\\\/?s={search_term_string}\"},\"query-input\":{\"@type\":\"PropertyValueSpecification\",\"valueRequired\":true,\"valueName\":\"search_term_string\"}}],\"inLanguage\":\"it-IT\"},{\"@type\":\"Organization\",\"@id\":\"https:\\\/\\\/repliquemangacine.fr\\\/#organization\",\"name\":\"R\u00e9plique Manga Cin\u00e9\",\"url\":\"https:\\\/\\\/repliquemangacine.fr\\\/\",\"logo\":{\"@type\":\"ImageObject\",\"inLanguage\":\"it-IT\",\"@id\":\"https:\\\/\\\/repliquemangacine.fr\\\/#\\\/schema\\\/logo\\\/image\\\/\",\"url\":\"https:\\\/\\\/repliquemangacine.fr\\\/wp-content\\\/uploads\\\/2023\\\/10\\\/RMC-500250.png\",\"contentUrl\":\"https:\\\/\\\/repliquemangacine.fr\\\/wp-content\\\/uploads\\\/2023\\\/10\\\/RMC-500250.png\",\"width\":500,\"height\":250,\"caption\":\"R\u00e9plique Manga Cin\u00e9\"},\"image\":{\"@id\":\"https:\\\/\\\/repliquemangacine.fr\\\/#\\\/schema\\\/logo\\\/image\\\/\"},\"sameAs\":[\"https:\\\/\\\/www.facebook.com\\\/RepliqueMangaCine\",\"https:\\\/\\\/www.instagram.com\\\/repliquemangacine.fr\\\/\"]}]}<\/script>\n<!-- \/ Yoast SEO plugin. -->","yoast_head_json":{"title":"Pugnale d'onore delle SS Schutzstaffel - Vendita pugnali storici - RMC","description":"Regalatevi il pugnale d'onore delle SS Schutzstaffel del 1933 al miglior prezzo - Lama in acciaio con iscrizione - Fodero con catena - Lunghezza totale: 39,5 cm","robots":{"index":"index","follow":"follow","max-snippet":"max-snippet:-1","max-image-preview":"max-image-preview:large","max-video-preview":"max-video-preview:-1"},"canonical":"https:\/\/repliquemangacine.fr\/it\/pugnali-e-accessori-materiale-militare-della-seconda-guerra-mondiale\/pugnale-donore-delle-ss-schutzstaffel-pugnale-storico-tedesco\/","og_locale":"it_IT","og_type":"article","og_title":"Dague d'honneur SS Schutzstaffel - Vente Dague historique - RMC","og_description":"Offrez-vous la Dague d'honneur SS Schutzstaffel de 1933 au meilleur prix - Lame acier avec inscription - Fourreau avec chainette - Longueur totale : 39.5 cm","og_url":"https:\/\/repliquemangacine.fr\/it\/pugnali-e-accessori-materiale-militare-della-seconda-guerra-mondiale\/pugnale-donore-delle-ss-schutzstaffel-pugnale-storico-tedesco\/","og_site_name":"R\u00e9plique Manga Cin\u00e9","article_publisher":"https:\/\/www.facebook.com\/RepliqueMangaCine","article_modified_time":"2025-11-14T19:00:02+00:00","og_image":[{"width":600,"height":600,"url":"https:\/\/repliquemangacine.fr\/wp-content\/uploads\/2023\/10\/2229-Dague-de-ceremonie-Allemande-Dague-dhonneur-SS.jpg","type":"image\/jpeg"}],"twitter_card":"summary_large_image","twitter_misc":{"Tempo di lettura stimato":"2 minuti"},"schema":{"@context":"https:\/\/schema.org","@graph":[{"@type":"WebPage","@id":"https:\/\/repliquemangacine.fr\/dagues-et-accessoires-seconde-guerre-mondiale-materiels-militaria\/dague-dhonneur-ss-schutzstaffel-dague-historique-allemande\/","url":"https:\/\/repliquemangacine.fr\/dagues-et-accessoires-seconde-guerre-mondiale-materiels-militaria\/dague-dhonneur-ss-schutzstaffel-dague-historique-allemande\/","name":"Pugnale d'onore delle SS Schutzstaffel - Vendita pugnali storici - RMC","isPartOf":{"@id":"https:\/\/repliquemangacine.fr\/#website"},"primaryImageOfPage":{"@id":"https:\/\/repliquemangacine.fr\/dagues-et-accessoires-seconde-guerre-mondiale-materiels-militaria\/dague-dhonneur-ss-schutzstaffel-dague-historique-allemande\/#primaryimage"},"image":{"@id":"https:\/\/repliquemangacine.fr\/dagues-et-accessoires-seconde-guerre-mondiale-materiels-militaria\/dague-dhonneur-ss-schutzstaffel-dague-historique-allemande\/#primaryimage"},"thumbnailUrl":"https:\/\/repliquemangacine.fr\/wp-content\/uploads\/2023\/10\/2229-Dague-de-ceremonie-Allemande-Dague-dhonneur-SS.jpg","datePublished":"2017-07-22T16:20:47+00:00","dateModified":"2025-11-14T19:00:02+00:00","description":"Regalatevi il pugnale d'onore delle SS Schutzstaffel del 1933 al miglior prezzo - Lama in acciaio con iscrizione - Fodero con catena - Lunghezza totale: 39,5 cm","breadcrumb":{"@id":"https:\/\/repliquemangacine.fr\/dagues-et-accessoires-seconde-guerre-mondiale-materiels-militaria\/dague-dhonneur-ss-schutzstaffel-dague-historique-allemande\/#breadcrumb"},"inLanguage":"it-IT","potentialAction":[{"@type":"ReadAction","target":["https:\/\/repliquemangacine.fr\/dagues-et-accessoires-seconde-guerre-mondiale-materiels-militaria\/dague-dhonneur-ss-schutzstaffel-dague-historique-allemande\/"]}]},{"@type":"ImageObject","inLanguage":"it-IT","@id":"https:\/\/repliquemangacine.fr\/dagues-et-accessoires-seconde-guerre-mondiale-materiels-militaria\/dague-dhonneur-ss-schutzstaffel-dague-historique-allemande\/#primaryimage","url":"https:\/\/repliquemangacine.fr\/wp-content\/uploads\/2023\/10\/2229-Dague-de-ceremonie-Allemande-Dague-dhonneur-SS.jpg","contentUrl":"https:\/\/repliquemangacine.fr\/wp-content\/uploads\/2023\/10\/2229-Dague-de-ceremonie-Allemande-Dague-dhonneur-SS.jpg","width":600,"height":600,"caption":"Dague d'honneur SS Schutzstaffel"},{"@type":"BreadcrumbList","@id":"https:\/\/repliquemangacine.fr\/dagues-et-accessoires-seconde-guerre-mondiale-materiels-militaria\/dague-dhonneur-ss-schutzstaffel-dague-historique-allemande\/#breadcrumb","itemListElement":[{"@type":"ListItem","position":1,"name":"Accueil","item":"https:\/\/repliquemangacine.fr\/"},{"@type":"ListItem","position":2,"name":"Produits","item":"https:\/\/repliquemangacine.fr\/boutique\/"},{"@type":"ListItem","position":3,"name":"Dague d&#8217;honneur SS Schutzstaffel"}]},{"@type":"WebSite","@id":"https:\/\/repliquemangacine.fr\/#website","url":"https:\/\/repliquemangacine.fr\/","name":"R\u00e9plique Manga Cin\u00e9","description":"","publisher":{"@id":"https:\/\/repliquemangacine.fr\/#organization"},"potentialAction":[{"@type":"SearchAction","target":{"@type":"EntryPoint","urlTemplate":"https:\/\/repliquemangacine.fr\/?s={search_term_string}"},"query-input":{"@type":"PropertyValueSpecification","valueRequired":true,"valueName":"search_term_string"}}],"inLanguage":"it-IT"},{"@type":"Organization","@id":"https:\/\/repliquemangacine.fr\/#organization","name":"R\u00e9plique Manga Cin\u00e9","url":"https:\/\/repliquemangacine.fr\/","logo":{"@type":"ImageObject","inLanguage":"it-IT","@id":"https:\/\/repliquemangacine.fr\/#\/schema\/logo\/image\/","url":"https:\/\/repliquemangacine.fr\/wp-content\/uploads\/2023\/10\/RMC-500250.png","contentUrl":"https:\/\/repliquemangacine.fr\/wp-content\/uploads\/2023\/10\/RMC-500250.png","width":500,"height":250,"caption":"R\u00e9plique Manga Cin\u00e9"},"image":{"@id":"https:\/\/repliquemangacine.fr\/#\/schema\/logo\/image\/"},"sameAs":["https:\/\/www.facebook.com\/RepliqueMangaCine","https:\/\/www.instagram.com\/repliquemangacine.fr\/"]}]}},"_links":{"self":[{"href":"https:\/\/repliquemangacine.fr\/it\/wp-json\/wp\/v2\/product\/27436","targetHints":{"allow":["GET"]}}],"collection":[{"href":"https:\/\/repliquemangacine.fr\/it\/wp-json\/wp\/v2\/product"}],"about":[{"href":"https:\/\/repliquemangacine.fr\/it\/wp-json\/wp\/v2\/types\/product"}],"wp:featuredmedia":[{"embeddable":true,"href":"https:\/\/repliquemangacine.fr\/it\/wp-json\/wp\/v2\/media\/27437"}],"wp:attachment":[{"href":"https:\/\/repliquemangacine.fr\/it\/wp-json\/wp\/v2\/media?parent=27436"}],"wp:term":[{"taxonomy":"product_brand","embeddable":true,"href":"https:\/\/repliquemangacine.fr\/it\/wp-json\/wp\/v2\/product_brand?post=27436"},{"taxonomy":"product_cat","embeddable":true,"href":"https:\/\/repliquemangacine.fr\/it\/wp-json\/wp\/v2\/product_cat?post=27436"},{"taxonomy":"product_tag","embeddable":true,"href":"https:\/\/repliquemangacine.fr\/it\/wp-json\/wp\/v2\/product_tag?post=27436"}],"curies":[{"name":"wp","href":"https:\/\/api.w.org\/{rel}","templated":true}]}}