





{"id":27430,"date":"2017-07-22T15:05:20","date_gmt":"2017-07-22T13:05:20","guid":{"rendered":"https:\/\/repliquemangacine.fr\/?post_type=product&#038;p=27430"},"modified":"2026-03-20T17:56:21","modified_gmt":"2026-03-20T16:56:21","slug":"borsellino-da-pirata-con-monete","status":"publish","type":"product","link":"https:\/\/repliquemangacine.fr\/it\/sabre-dabordage-de-pirate\/bourse-de-pirate-avec-monnaie\/","title":{"rendered":"Borsellino da pirata con spiccioli"},"content":{"rendered":"<h2>Replica della borsa del pirata.<\/h2>\n<p>La borsa dei pirati \u00e8 un accessorio essenziale per il vostro travestimento.<\/p>\n<p>I pirati che affliggevano il Mar dei Caraibi venivano talvolta erroneamente chiamati bucanieri. I pirati si distinguono dai corsari, che sono civili che fanno la guerra in mare con l'autorizzazione del loro governo, secondo le leggi di guerra, con uno status equivalente a quello dei militari.<\/p>\n<p>Contrariamente all'immagine diffusa dalle fiction cinematografiche, a causa del loro stesso stile di vita, pochi pirati si saziarono o si arricchirono; la maggior parte mor\u00ec giovane in battaglia.<\/p>\n<p>La pratica della pirateria era essenzialmente maschile, ma esistevano anche pirati donna. Nomi famosi come Mary Read e Anne Bonny sono noti per aver navigato con il pirata Jack Rackham.<\/p>\n<h3>Offriamo un'ampia gamma di repliche del periodo della Pirateria<\/h3>\n<p>Innanzitutto,<\/p>\n<ul>\n<li>La riproduzione di <a href=\"https:\/\/repliquemangacine.fr\/it\/assassins-creed\/pistola-con-ascia-da-pirata-del-xviii-secolo\/\">Pistola con ascia dei pirati<\/a>. L'ascia da fuoco torna in Assassin's Creed Unity: Dead Kings<\/li>\n<li>C'\u00e8 anche il<a href=\"https:\/\/repliquemangacine.fr\/it\/armi-pirata\/spada-darrembaggio-pirata-sciabola-pentola-cucchiaio\/\"> cucchiaio per pentole a sciabola<\/a> del XVI secolo. Questa spada da abbordaggio era utilizzata dalla marina francese.<\/li>\n<li>Cos\u00ec come il <a href=\"https:\/\/repliquemangacine.fr\/it\/armi-pirata\/sciabola-pirata-sciabola-bucaniera\/\">Spada da abbordaggio Flibustier<\/a> \u00e8 un'arma a lama utilizzata in marina.<\/li>\n<li>E molti altri ancora.<\/li>\n<\/ul>\n<p>Ecco perch\u00e9 questa \u00e8 un'ottima idea regalo per tutti i fan dei pirati.<\/p>\n<h3>Potete utilizzare la borsa dei pirati per le vostre sfilate Cosplay o serate a tema.<\/h3>\n<p>Soprattutto, questa spada \u00e8 un oggetto da collezione e un pezzo decorativo.<\/p>\n<p>R\u00e9plique Manga Cin\u00e9 \u00e8 un'azienda familiare francese, distributore ufficiale del marchio <a href=\"https:\/\/www.denix.fr\/fr\/catalogue\/colonial-et-pirate-1492-s-xviii\/maroquinerie\/715\/\">Denix<\/a>.<\/p>\n<p>Si prega di notare che tutte le nostre repliche sono oggetti da collezione e decorazioni. Possono essere utilizzate per rievocazioni storiche, sfilate di cosplay o decorazioni di interni. Di conseguenza, non \u00e8 possibile andare in luoghi pubblici con queste repliche.<\/p>","protected":false},"excerpt":{"rendered":"<p>Avresti dovuto pensarci! Denix ci sorprende ancora con questa piccola borsa da pirata<\/p>\n<ul>\n<li>Interamente in pelle con logo pirata.<\/li>\n<li>Lo troverete all'interno:<\/li>\n<li>- 2 monete di escudo (duplicate) - 2 monete di escudo coniate a Siviglia - 2 monete d'argento da 8 - 2 monete di escudo da 100<\/li>\n<li>Questo mercato sar\u00e0 essenziale per i vostri costumi e cosplay.<\/li>\n<\/ul>","protected":false},"featured_media":27431,"template":"","meta":[],"product_brand":[896],"product_cat":[49,25,115],"product_tag":[],"class_list":{"0":"post-27430","1":"product","2":"type-product","3":"status-publish","4":"has-post-thumbnail","6":"product_brand-replique-manga-cine","7":"product_cat-armes-de-pirates","8":"product_cat-armes-historiques","9":"product_cat-sabre-dabordage-de-pirate","11":"first","12":"instock","13":"taxable","14":"shipping-taxable","15":"purchasable","16":"product-type-simple"},"yoast_head":"<!-- This site is optimized with the Yoast SEO plugin v27.4 - https:\/\/yoast.com\/product\/yoast-seo-wordpress\/ -->\n<title>Bourse de pirate avec pi\u00e8ce - Accessoire d\u00e9guisement pirate -RMC<\/title>\n<meta name=\"description\" content=\"Denix nous propose cette Bourse de pirate en cuir avec 8 pi\u00e8ces escudos \u00e0 l&#039;int\u00e9rieur. C&#039;est l&#039;accessoire indispensable pour votre d\u00e9guisements.\" \/>\n<meta name=\"robots\" content=\"index, follow, max-snippet:-1, max-image-preview:large, max-video-preview:-1\" \/>\n<link rel=\"canonical\" href=\"https:\/\/repliquemangacine.fr\/it\/spada-pirata\/borsellino-da-pirata-con-monete\/\" \/>\n<meta property=\"og:locale\" content=\"it_IT\" \/>\n<meta property=\"og:type\" content=\"article\" \/>\n<meta property=\"og:title\" content=\"Bourse de pirate avec pi\u00e8ce - Accessoire d\u00e9guisement pirate -RMC\" \/>\n<meta property=\"og:description\" content=\"Denix nous propose cette Bourse de pirate en cuir avec 8 pi\u00e8ces escudos \u00e0 l&#039;int\u00e9rieur. C&#039;est l&#039;accessoire indispensable pour votre d\u00e9guisements.\" \/>\n<meta property=\"og:url\" content=\"https:\/\/repliquemangacine.fr\/it\/spada-pirata\/borsellino-da-pirata-con-monete\/\" \/>\n<meta property=\"og:site_name\" content=\"R\u00e9plique Manga Cin\u00e9\" \/>\n<meta property=\"article:publisher\" content=\"https:\/\/www.facebook.com\/RepliqueMangaCine\" \/>\n<meta property=\"article:modified_time\" content=\"2026-03-20T16:56:21+00:00\" \/>\n<meta property=\"og:image\" content=\"https:\/\/repliquemangacine.fr\/wp-content\/uploads\/2023\/10\/2225-Bourse-de-pirates-avec-monnaie.jpg\" \/>\n\t<meta property=\"og:image:width\" content=\"600\" \/>\n\t<meta property=\"og:image:height\" content=\"600\" \/>\n\t<meta property=\"og:image:type\" content=\"image\/jpeg\" \/>\n<meta name=\"twitter:card\" content=\"summary_large_image\" \/>\n<meta name=\"twitter:label1\" content=\"Tempo di lettura stimato\" \/>\n\t<meta name=\"twitter:data1\" content=\"2 minuti\" \/>\n<script type=\"application\/ld+json\" class=\"yoast-schema-graph\">{\"@context\":\"https:\\\/\\\/schema.org\",\"@graph\":[{\"@type\":\"WebPage\",\"@id\":\"https:\\\/\\\/repliquemangacine.fr\\\/sabre-dabordage-de-pirate\\\/bourse-de-pirate-avec-monnaie\\\/\",\"url\":\"https:\\\/\\\/repliquemangacine.fr\\\/sabre-dabordage-de-pirate\\\/bourse-de-pirate-avec-monnaie\\\/\",\"name\":\"Bourse de pirate avec pi\u00e8ce - Accessoire d\u00e9guisement pirate -RMC\",\"isPartOf\":{\"@id\":\"https:\\\/\\\/repliquemangacine.fr\\\/#website\"},\"primaryImageOfPage\":{\"@id\":\"https:\\\/\\\/repliquemangacine.fr\\\/sabre-dabordage-de-pirate\\\/bourse-de-pirate-avec-monnaie\\\/#primaryimage\"},\"image\":{\"@id\":\"https:\\\/\\\/repliquemangacine.fr\\\/sabre-dabordage-de-pirate\\\/bourse-de-pirate-avec-monnaie\\\/#primaryimage\"},\"thumbnailUrl\":\"https:\\\/\\\/repliquemangacine.fr\\\/wp-content\\\/uploads\\\/2023\\\/10\\\/2225-Bourse-de-pirates-avec-monnaie.jpg\",\"datePublished\":\"2017-07-22T13:05:20+00:00\",\"dateModified\":\"2026-03-20T16:56:21+00:00\",\"description\":\"Denix nous propose cette Bourse de pirate en cuir avec 8 pi\u00e8ces escudos \u00e0 l'int\u00e9rieur. C'est l'accessoire indispensable pour votre d\u00e9guisements.\",\"breadcrumb\":{\"@id\":\"https:\\\/\\\/repliquemangacine.fr\\\/sabre-dabordage-de-pirate\\\/bourse-de-pirate-avec-monnaie\\\/#breadcrumb\"},\"inLanguage\":\"it-IT\",\"potentialAction\":[{\"@type\":\"ReadAction\",\"target\":[\"https:\\\/\\\/repliquemangacine.fr\\\/sabre-dabordage-de-pirate\\\/bourse-de-pirate-avec-monnaie\\\/\"]}]},{\"@type\":\"ImageObject\",\"inLanguage\":\"it-IT\",\"@id\":\"https:\\\/\\\/repliquemangacine.fr\\\/sabre-dabordage-de-pirate\\\/bourse-de-pirate-avec-monnaie\\\/#primaryimage\",\"url\":\"https:\\\/\\\/repliquemangacine.fr\\\/wp-content\\\/uploads\\\/2023\\\/10\\\/2225-Bourse-de-pirates-avec-monnaie.jpg\",\"contentUrl\":\"https:\\\/\\\/repliquemangacine.fr\\\/wp-content\\\/uploads\\\/2023\\\/10\\\/2225-Bourse-de-pirates-avec-monnaie.jpg\",\"width\":600,\"height\":600,\"caption\":\"Bourse de pirates avec monnaie\"},{\"@type\":\"BreadcrumbList\",\"@id\":\"https:\\\/\\\/repliquemangacine.fr\\\/sabre-dabordage-de-pirate\\\/bourse-de-pirate-avec-monnaie\\\/#breadcrumb\",\"itemListElement\":[{\"@type\":\"ListItem\",\"position\":1,\"name\":\"Accueil\",\"item\":\"https:\\\/\\\/repliquemangacine.fr\\\/\"},{\"@type\":\"ListItem\",\"position\":2,\"name\":\"Produits\",\"item\":\"https:\\\/\\\/repliquemangacine.fr\\\/boutique\\\/\"},{\"@type\":\"ListItem\",\"position\":3,\"name\":\"Bourse de pirates avec monnaie\"}]},{\"@type\":\"WebSite\",\"@id\":\"https:\\\/\\\/repliquemangacine.fr\\\/#website\",\"url\":\"https:\\\/\\\/repliquemangacine.fr\\\/\",\"name\":\"R\u00e9plique Manga Cin\u00e9\",\"description\":\"\",\"publisher\":{\"@id\":\"https:\\\/\\\/repliquemangacine.fr\\\/#organization\"},\"potentialAction\":[{\"@type\":\"SearchAction\",\"target\":{\"@type\":\"EntryPoint\",\"urlTemplate\":\"https:\\\/\\\/repliquemangacine.fr\\\/?s={search_term_string}\"},\"query-input\":{\"@type\":\"PropertyValueSpecification\",\"valueRequired\":true,\"valueName\":\"search_term_string\"}}],\"inLanguage\":\"it-IT\"},{\"@type\":\"Organization\",\"@id\":\"https:\\\/\\\/repliquemangacine.fr\\\/#organization\",\"name\":\"R\u00e9plique Manga Cin\u00e9\",\"url\":\"https:\\\/\\\/repliquemangacine.fr\\\/\",\"logo\":{\"@type\":\"ImageObject\",\"inLanguage\":\"it-IT\",\"@id\":\"https:\\\/\\\/repliquemangacine.fr\\\/#\\\/schema\\\/logo\\\/image\\\/\",\"url\":\"https:\\\/\\\/repliquemangacine.fr\\\/wp-content\\\/uploads\\\/2023\\\/10\\\/RMC-500250.png\",\"contentUrl\":\"https:\\\/\\\/repliquemangacine.fr\\\/wp-content\\\/uploads\\\/2023\\\/10\\\/RMC-500250.png\",\"width\":500,\"height\":250,\"caption\":\"R\u00e9plique Manga Cin\u00e9\"},\"image\":{\"@id\":\"https:\\\/\\\/repliquemangacine.fr\\\/#\\\/schema\\\/logo\\\/image\\\/\"},\"sameAs\":[\"https:\\\/\\\/www.facebook.com\\\/RepliqueMangaCine\",\"https:\\\/\\\/www.instagram.com\\\/repliquemangacine.fr\\\/\"]}]}<\/script>\n<!-- \/ Yoast SEO plugin. -->","yoast_head_json":{"title":"Portamonete pirata con moneta - Accessorio per costume da pirata -RMC","description":"Denix propone questo borsellino da pirata in pelle con 8 monete escudo all'interno. Un accessorio essenziale per il vostro travestimento.","robots":{"index":"index","follow":"follow","max-snippet":"max-snippet:-1","max-image-preview":"max-image-preview:large","max-video-preview":"max-video-preview:-1"},"canonical":"https:\/\/repliquemangacine.fr\/it\/spada-pirata\/borsellino-da-pirata-con-monete\/","og_locale":"it_IT","og_type":"article","og_title":"Bourse de pirate avec pi\u00e8ce - Accessoire d\u00e9guisement pirate -RMC","og_description":"Denix nous propose cette Bourse de pirate en cuir avec 8 pi\u00e8ces escudos \u00e0 l'int\u00e9rieur. C'est l'accessoire indispensable pour votre d\u00e9guisements.","og_url":"https:\/\/repliquemangacine.fr\/it\/spada-pirata\/borsellino-da-pirata-con-monete\/","og_site_name":"R\u00e9plique Manga Cin\u00e9","article_publisher":"https:\/\/www.facebook.com\/RepliqueMangaCine","article_modified_time":"2026-03-20T16:56:21+00:00","og_image":[{"width":600,"height":600,"url":"https:\/\/repliquemangacine.fr\/wp-content\/uploads\/2023\/10\/2225-Bourse-de-pirates-avec-monnaie.jpg","type":"image\/jpeg"}],"twitter_card":"summary_large_image","twitter_misc":{"Tempo di lettura stimato":"2 minuti"},"schema":{"@context":"https:\/\/schema.org","@graph":[{"@type":"WebPage","@id":"https:\/\/repliquemangacine.fr\/sabre-dabordage-de-pirate\/bourse-de-pirate-avec-monnaie\/","url":"https:\/\/repliquemangacine.fr\/sabre-dabordage-de-pirate\/bourse-de-pirate-avec-monnaie\/","name":"Portamonete pirata con moneta - Accessorio per costume da pirata -RMC","isPartOf":{"@id":"https:\/\/repliquemangacine.fr\/#website"},"primaryImageOfPage":{"@id":"https:\/\/repliquemangacine.fr\/sabre-dabordage-de-pirate\/bourse-de-pirate-avec-monnaie\/#primaryimage"},"image":{"@id":"https:\/\/repliquemangacine.fr\/sabre-dabordage-de-pirate\/bourse-de-pirate-avec-monnaie\/#primaryimage"},"thumbnailUrl":"https:\/\/repliquemangacine.fr\/wp-content\/uploads\/2023\/10\/2225-Bourse-de-pirates-avec-monnaie.jpg","datePublished":"2017-07-22T13:05:20+00:00","dateModified":"2026-03-20T16:56:21+00:00","description":"Denix propone questo borsellino da pirata in pelle con 8 monete escudo all'interno. Un accessorio essenziale per il vostro travestimento.","breadcrumb":{"@id":"https:\/\/repliquemangacine.fr\/sabre-dabordage-de-pirate\/bourse-de-pirate-avec-monnaie\/#breadcrumb"},"inLanguage":"it-IT","potentialAction":[{"@type":"ReadAction","target":["https:\/\/repliquemangacine.fr\/sabre-dabordage-de-pirate\/bourse-de-pirate-avec-monnaie\/"]}]},{"@type":"ImageObject","inLanguage":"it-IT","@id":"https:\/\/repliquemangacine.fr\/sabre-dabordage-de-pirate\/bourse-de-pirate-avec-monnaie\/#primaryimage","url":"https:\/\/repliquemangacine.fr\/wp-content\/uploads\/2023\/10\/2225-Bourse-de-pirates-avec-monnaie.jpg","contentUrl":"https:\/\/repliquemangacine.fr\/wp-content\/uploads\/2023\/10\/2225-Bourse-de-pirates-avec-monnaie.jpg","width":600,"height":600,"caption":"Bourse de pirates avec monnaie"},{"@type":"BreadcrumbList","@id":"https:\/\/repliquemangacine.fr\/sabre-dabordage-de-pirate\/bourse-de-pirate-avec-monnaie\/#breadcrumb","itemListElement":[{"@type":"ListItem","position":1,"name":"Accueil","item":"https:\/\/repliquemangacine.fr\/"},{"@type":"ListItem","position":2,"name":"Produits","item":"https:\/\/repliquemangacine.fr\/boutique\/"},{"@type":"ListItem","position":3,"name":"Bourse de pirates avec monnaie"}]},{"@type":"WebSite","@id":"https:\/\/repliquemangacine.fr\/#website","url":"https:\/\/repliquemangacine.fr\/","name":"R\u00e9plique Manga Cin\u00e9","description":"","publisher":{"@id":"https:\/\/repliquemangacine.fr\/#organization"},"potentialAction":[{"@type":"SearchAction","target":{"@type":"EntryPoint","urlTemplate":"https:\/\/repliquemangacine.fr\/?s={search_term_string}"},"query-input":{"@type":"PropertyValueSpecification","valueRequired":true,"valueName":"search_term_string"}}],"inLanguage":"it-IT"},{"@type":"Organization","@id":"https:\/\/repliquemangacine.fr\/#organization","name":"R\u00e9plique Manga Cin\u00e9","url":"https:\/\/repliquemangacine.fr\/","logo":{"@type":"ImageObject","inLanguage":"it-IT","@id":"https:\/\/repliquemangacine.fr\/#\/schema\/logo\/image\/","url":"https:\/\/repliquemangacine.fr\/wp-content\/uploads\/2023\/10\/RMC-500250.png","contentUrl":"https:\/\/repliquemangacine.fr\/wp-content\/uploads\/2023\/10\/RMC-500250.png","width":500,"height":250,"caption":"R\u00e9plique Manga Cin\u00e9"},"image":{"@id":"https:\/\/repliquemangacine.fr\/#\/schema\/logo\/image\/"},"sameAs":["https:\/\/www.facebook.com\/RepliqueMangaCine","https:\/\/www.instagram.com\/repliquemangacine.fr\/"]}]}},"_links":{"self":[{"href":"https:\/\/repliquemangacine.fr\/it\/wp-json\/wp\/v2\/product\/27430","targetHints":{"allow":["GET"]}}],"collection":[{"href":"https:\/\/repliquemangacine.fr\/it\/wp-json\/wp\/v2\/product"}],"about":[{"href":"https:\/\/repliquemangacine.fr\/it\/wp-json\/wp\/v2\/types\/product"}],"wp:featuredmedia":[{"embeddable":true,"href":"https:\/\/repliquemangacine.fr\/it\/wp-json\/wp\/v2\/media\/27431"}],"wp:attachment":[{"href":"https:\/\/repliquemangacine.fr\/it\/wp-json\/wp\/v2\/media?parent=27430"}],"wp:term":[{"taxonomy":"product_brand","embeddable":true,"href":"https:\/\/repliquemangacine.fr\/it\/wp-json\/wp\/v2\/product_brand?post=27430"},{"taxonomy":"product_cat","embeddable":true,"href":"https:\/\/repliquemangacine.fr\/it\/wp-json\/wp\/v2\/product_cat?post=27430"},{"taxonomy":"product_tag","embeddable":true,"href":"https:\/\/repliquemangacine.fr\/it\/wp-json\/wp\/v2\/product_tag?post=27430"}],"curies":[{"name":"wp","href":"https:\/\/api.w.org\/{rel}","templated":true}]}}