





{"id":27425,"date":"2017-07-22T14:50:24","date_gmt":"2017-07-22T12:50:24","guid":{"rendered":"https:\/\/repliquemangacine.fr\/?post_type=product&#038;p=27425"},"modified":"2026-03-20T17:56:21","modified_gmt":"2026-03-20T16:56:21","slug":"moneta-spagnola-da-100-escudo-di-felipe-iv-1637","status":"publish","type":"product","link":"https:\/\/repliquemangacine.fr\/it\/sabre-dabordage-de-pirate\/piece-de-100-escudos-espagnol-felipe-iv-1637\/","title":{"rendered":"Moneta da 100 Escudos"},"content":{"rendered":"<h2>Replica della moneta da 100 escudo di Denix<\/h2>\n<p>La moneta da 100 Escudo \u00e8 un accessorio essenziale per il vostro travestimento. Inventata durante il regno di Filippo IV nel 1637.<\/p>\n<p>Questa moneta spagnola da 100 escudos d'oro, emessa nel 1609 sotto il regno di Filippo III, fu emessa anche sotto i regni di Filippo IV e Carlos II, ha un peso di 359 grammi d'oro. Durante il regno di Isabella II era denominata 100 reales.<\/p>\n<p>I pirati cercavano (e spesso ci riuscivano) di rubare preziosi carichi d'oro, argento e altre merci dal Nuovo Mondo, che rappresentava un affare ideale per l'abbondanza di isole in cui i pirati potevano rifugiarsi. La moneta aurea era la preferita dai filibustieri.<\/p>\n<p>I pirati che affliggevano il Mar dei Caraibi venivano talvolta erroneamente chiamati bucanieri. I pirati si distinguono dai corsari, che sono civili che fanno la guerra in mare con l'autorizzazione del loro governo, secondo le leggi di guerra, con uno status equivalente a quello dei militari.<\/p>\n<p>Contrariamente all'immagine diffusa dalle fiction cinematografiche, a causa del loro stesso stile di vita, pochi pirati si saziarono o si arricchirono; la maggior parte mor\u00ec giovane in battaglia.<\/p>\n<p>La pratica della pirateria era essenzialmente maschile, ma esistevano anche pirati donna. Nomi famosi come Mary Read e Anne Bonny sono noti per aver navigato con il pirata Jack Rackham.<\/p>\n<h3>Offriamo un'ampia gamma di repliche del periodo della Pirateria<\/h3>\n<p>Innanzitutto,<\/p>\n<ul>\n<li>Le <a href=\"https:\/\/repliquemangacine.fr\/it\/armi-pirata\/sciabola-pirata-sciabola-bucaniera\/\">Spada da abbordaggio Flibustier<\/a> \u00e8 un'arma a lama utilizzata in marina.<\/li>\n<li>C'\u00e8 anche il <a href=\"https:\/\/repliquemangacine.fr\/it\/assassins-creed\/pistola-con-ascia-da-pirata-del-xviii-secolo\/\">Pistola con ascia dei pirati<\/a>. L'ascia da fuoco torna in Assassin's Creed Unity: Dead Kings<\/li>\n<li>Cos\u00ec come il <a href=\"https:\/\/repliquemangacine.fr\/it\/armi-pirata\/archetto-pirata-del-xviii-secolo\/\">archibugio del pirata<\/a> del XVIII secolo, nota anche come espingola o moschetto.<\/li>\n<li>E molti altri ancora.<\/li>\n<\/ul>\n<p>Ecco perch\u00e9 questa \u00e8 un'ottima idea regalo per tutti i fan dei pirati.<\/p>\n<h3>Potete utilizzare la Moneta da 100 Escudo per decorare le vostre serate a tema.<\/h3>\n<p>Si tratta soprattutto di un oggetto da collezione e di un pezzo decorativo.<\/p>\n<p>R\u00e9plique Manga Cin\u00e9 \u00e8 un'azienda familiare francese e distributore ufficiale di <a href=\"https:\/\/www.denix.fr\/fr\/catalogue\/colonial-et-pirate-1492-s-xviii\/pieces-de-monnaie\/73\/\">Denix<\/a><\/p>","protected":false},"excerpt":{"rendered":"<p>Set di 5 pezzi da 100 scudi<\/p>\n<p>Ecco un'idea originale di Denix che ci offre repliche di monete spagnole.<\/p>\n<ul>\n<li>Questa moneta da 100 Escudos de 1637 \u00e8 realizzata interamente in metallo con un'impressionante finitura dei dettagli.<\/li>\n<li>Inciso su entrambi i lati.<\/li>\n<li>Sul rovescio \u00e8 presente la croce quadrilobata e l'iscrizione Rex Hispaniarum 1637.<\/li>\n<li>Sul fronte, lo scudo con l'iscrizione Filippo IV.<\/li>\n<li>Diametro: 4 cm<\/li>\n<\/ul>","protected":false},"featured_media":27426,"template":"","meta":[],"product_brand":[896],"product_cat":[49,25,115],"product_tag":[],"class_list":{"0":"post-27425","1":"product","2":"type-product","3":"status-publish","4":"has-post-thumbnail","6":"product_brand-replique-manga-cine","7":"product_cat-armes-de-pirates","8":"product_cat-armes-historiques","9":"product_cat-sabre-dabordage-de-pirate","11":"first","12":"instock","13":"taxable","14":"shipping-taxable","15":"purchasable","16":"product-type-simple"},"yoast_head":"<!-- This site is optimized with the Yoast SEO plugin v27.4 - https:\/\/yoast.com\/product\/yoast-seo-wordpress\/ -->\n<title>Pi\u00e8ce de 100 Escudos 1637 - Pi\u00e8ce pirate - R\u00e9plique Manga Cin\u00e9<\/title>\n<meta name=\"description\" content=\"Agrandissez votre collection avec cette superbe r\u00e9plique de Pi\u00e8ce de 100 Escudos sign\u00e9 Denix. Tout en m\u00e9tal grav\u00e9e. Livraison 24\/48h - Paiement S\u00e9curis\u00e9\" \/>\n<meta name=\"robots\" content=\"index, follow, max-snippet:-1, max-image-preview:large, max-video-preview:-1\" \/>\n<link rel=\"canonical\" href=\"https:\/\/repliquemangacine.fr\/it\/spada-pirata\/moneta-spagnola-da-100-escudo-di-felipe-iv-1637\/\" \/>\n<meta property=\"og:locale\" content=\"it_IT\" \/>\n<meta property=\"og:type\" content=\"article\" \/>\n<meta property=\"og:title\" content=\"Pi\u00e8ce de 100 Escudos 1637 - Pi\u00e8ce pirate - R\u00e9plique Manga Cin\u00e9\" \/>\n<meta property=\"og:description\" content=\"Agrandissez votre collection avec cette superbe r\u00e9plique de Pi\u00e8ce de 100 Escudos sign\u00e9 Denix. Tout en m\u00e9tal grav\u00e9e. Livraison 24\/48h - Paiement S\u00e9curis\u00e9\" \/>\n<meta property=\"og:url\" content=\"https:\/\/repliquemangacine.fr\/it\/spada-pirata\/moneta-spagnola-da-100-escudo-di-felipe-iv-1637\/\" \/>\n<meta property=\"og:site_name\" content=\"R\u00e9plique Manga Cin\u00e9\" \/>\n<meta property=\"article:publisher\" content=\"https:\/\/www.facebook.com\/RepliqueMangaCine\" \/>\n<meta property=\"article:modified_time\" content=\"2026-03-20T16:56:21+00:00\" \/>\n<meta property=\"og:image\" content=\"https:\/\/repliquemangacine.fr\/wp-content\/uploads\/2023\/10\/2222-Replique-piece-100-escudos-Espagnol-Felipe-IV-1637.jpg\" \/>\n\t<meta property=\"og:image:width\" content=\"600\" \/>\n\t<meta property=\"og:image:height\" content=\"600\" \/>\n\t<meta property=\"og:image:type\" content=\"image\/jpeg\" \/>\n<meta name=\"twitter:card\" content=\"summary_large_image\" \/>\n<meta name=\"twitter:label1\" content=\"Tempo di lettura stimato\" \/>\n\t<meta name=\"twitter:data1\" content=\"3 minuti\" \/>\n<script type=\"application\/ld+json\" class=\"yoast-schema-graph\">{\"@context\":\"https:\\\/\\\/schema.org\",\"@graph\":[{\"@type\":\"WebPage\",\"@id\":\"https:\\\/\\\/repliquemangacine.fr\\\/sabre-dabordage-de-pirate\\\/piece-de-100-escudos-espagnol-felipe-iv-1637\\\/\",\"url\":\"https:\\\/\\\/repliquemangacine.fr\\\/sabre-dabordage-de-pirate\\\/piece-de-100-escudos-espagnol-felipe-iv-1637\\\/\",\"name\":\"Pi\u00e8ce de 100 Escudos 1637 - Pi\u00e8ce pirate - R\u00e9plique Manga Cin\u00e9\",\"isPartOf\":{\"@id\":\"https:\\\/\\\/repliquemangacine.fr\\\/#website\"},\"primaryImageOfPage\":{\"@id\":\"https:\\\/\\\/repliquemangacine.fr\\\/sabre-dabordage-de-pirate\\\/piece-de-100-escudos-espagnol-felipe-iv-1637\\\/#primaryimage\"},\"image\":{\"@id\":\"https:\\\/\\\/repliquemangacine.fr\\\/sabre-dabordage-de-pirate\\\/piece-de-100-escudos-espagnol-felipe-iv-1637\\\/#primaryimage\"},\"thumbnailUrl\":\"https:\\\/\\\/repliquemangacine.fr\\\/wp-content\\\/uploads\\\/2023\\\/10\\\/2222-Replique-piece-100-escudos-Espagnol-Felipe-IV-1637.jpg\",\"datePublished\":\"2017-07-22T12:50:24+00:00\",\"dateModified\":\"2026-03-20T16:56:21+00:00\",\"description\":\"Agrandissez votre collection avec cette superbe r\u00e9plique de Pi\u00e8ce de 100 Escudos sign\u00e9 Denix. Tout en m\u00e9tal grav\u00e9e. Livraison 24\\\/48h - Paiement S\u00e9curis\u00e9\",\"breadcrumb\":{\"@id\":\"https:\\\/\\\/repliquemangacine.fr\\\/sabre-dabordage-de-pirate\\\/piece-de-100-escudos-espagnol-felipe-iv-1637\\\/#breadcrumb\"},\"inLanguage\":\"it-IT\",\"potentialAction\":[{\"@type\":\"ReadAction\",\"target\":[\"https:\\\/\\\/repliquemangacine.fr\\\/sabre-dabordage-de-pirate\\\/piece-de-100-escudos-espagnol-felipe-iv-1637\\\/\"]}]},{\"@type\":\"ImageObject\",\"inLanguage\":\"it-IT\",\"@id\":\"https:\\\/\\\/repliquemangacine.fr\\\/sabre-dabordage-de-pirate\\\/piece-de-100-escudos-espagnol-felipe-iv-1637\\\/#primaryimage\",\"url\":\"https:\\\/\\\/repliquemangacine.fr\\\/wp-content\\\/uploads\\\/2023\\\/10\\\/2222-Replique-piece-100-escudos-Espagnol-Felipe-IV-1637.jpg\",\"contentUrl\":\"https:\\\/\\\/repliquemangacine.fr\\\/wp-content\\\/uploads\\\/2023\\\/10\\\/2222-Replique-piece-100-escudos-Espagnol-Felipe-IV-1637.jpg\",\"width\":600,\"height\":600,\"caption\":\"Pi\u00e8ce de 100 Escudos Espagnol Felipe IV, 1637\"},{\"@type\":\"BreadcrumbList\",\"@id\":\"https:\\\/\\\/repliquemangacine.fr\\\/sabre-dabordage-de-pirate\\\/piece-de-100-escudos-espagnol-felipe-iv-1637\\\/#breadcrumb\",\"itemListElement\":[{\"@type\":\"ListItem\",\"position\":1,\"name\":\"Accueil\",\"item\":\"https:\\\/\\\/repliquemangacine.fr\\\/\"},{\"@type\":\"ListItem\",\"position\":2,\"name\":\"Produits\",\"item\":\"https:\\\/\\\/repliquemangacine.fr\\\/boutique\\\/\"},{\"@type\":\"ListItem\",\"position\":3,\"name\":\"Pi\u00e8ce de 100 Escudos\"}]},{\"@type\":\"WebSite\",\"@id\":\"https:\\\/\\\/repliquemangacine.fr\\\/#website\",\"url\":\"https:\\\/\\\/repliquemangacine.fr\\\/\",\"name\":\"R\u00e9plique Manga Cin\u00e9\",\"description\":\"\",\"publisher\":{\"@id\":\"https:\\\/\\\/repliquemangacine.fr\\\/#organization\"},\"potentialAction\":[{\"@type\":\"SearchAction\",\"target\":{\"@type\":\"EntryPoint\",\"urlTemplate\":\"https:\\\/\\\/repliquemangacine.fr\\\/?s={search_term_string}\"},\"query-input\":{\"@type\":\"PropertyValueSpecification\",\"valueRequired\":true,\"valueName\":\"search_term_string\"}}],\"inLanguage\":\"it-IT\"},{\"@type\":\"Organization\",\"@id\":\"https:\\\/\\\/repliquemangacine.fr\\\/#organization\",\"name\":\"R\u00e9plique Manga Cin\u00e9\",\"url\":\"https:\\\/\\\/repliquemangacine.fr\\\/\",\"logo\":{\"@type\":\"ImageObject\",\"inLanguage\":\"it-IT\",\"@id\":\"https:\\\/\\\/repliquemangacine.fr\\\/#\\\/schema\\\/logo\\\/image\\\/\",\"url\":\"https:\\\/\\\/repliquemangacine.fr\\\/wp-content\\\/uploads\\\/2023\\\/10\\\/RMC-500250.png\",\"contentUrl\":\"https:\\\/\\\/repliquemangacine.fr\\\/wp-content\\\/uploads\\\/2023\\\/10\\\/RMC-500250.png\",\"width\":500,\"height\":250,\"caption\":\"R\u00e9plique Manga Cin\u00e9\"},\"image\":{\"@id\":\"https:\\\/\\\/repliquemangacine.fr\\\/#\\\/schema\\\/logo\\\/image\\\/\"},\"sameAs\":[\"https:\\\/\\\/www.facebook.com\\\/RepliqueMangaCine\",\"https:\\\/\\\/www.instagram.com\\\/repliquemangacine.fr\\\/\"]}]}<\/script>\n<!-- \/ Yoast SEO plugin. -->","yoast_head_json":{"title":"Moneta da 100 Escudos 1637 - Moneta pirata - R\u00e9plique Manga Cin\u00e9","description":"Ampliate la vostra collezione con questa splendida replica della moneta da 100 Escudo di Denix. Tutto in metallo inciso. Consegna in 24\/48 ore - Pagamento sicuro","robots":{"index":"index","follow":"follow","max-snippet":"max-snippet:-1","max-image-preview":"max-image-preview:large","max-video-preview":"max-video-preview:-1"},"canonical":"https:\/\/repliquemangacine.fr\/it\/spada-pirata\/moneta-spagnola-da-100-escudo-di-felipe-iv-1637\/","og_locale":"it_IT","og_type":"article","og_title":"Pi\u00e8ce de 100 Escudos 1637 - Pi\u00e8ce pirate - R\u00e9plique Manga Cin\u00e9","og_description":"Agrandissez votre collection avec cette superbe r\u00e9plique de Pi\u00e8ce de 100 Escudos sign\u00e9 Denix. Tout en m\u00e9tal grav\u00e9e. Livraison 24\/48h - Paiement S\u00e9curis\u00e9","og_url":"https:\/\/repliquemangacine.fr\/it\/spada-pirata\/moneta-spagnola-da-100-escudo-di-felipe-iv-1637\/","og_site_name":"R\u00e9plique Manga Cin\u00e9","article_publisher":"https:\/\/www.facebook.com\/RepliqueMangaCine","article_modified_time":"2026-03-20T16:56:21+00:00","og_image":[{"width":600,"height":600,"url":"https:\/\/repliquemangacine.fr\/wp-content\/uploads\/2023\/10\/2222-Replique-piece-100-escudos-Espagnol-Felipe-IV-1637.jpg","type":"image\/jpeg"}],"twitter_card":"summary_large_image","twitter_misc":{"Tempo di lettura stimato":"3 minuti"},"schema":{"@context":"https:\/\/schema.org","@graph":[{"@type":"WebPage","@id":"https:\/\/repliquemangacine.fr\/sabre-dabordage-de-pirate\/piece-de-100-escudos-espagnol-felipe-iv-1637\/","url":"https:\/\/repliquemangacine.fr\/sabre-dabordage-de-pirate\/piece-de-100-escudos-espagnol-felipe-iv-1637\/","name":"Moneta da 100 Escudos 1637 - Moneta pirata - R\u00e9plique Manga Cin\u00e9","isPartOf":{"@id":"https:\/\/repliquemangacine.fr\/#website"},"primaryImageOfPage":{"@id":"https:\/\/repliquemangacine.fr\/sabre-dabordage-de-pirate\/piece-de-100-escudos-espagnol-felipe-iv-1637\/#primaryimage"},"image":{"@id":"https:\/\/repliquemangacine.fr\/sabre-dabordage-de-pirate\/piece-de-100-escudos-espagnol-felipe-iv-1637\/#primaryimage"},"thumbnailUrl":"https:\/\/repliquemangacine.fr\/wp-content\/uploads\/2023\/10\/2222-Replique-piece-100-escudos-Espagnol-Felipe-IV-1637.jpg","datePublished":"2017-07-22T12:50:24+00:00","dateModified":"2026-03-20T16:56:21+00:00","description":"Ampliate la vostra collezione con questa splendida replica della moneta da 100 Escudo di Denix. Tutto in metallo inciso. Consegna in 24\/48 ore - Pagamento sicuro","breadcrumb":{"@id":"https:\/\/repliquemangacine.fr\/sabre-dabordage-de-pirate\/piece-de-100-escudos-espagnol-felipe-iv-1637\/#breadcrumb"},"inLanguage":"it-IT","potentialAction":[{"@type":"ReadAction","target":["https:\/\/repliquemangacine.fr\/sabre-dabordage-de-pirate\/piece-de-100-escudos-espagnol-felipe-iv-1637\/"]}]},{"@type":"ImageObject","inLanguage":"it-IT","@id":"https:\/\/repliquemangacine.fr\/sabre-dabordage-de-pirate\/piece-de-100-escudos-espagnol-felipe-iv-1637\/#primaryimage","url":"https:\/\/repliquemangacine.fr\/wp-content\/uploads\/2023\/10\/2222-Replique-piece-100-escudos-Espagnol-Felipe-IV-1637.jpg","contentUrl":"https:\/\/repliquemangacine.fr\/wp-content\/uploads\/2023\/10\/2222-Replique-piece-100-escudos-Espagnol-Felipe-IV-1637.jpg","width":600,"height":600,"caption":"Pi\u00e8ce de 100 Escudos Espagnol Felipe IV, 1637"},{"@type":"BreadcrumbList","@id":"https:\/\/repliquemangacine.fr\/sabre-dabordage-de-pirate\/piece-de-100-escudos-espagnol-felipe-iv-1637\/#breadcrumb","itemListElement":[{"@type":"ListItem","position":1,"name":"Accueil","item":"https:\/\/repliquemangacine.fr\/"},{"@type":"ListItem","position":2,"name":"Produits","item":"https:\/\/repliquemangacine.fr\/boutique\/"},{"@type":"ListItem","position":3,"name":"Pi\u00e8ce de 100 Escudos"}]},{"@type":"WebSite","@id":"https:\/\/repliquemangacine.fr\/#website","url":"https:\/\/repliquemangacine.fr\/","name":"R\u00e9plique Manga Cin\u00e9","description":"","publisher":{"@id":"https:\/\/repliquemangacine.fr\/#organization"},"potentialAction":[{"@type":"SearchAction","target":{"@type":"EntryPoint","urlTemplate":"https:\/\/repliquemangacine.fr\/?s={search_term_string}"},"query-input":{"@type":"PropertyValueSpecification","valueRequired":true,"valueName":"search_term_string"}}],"inLanguage":"it-IT"},{"@type":"Organization","@id":"https:\/\/repliquemangacine.fr\/#organization","name":"R\u00e9plique Manga Cin\u00e9","url":"https:\/\/repliquemangacine.fr\/","logo":{"@type":"ImageObject","inLanguage":"it-IT","@id":"https:\/\/repliquemangacine.fr\/#\/schema\/logo\/image\/","url":"https:\/\/repliquemangacine.fr\/wp-content\/uploads\/2023\/10\/RMC-500250.png","contentUrl":"https:\/\/repliquemangacine.fr\/wp-content\/uploads\/2023\/10\/RMC-500250.png","width":500,"height":250,"caption":"R\u00e9plique Manga Cin\u00e9"},"image":{"@id":"https:\/\/repliquemangacine.fr\/#\/schema\/logo\/image\/"},"sameAs":["https:\/\/www.facebook.com\/RepliqueMangaCine","https:\/\/www.instagram.com\/repliquemangacine.fr\/"]}]}},"_links":{"self":[{"href":"https:\/\/repliquemangacine.fr\/it\/wp-json\/wp\/v2\/product\/27425","targetHints":{"allow":["GET"]}}],"collection":[{"href":"https:\/\/repliquemangacine.fr\/it\/wp-json\/wp\/v2\/product"}],"about":[{"href":"https:\/\/repliquemangacine.fr\/it\/wp-json\/wp\/v2\/types\/product"}],"wp:featuredmedia":[{"embeddable":true,"href":"https:\/\/repliquemangacine.fr\/it\/wp-json\/wp\/v2\/media\/27426"}],"wp:attachment":[{"href":"https:\/\/repliquemangacine.fr\/it\/wp-json\/wp\/v2\/media?parent=27425"}],"wp:term":[{"taxonomy":"product_brand","embeddable":true,"href":"https:\/\/repliquemangacine.fr\/it\/wp-json\/wp\/v2\/product_brand?post=27425"},{"taxonomy":"product_cat","embeddable":true,"href":"https:\/\/repliquemangacine.fr\/it\/wp-json\/wp\/v2\/product_cat?post=27425"},{"taxonomy":"product_tag","embeddable":true,"href":"https:\/\/repliquemangacine.fr\/it\/wp-json\/wp\/v2\/product_tag?post=27425"}],"curies":[{"name":"wp","href":"https:\/\/api.w.org\/{rel}","templated":true}]}}