





{"id":27418,"date":"2017-07-22T12:58:53","date_gmt":"2017-07-22T10:58:53","guid":{"rendered":"https:\/\/repliquemangacine.fr\/?post_type=product&#038;p=27418"},"modified":"2026-03-20T12:05:22","modified_gmt":"2026-03-20T11:05:22","slug":"pezzo-di-rivestimento-in-oro-3cm","status":"publish","type":"product","link":"https:\/\/repliquemangacine.fr\/it\/sabre-dabordage-de-pirate\/piece-doublon-dor-3cm\/","title":{"rendered":"Doppia moneta d'oro 3 cm"},"content":{"rendered":"<h2>Replica della Doppia Moneta d'Oro 3 cm.<\/h2>\n<p>La Pi\u00e8ce Doublon d'Or 3cm \u00e8 un accessorio essenziale per il vostro costume. Inventato a Siviglia durante il regno di Filippo II tra il 1556 e il 1598. In Spagna, i dobloni furono monete legali fino alla met\u00e0 del XIX secolo.<\/p>\n<p>Il doublon (chiamato anche excellent) era una moneta d'oro spagnola che equivaleva a due scudi o 32 reales e pesava 6,77 grammi. Il termine \u201cdoublon\u201d fu usato per la prima volta per descrivere l'oro eccellente, forse perch\u00e9 valeva due ducati o il doppio ritratto dei monarchi cattolici Ferdinando e Isabella.<\/p>\n<p>I pirati cercavano (e spesso ci riuscivano) di rubare preziosi carichi d'oro, argento e altre merci dal Nuovo Mondo, che rappresentava un affare ideale per l'abbondanza di isole in cui i pirati potevano rifugiarsi. La moneta aurea era la preferita dai filibustieri.<\/p>\n<p>I pirati che affliggevano il Mar dei Caraibi venivano talvolta erroneamente chiamati bucanieri. I pirati si distinguono dai corsari, che sono civili che fanno la guerra in mare con l'autorizzazione del loro governo, secondo le leggi di guerra, con uno status equivalente a quello dei militari.<\/p>\n<p>Contrariamente all'immagine diffusa dalle fiction cinematografiche, a causa del loro stesso stile di vita, pochi pirati si saziarono o si arricchirono; la maggior parte mor\u00ec giovane in battaglia.<\/p>\n<p>La pratica della pirateria era essenzialmente maschile, ma esistevano anche pirati donna. Nomi famosi come Mary Read e Anne Bonny sono noti per aver navigato con il pirata Jack Rackham.<\/p>\n<h3>Offriamo un'ampia gamma di repliche del periodo della Pirateria<\/h3>\n<p>Innanzitutto,<\/p>\n<ul>\n<li>Le <a href=\"https:\/\/repliquemangacine.fr\/it\/armi-pirata\/sciabola-pirata-sciabola-bucaniera\/\">Spada da abbordaggio Flibustier<\/a> \u00e8 un'arma a lama utilizzata in marina.<\/li>\n<li>C'\u00e8 anche il <a href=\"https:\/\/repliquemangacine.fr\/it\/assassins-creed\/pistola-con-ascia-da-pirata-del-xviii-secolo\/\">Pistola con ascia dei pirati<\/a>. L'ascia da fuoco torna in Assassin's Creed Unity: Dead Kings<\/li>\n<li>Cos\u00ec come il <a href=\"https:\/\/repliquemangacine.fr\/it\/armi-pirata\/borsellino-da-pirata-con-monete\/\">borsa da pirata<\/a> pelle, per riempirlo con le sue fodere<\/li>\n<li>E molti altri ancora.<\/li>\n<\/ul>\n<p>Ecco perch\u00e9 questa \u00e8 un'ottima idea regalo per tutti i fan dei pirati.<\/p>\n<h3>Potete utilizzare la Moneta d'oro doppia da 3 cm per le vostre serate a tema.<\/h3>\n<p>Si tratta soprattutto di un oggetto da collezione e di un pezzo decorativo.<\/p>\n<p>R\u00e9plique Manga Cin\u00e9 \u00e8 un'azienda familiare francese e distributore ufficiale di <a href=\"https:\/\/www.denix.fr\/fr\/catalogue\/colonial-et-pirate-1492-s-xviii\/pieces-de-monnaie\/71\/\">Denix<\/a><\/p>","protected":false},"excerpt":{"rendered":"<p>Set di 5 escudos<\/p>\n<p>Ecco un'idea originale del produttore Denix che ci offre repliche di monete spagnole. Questa moneta da 2 Escudos (Doublon), coniata a Siviglia durante il regno di Filippo II di Spagna tra il 1556 e il 1598, \u00e8 realizzata interamente in metallo dorato con un'impressionante finitura dei dettagli. Incisione su entrambi i lati: sul fronte \u00e8 visibile lo scudo e il nome Filippo, sul retro la croce con fiore quadrilobato e l'iscrizione.<\/p>","protected":false},"featured_media":27419,"template":"","meta":[],"product_brand":[896],"product_cat":[49,25,115],"product_tag":[],"class_list":{"0":"post-27418","1":"product","2":"type-product","3":"status-publish","4":"has-post-thumbnail","6":"product_brand-replique-manga-cine","7":"product_cat-armes-de-pirates","8":"product_cat-armes-historiques","9":"product_cat-sabre-dabordage-de-pirate","11":"first","12":"outofstock","13":"taxable","14":"shipping-taxable","15":"purchasable","16":"product-type-simple"},"yoast_head":"<!-- This site is optimized with the Yoast SEO plugin v27.4 - https:\/\/yoast.com\/product\/yoast-seo-wordpress\/ -->\n<title>Pi\u00e8ce Doublon d&#039;Or 3cm - Pi\u00e8ce Espagnole de pirate - RMC<\/title>\n<meta name=\"description\" content=\"R\u00e9plique de la Pi\u00e8ce Doublon d&#039;Or 3cm de chez Denix. Tout en acier vieilli et richement d\u00e9cor\u00e9. Cette monnaie d&#039;or \u00e9tait la pr\u00e9f\u00e9r\u00e9e des Flibustiers.\" \/>\n<meta name=\"robots\" content=\"index, follow, max-snippet:-1, max-image-preview:large, max-video-preview:-1\" \/>\n<link rel=\"canonical\" href=\"https:\/\/repliquemangacine.fr\/it\/spada-pirata\/pezzo-di-rivestimento-in-oro-3cm\/\" \/>\n<meta property=\"og:locale\" content=\"it_IT\" \/>\n<meta property=\"og:type\" content=\"article\" \/>\n<meta property=\"og:title\" content=\"Pi\u00e8ce Doublon d&#039;Or 3cm - Pi\u00e8ce Espagnole de pirate - RMC\" \/>\n<meta property=\"og:description\" content=\"R\u00e9plique de la Pi\u00e8ce Doublon d&#039;Or 3cm de chez Denix. Tout en acier vieilli et richement d\u00e9cor\u00e9. Cette monnaie d&#039;or \u00e9tait la pr\u00e9f\u00e9r\u00e9e des Flibustiers.\" \/>\n<meta property=\"og:url\" content=\"https:\/\/repliquemangacine.fr\/it\/spada-pirata\/pezzo-di-rivestimento-in-oro-3cm\/\" \/>\n<meta property=\"og:site_name\" content=\"R\u00e9plique Manga Cin\u00e9\" \/>\n<meta property=\"article:publisher\" content=\"https:\/\/www.facebook.com\/RepliqueMangaCine\" \/>\n<meta property=\"article:modified_time\" content=\"2026-03-20T11:05:22+00:00\" \/>\n<meta property=\"og:image\" content=\"https:\/\/repliquemangacine.fr\/wp-content\/uploads\/2023\/10\/2215-Piece-de-2-escudos-Doublon-dor-Seville-Felipe-II-1556-1598.jpg\" \/>\n\t<meta property=\"og:image:width\" content=\"600\" \/>\n\t<meta property=\"og:image:height\" content=\"600\" \/>\n\t<meta property=\"og:image:type\" content=\"image\/jpeg\" \/>\n<meta name=\"twitter:card\" content=\"summary_large_image\" \/>\n<meta name=\"twitter:label1\" content=\"Tempo di lettura stimato\" \/>\n\t<meta name=\"twitter:data1\" content=\"2 minuti\" \/>\n<script type=\"application\/ld+json\" class=\"yoast-schema-graph\">{\"@context\":\"https:\\\/\\\/schema.org\",\"@graph\":[{\"@type\":\"WebPage\",\"@id\":\"https:\\\/\\\/repliquemangacine.fr\\\/sabre-dabordage-de-pirate\\\/piece-doublon-dor-3cm\\\/\",\"url\":\"https:\\\/\\\/repliquemangacine.fr\\\/sabre-dabordage-de-pirate\\\/piece-doublon-dor-3cm\\\/\",\"name\":\"Pi\u00e8ce Doublon d'Or 3cm - Pi\u00e8ce Espagnole de pirate - RMC\",\"isPartOf\":{\"@id\":\"https:\\\/\\\/repliquemangacine.fr\\\/#website\"},\"primaryImageOfPage\":{\"@id\":\"https:\\\/\\\/repliquemangacine.fr\\\/sabre-dabordage-de-pirate\\\/piece-doublon-dor-3cm\\\/#primaryimage\"},\"image\":{\"@id\":\"https:\\\/\\\/repliquemangacine.fr\\\/sabre-dabordage-de-pirate\\\/piece-doublon-dor-3cm\\\/#primaryimage\"},\"thumbnailUrl\":\"https:\\\/\\\/repliquemangacine.fr\\\/wp-content\\\/uploads\\\/2023\\\/10\\\/2215-Piece-de-2-escudos-Doublon-dor-Seville-Felipe-II-1556-1598.jpg\",\"datePublished\":\"2017-07-22T10:58:53+00:00\",\"dateModified\":\"2026-03-20T11:05:22+00:00\",\"description\":\"R\u00e9plique de la Pi\u00e8ce Doublon d'Or 3cm de chez Denix. Tout en acier vieilli et richement d\u00e9cor\u00e9. Cette monnaie d'or \u00e9tait la pr\u00e9f\u00e9r\u00e9e des Flibustiers.\",\"breadcrumb\":{\"@id\":\"https:\\\/\\\/repliquemangacine.fr\\\/sabre-dabordage-de-pirate\\\/piece-doublon-dor-3cm\\\/#breadcrumb\"},\"inLanguage\":\"it-IT\",\"potentialAction\":[{\"@type\":\"ReadAction\",\"target\":[\"https:\\\/\\\/repliquemangacine.fr\\\/sabre-dabordage-de-pirate\\\/piece-doublon-dor-3cm\\\/\"]}]},{\"@type\":\"ImageObject\",\"inLanguage\":\"it-IT\",\"@id\":\"https:\\\/\\\/repliquemangacine.fr\\\/sabre-dabordage-de-pirate\\\/piece-doublon-dor-3cm\\\/#primaryimage\",\"url\":\"https:\\\/\\\/repliquemangacine.fr\\\/wp-content\\\/uploads\\\/2023\\\/10\\\/2215-Piece-de-2-escudos-Doublon-dor-Seville-Felipe-II-1556-1598.jpg\",\"contentUrl\":\"https:\\\/\\\/repliquemangacine.fr\\\/wp-content\\\/uploads\\\/2023\\\/10\\\/2215-Piece-de-2-escudos-Doublon-dor-Seville-Felipe-II-1556-1598.jpg\",\"width\":600,\"height\":600,\"caption\":\"Pi\u00e8ce Doublon d'Or 3cm\"},{\"@type\":\"BreadcrumbList\",\"@id\":\"https:\\\/\\\/repliquemangacine.fr\\\/sabre-dabordage-de-pirate\\\/piece-doublon-dor-3cm\\\/#breadcrumb\",\"itemListElement\":[{\"@type\":\"ListItem\",\"position\":1,\"name\":\"Accueil\",\"item\":\"https:\\\/\\\/repliquemangacine.fr\\\/\"},{\"@type\":\"ListItem\",\"position\":2,\"name\":\"Produits\",\"item\":\"https:\\\/\\\/repliquemangacine.fr\\\/boutique\\\/\"},{\"@type\":\"ListItem\",\"position\":3,\"name\":\"Pi\u00e8ce Doublon d&#8217;Or 3cm\"}]},{\"@type\":\"WebSite\",\"@id\":\"https:\\\/\\\/repliquemangacine.fr\\\/#website\",\"url\":\"https:\\\/\\\/repliquemangacine.fr\\\/\",\"name\":\"R\u00e9plique Manga Cin\u00e9\",\"description\":\"\",\"publisher\":{\"@id\":\"https:\\\/\\\/repliquemangacine.fr\\\/#organization\"},\"potentialAction\":[{\"@type\":\"SearchAction\",\"target\":{\"@type\":\"EntryPoint\",\"urlTemplate\":\"https:\\\/\\\/repliquemangacine.fr\\\/?s={search_term_string}\"},\"query-input\":{\"@type\":\"PropertyValueSpecification\",\"valueRequired\":true,\"valueName\":\"search_term_string\"}}],\"inLanguage\":\"it-IT\"},{\"@type\":\"Organization\",\"@id\":\"https:\\\/\\\/repliquemangacine.fr\\\/#organization\",\"name\":\"R\u00e9plique Manga Cin\u00e9\",\"url\":\"https:\\\/\\\/repliquemangacine.fr\\\/\",\"logo\":{\"@type\":\"ImageObject\",\"inLanguage\":\"it-IT\",\"@id\":\"https:\\\/\\\/repliquemangacine.fr\\\/#\\\/schema\\\/logo\\\/image\\\/\",\"url\":\"https:\\\/\\\/repliquemangacine.fr\\\/wp-content\\\/uploads\\\/2023\\\/10\\\/RMC-500250.png\",\"contentUrl\":\"https:\\\/\\\/repliquemangacine.fr\\\/wp-content\\\/uploads\\\/2023\\\/10\\\/RMC-500250.png\",\"width\":500,\"height\":250,\"caption\":\"R\u00e9plique Manga Cin\u00e9\"},\"image\":{\"@id\":\"https:\\\/\\\/repliquemangacine.fr\\\/#\\\/schema\\\/logo\\\/image\\\/\"},\"sameAs\":[\"https:\\\/\\\/www.facebook.com\\\/RepliqueMangaCine\",\"https:\\\/\\\/www.instagram.com\\\/repliquemangacine.fr\\\/\"]}]}<\/script>\n<!-- \/ Yoast SEO plugin. -->","yoast_head_json":{"title":"Moneta doppia d'oro da 3 cm - Moneta dei pirati spagnoli - RMC","description":"Replica della moneta Denix Doublon d'Or da 3 cm. In acciaio invecchiato e riccamente decorato. Questa moneta d'oro era la preferita dai filibustieri.","robots":{"index":"index","follow":"follow","max-snippet":"max-snippet:-1","max-image-preview":"max-image-preview:large","max-video-preview":"max-video-preview:-1"},"canonical":"https:\/\/repliquemangacine.fr\/it\/spada-pirata\/pezzo-di-rivestimento-in-oro-3cm\/","og_locale":"it_IT","og_type":"article","og_title":"Pi\u00e8ce Doublon d'Or 3cm - Pi\u00e8ce Espagnole de pirate - RMC","og_description":"R\u00e9plique de la Pi\u00e8ce Doublon d'Or 3cm de chez Denix. Tout en acier vieilli et richement d\u00e9cor\u00e9. Cette monnaie d'or \u00e9tait la pr\u00e9f\u00e9r\u00e9e des Flibustiers.","og_url":"https:\/\/repliquemangacine.fr\/it\/spada-pirata\/pezzo-di-rivestimento-in-oro-3cm\/","og_site_name":"R\u00e9plique Manga Cin\u00e9","article_publisher":"https:\/\/www.facebook.com\/RepliqueMangaCine","article_modified_time":"2026-03-20T11:05:22+00:00","og_image":[{"width":600,"height":600,"url":"https:\/\/repliquemangacine.fr\/wp-content\/uploads\/2023\/10\/2215-Piece-de-2-escudos-Doublon-dor-Seville-Felipe-II-1556-1598.jpg","type":"image\/jpeg"}],"twitter_card":"summary_large_image","twitter_misc":{"Tempo di lettura stimato":"2 minuti"},"schema":{"@context":"https:\/\/schema.org","@graph":[{"@type":"WebPage","@id":"https:\/\/repliquemangacine.fr\/sabre-dabordage-de-pirate\/piece-doublon-dor-3cm\/","url":"https:\/\/repliquemangacine.fr\/sabre-dabordage-de-pirate\/piece-doublon-dor-3cm\/","name":"Moneta doppia d'oro da 3 cm - Moneta dei pirati spagnoli - RMC","isPartOf":{"@id":"https:\/\/repliquemangacine.fr\/#website"},"primaryImageOfPage":{"@id":"https:\/\/repliquemangacine.fr\/sabre-dabordage-de-pirate\/piece-doublon-dor-3cm\/#primaryimage"},"image":{"@id":"https:\/\/repliquemangacine.fr\/sabre-dabordage-de-pirate\/piece-doublon-dor-3cm\/#primaryimage"},"thumbnailUrl":"https:\/\/repliquemangacine.fr\/wp-content\/uploads\/2023\/10\/2215-Piece-de-2-escudos-Doublon-dor-Seville-Felipe-II-1556-1598.jpg","datePublished":"2017-07-22T10:58:53+00:00","dateModified":"2026-03-20T11:05:22+00:00","description":"Replica della moneta Denix Doublon d'Or da 3 cm. In acciaio invecchiato e riccamente decorato. Questa moneta d'oro era la preferita dai filibustieri.","breadcrumb":{"@id":"https:\/\/repliquemangacine.fr\/sabre-dabordage-de-pirate\/piece-doublon-dor-3cm\/#breadcrumb"},"inLanguage":"it-IT","potentialAction":[{"@type":"ReadAction","target":["https:\/\/repliquemangacine.fr\/sabre-dabordage-de-pirate\/piece-doublon-dor-3cm\/"]}]},{"@type":"ImageObject","inLanguage":"it-IT","@id":"https:\/\/repliquemangacine.fr\/sabre-dabordage-de-pirate\/piece-doublon-dor-3cm\/#primaryimage","url":"https:\/\/repliquemangacine.fr\/wp-content\/uploads\/2023\/10\/2215-Piece-de-2-escudos-Doublon-dor-Seville-Felipe-II-1556-1598.jpg","contentUrl":"https:\/\/repliquemangacine.fr\/wp-content\/uploads\/2023\/10\/2215-Piece-de-2-escudos-Doublon-dor-Seville-Felipe-II-1556-1598.jpg","width":600,"height":600,"caption":"Pi\u00e8ce Doublon d'Or 3cm"},{"@type":"BreadcrumbList","@id":"https:\/\/repliquemangacine.fr\/sabre-dabordage-de-pirate\/piece-doublon-dor-3cm\/#breadcrumb","itemListElement":[{"@type":"ListItem","position":1,"name":"Accueil","item":"https:\/\/repliquemangacine.fr\/"},{"@type":"ListItem","position":2,"name":"Produits","item":"https:\/\/repliquemangacine.fr\/boutique\/"},{"@type":"ListItem","position":3,"name":"Pi\u00e8ce Doublon d&#8217;Or 3cm"}]},{"@type":"WebSite","@id":"https:\/\/repliquemangacine.fr\/#website","url":"https:\/\/repliquemangacine.fr\/","name":"R\u00e9plique Manga Cin\u00e9","description":"","publisher":{"@id":"https:\/\/repliquemangacine.fr\/#organization"},"potentialAction":[{"@type":"SearchAction","target":{"@type":"EntryPoint","urlTemplate":"https:\/\/repliquemangacine.fr\/?s={search_term_string}"},"query-input":{"@type":"PropertyValueSpecification","valueRequired":true,"valueName":"search_term_string"}}],"inLanguage":"it-IT"},{"@type":"Organization","@id":"https:\/\/repliquemangacine.fr\/#organization","name":"R\u00e9plique Manga Cin\u00e9","url":"https:\/\/repliquemangacine.fr\/","logo":{"@type":"ImageObject","inLanguage":"it-IT","@id":"https:\/\/repliquemangacine.fr\/#\/schema\/logo\/image\/","url":"https:\/\/repliquemangacine.fr\/wp-content\/uploads\/2023\/10\/RMC-500250.png","contentUrl":"https:\/\/repliquemangacine.fr\/wp-content\/uploads\/2023\/10\/RMC-500250.png","width":500,"height":250,"caption":"R\u00e9plique Manga Cin\u00e9"},"image":{"@id":"https:\/\/repliquemangacine.fr\/#\/schema\/logo\/image\/"},"sameAs":["https:\/\/www.facebook.com\/RepliqueMangaCine","https:\/\/www.instagram.com\/repliquemangacine.fr\/"]}]}},"_links":{"self":[{"href":"https:\/\/repliquemangacine.fr\/it\/wp-json\/wp\/v2\/product\/27418","targetHints":{"allow":["GET"]}}],"collection":[{"href":"https:\/\/repliquemangacine.fr\/it\/wp-json\/wp\/v2\/product"}],"about":[{"href":"https:\/\/repliquemangacine.fr\/it\/wp-json\/wp\/v2\/types\/product"}],"wp:featuredmedia":[{"embeddable":true,"href":"https:\/\/repliquemangacine.fr\/it\/wp-json\/wp\/v2\/media\/27419"}],"wp:attachment":[{"href":"https:\/\/repliquemangacine.fr\/it\/wp-json\/wp\/v2\/media?parent=27418"}],"wp:term":[{"taxonomy":"product_brand","embeddable":true,"href":"https:\/\/repliquemangacine.fr\/it\/wp-json\/wp\/v2\/product_brand?post=27418"},{"taxonomy":"product_cat","embeddable":true,"href":"https:\/\/repliquemangacine.fr\/it\/wp-json\/wp\/v2\/product_cat?post=27418"},{"taxonomy":"product_tag","embeddable":true,"href":"https:\/\/repliquemangacine.fr\/it\/wp-json\/wp\/v2\/product_tag?post=27418"}],"curies":[{"name":"wp","href":"https:\/\/api.w.org\/{rel}","templated":true}]}}