





{"id":27402,"date":"2017-07-19T23:15:36","date_gmt":"2017-07-19T21:15:36","guid":{"rendered":"https:\/\/repliquemangacine.fr\/?post_type=product&#038;p=27402"},"modified":"2025-09-23T18:01:55","modified_gmt":"2025-09-23T16:01:55","slug":"distintivo-della-fanteria-da-combattimento-dellesercito-americano-versione-da-campo","status":"publish","type":"product","link":"https:\/\/repliquemangacine.fr\/it\/dagues-et-accessoires-seconde-guerre-mondiale-materiels-militaria\/insigne-d-infanterie-de-combat-us-de-l-armee-americaine-version-terrain\/","title":{"rendered":"Distintivo della fanteria da combattimento statunitense"},"content":{"rendered":"<h2>Distintivo della fanteria da combattimento statunitense<\/h2>\n<p>Per cominciare, questa versione da campo del distintivo della fanteria da combattimento statunitense \u00e8 un accessorio essenziale per le rievocazioni storiche o per la collezione della Seconda Guerra Mondiale.<\/p>\n<p>Il First Award \u00e8 un'onorificenza assegnata ai soldati di fanteria che hanno sperimentato il fuoco.<\/p>\n<p>\u00c8 certamente una delle insegne pi\u00f9 prestigiose agli occhi dei soldati che hanno combattuto. Un po' pi\u00f9 tardi, durante la Seconda guerra mondiale, fu creato un distintivo di metallo completamente nero da indossare sul campo.<\/p>\n<p>Dalla sua creazione, il 27 ottobre 1943, il CIB (Combat Infantryman Badge) \u00e8 stato autorizzato a essere assegnato per le guerre e i conflitti negli Stati Uniti, la Seconda Guerra Mondiale, la Guerra di Corea, il Vietnam e, pi\u00f9 recentemente, la Guerra Globale al Terrore. Attualmente viene ancora assegnato.<\/p>\n<p>Attualmente viene assegnato al personale dell'esercito degli Stati Uniti con specialit\u00e0 professionali di fanteria o forze speciali.<\/p>\n<h2>Il vostro distintivo militare al miglior prezzo.<\/h2>\n<p>Offriamo un'ampia gamma di repliche di armi e accessori militari.<\/p>\n<p>Innanzitutto,<\/p>\n<ul>\n<li>La <a href=\"https:\/\/repliquemangacine.fr\/it\/pugnali-e-accessori-seconda-guerra-mondiale\/pugnale-da-ufficiale-tedesco-rad-1937\/\">Pugnale tedesco Rad<\/a> con il suo pomo a testa d'aquila.<\/li>\n<li>Cos\u00ec come il <a href=\"https:\/\/repliquemangacine.fr\/it\/pugnali-e-accessori-seconda-guerra-mondiale\/baionetta-mauser-k98\/\">Baionetta<\/a> per il fucile Mauser K98 con il suo fodero.<\/li>\n<li>C'\u00e8 anche il <a href=\"https:\/\/repliquemangacine.fr\/it\/pugnali-e-accessori-seconda-guerra-mondiale\/coltello-da-combattimento-usmc-ka-bar\/\">Coltello da combattimento USMC<\/a>chiamato Camillus dall'esercito americano<\/li>\n<li>E molto altro ancora da scoprire nel nostro negozio online!<\/li>\n<\/ul>\n<p>Ecco quindi alcune grandi idee regalo per tutti gli amanti delle storie.<\/p>\n<p>In conclusione, potete utilizzare questo distintivo della fanteria da combattimento statunitense per le vostre rievocazioni storiche. Ma soprattutto \u00e8 un oggetto da collezione e una decorazione.<\/p>\n<p>R\u00e9plique Manga cin\u00e9 \u00e8 un'azienda familiare francese e distributore ufficiale del marchio <a href=\"https:\/\/www.denix.fr\/\" target=\"_blank\" rel=\"noopener noreferrer\">Denix<\/a>.<\/p>","protected":false},"excerpt":{"rendered":"<p>Riproduzione del distintivo della fanteria da combattimento degli Stati Uniti, 1943.<\/p>\n<ul>\n<li>Tutto black metal (versione da campo).<\/li>\n<li>Composto da una barra rettangolare con un moschetto Springfield.<\/li>\n<li>Una corona di foglie di quercia, simbolo di \"forza e lealt\u00e0 incrollabili\".<\/li>\n<li>Sul retro \u00e8 presente una spilla per appenderlo.<\/li>\n<\/ul>","protected":false},"featured_media":27403,"template":"","meta":[],"product_brand":[896],"product_cat":[25,54,85],"product_tag":[],"class_list":{"0":"post-27402","1":"product","2":"type-product","3":"status-publish","4":"has-post-thumbnail","6":"product_brand-replique-manga-cine","7":"product_cat-armes-historiques","8":"product_cat-armes-accessoires-guerre-mondiale","9":"product_cat-dagues-et-accessoires-seconde-guerre-mondiale-materiels-militaria","11":"first","12":"instock","13":"taxable","14":"shipping-taxable","15":"purchasable","16":"product-type-simple"},"yoast_head":"<!-- This site is optimized with the Yoast SEO plugin v27.4 - https:\/\/yoast.com\/product\/yoast-seo-wordpress\/ -->\n<title>Insigne d&#039;infanterie de combat US 1943 - Vente en ligne | RMC<\/title>\n<meta name=\"description\" content=\"Offrez-vous cet insigne d&#039;infanterie de combat US au meilleur prix - Tout en m\u00e9tal - Epingle pour l&#039;accrocher - Envoi 24\/48h - Paiement 100% s\u00e9curis\u00e9\" \/>\n<meta name=\"robots\" content=\"index, follow, max-snippet:-1, max-image-preview:large, max-video-preview:-1\" \/>\n<link rel=\"canonical\" href=\"https:\/\/repliquemangacine.fr\/it\/pugnali-e-accessori-materiale-militare-della-seconda-guerra-mondiale\/distintivo-della-fanteria-da-combattimento-dellesercito-americano-versione-da-campo\/\" \/>\n<meta property=\"og:locale\" content=\"it_IT\" \/>\n<meta property=\"og:type\" content=\"article\" \/>\n<meta property=\"og:title\" content=\"Insigne d&#039;infanterie de combat US 1943 - Vente en ligne | RMC\" \/>\n<meta property=\"og:description\" content=\"Offrez-vous cet insigne d&#039;infanterie de combat US au meilleur prix - Tout en m\u00e9tal - Epingle pour l&#039;accrocher - Envoi 24\/48h - Paiement 100% s\u00e9curis\u00e9\" \/>\n<meta property=\"og:url\" content=\"https:\/\/repliquemangacine.fr\/it\/pugnali-e-accessori-materiale-militare-della-seconda-guerra-mondiale\/distintivo-della-fanteria-da-combattimento-dellesercito-americano-versione-da-campo\/\" \/>\n<meta property=\"og:site_name\" content=\"R\u00e9plique Manga Cin\u00e9\" \/>\n<meta property=\"article:publisher\" content=\"https:\/\/www.facebook.com\/RepliqueMangaCine\" \/>\n<meta property=\"article:modified_time\" content=\"2025-09-23T16:01:55+00:00\" \/>\n<meta property=\"og:image\" content=\"https:\/\/repliquemangacine.fr\/wp-content\/uploads\/2023\/10\/2202-Insigne-dinfanterie-de-combat-de-larmee-americaine-version-terrain.jpg\" \/>\n\t<meta property=\"og:image:width\" content=\"600\" \/>\n\t<meta property=\"og:image:height\" content=\"600\" \/>\n\t<meta property=\"og:image:type\" content=\"image\/jpeg\" \/>\n<meta name=\"twitter:card\" content=\"summary_large_image\" \/>\n<meta name=\"twitter:label1\" content=\"Tempo di lettura stimato\" \/>\n\t<meta name=\"twitter:data1\" content=\"1 minuto\" \/>\n<script type=\"application\/ld+json\" class=\"yoast-schema-graph\">{\"@context\":\"https:\\\/\\\/schema.org\",\"@graph\":[{\"@type\":\"WebPage\",\"@id\":\"https:\\\/\\\/repliquemangacine.fr\\\/dagues-et-accessoires-seconde-guerre-mondiale-materiels-militaria\\\/insigne-d-infanterie-de-combat-us-de-l-armee-americaine-version-terrain\\\/\",\"url\":\"https:\\\/\\\/repliquemangacine.fr\\\/dagues-et-accessoires-seconde-guerre-mondiale-materiels-militaria\\\/insigne-d-infanterie-de-combat-us-de-l-armee-americaine-version-terrain\\\/\",\"name\":\"Insigne d'infanterie de combat US 1943 - Vente en ligne | RMC\",\"isPartOf\":{\"@id\":\"https:\\\/\\\/repliquemangacine.fr\\\/#website\"},\"primaryImageOfPage\":{\"@id\":\"https:\\\/\\\/repliquemangacine.fr\\\/dagues-et-accessoires-seconde-guerre-mondiale-materiels-militaria\\\/insigne-d-infanterie-de-combat-us-de-l-armee-americaine-version-terrain\\\/#primaryimage\"},\"image\":{\"@id\":\"https:\\\/\\\/repliquemangacine.fr\\\/dagues-et-accessoires-seconde-guerre-mondiale-materiels-militaria\\\/insigne-d-infanterie-de-combat-us-de-l-armee-americaine-version-terrain\\\/#primaryimage\"},\"thumbnailUrl\":\"https:\\\/\\\/repliquemangacine.fr\\\/wp-content\\\/uploads\\\/2023\\\/10\\\/2202-Insigne-dinfanterie-de-combat-de-larmee-americaine-version-terrain.jpg\",\"datePublished\":\"2017-07-19T21:15:36+00:00\",\"dateModified\":\"2025-09-23T16:01:55+00:00\",\"description\":\"Offrez-vous cet insigne d'infanterie de combat US au meilleur prix - Tout en m\u00e9tal - Epingle pour l'accrocher - Envoi 24\\\/48h - Paiement 100% s\u00e9curis\u00e9\",\"breadcrumb\":{\"@id\":\"https:\\\/\\\/repliquemangacine.fr\\\/dagues-et-accessoires-seconde-guerre-mondiale-materiels-militaria\\\/insigne-d-infanterie-de-combat-us-de-l-armee-americaine-version-terrain\\\/#breadcrumb\"},\"inLanguage\":\"it-IT\",\"potentialAction\":[{\"@type\":\"ReadAction\",\"target\":[\"https:\\\/\\\/repliquemangacine.fr\\\/dagues-et-accessoires-seconde-guerre-mondiale-materiels-militaria\\\/insigne-d-infanterie-de-combat-us-de-l-armee-americaine-version-terrain\\\/\"]}]},{\"@type\":\"ImageObject\",\"inLanguage\":\"it-IT\",\"@id\":\"https:\\\/\\\/repliquemangacine.fr\\\/dagues-et-accessoires-seconde-guerre-mondiale-materiels-militaria\\\/insigne-d-infanterie-de-combat-us-de-l-armee-americaine-version-terrain\\\/#primaryimage\",\"url\":\"https:\\\/\\\/repliquemangacine.fr\\\/wp-content\\\/uploads\\\/2023\\\/10\\\/2202-Insigne-dinfanterie-de-combat-de-larmee-americaine-version-terrain.jpg\",\"contentUrl\":\"https:\\\/\\\/repliquemangacine.fr\\\/wp-content\\\/uploads\\\/2023\\\/10\\\/2202-Insigne-dinfanterie-de-combat-de-larmee-americaine-version-terrain.jpg\",\"width\":600,\"height\":600,\"caption\":\"Insigne d'infanterie de combat US\"},{\"@type\":\"BreadcrumbList\",\"@id\":\"https:\\\/\\\/repliquemangacine.fr\\\/dagues-et-accessoires-seconde-guerre-mondiale-materiels-militaria\\\/insigne-d-infanterie-de-combat-us-de-l-armee-americaine-version-terrain\\\/#breadcrumb\",\"itemListElement\":[{\"@type\":\"ListItem\",\"position\":1,\"name\":\"Accueil\",\"item\":\"https:\\\/\\\/repliquemangacine.fr\\\/\"},{\"@type\":\"ListItem\",\"position\":2,\"name\":\"Produits\",\"item\":\"https:\\\/\\\/repliquemangacine.fr\\\/boutique\\\/\"},{\"@type\":\"ListItem\",\"position\":3,\"name\":\"Insigne d&#8217;infanterie de combat US\"}]},{\"@type\":\"WebSite\",\"@id\":\"https:\\\/\\\/repliquemangacine.fr\\\/#website\",\"url\":\"https:\\\/\\\/repliquemangacine.fr\\\/\",\"name\":\"R\u00e9plique Manga Cin\u00e9\",\"description\":\"\",\"publisher\":{\"@id\":\"https:\\\/\\\/repliquemangacine.fr\\\/#organization\"},\"potentialAction\":[{\"@type\":\"SearchAction\",\"target\":{\"@type\":\"EntryPoint\",\"urlTemplate\":\"https:\\\/\\\/repliquemangacine.fr\\\/?s={search_term_string}\"},\"query-input\":{\"@type\":\"PropertyValueSpecification\",\"valueRequired\":true,\"valueName\":\"search_term_string\"}}],\"inLanguage\":\"it-IT\"},{\"@type\":\"Organization\",\"@id\":\"https:\\\/\\\/repliquemangacine.fr\\\/#organization\",\"name\":\"R\u00e9plique Manga Cin\u00e9\",\"url\":\"https:\\\/\\\/repliquemangacine.fr\\\/\",\"logo\":{\"@type\":\"ImageObject\",\"inLanguage\":\"it-IT\",\"@id\":\"https:\\\/\\\/repliquemangacine.fr\\\/#\\\/schema\\\/logo\\\/image\\\/\",\"url\":\"https:\\\/\\\/repliquemangacine.fr\\\/wp-content\\\/uploads\\\/2023\\\/10\\\/RMC-500250.png\",\"contentUrl\":\"https:\\\/\\\/repliquemangacine.fr\\\/wp-content\\\/uploads\\\/2023\\\/10\\\/RMC-500250.png\",\"width\":500,\"height\":250,\"caption\":\"R\u00e9plique Manga Cin\u00e9\"},\"image\":{\"@id\":\"https:\\\/\\\/repliquemangacine.fr\\\/#\\\/schema\\\/logo\\\/image\\\/\"},\"sameAs\":[\"https:\\\/\\\/www.facebook.com\\\/RepliqueMangaCine\",\"https:\\\/\\\/www.instagram.com\\\/repliquemangacine.fr\\\/\"]}]}<\/script>\n<!-- \/ Yoast SEO plugin. -->","yoast_head_json":{"title":"Distintivo della fanteria da combattimento USA 1943 - Vendita online | RMC","description":"Regalatevi questo distintivo della fanteria da combattimento statunitense al miglior prezzo - Tutto in metallo - Spilla da appendere - Spedizione 24\/48h - Pagamento sicuro 100%","robots":{"index":"index","follow":"follow","max-snippet":"max-snippet:-1","max-image-preview":"max-image-preview:large","max-video-preview":"max-video-preview:-1"},"canonical":"https:\/\/repliquemangacine.fr\/it\/pugnali-e-accessori-materiale-militare-della-seconda-guerra-mondiale\/distintivo-della-fanteria-da-combattimento-dellesercito-americano-versione-da-campo\/","og_locale":"it_IT","og_type":"article","og_title":"Insigne d'infanterie de combat US 1943 - Vente en ligne | RMC","og_description":"Offrez-vous cet insigne d'infanterie de combat US au meilleur prix - Tout en m\u00e9tal - Epingle pour l'accrocher - Envoi 24\/48h - Paiement 100% s\u00e9curis\u00e9","og_url":"https:\/\/repliquemangacine.fr\/it\/pugnali-e-accessori-materiale-militare-della-seconda-guerra-mondiale\/distintivo-della-fanteria-da-combattimento-dellesercito-americano-versione-da-campo\/","og_site_name":"R\u00e9plique Manga Cin\u00e9","article_publisher":"https:\/\/www.facebook.com\/RepliqueMangaCine","article_modified_time":"2025-09-23T16:01:55+00:00","og_image":[{"width":600,"height":600,"url":"https:\/\/repliquemangacine.fr\/wp-content\/uploads\/2023\/10\/2202-Insigne-dinfanterie-de-combat-de-larmee-americaine-version-terrain.jpg","type":"image\/jpeg"}],"twitter_card":"summary_large_image","twitter_misc":{"Tempo di lettura stimato":"1 minuto"},"schema":{"@context":"https:\/\/schema.org","@graph":[{"@type":"WebPage","@id":"https:\/\/repliquemangacine.fr\/dagues-et-accessoires-seconde-guerre-mondiale-materiels-militaria\/insigne-d-infanterie-de-combat-us-de-l-armee-americaine-version-terrain\/","url":"https:\/\/repliquemangacine.fr\/dagues-et-accessoires-seconde-guerre-mondiale-materiels-militaria\/insigne-d-infanterie-de-combat-us-de-l-armee-americaine-version-terrain\/","name":"Distintivo della fanteria da combattimento USA 1943 - Vendita online | RMC","isPartOf":{"@id":"https:\/\/repliquemangacine.fr\/#website"},"primaryImageOfPage":{"@id":"https:\/\/repliquemangacine.fr\/dagues-et-accessoires-seconde-guerre-mondiale-materiels-militaria\/insigne-d-infanterie-de-combat-us-de-l-armee-americaine-version-terrain\/#primaryimage"},"image":{"@id":"https:\/\/repliquemangacine.fr\/dagues-et-accessoires-seconde-guerre-mondiale-materiels-militaria\/insigne-d-infanterie-de-combat-us-de-l-armee-americaine-version-terrain\/#primaryimage"},"thumbnailUrl":"https:\/\/repliquemangacine.fr\/wp-content\/uploads\/2023\/10\/2202-Insigne-dinfanterie-de-combat-de-larmee-americaine-version-terrain.jpg","datePublished":"2017-07-19T21:15:36+00:00","dateModified":"2025-09-23T16:01:55+00:00","description":"Regalatevi questo distintivo della fanteria da combattimento statunitense al miglior prezzo - Tutto in metallo - Spilla da appendere - Spedizione 24\/48h - Pagamento sicuro 100%","breadcrumb":{"@id":"https:\/\/repliquemangacine.fr\/dagues-et-accessoires-seconde-guerre-mondiale-materiels-militaria\/insigne-d-infanterie-de-combat-us-de-l-armee-americaine-version-terrain\/#breadcrumb"},"inLanguage":"it-IT","potentialAction":[{"@type":"ReadAction","target":["https:\/\/repliquemangacine.fr\/dagues-et-accessoires-seconde-guerre-mondiale-materiels-militaria\/insigne-d-infanterie-de-combat-us-de-l-armee-americaine-version-terrain\/"]}]},{"@type":"ImageObject","inLanguage":"it-IT","@id":"https:\/\/repliquemangacine.fr\/dagues-et-accessoires-seconde-guerre-mondiale-materiels-militaria\/insigne-d-infanterie-de-combat-us-de-l-armee-americaine-version-terrain\/#primaryimage","url":"https:\/\/repliquemangacine.fr\/wp-content\/uploads\/2023\/10\/2202-Insigne-dinfanterie-de-combat-de-larmee-americaine-version-terrain.jpg","contentUrl":"https:\/\/repliquemangacine.fr\/wp-content\/uploads\/2023\/10\/2202-Insigne-dinfanterie-de-combat-de-larmee-americaine-version-terrain.jpg","width":600,"height":600,"caption":"Insigne d'infanterie de combat US"},{"@type":"BreadcrumbList","@id":"https:\/\/repliquemangacine.fr\/dagues-et-accessoires-seconde-guerre-mondiale-materiels-militaria\/insigne-d-infanterie-de-combat-us-de-l-armee-americaine-version-terrain\/#breadcrumb","itemListElement":[{"@type":"ListItem","position":1,"name":"Accueil","item":"https:\/\/repliquemangacine.fr\/"},{"@type":"ListItem","position":2,"name":"Produits","item":"https:\/\/repliquemangacine.fr\/boutique\/"},{"@type":"ListItem","position":3,"name":"Insigne d&#8217;infanterie de combat US"}]},{"@type":"WebSite","@id":"https:\/\/repliquemangacine.fr\/#website","url":"https:\/\/repliquemangacine.fr\/","name":"R\u00e9plique Manga Cin\u00e9","description":"","publisher":{"@id":"https:\/\/repliquemangacine.fr\/#organization"},"potentialAction":[{"@type":"SearchAction","target":{"@type":"EntryPoint","urlTemplate":"https:\/\/repliquemangacine.fr\/?s={search_term_string}"},"query-input":{"@type":"PropertyValueSpecification","valueRequired":true,"valueName":"search_term_string"}}],"inLanguage":"it-IT"},{"@type":"Organization","@id":"https:\/\/repliquemangacine.fr\/#organization","name":"R\u00e9plique Manga Cin\u00e9","url":"https:\/\/repliquemangacine.fr\/","logo":{"@type":"ImageObject","inLanguage":"it-IT","@id":"https:\/\/repliquemangacine.fr\/#\/schema\/logo\/image\/","url":"https:\/\/repliquemangacine.fr\/wp-content\/uploads\/2023\/10\/RMC-500250.png","contentUrl":"https:\/\/repliquemangacine.fr\/wp-content\/uploads\/2023\/10\/RMC-500250.png","width":500,"height":250,"caption":"R\u00e9plique Manga Cin\u00e9"},"image":{"@id":"https:\/\/repliquemangacine.fr\/#\/schema\/logo\/image\/"},"sameAs":["https:\/\/www.facebook.com\/RepliqueMangaCine","https:\/\/www.instagram.com\/repliquemangacine.fr\/"]}]}},"_links":{"self":[{"href":"https:\/\/repliquemangacine.fr\/it\/wp-json\/wp\/v2\/product\/27402","targetHints":{"allow":["GET"]}}],"collection":[{"href":"https:\/\/repliquemangacine.fr\/it\/wp-json\/wp\/v2\/product"}],"about":[{"href":"https:\/\/repliquemangacine.fr\/it\/wp-json\/wp\/v2\/types\/product"}],"wp:featuredmedia":[{"embeddable":true,"href":"https:\/\/repliquemangacine.fr\/it\/wp-json\/wp\/v2\/media\/27403"}],"wp:attachment":[{"href":"https:\/\/repliquemangacine.fr\/it\/wp-json\/wp\/v2\/media?parent=27402"}],"wp:term":[{"taxonomy":"product_brand","embeddable":true,"href":"https:\/\/repliquemangacine.fr\/it\/wp-json\/wp\/v2\/product_brand?post=27402"},{"taxonomy":"product_cat","embeddable":true,"href":"https:\/\/repliquemangacine.fr\/it\/wp-json\/wp\/v2\/product_cat?post=27402"},{"taxonomy":"product_tag","embeddable":true,"href":"https:\/\/repliquemangacine.fr\/it\/wp-json\/wp\/v2\/product_tag?post=27402"}],"curies":[{"name":"wp","href":"https:\/\/api.w.org\/{rel}","templated":true}]}}