





{"id":27399,"date":"2017-07-19T22:47:12","date_gmt":"2017-07-19T20:47:12","guid":{"rendered":"https:\/\/repliquemangacine.fr\/?post_type=product&#038;p=27399"},"modified":"2025-09-23T18:01:55","modified_gmt":"2025-09-23T16:01:55","slug":"distintivo-di-combattimento-della-fanteria-dellesercito-americano","status":"publish","type":"product","link":"https:\/\/repliquemangacine.fr\/it\/dagues-et-accessoires-seconde-guerre-mondiale-materiels-militaria\/insigne-d-infanterie-de-combat-de-l-armee-americaine\/","title":{"rendered":"Distintivo della fanteria da combattimento"},"content":{"rendered":"<h2>Distintivo di fanteria da combattimento - Denix<\/h2>\n<p>Per cominciare, questo distintivo da combattimento della fanteria \u00e8 l'accessorio essenziale per le vostre rievocazioni storiche o per la vostra collezione della Seconda Guerra Mondiale.<\/p>\n<p>Il First Award \u00e8 un'onorificenza assegnata ai soldati di fanteria che hanno sperimentato il fuoco.<\/p>\n<p>\u00c8 certamente una delle insegne pi\u00f9 prestigiose agli occhi dei soldati che hanno combattuto. Un po' pi\u00f9 tardi, durante la Seconda guerra mondiale, fu creato un distintivo di metallo completamente nero da indossare sul campo.<\/p>\n<p>Dalla sua creazione, il 27 ottobre 1943, il CIB (Combat Infantryman Badge) \u00e8 stato autorizzato a essere assegnato per le guerre e i conflitti negli Stati Uniti, la Seconda Guerra Mondiale, la Guerra di Corea, il Vietnam e, pi\u00f9 recentemente, la Guerra Globale al Terrore. Attualmente viene ancora assegnato.<\/p>\n<p>Attualmente viene assegnato al personale dell'esercito degli Stati Uniti con specialit\u00e0 professionali di fanteria o forze speciali.<\/p>\n<h2>Il vostro distintivo militare al miglior prezzo.<\/h2>\n<p>Offriamo un'ampia gamma di repliche di armi e accessori militari.<\/p>\n<p>Innanzitutto,<\/p>\n<ul>\n<li>La <a href=\"https:\/\/repliquemangacine.fr\/it\/pugnali-e-accessori-seconda-guerra-mondiale\/pugnale-da-ufficiale-tedesco-rad-1937\/\">Pugnale tedesco Rad<\/a> con il suo pomo a testa d'aquila.<\/li>\n<li>Cos\u00ec come il <a href=\"https:\/\/repliquemangacine.fr\/it\/pugnali-e-accessori-seconda-guerra-mondiale\/baionetta-mauser-k98\/\">Baionetta<\/a> per il fucile Mauser K98 con il suo fodero.<\/li>\n<li>C'\u00e8 anche il <a href=\"https:\/\/repliquemangacine.fr\/it\/pugnali-e-accessori-seconda-guerra-mondiale\/coltello-da-combattimento-usmc-ka-bar\/\">Coltello da combattimento USMC<\/a>chiamato Camillus dall'esercito americano<\/li>\n<li>E molto altro ancora da scoprire nel nostro negozio online!<\/li>\n<\/ul>\n<p>Ecco quindi alcune grandi idee regalo per tutti gli amanti delle storie.<\/p>\n<p>In conclusione, potete utilizzare questo distintivo della fanteria da combattimento statunitense per le vostre rievocazioni storiche. Ma soprattutto \u00e8 un oggetto da collezione e una decorazione.<\/p>\n<p>R\u00e9plique Manga cin\u00e9 \u00e8 un'azienda familiare francese e distributore ufficiale del marchio <a href=\"https:\/\/www.denix.fr\/\" target=\"_blank\" rel=\"noopener noreferrer\">Denix<\/a>.<\/p>","protected":false},"excerpt":{"rendered":"<p>Splendida riproduzione del distintivo della fanteria da combattimento degli Stati Uniti del 1943 durante la Seconda Guerra Mondiale.<\/p>\n<ul>\n<li>Il tutto in metallo argentato.<\/li>\n<li>Decorazioni per il fucile Springfield.<\/li>\n<li>Una corona di foglie di quercia, simbolo di \"forza e lealt\u00e0 incrollabili\".<\/li>\n<li>Sul retro c'\u00e8 una spilla per appenderlo.<\/li>\n<\/ul>","protected":false},"featured_media":27400,"template":"","meta":[],"product_brand":[896],"product_cat":[25,54,85],"product_tag":[],"class_list":{"0":"post-27399","1":"product","2":"type-product","3":"status-publish","4":"has-post-thumbnail","6":"product_brand-replique-manga-cine","7":"product_cat-armes-historiques","8":"product_cat-armes-accessoires-guerre-mondiale","9":"product_cat-dagues-et-accessoires-seconde-guerre-mondiale-materiels-militaria","11":"first","12":"instock","13":"taxable","14":"shipping-taxable","15":"purchasable","16":"product-type-simple"},"yoast_head":"<!-- This site is optimized with the Yoast SEO plugin v27.4 - https:\/\/yoast.com\/product\/yoast-seo-wordpress\/ -->\n<title>Insigne d&#039;infanterie de combat 1943 - Denix - R\u00e9plique Manga Cin\u00e9<\/title>\n<meta name=\"description\" content=\"Offrez-vous cet Insigne d&#039;infanterie de combat au meilleur prix - Tout en acier - Epingle au dos pour l&#039;accrocher - D\u00e9cor Fusil - Envoi 24\/48h\" \/>\n<meta name=\"robots\" content=\"index, follow, max-snippet:-1, max-image-preview:large, max-video-preview:-1\" \/>\n<link rel=\"canonical\" href=\"https:\/\/repliquemangacine.fr\/it\/pugnali-e-accessori-materiale-militare-della-seconda-guerra-mondiale\/distintivo-di-combattimento-della-fanteria-dellesercito-americano\/\" \/>\n<meta property=\"og:locale\" content=\"it_IT\" \/>\n<meta property=\"og:type\" content=\"article\" \/>\n<meta property=\"og:title\" content=\"Insigne d&#039;infanterie de combat 1943 - Denix - R\u00e9plique Manga Cin\u00e9\" \/>\n<meta property=\"og:description\" content=\"Offrez-vous cet Insigne d&#039;infanterie de combat au meilleur prix - Tout en acier - Epingle au dos pour l&#039;accrocher - D\u00e9cor Fusil - Envoi 24\/48h\" \/>\n<meta property=\"og:url\" content=\"https:\/\/repliquemangacine.fr\/it\/pugnali-e-accessori-materiale-militare-della-seconda-guerra-mondiale\/distintivo-di-combattimento-della-fanteria-dellesercito-americano\/\" \/>\n<meta property=\"og:site_name\" content=\"R\u00e9plique Manga Cin\u00e9\" \/>\n<meta property=\"article:publisher\" content=\"https:\/\/www.facebook.com\/RepliqueMangaCine\" \/>\n<meta property=\"article:modified_time\" content=\"2025-09-23T16:01:55+00:00\" \/>\n<meta property=\"og:image\" content=\"https:\/\/repliquemangacine.fr\/wp-content\/uploads\/2023\/10\/2200-Insigne-dinfanterie-de-combat-de-larmee-americaine.jpg\" \/>\n\t<meta property=\"og:image:width\" content=\"600\" \/>\n\t<meta property=\"og:image:height\" content=\"600\" \/>\n\t<meta property=\"og:image:type\" content=\"image\/jpeg\" \/>\n<meta name=\"twitter:card\" content=\"summary_large_image\" \/>\n<meta name=\"twitter:label1\" content=\"Tempo di lettura stimato\" \/>\n\t<meta name=\"twitter:data1\" content=\"1 minuto\" \/>\n<script type=\"application\/ld+json\" class=\"yoast-schema-graph\">{\"@context\":\"https:\\\/\\\/schema.org\",\"@graph\":[{\"@type\":\"WebPage\",\"@id\":\"https:\\\/\\\/repliquemangacine.fr\\\/dagues-et-accessoires-seconde-guerre-mondiale-materiels-militaria\\\/insigne-d-infanterie-de-combat-de-l-armee-americaine\\\/\",\"url\":\"https:\\\/\\\/repliquemangacine.fr\\\/dagues-et-accessoires-seconde-guerre-mondiale-materiels-militaria\\\/insigne-d-infanterie-de-combat-de-l-armee-americaine\\\/\",\"name\":\"Insigne d'infanterie de combat 1943 - Denix - R\u00e9plique Manga Cin\u00e9\",\"isPartOf\":{\"@id\":\"https:\\\/\\\/repliquemangacine.fr\\\/#website\"},\"primaryImageOfPage\":{\"@id\":\"https:\\\/\\\/repliquemangacine.fr\\\/dagues-et-accessoires-seconde-guerre-mondiale-materiels-militaria\\\/insigne-d-infanterie-de-combat-de-l-armee-americaine\\\/#primaryimage\"},\"image\":{\"@id\":\"https:\\\/\\\/repliquemangacine.fr\\\/dagues-et-accessoires-seconde-guerre-mondiale-materiels-militaria\\\/insigne-d-infanterie-de-combat-de-l-armee-americaine\\\/#primaryimage\"},\"thumbnailUrl\":\"https:\\\/\\\/repliquemangacine.fr\\\/wp-content\\\/uploads\\\/2023\\\/10\\\/2200-Insigne-dinfanterie-de-combat-de-larmee-americaine.jpg\",\"datePublished\":\"2017-07-19T20:47:12+00:00\",\"dateModified\":\"2025-09-23T16:01:55+00:00\",\"description\":\"Offrez-vous cet Insigne d'infanterie de combat au meilleur prix - Tout en acier - Epingle au dos pour l'accrocher - D\u00e9cor Fusil - Envoi 24\\\/48h\",\"breadcrumb\":{\"@id\":\"https:\\\/\\\/repliquemangacine.fr\\\/dagues-et-accessoires-seconde-guerre-mondiale-materiels-militaria\\\/insigne-d-infanterie-de-combat-de-l-armee-americaine\\\/#breadcrumb\"},\"inLanguage\":\"it-IT\",\"potentialAction\":[{\"@type\":\"ReadAction\",\"target\":[\"https:\\\/\\\/repliquemangacine.fr\\\/dagues-et-accessoires-seconde-guerre-mondiale-materiels-militaria\\\/insigne-d-infanterie-de-combat-de-l-armee-americaine\\\/\"]}]},{\"@type\":\"ImageObject\",\"inLanguage\":\"it-IT\",\"@id\":\"https:\\\/\\\/repliquemangacine.fr\\\/dagues-et-accessoires-seconde-guerre-mondiale-materiels-militaria\\\/insigne-d-infanterie-de-combat-de-l-armee-americaine\\\/#primaryimage\",\"url\":\"https:\\\/\\\/repliquemangacine.fr\\\/wp-content\\\/uploads\\\/2023\\\/10\\\/2200-Insigne-dinfanterie-de-combat-de-larmee-americaine.jpg\",\"contentUrl\":\"https:\\\/\\\/repliquemangacine.fr\\\/wp-content\\\/uploads\\\/2023\\\/10\\\/2200-Insigne-dinfanterie-de-combat-de-larmee-americaine.jpg\",\"width\":600,\"height\":600,\"caption\":\"Insigne d'infanterie de combat\"},{\"@type\":\"BreadcrumbList\",\"@id\":\"https:\\\/\\\/repliquemangacine.fr\\\/dagues-et-accessoires-seconde-guerre-mondiale-materiels-militaria\\\/insigne-d-infanterie-de-combat-de-l-armee-americaine\\\/#breadcrumb\",\"itemListElement\":[{\"@type\":\"ListItem\",\"position\":1,\"name\":\"Accueil\",\"item\":\"https:\\\/\\\/repliquemangacine.fr\\\/\"},{\"@type\":\"ListItem\",\"position\":2,\"name\":\"Produits\",\"item\":\"https:\\\/\\\/repliquemangacine.fr\\\/boutique\\\/\"},{\"@type\":\"ListItem\",\"position\":3,\"name\":\"Insigne d&#8217;infanterie de combat\"}]},{\"@type\":\"WebSite\",\"@id\":\"https:\\\/\\\/repliquemangacine.fr\\\/#website\",\"url\":\"https:\\\/\\\/repliquemangacine.fr\\\/\",\"name\":\"R\u00e9plique Manga Cin\u00e9\",\"description\":\"\",\"publisher\":{\"@id\":\"https:\\\/\\\/repliquemangacine.fr\\\/#organization\"},\"potentialAction\":[{\"@type\":\"SearchAction\",\"target\":{\"@type\":\"EntryPoint\",\"urlTemplate\":\"https:\\\/\\\/repliquemangacine.fr\\\/?s={search_term_string}\"},\"query-input\":{\"@type\":\"PropertyValueSpecification\",\"valueRequired\":true,\"valueName\":\"search_term_string\"}}],\"inLanguage\":\"it-IT\"},{\"@type\":\"Organization\",\"@id\":\"https:\\\/\\\/repliquemangacine.fr\\\/#organization\",\"name\":\"R\u00e9plique Manga Cin\u00e9\",\"url\":\"https:\\\/\\\/repliquemangacine.fr\\\/\",\"logo\":{\"@type\":\"ImageObject\",\"inLanguage\":\"it-IT\",\"@id\":\"https:\\\/\\\/repliquemangacine.fr\\\/#\\\/schema\\\/logo\\\/image\\\/\",\"url\":\"https:\\\/\\\/repliquemangacine.fr\\\/wp-content\\\/uploads\\\/2023\\\/10\\\/RMC-500250.png\",\"contentUrl\":\"https:\\\/\\\/repliquemangacine.fr\\\/wp-content\\\/uploads\\\/2023\\\/10\\\/RMC-500250.png\",\"width\":500,\"height\":250,\"caption\":\"R\u00e9plique Manga Cin\u00e9\"},\"image\":{\"@id\":\"https:\\\/\\\/repliquemangacine.fr\\\/#\\\/schema\\\/logo\\\/image\\\/\"},\"sameAs\":[\"https:\\\/\\\/www.facebook.com\\\/RepliqueMangaCine\",\"https:\\\/\\\/www.instagram.com\\\/repliquemangacine.fr\\\/\"]}]}<\/script>\n<!-- \/ Yoast SEO plugin. -->","yoast_head_json":{"title":"Distintivo di fanteria da combattimento 1943 - Denix - R\u00e9plique Manga Cin\u00e9","description":"Regalatevi questo distintivo di fanteria da combattimento al miglior prezzo - Tutto in acciaio - Spilla sul retro per appenderlo - Decorazione con fucile - Spedizione 24\/48h","robots":{"index":"index","follow":"follow","max-snippet":"max-snippet:-1","max-image-preview":"max-image-preview:large","max-video-preview":"max-video-preview:-1"},"canonical":"https:\/\/repliquemangacine.fr\/it\/pugnali-e-accessori-materiale-militare-della-seconda-guerra-mondiale\/distintivo-di-combattimento-della-fanteria-dellesercito-americano\/","og_locale":"it_IT","og_type":"article","og_title":"Insigne d'infanterie de combat 1943 - Denix - R\u00e9plique Manga Cin\u00e9","og_description":"Offrez-vous cet Insigne d'infanterie de combat au meilleur prix - Tout en acier - Epingle au dos pour l'accrocher - D\u00e9cor Fusil - Envoi 24\/48h","og_url":"https:\/\/repliquemangacine.fr\/it\/pugnali-e-accessori-materiale-militare-della-seconda-guerra-mondiale\/distintivo-di-combattimento-della-fanteria-dellesercito-americano\/","og_site_name":"R\u00e9plique Manga Cin\u00e9","article_publisher":"https:\/\/www.facebook.com\/RepliqueMangaCine","article_modified_time":"2025-09-23T16:01:55+00:00","og_image":[{"width":600,"height":600,"url":"https:\/\/repliquemangacine.fr\/wp-content\/uploads\/2023\/10\/2200-Insigne-dinfanterie-de-combat-de-larmee-americaine.jpg","type":"image\/jpeg"}],"twitter_card":"summary_large_image","twitter_misc":{"Tempo di lettura stimato":"1 minuto"},"schema":{"@context":"https:\/\/schema.org","@graph":[{"@type":"WebPage","@id":"https:\/\/repliquemangacine.fr\/dagues-et-accessoires-seconde-guerre-mondiale-materiels-militaria\/insigne-d-infanterie-de-combat-de-l-armee-americaine\/","url":"https:\/\/repliquemangacine.fr\/dagues-et-accessoires-seconde-guerre-mondiale-materiels-militaria\/insigne-d-infanterie-de-combat-de-l-armee-americaine\/","name":"Distintivo di fanteria da combattimento 1943 - Denix - R\u00e9plique Manga Cin\u00e9","isPartOf":{"@id":"https:\/\/repliquemangacine.fr\/#website"},"primaryImageOfPage":{"@id":"https:\/\/repliquemangacine.fr\/dagues-et-accessoires-seconde-guerre-mondiale-materiels-militaria\/insigne-d-infanterie-de-combat-de-l-armee-americaine\/#primaryimage"},"image":{"@id":"https:\/\/repliquemangacine.fr\/dagues-et-accessoires-seconde-guerre-mondiale-materiels-militaria\/insigne-d-infanterie-de-combat-de-l-armee-americaine\/#primaryimage"},"thumbnailUrl":"https:\/\/repliquemangacine.fr\/wp-content\/uploads\/2023\/10\/2200-Insigne-dinfanterie-de-combat-de-larmee-americaine.jpg","datePublished":"2017-07-19T20:47:12+00:00","dateModified":"2025-09-23T16:01:55+00:00","description":"Regalatevi questo distintivo di fanteria da combattimento al miglior prezzo - Tutto in acciaio - Spilla sul retro per appenderlo - Decorazione con fucile - Spedizione 24\/48h","breadcrumb":{"@id":"https:\/\/repliquemangacine.fr\/dagues-et-accessoires-seconde-guerre-mondiale-materiels-militaria\/insigne-d-infanterie-de-combat-de-l-armee-americaine\/#breadcrumb"},"inLanguage":"it-IT","potentialAction":[{"@type":"ReadAction","target":["https:\/\/repliquemangacine.fr\/dagues-et-accessoires-seconde-guerre-mondiale-materiels-militaria\/insigne-d-infanterie-de-combat-de-l-armee-americaine\/"]}]},{"@type":"ImageObject","inLanguage":"it-IT","@id":"https:\/\/repliquemangacine.fr\/dagues-et-accessoires-seconde-guerre-mondiale-materiels-militaria\/insigne-d-infanterie-de-combat-de-l-armee-americaine\/#primaryimage","url":"https:\/\/repliquemangacine.fr\/wp-content\/uploads\/2023\/10\/2200-Insigne-dinfanterie-de-combat-de-larmee-americaine.jpg","contentUrl":"https:\/\/repliquemangacine.fr\/wp-content\/uploads\/2023\/10\/2200-Insigne-dinfanterie-de-combat-de-larmee-americaine.jpg","width":600,"height":600,"caption":"Insigne d'infanterie de combat"},{"@type":"BreadcrumbList","@id":"https:\/\/repliquemangacine.fr\/dagues-et-accessoires-seconde-guerre-mondiale-materiels-militaria\/insigne-d-infanterie-de-combat-de-l-armee-americaine\/#breadcrumb","itemListElement":[{"@type":"ListItem","position":1,"name":"Accueil","item":"https:\/\/repliquemangacine.fr\/"},{"@type":"ListItem","position":2,"name":"Produits","item":"https:\/\/repliquemangacine.fr\/boutique\/"},{"@type":"ListItem","position":3,"name":"Insigne d&#8217;infanterie de combat"}]},{"@type":"WebSite","@id":"https:\/\/repliquemangacine.fr\/#website","url":"https:\/\/repliquemangacine.fr\/","name":"R\u00e9plique Manga Cin\u00e9","description":"","publisher":{"@id":"https:\/\/repliquemangacine.fr\/#organization"},"potentialAction":[{"@type":"SearchAction","target":{"@type":"EntryPoint","urlTemplate":"https:\/\/repliquemangacine.fr\/?s={search_term_string}"},"query-input":{"@type":"PropertyValueSpecification","valueRequired":true,"valueName":"search_term_string"}}],"inLanguage":"it-IT"},{"@type":"Organization","@id":"https:\/\/repliquemangacine.fr\/#organization","name":"R\u00e9plique Manga Cin\u00e9","url":"https:\/\/repliquemangacine.fr\/","logo":{"@type":"ImageObject","inLanguage":"it-IT","@id":"https:\/\/repliquemangacine.fr\/#\/schema\/logo\/image\/","url":"https:\/\/repliquemangacine.fr\/wp-content\/uploads\/2023\/10\/RMC-500250.png","contentUrl":"https:\/\/repliquemangacine.fr\/wp-content\/uploads\/2023\/10\/RMC-500250.png","width":500,"height":250,"caption":"R\u00e9plique Manga Cin\u00e9"},"image":{"@id":"https:\/\/repliquemangacine.fr\/#\/schema\/logo\/image\/"},"sameAs":["https:\/\/www.facebook.com\/RepliqueMangaCine","https:\/\/www.instagram.com\/repliquemangacine.fr\/"]}]}},"_links":{"self":[{"href":"https:\/\/repliquemangacine.fr\/it\/wp-json\/wp\/v2\/product\/27399","targetHints":{"allow":["GET"]}}],"collection":[{"href":"https:\/\/repliquemangacine.fr\/it\/wp-json\/wp\/v2\/product"}],"about":[{"href":"https:\/\/repliquemangacine.fr\/it\/wp-json\/wp\/v2\/types\/product"}],"wp:featuredmedia":[{"embeddable":true,"href":"https:\/\/repliquemangacine.fr\/it\/wp-json\/wp\/v2\/media\/27400"}],"wp:attachment":[{"href":"https:\/\/repliquemangacine.fr\/it\/wp-json\/wp\/v2\/media?parent=27399"}],"wp:term":[{"taxonomy":"product_brand","embeddable":true,"href":"https:\/\/repliquemangacine.fr\/it\/wp-json\/wp\/v2\/product_brand?post=27399"},{"taxonomy":"product_cat","embeddable":true,"href":"https:\/\/repliquemangacine.fr\/it\/wp-json\/wp\/v2\/product_cat?post=27399"},{"taxonomy":"product_tag","embeddable":true,"href":"https:\/\/repliquemangacine.fr\/it\/wp-json\/wp\/v2\/product_tag?post=27399"}],"curies":[{"name":"wp","href":"https:\/\/api.w.org\/{rel}","templated":true}]}}