





{"id":27381,"date":"2017-07-16T17:18:49","date_gmt":"2017-07-16T15:18:49","guid":{"rendered":"https:\/\/repliquemangacine.fr\/?post_type=product&#038;p=27381"},"modified":"2026-01-23T22:42:47","modified_gmt":"2026-01-23T21:42:47","slug":"supporto-in-legno-per-pistola-e-colt-2","status":"publish","type":"product","link":"https:\/\/repliquemangacine.fr\/it\/holster-accessoires-western\/support-en-bois-pour-pistolet-et-colt\/","title":{"rendered":"Supporto per le armi"},"content":{"rendered":"<h2>Portafucile in legno - Denix<\/h2>\n<p>Per cominciare, il poggiapistola in legno \u00e8 essenziale per una buona presentazione delle armi.<\/p>\n<p><a href=\"https:\/\/www.denix.fr\/\" target=\"_blank\" rel=\"noopener noreferrer\">Denix<\/a> ci propone un'idea originale di supporto a incastro semplice, senza chiodi n\u00e9 viti. Con questo piccolo oggetto potrete esporre a basso costo tutte le vostre pistole e i vostri revolver.<\/p>\n<p>Denix, azienda spagnola di fama mondiale nella vendita di riproduzioni di armi storiche. Leader nel suo settore da oltre 50 anni, esporta in pi\u00f9 di 40 paesi, con una vasta rete di distributori di cui facciamo parte, per la gioia di tutti.<\/p>\n<p>Tutte le epoche storiche sono presenti nel loro catalogo:<\/p>\n<ul>\n<li>L'antichit\u00e0 e le sue spade<\/li>\n<li>Il Medioevo e le spade<\/li>\n<li>Il 1\u00b0 Impero con i suoi fucili, pistole e sciabole<\/li>\n<li>Il mondo occidentale e i suoi puledri e vitelloni<\/li>\n<li>La 2\u1d49 guerra mondiale e le armi del D-Day<\/li>\n<\/ul>\n<h2>Le vostre armi Denix replica al miglior prezzo.<\/h2>\n<p>Vi proponiamo un'ampia scelta di riproduzioni di armi del marchio Denix.<\/p>\n<p>Innanzitutto,<\/p>\n<ul>\n<li>Repliche antiche come il <a href=\"https:\/\/repliquemangacine.fr\/it\/armi-storiche\/giulio-cesare-spada-nera\/\">La spada di Giulio Cesare<\/a> con un finale notevole.<\/li>\n<li>C'\u00e8 anche il periodo occidentale con il <a href=\"https:\/\/repliquemangacine.fr\/it\/fucile-winchester\/\">Winchester<\/a> e i puledri Cowboy<\/li>\n<li>Oltre ai periodi antichi e medievali, come la<a href=\"https:\/\/repliquemangacine.fr\/it\/riproduzioni-di-armi-e-accessori-medievali\/excalibur-re-arthur-spada-leggendaria\/\">La spada di Re Art\u00f9 Excalibur<\/a><\/li>\n<li>Per concludere il <a href=\"https:\/\/repliquemangacine.fr\/it\/armi-seconda-guerra-mondiale\/\">Seconda guerra mondiale<\/a> con tutte le armi utilizzate nel D-Day<\/li>\n<li>E molto altro ancora da scoprire nel nostro negozio online!<\/li>\n<\/ul>\n<p>Ecco quindi alcune fantastiche idee regalo per tutti gli appassionati di storia.<\/p>\n<p>In conclusione, potete utilizzare questo supporto per pistole in legno come elemento decorativo e per esporre le vostre armi da collezione.<\/p>\n<p>R\u00e9plique Manga Cin\u00e9 \u00e8 un'azienda familiare francese, distributore ufficiale del marchio Denix.<\/p>","protected":false},"excerpt":{"rendered":"<p>Finalmente potrete esporre le vostre Colt e pistole ovunque vogliate in tutta tranquillit\u00e0.<\/p>\n<ul>\n<li>Supporto in legno che pu\u00f2 essere posizionato ovunque.<\/li>\n<li>Molto facile da assemblare incastrandosi l'uno con l'altro.<\/li>\n<li>Altezza: 11 cm - Peso: 30 grammi<\/li>\n<\/ul>","protected":false},"featured_media":27382,"template":"","meta":[],"product_brand":[896],"product_cat":[51,25,102,54,90,85,28,27],"product_tag":[],"class_list":{"0":"post-27381","1":"product","2":"type-product","3":"status-publish","4":"has-post-thumbnail","6":"product_brand-replique-manga-cine","7":"product_cat-accessoires-western","8":"product_cat-armes-historiques","9":"product_cat-denix","10":"product_cat-armes-accessoires-guerre-mondiale","11":"product_cat-holster-accessoires-western","12":"product_cat-dagues-et-accessoires-seconde-guerre-mondiale-materiels-militaria","13":"product_cat-repliques-darmes","14":"product_cat-armes-et-accessoires-western","16":"first","17":"instock","18":"taxable","19":"shipping-taxable","20":"purchasable","21":"product-type-simple"},"yoast_head":"<!-- This site is optimized with the Yoast SEO plugin v27.4 - https:\/\/yoast.com\/product\/yoast-seo-wordpress\/ -->\n<title>Support pistolet bois -Vente en ligne - Denix | R\u00e9plique Manga Cin\u00e9<\/title>\n<meta name=\"description\" content=\"Vous allez pouvoir exposer vos pistolets, colts, revolver partout ou vous voulez, gr\u00e2ce \u00e0 ce support pistolet bois au meilleur prix (petit, mais costaud).\" \/>\n<meta name=\"robots\" content=\"index, follow, max-snippet:-1, max-image-preview:large, max-video-preview:-1\" \/>\n<link rel=\"canonical\" href=\"https:\/\/repliquemangacine.fr\/it\/denix\/supporto-in-legno-per-pistola-e-colt-2\/\" \/>\n<meta property=\"og:locale\" content=\"it_IT\" \/>\n<meta property=\"og:type\" content=\"article\" \/>\n<meta property=\"og:title\" content=\"Support pistolet bois -Vente en ligne - Denix | R\u00e9plique Manga Cin\u00e9\" \/>\n<meta property=\"og:description\" content=\"Vous allez pouvoir exposer vos pistolets, colts, revolver partout ou vous voulez, gr\u00e2ce \u00e0 ce support pistolet bois au meilleur prix (petit, mais costaud).\" \/>\n<meta property=\"og:url\" content=\"https:\/\/repliquemangacine.fr\/it\/denix\/supporto-in-legno-per-pistola-e-colt-2\/\" \/>\n<meta property=\"og:site_name\" content=\"R\u00e9plique Manga Cin\u00e9\" \/>\n<meta property=\"article:publisher\" content=\"https:\/\/www.facebook.com\/RepliqueMangaCine\" \/>\n<meta property=\"article:modified_time\" content=\"2026-01-23T21:42:47+00:00\" \/>\n<meta property=\"og:image\" content=\"https:\/\/repliquemangacine.fr\/wp-content\/uploads\/2023\/10\/2175-Support-en-bois-pour-pistolet-et-colt.jpg\" \/>\n\t<meta property=\"og:image:width\" content=\"600\" \/>\n\t<meta property=\"og:image:height\" content=\"600\" \/>\n\t<meta property=\"og:image:type\" content=\"image\/jpeg\" \/>\n<meta name=\"twitter:card\" content=\"summary_large_image\" \/>\n<meta name=\"twitter:label1\" content=\"Tempo di lettura stimato\" \/>\n\t<meta name=\"twitter:data1\" content=\"1 minuto\" \/>\n<script type=\"application\/ld+json\" class=\"yoast-schema-graph\">{\"@context\":\"https:\\\/\\\/schema.org\",\"@graph\":[{\"@type\":\"WebPage\",\"@id\":\"https:\\\/\\\/repliquemangacine.fr\\\/denix\\\/support-en-bois-pour-pistolet-et-colt\\\/\",\"url\":\"https:\\\/\\\/repliquemangacine.fr\\\/denix\\\/support-en-bois-pour-pistolet-et-colt\\\/\",\"name\":\"Support pistolet bois -Vente en ligne - Denix | R\u00e9plique Manga Cin\u00e9\",\"isPartOf\":{\"@id\":\"https:\\\/\\\/repliquemangacine.fr\\\/#website\"},\"primaryImageOfPage\":{\"@id\":\"https:\\\/\\\/repliquemangacine.fr\\\/denix\\\/support-en-bois-pour-pistolet-et-colt\\\/#primaryimage\"},\"image\":{\"@id\":\"https:\\\/\\\/repliquemangacine.fr\\\/denix\\\/support-en-bois-pour-pistolet-et-colt\\\/#primaryimage\"},\"thumbnailUrl\":\"https:\\\/\\\/repliquemangacine.fr\\\/wp-content\\\/uploads\\\/2023\\\/10\\\/2175-Support-en-bois-pour-pistolet-et-colt.jpg\",\"datePublished\":\"2017-07-16T15:18:49+00:00\",\"dateModified\":\"2026-01-23T21:42:47+00:00\",\"description\":\"Vous allez pouvoir exposer vos pistolets, colts, revolver partout ou vous voulez, gr\u00e2ce \u00e0 ce support pistolet bois au meilleur prix (petit, mais costaud).\",\"breadcrumb\":{\"@id\":\"https:\\\/\\\/repliquemangacine.fr\\\/denix\\\/support-en-bois-pour-pistolet-et-colt\\\/#breadcrumb\"},\"inLanguage\":\"it-IT\",\"potentialAction\":[{\"@type\":\"ReadAction\",\"target\":[\"https:\\\/\\\/repliquemangacine.fr\\\/denix\\\/support-en-bois-pour-pistolet-et-colt\\\/\"]}]},{\"@type\":\"ImageObject\",\"inLanguage\":\"it-IT\",\"@id\":\"https:\\\/\\\/repliquemangacine.fr\\\/denix\\\/support-en-bois-pour-pistolet-et-colt\\\/#primaryimage\",\"url\":\"https:\\\/\\\/repliquemangacine.fr\\\/wp-content\\\/uploads\\\/2023\\\/10\\\/2175-Support-en-bois-pour-pistolet-et-colt.jpg\",\"contentUrl\":\"https:\\\/\\\/repliquemangacine.fr\\\/wp-content\\\/uploads\\\/2023\\\/10\\\/2175-Support-en-bois-pour-pistolet-et-colt.jpg\",\"width\":600,\"height\":600,\"caption\":\"Support pistolet bois\"},{\"@type\":\"BreadcrumbList\",\"@id\":\"https:\\\/\\\/repliquemangacine.fr\\\/denix\\\/support-en-bois-pour-pistolet-et-colt\\\/#breadcrumb\",\"itemListElement\":[{\"@type\":\"ListItem\",\"position\":1,\"name\":\"Accueil\",\"item\":\"https:\\\/\\\/repliquemangacine.fr\\\/\"},{\"@type\":\"ListItem\",\"position\":2,\"name\":\"Produits\",\"item\":\"https:\\\/\\\/repliquemangacine.fr\\\/boutique\\\/\"},{\"@type\":\"ListItem\",\"position\":3,\"name\":\"Support pistolet\"}]},{\"@type\":\"WebSite\",\"@id\":\"https:\\\/\\\/repliquemangacine.fr\\\/#website\",\"url\":\"https:\\\/\\\/repliquemangacine.fr\\\/\",\"name\":\"R\u00e9plique Manga Cin\u00e9\",\"description\":\"\",\"publisher\":{\"@id\":\"https:\\\/\\\/repliquemangacine.fr\\\/#organization\"},\"potentialAction\":[{\"@type\":\"SearchAction\",\"target\":{\"@type\":\"EntryPoint\",\"urlTemplate\":\"https:\\\/\\\/repliquemangacine.fr\\\/?s={search_term_string}\"},\"query-input\":{\"@type\":\"PropertyValueSpecification\",\"valueRequired\":true,\"valueName\":\"search_term_string\"}}],\"inLanguage\":\"it-IT\"},{\"@type\":\"Organization\",\"@id\":\"https:\\\/\\\/repliquemangacine.fr\\\/#organization\",\"name\":\"R\u00e9plique Manga Cin\u00e9\",\"url\":\"https:\\\/\\\/repliquemangacine.fr\\\/\",\"logo\":{\"@type\":\"ImageObject\",\"inLanguage\":\"it-IT\",\"@id\":\"https:\\\/\\\/repliquemangacine.fr\\\/#\\\/schema\\\/logo\\\/image\\\/\",\"url\":\"https:\\\/\\\/repliquemangacine.fr\\\/wp-content\\\/uploads\\\/2023\\\/10\\\/RMC-500250.png\",\"contentUrl\":\"https:\\\/\\\/repliquemangacine.fr\\\/wp-content\\\/uploads\\\/2023\\\/10\\\/RMC-500250.png\",\"width\":500,\"height\":250,\"caption\":\"R\u00e9plique Manga Cin\u00e9\"},\"image\":{\"@id\":\"https:\\\/\\\/repliquemangacine.fr\\\/#\\\/schema\\\/logo\\\/image\\\/\"},\"sameAs\":[\"https:\\\/\\\/www.facebook.com\\\/RepliqueMangaCine\",\"https:\\\/\\\/www.instagram.com\\\/repliquemangacine.fr\\\/\"]}]}<\/script>\n<!-- \/ Yoast SEO plugin. -->","yoast_head_json":{"title":"Portafucile in legno - Vendita on line - Denix | R\u00e9plique Manga Cin\u00e9","description":"Potrete esporre le vostre pistole, colt e revolver ovunque vogliate, grazie a questo supporto in legno al miglior prezzo (piccolo ma robusto).","robots":{"index":"index","follow":"follow","max-snippet":"max-snippet:-1","max-image-preview":"max-image-preview:large","max-video-preview":"max-video-preview:-1"},"canonical":"https:\/\/repliquemangacine.fr\/it\/denix\/supporto-in-legno-per-pistola-e-colt-2\/","og_locale":"it_IT","og_type":"article","og_title":"Support pistolet bois -Vente en ligne - Denix | R\u00e9plique Manga Cin\u00e9","og_description":"Vous allez pouvoir exposer vos pistolets, colts, revolver partout ou vous voulez, gr\u00e2ce \u00e0 ce support pistolet bois au meilleur prix (petit, mais costaud).","og_url":"https:\/\/repliquemangacine.fr\/it\/denix\/supporto-in-legno-per-pistola-e-colt-2\/","og_site_name":"R\u00e9plique Manga Cin\u00e9","article_publisher":"https:\/\/www.facebook.com\/RepliqueMangaCine","article_modified_time":"2026-01-23T21:42:47+00:00","og_image":[{"width":600,"height":600,"url":"https:\/\/repliquemangacine.fr\/wp-content\/uploads\/2023\/10\/2175-Support-en-bois-pour-pistolet-et-colt.jpg","type":"image\/jpeg"}],"twitter_card":"summary_large_image","twitter_misc":{"Tempo di lettura stimato":"1 minuto"},"schema":{"@context":"https:\/\/schema.org","@graph":[{"@type":"WebPage","@id":"https:\/\/repliquemangacine.fr\/denix\/support-en-bois-pour-pistolet-et-colt\/","url":"https:\/\/repliquemangacine.fr\/denix\/support-en-bois-pour-pistolet-et-colt\/","name":"Portafucile in legno - Vendita on line - Denix | R\u00e9plique Manga Cin\u00e9","isPartOf":{"@id":"https:\/\/repliquemangacine.fr\/#website"},"primaryImageOfPage":{"@id":"https:\/\/repliquemangacine.fr\/denix\/support-en-bois-pour-pistolet-et-colt\/#primaryimage"},"image":{"@id":"https:\/\/repliquemangacine.fr\/denix\/support-en-bois-pour-pistolet-et-colt\/#primaryimage"},"thumbnailUrl":"https:\/\/repliquemangacine.fr\/wp-content\/uploads\/2023\/10\/2175-Support-en-bois-pour-pistolet-et-colt.jpg","datePublished":"2017-07-16T15:18:49+00:00","dateModified":"2026-01-23T21:42:47+00:00","description":"Potrete esporre le vostre pistole, colt e revolver ovunque vogliate, grazie a questo supporto in legno al miglior prezzo (piccolo ma robusto).","breadcrumb":{"@id":"https:\/\/repliquemangacine.fr\/denix\/support-en-bois-pour-pistolet-et-colt\/#breadcrumb"},"inLanguage":"it-IT","potentialAction":[{"@type":"ReadAction","target":["https:\/\/repliquemangacine.fr\/denix\/support-en-bois-pour-pistolet-et-colt\/"]}]},{"@type":"ImageObject","inLanguage":"it-IT","@id":"https:\/\/repliquemangacine.fr\/denix\/support-en-bois-pour-pistolet-et-colt\/#primaryimage","url":"https:\/\/repliquemangacine.fr\/wp-content\/uploads\/2023\/10\/2175-Support-en-bois-pour-pistolet-et-colt.jpg","contentUrl":"https:\/\/repliquemangacine.fr\/wp-content\/uploads\/2023\/10\/2175-Support-en-bois-pour-pistolet-et-colt.jpg","width":600,"height":600,"caption":"Support pistolet bois"},{"@type":"BreadcrumbList","@id":"https:\/\/repliquemangacine.fr\/denix\/support-en-bois-pour-pistolet-et-colt\/#breadcrumb","itemListElement":[{"@type":"ListItem","position":1,"name":"Accueil","item":"https:\/\/repliquemangacine.fr\/"},{"@type":"ListItem","position":2,"name":"Produits","item":"https:\/\/repliquemangacine.fr\/boutique\/"},{"@type":"ListItem","position":3,"name":"Support pistolet"}]},{"@type":"WebSite","@id":"https:\/\/repliquemangacine.fr\/#website","url":"https:\/\/repliquemangacine.fr\/","name":"R\u00e9plique Manga Cin\u00e9","description":"","publisher":{"@id":"https:\/\/repliquemangacine.fr\/#organization"},"potentialAction":[{"@type":"SearchAction","target":{"@type":"EntryPoint","urlTemplate":"https:\/\/repliquemangacine.fr\/?s={search_term_string}"},"query-input":{"@type":"PropertyValueSpecification","valueRequired":true,"valueName":"search_term_string"}}],"inLanguage":"it-IT"},{"@type":"Organization","@id":"https:\/\/repliquemangacine.fr\/#organization","name":"R\u00e9plique Manga Cin\u00e9","url":"https:\/\/repliquemangacine.fr\/","logo":{"@type":"ImageObject","inLanguage":"it-IT","@id":"https:\/\/repliquemangacine.fr\/#\/schema\/logo\/image\/","url":"https:\/\/repliquemangacine.fr\/wp-content\/uploads\/2023\/10\/RMC-500250.png","contentUrl":"https:\/\/repliquemangacine.fr\/wp-content\/uploads\/2023\/10\/RMC-500250.png","width":500,"height":250,"caption":"R\u00e9plique Manga Cin\u00e9"},"image":{"@id":"https:\/\/repliquemangacine.fr\/#\/schema\/logo\/image\/"},"sameAs":["https:\/\/www.facebook.com\/RepliqueMangaCine","https:\/\/www.instagram.com\/repliquemangacine.fr\/"]}]}},"_links":{"self":[{"href":"https:\/\/repliquemangacine.fr\/it\/wp-json\/wp\/v2\/product\/27381","targetHints":{"allow":["GET"]}}],"collection":[{"href":"https:\/\/repliquemangacine.fr\/it\/wp-json\/wp\/v2\/product"}],"about":[{"href":"https:\/\/repliquemangacine.fr\/it\/wp-json\/wp\/v2\/types\/product"}],"wp:featuredmedia":[{"embeddable":true,"href":"https:\/\/repliquemangacine.fr\/it\/wp-json\/wp\/v2\/media\/27382"}],"wp:attachment":[{"href":"https:\/\/repliquemangacine.fr\/it\/wp-json\/wp\/v2\/media?parent=27381"}],"wp:term":[{"taxonomy":"product_brand","embeddable":true,"href":"https:\/\/repliquemangacine.fr\/it\/wp-json\/wp\/v2\/product_brand?post=27381"},{"taxonomy":"product_cat","embeddable":true,"href":"https:\/\/repliquemangacine.fr\/it\/wp-json\/wp\/v2\/product_cat?post=27381"},{"taxonomy":"product_tag","embeddable":true,"href":"https:\/\/repliquemangacine.fr\/it\/wp-json\/wp\/v2\/product_tag?post=27381"}],"curies":[{"name":"wp","href":"https:\/\/api.w.org\/{rel}","templated":true}]}}