





{"id":27289,"date":"2017-06-10T18:41:52","date_gmt":"2017-06-10T16:41:52","guid":{"rendered":"https:\/\/repliquemangacine.fr\/?post_type=product&#038;p=27289"},"modified":"2025-12-09T18:58:56","modified_gmt":"2025-12-09T17:58:56","slug":"coppia-di-serp-ulak-di-riddick","status":"publish","type":"product","link":"https:\/\/repliquemangacine.fr\/it\/katana-les-epees-de-films-et-series\/paire-d-ulaks-serpes-de-riddick\/","title":{"rendered":"Riddick Ulaks"},"content":{"rendered":"<h2>I serpenti di Riddick Ulaks in The Chronicles of Riddick.<\/h2>\n<p>Per cominciare, i serpenti di Riddick sono coltelli ricurvi a lama singola con bordi seghettati, generalmente usati in tandem con il nome di coppia di serpenti di Riddick.<a href=\"https:\/\/thechroniclesofriddick-fandom-com.translate.goog\/wiki\/Ulaks?_x_tr_sl=en&amp;_x_tr_tl=fr&amp;_x_tr_hl=fr&amp;_x_tr_pto=sc\" target=\"_blank\" rel=\"noopener noreferrer\">Ulaks<\/a>. Nelle mani di Riddick, questi artigli erano armi devastanti, in grado di affettare, tagliare e decapitare con facilit\u00e0, il che conferisce loro una reputazione spaventosa.<\/p>\n<p>The Chronicles of Riddick \u00e8 un franchise di fantascienza che comprende film, videogiochi, animazione e cartoni animati. \u00c8 un personaggio ribelle, che rifiuta ogni forma di autorit\u00e0, un guerriero nato, al limite dell'istinto animale. In realt\u00e0, Riddick non \u00e8 un assassino psicopatico, ma un predatore che usa qualsiasi mezzo necessario per sopravvivere.<\/p>\n<p>In Riddick, invece, cerca di liberarsi della sua umanit\u00e0 e di riscoprire i suoi istinti primordiali.<\/p>\n<h2>Il vostro Serpes de Riddick al miglior prezzo.<\/h2>\n<p>Vi proponiamo un'ampia scelta di repliche di spade e oggetti da collezione dei vostri eroi cinematografici preferiti.<\/p>\n<p>Innanzitutto<\/p>\n<ul>\n<li>L'<a href=\"https:\/\/repliquemangacine.fr\/it\/spada-medievale\/epee-excalibur-epee-roi-arthur\/\">La spada di Re Art\u00f9<\/a> l'Excalibur con la sua lama incisa.<\/li>\n<li>Poi il<a href=\"https:\/\/repliquemangacine.fr\/it\/altri-film\/spada-valorosa-di-narnia\/\">Spada valorosa<\/a>utilizzato da Peter nel Mondo di Narnia con il suo pomo a testa di leone.<\/li>\n<li>C'\u00e8 anche il<a href=\"https:\/\/repliquemangacine.fr\/it\/film-serie-tv-vendita-di-spade-katana-e-prodotti-correlati\/epee-du-pere-de-conan-le-barbare-conan-father-sword-epee-de-conan\/\">La spada del padre di Conan<\/a> con licenza ufficiale distribuita da Marto.<\/li>\n<li>E molti altri da scoprire nel nostro negozio online!<\/li>\n<\/ul>\n<p>Ecco quindi alcune fantastiche idee regalo per tutti gli amanti dell'universo Marvel.<\/p>\n<p>In conclusione, \u00e8 possibile utilizzare i <strong>I serpenti di Riddick<\/strong> per le vostre sfilate di cosplay. Ma soprattutto, i coltelli Ulaks sono oggetti da collezione e decorativi.<\/p>\n<h2>Come si mantiene la lama del coltello?<\/h2>\n<p>I coltelli da collezione e decorativi sono fabbricati e assemblati in modo semplificato. Essendo destinati a scopi decorativi, non dispongono degli elementi di sicurezza necessari per una spada giapponese destinata all'allenamento.<\/p>\n<p>Tuttavia, i vostri <strong>I serpenti di Riddick<\/strong> hanno una lama in acciaio che deve essere curata per evitare che si rovini con il tempo. Infatti, quando esporrete la vostra katana, i vostri amici saranno curiosi di vedere la lama e di toccarla. \u00c8 qui che bisogna prestare attenzione, perch\u00e9 l'acidit\u00e0 delle dita \u00e8 molto dannosa per l'acciaio, indipendentemente dalla sua qualit\u00e0.<\/p>\n<p>Tuttavia, se ci\u00f2 dovesse accadere, niente panico: \u00e8 sufficiente un panno inumidito con un po' di olio per eliminare le impronte digitali. In questo modo, il vostro coltello durer\u00e0 a lungo.<\/p>","protected":false},"excerpt":{"rendered":"<p>Impressionanti lame Ulak! Repliche dei due serpenti utilizzati da Riddick, alias Vin Diesel.<\/p>\n<ul>\n<li>Realizzato in un unico pezzo.<\/li>\n<li>In acciaio inox 440.<\/li>\n<li>Manico con treccia di cotone nero.<\/li>\n<li>Bordo seghettato.<\/li>\n<li>Supporto.<\/li>\n<li>Lunghezza totale: 27 cm<\/li>\n<\/ul>","protected":false},"featured_media":27290,"template":"","meta":[],"product_brand":[896],"product_cat":[91,66,44,24,26],"product_tag":[],"class_list":{"0":"post-27289","1":"product","2":"type-product","3":"status-publish","4":"has-post-thumbnail","6":"product_brand-replique-manga-cine","7":"product_cat-katana-les-epees-de-films-et-series","8":"product_cat-repliques-d-armes-films-et-series","9":"product_cat-epees-et-dagues-fantasy","10":"product_cat-films-series-tv-vente-de-katana-epee-et-produits-derives","11":"product_cat-katana-epee","13":"first","14":"instock","15":"taxable","16":"shipping-taxable","17":"purchasable","18":"product-type-simple"},"yoast_head":"<!-- This site is optimized with the Yoast SEO plugin v27.4 - https:\/\/yoast.com\/product\/yoast-seo-wordpress\/ -->\n<title>Serpes de Riddick - Paire couteaux d&#039;ulaks | R\u00e9plique Manga Cin\u00e9<\/title>\n<meta name=\"description\" content=\"D\u00e9couvrez les Serpes de Riddick, paire couteaux d&#039;Ulaks au meilleur prix - Lame acier 440 - Full tang construction - Support - Longueur : 27 cm\" \/>\n<meta name=\"robots\" content=\"index, follow, max-snippet:-1, max-image-preview:large, max-video-preview:-1\" \/>\n<link rel=\"canonical\" href=\"https:\/\/repliquemangacine.fr\/it\/spade-katana-da-film-e-serie\/coppia-di-serp-ulak-di-riddick\/\" \/>\n<meta property=\"og:locale\" content=\"it_IT\" \/>\n<meta property=\"og:type\" content=\"article\" \/>\n<meta property=\"og:title\" content=\"Serpes de Riddick - Paire couteaux d&#039;ulaks | R\u00e9plique Manga Cin\u00e9\" \/>\n<meta property=\"og:description\" content=\"D\u00e9couvrez les Serpes de Riddick, paire couteaux d&#039;Ulaks au meilleur prix - Lame acier 440 - Full tang construction - Support - Longueur : 27 cm\" \/>\n<meta property=\"og:url\" content=\"https:\/\/repliquemangacine.fr\/it\/spade-katana-da-film-e-serie\/coppia-di-serp-ulak-di-riddick\/\" \/>\n<meta property=\"og:site_name\" content=\"R\u00e9plique Manga Cin\u00e9\" \/>\n<meta property=\"article:publisher\" content=\"https:\/\/www.facebook.com\/RepliqueMangaCine\" \/>\n<meta property=\"article:modified_time\" content=\"2025-12-09T17:58:56+00:00\" \/>\n<meta property=\"og:image\" content=\"https:\/\/repliquemangacine.fr\/wp-content\/uploads\/2023\/10\/2065-Paire-dulaks-les-chroniques-de-riddick.jpg\" \/>\n\t<meta property=\"og:image:width\" content=\"600\" \/>\n\t<meta property=\"og:image:height\" content=\"600\" \/>\n\t<meta property=\"og:image:type\" content=\"image\/jpeg\" \/>\n<meta name=\"twitter:card\" content=\"summary_large_image\" \/>\n<meta name=\"twitter:label1\" content=\"Tempo di lettura stimato\" \/>\n\t<meta name=\"twitter:data1\" content=\"2 minuti\" \/>\n<script type=\"application\/ld+json\" class=\"yoast-schema-graph\">{\"@context\":\"https:\\\/\\\/schema.org\",\"@graph\":[{\"@type\":\"WebPage\",\"@id\":\"https:\\\/\\\/repliquemangacine.fr\\\/katana-les-epees-de-films-et-series\\\/paire-d-ulaks-serpes-de-riddick\\\/\",\"url\":\"https:\\\/\\\/repliquemangacine.fr\\\/katana-les-epees-de-films-et-series\\\/paire-d-ulaks-serpes-de-riddick\\\/\",\"name\":\"Serpes de Riddick - Paire couteaux d'ulaks | R\u00e9plique Manga Cin\u00e9\",\"isPartOf\":{\"@id\":\"https:\\\/\\\/repliquemangacine.fr\\\/#website\"},\"primaryImageOfPage\":{\"@id\":\"https:\\\/\\\/repliquemangacine.fr\\\/katana-les-epees-de-films-et-series\\\/paire-d-ulaks-serpes-de-riddick\\\/#primaryimage\"},\"image\":{\"@id\":\"https:\\\/\\\/repliquemangacine.fr\\\/katana-les-epees-de-films-et-series\\\/paire-d-ulaks-serpes-de-riddick\\\/#primaryimage\"},\"thumbnailUrl\":\"https:\\\/\\\/repliquemangacine.fr\\\/wp-content\\\/uploads\\\/2023\\\/10\\\/2065-Paire-dulaks-les-chroniques-de-riddick.jpg\",\"datePublished\":\"2017-06-10T16:41:52+00:00\",\"dateModified\":\"2025-12-09T17:58:56+00:00\",\"description\":\"D\u00e9couvrez les Serpes de Riddick, paire couteaux d'Ulaks au meilleur prix - Lame acier 440 - Full tang construction - Support - Longueur : 27 cm\",\"breadcrumb\":{\"@id\":\"https:\\\/\\\/repliquemangacine.fr\\\/katana-les-epees-de-films-et-series\\\/paire-d-ulaks-serpes-de-riddick\\\/#breadcrumb\"},\"inLanguage\":\"it-IT\",\"potentialAction\":[{\"@type\":\"ReadAction\",\"target\":[\"https:\\\/\\\/repliquemangacine.fr\\\/katana-les-epees-de-films-et-series\\\/paire-d-ulaks-serpes-de-riddick\\\/\"]}]},{\"@type\":\"ImageObject\",\"inLanguage\":\"it-IT\",\"@id\":\"https:\\\/\\\/repliquemangacine.fr\\\/katana-les-epees-de-films-et-series\\\/paire-d-ulaks-serpes-de-riddick\\\/#primaryimage\",\"url\":\"https:\\\/\\\/repliquemangacine.fr\\\/wp-content\\\/uploads\\\/2023\\\/10\\\/2065-Paire-dulaks-les-chroniques-de-riddick.jpg\",\"contentUrl\":\"https:\\\/\\\/repliquemangacine.fr\\\/wp-content\\\/uploads\\\/2023\\\/10\\\/2065-Paire-dulaks-les-chroniques-de-riddick.jpg\",\"width\":600,\"height\":600,\"caption\":\"Serpes Ulaks de Riddick les chroniques de riddick\"},{\"@type\":\"BreadcrumbList\",\"@id\":\"https:\\\/\\\/repliquemangacine.fr\\\/katana-les-epees-de-films-et-series\\\/paire-d-ulaks-serpes-de-riddick\\\/#breadcrumb\",\"itemListElement\":[{\"@type\":\"ListItem\",\"position\":1,\"name\":\"Accueil\",\"item\":\"https:\\\/\\\/repliquemangacine.fr\\\/\"},{\"@type\":\"ListItem\",\"position\":2,\"name\":\"Produits\",\"item\":\"https:\\\/\\\/repliquemangacine.fr\\\/boutique\\\/\"},{\"@type\":\"ListItem\",\"position\":3,\"name\":\"Serpes de Riddick Ulaks\"}]},{\"@type\":\"WebSite\",\"@id\":\"https:\\\/\\\/repliquemangacine.fr\\\/#website\",\"url\":\"https:\\\/\\\/repliquemangacine.fr\\\/\",\"name\":\"R\u00e9plique Manga Cin\u00e9\",\"description\":\"\",\"publisher\":{\"@id\":\"https:\\\/\\\/repliquemangacine.fr\\\/#organization\"},\"potentialAction\":[{\"@type\":\"SearchAction\",\"target\":{\"@type\":\"EntryPoint\",\"urlTemplate\":\"https:\\\/\\\/repliquemangacine.fr\\\/?s={search_term_string}\"},\"query-input\":{\"@type\":\"PropertyValueSpecification\",\"valueRequired\":true,\"valueName\":\"search_term_string\"}}],\"inLanguage\":\"it-IT\"},{\"@type\":\"Organization\",\"@id\":\"https:\\\/\\\/repliquemangacine.fr\\\/#organization\",\"name\":\"R\u00e9plique Manga Cin\u00e9\",\"url\":\"https:\\\/\\\/repliquemangacine.fr\\\/\",\"logo\":{\"@type\":\"ImageObject\",\"inLanguage\":\"it-IT\",\"@id\":\"https:\\\/\\\/repliquemangacine.fr\\\/#\\\/schema\\\/logo\\\/image\\\/\",\"url\":\"https:\\\/\\\/repliquemangacine.fr\\\/wp-content\\\/uploads\\\/2023\\\/10\\\/RMC-500250.png\",\"contentUrl\":\"https:\\\/\\\/repliquemangacine.fr\\\/wp-content\\\/uploads\\\/2023\\\/10\\\/RMC-500250.png\",\"width\":500,\"height\":250,\"caption\":\"R\u00e9plique Manga Cin\u00e9\"},\"image\":{\"@id\":\"https:\\\/\\\/repliquemangacine.fr\\\/#\\\/schema\\\/logo\\\/image\\\/\"},\"sameAs\":[\"https:\\\/\\\/www.facebook.com\\\/RepliqueMangaCine\",\"https:\\\/\\\/www.instagram.com\\\/repliquemangacine.fr\\\/\"]}]}<\/script>\n<!-- \/ Yoast SEO plugin. -->","yoast_head_json":{"title":"Serpes de Riddick - Coppia di coltelli ulak | R\u00e9plique Manga Cin\u00e9","description":"Scopri Riddick's Serps, coppia di coltelli Ulaks al miglior prezzo - Lama in acciaio 440 - Costruzione a codolo intero - Supporto - Lunghezza: 27 cm","robots":{"index":"index","follow":"follow","max-snippet":"max-snippet:-1","max-image-preview":"max-image-preview:large","max-video-preview":"max-video-preview:-1"},"canonical":"https:\/\/repliquemangacine.fr\/it\/spade-katana-da-film-e-serie\/coppia-di-serp-ulak-di-riddick\/","og_locale":"it_IT","og_type":"article","og_title":"Serpes de Riddick - Paire couteaux d'ulaks | R\u00e9plique Manga Cin\u00e9","og_description":"D\u00e9couvrez les Serpes de Riddick, paire couteaux d'Ulaks au meilleur prix - Lame acier 440 - Full tang construction - Support - Longueur : 27 cm","og_url":"https:\/\/repliquemangacine.fr\/it\/spade-katana-da-film-e-serie\/coppia-di-serp-ulak-di-riddick\/","og_site_name":"R\u00e9plique Manga Cin\u00e9","article_publisher":"https:\/\/www.facebook.com\/RepliqueMangaCine","article_modified_time":"2025-12-09T17:58:56+00:00","og_image":[{"width":600,"height":600,"url":"https:\/\/repliquemangacine.fr\/wp-content\/uploads\/2023\/10\/2065-Paire-dulaks-les-chroniques-de-riddick.jpg","type":"image\/jpeg"}],"twitter_card":"summary_large_image","twitter_misc":{"Tempo di lettura stimato":"2 minuti"},"schema":{"@context":"https:\/\/schema.org","@graph":[{"@type":"WebPage","@id":"https:\/\/repliquemangacine.fr\/katana-les-epees-de-films-et-series\/paire-d-ulaks-serpes-de-riddick\/","url":"https:\/\/repliquemangacine.fr\/katana-les-epees-de-films-et-series\/paire-d-ulaks-serpes-de-riddick\/","name":"Serpes de Riddick - Coppia di coltelli ulak | R\u00e9plique Manga Cin\u00e9","isPartOf":{"@id":"https:\/\/repliquemangacine.fr\/#website"},"primaryImageOfPage":{"@id":"https:\/\/repliquemangacine.fr\/katana-les-epees-de-films-et-series\/paire-d-ulaks-serpes-de-riddick\/#primaryimage"},"image":{"@id":"https:\/\/repliquemangacine.fr\/katana-les-epees-de-films-et-series\/paire-d-ulaks-serpes-de-riddick\/#primaryimage"},"thumbnailUrl":"https:\/\/repliquemangacine.fr\/wp-content\/uploads\/2023\/10\/2065-Paire-dulaks-les-chroniques-de-riddick.jpg","datePublished":"2017-06-10T16:41:52+00:00","dateModified":"2025-12-09T17:58:56+00:00","description":"Scopri Riddick's Serps, coppia di coltelli Ulaks al miglior prezzo - Lama in acciaio 440 - Costruzione a codolo intero - Supporto - Lunghezza: 27 cm","breadcrumb":{"@id":"https:\/\/repliquemangacine.fr\/katana-les-epees-de-films-et-series\/paire-d-ulaks-serpes-de-riddick\/#breadcrumb"},"inLanguage":"it-IT","potentialAction":[{"@type":"ReadAction","target":["https:\/\/repliquemangacine.fr\/katana-les-epees-de-films-et-series\/paire-d-ulaks-serpes-de-riddick\/"]}]},{"@type":"ImageObject","inLanguage":"it-IT","@id":"https:\/\/repliquemangacine.fr\/katana-les-epees-de-films-et-series\/paire-d-ulaks-serpes-de-riddick\/#primaryimage","url":"https:\/\/repliquemangacine.fr\/wp-content\/uploads\/2023\/10\/2065-Paire-dulaks-les-chroniques-de-riddick.jpg","contentUrl":"https:\/\/repliquemangacine.fr\/wp-content\/uploads\/2023\/10\/2065-Paire-dulaks-les-chroniques-de-riddick.jpg","width":600,"height":600,"caption":"Serpes Ulaks de Riddick les chroniques de riddick"},{"@type":"BreadcrumbList","@id":"https:\/\/repliquemangacine.fr\/katana-les-epees-de-films-et-series\/paire-d-ulaks-serpes-de-riddick\/#breadcrumb","itemListElement":[{"@type":"ListItem","position":1,"name":"Accueil","item":"https:\/\/repliquemangacine.fr\/"},{"@type":"ListItem","position":2,"name":"Produits","item":"https:\/\/repliquemangacine.fr\/boutique\/"},{"@type":"ListItem","position":3,"name":"Serpes de Riddick Ulaks"}]},{"@type":"WebSite","@id":"https:\/\/repliquemangacine.fr\/#website","url":"https:\/\/repliquemangacine.fr\/","name":"R\u00e9plique Manga Cin\u00e9","description":"","publisher":{"@id":"https:\/\/repliquemangacine.fr\/#organization"},"potentialAction":[{"@type":"SearchAction","target":{"@type":"EntryPoint","urlTemplate":"https:\/\/repliquemangacine.fr\/?s={search_term_string}"},"query-input":{"@type":"PropertyValueSpecification","valueRequired":true,"valueName":"search_term_string"}}],"inLanguage":"it-IT"},{"@type":"Organization","@id":"https:\/\/repliquemangacine.fr\/#organization","name":"R\u00e9plique Manga Cin\u00e9","url":"https:\/\/repliquemangacine.fr\/","logo":{"@type":"ImageObject","inLanguage":"it-IT","@id":"https:\/\/repliquemangacine.fr\/#\/schema\/logo\/image\/","url":"https:\/\/repliquemangacine.fr\/wp-content\/uploads\/2023\/10\/RMC-500250.png","contentUrl":"https:\/\/repliquemangacine.fr\/wp-content\/uploads\/2023\/10\/RMC-500250.png","width":500,"height":250,"caption":"R\u00e9plique Manga Cin\u00e9"},"image":{"@id":"https:\/\/repliquemangacine.fr\/#\/schema\/logo\/image\/"},"sameAs":["https:\/\/www.facebook.com\/RepliqueMangaCine","https:\/\/www.instagram.com\/repliquemangacine.fr\/"]}]}},"_links":{"self":[{"href":"https:\/\/repliquemangacine.fr\/it\/wp-json\/wp\/v2\/product\/27289","targetHints":{"allow":["GET"]}}],"collection":[{"href":"https:\/\/repliquemangacine.fr\/it\/wp-json\/wp\/v2\/product"}],"about":[{"href":"https:\/\/repliquemangacine.fr\/it\/wp-json\/wp\/v2\/types\/product"}],"wp:featuredmedia":[{"embeddable":true,"href":"https:\/\/repliquemangacine.fr\/it\/wp-json\/wp\/v2\/media\/27290"}],"wp:attachment":[{"href":"https:\/\/repliquemangacine.fr\/it\/wp-json\/wp\/v2\/media?parent=27289"}],"wp:term":[{"taxonomy":"product_brand","embeddable":true,"href":"https:\/\/repliquemangacine.fr\/it\/wp-json\/wp\/v2\/product_brand?post=27289"},{"taxonomy":"product_cat","embeddable":true,"href":"https:\/\/repliquemangacine.fr\/it\/wp-json\/wp\/v2\/product_cat?post=27289"},{"taxonomy":"product_tag","embeddable":true,"href":"https:\/\/repliquemangacine.fr\/it\/wp-json\/wp\/v2\/product_tag?post=27289"}],"curies":[{"name":"wp","href":"https:\/\/api.w.org\/{rel}","templated":true}]}}