





{"id":27282,"date":"2017-05-23T14:31:32","date_gmt":"2017-05-23T12:31:32","guid":{"rendered":"https:\/\/repliquemangacine.fr\/?post_type=product&#038;p=27282"},"modified":"2025-09-23T18:01:54","modified_gmt":"2025-09-23T16:01:54","slug":"brienne-de-torth-spada-custode-del-giuramento-game-of-thrones","status":"publish","type":"product","link":"https:\/\/repliquemangacine.fr\/it\/epees-game-of-thrones\/epee-oathkeeper-de-brienne-de-torth-game-of-thrones\/","title":{"rendered":"Spada delle fate di Brienne di Tarth"},"content":{"rendered":"<h2>Replica della spada fatata di Brienne di Tarth di Game of Thrones.<\/h2>\n<p>Per cominciare, la Spada <strong>La fiera Brienne di Tarth<\/strong> \u00e8 una lunga spada in acciaio di Valyria, forgiata dalla spada di Eddard Stark, Ghiaccio. La sua gemella \u00e8 Pianto della Vedova.<\/p>\n<p>Brienne \u00e8 una nobildonna che si \u00e8 addestrata per diventare cavaliere. Giura fedelt\u00e0 a Catelyn Stark, che le affida il compito di riportare Jaime Lannister, prigioniero di suo figlio, per scambiarlo con le sue figlie, Sansa e Arya, che sono tenute prigioniere ad Approdo del Re.<\/p>\n<p>I due combattenti hanno sviluppato un reciproco rispetto l'uno per l'altra durante il loro viaggio. Lei riceve F\u00e9ale, la prima spada in acciaio di Valyria. Offerta da Tywin Lannister a suo figlio Jaime  come eredit\u00e0. Quest'ultimo alla fine regaler\u00e0 la spada a Brienne.<\/p>\n<h2>La tua Spada delle fate di Brienne di Tarth al miglior prezzo.<\/h2>\n<p>Vi presentiamo tutte le spade replica dei vostri eroi preferiti di Game of Thrones.<\/p>\n<p>Innanzitutto,<\/p>\n<ul>\n<li>L'<a href=\"https:\/\/repliquemangacine.fr\/it\/spade-di-game-of-thrones\/jaime-lannister-spada-game-of-thrones\/\">La spada di Jaime Lannister<\/a> divenne il suo amante.<\/li>\n<li>Cos\u00ec come il<a href=\"https:\/\/repliquemangacine.fr\/it\/spade-di-game-of-thrones\/spada-del-guardiano-del-giuramento-spada-rossa-di-tyrion-game-of-thrones\/\">La spada di Tyrion Lannister<\/a> Il fratello di Jaime.<\/li>\n<li>Esistono anche uova di drago con licenza ufficiale <a href=\"https:\/\/www.noblecollection.fr\/\" target=\"_blank\" rel=\"noopener noreferrer\">Collezione Nobile<\/a>.<\/li>\n<li>E molto altro ancora da scoprire nel nostro negozio online<\/li>\n<\/ul>\n<p>Ecco perch\u00e9 questa \u00e8 un'ottima idea regalo per i fan della serie Game of Thrones.<\/p>\n<p>In conclusione, \u00e8 possibile utilizzare l\u2019<strong>Spada delle fate di Brienne di Tarth<\/strong> per le sfilate di cosplay o le serate a tema. Ma soprattutto, \u00e8 un oggetto da collezione e una decorazione.<\/p>\n<h2>Come faccio a mantenere la lama della mia spada di Game of Thrones?<\/h2>\n<p>Le spade da collezione e decorative sono realizzate e assemblate in modo semplificato. Poich\u00e9 il loro uso \u00e8 decorativo, non hanno le caratteristiche di sicurezza richieste per una spada giapponese destinata all'allenamento.<\/p>\n<p>Tuttavia, il vostro <strong>Spada delle fate di Brienne di Tarth<\/strong> a una lama d'acciaio che deve essere curata per evitare che si danneggi nel tempo. Quando si espone la katana, gli amici saranno curiosi di vedere la lama e di toccarla. \u00c8 qui che bisogna fare attenzione, perch\u00e9 l'acidit\u00e0 delle dita \u00e8 molto dannosa per l'acciaio, indipendentemente dalla sua qualit\u00e0.<\/p>\n<p>Tuttavia, se ci\u00f2 dovesse accadere, niente panico: basta un panno inumidito con un po' d'olio per eliminare le impronte. In questo modo, la spada durer\u00e0 a lungo.<\/p>\n<p><strong>\u00a0<\/strong><\/p>","protected":false},"excerpt":{"rendered":"<p>La spada Oathkeeper di Brienne di Tarth in Game of Thrones.<\/p>\n<ul>\n<li>Lama in acciaio 440 non affilata.<\/li>\n<li>Protezione in acciaio imitazione bronzo.<\/li>\n<li>Manico in acciaio finto bronzo.<\/li>\n<li>Manopola a testa di drago.<\/li>\n<li>Targa da parete con stemma di Torth.<\/li>\n<li>Lunghezza lama: 79 cm - Lunghezza totale: 104 cm - Peso: 1300 gr.<\/li>\n<\/ul>","protected":false},"featured_media":27283,"template":"","meta":[],"product_brand":[896],"product_cat":[72,24,47],"product_tag":[],"class_list":{"0":"post-27282","1":"product","2":"type-product","3":"status-publish","4":"has-post-thumbnail","6":"product_brand-replique-manga-cine","7":"product_cat-epees-game-of-thrones","8":"product_cat-films-series-tv-vente-de-katana-epee-et-produits-derives","9":"product_cat-game-of-thrones","11":"first","12":"instock","13":"taxable","14":"shipping-taxable","15":"purchasable","16":"product-type-simple"},"yoast_head":"<!-- This site is optimized with the Yoast SEO plugin v27.5 - https:\/\/yoast.com\/product\/yoast-seo-wordpress\/ -->\n<title>Ep\u00e9e F\u00e9ale Brienne de Torth - Ep\u00e9es Game of Thrones | RMC<\/title>\n<meta name=\"description\" content=\"Offrez-vous l&#039;Ep\u00e9e F\u00e9ale Brienne de Torth dans Game of Thrones au meilleur prix. Lame acier - Garde acier imitation bronze - Longueur : 104 cm - Support\" \/>\n<meta name=\"robots\" content=\"index, follow, max-snippet:-1, max-image-preview:large, max-video-preview:-1\" \/>\n<link rel=\"canonical\" href=\"https:\/\/repliquemangacine.fr\/it\/spade-di-game-of-thrones\/brienne-de-torth-spada-custode-del-giuramento-game-of-thrones\/\" \/>\n<meta property=\"og:locale\" content=\"it_IT\" \/>\n<meta property=\"og:type\" content=\"article\" \/>\n<meta property=\"og:title\" content=\"Ep\u00e9e F\u00e9ale Brienne de Torth - Ep\u00e9es Game of Thrones | RMC\" \/>\n<meta property=\"og:description\" content=\"Offrez-vous l&#039;Ep\u00e9e F\u00e9ale Brienne de Torth dans Game of Thrones au meilleur prix. Lame acier - Garde acier imitation bronze - Longueur : 104 cm - Support\" \/>\n<meta property=\"og:url\" content=\"https:\/\/repliquemangacine.fr\/it\/spade-di-game-of-thrones\/brienne-de-torth-spada-custode-del-giuramento-game-of-thrones\/\" \/>\n<meta property=\"og:site_name\" content=\"R\u00e9plique Manga Cin\u00e9\" \/>\n<meta property=\"article:publisher\" content=\"https:\/\/www.facebook.com\/RepliqueMangaCine\" \/>\n<meta property=\"article:modified_time\" content=\"2025-09-23T16:01:54+00:00\" \/>\n<meta property=\"og:image\" content=\"https:\/\/repliquemangacine.fr\/wp-content\/uploads\/2023\/10\/2060-Epee-Oathkeeper-de-Brienne-de-Torth-Game-of-Thrones.jpg\" \/>\n\t<meta property=\"og:image:width\" content=\"600\" \/>\n\t<meta property=\"og:image:height\" content=\"600\" \/>\n\t<meta property=\"og:image:type\" content=\"image\/jpeg\" \/>\n<meta name=\"twitter:card\" content=\"summary_large_image\" \/>\n<meta name=\"twitter:label1\" content=\"Tempo di lettura stimato\" \/>\n\t<meta name=\"twitter:data1\" content=\"1 minuto\" \/>\n<script type=\"application\/ld+json\" class=\"yoast-schema-graph\">{\"@context\":\"https:\\\/\\\/schema.org\",\"@graph\":[{\"@type\":\"WebPage\",\"@id\":\"https:\\\/\\\/repliquemangacine.fr\\\/epees-game-of-thrones\\\/epee-oathkeeper-de-brienne-de-torth-game-of-thrones\\\/\",\"url\":\"https:\\\/\\\/repliquemangacine.fr\\\/epees-game-of-thrones\\\/epee-oathkeeper-de-brienne-de-torth-game-of-thrones\\\/\",\"name\":\"Ep\u00e9e F\u00e9ale Brienne de Torth - Ep\u00e9es Game of Thrones | RMC\",\"isPartOf\":{\"@id\":\"https:\\\/\\\/repliquemangacine.fr\\\/#website\"},\"primaryImageOfPage\":{\"@id\":\"https:\\\/\\\/repliquemangacine.fr\\\/epees-game-of-thrones\\\/epee-oathkeeper-de-brienne-de-torth-game-of-thrones\\\/#primaryimage\"},\"image\":{\"@id\":\"https:\\\/\\\/repliquemangacine.fr\\\/epees-game-of-thrones\\\/epee-oathkeeper-de-brienne-de-torth-game-of-thrones\\\/#primaryimage\"},\"thumbnailUrl\":\"https:\\\/\\\/repliquemangacine.fr\\\/wp-content\\\/uploads\\\/2023\\\/10\\\/2060-Epee-Oathkeeper-de-Brienne-de-Torth-Game-of-Thrones.jpg\",\"datePublished\":\"2017-05-23T12:31:32+00:00\",\"dateModified\":\"2025-09-23T16:01:54+00:00\",\"description\":\"Offrez-vous l'Ep\u00e9e F\u00e9ale Brienne de Torth dans Game of Thrones au meilleur prix. Lame acier - Garde acier imitation bronze - Longueur : 104 cm - Support\",\"breadcrumb\":{\"@id\":\"https:\\\/\\\/repliquemangacine.fr\\\/epees-game-of-thrones\\\/epee-oathkeeper-de-brienne-de-torth-game-of-thrones\\\/#breadcrumb\"},\"inLanguage\":\"it-IT\",\"potentialAction\":[{\"@type\":\"ReadAction\",\"target\":[\"https:\\\/\\\/repliquemangacine.fr\\\/epees-game-of-thrones\\\/epee-oathkeeper-de-brienne-de-torth-game-of-thrones\\\/\"]}]},{\"@type\":\"ImageObject\",\"inLanguage\":\"it-IT\",\"@id\":\"https:\\\/\\\/repliquemangacine.fr\\\/epees-game-of-thrones\\\/epee-oathkeeper-de-brienne-de-torth-game-of-thrones\\\/#primaryimage\",\"url\":\"https:\\\/\\\/repliquemangacine.fr\\\/wp-content\\\/uploads\\\/2023\\\/10\\\/2060-Epee-Oathkeeper-de-Brienne-de-Torth-Game-of-Thrones.jpg\",\"contentUrl\":\"https:\\\/\\\/repliquemangacine.fr\\\/wp-content\\\/uploads\\\/2023\\\/10\\\/2060-Epee-Oathkeeper-de-Brienne-de-Torth-Game-of-Thrones.jpg\",\"width\":600,\"height\":600,\"caption\":\"\u00c9p\u00e9e Oathkeeper de Brienne de Torth - Game of Thrones\"},{\"@type\":\"BreadcrumbList\",\"@id\":\"https:\\\/\\\/repliquemangacine.fr\\\/epees-game-of-thrones\\\/epee-oathkeeper-de-brienne-de-torth-game-of-thrones\\\/#breadcrumb\",\"itemListElement\":[{\"@type\":\"ListItem\",\"position\":1,\"name\":\"Accueil\",\"item\":\"https:\\\/\\\/repliquemangacine.fr\\\/\"},{\"@type\":\"ListItem\",\"position\":2,\"name\":\"Produits\",\"item\":\"https:\\\/\\\/repliquemangacine.fr\\\/boutique\\\/\"},{\"@type\":\"ListItem\",\"position\":3,\"name\":\"\u00c9p\u00e9e F\u00e9ale Brienne de Torth\"}]},{\"@type\":\"WebSite\",\"@id\":\"https:\\\/\\\/repliquemangacine.fr\\\/#website\",\"url\":\"https:\\\/\\\/repliquemangacine.fr\\\/\",\"name\":\"R\u00e9plique Manga Cin\u00e9\",\"description\":\"\",\"publisher\":{\"@id\":\"https:\\\/\\\/repliquemangacine.fr\\\/#organization\"},\"potentialAction\":[{\"@type\":\"SearchAction\",\"target\":{\"@type\":\"EntryPoint\",\"urlTemplate\":\"https:\\\/\\\/repliquemangacine.fr\\\/?s={search_term_string}\"},\"query-input\":{\"@type\":\"PropertyValueSpecification\",\"valueRequired\":true,\"valueName\":\"search_term_string\"}}],\"inLanguage\":\"it-IT\"},{\"@type\":\"Organization\",\"@id\":\"https:\\\/\\\/repliquemangacine.fr\\\/#organization\",\"name\":\"R\u00e9plique Manga Cin\u00e9\",\"url\":\"https:\\\/\\\/repliquemangacine.fr\\\/\",\"logo\":{\"@type\":\"ImageObject\",\"inLanguage\":\"it-IT\",\"@id\":\"https:\\\/\\\/repliquemangacine.fr\\\/#\\\/schema\\\/logo\\\/image\\\/\",\"url\":\"https:\\\/\\\/repliquemangacine.fr\\\/wp-content\\\/uploads\\\/2023\\\/10\\\/RMC-500250.png\",\"contentUrl\":\"https:\\\/\\\/repliquemangacine.fr\\\/wp-content\\\/uploads\\\/2023\\\/10\\\/RMC-500250.png\",\"width\":500,\"height\":250,\"caption\":\"R\u00e9plique Manga Cin\u00e9\"},\"image\":{\"@id\":\"https:\\\/\\\/repliquemangacine.fr\\\/#\\\/schema\\\/logo\\\/image\\\/\"},\"sameAs\":[\"https:\\\/\\\/www.facebook.com\\\/RepliqueMangaCine\",\"https:\\\/\\\/www.instagram.com\\\/repliquemangacine.fr\\\/\"]}]}<\/script>\n<!-- \/ Yoast SEO plugin. -->","yoast_head_json":{"title":"Spada fatata di Brienne di Tarth - Spade di Game of Thrones | RMC","description":"Regalatevi la spada fatata di Brienne di Tarth in Game of Thrones al miglior prezzo. Lama in acciaio - Guardia in acciaio finto bronzo - Lunghezza : 104 cm - Supporto","robots":{"index":"index","follow":"follow","max-snippet":"max-snippet:-1","max-image-preview":"max-image-preview:large","max-video-preview":"max-video-preview:-1"},"canonical":"https:\/\/repliquemangacine.fr\/it\/spade-di-game-of-thrones\/brienne-de-torth-spada-custode-del-giuramento-game-of-thrones\/","og_locale":"it_IT","og_type":"article","og_title":"Ep\u00e9e F\u00e9ale Brienne de Torth - Ep\u00e9es Game of Thrones | RMC","og_description":"Offrez-vous l'Ep\u00e9e F\u00e9ale Brienne de Torth dans Game of Thrones au meilleur prix. Lame acier - Garde acier imitation bronze - Longueur : 104 cm - Support","og_url":"https:\/\/repliquemangacine.fr\/it\/spade-di-game-of-thrones\/brienne-de-torth-spada-custode-del-giuramento-game-of-thrones\/","og_site_name":"R\u00e9plique Manga Cin\u00e9","article_publisher":"https:\/\/www.facebook.com\/RepliqueMangaCine","article_modified_time":"2025-09-23T16:01:54+00:00","og_image":[{"width":600,"height":600,"url":"https:\/\/repliquemangacine.fr\/wp-content\/uploads\/2023\/10\/2060-Epee-Oathkeeper-de-Brienne-de-Torth-Game-of-Thrones.jpg","type":"image\/jpeg"}],"twitter_card":"summary_large_image","twitter_misc":{"Tempo di lettura stimato":"1 minuto"},"schema":{"@context":"https:\/\/schema.org","@graph":[{"@type":"WebPage","@id":"https:\/\/repliquemangacine.fr\/epees-game-of-thrones\/epee-oathkeeper-de-brienne-de-torth-game-of-thrones\/","url":"https:\/\/repliquemangacine.fr\/epees-game-of-thrones\/epee-oathkeeper-de-brienne-de-torth-game-of-thrones\/","name":"Spada fatata di Brienne di Tarth - Spade di Game of Thrones | RMC","isPartOf":{"@id":"https:\/\/repliquemangacine.fr\/#website"},"primaryImageOfPage":{"@id":"https:\/\/repliquemangacine.fr\/epees-game-of-thrones\/epee-oathkeeper-de-brienne-de-torth-game-of-thrones\/#primaryimage"},"image":{"@id":"https:\/\/repliquemangacine.fr\/epees-game-of-thrones\/epee-oathkeeper-de-brienne-de-torth-game-of-thrones\/#primaryimage"},"thumbnailUrl":"https:\/\/repliquemangacine.fr\/wp-content\/uploads\/2023\/10\/2060-Epee-Oathkeeper-de-Brienne-de-Torth-Game-of-Thrones.jpg","datePublished":"2017-05-23T12:31:32+00:00","dateModified":"2025-09-23T16:01:54+00:00","description":"Regalatevi la spada fatata di Brienne di Tarth in Game of Thrones al miglior prezzo. Lama in acciaio - Guardia in acciaio finto bronzo - Lunghezza : 104 cm - Supporto","breadcrumb":{"@id":"https:\/\/repliquemangacine.fr\/epees-game-of-thrones\/epee-oathkeeper-de-brienne-de-torth-game-of-thrones\/#breadcrumb"},"inLanguage":"it-IT","potentialAction":[{"@type":"ReadAction","target":["https:\/\/repliquemangacine.fr\/epees-game-of-thrones\/epee-oathkeeper-de-brienne-de-torth-game-of-thrones\/"]}]},{"@type":"ImageObject","inLanguage":"it-IT","@id":"https:\/\/repliquemangacine.fr\/epees-game-of-thrones\/epee-oathkeeper-de-brienne-de-torth-game-of-thrones\/#primaryimage","url":"https:\/\/repliquemangacine.fr\/wp-content\/uploads\/2023\/10\/2060-Epee-Oathkeeper-de-Brienne-de-Torth-Game-of-Thrones.jpg","contentUrl":"https:\/\/repliquemangacine.fr\/wp-content\/uploads\/2023\/10\/2060-Epee-Oathkeeper-de-Brienne-de-Torth-Game-of-Thrones.jpg","width":600,"height":600,"caption":"\u00c9p\u00e9e Oathkeeper de Brienne de Torth - Game of Thrones"},{"@type":"BreadcrumbList","@id":"https:\/\/repliquemangacine.fr\/epees-game-of-thrones\/epee-oathkeeper-de-brienne-de-torth-game-of-thrones\/#breadcrumb","itemListElement":[{"@type":"ListItem","position":1,"name":"Accueil","item":"https:\/\/repliquemangacine.fr\/"},{"@type":"ListItem","position":2,"name":"Produits","item":"https:\/\/repliquemangacine.fr\/boutique\/"},{"@type":"ListItem","position":3,"name":"\u00c9p\u00e9e F\u00e9ale Brienne de Torth"}]},{"@type":"WebSite","@id":"https:\/\/repliquemangacine.fr\/#website","url":"https:\/\/repliquemangacine.fr\/","name":"R\u00e9plique Manga Cin\u00e9","description":"","publisher":{"@id":"https:\/\/repliquemangacine.fr\/#organization"},"potentialAction":[{"@type":"SearchAction","target":{"@type":"EntryPoint","urlTemplate":"https:\/\/repliquemangacine.fr\/?s={search_term_string}"},"query-input":{"@type":"PropertyValueSpecification","valueRequired":true,"valueName":"search_term_string"}}],"inLanguage":"it-IT"},{"@type":"Organization","@id":"https:\/\/repliquemangacine.fr\/#organization","name":"R\u00e9plique Manga Cin\u00e9","url":"https:\/\/repliquemangacine.fr\/","logo":{"@type":"ImageObject","inLanguage":"it-IT","@id":"https:\/\/repliquemangacine.fr\/#\/schema\/logo\/image\/","url":"https:\/\/repliquemangacine.fr\/wp-content\/uploads\/2023\/10\/RMC-500250.png","contentUrl":"https:\/\/repliquemangacine.fr\/wp-content\/uploads\/2023\/10\/RMC-500250.png","width":500,"height":250,"caption":"R\u00e9plique Manga Cin\u00e9"},"image":{"@id":"https:\/\/repliquemangacine.fr\/#\/schema\/logo\/image\/"},"sameAs":["https:\/\/www.facebook.com\/RepliqueMangaCine","https:\/\/www.instagram.com\/repliquemangacine.fr\/"]}]}},"_links":{"self":[{"href":"https:\/\/repliquemangacine.fr\/it\/wp-json\/wp\/v2\/product\/27282","targetHints":{"allow":["GET"]}}],"collection":[{"href":"https:\/\/repliquemangacine.fr\/it\/wp-json\/wp\/v2\/product"}],"about":[{"href":"https:\/\/repliquemangacine.fr\/it\/wp-json\/wp\/v2\/types\/product"}],"wp:featuredmedia":[{"embeddable":true,"href":"https:\/\/repliquemangacine.fr\/it\/wp-json\/wp\/v2\/media\/27283"}],"wp:attachment":[{"href":"https:\/\/repliquemangacine.fr\/it\/wp-json\/wp\/v2\/media?parent=27282"}],"wp:term":[{"taxonomy":"product_brand","embeddable":true,"href":"https:\/\/repliquemangacine.fr\/it\/wp-json\/wp\/v2\/product_brand?post=27282"},{"taxonomy":"product_cat","embeddable":true,"href":"https:\/\/repliquemangacine.fr\/it\/wp-json\/wp\/v2\/product_cat?post=27282"},{"taxonomy":"product_tag","embeddable":true,"href":"https:\/\/repliquemangacine.fr\/it\/wp-json\/wp\/v2\/product_tag?post=27282"}],"curies":[{"name":"wp","href":"https:\/\/api.w.org\/{rel}","templated":true}]}}