





{"id":27263,"date":"2017-05-22T19:46:13","date_gmt":"2017-05-22T17:46:13","guid":{"rendered":"https:\/\/repliquemangacine.fr\/?post_type=product&#038;p=27263"},"modified":"2025-09-23T18:01:54","modified_gmt":"2025-09-23T16:01:54","slug":"replica-spada-anduin-lothar-warcraft","status":"publish","type":"product","link":"https:\/\/repliquemangacine.fr\/it\/epees-world-of-warcraft\/replique-epee-anduin-lothar-warcraft\/","title":{"rendered":"Anduin Lothar Spada da guerra"},"content":{"rendered":"<h2>Anduin Lothar Wow spada<\/h2>\n<p>Per cominciare, il<strong>Anduin Lothar Wow spada<\/strong>, soprannominato Il Leone di Azeroth, \u00e8 l'ultimo discendente dell'antica stirpe degli Arathi. L'arma principale di Lothar era la grande spada Quel'Zaram. Di conseguenza, \u00e8 stato Cavaliere Campione di Hurlevent. Amico d'infanzia di Medivh e Llane Wrynn.<\/p>\n<p>La Spada di Anduin Lothar si trova nel film e nel MMORPG World of Warcraft.<\/p>\n<p>Anduin Lothar sar\u00e0 molto efficace con la sua spada, sconfiggendo Mano Nera in un duello durante la battaglia al Cancello Nero. Trov\u00f2 il pugnale di Garona sul corpo del re e decise di scacciare l'orda creando l'Alleanza di Azeroth.<\/p>\n<p><a href=\"https:\/\/wowwiki.fandom.com\/fr\/wiki\/Anduin_Lothar\" target=\"_blank\" rel=\"noopener noreferrer\">Anduin Lothar<\/a> e Garona hanno vissuto una sincera storia d'amore dopo un inizio complicato.<\/p>\n<h2>La tua spada Anduin Lothar Wow al miglior prezzo.<\/h2>\n<p>Offriamo una vasta gamma di repliche di World of Warcraft.<\/p>\n<p>Innanzitutto,<\/p>\n<ul>\n<li>L'imponente spada di Arthas le <a href=\"https:\/\/repliquemangacine.fr\/it\/spade-di-world-of-warcraft\/frostmourne-deuillegivre-spada-spada-del-re-dei-lich\/\">Frostmourne<\/a> spada del Re dei Lich.<\/li>\n<li>E l'ascia a due mani <a href=\"https:\/\/repliquemangacine.fr\/it\/spade-di-world-of-warcraft\/ascia-deuillelombre-shadowmourne-mondo-di-warcraft\/\">Shadowmourne<\/a><\/li>\n<li>C'\u00e8 anche il martello del destino, il <a href=\"https:\/\/repliquemangacine.fr\/it\/spade-di-world-of-warcraft\/martello-del-destino-world-of-warcraft-replica-thrall-hammer-doomhammer\/\">Thrall Doomhammer<\/a><\/li>\n<li>E molti altri da scoprire nel nostro negozio online!<\/li>\n<\/ul>\n<p>Ecco perch\u00e9 questa \u00e8 un'ottima idea regalo per i fan di Wow.<\/p>\n<p>In conclusione, \u00e8 possibile utilizzare l\u2019<strong>Anduin Lothar Wow spada<\/strong> per le sfilate Cosplay. Ma soprattutto, \u00e8 un oggetto da collezione e un pezzo decorativo.<\/p>\n<p>R\u00e9plique Manga Cin\u00e9 \u00e8 un'azienda familiare francese.<\/p>\n<h2>Come faccio a mantenere la lama della mia spada di World of Warcraft?<\/h2>\n<p>Le spade da collezione e decorative sono realizzate e assemblate in modo semplificato. Poich\u00e9 il loro uso \u00e8 decorativo, non hanno le caratteristiche di sicurezza richieste per una spada giapponese destinata all'allenamento.<\/p>\n<p>Tuttavia, il vostro <strong>Anduin Lothar Wow spada<\/strong> a una lama d'acciaio che deve essere curata per evitare che si danneggi nel tempo. Quando si espone la katana, gli amici saranno curiosi di vedere la lama e di toccarla. \u00c8 qui che bisogna fare attenzione, perch\u00e9 l'acidit\u00e0 delle dita \u00e8 molto dannosa per l'acciaio, indipendentemente dalla sua qualit\u00e0.<\/p>\n<p>Tuttavia, se ci\u00f2 dovesse accadere, niente panico: basta un panno inumidito con un po' d'olio per eliminare le impronte. In questo modo, la spada durer\u00e0 a lungo.<\/p>","protected":false},"excerpt":{"rendered":"<p>Spada Quel'Zaram di Anduin Lothar di World of Warcraft.<\/p>\n<ul>\n<li>Lama in acciaio al carbonio con serigrafia.<\/li>\n<li>Elsa in acciaio a forma di testa di drago.<\/li>\n<li>Manico in acciaio a forma di bilancia.<\/li>\n<li>Supporto da parete in legno.<\/li>\n<li>Lunghezza lama: 69 cm - Lunghezza totale: 106 cm<\/li>\n<\/ul>","protected":false},"featured_media":27264,"template":"","meta":[],"product_brand":[896],"product_cat":[23,60],"product_tag":[],"class_list":{"0":"post-27263","1":"product","2":"type-product","3":"status-publish","4":"has-post-thumbnail","6":"product_brand-replique-manga-cine","7":"product_cat-repliques-manga-jeux-video","8":"product_cat-epees-world-of-warcraft","10":"first","11":"outofstock","12":"sale","13":"taxable","14":"shipping-taxable","15":"purchasable","16":"product-type-simple"},"yoast_head":"<!-- This site is optimized with the Yoast SEO plugin v27.4 - https:\/\/yoast.com\/product\/yoast-seo-wordpress\/ -->\n<title>Ep\u00e9e Anduin Lothar Wow - Quel&#039;Zaram - Boutique en ligne | RMC<\/title>\n<meta name=\"description\" content=\"Offrez-vous cette Ep\u00e9e Anduin Lothar Wow au meilleur prix. Lame en acier carbone - Echelle 1\/1 - Support - Longueur : 106 cm - Envoi 24\/48H.\" \/>\n<meta name=\"robots\" content=\"index, follow, max-snippet:-1, max-image-preview:large, max-video-preview:-1\" \/>\n<link rel=\"canonical\" href=\"https:\/\/repliquemangacine.fr\/it\/spade-di-world-of-warcraft\/replica-spada-anduin-lothar-warcraft\/\" \/>\n<meta property=\"og:locale\" content=\"it_IT\" \/>\n<meta property=\"og:type\" content=\"article\" \/>\n<meta property=\"og:title\" content=\"Ep\u00e9e Anduin Lothar Wow - Quel&#039;Zaram - Boutique en ligne | RMC\" \/>\n<meta property=\"og:description\" content=\"Offrez-vous cette Ep\u00e9e Anduin Lothar Wow au meilleur prix. Lame en acier carbone - Echelle 1\/1 - Support - Longueur : 106 cm - Envoi 24\/48H.\" \/>\n<meta property=\"og:url\" content=\"https:\/\/repliquemangacine.fr\/it\/spade-di-world-of-warcraft\/replica-spada-anduin-lothar-warcraft\/\" \/>\n<meta property=\"og:site_name\" content=\"R\u00e9plique Manga Cin\u00e9\" \/>\n<meta property=\"article:publisher\" content=\"https:\/\/www.facebook.com\/RepliqueMangaCine\" \/>\n<meta property=\"article:modified_time\" content=\"2025-09-23T16:01:54+00:00\" \/>\n<meta property=\"og:image\" content=\"https:\/\/repliquemangacine.fr\/wp-content\/uploads\/2023\/10\/2041-Replique-epee-Anduin-Lothar-Warcraft.jpg\" \/>\n\t<meta property=\"og:image:width\" content=\"600\" \/>\n\t<meta property=\"og:image:height\" content=\"600\" \/>\n\t<meta property=\"og:image:type\" content=\"image\/jpeg\" \/>\n<meta name=\"twitter:card\" content=\"summary_large_image\" \/>\n<meta name=\"twitter:label1\" content=\"Tempo di lettura stimato\" \/>\n\t<meta name=\"twitter:data1\" content=\"2 minuti\" \/>\n<script type=\"application\/ld+json\" class=\"yoast-schema-graph\">{\"@context\":\"https:\\\/\\\/schema.org\",\"@graph\":[{\"@type\":\"WebPage\",\"@id\":\"https:\\\/\\\/repliquemangacine.fr\\\/epees-world-of-warcraft\\\/replique-epee-anduin-lothar-warcraft\\\/\",\"url\":\"https:\\\/\\\/repliquemangacine.fr\\\/epees-world-of-warcraft\\\/replique-epee-anduin-lothar-warcraft\\\/\",\"name\":\"Ep\u00e9e Anduin Lothar Wow - Quel'Zaram - Boutique en ligne | RMC\",\"isPartOf\":{\"@id\":\"https:\\\/\\\/repliquemangacine.fr\\\/#website\"},\"primaryImageOfPage\":{\"@id\":\"https:\\\/\\\/repliquemangacine.fr\\\/epees-world-of-warcraft\\\/replique-epee-anduin-lothar-warcraft\\\/#primaryimage\"},\"image\":{\"@id\":\"https:\\\/\\\/repliquemangacine.fr\\\/epees-world-of-warcraft\\\/replique-epee-anduin-lothar-warcraft\\\/#primaryimage\"},\"thumbnailUrl\":\"https:\\\/\\\/repliquemangacine.fr\\\/wp-content\\\/uploads\\\/2023\\\/10\\\/2041-Replique-epee-Anduin-Lothar-Warcraft.jpg\",\"datePublished\":\"2017-05-22T17:46:13+00:00\",\"dateModified\":\"2025-09-23T16:01:54+00:00\",\"description\":\"Offrez-vous cette Ep\u00e9e Anduin Lothar Wow au meilleur prix. Lame en acier carbone - Echelle 1\\\/1 - Support - Longueur : 106 cm - Envoi 24\\\/48H.\",\"breadcrumb\":{\"@id\":\"https:\\\/\\\/repliquemangacine.fr\\\/epees-world-of-warcraft\\\/replique-epee-anduin-lothar-warcraft\\\/#breadcrumb\"},\"inLanguage\":\"it-IT\",\"potentialAction\":[{\"@type\":\"ReadAction\",\"target\":[\"https:\\\/\\\/repliquemangacine.fr\\\/epees-world-of-warcraft\\\/replique-epee-anduin-lothar-warcraft\\\/\"]}]},{\"@type\":\"ImageObject\",\"inLanguage\":\"it-IT\",\"@id\":\"https:\\\/\\\/repliquemangacine.fr\\\/epees-world-of-warcraft\\\/replique-epee-anduin-lothar-warcraft\\\/#primaryimage\",\"url\":\"https:\\\/\\\/repliquemangacine.fr\\\/wp-content\\\/uploads\\\/2023\\\/10\\\/2041-Replique-epee-Anduin-Lothar-Warcraft.jpg\",\"contentUrl\":\"https:\\\/\\\/repliquemangacine.fr\\\/wp-content\\\/uploads\\\/2023\\\/10\\\/2041-Replique-epee-Anduin-Lothar-Warcraft.jpg\",\"width\":600,\"height\":600,\"caption\":\"R\u00e9plique \u00e9p\u00e9e Anduin Lothar- Warcraft\"},{\"@type\":\"BreadcrumbList\",\"@id\":\"https:\\\/\\\/repliquemangacine.fr\\\/epees-world-of-warcraft\\\/replique-epee-anduin-lothar-warcraft\\\/#breadcrumb\",\"itemListElement\":[{\"@type\":\"ListItem\",\"position\":1,\"name\":\"Accueil\",\"item\":\"https:\\\/\\\/repliquemangacine.fr\\\/\"},{\"@type\":\"ListItem\",\"position\":2,\"name\":\"Produits\",\"item\":\"https:\\\/\\\/repliquemangacine.fr\\\/boutique\\\/\"},{\"@type\":\"ListItem\",\"position\":3,\"name\":\"Ep\u00e9e Anduin Lothar Warcraft\"}]},{\"@type\":\"WebSite\",\"@id\":\"https:\\\/\\\/repliquemangacine.fr\\\/#website\",\"url\":\"https:\\\/\\\/repliquemangacine.fr\\\/\",\"name\":\"R\u00e9plique Manga Cin\u00e9\",\"description\":\"\",\"publisher\":{\"@id\":\"https:\\\/\\\/repliquemangacine.fr\\\/#organization\"},\"potentialAction\":[{\"@type\":\"SearchAction\",\"target\":{\"@type\":\"EntryPoint\",\"urlTemplate\":\"https:\\\/\\\/repliquemangacine.fr\\\/?s={search_term_string}\"},\"query-input\":{\"@type\":\"PropertyValueSpecification\",\"valueRequired\":true,\"valueName\":\"search_term_string\"}}],\"inLanguage\":\"it-IT\"},{\"@type\":\"Organization\",\"@id\":\"https:\\\/\\\/repliquemangacine.fr\\\/#organization\",\"name\":\"R\u00e9plique Manga Cin\u00e9\",\"url\":\"https:\\\/\\\/repliquemangacine.fr\\\/\",\"logo\":{\"@type\":\"ImageObject\",\"inLanguage\":\"it-IT\",\"@id\":\"https:\\\/\\\/repliquemangacine.fr\\\/#\\\/schema\\\/logo\\\/image\\\/\",\"url\":\"https:\\\/\\\/repliquemangacine.fr\\\/wp-content\\\/uploads\\\/2023\\\/10\\\/RMC-500250.png\",\"contentUrl\":\"https:\\\/\\\/repliquemangacine.fr\\\/wp-content\\\/uploads\\\/2023\\\/10\\\/RMC-500250.png\",\"width\":500,\"height\":250,\"caption\":\"R\u00e9plique Manga Cin\u00e9\"},\"image\":{\"@id\":\"https:\\\/\\\/repliquemangacine.fr\\\/#\\\/schema\\\/logo\\\/image\\\/\"},\"sameAs\":[\"https:\\\/\\\/www.facebook.com\\\/RepliqueMangaCine\",\"https:\\\/\\\/www.instagram.com\\\/repliquemangacine.fr\\\/\"]}]}<\/script>\n<!-- \/ Yoast SEO plugin. -->","yoast_head_json":{"title":"Spada Anduin Lothar Wow - Quel'Zaram - Boutique in linea | RMC","description":"Regalati questa spada Anduin Lothar Wow al miglior prezzo. Lama in acciaio al carbonio - Scala 1\/1 - Supporto - Lunghezza : 106 cm - Spedizione 24\/48H.","robots":{"index":"index","follow":"follow","max-snippet":"max-snippet:-1","max-image-preview":"max-image-preview:large","max-video-preview":"max-video-preview:-1"},"canonical":"https:\/\/repliquemangacine.fr\/it\/spade-di-world-of-warcraft\/replica-spada-anduin-lothar-warcraft\/","og_locale":"it_IT","og_type":"article","og_title":"Ep\u00e9e Anduin Lothar Wow - Quel'Zaram - Boutique en ligne | RMC","og_description":"Offrez-vous cette Ep\u00e9e Anduin Lothar Wow au meilleur prix. Lame en acier carbone - Echelle 1\/1 - Support - Longueur : 106 cm - Envoi 24\/48H.","og_url":"https:\/\/repliquemangacine.fr\/it\/spade-di-world-of-warcraft\/replica-spada-anduin-lothar-warcraft\/","og_site_name":"R\u00e9plique Manga Cin\u00e9","article_publisher":"https:\/\/www.facebook.com\/RepliqueMangaCine","article_modified_time":"2025-09-23T16:01:54+00:00","og_image":[{"width":600,"height":600,"url":"https:\/\/repliquemangacine.fr\/wp-content\/uploads\/2023\/10\/2041-Replique-epee-Anduin-Lothar-Warcraft.jpg","type":"image\/jpeg"}],"twitter_card":"summary_large_image","twitter_misc":{"Tempo di lettura stimato":"2 minuti"},"schema":{"@context":"https:\/\/schema.org","@graph":[{"@type":"WebPage","@id":"https:\/\/repliquemangacine.fr\/epees-world-of-warcraft\/replique-epee-anduin-lothar-warcraft\/","url":"https:\/\/repliquemangacine.fr\/epees-world-of-warcraft\/replique-epee-anduin-lothar-warcraft\/","name":"Spada Anduin Lothar Wow - Quel'Zaram - Boutique in linea | RMC","isPartOf":{"@id":"https:\/\/repliquemangacine.fr\/#website"},"primaryImageOfPage":{"@id":"https:\/\/repliquemangacine.fr\/epees-world-of-warcraft\/replique-epee-anduin-lothar-warcraft\/#primaryimage"},"image":{"@id":"https:\/\/repliquemangacine.fr\/epees-world-of-warcraft\/replique-epee-anduin-lothar-warcraft\/#primaryimage"},"thumbnailUrl":"https:\/\/repliquemangacine.fr\/wp-content\/uploads\/2023\/10\/2041-Replique-epee-Anduin-Lothar-Warcraft.jpg","datePublished":"2017-05-22T17:46:13+00:00","dateModified":"2025-09-23T16:01:54+00:00","description":"Regalati questa spada Anduin Lothar Wow al miglior prezzo. Lama in acciaio al carbonio - Scala 1\/1 - Supporto - Lunghezza : 106 cm - Spedizione 24\/48H.","breadcrumb":{"@id":"https:\/\/repliquemangacine.fr\/epees-world-of-warcraft\/replique-epee-anduin-lothar-warcraft\/#breadcrumb"},"inLanguage":"it-IT","potentialAction":[{"@type":"ReadAction","target":["https:\/\/repliquemangacine.fr\/epees-world-of-warcraft\/replique-epee-anduin-lothar-warcraft\/"]}]},{"@type":"ImageObject","inLanguage":"it-IT","@id":"https:\/\/repliquemangacine.fr\/epees-world-of-warcraft\/replique-epee-anduin-lothar-warcraft\/#primaryimage","url":"https:\/\/repliquemangacine.fr\/wp-content\/uploads\/2023\/10\/2041-Replique-epee-Anduin-Lothar-Warcraft.jpg","contentUrl":"https:\/\/repliquemangacine.fr\/wp-content\/uploads\/2023\/10\/2041-Replique-epee-Anduin-Lothar-Warcraft.jpg","width":600,"height":600,"caption":"R\u00e9plique \u00e9p\u00e9e Anduin Lothar- Warcraft"},{"@type":"BreadcrumbList","@id":"https:\/\/repliquemangacine.fr\/epees-world-of-warcraft\/replique-epee-anduin-lothar-warcraft\/#breadcrumb","itemListElement":[{"@type":"ListItem","position":1,"name":"Accueil","item":"https:\/\/repliquemangacine.fr\/"},{"@type":"ListItem","position":2,"name":"Produits","item":"https:\/\/repliquemangacine.fr\/boutique\/"},{"@type":"ListItem","position":3,"name":"Ep\u00e9e Anduin Lothar Warcraft"}]},{"@type":"WebSite","@id":"https:\/\/repliquemangacine.fr\/#website","url":"https:\/\/repliquemangacine.fr\/","name":"R\u00e9plique Manga Cin\u00e9","description":"","publisher":{"@id":"https:\/\/repliquemangacine.fr\/#organization"},"potentialAction":[{"@type":"SearchAction","target":{"@type":"EntryPoint","urlTemplate":"https:\/\/repliquemangacine.fr\/?s={search_term_string}"},"query-input":{"@type":"PropertyValueSpecification","valueRequired":true,"valueName":"search_term_string"}}],"inLanguage":"it-IT"},{"@type":"Organization","@id":"https:\/\/repliquemangacine.fr\/#organization","name":"R\u00e9plique Manga Cin\u00e9","url":"https:\/\/repliquemangacine.fr\/","logo":{"@type":"ImageObject","inLanguage":"it-IT","@id":"https:\/\/repliquemangacine.fr\/#\/schema\/logo\/image\/","url":"https:\/\/repliquemangacine.fr\/wp-content\/uploads\/2023\/10\/RMC-500250.png","contentUrl":"https:\/\/repliquemangacine.fr\/wp-content\/uploads\/2023\/10\/RMC-500250.png","width":500,"height":250,"caption":"R\u00e9plique Manga Cin\u00e9"},"image":{"@id":"https:\/\/repliquemangacine.fr\/#\/schema\/logo\/image\/"},"sameAs":["https:\/\/www.facebook.com\/RepliqueMangaCine","https:\/\/www.instagram.com\/repliquemangacine.fr\/"]}]}},"_links":{"self":[{"href":"https:\/\/repliquemangacine.fr\/it\/wp-json\/wp\/v2\/product\/27263","targetHints":{"allow":["GET"]}}],"collection":[{"href":"https:\/\/repliquemangacine.fr\/it\/wp-json\/wp\/v2\/product"}],"about":[{"href":"https:\/\/repliquemangacine.fr\/it\/wp-json\/wp\/v2\/types\/product"}],"wp:featuredmedia":[{"embeddable":true,"href":"https:\/\/repliquemangacine.fr\/it\/wp-json\/wp\/v2\/media\/27264"}],"wp:attachment":[{"href":"https:\/\/repliquemangacine.fr\/it\/wp-json\/wp\/v2\/media?parent=27263"}],"wp:term":[{"taxonomy":"product_brand","embeddable":true,"href":"https:\/\/repliquemangacine.fr\/it\/wp-json\/wp\/v2\/product_brand?post=27263"},{"taxonomy":"product_cat","embeddable":true,"href":"https:\/\/repliquemangacine.fr\/it\/wp-json\/wp\/v2\/product_cat?post=27263"},{"taxonomy":"product_tag","embeddable":true,"href":"https:\/\/repliquemangacine.fr\/it\/wp-json\/wp\/v2\/product_tag?post=27263"}],"curies":[{"name":"wp","href":"https:\/\/api.w.org\/{rel}","templated":true}]}}