





{"id":27255,"date":"2017-05-22T18:21:33","date_gmt":"2017-05-22T16:21:33","guid":{"rendered":"https:\/\/repliquemangacine.fr\/?post_type=product&#038;p=27255"},"modified":"2026-01-08T17:23:17","modified_gmt":"2026-01-08T16:23:17","slug":"pugnale-spada-leoni-zanna-du-roi-llane-wrynn-warcraft","status":"publish","type":"product","link":"https:\/\/repliquemangacine.fr\/it\/repliques-d-armes-films-et-series\/dague-epee-lions-fang-du-roi-llane-wrynn-warcraft\/","title":{"rendered":"Zanna di Leone Pugnale di spada di Warcraft"},"content":{"rendered":"<h2>Pugnale con spada a zanna di leone nel film di Warcraft<\/h2>\n<p>Per cominciare, il <strong>Pugnale con spada a zanna di leone<\/strong> \u00e8 la sorella minore della spada del Re <a href=\"https:\/\/wowwiki.fandom.com\/fr\/wiki\/Llane_Wrynn_I\" target=\"_blank\" rel=\"noopener noreferrer\">Llane Wrynn<\/a>, decorato con oro del colore della fede nuziale.<\/p>\n<p>Avendo combattuto i troll in giovent\u00f9, il governo di Wrynn fu ampiamente pacifico, fino all'arrivo dell'Orda. Wrynn cerc\u00f2 di radunare le altre nazioni dei Sette Regni per impedire agli orchi di riaprire il Grande Cancello.<\/p>\n<p>D\u00e0 la sua vita per difendere Azeroth e liberare i prigionieri dagli orchi. Quando il portale si chiuse per la seconda volta, fu chiaro che la sua morte era inevitabile. Chiese a Garona di ucciderlo davanti all'Orda per concedergli l'onore, piuttosto che permettere a Blackhand di reclamarlo, nella speranza che un giorno potesse portare la pace tra i loro popoli.<\/p>\n<h2>La vostra spada pugnale Zanna di Leone al miglior prezzo.<\/h2>\n<p>Offriamo una vasta gamma di oggetti da collezione del mondo di World of Warcraft.<\/p>\n<p>Innanzitutto,<\/p>\n<ul>\n<li>La magnifica spada leggendaria di Arthas la <a href=\"https:\/\/repliquemangacine.fr\/it\/spada-di-world-of-warcraft\/frostmourne-deuillegivre-spada-spada-del-re-dei-lich\/\">Frostmourne<\/a> con un finale notevole.<\/li>\n<li>C'\u00e8 anche l'arma di Illidan <a href=\"https:\/\/repliquemangacine.fr\/it\/spada-di-world-of-warcraft\/epee-warglaive-d-illidan-glaive-de-guerre-d-azzinoth\/\">Warglaive<\/a>la spada da guerra di Azzinoth.<\/li>\n<li>Cos\u00ec come il <a href=\"https:\/\/repliquemangacine.fr\/it\/spada-di-world-of-warcraft\/martello-del-destino-world-of-warcraft-replica-thrall-hammer-doomhammer\/\">Doomhammer<\/a> utilizzato dall'iconico Thrall<\/li>\n<li>E molto altro ancora da scoprire nel nostro negozio online!<\/li>\n<\/ul>\n<p>Ecco quindi alcune ottime idee regalo per tutti i fan di World of Warcraft.<\/p>\n<p>In conclusione, \u00e8 possibile ordinare il <strong>Pugnale con spada a zanna di leone<\/strong> per le vostre feste a tema o sfilate di cosplay. Ma soprattutto, questo pugnale \u00e8 un oggetto da collezione e un pezzo decorativo.<\/p>\n<p>R\u00e9plique manga cin\u00e9 \u00e8 una societ\u00e0 francese.<\/p>\n<h2>Come faccio a mantenere la lama della mia spada Warcraft?<\/h2>\n<p>Le spade da collezione e decorative sono realizzate e assemblate in modo semplificato. Poich\u00e9 il loro uso \u00e8 decorativo, non hanno le caratteristiche di sicurezza richieste per una spada giapponese destinata all'allenamento.<\/p>\n<p>Tuttavia, il vostro <strong>Pugnale con spada a zanna di leone<\/strong> a una lama d'acciaio che deve essere curata per evitare che si danneggi nel tempo. Quando si espone la katana, gli amici saranno curiosi di vedere la lama e di toccarla. \u00c8 qui che bisogna fare attenzione, perch\u00e9 l'acidit\u00e0 delle dita \u00e8 molto dannosa per l'acciaio, indipendentemente dalla sua qualit\u00e0.<\/p>\n<p>Tuttavia, se ci\u00f2 dovesse accadere, niente panico: basta un panno inumidito con un po' d'olio per eliminare le impronte. In questo modo, la spada durer\u00e0 a lungo.<\/p>\n<p><strong>\u00a0<\/strong><\/p>","protected":false},"excerpt":{"rendered":"<p>Pugnale a forma di zanna di leone del re Llane Wrynn nel film Warcraft.<\/p>\n<ul>\n<li>Lama larga in acciaio inossidabile con incisione.<\/li>\n<li>Manico in acciaio.<\/li>\n<li>Manopola in acciaio.<\/li>\n<li>Elsa in acciaio placcato oro antico a forma di testa di leone.<\/li>\n<li>Supporto in legno.<\/li>\n<li>Lunghezza lama: 51 cm - Lunghezza totale: 71 cm<\/li>\n<\/ul>","protected":false},"featured_media":27256,"template":"","meta":[],"product_brand":[896],"product_cat":[66,24,23,60],"product_tag":[],"class_list":{"0":"post-27255","1":"product","2":"type-product","3":"status-publish","4":"has-post-thumbnail","6":"product_brand-replique-manga-cine","7":"product_cat-repliques-d-armes-films-et-series","8":"product_cat-films-series-tv-vente-de-katana-epee-et-produits-derives","9":"product_cat-repliques-manga-jeux-video","10":"product_cat-epees-world-of-warcraft","12":"first","13":"instock","14":"sale","15":"taxable","16":"shipping-taxable","17":"purchasable","18":"product-type-simple"},"yoast_head":"<!-- This site is optimized with the Yoast SEO plugin v27.4 - https:\/\/yoast.com\/product\/yoast-seo-wordpress\/ -->\n<title>Dague \u00e9p\u00e9e Lion&#039;s Fang - Warcraft - Boutique en ligne | RMC<\/title>\n<meta name=\"description\" content=\"Offrez-vous la Dague \u00e9p\u00e9e Lion&#039;s Fang du roi Llane Wrynn dans le film Warcraft au meilleur prix - Lame acier - Support - Longueur 71cm - Envoi 24\/48h\" \/>\n<meta name=\"robots\" content=\"index, follow, max-snippet:-1, max-image-preview:large, max-video-preview:-1\" \/>\n<link rel=\"canonical\" href=\"https:\/\/repliquemangacine.fr\/it\/film-e-serie-di-repliche-di-armi\/pugnale-spada-leoni-zanna-du-roi-llane-wrynn-warcraft\/\" \/>\n<meta property=\"og:locale\" content=\"it_IT\" \/>\n<meta property=\"og:type\" content=\"article\" \/>\n<meta property=\"og:title\" content=\"Dague \u00e9p\u00e9e Lion&#039;s Fang - Warcraft - Boutique en ligne | RMC\" \/>\n<meta property=\"og:description\" content=\"Offrez-vous la Dague \u00e9p\u00e9e Lion&#039;s Fang du roi Llane Wrynn dans le film Warcraft au meilleur prix - Lame acier - Support - Longueur 71cm - Envoi 24\/48h\" \/>\n<meta property=\"og:url\" content=\"https:\/\/repliquemangacine.fr\/it\/film-e-serie-di-repliche-di-armi\/pugnale-spada-leoni-zanna-du-roi-llane-wrynn-warcraft\/\" \/>\n<meta property=\"og:site_name\" content=\"R\u00e9plique Manga Cin\u00e9\" \/>\n<meta property=\"article:publisher\" content=\"https:\/\/www.facebook.com\/RepliqueMangaCine\" \/>\n<meta property=\"article:modified_time\" content=\"2026-01-08T16:23:17+00:00\" \/>\n<meta property=\"og:image\" content=\"https:\/\/repliquemangacine.fr\/wp-content\/uploads\/2023\/10\/2034-Dague-epee-du-roi-Llane-Wrynn-Warcraft.jpg\" \/>\n\t<meta property=\"og:image:width\" content=\"600\" \/>\n\t<meta property=\"og:image:height\" content=\"600\" \/>\n\t<meta property=\"og:image:type\" content=\"image\/jpeg\" \/>\n<meta name=\"twitter:card\" content=\"summary_large_image\" \/>\n<meta name=\"twitter:label1\" content=\"Tempo di lettura stimato\" \/>\n\t<meta name=\"twitter:data1\" content=\"1 minuto\" \/>\n<script type=\"application\/ld+json\" class=\"yoast-schema-graph\">{\"@context\":\"https:\\\/\\\/schema.org\",\"@graph\":[{\"@type\":\"WebPage\",\"@id\":\"https:\\\/\\\/repliquemangacine.fr\\\/repliques-d-armes-films-et-series\\\/dague-epee-lions-fang-du-roi-llane-wrynn-warcraft\\\/\",\"url\":\"https:\\\/\\\/repliquemangacine.fr\\\/repliques-d-armes-films-et-series\\\/dague-epee-lions-fang-du-roi-llane-wrynn-warcraft\\\/\",\"name\":\"Dague \u00e9p\u00e9e Lion's Fang - Warcraft - Boutique en ligne | RMC\",\"isPartOf\":{\"@id\":\"https:\\\/\\\/repliquemangacine.fr\\\/#website\"},\"primaryImageOfPage\":{\"@id\":\"https:\\\/\\\/repliquemangacine.fr\\\/repliques-d-armes-films-et-series\\\/dague-epee-lions-fang-du-roi-llane-wrynn-warcraft\\\/#primaryimage\"},\"image\":{\"@id\":\"https:\\\/\\\/repliquemangacine.fr\\\/repliques-d-armes-films-et-series\\\/dague-epee-lions-fang-du-roi-llane-wrynn-warcraft\\\/#primaryimage\"},\"thumbnailUrl\":\"https:\\\/\\\/repliquemangacine.fr\\\/wp-content\\\/uploads\\\/2023\\\/10\\\/2034-Dague-epee-du-roi-Llane-Wrynn-Warcraft.jpg\",\"datePublished\":\"2017-05-22T16:21:33+00:00\",\"dateModified\":\"2026-01-08T16:23:17+00:00\",\"description\":\"Offrez-vous la Dague \u00e9p\u00e9e Lion's Fang du roi Llane Wrynn dans le film Warcraft au meilleur prix - Lame acier - Support - Longueur 71cm - Envoi 24\\\/48h\",\"breadcrumb\":{\"@id\":\"https:\\\/\\\/repliquemangacine.fr\\\/repliques-d-armes-films-et-series\\\/dague-epee-lions-fang-du-roi-llane-wrynn-warcraft\\\/#breadcrumb\"},\"inLanguage\":\"it-IT\",\"potentialAction\":[{\"@type\":\"ReadAction\",\"target\":[\"https:\\\/\\\/repliquemangacine.fr\\\/repliques-d-armes-films-et-series\\\/dague-epee-lions-fang-du-roi-llane-wrynn-warcraft\\\/\"]}]},{\"@type\":\"ImageObject\",\"inLanguage\":\"it-IT\",\"@id\":\"https:\\\/\\\/repliquemangacine.fr\\\/repliques-d-armes-films-et-series\\\/dague-epee-lions-fang-du-roi-llane-wrynn-warcraft\\\/#primaryimage\",\"url\":\"https:\\\/\\\/repliquemangacine.fr\\\/wp-content\\\/uploads\\\/2023\\\/10\\\/2034-Dague-epee-du-roi-Llane-Wrynn-Warcraft.jpg\",\"contentUrl\":\"https:\\\/\\\/repliquemangacine.fr\\\/wp-content\\\/uploads\\\/2023\\\/10\\\/2034-Dague-epee-du-roi-Llane-Wrynn-Warcraft.jpg\",\"width\":600,\"height\":600,\"caption\":\"Dague \u00e9p\u00e9e du roi Llane Wrynn - Warcraft\"},{\"@type\":\"BreadcrumbList\",\"@id\":\"https:\\\/\\\/repliquemangacine.fr\\\/repliques-d-armes-films-et-series\\\/dague-epee-lions-fang-du-roi-llane-wrynn-warcraft\\\/#breadcrumb\",\"itemListElement\":[{\"@type\":\"ListItem\",\"position\":1,\"name\":\"Accueil\",\"item\":\"https:\\\/\\\/repliquemangacine.fr\\\/\"},{\"@type\":\"ListItem\",\"position\":2,\"name\":\"Produits\",\"item\":\"https:\\\/\\\/repliquemangacine.fr\\\/boutique\\\/\"},{\"@type\":\"ListItem\",\"position\":3,\"name\":\"Dague \u00e9p\u00e9e Lion&#8217;s Fang Warcraft\"}]},{\"@type\":\"WebSite\",\"@id\":\"https:\\\/\\\/repliquemangacine.fr\\\/#website\",\"url\":\"https:\\\/\\\/repliquemangacine.fr\\\/\",\"name\":\"R\u00e9plique Manga Cin\u00e9\",\"description\":\"\",\"publisher\":{\"@id\":\"https:\\\/\\\/repliquemangacine.fr\\\/#organization\"},\"potentialAction\":[{\"@type\":\"SearchAction\",\"target\":{\"@type\":\"EntryPoint\",\"urlTemplate\":\"https:\\\/\\\/repliquemangacine.fr\\\/?s={search_term_string}\"},\"query-input\":{\"@type\":\"PropertyValueSpecification\",\"valueRequired\":true,\"valueName\":\"search_term_string\"}}],\"inLanguage\":\"it-IT\"},{\"@type\":\"Organization\",\"@id\":\"https:\\\/\\\/repliquemangacine.fr\\\/#organization\",\"name\":\"R\u00e9plique Manga Cin\u00e9\",\"url\":\"https:\\\/\\\/repliquemangacine.fr\\\/\",\"logo\":{\"@type\":\"ImageObject\",\"inLanguage\":\"it-IT\",\"@id\":\"https:\\\/\\\/repliquemangacine.fr\\\/#\\\/schema\\\/logo\\\/image\\\/\",\"url\":\"https:\\\/\\\/repliquemangacine.fr\\\/wp-content\\\/uploads\\\/2023\\\/10\\\/RMC-500250.png\",\"contentUrl\":\"https:\\\/\\\/repliquemangacine.fr\\\/wp-content\\\/uploads\\\/2023\\\/10\\\/RMC-500250.png\",\"width\":500,\"height\":250,\"caption\":\"R\u00e9plique Manga Cin\u00e9\"},\"image\":{\"@id\":\"https:\\\/\\\/repliquemangacine.fr\\\/#\\\/schema\\\/logo\\\/image\\\/\"},\"sameAs\":[\"https:\\\/\\\/www.facebook.com\\\/RepliqueMangaCine\",\"https:\\\/\\\/www.instagram.com\\\/repliquemangacine.fr\\\/\"]}]}<\/script>\n<!-- \/ Yoast SEO plugin. -->","yoast_head_json":{"title":"Pugnale con spada a zanna di leone - Warcraft - Boutique en ligne | RMC","description":"Pugnale con spada Lion's Fang del re Llane Wrynn nel film Warcraft al miglior prezzo - Lama in acciaio - Supporto - Lunghezza 71cm - Spedizione 24\/48h","robots":{"index":"index","follow":"follow","max-snippet":"max-snippet:-1","max-image-preview":"max-image-preview:large","max-video-preview":"max-video-preview:-1"},"canonical":"https:\/\/repliquemangacine.fr\/it\/film-e-serie-di-repliche-di-armi\/pugnale-spada-leoni-zanna-du-roi-llane-wrynn-warcraft\/","og_locale":"it_IT","og_type":"article","og_title":"Dague \u00e9p\u00e9e Lion's Fang - Warcraft - Boutique en ligne | RMC","og_description":"Offrez-vous la Dague \u00e9p\u00e9e Lion's Fang du roi Llane Wrynn dans le film Warcraft au meilleur prix - Lame acier - Support - Longueur 71cm - Envoi 24\/48h","og_url":"https:\/\/repliquemangacine.fr\/it\/film-e-serie-di-repliche-di-armi\/pugnale-spada-leoni-zanna-du-roi-llane-wrynn-warcraft\/","og_site_name":"R\u00e9plique Manga Cin\u00e9","article_publisher":"https:\/\/www.facebook.com\/RepliqueMangaCine","article_modified_time":"2026-01-08T16:23:17+00:00","og_image":[{"width":600,"height":600,"url":"https:\/\/repliquemangacine.fr\/wp-content\/uploads\/2023\/10\/2034-Dague-epee-du-roi-Llane-Wrynn-Warcraft.jpg","type":"image\/jpeg"}],"twitter_card":"summary_large_image","twitter_misc":{"Tempo di lettura stimato":"1 minuto"},"schema":{"@context":"https:\/\/schema.org","@graph":[{"@type":"WebPage","@id":"https:\/\/repliquemangacine.fr\/repliques-d-armes-films-et-series\/dague-epee-lions-fang-du-roi-llane-wrynn-warcraft\/","url":"https:\/\/repliquemangacine.fr\/repliques-d-armes-films-et-series\/dague-epee-lions-fang-du-roi-llane-wrynn-warcraft\/","name":"Pugnale con spada a zanna di leone - Warcraft - Boutique en ligne | RMC","isPartOf":{"@id":"https:\/\/repliquemangacine.fr\/#website"},"primaryImageOfPage":{"@id":"https:\/\/repliquemangacine.fr\/repliques-d-armes-films-et-series\/dague-epee-lions-fang-du-roi-llane-wrynn-warcraft\/#primaryimage"},"image":{"@id":"https:\/\/repliquemangacine.fr\/repliques-d-armes-films-et-series\/dague-epee-lions-fang-du-roi-llane-wrynn-warcraft\/#primaryimage"},"thumbnailUrl":"https:\/\/repliquemangacine.fr\/wp-content\/uploads\/2023\/10\/2034-Dague-epee-du-roi-Llane-Wrynn-Warcraft.jpg","datePublished":"2017-05-22T16:21:33+00:00","dateModified":"2026-01-08T16:23:17+00:00","description":"Pugnale con spada Lion's Fang del re Llane Wrynn nel film Warcraft al miglior prezzo - Lama in acciaio - Supporto - Lunghezza 71cm - Spedizione 24\/48h","breadcrumb":{"@id":"https:\/\/repliquemangacine.fr\/repliques-d-armes-films-et-series\/dague-epee-lions-fang-du-roi-llane-wrynn-warcraft\/#breadcrumb"},"inLanguage":"it-IT","potentialAction":[{"@type":"ReadAction","target":["https:\/\/repliquemangacine.fr\/repliques-d-armes-films-et-series\/dague-epee-lions-fang-du-roi-llane-wrynn-warcraft\/"]}]},{"@type":"ImageObject","inLanguage":"it-IT","@id":"https:\/\/repliquemangacine.fr\/repliques-d-armes-films-et-series\/dague-epee-lions-fang-du-roi-llane-wrynn-warcraft\/#primaryimage","url":"https:\/\/repliquemangacine.fr\/wp-content\/uploads\/2023\/10\/2034-Dague-epee-du-roi-Llane-Wrynn-Warcraft.jpg","contentUrl":"https:\/\/repliquemangacine.fr\/wp-content\/uploads\/2023\/10\/2034-Dague-epee-du-roi-Llane-Wrynn-Warcraft.jpg","width":600,"height":600,"caption":"Dague \u00e9p\u00e9e du roi Llane Wrynn - Warcraft"},{"@type":"BreadcrumbList","@id":"https:\/\/repliquemangacine.fr\/repliques-d-armes-films-et-series\/dague-epee-lions-fang-du-roi-llane-wrynn-warcraft\/#breadcrumb","itemListElement":[{"@type":"ListItem","position":1,"name":"Accueil","item":"https:\/\/repliquemangacine.fr\/"},{"@type":"ListItem","position":2,"name":"Produits","item":"https:\/\/repliquemangacine.fr\/boutique\/"},{"@type":"ListItem","position":3,"name":"Dague \u00e9p\u00e9e Lion&#8217;s Fang Warcraft"}]},{"@type":"WebSite","@id":"https:\/\/repliquemangacine.fr\/#website","url":"https:\/\/repliquemangacine.fr\/","name":"R\u00e9plique Manga Cin\u00e9","description":"","publisher":{"@id":"https:\/\/repliquemangacine.fr\/#organization"},"potentialAction":[{"@type":"SearchAction","target":{"@type":"EntryPoint","urlTemplate":"https:\/\/repliquemangacine.fr\/?s={search_term_string}"},"query-input":{"@type":"PropertyValueSpecification","valueRequired":true,"valueName":"search_term_string"}}],"inLanguage":"it-IT"},{"@type":"Organization","@id":"https:\/\/repliquemangacine.fr\/#organization","name":"R\u00e9plique Manga Cin\u00e9","url":"https:\/\/repliquemangacine.fr\/","logo":{"@type":"ImageObject","inLanguage":"it-IT","@id":"https:\/\/repliquemangacine.fr\/#\/schema\/logo\/image\/","url":"https:\/\/repliquemangacine.fr\/wp-content\/uploads\/2023\/10\/RMC-500250.png","contentUrl":"https:\/\/repliquemangacine.fr\/wp-content\/uploads\/2023\/10\/RMC-500250.png","width":500,"height":250,"caption":"R\u00e9plique Manga Cin\u00e9"},"image":{"@id":"https:\/\/repliquemangacine.fr\/#\/schema\/logo\/image\/"},"sameAs":["https:\/\/www.facebook.com\/RepliqueMangaCine","https:\/\/www.instagram.com\/repliquemangacine.fr\/"]}]}},"_links":{"self":[{"href":"https:\/\/repliquemangacine.fr\/it\/wp-json\/wp\/v2\/product\/27255","targetHints":{"allow":["GET"]}}],"collection":[{"href":"https:\/\/repliquemangacine.fr\/it\/wp-json\/wp\/v2\/product"}],"about":[{"href":"https:\/\/repliquemangacine.fr\/it\/wp-json\/wp\/v2\/types\/product"}],"wp:featuredmedia":[{"embeddable":true,"href":"https:\/\/repliquemangacine.fr\/it\/wp-json\/wp\/v2\/media\/27256"}],"wp:attachment":[{"href":"https:\/\/repliquemangacine.fr\/it\/wp-json\/wp\/v2\/media?parent=27255"}],"wp:term":[{"taxonomy":"product_brand","embeddable":true,"href":"https:\/\/repliquemangacine.fr\/it\/wp-json\/wp\/v2\/product_brand?post=27255"},{"taxonomy":"product_cat","embeddable":true,"href":"https:\/\/repliquemangacine.fr\/it\/wp-json\/wp\/v2\/product_cat?post=27255"},{"taxonomy":"product_tag","embeddable":true,"href":"https:\/\/repliquemangacine.fr\/it\/wp-json\/wp\/v2\/product_tag?post=27255"}],"curies":[{"name":"wp","href":"https:\/\/api.w.org\/{rel}","templated":true}]}}