





{"id":27237,"date":"2017-05-20T19:15:56","date_gmt":"2017-05-20T17:15:56","guid":{"rendered":"https:\/\/repliquemangacine.fr\/?post_type=product&#038;p=27237"},"modified":"2025-09-23T18:01:54","modified_gmt":"2025-09-23T16:01:54","slug":"artigli-di-ghiottone-x-uomini","status":"publish","type":"product","link":"https:\/\/repliquemangacine.fr\/it\/epees-et-dagues-fantasy\/griffes-de-wolverine-x-men\/","title":{"rendered":"Artigli di Wolverine X-Men"},"content":{"rendered":"<h2>Artigli di Wolverine X-Men dell'universo Marvel.<\/h2>\n<p>Per cominciare, Logan dispone di una coppia di tre <strong>Artigli di Wolverine X-Men<\/strong> in ciascun avambraccio, emergendo tra le falangi delle dita. Sono stati incollati chirurgicamente a un adamantio metallico quasi indistruttibile.<\/p>\n<p>Logan, alias <a href=\"https:\/\/xmen.fandom.com\/fr\/wiki\/Logan_\/_Wolverine\" target=\"_blank\" rel=\"noopener noreferrer\">Wolverine<\/a> \u00e8 un supereroe dell'Universo Marvel pubblicato dalla Marvel Comics. Il suo vero nome \u00e8 James Howlett, ma avendo dimenticato il suo passato dopo vari traumi, si fa chiamare Logan.<\/p>\n<p>Il talento principale di Wolverine \u00e8 il suo \u00abfattore di guarigione\u00bb. Logan pu\u00f2 guarire e rigenerare istantaneamente tutti i danni fisici e mentali subiti.<br \/>\nHa forza, agilit\u00e0, resistenza e velocit\u00e0 sovrumane.<\/p>\n<p>Wolverine \u00e8 uno degli X-Men pi\u00f9 importanti della Marvel.<\/p>\n<h2>Il tuo X-Men Wolverine Claws al miglior prezzo.<\/h2>\n<p>Offriamo un'ampia gamma di repliche dei vostri supereroi preferiti.<\/p>\n<p>Innanzitutto<\/p>\n<ul>\n<li>Le <a href=\"https:\/\/repliquemangacine.fr\/it\/supereroi\/katana-hawkeye-ronin-vendicatori-endgame\/\">Katana Occhio di Falco Ronin<\/a> in Avengers Endgame con la sua lama d'acciaio dritta perforata in cinque punti.<\/li>\n<li>Poi il<a href=\"https:\/\/repliquemangacine.fr\/it\/supereroi\/athena-spada-wonder-woman-justice-league\/\">Spada di Atena<\/a> utilizzato da Wonder Woman in Justice League.<\/li>\n<li>C'\u00e8 anche il <a href=\"https:\/\/repliquemangacine.fr\/it\/supereroi\/mazza-da-baseball-harley-quinn\/\">Mazza da baseball Harley Quinn<\/a> con le sue iscrizioni, su licenza ufficiale Suicide Squad distribuita da Noble Collection.<\/li>\n<li>E molti altri da scoprire nel nostro negozio online!<\/li>\n<\/ul>\n<p>Ecco quindi alcune fantastiche idee regalo per tutti gli amanti dell'universo Marvel.<\/p>\n<p>In conclusione, \u00e8 possibile utilizzare i <strong>Artigli di Wolverine X-Men<\/strong> per le vostre sfilate di cosplay. Ma prima di tutto sono oggetti da collezione e decorativi.<\/p>\n<h2>Come faccio a mantenere la lama dei miei pugnali Marvel?<\/h2>\n<p>I pugnali da collezione e decorativi sono realizzati e assemblati in modo semplificato. Essendo destinati a scopi decorativi, non dispongono degli elementi di sicurezza necessari per una spada giapponese destinata all'allenamento.<\/p>\n<p>Tuttavia, i vostri <strong>Artigli di Wolverine X-Men<\/strong> a una lama d'acciaio che deve essere curata per evitare che si danneggi nel tempo. Quando si espone la katana, gli amici saranno curiosi di vedere la lama e di toccarla. \u00c8 qui che bisogna fare attenzione, perch\u00e9 l'acidit\u00e0 delle dita \u00e8 molto dannosa per l'acciaio, indipendentemente dalla sua qualit\u00e0.<\/p>\n<p>Tuttavia, se ci\u00f2 dovesse accadere, niente panico: basta un panno inumidito con un po' d'olio per eliminare le impronte. In questo modo, la spada durer\u00e0 a lungo.<\/p>","protected":false},"excerpt":{"rendered":"<p>Replica degli artigli di Wolverine X-Men utilizzati da Logan.<\/p>\n<ul>\n<li>Viene fornito con 3 lame in acciaio inossidabile.<\/li>\n<li>Lame preaffilate e non affilate.<\/li>\n<li>Impugnatura composta da 2 piastre in ABS nero.<\/li>\n<li>Lunghezza di ogni lama: 29 cm<\/li>\n<\/ul>","protected":false},"featured_media":27238,"template":"","meta":[],"product_brand":[896],"product_cat":[66,44,24,26,59],"product_tag":[],"class_list":{"0":"post-27237","1":"product","2":"type-product","3":"status-publish","4":"has-post-thumbnail","6":"product_brand-replique-manga-cine","7":"product_cat-repliques-d-armes-films-et-series","8":"product_cat-epees-et-dagues-fantasy","9":"product_cat-films-series-tv-vente-de-katana-epee-et-produits-derives","10":"product_cat-katana-epee","11":"product_cat-super-heros-marvel","13":"first","14":"outofstock","15":"taxable","16":"shipping-taxable","17":"purchasable","18":"product-type-simple"},"yoast_head":"<!-- This site is optimized with the Yoast SEO plugin v27.4 - https:\/\/yoast.com\/product\/yoast-seo-wordpress\/ -->\n<title>Griffes de Wolverine X-Men - Marvel - R\u00e9plique Manga Cin\u00e9<\/title>\n<meta name=\"description\" content=\"Offrez-vous les Griffes de Wolverine X-Men au meilleur prix. Lame acier inoxydable - Poign\u00e9e en ABS - Longueur des lames : 29 cm - Haute Qualit\u00e9\" \/>\n<meta name=\"robots\" content=\"index, follow, max-snippet:-1, max-image-preview:large, max-video-preview:-1\" \/>\n<link rel=\"canonical\" href=\"https:\/\/repliquemangacine.fr\/it\/film-e-serie-di-repliche-di-armi\/artigli-di-ghiottone-x-uomini\/\" \/>\n<meta property=\"og:locale\" content=\"it_IT\" \/>\n<meta property=\"og:type\" content=\"article\" \/>\n<meta property=\"og:title\" content=\"Griffes de Wolverine X-Men - Marvel - R\u00e9plique Manga Cin\u00e9\" \/>\n<meta property=\"og:description\" content=\"Offrez-vous les Griffes de Wolverine X-Men au meilleur prix. Lame acier inoxydable - Poign\u00e9e en ABS - Longueur des lames : 29 cm - Haute Qualit\u00e9\" \/>\n<meta property=\"og:url\" content=\"https:\/\/repliquemangacine.fr\/it\/film-e-serie-di-repliche-di-armi\/artigli-di-ghiottone-x-uomini\/\" \/>\n<meta property=\"og:site_name\" content=\"R\u00e9plique Manga Cin\u00e9\" \/>\n<meta property=\"article:publisher\" content=\"https:\/\/www.facebook.com\/RepliqueMangaCine\" \/>\n<meta property=\"article:modified_time\" content=\"2025-09-23T16:01:54+00:00\" \/>\n<meta property=\"og:image\" content=\"https:\/\/repliquemangacine.fr\/wp-content\/uploads\/2023\/10\/2015-X-Men-Griffes-de-Wolverine-replique.jpg\" \/>\n\t<meta property=\"og:image:width\" content=\"600\" \/>\n\t<meta property=\"og:image:height\" content=\"600\" \/>\n\t<meta property=\"og:image:type\" content=\"image\/jpeg\" \/>\n<meta name=\"twitter:card\" content=\"summary_large_image\" \/>\n<meta name=\"twitter:label1\" content=\"Tempo di lettura stimato\" \/>\n\t<meta name=\"twitter:data1\" content=\"2 minuti\" \/>\n<script type=\"application\/ld+json\" class=\"yoast-schema-graph\">{\"@context\":\"https:\\\/\\\/schema.org\",\"@graph\":[{\"@type\":\"WebPage\",\"@id\":\"https:\\\/\\\/repliquemangacine.fr\\\/repliques-d-armes-films-et-series\\\/griffes-de-wolverine-x-men\\\/\",\"url\":\"https:\\\/\\\/repliquemangacine.fr\\\/repliques-d-armes-films-et-series\\\/griffes-de-wolverine-x-men\\\/\",\"name\":\"Griffes de Wolverine X-Men - Marvel - R\u00e9plique Manga Cin\u00e9\",\"isPartOf\":{\"@id\":\"https:\\\/\\\/repliquemangacine.fr\\\/#website\"},\"primaryImageOfPage\":{\"@id\":\"https:\\\/\\\/repliquemangacine.fr\\\/repliques-d-armes-films-et-series\\\/griffes-de-wolverine-x-men\\\/#primaryimage\"},\"image\":{\"@id\":\"https:\\\/\\\/repliquemangacine.fr\\\/repliques-d-armes-films-et-series\\\/griffes-de-wolverine-x-men\\\/#primaryimage\"},\"thumbnailUrl\":\"https:\\\/\\\/repliquemangacine.fr\\\/wp-content\\\/uploads\\\/2023\\\/10\\\/2015-X-Men-Griffes-de-Wolverine-replique.jpg\",\"datePublished\":\"2017-05-20T17:15:56+00:00\",\"dateModified\":\"2025-09-23T16:01:54+00:00\",\"description\":\"Offrez-vous les Griffes de Wolverine X-Men au meilleur prix. Lame acier inoxydable - Poign\u00e9e en ABS - Longueur des lames : 29 cm - Haute Qualit\u00e9\",\"breadcrumb\":{\"@id\":\"https:\\\/\\\/repliquemangacine.fr\\\/repliques-d-armes-films-et-series\\\/griffes-de-wolverine-x-men\\\/#breadcrumb\"},\"inLanguage\":\"it-IT\",\"potentialAction\":[{\"@type\":\"ReadAction\",\"target\":[\"https:\\\/\\\/repliquemangacine.fr\\\/repliques-d-armes-films-et-series\\\/griffes-de-wolverine-x-men\\\/\"]}]},{\"@type\":\"ImageObject\",\"inLanguage\":\"it-IT\",\"@id\":\"https:\\\/\\\/repliquemangacine.fr\\\/repliques-d-armes-films-et-series\\\/griffes-de-wolverine-x-men\\\/#primaryimage\",\"url\":\"https:\\\/\\\/repliquemangacine.fr\\\/wp-content\\\/uploads\\\/2023\\\/10\\\/2015-X-Men-Griffes-de-Wolverine-replique.jpg\",\"contentUrl\":\"https:\\\/\\\/repliquemangacine.fr\\\/wp-content\\\/uploads\\\/2023\\\/10\\\/2015-X-Men-Griffes-de-Wolverine-replique.jpg\",\"width\":600,\"height\":600,\"caption\":\"X-Men - Griffes de Wolverine (r\u00e9plique)\"},{\"@type\":\"BreadcrumbList\",\"@id\":\"https:\\\/\\\/repliquemangacine.fr\\\/repliques-d-armes-films-et-series\\\/griffes-de-wolverine-x-men\\\/#breadcrumb\",\"itemListElement\":[{\"@type\":\"ListItem\",\"position\":1,\"name\":\"Accueil\",\"item\":\"https:\\\/\\\/repliquemangacine.fr\\\/\"},{\"@type\":\"ListItem\",\"position\":2,\"name\":\"Produits\",\"item\":\"https:\\\/\\\/repliquemangacine.fr\\\/boutique\\\/\"},{\"@type\":\"ListItem\",\"position\":3,\"name\":\"Griffes de Wolverine X-Men\"}]},{\"@type\":\"WebSite\",\"@id\":\"https:\\\/\\\/repliquemangacine.fr\\\/#website\",\"url\":\"https:\\\/\\\/repliquemangacine.fr\\\/\",\"name\":\"R\u00e9plique Manga Cin\u00e9\",\"description\":\"\",\"publisher\":{\"@id\":\"https:\\\/\\\/repliquemangacine.fr\\\/#organization\"},\"potentialAction\":[{\"@type\":\"SearchAction\",\"target\":{\"@type\":\"EntryPoint\",\"urlTemplate\":\"https:\\\/\\\/repliquemangacine.fr\\\/?s={search_term_string}\"},\"query-input\":{\"@type\":\"PropertyValueSpecification\",\"valueRequired\":true,\"valueName\":\"search_term_string\"}}],\"inLanguage\":\"it-IT\"},{\"@type\":\"Organization\",\"@id\":\"https:\\\/\\\/repliquemangacine.fr\\\/#organization\",\"name\":\"R\u00e9plique Manga Cin\u00e9\",\"url\":\"https:\\\/\\\/repliquemangacine.fr\\\/\",\"logo\":{\"@type\":\"ImageObject\",\"inLanguage\":\"it-IT\",\"@id\":\"https:\\\/\\\/repliquemangacine.fr\\\/#\\\/schema\\\/logo\\\/image\\\/\",\"url\":\"https:\\\/\\\/repliquemangacine.fr\\\/wp-content\\\/uploads\\\/2023\\\/10\\\/RMC-500250.png\",\"contentUrl\":\"https:\\\/\\\/repliquemangacine.fr\\\/wp-content\\\/uploads\\\/2023\\\/10\\\/RMC-500250.png\",\"width\":500,\"height\":250,\"caption\":\"R\u00e9plique Manga Cin\u00e9\"},\"image\":{\"@id\":\"https:\\\/\\\/repliquemangacine.fr\\\/#\\\/schema\\\/logo\\\/image\\\/\"},\"sameAs\":[\"https:\\\/\\\/www.facebook.com\\\/RepliqueMangaCine\",\"https:\\\/\\\/www.instagram.com\\\/repliquemangacine.fr\\\/\"]}]}<\/script>\n<!-- \/ Yoast SEO plugin. -->","yoast_head_json":{"title":"Artigli di Wolverine X-Men - Marvel - R\u00e9plique Manga Cin\u00e9","description":"Regalati gli artigli di Wolverine X-Men al miglior prezzo. Lama in acciaio inossidabile - Manico in ABS - Lunghezza lama: 29 cm - Alta qualit\u00e0","robots":{"index":"index","follow":"follow","max-snippet":"max-snippet:-1","max-image-preview":"max-image-preview:large","max-video-preview":"max-video-preview:-1"},"canonical":"https:\/\/repliquemangacine.fr\/it\/film-e-serie-di-repliche-di-armi\/artigli-di-ghiottone-x-uomini\/","og_locale":"it_IT","og_type":"article","og_title":"Griffes de Wolverine X-Men - Marvel - R\u00e9plique Manga Cin\u00e9","og_description":"Offrez-vous les Griffes de Wolverine X-Men au meilleur prix. Lame acier inoxydable - Poign\u00e9e en ABS - Longueur des lames : 29 cm - Haute Qualit\u00e9","og_url":"https:\/\/repliquemangacine.fr\/it\/film-e-serie-di-repliche-di-armi\/artigli-di-ghiottone-x-uomini\/","og_site_name":"R\u00e9plique Manga Cin\u00e9","article_publisher":"https:\/\/www.facebook.com\/RepliqueMangaCine","article_modified_time":"2025-09-23T16:01:54+00:00","og_image":[{"width":600,"height":600,"url":"https:\/\/repliquemangacine.fr\/wp-content\/uploads\/2023\/10\/2015-X-Men-Griffes-de-Wolverine-replique.jpg","type":"image\/jpeg"}],"twitter_card":"summary_large_image","twitter_misc":{"Tempo di lettura stimato":"2 minuti"},"schema":{"@context":"https:\/\/schema.org","@graph":[{"@type":"WebPage","@id":"https:\/\/repliquemangacine.fr\/repliques-d-armes-films-et-series\/griffes-de-wolverine-x-men\/","url":"https:\/\/repliquemangacine.fr\/repliques-d-armes-films-et-series\/griffes-de-wolverine-x-men\/","name":"Artigli di Wolverine X-Men - Marvel - R\u00e9plique Manga Cin\u00e9","isPartOf":{"@id":"https:\/\/repliquemangacine.fr\/#website"},"primaryImageOfPage":{"@id":"https:\/\/repliquemangacine.fr\/repliques-d-armes-films-et-series\/griffes-de-wolverine-x-men\/#primaryimage"},"image":{"@id":"https:\/\/repliquemangacine.fr\/repliques-d-armes-films-et-series\/griffes-de-wolverine-x-men\/#primaryimage"},"thumbnailUrl":"https:\/\/repliquemangacine.fr\/wp-content\/uploads\/2023\/10\/2015-X-Men-Griffes-de-Wolverine-replique.jpg","datePublished":"2017-05-20T17:15:56+00:00","dateModified":"2025-09-23T16:01:54+00:00","description":"Regalati gli artigli di Wolverine X-Men al miglior prezzo. Lama in acciaio inossidabile - Manico in ABS - Lunghezza lama: 29 cm - Alta qualit\u00e0","breadcrumb":{"@id":"https:\/\/repliquemangacine.fr\/repliques-d-armes-films-et-series\/griffes-de-wolverine-x-men\/#breadcrumb"},"inLanguage":"it-IT","potentialAction":[{"@type":"ReadAction","target":["https:\/\/repliquemangacine.fr\/repliques-d-armes-films-et-series\/griffes-de-wolverine-x-men\/"]}]},{"@type":"ImageObject","inLanguage":"it-IT","@id":"https:\/\/repliquemangacine.fr\/repliques-d-armes-films-et-series\/griffes-de-wolverine-x-men\/#primaryimage","url":"https:\/\/repliquemangacine.fr\/wp-content\/uploads\/2023\/10\/2015-X-Men-Griffes-de-Wolverine-replique.jpg","contentUrl":"https:\/\/repliquemangacine.fr\/wp-content\/uploads\/2023\/10\/2015-X-Men-Griffes-de-Wolverine-replique.jpg","width":600,"height":600,"caption":"X-Men - Griffes de Wolverine (r\u00e9plique)"},{"@type":"BreadcrumbList","@id":"https:\/\/repliquemangacine.fr\/repliques-d-armes-films-et-series\/griffes-de-wolverine-x-men\/#breadcrumb","itemListElement":[{"@type":"ListItem","position":1,"name":"Accueil","item":"https:\/\/repliquemangacine.fr\/"},{"@type":"ListItem","position":2,"name":"Produits","item":"https:\/\/repliquemangacine.fr\/boutique\/"},{"@type":"ListItem","position":3,"name":"Griffes de Wolverine X-Men"}]},{"@type":"WebSite","@id":"https:\/\/repliquemangacine.fr\/#website","url":"https:\/\/repliquemangacine.fr\/","name":"R\u00e9plique Manga Cin\u00e9","description":"","publisher":{"@id":"https:\/\/repliquemangacine.fr\/#organization"},"potentialAction":[{"@type":"SearchAction","target":{"@type":"EntryPoint","urlTemplate":"https:\/\/repliquemangacine.fr\/?s={search_term_string}"},"query-input":{"@type":"PropertyValueSpecification","valueRequired":true,"valueName":"search_term_string"}}],"inLanguage":"it-IT"},{"@type":"Organization","@id":"https:\/\/repliquemangacine.fr\/#organization","name":"R\u00e9plique Manga Cin\u00e9","url":"https:\/\/repliquemangacine.fr\/","logo":{"@type":"ImageObject","inLanguage":"it-IT","@id":"https:\/\/repliquemangacine.fr\/#\/schema\/logo\/image\/","url":"https:\/\/repliquemangacine.fr\/wp-content\/uploads\/2023\/10\/RMC-500250.png","contentUrl":"https:\/\/repliquemangacine.fr\/wp-content\/uploads\/2023\/10\/RMC-500250.png","width":500,"height":250,"caption":"R\u00e9plique Manga Cin\u00e9"},"image":{"@id":"https:\/\/repliquemangacine.fr\/#\/schema\/logo\/image\/"},"sameAs":["https:\/\/www.facebook.com\/RepliqueMangaCine","https:\/\/www.instagram.com\/repliquemangacine.fr\/"]}]}},"_links":{"self":[{"href":"https:\/\/repliquemangacine.fr\/it\/wp-json\/wp\/v2\/product\/27237","targetHints":{"allow":["GET"]}}],"collection":[{"href":"https:\/\/repliquemangacine.fr\/it\/wp-json\/wp\/v2\/product"}],"about":[{"href":"https:\/\/repliquemangacine.fr\/it\/wp-json\/wp\/v2\/types\/product"}],"wp:featuredmedia":[{"embeddable":true,"href":"https:\/\/repliquemangacine.fr\/it\/wp-json\/wp\/v2\/media\/27238"}],"wp:attachment":[{"href":"https:\/\/repliquemangacine.fr\/it\/wp-json\/wp\/v2\/media?parent=27237"}],"wp:term":[{"taxonomy":"product_brand","embeddable":true,"href":"https:\/\/repliquemangacine.fr\/it\/wp-json\/wp\/v2\/product_brand?post=27237"},{"taxonomy":"product_cat","embeddable":true,"href":"https:\/\/repliquemangacine.fr\/it\/wp-json\/wp\/v2\/product_cat?post=27237"},{"taxonomy":"product_tag","embeddable":true,"href":"https:\/\/repliquemangacine.fr\/it\/wp-json\/wp\/v2\/product_tag?post=27237"}],"curies":[{"name":"wp","href":"https:\/\/api.w.org\/{rel}","templated":true}]}}