





{"id":27226,"date":"2017-05-20T17:25:14","date_gmt":"2017-05-20T15:25:14","guid":{"rendered":"https:\/\/repliquemangacine.fr\/?post_type=product&#038;p=27226"},"modified":"2026-03-29T03:04:51","modified_gmt":"2026-03-29T01:04:51","slug":"martello-del-destino-world-of-warcraft-replica-thrall-hammer-doomhammer","status":"publish","type":"product","link":"https:\/\/repliquemangacine.fr\/it\/epees-world-of-warcraft\/marteau-du-destin-world-of-warcraft-replique-marteau-de-thrall-doomhammer\/","title":{"rendered":"Martello del Destino Doomhammer World of Warcraft"},"content":{"rendered":"<h2>Doomhammer in World of Warcraft<\/h2>\n<p>Per cominciare, il <strong>Doomhammer <\/strong>o Martello di Thrall, forgiato dalla lava elementale su Draenor. Quando viene impugnato in battaglia, sigilla il destino dei nemici, Orgrim Hammer of Destiny.<\/p>\n<p>Thrall, l'iconico personaggio del gioco Warcraft di Blizzard Studios. Thrall \u00e8 probabilmente l'orco pi\u00f9 famoso della storia di Azeroth. \u00c8 cresciuto come schiavo gladiatore nel campo di internamento di Fort-de-Durn prima di fuggire per trovare i suoi compagni.<\/p>\n<p>Divenne il primo orco a padroneggiare gli elementi per molti anni. Di conseguenza, divenne il signore della guerra che guid\u00f2 la nuova Orda nella Terza Guerra. Tra i giocatori di World of Warcraft, il Martello di Thrall pu\u00f2 essere visto nella capitale dell'Orda. <a href=\"https:\/\/wow.fandom.com\/fr\/wiki\/Orgrimmar\" target=\"_blank\" rel=\"noopener noreferrer\">Orgrimmar<\/a>.<\/p>\n<h2>Il tuo Doomhammer al miglior prezzo<\/h2>\n<p>Offriamo un'ampia selezione di spade del mondo di World of Warcraft.<\/p>\n<p>Innanzitutto,<\/p>\n<ul>\n<li>L'impressionante <a href=\"https:\/\/repliquemangacine.fr\/it\/spada-di-world-of-warcraft\/le-lame-gemelle-di-azzinoth-la-leggendaria-spada-di-illidan\/\">Lame gemelle<\/a> di Azzintoh, le armi leggendarie di Illidan.<\/li>\n<li>C'\u00e8 anche la leggendaria spada del paladino Alexandros Mograine la <a href=\"https:\/\/repliquemangacine.fr\/it\/spada-di-world-of-warcraft\/epee-ashbringer-world-of-warcraft\/\">Ashbringer<\/a><\/li>\n<li>Oltre all'ascia a due mani, la <a href=\"https:\/\/repliquemangacine.fr\/it\/spada-di-world-of-warcraft\/ascia-deuillelombre-shadowmourne-mondo-di-warcraft\/\">Shadowmourne<\/a> di Re Arthas.<\/li>\n<li>E molto altro ancora da scoprire nel nostro negozio online!<\/li>\n<\/ul>\n<p>Ecco un'ottima idea regalo per i fan di WoW<\/p>\n<p>In conclusione, \u00e8 possibile utilizzare il metodo <strong>Doomhammer<\/strong> per le vostre sfilate di cosplay o serate a tema. Ma soprattutto, il martello di Thrall \u00e8 un oggetto da collezione e un pezzo decorativo.<\/p>\n<h2><strong>Scoprite le nostre novit\u00e0 economiche su World of Warcraft.<br \/>\n<\/strong><\/h2>\n<p>Siamo sempre alla ricerca di qualcosa di nuovo, quindi vi proponiamo alcune piccole chicche da scoprire!<\/p>\n<ul>\n<li>La <a href=\"https:\/\/repliquemangacine.fr\/it\/spade-di-world-of-warcraft\/set-di-figurine-frostmourne-e-base-arthas\/\">Statuetta di spada Frostmourne<\/a> in metallo sulla sua base di ghiaccio in resina luminosa. Questo oggetto da collezione \u00e8 presentato in una vetrina con i colori del gioco.<\/li>\n<li>C'\u00e8 anche il <a href=\"https:\/\/repliquemangacine.fr\/it\/spade-di-world-of-warcraft\/replica-in-gommapiuma-del-martello-di-thrall-doomhammer-world-of-warcraft\/\">Martello di Thrall<\/a> per i vostri bambini piccoli.<\/li>\n<li>Cos\u00ec come le bandiere dell'Orda e dell'Alleanza, alte un metro.<\/li>\n<\/ul>\n<p>Prossimamente saranno disponibili anche statuette di World of Warcraft e Wallscroll dei vostri personaggi preferiti.<\/p>\n<p>R\u00e9plique Manga Cin\u00e9 \u00e8 un'azienda familiare francese.<\/p>","protected":false},"excerpt":{"rendered":"<p>Martello del destino usato da Thrall in World of Warcraft.<\/p>\n<ul>\n<li>Il Doomhammer \u00e8 realizzato in resina di alta qualit\u00e0.<\/li>\n<li>Mazza dall'aspetto antico con emblema del lupo aggiunto da Thrall.<\/li>\n<li>Anche l'impugnatura e il pomo sono in resina finemente decorata.<\/li>\n<li>Maniglia rimovibile.<\/li>\n<li>Lunghezza: 48cm - Larghezza: 23cm - Peso: 2kg<\/li>\n<\/ul>","protected":false},"featured_media":27227,"template":"","meta":[],"product_brand":[896],"product_cat":[23,60],"product_tag":[],"class_list":{"0":"post-27226","1":"product","2":"type-product","3":"status-publish","4":"has-post-thumbnail","6":"product_brand-replique-manga-cine","7":"product_cat-repliques-manga-jeux-video","8":"product_cat-epees-world-of-warcraft","10":"first","11":"instock","12":"taxable","13":"shipping-taxable","14":"purchasable","15":"product-type-simple"},"yoast_head":"<!-- This site is optimized with the Yoast SEO plugin v27.4 - https:\/\/yoast.com\/product\/yoast-seo-wordpress\/ -->\n<title>Marteau du destin Doomhammer - World of Warcraft - RMC<\/title>\n<meta name=\"description\" content=\"Achetez le Marteau du destin Doomhammer de Thrall dans World of Warcraft au meilleur prix. Tout en r\u00e9sine - Haute Qualit\u00e9 - Longueur : 48 cm - Envoi 24\/48h\" \/>\n<meta name=\"robots\" content=\"index, follow, max-snippet:-1, max-image-preview:large, max-video-preview:-1\" \/>\n<link rel=\"canonical\" href=\"https:\/\/repliquemangacine.fr\/it\/spade-di-world-of-warcraft\/martello-del-destino-world-of-warcraft-replica-thrall-hammer-doomhammer\/\" \/>\n<meta property=\"og:locale\" content=\"it_IT\" \/>\n<meta property=\"og:type\" content=\"article\" \/>\n<meta property=\"og:title\" content=\"Marteau du destin Doomhammer - World of Warcraft - RMC\" \/>\n<meta property=\"og:description\" content=\"Achetez le Marteau du destin Doomhammer de Thrall dans World of Warcraft au meilleur prix. Tout en r\u00e9sine - Haute Qualit\u00e9 - Longueur : 48 cm - Envoi 24\/48h\" \/>\n<meta property=\"og:url\" content=\"https:\/\/repliquemangacine.fr\/it\/spade-di-world-of-warcraft\/martello-del-destino-world-of-warcraft-replica-thrall-hammer-doomhammer\/\" \/>\n<meta property=\"og:site_name\" content=\"R\u00e9plique Manga Cin\u00e9\" \/>\n<meta property=\"article:publisher\" content=\"https:\/\/www.facebook.com\/RepliqueMangaCine\" \/>\n<meta property=\"article:modified_time\" content=\"2026-03-29T01:04:51+00:00\" \/>\n<meta property=\"og:image\" content=\"https:\/\/repliquemangacine.fr\/wp-content\/uploads\/2023\/10\/2385-Marteau-du-destin-World-of-Warcraft-Replique-marteau-de-Thrall-Doomhammer.jpg\" \/>\n\t<meta property=\"og:image:width\" content=\"600\" \/>\n\t<meta property=\"og:image:height\" content=\"600\" \/>\n\t<meta property=\"og:image:type\" content=\"image\/jpeg\" \/>\n<meta name=\"twitter:card\" content=\"summary_large_image\" \/>\n<meta name=\"twitter:label1\" content=\"Tempo di lettura stimato\" \/>\n\t<meta name=\"twitter:data1\" content=\"2 minuti\" \/>\n<script type=\"application\/ld+json\" class=\"yoast-schema-graph\">{\"@context\":\"https:\\\/\\\/schema.org\",\"@graph\":[{\"@type\":\"WebPage\",\"@id\":\"https:\\\/\\\/repliquemangacine.fr\\\/epees-world-of-warcraft\\\/marteau-du-destin-world-of-warcraft-replique-marteau-de-thrall-doomhammer\\\/\",\"url\":\"https:\\\/\\\/repliquemangacine.fr\\\/epees-world-of-warcraft\\\/marteau-du-destin-world-of-warcraft-replique-marteau-de-thrall-doomhammer\\\/\",\"name\":\"Marteau du destin Doomhammer - World of Warcraft - RMC\",\"isPartOf\":{\"@id\":\"https:\\\/\\\/repliquemangacine.fr\\\/#website\"},\"primaryImageOfPage\":{\"@id\":\"https:\\\/\\\/repliquemangacine.fr\\\/epees-world-of-warcraft\\\/marteau-du-destin-world-of-warcraft-replique-marteau-de-thrall-doomhammer\\\/#primaryimage\"},\"image\":{\"@id\":\"https:\\\/\\\/repliquemangacine.fr\\\/epees-world-of-warcraft\\\/marteau-du-destin-world-of-warcraft-replique-marteau-de-thrall-doomhammer\\\/#primaryimage\"},\"thumbnailUrl\":\"https:\\\/\\\/repliquemangacine.fr\\\/wp-content\\\/uploads\\\/2023\\\/10\\\/2385-Marteau-du-destin-World-of-Warcraft-Replique-marteau-de-Thrall-Doomhammer.jpg\",\"datePublished\":\"2017-05-20T15:25:14+00:00\",\"dateModified\":\"2026-03-29T01:04:51+00:00\",\"description\":\"Achetez le Marteau du destin Doomhammer de Thrall dans World of Warcraft au meilleur prix. Tout en r\u00e9sine - Haute Qualit\u00e9 - Longueur : 48 cm - Envoi 24\\\/48h\",\"breadcrumb\":{\"@id\":\"https:\\\/\\\/repliquemangacine.fr\\\/epees-world-of-warcraft\\\/marteau-du-destin-world-of-warcraft-replique-marteau-de-thrall-doomhammer\\\/#breadcrumb\"},\"inLanguage\":\"it-IT\",\"potentialAction\":[{\"@type\":\"ReadAction\",\"target\":[\"https:\\\/\\\/repliquemangacine.fr\\\/epees-world-of-warcraft\\\/marteau-du-destin-world-of-warcraft-replique-marteau-de-thrall-doomhammer\\\/\"]}]},{\"@type\":\"ImageObject\",\"inLanguage\":\"it-IT\",\"@id\":\"https:\\\/\\\/repliquemangacine.fr\\\/epees-world-of-warcraft\\\/marteau-du-destin-world-of-warcraft-replique-marteau-de-thrall-doomhammer\\\/#primaryimage\",\"url\":\"https:\\\/\\\/repliquemangacine.fr\\\/wp-content\\\/uploads\\\/2023\\\/10\\\/2385-Marteau-du-destin-World-of-Warcraft-Replique-marteau-de-Thrall-Doomhammer.jpg\",\"contentUrl\":\"https:\\\/\\\/repliquemangacine.fr\\\/wp-content\\\/uploads\\\/2023\\\/10\\\/2385-Marteau-du-destin-World-of-Warcraft-Replique-marteau-de-Thrall-Doomhammer.jpg\",\"width\":600,\"height\":600,\"caption\":\"Marteau du destin - World of Warcraft- R\u00e9plique marteau de Thrall Doomhammer\"},{\"@type\":\"BreadcrumbList\",\"@id\":\"https:\\\/\\\/repliquemangacine.fr\\\/epees-world-of-warcraft\\\/marteau-du-destin-world-of-warcraft-replique-marteau-de-thrall-doomhammer\\\/#breadcrumb\",\"itemListElement\":[{\"@type\":\"ListItem\",\"position\":1,\"name\":\"Accueil\",\"item\":\"https:\\\/\\\/repliquemangacine.fr\\\/\"},{\"@type\":\"ListItem\",\"position\":2,\"name\":\"Produits\",\"item\":\"https:\\\/\\\/repliquemangacine.fr\\\/boutique\\\/\"},{\"@type\":\"ListItem\",\"position\":3,\"name\":\"Marteau du destin Doomhammer World of Warcraft\"}]},{\"@type\":\"WebSite\",\"@id\":\"https:\\\/\\\/repliquemangacine.fr\\\/#website\",\"url\":\"https:\\\/\\\/repliquemangacine.fr\\\/\",\"name\":\"R\u00e9plique Manga Cin\u00e9\",\"description\":\"\",\"publisher\":{\"@id\":\"https:\\\/\\\/repliquemangacine.fr\\\/#organization\"},\"potentialAction\":[{\"@type\":\"SearchAction\",\"target\":{\"@type\":\"EntryPoint\",\"urlTemplate\":\"https:\\\/\\\/repliquemangacine.fr\\\/?s={search_term_string}\"},\"query-input\":{\"@type\":\"PropertyValueSpecification\",\"valueRequired\":true,\"valueName\":\"search_term_string\"}}],\"inLanguage\":\"it-IT\"},{\"@type\":\"Organization\",\"@id\":\"https:\\\/\\\/repliquemangacine.fr\\\/#organization\",\"name\":\"R\u00e9plique Manga Cin\u00e9\",\"url\":\"https:\\\/\\\/repliquemangacine.fr\\\/\",\"logo\":{\"@type\":\"ImageObject\",\"inLanguage\":\"it-IT\",\"@id\":\"https:\\\/\\\/repliquemangacine.fr\\\/#\\\/schema\\\/logo\\\/image\\\/\",\"url\":\"https:\\\/\\\/repliquemangacine.fr\\\/wp-content\\\/uploads\\\/2023\\\/10\\\/RMC-500250.png\",\"contentUrl\":\"https:\\\/\\\/repliquemangacine.fr\\\/wp-content\\\/uploads\\\/2023\\\/10\\\/RMC-500250.png\",\"width\":500,\"height\":250,\"caption\":\"R\u00e9plique Manga Cin\u00e9\"},\"image\":{\"@id\":\"https:\\\/\\\/repliquemangacine.fr\\\/#\\\/schema\\\/logo\\\/image\\\/\"},\"sameAs\":[\"https:\\\/\\\/www.facebook.com\\\/RepliqueMangaCine\",\"https:\\\/\\\/www.instagram.com\\\/repliquemangacine.fr\\\/\"]}]}<\/script>\n<!-- \/ Yoast SEO plugin. -->","yoast_head_json":{"title":"Doomhammer - Mondo di Warcraft - RMC","description":"Acquista il Doomhammer di Thrall in World of Warcraft al miglior prezzo. Tutta resina - Alta qualit\u00e0 - Lunghezza: 48 cm - Spedizione 24\/48h","robots":{"index":"index","follow":"follow","max-snippet":"max-snippet:-1","max-image-preview":"max-image-preview:large","max-video-preview":"max-video-preview:-1"},"canonical":"https:\/\/repliquemangacine.fr\/it\/spade-di-world-of-warcraft\/martello-del-destino-world-of-warcraft-replica-thrall-hammer-doomhammer\/","og_locale":"it_IT","og_type":"article","og_title":"Marteau du destin Doomhammer - World of Warcraft - RMC","og_description":"Achetez le Marteau du destin Doomhammer de Thrall dans World of Warcraft au meilleur prix. Tout en r\u00e9sine - Haute Qualit\u00e9 - Longueur : 48 cm - Envoi 24\/48h","og_url":"https:\/\/repliquemangacine.fr\/it\/spade-di-world-of-warcraft\/martello-del-destino-world-of-warcraft-replica-thrall-hammer-doomhammer\/","og_site_name":"R\u00e9plique Manga Cin\u00e9","article_publisher":"https:\/\/www.facebook.com\/RepliqueMangaCine","article_modified_time":"2026-03-29T01:04:51+00:00","og_image":[{"width":600,"height":600,"url":"https:\/\/repliquemangacine.fr\/wp-content\/uploads\/2023\/10\/2385-Marteau-du-destin-World-of-Warcraft-Replique-marteau-de-Thrall-Doomhammer.jpg","type":"image\/jpeg"}],"twitter_card":"summary_large_image","twitter_misc":{"Tempo di lettura stimato":"2 minuti"},"schema":{"@context":"https:\/\/schema.org","@graph":[{"@type":"WebPage","@id":"https:\/\/repliquemangacine.fr\/epees-world-of-warcraft\/marteau-du-destin-world-of-warcraft-replique-marteau-de-thrall-doomhammer\/","url":"https:\/\/repliquemangacine.fr\/epees-world-of-warcraft\/marteau-du-destin-world-of-warcraft-replique-marteau-de-thrall-doomhammer\/","name":"Doomhammer - Mondo di Warcraft - RMC","isPartOf":{"@id":"https:\/\/repliquemangacine.fr\/#website"},"primaryImageOfPage":{"@id":"https:\/\/repliquemangacine.fr\/epees-world-of-warcraft\/marteau-du-destin-world-of-warcraft-replique-marteau-de-thrall-doomhammer\/#primaryimage"},"image":{"@id":"https:\/\/repliquemangacine.fr\/epees-world-of-warcraft\/marteau-du-destin-world-of-warcraft-replique-marteau-de-thrall-doomhammer\/#primaryimage"},"thumbnailUrl":"https:\/\/repliquemangacine.fr\/wp-content\/uploads\/2023\/10\/2385-Marteau-du-destin-World-of-Warcraft-Replique-marteau-de-Thrall-Doomhammer.jpg","datePublished":"2017-05-20T15:25:14+00:00","dateModified":"2026-03-29T01:04:51+00:00","description":"Acquista il Doomhammer di Thrall in World of Warcraft al miglior prezzo. Tutta resina - Alta qualit\u00e0 - Lunghezza: 48 cm - Spedizione 24\/48h","breadcrumb":{"@id":"https:\/\/repliquemangacine.fr\/epees-world-of-warcraft\/marteau-du-destin-world-of-warcraft-replique-marteau-de-thrall-doomhammer\/#breadcrumb"},"inLanguage":"it-IT","potentialAction":[{"@type":"ReadAction","target":["https:\/\/repliquemangacine.fr\/epees-world-of-warcraft\/marteau-du-destin-world-of-warcraft-replique-marteau-de-thrall-doomhammer\/"]}]},{"@type":"ImageObject","inLanguage":"it-IT","@id":"https:\/\/repliquemangacine.fr\/epees-world-of-warcraft\/marteau-du-destin-world-of-warcraft-replique-marteau-de-thrall-doomhammer\/#primaryimage","url":"https:\/\/repliquemangacine.fr\/wp-content\/uploads\/2023\/10\/2385-Marteau-du-destin-World-of-Warcraft-Replique-marteau-de-Thrall-Doomhammer.jpg","contentUrl":"https:\/\/repliquemangacine.fr\/wp-content\/uploads\/2023\/10\/2385-Marteau-du-destin-World-of-Warcraft-Replique-marteau-de-Thrall-Doomhammer.jpg","width":600,"height":600,"caption":"Marteau du destin - World of Warcraft- R\u00e9plique marteau de Thrall Doomhammer"},{"@type":"BreadcrumbList","@id":"https:\/\/repliquemangacine.fr\/epees-world-of-warcraft\/marteau-du-destin-world-of-warcraft-replique-marteau-de-thrall-doomhammer\/#breadcrumb","itemListElement":[{"@type":"ListItem","position":1,"name":"Accueil","item":"https:\/\/repliquemangacine.fr\/"},{"@type":"ListItem","position":2,"name":"Produits","item":"https:\/\/repliquemangacine.fr\/boutique\/"},{"@type":"ListItem","position":3,"name":"Marteau du destin Doomhammer World of Warcraft"}]},{"@type":"WebSite","@id":"https:\/\/repliquemangacine.fr\/#website","url":"https:\/\/repliquemangacine.fr\/","name":"R\u00e9plique Manga Cin\u00e9","description":"","publisher":{"@id":"https:\/\/repliquemangacine.fr\/#organization"},"potentialAction":[{"@type":"SearchAction","target":{"@type":"EntryPoint","urlTemplate":"https:\/\/repliquemangacine.fr\/?s={search_term_string}"},"query-input":{"@type":"PropertyValueSpecification","valueRequired":true,"valueName":"search_term_string"}}],"inLanguage":"it-IT"},{"@type":"Organization","@id":"https:\/\/repliquemangacine.fr\/#organization","name":"R\u00e9plique Manga Cin\u00e9","url":"https:\/\/repliquemangacine.fr\/","logo":{"@type":"ImageObject","inLanguage":"it-IT","@id":"https:\/\/repliquemangacine.fr\/#\/schema\/logo\/image\/","url":"https:\/\/repliquemangacine.fr\/wp-content\/uploads\/2023\/10\/RMC-500250.png","contentUrl":"https:\/\/repliquemangacine.fr\/wp-content\/uploads\/2023\/10\/RMC-500250.png","width":500,"height":250,"caption":"R\u00e9plique Manga Cin\u00e9"},"image":{"@id":"https:\/\/repliquemangacine.fr\/#\/schema\/logo\/image\/"},"sameAs":["https:\/\/www.facebook.com\/RepliqueMangaCine","https:\/\/www.instagram.com\/repliquemangacine.fr\/"]}]}},"_links":{"self":[{"href":"https:\/\/repliquemangacine.fr\/it\/wp-json\/wp\/v2\/product\/27226","targetHints":{"allow":["GET"]}}],"collection":[{"href":"https:\/\/repliquemangacine.fr\/it\/wp-json\/wp\/v2\/product"}],"about":[{"href":"https:\/\/repliquemangacine.fr\/it\/wp-json\/wp\/v2\/types\/product"}],"wp:featuredmedia":[{"embeddable":true,"href":"https:\/\/repliquemangacine.fr\/it\/wp-json\/wp\/v2\/media\/27227"}],"wp:attachment":[{"href":"https:\/\/repliquemangacine.fr\/it\/wp-json\/wp\/v2\/media?parent=27226"}],"wp:term":[{"taxonomy":"product_brand","embeddable":true,"href":"https:\/\/repliquemangacine.fr\/it\/wp-json\/wp\/v2\/product_brand?post=27226"},{"taxonomy":"product_cat","embeddable":true,"href":"https:\/\/repliquemangacine.fr\/it\/wp-json\/wp\/v2\/product_cat?post=27226"},{"taxonomy":"product_tag","embeddable":true,"href":"https:\/\/repliquemangacine.fr\/it\/wp-json\/wp\/v2\/product_tag?post=27226"}],"curies":[{"name":"wp","href":"https:\/\/api.w.org\/{rel}","templated":true}]}}