





{"id":27207,"date":"2017-05-20T12:31:39","date_gmt":"2017-05-20T10:31:39","guid":{"rendered":"https:\/\/repliquemangacine.fr\/?post_type=product&#038;p=27207"},"modified":"2025-12-10T11:37:25","modified_gmt":"2025-12-10T10:37:25","slug":"pugnale-templare-hugues-de-payns","status":"publish","type":"product","link":"https:\/\/repliquemangacine.fr\/it\/dagues-medievales\/dague-templier-hugues-de-payns\/","title":{"rendered":"Pugnale templare di Hugues de Payns"},"content":{"rendered":"<h2>Replica del pugnale templare Hugues de Payns<\/h2>\n<p>Per cominciare, il <strong>Pugnale templare di Hugues de Payns<\/strong>un oggetto da collezione irrinunciabile. <a href=\"https:\/\/huguesdepayns.fr\/\" target=\"_blank\" rel=\"noopener noreferrer\">Hugues II de Payns<\/a> era un cavaliere della Champagne, fondatore e primo Maestro dell'Ordine del Tempio.<\/p>\n<p>L'Ordine del Tempio, un ordine religioso e militare nato dalla cavalleria cristiana del Medioevo. Lo scopo dell'Ordine del Tempio era quello di proteggere i pellegrini cristiani in viaggio verso la Terra Santa. Questo pellegrinaggio era uno dei tre pi\u00f9 importanti della cristianit\u00e0 nel Medioevo.<\/p>\n<p>Il sigillo, un timbro personale che autentica un atto e attesta una firma. Si conoscono circa venti sigilli templari. Appartenevano a maestri, alti dignitari, comandanti o cavalieri dell'ordine nel XIII secolo.<\/p>\n<p>La croce patt\u00e9e indica che i Cavalieri Templari appartenevano al cristianesimo e il colore rosso ricordava il sangue versato da Cristo.<\/p>\n<h2>Il vostro pugnale templare Hugues de Payns al miglior prezzo.<\/h2>\n<p>Offriamo un'ampia gamma di repliche di epoca medievale.<\/p>\n<p>Innanzitutto,<\/p>\n<ul>\n<li>L'<a href=\"https:\/\/repliquemangacine.fr\/it\/armi-storiche\/spada-da-combattimento-medievale\/\">spada da combattimento<\/a> dal Medioevo in acciaio al carbonio.<\/li>\n<li>Ma anche il <a href=\"https:\/\/repliquemangacine.fr\/it\/scudo-e-armatura\/bouclier-des-templiers\/\">Scudo templare<\/a> con i suoi sontuosi paesaggi.<\/li>\n<li>E molti altri da scoprire nel nostro negozio online!<\/li>\n<\/ul>\n<p>Ecco perch\u00e9 \u00e8 un'ottima idea regalo per tutti coloro che amano il Medioevo.<\/p>\n<p>In conclusione, \u00e8 possibile utilizzare questo <strong>Pugnale templare di Hugues de Payns<\/strong> per le vostre rievocazioni storiche o per la decorazione di interni. Ma soprattutto \u00e8 un oggetto da collezione e decorativo.<\/p>\n<h2>Come faccio a mantenere la lama del mio pugnale?<\/h2>\n<p>I pugnali da collezione e decorativi sono realizzati e assemblati in modo semplificato. Essendo destinati a scopi decorativi, non dispongono degli elementi di sicurezza necessari per una spada giapponese destinata all'allenamento.<\/p>\n<p>Tuttavia, il vostro <strong>Pugnale templare di Hugues de Payns<\/strong> a una lama d'acciaio che deve essere mantenuta per evitare che si danneggi nel tempo. Quando esponete il vostro pugnale, i vostri amici saranno curiosi di vedere la lama e di toccarla. \u00c8 qui che bisogna fare attenzione, perch\u00e9 l'acidit\u00e0 delle dita \u00e8 molto dannosa per l'acciaio, qualunque sia la sua qualit\u00e0.<\/p>\n<p>Tuttavia, se ci\u00f2 accade, non bisogna farsi prendere dal panico: basta usare un panno inumidito con un po' d'olio e cancellare le impronte digitali. In questo modo, il pugnale durer\u00e0 a lungo.<\/p>","protected":false},"excerpt":{"rendered":"<p>Riproduzione del pugnale del 1\u1d49\u02b3 Templare Hugues de Payns.<\/p>\n<ul>\n<li>Lama in acciaio inossidabile.<\/li>\n<li>Guardia, impugnatura e pomo in metallo completamente antichi.<\/li>\n<li>Guaina in ABS bianco.<\/li>\n<li>Confezione regalo.<\/li>\n<li>Lunghezza lama: 24 cm - Lunghezza totale: 40 cm - Peso: 250 g<\/li>\n<\/ul>","protected":false},"featured_media":27208,"template":"","meta":[],"product_brand":[896],"product_cat":[25,93,43],"product_tag":[],"class_list":{"0":"post-27207","1":"product","2":"type-product","3":"status-publish","4":"has-post-thumbnail","6":"product_brand-replique-manga-cine","7":"product_cat-armes-historiques","8":"product_cat-dagues-medievales","9":"product_cat-reproductions-d-armes-et-accessoires-medievales","11":"first","12":"instock","13":"taxable","14":"shipping-taxable","15":"purchasable","16":"product-type-simple"},"yoast_head":"<!-- This site is optimized with the Yoast SEO plugin v27.4 - https:\/\/yoast.com\/product\/yoast-seo-wordpress\/ -->\n<title>Dague Templier Hugues de Payns - R\u00e9plique Manga Cin\u00e9<\/title>\n<meta name=\"description\" content=\"Offrez-lui la Dague Templier Hugues de Payns au meilleur prix - Lame en acier inox - Garde, poign\u00e9e et pommeau en acier vieilli d\u00e9cor\u00e9 - Longueur : 40 cm\" \/>\n<meta name=\"robots\" content=\"index, follow, max-snippet:-1, max-image-preview:large, max-video-preview:-1\" \/>\n<link rel=\"canonical\" href=\"https:\/\/repliquemangacine.fr\/it\/pugnali-medievali\/pugnale-templare-hugues-de-payns\/\" \/>\n<meta property=\"og:locale\" content=\"it_IT\" \/>\n<meta property=\"og:type\" content=\"article\" \/>\n<meta property=\"og:title\" content=\"Dague Templier Hugues de Payns - R\u00e9plique Manga Cin\u00e9\" \/>\n<meta property=\"og:description\" content=\"Offrez-lui la Dague Templier Hugues de Payns au meilleur prix - Lame en acier inox - Garde, poign\u00e9e et pommeau en acier vieilli d\u00e9cor\u00e9 - Longueur : 40 cm\" \/>\n<meta property=\"og:url\" content=\"https:\/\/repliquemangacine.fr\/it\/pugnali-medievali\/pugnale-templare-hugues-de-payns\/\" \/>\n<meta property=\"og:site_name\" content=\"R\u00e9plique Manga Cin\u00e9\" \/>\n<meta property=\"article:publisher\" content=\"https:\/\/www.facebook.com\/RepliqueMangaCine\" \/>\n<meta property=\"article:modified_time\" content=\"2025-12-10T10:37:25+00:00\" \/>\n<meta property=\"og:image\" content=\"https:\/\/repliquemangacine.fr\/wp-content\/uploads\/2023\/10\/1987-Dague-Templier-Hugues-de-Payns.jpg\" \/>\n\t<meta property=\"og:image:width\" content=\"600\" \/>\n\t<meta property=\"og:image:height\" content=\"600\" \/>\n\t<meta property=\"og:image:type\" content=\"image\/jpeg\" \/>\n<meta name=\"twitter:card\" content=\"summary_large_image\" \/>\n<meta name=\"twitter:label1\" content=\"Tempo di lettura stimato\" \/>\n\t<meta name=\"twitter:data1\" content=\"2 minuti\" \/>\n<script type=\"application\/ld+json\" class=\"yoast-schema-graph\">{\"@context\":\"https:\\\/\\\/schema.org\",\"@graph\":[{\"@type\":\"WebPage\",\"@id\":\"https:\\\/\\\/repliquemangacine.fr\\\/dagues-medievales\\\/dague-templier-hugues-de-payns\\\/\",\"url\":\"https:\\\/\\\/repliquemangacine.fr\\\/dagues-medievales\\\/dague-templier-hugues-de-payns\\\/\",\"name\":\"Dague Templier Hugues de Payns - R\u00e9plique Manga Cin\u00e9\",\"isPartOf\":{\"@id\":\"https:\\\/\\\/repliquemangacine.fr\\\/#website\"},\"primaryImageOfPage\":{\"@id\":\"https:\\\/\\\/repliquemangacine.fr\\\/dagues-medievales\\\/dague-templier-hugues-de-payns\\\/#primaryimage\"},\"image\":{\"@id\":\"https:\\\/\\\/repliquemangacine.fr\\\/dagues-medievales\\\/dague-templier-hugues-de-payns\\\/#primaryimage\"},\"thumbnailUrl\":\"https:\\\/\\\/repliquemangacine.fr\\\/wp-content\\\/uploads\\\/2023\\\/10\\\/1987-Dague-Templier-Hugues-de-Payns.jpg\",\"datePublished\":\"2017-05-20T10:31:39+00:00\",\"dateModified\":\"2025-12-10T10:37:25+00:00\",\"description\":\"Offrez-lui la Dague Templier Hugues de Payns au meilleur prix - Lame en acier inox - Garde, poign\u00e9e et pommeau en acier vieilli d\u00e9cor\u00e9 - Longueur : 40 cm\",\"breadcrumb\":{\"@id\":\"https:\\\/\\\/repliquemangacine.fr\\\/dagues-medievales\\\/dague-templier-hugues-de-payns\\\/#breadcrumb\"},\"inLanguage\":\"it-IT\",\"potentialAction\":[{\"@type\":\"ReadAction\",\"target\":[\"https:\\\/\\\/repliquemangacine.fr\\\/dagues-medievales\\\/dague-templier-hugues-de-payns\\\/\"]}]},{\"@type\":\"ImageObject\",\"inLanguage\":\"it-IT\",\"@id\":\"https:\\\/\\\/repliquemangacine.fr\\\/dagues-medievales\\\/dague-templier-hugues-de-payns\\\/#primaryimage\",\"url\":\"https:\\\/\\\/repliquemangacine.fr\\\/wp-content\\\/uploads\\\/2023\\\/10\\\/1987-Dague-Templier-Hugues-de-Payns.jpg\",\"contentUrl\":\"https:\\\/\\\/repliquemangacine.fr\\\/wp-content\\\/uploads\\\/2023\\\/10\\\/1987-Dague-Templier-Hugues-de-Payns.jpg\",\"width\":600,\"height\":600,\"caption\":\"Dague Templier Hugues de Payns\"},{\"@type\":\"BreadcrumbList\",\"@id\":\"https:\\\/\\\/repliquemangacine.fr\\\/dagues-medievales\\\/dague-templier-hugues-de-payns\\\/#breadcrumb\",\"itemListElement\":[{\"@type\":\"ListItem\",\"position\":1,\"name\":\"Accueil\",\"item\":\"https:\\\/\\\/repliquemangacine.fr\\\/\"},{\"@type\":\"ListItem\",\"position\":2,\"name\":\"Produits\",\"item\":\"https:\\\/\\\/repliquemangacine.fr\\\/boutique\\\/\"},{\"@type\":\"ListItem\",\"position\":3,\"name\":\"Dague Templier Hugues de Payns\"}]},{\"@type\":\"WebSite\",\"@id\":\"https:\\\/\\\/repliquemangacine.fr\\\/#website\",\"url\":\"https:\\\/\\\/repliquemangacine.fr\\\/\",\"name\":\"R\u00e9plique Manga Cin\u00e9\",\"description\":\"\",\"publisher\":{\"@id\":\"https:\\\/\\\/repliquemangacine.fr\\\/#organization\"},\"potentialAction\":[{\"@type\":\"SearchAction\",\"target\":{\"@type\":\"EntryPoint\",\"urlTemplate\":\"https:\\\/\\\/repliquemangacine.fr\\\/?s={search_term_string}\"},\"query-input\":{\"@type\":\"PropertyValueSpecification\",\"valueRequired\":true,\"valueName\":\"search_term_string\"}}],\"inLanguage\":\"it-IT\"},{\"@type\":\"Organization\",\"@id\":\"https:\\\/\\\/repliquemangacine.fr\\\/#organization\",\"name\":\"R\u00e9plique Manga Cin\u00e9\",\"url\":\"https:\\\/\\\/repliquemangacine.fr\\\/\",\"logo\":{\"@type\":\"ImageObject\",\"inLanguage\":\"it-IT\",\"@id\":\"https:\\\/\\\/repliquemangacine.fr\\\/#\\\/schema\\\/logo\\\/image\\\/\",\"url\":\"https:\\\/\\\/repliquemangacine.fr\\\/wp-content\\\/uploads\\\/2023\\\/10\\\/RMC-500250.png\",\"contentUrl\":\"https:\\\/\\\/repliquemangacine.fr\\\/wp-content\\\/uploads\\\/2023\\\/10\\\/RMC-500250.png\",\"width\":500,\"height\":250,\"caption\":\"R\u00e9plique Manga Cin\u00e9\"},\"image\":{\"@id\":\"https:\\\/\\\/repliquemangacine.fr\\\/#\\\/schema\\\/logo\\\/image\\\/\"},\"sameAs\":[\"https:\\\/\\\/www.facebook.com\\\/RepliqueMangaCine\",\"https:\\\/\\\/www.instagram.com\\\/repliquemangacine.fr\\\/\"]}]}<\/script>\n<!-- \/ Yoast SEO plugin. -->","yoast_head_json":{"title":"Pugnale templare Hugues de Payns - R\u00e9plique Manga Cin\u00e9","description":"Offrigli il pugnale templare Hugues de Payns al miglior prezzo - Lama in acciaio inossidabile - Elsa, impugnatura e pomo in acciaio invecchiato decorato - Lunghezza: 40 cm","robots":{"index":"index","follow":"follow","max-snippet":"max-snippet:-1","max-image-preview":"max-image-preview:large","max-video-preview":"max-video-preview:-1"},"canonical":"https:\/\/repliquemangacine.fr\/it\/pugnali-medievali\/pugnale-templare-hugues-de-payns\/","og_locale":"it_IT","og_type":"article","og_title":"Dague Templier Hugues de Payns - R\u00e9plique Manga Cin\u00e9","og_description":"Offrez-lui la Dague Templier Hugues de Payns au meilleur prix - Lame en acier inox - Garde, poign\u00e9e et pommeau en acier vieilli d\u00e9cor\u00e9 - Longueur : 40 cm","og_url":"https:\/\/repliquemangacine.fr\/it\/pugnali-medievali\/pugnale-templare-hugues-de-payns\/","og_site_name":"R\u00e9plique Manga Cin\u00e9","article_publisher":"https:\/\/www.facebook.com\/RepliqueMangaCine","article_modified_time":"2025-12-10T10:37:25+00:00","og_image":[{"width":600,"height":600,"url":"https:\/\/repliquemangacine.fr\/wp-content\/uploads\/2023\/10\/1987-Dague-Templier-Hugues-de-Payns.jpg","type":"image\/jpeg"}],"twitter_card":"summary_large_image","twitter_misc":{"Tempo di lettura stimato":"2 minuti"},"schema":{"@context":"https:\/\/schema.org","@graph":[{"@type":"WebPage","@id":"https:\/\/repliquemangacine.fr\/dagues-medievales\/dague-templier-hugues-de-payns\/","url":"https:\/\/repliquemangacine.fr\/dagues-medievales\/dague-templier-hugues-de-payns\/","name":"Pugnale templare Hugues de Payns - R\u00e9plique Manga Cin\u00e9","isPartOf":{"@id":"https:\/\/repliquemangacine.fr\/#website"},"primaryImageOfPage":{"@id":"https:\/\/repliquemangacine.fr\/dagues-medievales\/dague-templier-hugues-de-payns\/#primaryimage"},"image":{"@id":"https:\/\/repliquemangacine.fr\/dagues-medievales\/dague-templier-hugues-de-payns\/#primaryimage"},"thumbnailUrl":"https:\/\/repliquemangacine.fr\/wp-content\/uploads\/2023\/10\/1987-Dague-Templier-Hugues-de-Payns.jpg","datePublished":"2017-05-20T10:31:39+00:00","dateModified":"2025-12-10T10:37:25+00:00","description":"Offrigli il pugnale templare Hugues de Payns al miglior prezzo - Lama in acciaio inossidabile - Elsa, impugnatura e pomo in acciaio invecchiato decorato - Lunghezza: 40 cm","breadcrumb":{"@id":"https:\/\/repliquemangacine.fr\/dagues-medievales\/dague-templier-hugues-de-payns\/#breadcrumb"},"inLanguage":"it-IT","potentialAction":[{"@type":"ReadAction","target":["https:\/\/repliquemangacine.fr\/dagues-medievales\/dague-templier-hugues-de-payns\/"]}]},{"@type":"ImageObject","inLanguage":"it-IT","@id":"https:\/\/repliquemangacine.fr\/dagues-medievales\/dague-templier-hugues-de-payns\/#primaryimage","url":"https:\/\/repliquemangacine.fr\/wp-content\/uploads\/2023\/10\/1987-Dague-Templier-Hugues-de-Payns.jpg","contentUrl":"https:\/\/repliquemangacine.fr\/wp-content\/uploads\/2023\/10\/1987-Dague-Templier-Hugues-de-Payns.jpg","width":600,"height":600,"caption":"Dague Templier Hugues de Payns"},{"@type":"BreadcrumbList","@id":"https:\/\/repliquemangacine.fr\/dagues-medievales\/dague-templier-hugues-de-payns\/#breadcrumb","itemListElement":[{"@type":"ListItem","position":1,"name":"Accueil","item":"https:\/\/repliquemangacine.fr\/"},{"@type":"ListItem","position":2,"name":"Produits","item":"https:\/\/repliquemangacine.fr\/boutique\/"},{"@type":"ListItem","position":3,"name":"Dague Templier Hugues de Payns"}]},{"@type":"WebSite","@id":"https:\/\/repliquemangacine.fr\/#website","url":"https:\/\/repliquemangacine.fr\/","name":"R\u00e9plique Manga Cin\u00e9","description":"","publisher":{"@id":"https:\/\/repliquemangacine.fr\/#organization"},"potentialAction":[{"@type":"SearchAction","target":{"@type":"EntryPoint","urlTemplate":"https:\/\/repliquemangacine.fr\/?s={search_term_string}"},"query-input":{"@type":"PropertyValueSpecification","valueRequired":true,"valueName":"search_term_string"}}],"inLanguage":"it-IT"},{"@type":"Organization","@id":"https:\/\/repliquemangacine.fr\/#organization","name":"R\u00e9plique Manga Cin\u00e9","url":"https:\/\/repliquemangacine.fr\/","logo":{"@type":"ImageObject","inLanguage":"it-IT","@id":"https:\/\/repliquemangacine.fr\/#\/schema\/logo\/image\/","url":"https:\/\/repliquemangacine.fr\/wp-content\/uploads\/2023\/10\/RMC-500250.png","contentUrl":"https:\/\/repliquemangacine.fr\/wp-content\/uploads\/2023\/10\/RMC-500250.png","width":500,"height":250,"caption":"R\u00e9plique Manga Cin\u00e9"},"image":{"@id":"https:\/\/repliquemangacine.fr\/#\/schema\/logo\/image\/"},"sameAs":["https:\/\/www.facebook.com\/RepliqueMangaCine","https:\/\/www.instagram.com\/repliquemangacine.fr\/"]}]}},"_links":{"self":[{"href":"https:\/\/repliquemangacine.fr\/it\/wp-json\/wp\/v2\/product\/27207","targetHints":{"allow":["GET"]}}],"collection":[{"href":"https:\/\/repliquemangacine.fr\/it\/wp-json\/wp\/v2\/product"}],"about":[{"href":"https:\/\/repliquemangacine.fr\/it\/wp-json\/wp\/v2\/types\/product"}],"wp:featuredmedia":[{"embeddable":true,"href":"https:\/\/repliquemangacine.fr\/it\/wp-json\/wp\/v2\/media\/27208"}],"wp:attachment":[{"href":"https:\/\/repliquemangacine.fr\/it\/wp-json\/wp\/v2\/media?parent=27207"}],"wp:term":[{"taxonomy":"product_brand","embeddable":true,"href":"https:\/\/repliquemangacine.fr\/it\/wp-json\/wp\/v2\/product_brand?post=27207"},{"taxonomy":"product_cat","embeddable":true,"href":"https:\/\/repliquemangacine.fr\/it\/wp-json\/wp\/v2\/product_cat?post=27207"},{"taxonomy":"product_tag","embeddable":true,"href":"https:\/\/repliquemangacine.fr\/it\/wp-json\/wp\/v2\/product_tag?post=27207"}],"curies":[{"name":"wp","href":"https:\/\/api.w.org\/{rel}","templated":true}]}}