





{"id":27201,"date":"2017-05-10T18:06:30","date_gmt":"2017-05-10T16:06:30","guid":{"rendered":"https:\/\/repliquemangacine.fr\/?post_type=product&#038;p=27201"},"modified":"2026-03-24T10:33:22","modified_gmt":"2026-03-24T09:33:22","slug":"ascia-da-battaglia-della-cavalleria-tedesca-del-xv-secolo","status":"publish","type":"product","link":"https:\/\/repliquemangacine.fr\/it\/haches-de-guerre-medievale-et-accessoire-medievaux\/hache-de-bataille-de-la-cavalerie-allemande-xveme\/","title":{"rendered":"Ascia da cavalleria tedesca"},"content":{"rendered":"<h2>Ascia da cavalleria tedesca<\/h2>\n<p>Per cominciare, il <strong>Ascia da cavalleria tedesca<\/strong>, noto come picchio del corvo, utilizzato dalla cavalleria nella Germania meridionale.<\/p>\n<p>Le asce da battaglia del XVI\u1d49 secolo erano la versione militare delle tradizionali asce da boscaiolo, ma pi\u00f9 leggere per renderle pi\u00f9 maneggevoli e con una lama pi\u00f9 affilata per una maggiore efficacia.<\/p>\n<p>In questo periodo, la comparsa delle armature a piastre port\u00f2 alla specializzazione delle aste, che iniziarono a presentare un becco sul lato opposto della lama, oltre a una lama verticale nella parte superiore.<\/p>\n<p>L'aggiunta di una punta all'estremit\u00e0 dell'impugnatura consente di colpire con una spinta, utile per perforare armature protettive come quelle a piastre.<\/p>\n<h2>La vostra ascia da cavalleria tedesca al miglior prezzo.<\/h2>\n<p>Offriamo un'ampia gamma di riproduzioni di armi storiche.<\/p>\n<p>Innanzitutto,<\/p>\n<ul>\n<li>La replica del <a href=\"https:\/\/repliquemangacine.fr\/it\/scudo-e-armatura\/bouclier-medievale-avec-blason-de-castille-et-leon\/\">Scudo di Castiglia e Le\u00f3n<\/a> con l'emblema dell'aquila al centro<\/li>\n<li>Oltre a una riproduzione dell'elmo templare noto come \"elmo\".<a href=\"https:\/\/repliquemangacine.fr\/it\/casco-casco\/casque-templier-noir-heaume-dark-knight\/\">Pan di Zucchero<\/a>\"\u00e8 interamente in acciaio<\/li>\n<li>C'\u00e8 anche il<a href=\"https:\/\/repliquemangacine.fr\/it\/spada-medievale\/spada-da-cerimonia-templare\/\">Spada cerimoniale templare<\/a> riccamente decorato.<\/li>\n<li>E molti altri da scoprire nel nostro negozio online!<\/li>\n<\/ul>\n<p>Ecco perch\u00e9 questa \u00e8 un'ottima idea regalo per tutti gli amanti delle armi storiche.<\/p>\n<p>In conclusione, \u00e8 possibile utilizzare questo <strong>Ascia da cavalleria tedesca<\/strong> per le vostre ricostruzioni storiche. Ma soprattutto, quest'arma \u00e8 un oggetto da collezione e un pezzo decorativo.<\/p>\n<p>R\u00e9plique Manga Cin\u00e9 \u00e8 un'azienda francese e distributore ufficiale del marchio <a href=\"https:\/\/www.denix.fr\/fr\/catalogue\/europe-medievale-s-vi-xv\/haches-et-hallebardes\/6602\/\" target=\"_blank\" rel=\"noopener noreferrer\">Denix<\/a>.<\/p>\n<h2>Come si effettua la manutenzione della lama dell'ascia?<\/h2>\n<p>Le asce da collezione e decorative sono realizzate e assemblate in modo semplificato. Poich\u00e9 il loro uso \u00e8 decorativo, non hanno le caratteristiche di sicurezza richieste per una spada giapponese destinata all'allenamento.<\/p>\n<p>Tuttavia, il vostro <strong>Ascia da cavalleria tedesca<\/strong> a una lama in acciaio che deve essere mantenuta per evitare che si danneggi nel tempo. Se avete intenzione di esporre la vostra ascia, i vostri amici saranno curiosi di vedere la lama e di toccarla. \u00c8 qui che bisogna fare attenzione, perch\u00e9 l'acidit\u00e0 delle dita \u00e8 molto dannosa per l'acciaio, qualunque sia la sua qualit\u00e0.<\/p>\n<p>Tuttavia, se ci\u00f2 dovesse accadere, niente panico: \u00e8 sufficiente un panno inumidito con un po' di olio per eliminare le impronte. In questo modo, la vostra ascia durer\u00e0 a lungo.<\/p>","protected":false},"excerpt":{"rendered":"<p>Riproduzione dell'ascia da cavalleria tedesca del XVI\u1d49 secolo.<\/p>\n<ul>\n<li>Lama spessa in acciaio argentato con incisione.<\/li>\n<li>Due punti estoc.<\/li>\n<li>Manico in vero legno con impugnatura in acciaio invecchiato finemente dettagliata all'estremit\u00e0.<\/li>\n<li>Dimensioni: 75 cm - Peso: 945 grammi<\/li>\n<\/ul>","protected":false},"featured_media":27202,"template":"","meta":[],"product_brand":[896],"product_cat":[25,92,43],"product_tag":[],"class_list":{"0":"post-27201","1":"product","2":"type-product","3":"status-publish","4":"has-post-thumbnail","6":"product_brand-replique-manga-cine","7":"product_cat-armes-historiques","8":"product_cat-haches-de-guerre-medievale-et-accessoire-medievaux","9":"product_cat-reproductions-d-armes-et-accessoires-medievales","11":"first","12":"instock","13":"taxable","14":"shipping-taxable","15":"purchasable","16":"product-type-simple"},"yoast_head":"<!-- This site is optimized with the Yoast SEO plugin v27.4 - https:\/\/yoast.com\/product\/yoast-seo-wordpress\/ -->\n<title>Hache de Cavalerie Allemande - Hache de guerre Denix | RMC<\/title>\n<meta name=\"description\" content=\"Commandez vite\u202f! Cette superbe r\u00e9plique de la Hache de Cavalerie Allemande au meilleur prix - Lame acier avec gravure - Pointes d&#039;estoc - Longueur : 75 cm\" \/>\n<meta name=\"robots\" content=\"index, follow, max-snippet:-1, max-image-preview:large, max-video-preview:-1\" \/>\n<link rel=\"canonical\" href=\"https:\/\/repliquemangacine.fr\/it\/asce-da-battaglia-medievali-e-accessori\/ascia-da-battaglia-della-cavalleria-tedesca-del-xv-secolo\/\" \/>\n<meta property=\"og:locale\" content=\"it_IT\" \/>\n<meta property=\"og:type\" content=\"article\" \/>\n<meta property=\"og:title\" content=\"Hache de Cavalerie Allemande - Hache de guerre Denix | RMC\" \/>\n<meta property=\"og:description\" content=\"Commandez vite\u202f! Cette superbe r\u00e9plique de la Hache de Cavalerie Allemande au meilleur prix - Lame acier avec gravure - Pointes d&#039;estoc - Longueur : 75 cm\" \/>\n<meta property=\"og:url\" content=\"https:\/\/repliquemangacine.fr\/it\/asce-da-battaglia-medievali-e-accessori\/ascia-da-battaglia-della-cavalleria-tedesca-del-xv-secolo\/\" \/>\n<meta property=\"og:site_name\" content=\"R\u00e9plique Manga Cin\u00e9\" \/>\n<meta property=\"article:publisher\" content=\"https:\/\/www.facebook.com\/RepliqueMangaCine\" \/>\n<meta property=\"article:modified_time\" content=\"2026-03-24T09:33:22+00:00\" \/>\n<meta property=\"og:image\" content=\"https:\/\/repliquemangacine.fr\/wp-content\/uploads\/2023\/10\/1984-Hache-de-bataille-de-la-cavalerie-Allemande-XVeme.jpg\" \/>\n\t<meta property=\"og:image:width\" content=\"600\" \/>\n\t<meta property=\"og:image:height\" content=\"600\" \/>\n\t<meta property=\"og:image:type\" content=\"image\/jpeg\" \/>\n<meta name=\"twitter:card\" content=\"summary_large_image\" \/>\n<meta name=\"twitter:label1\" content=\"Tempo di lettura stimato\" \/>\n\t<meta name=\"twitter:data1\" content=\"2 minuti\" \/>\n<script type=\"application\/ld+json\" class=\"yoast-schema-graph\">{\"@context\":\"https:\\\/\\\/schema.org\",\"@graph\":[{\"@type\":\"WebPage\",\"@id\":\"https:\\\/\\\/repliquemangacine.fr\\\/haches-de-guerre-medievale-et-accessoire-medievaux\\\/hache-de-bataille-de-la-cavalerie-allemande-xveme\\\/\",\"url\":\"https:\\\/\\\/repliquemangacine.fr\\\/haches-de-guerre-medievale-et-accessoire-medievaux\\\/hache-de-bataille-de-la-cavalerie-allemande-xveme\\\/\",\"name\":\"Hache de Cavalerie Allemande - Hache de guerre Denix | RMC\",\"isPartOf\":{\"@id\":\"https:\\\/\\\/repliquemangacine.fr\\\/#website\"},\"primaryImageOfPage\":{\"@id\":\"https:\\\/\\\/repliquemangacine.fr\\\/haches-de-guerre-medievale-et-accessoire-medievaux\\\/hache-de-bataille-de-la-cavalerie-allemande-xveme\\\/#primaryimage\"},\"image\":{\"@id\":\"https:\\\/\\\/repliquemangacine.fr\\\/haches-de-guerre-medievale-et-accessoire-medievaux\\\/hache-de-bataille-de-la-cavalerie-allemande-xveme\\\/#primaryimage\"},\"thumbnailUrl\":\"https:\\\/\\\/repliquemangacine.fr\\\/wp-content\\\/uploads\\\/2023\\\/10\\\/1984-Hache-de-bataille-de-la-cavalerie-Allemande-XVeme.jpg\",\"datePublished\":\"2017-05-10T16:06:30+00:00\",\"dateModified\":\"2026-03-24T09:33:22+00:00\",\"description\":\"Commandez vite\u202f! Cette superbe r\u00e9plique de la Hache de Cavalerie Allemande au meilleur prix - Lame acier avec gravure - Pointes d'estoc - Longueur : 75 cm\",\"breadcrumb\":{\"@id\":\"https:\\\/\\\/repliquemangacine.fr\\\/haches-de-guerre-medievale-et-accessoire-medievaux\\\/hache-de-bataille-de-la-cavalerie-allemande-xveme\\\/#breadcrumb\"},\"inLanguage\":\"it-IT\",\"potentialAction\":[{\"@type\":\"ReadAction\",\"target\":[\"https:\\\/\\\/repliquemangacine.fr\\\/haches-de-guerre-medievale-et-accessoire-medievaux\\\/hache-de-bataille-de-la-cavalerie-allemande-xveme\\\/\"]}]},{\"@type\":\"ImageObject\",\"inLanguage\":\"it-IT\",\"@id\":\"https:\\\/\\\/repliquemangacine.fr\\\/haches-de-guerre-medievale-et-accessoire-medievaux\\\/hache-de-bataille-de-la-cavalerie-allemande-xveme\\\/#primaryimage\",\"url\":\"https:\\\/\\\/repliquemangacine.fr\\\/wp-content\\\/uploads\\\/2023\\\/10\\\/1984-Hache-de-bataille-de-la-cavalerie-Allemande-XVeme.jpg\",\"contentUrl\":\"https:\\\/\\\/repliquemangacine.fr\\\/wp-content\\\/uploads\\\/2023\\\/10\\\/1984-Hache-de-bataille-de-la-cavalerie-Allemande-XVeme.jpg\",\"width\":600,\"height\":600,\"caption\":\"Hache de bataille de la cavalerie Allemande XV\u00e8me\"},{\"@type\":\"BreadcrumbList\",\"@id\":\"https:\\\/\\\/repliquemangacine.fr\\\/haches-de-guerre-medievale-et-accessoire-medievaux\\\/hache-de-bataille-de-la-cavalerie-allemande-xveme\\\/#breadcrumb\",\"itemListElement\":[{\"@type\":\"ListItem\",\"position\":1,\"name\":\"Accueil\",\"item\":\"https:\\\/\\\/repliquemangacine.fr\\\/\"},{\"@type\":\"ListItem\",\"position\":2,\"name\":\"Produits\",\"item\":\"https:\\\/\\\/repliquemangacine.fr\\\/boutique\\\/\"},{\"@type\":\"ListItem\",\"position\":3,\"name\":\"Hache de Cavalerie Allemande\"}]},{\"@type\":\"WebSite\",\"@id\":\"https:\\\/\\\/repliquemangacine.fr\\\/#website\",\"url\":\"https:\\\/\\\/repliquemangacine.fr\\\/\",\"name\":\"R\u00e9plique Manga Cin\u00e9\",\"description\":\"\",\"publisher\":{\"@id\":\"https:\\\/\\\/repliquemangacine.fr\\\/#organization\"},\"potentialAction\":[{\"@type\":\"SearchAction\",\"target\":{\"@type\":\"EntryPoint\",\"urlTemplate\":\"https:\\\/\\\/repliquemangacine.fr\\\/?s={search_term_string}\"},\"query-input\":{\"@type\":\"PropertyValueSpecification\",\"valueRequired\":true,\"valueName\":\"search_term_string\"}}],\"inLanguage\":\"it-IT\"},{\"@type\":\"Organization\",\"@id\":\"https:\\\/\\\/repliquemangacine.fr\\\/#organization\",\"name\":\"R\u00e9plique Manga Cin\u00e9\",\"url\":\"https:\\\/\\\/repliquemangacine.fr\\\/\",\"logo\":{\"@type\":\"ImageObject\",\"inLanguage\":\"it-IT\",\"@id\":\"https:\\\/\\\/repliquemangacine.fr\\\/#\\\/schema\\\/logo\\\/image\\\/\",\"url\":\"https:\\\/\\\/repliquemangacine.fr\\\/wp-content\\\/uploads\\\/2023\\\/10\\\/RMC-500250.png\",\"contentUrl\":\"https:\\\/\\\/repliquemangacine.fr\\\/wp-content\\\/uploads\\\/2023\\\/10\\\/RMC-500250.png\",\"width\":500,\"height\":250,\"caption\":\"R\u00e9plique Manga Cin\u00e9\"},\"image\":{\"@id\":\"https:\\\/\\\/repliquemangacine.fr\\\/#\\\/schema\\\/logo\\\/image\\\/\"},\"sameAs\":[\"https:\\\/\\\/www.facebook.com\\\/RepliqueMangaCine\",\"https:\\\/\\\/www.instagram.com\\\/repliquemangacine.fr\\\/\"]}]}<\/script>\n<!-- \/ Yoast SEO plugin. -->","yoast_head_json":{"title":"Ascia da cavalleria tedesca - Ascia da battaglia Denix | RMC","description":"Ordinate ora! Questa superba replica dell'ascia da cavalleria tedesca al miglior prezzo - Lama in acciaio con incisioni - Punte da taglio - Lunghezza: 75 cm","robots":{"index":"index","follow":"follow","max-snippet":"max-snippet:-1","max-image-preview":"max-image-preview:large","max-video-preview":"max-video-preview:-1"},"canonical":"https:\/\/repliquemangacine.fr\/it\/asce-da-battaglia-medievali-e-accessori\/ascia-da-battaglia-della-cavalleria-tedesca-del-xv-secolo\/","og_locale":"it_IT","og_type":"article","og_title":"Hache de Cavalerie Allemande - Hache de guerre Denix | RMC","og_description":"Commandez vite\u202f! Cette superbe r\u00e9plique de la Hache de Cavalerie Allemande au meilleur prix - Lame acier avec gravure - Pointes d'estoc - Longueur : 75 cm","og_url":"https:\/\/repliquemangacine.fr\/it\/asce-da-battaglia-medievali-e-accessori\/ascia-da-battaglia-della-cavalleria-tedesca-del-xv-secolo\/","og_site_name":"R\u00e9plique Manga Cin\u00e9","article_publisher":"https:\/\/www.facebook.com\/RepliqueMangaCine","article_modified_time":"2026-03-24T09:33:22+00:00","og_image":[{"width":600,"height":600,"url":"https:\/\/repliquemangacine.fr\/wp-content\/uploads\/2023\/10\/1984-Hache-de-bataille-de-la-cavalerie-Allemande-XVeme.jpg","type":"image\/jpeg"}],"twitter_card":"summary_large_image","twitter_misc":{"Tempo di lettura stimato":"2 minuti"},"schema":{"@context":"https:\/\/schema.org","@graph":[{"@type":"WebPage","@id":"https:\/\/repliquemangacine.fr\/haches-de-guerre-medievale-et-accessoire-medievaux\/hache-de-bataille-de-la-cavalerie-allemande-xveme\/","url":"https:\/\/repliquemangacine.fr\/haches-de-guerre-medievale-et-accessoire-medievaux\/hache-de-bataille-de-la-cavalerie-allemande-xveme\/","name":"Ascia da cavalleria tedesca - Ascia da battaglia Denix | RMC","isPartOf":{"@id":"https:\/\/repliquemangacine.fr\/#website"},"primaryImageOfPage":{"@id":"https:\/\/repliquemangacine.fr\/haches-de-guerre-medievale-et-accessoire-medievaux\/hache-de-bataille-de-la-cavalerie-allemande-xveme\/#primaryimage"},"image":{"@id":"https:\/\/repliquemangacine.fr\/haches-de-guerre-medievale-et-accessoire-medievaux\/hache-de-bataille-de-la-cavalerie-allemande-xveme\/#primaryimage"},"thumbnailUrl":"https:\/\/repliquemangacine.fr\/wp-content\/uploads\/2023\/10\/1984-Hache-de-bataille-de-la-cavalerie-Allemande-XVeme.jpg","datePublished":"2017-05-10T16:06:30+00:00","dateModified":"2026-03-24T09:33:22+00:00","description":"Ordinate ora! Questa superba replica dell'ascia da cavalleria tedesca al miglior prezzo - Lama in acciaio con incisioni - Punte da taglio - Lunghezza: 75 cm","breadcrumb":{"@id":"https:\/\/repliquemangacine.fr\/haches-de-guerre-medievale-et-accessoire-medievaux\/hache-de-bataille-de-la-cavalerie-allemande-xveme\/#breadcrumb"},"inLanguage":"it-IT","potentialAction":[{"@type":"ReadAction","target":["https:\/\/repliquemangacine.fr\/haches-de-guerre-medievale-et-accessoire-medievaux\/hache-de-bataille-de-la-cavalerie-allemande-xveme\/"]}]},{"@type":"ImageObject","inLanguage":"it-IT","@id":"https:\/\/repliquemangacine.fr\/haches-de-guerre-medievale-et-accessoire-medievaux\/hache-de-bataille-de-la-cavalerie-allemande-xveme\/#primaryimage","url":"https:\/\/repliquemangacine.fr\/wp-content\/uploads\/2023\/10\/1984-Hache-de-bataille-de-la-cavalerie-Allemande-XVeme.jpg","contentUrl":"https:\/\/repliquemangacine.fr\/wp-content\/uploads\/2023\/10\/1984-Hache-de-bataille-de-la-cavalerie-Allemande-XVeme.jpg","width":600,"height":600,"caption":"Hache de bataille de la cavalerie Allemande XV\u00e8me"},{"@type":"BreadcrumbList","@id":"https:\/\/repliquemangacine.fr\/haches-de-guerre-medievale-et-accessoire-medievaux\/hache-de-bataille-de-la-cavalerie-allemande-xveme\/#breadcrumb","itemListElement":[{"@type":"ListItem","position":1,"name":"Accueil","item":"https:\/\/repliquemangacine.fr\/"},{"@type":"ListItem","position":2,"name":"Produits","item":"https:\/\/repliquemangacine.fr\/boutique\/"},{"@type":"ListItem","position":3,"name":"Hache de Cavalerie Allemande"}]},{"@type":"WebSite","@id":"https:\/\/repliquemangacine.fr\/#website","url":"https:\/\/repliquemangacine.fr\/","name":"R\u00e9plique Manga Cin\u00e9","description":"","publisher":{"@id":"https:\/\/repliquemangacine.fr\/#organization"},"potentialAction":[{"@type":"SearchAction","target":{"@type":"EntryPoint","urlTemplate":"https:\/\/repliquemangacine.fr\/?s={search_term_string}"},"query-input":{"@type":"PropertyValueSpecification","valueRequired":true,"valueName":"search_term_string"}}],"inLanguage":"it-IT"},{"@type":"Organization","@id":"https:\/\/repliquemangacine.fr\/#organization","name":"R\u00e9plique Manga Cin\u00e9","url":"https:\/\/repliquemangacine.fr\/","logo":{"@type":"ImageObject","inLanguage":"it-IT","@id":"https:\/\/repliquemangacine.fr\/#\/schema\/logo\/image\/","url":"https:\/\/repliquemangacine.fr\/wp-content\/uploads\/2023\/10\/RMC-500250.png","contentUrl":"https:\/\/repliquemangacine.fr\/wp-content\/uploads\/2023\/10\/RMC-500250.png","width":500,"height":250,"caption":"R\u00e9plique Manga Cin\u00e9"},"image":{"@id":"https:\/\/repliquemangacine.fr\/#\/schema\/logo\/image\/"},"sameAs":["https:\/\/www.facebook.com\/RepliqueMangaCine","https:\/\/www.instagram.com\/repliquemangacine.fr\/"]}]}},"_links":{"self":[{"href":"https:\/\/repliquemangacine.fr\/it\/wp-json\/wp\/v2\/product\/27201","targetHints":{"allow":["GET"]}}],"collection":[{"href":"https:\/\/repliquemangacine.fr\/it\/wp-json\/wp\/v2\/product"}],"about":[{"href":"https:\/\/repliquemangacine.fr\/it\/wp-json\/wp\/v2\/types\/product"}],"wp:featuredmedia":[{"embeddable":true,"href":"https:\/\/repliquemangacine.fr\/it\/wp-json\/wp\/v2\/media\/27202"}],"wp:attachment":[{"href":"https:\/\/repliquemangacine.fr\/it\/wp-json\/wp\/v2\/media?parent=27201"}],"wp:term":[{"taxonomy":"product_brand","embeddable":true,"href":"https:\/\/repliquemangacine.fr\/it\/wp-json\/wp\/v2\/product_brand?post=27201"},{"taxonomy":"product_cat","embeddable":true,"href":"https:\/\/repliquemangacine.fr\/it\/wp-json\/wp\/v2\/product_cat?post=27201"},{"taxonomy":"product_tag","embeddable":true,"href":"https:\/\/repliquemangacine.fr\/it\/wp-json\/wp\/v2\/product_tag?post=27201"}],"curies":[{"name":"wp","href":"https:\/\/api.w.org\/{rel}","templated":true}]}}