





{"id":27165,"date":"2017-04-27T18:26:06","date_gmt":"2017-04-27T16:26:06","guid":{"rendered":"https:\/\/repliquemangacine.fr\/?post_type=product&#038;p=27165"},"modified":"2026-04-10T18:48:55","modified_gmt":"2026-04-10T16:48:55","slug":"frostmourne-deuillegivre-spada-spada-del-re-dei-lich","status":"publish","type":"product","link":"https:\/\/repliquemangacine.fr\/it\/epees-world-of-warcraft\/epee-frostmourne-deuillegivre-epee-du-roi-liche\/","title":{"rendered":"Spada deuillegivre Frostmourne - Spada del Re dei Lich"},"content":{"rendered":"<h2>Spada Frostmourne Deuillegivre in World of Warcraft<\/h2>\n<p>Per cominciare, il<strong>Spada Deuillegivre Frostmourne<\/strong> si allea con il Re dei Lich nell'espansione World Of Warcraft: Wrath of the Lich King. Apparso in precedenza in Warcraft III: Frozen Throne.<\/p>\n<p>Il Re Lich \u00e8 il boss finale del raid <a href=\"https:\/\/fr.wowhead.com\/icecrown-citadel\" target=\"_blank\" rel=\"noopener noreferrer\">la corona della cittadella di ghiaccio<\/a> noto ai giocatori come ICC. Il potere di Frostmourne permette ad Arthas di catturare le anime durante le battaglie, rendendolo sempre pi\u00f9 potente e pericoloso.<\/p>\n<p>D'altra parte, la lama corrode l'anima di chi la indossa, in particolare attraverso la connessione telepatica con il Re dei Lich, caratterizzata da continui sussurri che portano alla follia. \u00c8 anche incantata, il suo metallo \u00e8 estremamente leggero e la sua potenza \u00e8 pari a quella delle armi pi\u00f9 pesanti.<\/p>\n<p>Deuillegivre, un'arma leggendaria, \u00e8 la spada runica del Cavaliere della Morte Arthas Menethil.<\/p>\n<h2>La tua spada Frostmourne Deuillegivre al miglior prezzo.<\/h2>\n<p>Offriamo una vasta gamma di prodotti derivati dal mondo di World of Warcraft.<\/p>\n<p>Innanzitutto,<\/p>\n<ul>\n<li>Il prodigioso <a href=\"https:\/\/repliquemangacine.fr\/it\/spada-di-world-of-warcraft\/epee-ashbringer-world-of-warcraft\/\">Spada Ashbringer<\/a> paladino Alexandros Mograine.<\/li>\n<li>C'\u00e8 anche l'ascia a due mani, la <a href=\"https:\/\/repliquemangacine.fr\/it\/spada-di-world-of-warcraft\/ascia-deuillelombre-shadowmourne-mondo-di-warcraft\/\">Shadowmourne<\/a> di Re Arthas.<\/li>\n<li>Oltre al Warglaive di Illidan, il <a href=\"https:\/\/repliquemangacine.fr\/it\/spada-di-world-of-warcraft\/le-lame-gemelle-di-azzinoth-la-leggendaria-spada-di-illidan\/\">lame gemelle di Azzinoth<\/a>Un set di spade impregnate di magia.<\/li>\n<li>E molti altri da scoprire nel nostro negozio online!<\/li>\n<\/ul>\n<p>Ecco perch\u00e9 questa \u00e8 un'ottima idea regalo per i fan di Wow.<\/p>\n<p>In conclusione, \u00e8 possibile ordinare rapidamente il\u2019<strong>Spada Deuillegivre Frostmourne<\/strong> da aggiungere alla propria collezione. Ma soprattutto \u00e8 un oggetto da collezione e un pezzo decorativo.<\/p>\n<p>R\u00e9plique Manga Cin\u00e9 \u00e8 un'azienda familiare francese.<\/p>\n<h2>Come faccio a mantenere la lama della mia spada di World of Warcraft?<\/h2>\n<p>Le spade da collezione e decorative sono realizzate e assemblate in modo semplificato. Poich\u00e9 il loro uso \u00e8 decorativo, non hanno le caratteristiche di sicurezza richieste per una spada giapponese destinata all'allenamento.<\/p>\n<p>Tuttavia, il vostro <strong>Spada Deuillegivre Frostmourne<\/strong> a una lama d'acciaio che deve essere curata per evitare che si danneggi nel tempo. Quando si espone la katana, gli amici saranno curiosi di vedere la lama e di toccarla. \u00c8 qui che bisogna fare attenzione, perch\u00e9 l'acidit\u00e0 delle dita \u00e8 molto dannosa per l'acciaio, indipendentemente dalla sua qualit\u00e0.<\/p>\n<p>Tuttavia, se ci\u00f2 dovesse accadere, niente panico: basta un panno inumidito con un po' d'olio per eliminare le impronte. In questo modo, la spada durer\u00e0 a lungo.<\/p>\n<p><strong>\u00a0<\/strong><\/p>","protected":false},"excerpt":{"rendered":"<p>Fantastica replica della leggendaria spada di Arthas, Frostmourne.<\/p>\n<ul>\n<li>Lama decorata in acciaio inossidabile.<\/li>\n<li>Guardia in acciaio anticato con un'incredibile attenzione ai dettagli!<\/li>\n<li>Manico in acciaio circondato da un cinturino in vera pelle.<\/li>\n<li>Pomello in acciaio invecchiato dai dettagli sublimi.<\/li>\n<li>Supporto da parete in legno con decorazioni in resina.<\/li>\n<li>Lunghezza lama: 72 cm - Lunghezza totale: 120 cm<\/li>\n<li>Peso: 9 kg<\/li>\n<\/ul>","protected":false},"featured_media":27166,"template":"","meta":[],"product_brand":[896],"product_cat":[23,60],"product_tag":[],"class_list":{"0":"post-27165","1":"product","2":"type-product","3":"status-publish","4":"has-post-thumbnail","6":"product_brand-replique-manga-cine","7":"product_cat-repliques-manga-jeux-video","8":"product_cat-epees-world-of-warcraft","10":"first","11":"instock","12":"sale","13":"taxable","14":"shipping-taxable","15":"purchasable","16":"product-type-simple"},"yoast_head":"<!-- This site is optimized with the Yoast SEO plugin v27.4 - https:\/\/yoast.com\/product\/yoast-seo-wordpress\/ -->\n<title>Ep\u00e9e Frostmourne Deuillegivre - Arthas World of Warcraft | RMC<\/title>\n<meta name=\"description\" content=\"Offrez-vous l&#039;Ep\u00e9e Frostmourne Deuillegivre du Roi Liche au meilleur prix. Lame acier - Echelle 1\/1 - Haute qualit\u00e9 - Longueur : 120 cm - Envoi 24\/48h\" \/>\n<meta name=\"robots\" content=\"index, follow, max-snippet:-1, max-image-preview:large, max-video-preview:-1\" \/>\n<link rel=\"canonical\" href=\"https:\/\/repliquemangacine.fr\/it\/spade-di-world-of-warcraft\/frostmourne-deuillegivre-spada-spada-del-re-dei-lich\/\" \/>\n<meta property=\"og:locale\" content=\"it_IT\" \/>\n<meta property=\"og:type\" content=\"article\" \/>\n<meta property=\"og:title\" content=\"Ep\u00e9e Frostmourne Deuillegivre - Arthas World of Warcraft | RMC\" \/>\n<meta property=\"og:description\" content=\"Offrez-vous l&#039;Ep\u00e9e Frostmourne Deuillegivre du Roi Liche au meilleur prix. Lame acier - Echelle 1\/1 - Haute qualit\u00e9 - Longueur : 120 cm - Envoi 24\/48h\" \/>\n<meta property=\"og:url\" content=\"https:\/\/repliquemangacine.fr\/it\/spade-di-world-of-warcraft\/frostmourne-deuillegivre-spada-spada-del-re-dei-lich\/\" \/>\n<meta property=\"og:site_name\" content=\"R\u00e9plique Manga Cin\u00e9\" \/>\n<meta property=\"article:publisher\" content=\"https:\/\/www.facebook.com\/RepliqueMangaCine\" \/>\n<meta property=\"article:modified_time\" content=\"2026-04-10T16:48:55+00:00\" \/>\n<meta property=\"og:image\" content=\"https:\/\/repliquemangacine.fr\/wp-content\/uploads\/2023\/10\/1937-Epee-Frostmourne-deuillegivre-Epee-du-roi-Liche.jpg\" \/>\n\t<meta property=\"og:image:width\" content=\"600\" \/>\n\t<meta property=\"og:image:height\" content=\"600\" \/>\n\t<meta property=\"og:image:type\" content=\"image\/jpeg\" \/>\n<meta name=\"twitter:card\" content=\"summary_large_image\" \/>\n<meta name=\"twitter:label1\" content=\"Tempo di lettura stimato\" \/>\n\t<meta name=\"twitter:data1\" content=\"2 minuti\" \/>\n<script type=\"application\/ld+json\" class=\"yoast-schema-graph\">{\"@context\":\"https:\\\/\\\/schema.org\",\"@graph\":[{\"@type\":\"WebPage\",\"@id\":\"https:\\\/\\\/repliquemangacine.fr\\\/epees-world-of-warcraft\\\/epee-frostmourne-deuillegivre-epee-du-roi-liche\\\/\",\"url\":\"https:\\\/\\\/repliquemangacine.fr\\\/epees-world-of-warcraft\\\/epee-frostmourne-deuillegivre-epee-du-roi-liche\\\/\",\"name\":\"Ep\u00e9e Frostmourne Deuillegivre - Arthas World of Warcraft | RMC\",\"isPartOf\":{\"@id\":\"https:\\\/\\\/repliquemangacine.fr\\\/#website\"},\"primaryImageOfPage\":{\"@id\":\"https:\\\/\\\/repliquemangacine.fr\\\/epees-world-of-warcraft\\\/epee-frostmourne-deuillegivre-epee-du-roi-liche\\\/#primaryimage\"},\"image\":{\"@id\":\"https:\\\/\\\/repliquemangacine.fr\\\/epees-world-of-warcraft\\\/epee-frostmourne-deuillegivre-epee-du-roi-liche\\\/#primaryimage\"},\"thumbnailUrl\":\"https:\\\/\\\/repliquemangacine.fr\\\/wp-content\\\/uploads\\\/2023\\\/10\\\/1937-Epee-Frostmourne-deuillegivre-Epee-du-roi-Liche.jpg\",\"datePublished\":\"2017-04-27T16:26:06+00:00\",\"dateModified\":\"2026-04-10T16:48:55+00:00\",\"description\":\"Offrez-vous l'Ep\u00e9e Frostmourne Deuillegivre du Roi Liche au meilleur prix. Lame acier - Echelle 1\\\/1 - Haute qualit\u00e9 - Longueur : 120 cm - Envoi 24\\\/48h\",\"breadcrumb\":{\"@id\":\"https:\\\/\\\/repliquemangacine.fr\\\/epees-world-of-warcraft\\\/epee-frostmourne-deuillegivre-epee-du-roi-liche\\\/#breadcrumb\"},\"inLanguage\":\"it-IT\",\"potentialAction\":[{\"@type\":\"ReadAction\",\"target\":[\"https:\\\/\\\/repliquemangacine.fr\\\/epees-world-of-warcraft\\\/epee-frostmourne-deuillegivre-epee-du-roi-liche\\\/\"]}]},{\"@type\":\"ImageObject\",\"inLanguage\":\"it-IT\",\"@id\":\"https:\\\/\\\/repliquemangacine.fr\\\/epees-world-of-warcraft\\\/epee-frostmourne-deuillegivre-epee-du-roi-liche\\\/#primaryimage\",\"url\":\"https:\\\/\\\/repliquemangacine.fr\\\/wp-content\\\/uploads\\\/2023\\\/10\\\/1937-Epee-Frostmourne-deuillegivre-Epee-du-roi-Liche.jpg\",\"contentUrl\":\"https:\\\/\\\/repliquemangacine.fr\\\/wp-content\\\/uploads\\\/2023\\\/10\\\/1937-Epee-Frostmourne-deuillegivre-Epee-du-roi-Liche.jpg\",\"width\":600,\"height\":600,\"caption\":\"Ep\u00e9e Frostmourne deuillegivre - Ep\u00e9e du roi Liche\"},{\"@type\":\"BreadcrumbList\",\"@id\":\"https:\\\/\\\/repliquemangacine.fr\\\/epees-world-of-warcraft\\\/epee-frostmourne-deuillegivre-epee-du-roi-liche\\\/#breadcrumb\",\"itemListElement\":[{\"@type\":\"ListItem\",\"position\":1,\"name\":\"Accueil\",\"item\":\"https:\\\/\\\/repliquemangacine.fr\\\/\"},{\"@type\":\"ListItem\",\"position\":2,\"name\":\"Produits\",\"item\":\"https:\\\/\\\/repliquemangacine.fr\\\/boutique\\\/\"},{\"@type\":\"ListItem\",\"position\":3,\"name\":\"Ep\u00e9e Frostmourne deuillegivre &#8211; Ep\u00e9e du roi Liche\"}]},{\"@type\":\"WebSite\",\"@id\":\"https:\\\/\\\/repliquemangacine.fr\\\/#website\",\"url\":\"https:\\\/\\\/repliquemangacine.fr\\\/\",\"name\":\"R\u00e9plique Manga Cin\u00e9\",\"description\":\"\",\"publisher\":{\"@id\":\"https:\\\/\\\/repliquemangacine.fr\\\/#organization\"},\"potentialAction\":[{\"@type\":\"SearchAction\",\"target\":{\"@type\":\"EntryPoint\",\"urlTemplate\":\"https:\\\/\\\/repliquemangacine.fr\\\/?s={search_term_string}\"},\"query-input\":{\"@type\":\"PropertyValueSpecification\",\"valueRequired\":true,\"valueName\":\"search_term_string\"}}],\"inLanguage\":\"it-IT\"},{\"@type\":\"Organization\",\"@id\":\"https:\\\/\\\/repliquemangacine.fr\\\/#organization\",\"name\":\"R\u00e9plique Manga Cin\u00e9\",\"url\":\"https:\\\/\\\/repliquemangacine.fr\\\/\",\"logo\":{\"@type\":\"ImageObject\",\"inLanguage\":\"it-IT\",\"@id\":\"https:\\\/\\\/repliquemangacine.fr\\\/#\\\/schema\\\/logo\\\/image\\\/\",\"url\":\"https:\\\/\\\/repliquemangacine.fr\\\/wp-content\\\/uploads\\\/2023\\\/10\\\/RMC-500250.png\",\"contentUrl\":\"https:\\\/\\\/repliquemangacine.fr\\\/wp-content\\\/uploads\\\/2023\\\/10\\\/RMC-500250.png\",\"width\":500,\"height\":250,\"caption\":\"R\u00e9plique Manga Cin\u00e9\"},\"image\":{\"@id\":\"https:\\\/\\\/repliquemangacine.fr\\\/#\\\/schema\\\/logo\\\/image\\\/\"},\"sameAs\":[\"https:\\\/\\\/www.facebook.com\\\/RepliqueMangaCine\",\"https:\\\/\\\/www.instagram.com\\\/repliquemangacine.fr\\\/\"]}]}<\/script>\n<!-- \/ Yoast SEO plugin. -->","yoast_head_json":{"title":"Spada Frostmourne Deuillegivre - Arthas World of Warcraft | RMC","description":"Regalati la spada Frostmourne Deuillegivre del Re dei Lich al miglior prezzo. Lama in acciaio - Scala 1\/1 - Alta qualit\u00e0 - Lunghezza : 120 cm - Spedizione 24\/48h","robots":{"index":"index","follow":"follow","max-snippet":"max-snippet:-1","max-image-preview":"max-image-preview:large","max-video-preview":"max-video-preview:-1"},"canonical":"https:\/\/repliquemangacine.fr\/it\/spade-di-world-of-warcraft\/frostmourne-deuillegivre-spada-spada-del-re-dei-lich\/","og_locale":"it_IT","og_type":"article","og_title":"Ep\u00e9e Frostmourne Deuillegivre - Arthas World of Warcraft | RMC","og_description":"Offrez-vous l'Ep\u00e9e Frostmourne Deuillegivre du Roi Liche au meilleur prix. Lame acier - Echelle 1\/1 - Haute qualit\u00e9 - Longueur : 120 cm - Envoi 24\/48h","og_url":"https:\/\/repliquemangacine.fr\/it\/spade-di-world-of-warcraft\/frostmourne-deuillegivre-spada-spada-del-re-dei-lich\/","og_site_name":"R\u00e9plique Manga Cin\u00e9","article_publisher":"https:\/\/www.facebook.com\/RepliqueMangaCine","article_modified_time":"2026-04-10T16:48:55+00:00","og_image":[{"width":600,"height":600,"url":"https:\/\/repliquemangacine.fr\/wp-content\/uploads\/2023\/10\/1937-Epee-Frostmourne-deuillegivre-Epee-du-roi-Liche.jpg","type":"image\/jpeg"}],"twitter_card":"summary_large_image","twitter_misc":{"Tempo di lettura stimato":"2 minuti"},"schema":{"@context":"https:\/\/schema.org","@graph":[{"@type":"WebPage","@id":"https:\/\/repliquemangacine.fr\/epees-world-of-warcraft\/epee-frostmourne-deuillegivre-epee-du-roi-liche\/","url":"https:\/\/repliquemangacine.fr\/epees-world-of-warcraft\/epee-frostmourne-deuillegivre-epee-du-roi-liche\/","name":"Spada Frostmourne Deuillegivre - Arthas World of Warcraft | RMC","isPartOf":{"@id":"https:\/\/repliquemangacine.fr\/#website"},"primaryImageOfPage":{"@id":"https:\/\/repliquemangacine.fr\/epees-world-of-warcraft\/epee-frostmourne-deuillegivre-epee-du-roi-liche\/#primaryimage"},"image":{"@id":"https:\/\/repliquemangacine.fr\/epees-world-of-warcraft\/epee-frostmourne-deuillegivre-epee-du-roi-liche\/#primaryimage"},"thumbnailUrl":"https:\/\/repliquemangacine.fr\/wp-content\/uploads\/2023\/10\/1937-Epee-Frostmourne-deuillegivre-Epee-du-roi-Liche.jpg","datePublished":"2017-04-27T16:26:06+00:00","dateModified":"2026-04-10T16:48:55+00:00","description":"Regalati la spada Frostmourne Deuillegivre del Re dei Lich al miglior prezzo. Lama in acciaio - Scala 1\/1 - Alta qualit\u00e0 - Lunghezza : 120 cm - Spedizione 24\/48h","breadcrumb":{"@id":"https:\/\/repliquemangacine.fr\/epees-world-of-warcraft\/epee-frostmourne-deuillegivre-epee-du-roi-liche\/#breadcrumb"},"inLanguage":"it-IT","potentialAction":[{"@type":"ReadAction","target":["https:\/\/repliquemangacine.fr\/epees-world-of-warcraft\/epee-frostmourne-deuillegivre-epee-du-roi-liche\/"]}]},{"@type":"ImageObject","inLanguage":"it-IT","@id":"https:\/\/repliquemangacine.fr\/epees-world-of-warcraft\/epee-frostmourne-deuillegivre-epee-du-roi-liche\/#primaryimage","url":"https:\/\/repliquemangacine.fr\/wp-content\/uploads\/2023\/10\/1937-Epee-Frostmourne-deuillegivre-Epee-du-roi-Liche.jpg","contentUrl":"https:\/\/repliquemangacine.fr\/wp-content\/uploads\/2023\/10\/1937-Epee-Frostmourne-deuillegivre-Epee-du-roi-Liche.jpg","width":600,"height":600,"caption":"Ep\u00e9e Frostmourne deuillegivre - Ep\u00e9e du roi Liche"},{"@type":"BreadcrumbList","@id":"https:\/\/repliquemangacine.fr\/epees-world-of-warcraft\/epee-frostmourne-deuillegivre-epee-du-roi-liche\/#breadcrumb","itemListElement":[{"@type":"ListItem","position":1,"name":"Accueil","item":"https:\/\/repliquemangacine.fr\/"},{"@type":"ListItem","position":2,"name":"Produits","item":"https:\/\/repliquemangacine.fr\/boutique\/"},{"@type":"ListItem","position":3,"name":"Ep\u00e9e Frostmourne deuillegivre &#8211; Ep\u00e9e du roi Liche"}]},{"@type":"WebSite","@id":"https:\/\/repliquemangacine.fr\/#website","url":"https:\/\/repliquemangacine.fr\/","name":"R\u00e9plique Manga Cin\u00e9","description":"","publisher":{"@id":"https:\/\/repliquemangacine.fr\/#organization"},"potentialAction":[{"@type":"SearchAction","target":{"@type":"EntryPoint","urlTemplate":"https:\/\/repliquemangacine.fr\/?s={search_term_string}"},"query-input":{"@type":"PropertyValueSpecification","valueRequired":true,"valueName":"search_term_string"}}],"inLanguage":"it-IT"},{"@type":"Organization","@id":"https:\/\/repliquemangacine.fr\/#organization","name":"R\u00e9plique Manga Cin\u00e9","url":"https:\/\/repliquemangacine.fr\/","logo":{"@type":"ImageObject","inLanguage":"it-IT","@id":"https:\/\/repliquemangacine.fr\/#\/schema\/logo\/image\/","url":"https:\/\/repliquemangacine.fr\/wp-content\/uploads\/2023\/10\/RMC-500250.png","contentUrl":"https:\/\/repliquemangacine.fr\/wp-content\/uploads\/2023\/10\/RMC-500250.png","width":500,"height":250,"caption":"R\u00e9plique Manga Cin\u00e9"},"image":{"@id":"https:\/\/repliquemangacine.fr\/#\/schema\/logo\/image\/"},"sameAs":["https:\/\/www.facebook.com\/RepliqueMangaCine","https:\/\/www.instagram.com\/repliquemangacine.fr\/"]}]}},"_links":{"self":[{"href":"https:\/\/repliquemangacine.fr\/it\/wp-json\/wp\/v2\/product\/27165","targetHints":{"allow":["GET"]}}],"collection":[{"href":"https:\/\/repliquemangacine.fr\/it\/wp-json\/wp\/v2\/product"}],"about":[{"href":"https:\/\/repliquemangacine.fr\/it\/wp-json\/wp\/v2\/types\/product"}],"wp:featuredmedia":[{"embeddable":true,"href":"https:\/\/repliquemangacine.fr\/it\/wp-json\/wp\/v2\/media\/27166"}],"wp:attachment":[{"href":"https:\/\/repliquemangacine.fr\/it\/wp-json\/wp\/v2\/media?parent=27165"}],"wp:term":[{"taxonomy":"product_brand","embeddable":true,"href":"https:\/\/repliquemangacine.fr\/it\/wp-json\/wp\/v2\/product_brand?post=27165"},{"taxonomy":"product_cat","embeddable":true,"href":"https:\/\/repliquemangacine.fr\/it\/wp-json\/wp\/v2\/product_cat?post=27165"},{"taxonomy":"product_tag","embeddable":true,"href":"https:\/\/repliquemangacine.fr\/it\/wp-json\/wp\/v2\/product_tag?post=27165"}],"curies":[{"name":"wp","href":"https:\/\/api.w.org\/{rel}","templated":true}]}}