





{"id":27062,"date":"2017-04-08T21:25:13","date_gmt":"2017-04-08T19:25:13","guid":{"rendered":"https:\/\/repliquemangacine.fr\/?post_type=product&#038;p=27062"},"modified":"2026-05-01T20:33:10","modified_gmt":"2026-05-01T18:33:10","slug":"ascia-vichinga-del-vii-secolo","status":"publish","type":"product","link":"https:\/\/repliquemangacine.fr\/it\/haches-de-guerre-medievale-et-accessoire-medievaux\/hache-viking-viii-siecle\/","title":{"rendered":"Ascia vichinga VIII secolo"},"content":{"rendered":"<h2>Ascia vichinga VIII secolo<\/h2>\n<p>Per cominciare, il <strong>Ascia vichinga VIII\u1d49<\/strong>, I Vichinghi, che usavano grandi asce brandite con entrambe le mani, ebbero il loro periodo d'oro.<\/p>\n<p>I Vichinghi compirono molte incursioni mortali in Francia. Questi guerrieri provenienti dalla Norvegia ottennero molte vittorie. Si stabilirono saldamente in Normandia, la regione che deve il suo nome a questi invasori.<\/p>\n<p>Notevoli navigatori, i Vichinghi si spinsero anche nella penisola iberica.  Entrati nel Mediterraneo attraverso lo Stretto di Gibilterra, si stabilirono nel delta del Rodano, nella Camargue e poi in Italia.<\/p>\n<p>Conosciuti come temibili guerrieri, i Vichinghi non riuscirono mai a formare un vero e proprio esercito. Le loro tattiche predatorie non possono essere attribuite a un'arte militare che non padroneggiavano.<\/p>\n<h2>La vostra ascia vichinga VIII\u1d49 al miglior prezzo.<\/h2>\n<p>Offriamo un'ampia gamma di riproduzioni di armi storiche.<\/p>\n<p>Innanzitutto,<\/p>\n<ul>\n<li>Identico all'originale, il<a href=\"https:\/\/repliquemangacine.fr\/it\/vichingo\/spada-vichinga-ironside\/\">Spada vichinga Ironside,<\/a> Lama in acciaio al carbonio 1075<\/li>\n<li>Cos\u00ec come il <a href=\"https:\/\/repliquemangacine.fr\/it\/vichingo\/scudo-vichingo-in-legno\/\">scudo vichingo<\/a>con un umbone.<\/li>\n<li>C'\u00e8 anche l'ascia a una mano di <a href=\"https:\/\/repliquemangacine.fr\/it\/armi-vichinghe\/ascia-serie-vichinghi-ascia-ragnar-lothbrok\/\">Ragnar Lothbrok<\/a>ricreato dall'oggetto di scena della serie televisiva \"Vikings\".<\/li>\n<li>E molti altri da scoprire nel nostro negozio online!<\/li>\n<\/ul>\n<p>Ecco perch\u00e9 questa \u00e8 un'ottima idea regalo per tutti gli amanti delle armi storiche.<\/p>\n<p>In conclusione, \u00e8 possibile utilizzare il metodo <strong>Ascia vichinga VIII\u1d49<\/strong> per le vostre rievocazioni storiche. Ma soprattutto \u00e8 un oggetto da collezione e un pezzo decorativo.<\/p>\n<p>R\u00e9plique Manga Cin\u00e9 \u00e8 un'azienda francese e distributore ufficiale del marchio <a href=\"https:\/\/www.denix.fr\/fr\/catalogue\/europe-medievale-s-vi-xv\/haches-et-hallebardes\/628\/\" target=\"_blank\" rel=\"noopener noreferrer\">Denix<\/a>.<\/p>\n<h2>Come si effettua la manutenzione della lama dell'ascia?<\/h2>\n<p>Le asce da collezione e decorative sono realizzate e assemblate in modo semplificato. Poich\u00e9 il loro uso \u00e8 decorativo, non hanno le caratteristiche di sicurezza richieste per una spada giapponese destinata all'allenamento.<\/p>\n<p>Tuttavia, il vostro <strong>Ascia vichinga VIII\u1d49<\/strong> a una lama in acciaio che deve essere mantenuta per evitare che si danneggi nel tempo. Se avete intenzione di esporre la vostra ascia, i vostri amici saranno curiosi di vedere la lama e di toccarla. \u00c8 qui che bisogna fare attenzione, perch\u00e9 l'acidit\u00e0 delle dita \u00e8 molto dannosa per l'acciaio, qualunque sia la sua qualit\u00e0.<\/p>\n<p>Tuttavia, se ci\u00f2 dovesse accadere, niente panico: \u00e8 sufficiente un panno inumidito con un po' di olio per eliminare le impronte. In questo modo, la vostra ascia durer\u00e0 a lungo.<\/p>","protected":false},"excerpt":{"rendered":"<p>Superba riproduzione di quest'ascia vichinga dell'VIII secolo.<\/p>\n<ul>\n<li>Ascia interamente in acciaio con magnifiche incisioni.<\/li>\n<li>Una lama non affilata.<\/li>\n<li>Manico in legno massiccio.<\/li>\n<li>Dimensioni: 87 cm - Peso: 2720 grammi<\/li>\n<\/ul>","protected":false},"featured_media":27063,"template":"","meta":[],"product_brand":[896],"product_cat":[25,92,43,103],"product_tag":[],"class_list":{"0":"post-27062","1":"product","2":"type-product","3":"status-publish","4":"has-post-thumbnail","6":"product_brand-replique-manga-cine","7":"product_cat-armes-historiques","8":"product_cat-haches-de-guerre-medievale-et-accessoire-medievaux","9":"product_cat-reproductions-d-armes-et-accessoires-medievales","10":"product_cat-armes-et-accessoires-vikings","12":"first","13":"instock","14":"taxable","15":"shipping-taxable","16":"purchasable","17":"product-type-simple"},"yoast_head":"<!-- This site is optimized with the Yoast SEO plugin v27.5 - https:\/\/yoast.com\/product\/yoast-seo-wordpress\/ -->\n<title>Hache viking VIII\u1d49 - Vente en ligne Hache m\u00e9di\u00e9vale Denix | RMC<\/title>\n<meta name=\"description\" content=\"Offrez-vous cette Hache viking VIII\u1d49 au meilleur prix - Manche bois massif - Hache en acier vieilli avec gravures - Longueur totale : 87 cm - Envoi 24\/48h\" \/>\n<meta name=\"robots\" content=\"index, follow, max-snippet:-1, max-image-preview:large, max-video-preview:-1\" \/>\n<link rel=\"canonical\" href=\"https:\/\/repliquemangacine.fr\/it\/asce-da-battaglia-medievali-e-accessori\/ascia-vichinga-del-vii-secolo\/\" \/>\n<meta property=\"og:locale\" content=\"it_IT\" \/>\n<meta property=\"og:type\" content=\"article\" \/>\n<meta property=\"og:title\" content=\"Hache viking VIII\u1d49 - Vente en ligne Hache m\u00e9di\u00e9vale Denix | RMC\" \/>\n<meta property=\"og:description\" content=\"Offrez-vous cette Hache viking VIII\u1d49 au meilleur prix - Manche bois massif - Hache en acier vieilli avec gravures - Longueur totale : 87 cm - Envoi 24\/48h\" \/>\n<meta property=\"og:url\" content=\"https:\/\/repliquemangacine.fr\/it\/asce-da-battaglia-medievali-e-accessori\/ascia-vichinga-del-vii-secolo\/\" \/>\n<meta property=\"og:site_name\" content=\"R\u00e9plique Manga Cin\u00e9\" \/>\n<meta property=\"article:publisher\" content=\"https:\/\/www.facebook.com\/RepliqueMangaCine\" \/>\n<meta property=\"article:modified_time\" content=\"2026-05-01T18:33:10+00:00\" \/>\n<meta property=\"og:image\" content=\"https:\/\/repliquemangacine.fr\/wp-content\/uploads\/2023\/10\/1847-Hache-viking-VIII-siecle.jpg\" \/>\n\t<meta property=\"og:image:width\" content=\"600\" \/>\n\t<meta property=\"og:image:height\" content=\"600\" \/>\n\t<meta property=\"og:image:type\" content=\"image\/jpeg\" \/>\n<meta name=\"twitter:card\" content=\"summary_large_image\" \/>\n<meta name=\"twitter:label1\" content=\"Tempo di lettura stimato\" \/>\n\t<meta name=\"twitter:data1\" content=\"2 minuti\" \/>\n<script type=\"application\/ld+json\" class=\"yoast-schema-graph\">{\"@context\":\"https:\\\/\\\/schema.org\",\"@graph\":[{\"@type\":\"WebPage\",\"@id\":\"https:\\\/\\\/repliquemangacine.fr\\\/haches-de-guerre-medievale-et-accessoire-medievaux\\\/hache-viking-viii-siecle\\\/\",\"url\":\"https:\\\/\\\/repliquemangacine.fr\\\/haches-de-guerre-medievale-et-accessoire-medievaux\\\/hache-viking-viii-siecle\\\/\",\"name\":\"Hache viking VIII\u1d49 - Vente en ligne Hache m\u00e9di\u00e9vale Denix | RMC\",\"isPartOf\":{\"@id\":\"https:\\\/\\\/repliquemangacine.fr\\\/#website\"},\"primaryImageOfPage\":{\"@id\":\"https:\\\/\\\/repliquemangacine.fr\\\/haches-de-guerre-medievale-et-accessoire-medievaux\\\/hache-viking-viii-siecle\\\/#primaryimage\"},\"image\":{\"@id\":\"https:\\\/\\\/repliquemangacine.fr\\\/haches-de-guerre-medievale-et-accessoire-medievaux\\\/hache-viking-viii-siecle\\\/#primaryimage\"},\"thumbnailUrl\":\"https:\\\/\\\/repliquemangacine.fr\\\/wp-content\\\/uploads\\\/2023\\\/10\\\/1847-Hache-viking-VIII-siecle.jpg\",\"datePublished\":\"2017-04-08T19:25:13+00:00\",\"dateModified\":\"2026-05-01T18:33:10+00:00\",\"description\":\"Offrez-vous cette Hache viking VIII\u1d49 au meilleur prix - Manche bois massif - Hache en acier vieilli avec gravures - Longueur totale : 87 cm - Envoi 24\\\/48h\",\"breadcrumb\":{\"@id\":\"https:\\\/\\\/repliquemangacine.fr\\\/haches-de-guerre-medievale-et-accessoire-medievaux\\\/hache-viking-viii-siecle\\\/#breadcrumb\"},\"inLanguage\":\"it-IT\",\"potentialAction\":[{\"@type\":\"ReadAction\",\"target\":[\"https:\\\/\\\/repliquemangacine.fr\\\/haches-de-guerre-medievale-et-accessoire-medievaux\\\/hache-viking-viii-siecle\\\/\"]}]},{\"@type\":\"ImageObject\",\"inLanguage\":\"it-IT\",\"@id\":\"https:\\\/\\\/repliquemangacine.fr\\\/haches-de-guerre-medievale-et-accessoire-medievaux\\\/hache-viking-viii-siecle\\\/#primaryimage\",\"url\":\"https:\\\/\\\/repliquemangacine.fr\\\/wp-content\\\/uploads\\\/2023\\\/10\\\/1847-Hache-viking-VIII-siecle.jpg\",\"contentUrl\":\"https:\\\/\\\/repliquemangacine.fr\\\/wp-content\\\/uploads\\\/2023\\\/10\\\/1847-Hache-viking-VIII-siecle.jpg\",\"width\":600,\"height\":600,\"caption\":\"Hache viking VIII si\u00e8cle\"},{\"@type\":\"BreadcrumbList\",\"@id\":\"https:\\\/\\\/repliquemangacine.fr\\\/haches-de-guerre-medievale-et-accessoire-medievaux\\\/hache-viking-viii-siecle\\\/#breadcrumb\",\"itemListElement\":[{\"@type\":\"ListItem\",\"position\":1,\"name\":\"Accueil\",\"item\":\"https:\\\/\\\/repliquemangacine.fr\\\/\"},{\"@type\":\"ListItem\",\"position\":2,\"name\":\"Produits\",\"item\":\"https:\\\/\\\/repliquemangacine.fr\\\/boutique\\\/\"},{\"@type\":\"ListItem\",\"position\":3,\"name\":\"Hache viking VIII si\u00e8cle\"}]},{\"@type\":\"WebSite\",\"@id\":\"https:\\\/\\\/repliquemangacine.fr\\\/#website\",\"url\":\"https:\\\/\\\/repliquemangacine.fr\\\/\",\"name\":\"R\u00e9plique Manga Cin\u00e9\",\"description\":\"\",\"publisher\":{\"@id\":\"https:\\\/\\\/repliquemangacine.fr\\\/#organization\"},\"potentialAction\":[{\"@type\":\"SearchAction\",\"target\":{\"@type\":\"EntryPoint\",\"urlTemplate\":\"https:\\\/\\\/repliquemangacine.fr\\\/?s={search_term_string}\"},\"query-input\":{\"@type\":\"PropertyValueSpecification\",\"valueRequired\":true,\"valueName\":\"search_term_string\"}}],\"inLanguage\":\"it-IT\"},{\"@type\":\"Organization\",\"@id\":\"https:\\\/\\\/repliquemangacine.fr\\\/#organization\",\"name\":\"R\u00e9plique Manga Cin\u00e9\",\"url\":\"https:\\\/\\\/repliquemangacine.fr\\\/\",\"logo\":{\"@type\":\"ImageObject\",\"inLanguage\":\"it-IT\",\"@id\":\"https:\\\/\\\/repliquemangacine.fr\\\/#\\\/schema\\\/logo\\\/image\\\/\",\"url\":\"https:\\\/\\\/repliquemangacine.fr\\\/wp-content\\\/uploads\\\/2023\\\/10\\\/RMC-500250.png\",\"contentUrl\":\"https:\\\/\\\/repliquemangacine.fr\\\/wp-content\\\/uploads\\\/2023\\\/10\\\/RMC-500250.png\",\"width\":500,\"height\":250,\"caption\":\"R\u00e9plique Manga Cin\u00e9\"},\"image\":{\"@id\":\"https:\\\/\\\/repliquemangacine.fr\\\/#\\\/schema\\\/logo\\\/image\\\/\"},\"sameAs\":[\"https:\\\/\\\/www.facebook.com\\\/RepliqueMangaCine\",\"https:\\\/\\\/www.instagram.com\\\/repliquemangacine.fr\\\/\"]}]}<\/script>\n<!-- \/ Yoast SEO plugin. -->","yoast_head_json":{"title":"Ascia vichinga VIII\u1d49 - Vendita online Ascia medievale Denix | RMC","description":"Regalatevi questa ascia vichinga VIII\u1d49 al miglior prezzo - Manico in legno massiccio - Ascia in acciaio invecchiato con incisioni - Lunghezza totale: 87 cm - Spedizione 24\/48h","robots":{"index":"index","follow":"follow","max-snippet":"max-snippet:-1","max-image-preview":"max-image-preview:large","max-video-preview":"max-video-preview:-1"},"canonical":"https:\/\/repliquemangacine.fr\/it\/asce-da-battaglia-medievali-e-accessori\/ascia-vichinga-del-vii-secolo\/","og_locale":"it_IT","og_type":"article","og_title":"Hache viking VIII\u1d49 - Vente en ligne Hache m\u00e9di\u00e9vale Denix | RMC","og_description":"Offrez-vous cette Hache viking VIII\u1d49 au meilleur prix - Manche bois massif - Hache en acier vieilli avec gravures - Longueur totale : 87 cm - Envoi 24\/48h","og_url":"https:\/\/repliquemangacine.fr\/it\/asce-da-battaglia-medievali-e-accessori\/ascia-vichinga-del-vii-secolo\/","og_site_name":"R\u00e9plique Manga Cin\u00e9","article_publisher":"https:\/\/www.facebook.com\/RepliqueMangaCine","article_modified_time":"2026-05-01T18:33:10+00:00","og_image":[{"width":600,"height":600,"url":"https:\/\/repliquemangacine.fr\/wp-content\/uploads\/2023\/10\/1847-Hache-viking-VIII-siecle.jpg","type":"image\/jpeg"}],"twitter_card":"summary_large_image","twitter_misc":{"Tempo di lettura stimato":"2 minuti"},"schema":{"@context":"https:\/\/schema.org","@graph":[{"@type":"WebPage","@id":"https:\/\/repliquemangacine.fr\/haches-de-guerre-medievale-et-accessoire-medievaux\/hache-viking-viii-siecle\/","url":"https:\/\/repliquemangacine.fr\/haches-de-guerre-medievale-et-accessoire-medievaux\/hache-viking-viii-siecle\/","name":"Ascia vichinga VIII\u1d49 - Vendita online Ascia medievale Denix | RMC","isPartOf":{"@id":"https:\/\/repliquemangacine.fr\/#website"},"primaryImageOfPage":{"@id":"https:\/\/repliquemangacine.fr\/haches-de-guerre-medievale-et-accessoire-medievaux\/hache-viking-viii-siecle\/#primaryimage"},"image":{"@id":"https:\/\/repliquemangacine.fr\/haches-de-guerre-medievale-et-accessoire-medievaux\/hache-viking-viii-siecle\/#primaryimage"},"thumbnailUrl":"https:\/\/repliquemangacine.fr\/wp-content\/uploads\/2023\/10\/1847-Hache-viking-VIII-siecle.jpg","datePublished":"2017-04-08T19:25:13+00:00","dateModified":"2026-05-01T18:33:10+00:00","description":"Regalatevi questa ascia vichinga VIII\u1d49 al miglior prezzo - Manico in legno massiccio - Ascia in acciaio invecchiato con incisioni - Lunghezza totale: 87 cm - Spedizione 24\/48h","breadcrumb":{"@id":"https:\/\/repliquemangacine.fr\/haches-de-guerre-medievale-et-accessoire-medievaux\/hache-viking-viii-siecle\/#breadcrumb"},"inLanguage":"it-IT","potentialAction":[{"@type":"ReadAction","target":["https:\/\/repliquemangacine.fr\/haches-de-guerre-medievale-et-accessoire-medievaux\/hache-viking-viii-siecle\/"]}]},{"@type":"ImageObject","inLanguage":"it-IT","@id":"https:\/\/repliquemangacine.fr\/haches-de-guerre-medievale-et-accessoire-medievaux\/hache-viking-viii-siecle\/#primaryimage","url":"https:\/\/repliquemangacine.fr\/wp-content\/uploads\/2023\/10\/1847-Hache-viking-VIII-siecle.jpg","contentUrl":"https:\/\/repliquemangacine.fr\/wp-content\/uploads\/2023\/10\/1847-Hache-viking-VIII-siecle.jpg","width":600,"height":600,"caption":"Hache viking VIII si\u00e8cle"},{"@type":"BreadcrumbList","@id":"https:\/\/repliquemangacine.fr\/haches-de-guerre-medievale-et-accessoire-medievaux\/hache-viking-viii-siecle\/#breadcrumb","itemListElement":[{"@type":"ListItem","position":1,"name":"Accueil","item":"https:\/\/repliquemangacine.fr\/"},{"@type":"ListItem","position":2,"name":"Produits","item":"https:\/\/repliquemangacine.fr\/boutique\/"},{"@type":"ListItem","position":3,"name":"Hache viking VIII si\u00e8cle"}]},{"@type":"WebSite","@id":"https:\/\/repliquemangacine.fr\/#website","url":"https:\/\/repliquemangacine.fr\/","name":"R\u00e9plique Manga Cin\u00e9","description":"","publisher":{"@id":"https:\/\/repliquemangacine.fr\/#organization"},"potentialAction":[{"@type":"SearchAction","target":{"@type":"EntryPoint","urlTemplate":"https:\/\/repliquemangacine.fr\/?s={search_term_string}"},"query-input":{"@type":"PropertyValueSpecification","valueRequired":true,"valueName":"search_term_string"}}],"inLanguage":"it-IT"},{"@type":"Organization","@id":"https:\/\/repliquemangacine.fr\/#organization","name":"R\u00e9plique Manga Cin\u00e9","url":"https:\/\/repliquemangacine.fr\/","logo":{"@type":"ImageObject","inLanguage":"it-IT","@id":"https:\/\/repliquemangacine.fr\/#\/schema\/logo\/image\/","url":"https:\/\/repliquemangacine.fr\/wp-content\/uploads\/2023\/10\/RMC-500250.png","contentUrl":"https:\/\/repliquemangacine.fr\/wp-content\/uploads\/2023\/10\/RMC-500250.png","width":500,"height":250,"caption":"R\u00e9plique Manga Cin\u00e9"},"image":{"@id":"https:\/\/repliquemangacine.fr\/#\/schema\/logo\/image\/"},"sameAs":["https:\/\/www.facebook.com\/RepliqueMangaCine","https:\/\/www.instagram.com\/repliquemangacine.fr\/"]}]}},"_links":{"self":[{"href":"https:\/\/repliquemangacine.fr\/it\/wp-json\/wp\/v2\/product\/27062","targetHints":{"allow":["GET"]}}],"collection":[{"href":"https:\/\/repliquemangacine.fr\/it\/wp-json\/wp\/v2\/product"}],"about":[{"href":"https:\/\/repliquemangacine.fr\/it\/wp-json\/wp\/v2\/types\/product"}],"wp:featuredmedia":[{"embeddable":true,"href":"https:\/\/repliquemangacine.fr\/it\/wp-json\/wp\/v2\/media\/27063"}],"wp:attachment":[{"href":"https:\/\/repliquemangacine.fr\/it\/wp-json\/wp\/v2\/media?parent=27062"}],"wp:term":[{"taxonomy":"product_brand","embeddable":true,"href":"https:\/\/repliquemangacine.fr\/it\/wp-json\/wp\/v2\/product_brand?post=27062"},{"taxonomy":"product_cat","embeddable":true,"href":"https:\/\/repliquemangacine.fr\/it\/wp-json\/wp\/v2\/product_cat?post=27062"},{"taxonomy":"product_tag","embeddable":true,"href":"https:\/\/repliquemangacine.fr\/it\/wp-json\/wp\/v2\/product_tag?post=27062"}],"curies":[{"name":"wp","href":"https:\/\/api.w.org\/{rel}","templated":true}]}}