





{"id":27046,"date":"2017-04-03T22:27:33","date_gmt":"2017-04-03T20:27:33","guid":{"rendered":"https:\/\/repliquemangacine.fr\/?post_type=product&#038;p=27046"},"modified":"2025-09-23T18:01:52","modified_gmt":"2025-09-23T16:01:52","slug":"replica-spada-warcraft-re-llane-wrynn","status":"publish","type":"product","link":"https:\/\/repliquemangacine.fr\/it\/repliques-d-armes-films-et-series\/replique-epee-roi-llane-wrynn-warcraft\/","title":{"rendered":"Spada di Re Llane Wrynn - Warcraft"},"content":{"rendered":"<h2>Spada di Re Llane Wrynn Zanna di Leone nel film Warcraft.<\/h2>\n<p><span class=\"notranslate\">Per iniziare, la Spada di Re Llane Wrynn appartiene al Re di Azeroth, che regna su <a href=\"https:\/\/wowwiki.fandom.com\/fr\/wiki\/Hurlevent_(ville)\" target=\"_blank\" rel=\"noopener noreferrer\">Cime tempestose<\/a> la capitale degli umani dell'Alleanza in World of Warcraft. Conosciuta anche come Zanna di Leone, la sua spada \u00e8 ornata d'oro nei colori dell'Alleanza ed \u00e8 tanto imponente quanto bella.\u00a0<\/span><\/p>\n<p>Dall'unione tra la regina Varia e il re Wrynn Barathen nacque Llane, unico erede al trono. La sua nascita fu celebrata in tutto il regno.<\/p>\n<p>Re Llane Wrynn \u00e8 quindi presente nel dungeon di Hurlevent. La capitale umana dell'alleanza \u00e8 meglio conosciuta dai giocatori di World of Warcraft come Stormwind. Infine, il Re di Wuthering Storm ha ripetutamente trionfato contro i ripetuti attacchi dell'Orda.<\/p>\n<h2>La tua Spada del Re Llane Wrynn al miglior prezzo.<\/h2>\n<p>Offriamo un'ampia gamma di prodotti derivati dal mondo di World of Warcraft<\/p>\n<p>Innanzitutto,<\/p>\n<ul>\n<li>L'emblematica leggendaria la <a href=\"https:\/\/repliquemangacine.fr\/it\/spada-di-world-of-warcraft\/frostmourne-deuillegivre-spada-spada-del-re-dei-lich\/\">Frostmourne<\/a> d'Arthas, spada del Re dei Lich di rame.<\/li>\n<li>C'\u00e8 anche il <a href=\"https:\/\/repliquemangacine.fr\/it\/altri-film-e-serie\/dague-epee-lothar-world-of-warcraft\/\">Pugnale con spada di Lothar<\/a> nel film Warcraft<\/li>\n<li>Oltre all'impressionante <a href=\"https:\/\/repliquemangacine.fr\/it\/spada-di-world-of-warcraft\/epee-ashbringer-world-of-warcraft\/\">Spada Ashbringer<\/a> il paladino Alexandros Mograine<\/li>\n<li>E molti altri da scoprire nel nostro negozio online!<\/li>\n<\/ul>\n<p>Ecco un'ottima idea regalo per i fan di WoW<\/p>\n<p>In conclusione, \u00e8 possibile acquistare\u2019<strong>Spada di Re Llane Wrynn<\/strong> per le sfilate di cosplay o le serate a tema. Ma soprattutto, \u00e8 un oggetto da collezione e una decorazione.<\/p>\n<p><span class=\"notranslate\">R\u00e9plique Manga Cin\u00e9 \u00e8 un'azienda familiare francese.<\/span><\/p>\n<h2>Come faccio a mantenere la lama della mia spada Warcraft?<\/h2>\n<p>Le spade da collezione e decorative sono realizzate e assemblate in modo semplificato. Poich\u00e9 il loro uso \u00e8 decorativo, non hanno le caratteristiche di sicurezza richieste per una spada giapponese destinata all'allenamento.<\/p>\n<p>Tuttavia, il vostro <strong>Spada di Re Llane Wrynn<\/strong> a una lama d'acciaio che deve essere curata per evitare che si danneggi nel tempo. Quando si espone la katana, gli amici saranno curiosi di vedere la lama e di toccarla. \u00c8 qui che bisogna fare attenzione, perch\u00e9 l'acidit\u00e0 delle dita \u00e8 molto dannosa per l'acciaio, indipendentemente dalla sua qualit\u00e0.<\/p>\n<p>Tuttavia, se ci\u00f2 dovesse accadere, niente panico: basta un panno inumidito con un po' d'olio per eliminare le impronte. In questo modo, la spada durer\u00e0 a lungo.<\/p>","protected":false},"excerpt":{"rendered":"<p>La spada Zanna di Leone di Re Llane Wrynn nel film Warcraft.<\/p>\n<ul>\n<li>Lama larga in acciaio inossidabile con incisione.<\/li>\n<li>Manico in acciaio, rivestimento blu.<\/li>\n<li>Pomello in acciaio placcato oro.<\/li>\n<li>Elsa in acciaio placcato oro antico a forma di testa di leone.<\/li>\n<li>Supporto da parete in legno.<\/li>\n<li>Lunghezza lama: 78 cm - Lunghezza totale: 116 cm<\/li>\n<\/ul>","protected":false},"featured_media":27047,"template":"","meta":[],"product_brand":[896],"product_cat":[66,24,23,60],"product_tag":[],"class_list":{"0":"post-27046","1":"product","2":"type-product","3":"status-publish","4":"has-post-thumbnail","6":"product_brand-replique-manga-cine","7":"product_cat-repliques-d-armes-films-et-series","8":"product_cat-films-series-tv-vente-de-katana-epee-et-produits-derives","9":"product_cat-repliques-manga-jeux-video","10":"product_cat-epees-world-of-warcraft","12":"first","13":"outofstock","14":"sale","15":"taxable","16":"shipping-taxable","17":"purchasable","18":"product-type-simple"},"yoast_head":"<!-- This site is optimized with the Yoast SEO plugin v27.4 - https:\/\/yoast.com\/product\/yoast-seo-wordpress\/ -->\n<title>Ep\u00e9e du roi Llane Wrynn - Warcraft - Boutique en ligne | RMC<\/title>\n<meta name=\"description\" content=\"Offrez-vous l&#039;Ep\u00e9e du roi Llane Wrynn dans le film Warcraft au meilleur prix. Lame acier - Garde t\u00eate de lion - Echelle 1\/1 - Longueur 116 cm - Envoi 24\/48h\" \/>\n<meta name=\"robots\" content=\"index, follow, max-snippet:-1, max-image-preview:large, max-video-preview:-1\" \/>\n<link rel=\"canonical\" href=\"https:\/\/repliquemangacine.fr\/it\/film-e-serie-di-repliche-di-armi\/replica-spada-warcraft-re-llane-wrynn\/\" \/>\n<meta property=\"og:locale\" content=\"it_IT\" \/>\n<meta property=\"og:type\" content=\"article\" \/>\n<meta property=\"og:title\" content=\"Ep\u00e9e du roi Llane Wrynn - Warcraft - Boutique en ligne | RMC\" \/>\n<meta property=\"og:description\" content=\"Offrez-vous l&#039;Ep\u00e9e du roi Llane Wrynn dans le film Warcraft au meilleur prix. Lame acier - Garde t\u00eate de lion - Echelle 1\/1 - Longueur 116 cm - Envoi 24\/48h\" \/>\n<meta property=\"og:url\" content=\"https:\/\/repliquemangacine.fr\/it\/film-e-serie-di-repliche-di-armi\/replica-spada-warcraft-re-llane-wrynn\/\" \/>\n<meta property=\"og:site_name\" content=\"R\u00e9plique Manga Cin\u00e9\" \/>\n<meta property=\"article:publisher\" content=\"https:\/\/www.facebook.com\/RepliqueMangaCine\" \/>\n<meta property=\"article:modified_time\" content=\"2025-09-23T16:01:52+00:00\" \/>\n<meta property=\"og:image\" content=\"https:\/\/repliquemangacine.fr\/wp-content\/uploads\/2023\/10\/2028-Replique-Epee-Roi-Llane-Wrynn-Warcraft.jpg\" \/>\n\t<meta property=\"og:image:width\" content=\"600\" \/>\n\t<meta property=\"og:image:height\" content=\"600\" \/>\n\t<meta property=\"og:image:type\" content=\"image\/jpeg\" \/>\n<meta name=\"twitter:card\" content=\"summary_large_image\" \/>\n<meta name=\"twitter:label1\" content=\"Tempo di lettura stimato\" \/>\n\t<meta name=\"twitter:data1\" content=\"2 minuti\" \/>\n<script type=\"application\/ld+json\" class=\"yoast-schema-graph\">{\"@context\":\"https:\\\/\\\/schema.org\",\"@graph\":[{\"@type\":\"WebPage\",\"@id\":\"https:\\\/\\\/repliquemangacine.fr\\\/repliques-d-armes-films-et-series\\\/replique-epee-roi-llane-wrynn-warcraft\\\/\",\"url\":\"https:\\\/\\\/repliquemangacine.fr\\\/repliques-d-armes-films-et-series\\\/replique-epee-roi-llane-wrynn-warcraft\\\/\",\"name\":\"Ep\u00e9e du roi Llane Wrynn - Warcraft - Boutique en ligne | RMC\",\"isPartOf\":{\"@id\":\"https:\\\/\\\/repliquemangacine.fr\\\/#website\"},\"primaryImageOfPage\":{\"@id\":\"https:\\\/\\\/repliquemangacine.fr\\\/repliques-d-armes-films-et-series\\\/replique-epee-roi-llane-wrynn-warcraft\\\/#primaryimage\"},\"image\":{\"@id\":\"https:\\\/\\\/repliquemangacine.fr\\\/repliques-d-armes-films-et-series\\\/replique-epee-roi-llane-wrynn-warcraft\\\/#primaryimage\"},\"thumbnailUrl\":\"https:\\\/\\\/repliquemangacine.fr\\\/wp-content\\\/uploads\\\/2023\\\/10\\\/2028-Replique-Epee-Roi-Llane-Wrynn-Warcraft.jpg\",\"datePublished\":\"2017-04-03T20:27:33+00:00\",\"dateModified\":\"2025-09-23T16:01:52+00:00\",\"description\":\"Offrez-vous l'Ep\u00e9e du roi Llane Wrynn dans le film Warcraft au meilleur prix. Lame acier - Garde t\u00eate de lion - Echelle 1\\\/1 - Longueur 116 cm - Envoi 24\\\/48h\",\"breadcrumb\":{\"@id\":\"https:\\\/\\\/repliquemangacine.fr\\\/repliques-d-armes-films-et-series\\\/replique-epee-roi-llane-wrynn-warcraft\\\/#breadcrumb\"},\"inLanguage\":\"it-IT\",\"potentialAction\":[{\"@type\":\"ReadAction\",\"target\":[\"https:\\\/\\\/repliquemangacine.fr\\\/repliques-d-armes-films-et-series\\\/replique-epee-roi-llane-wrynn-warcraft\\\/\"]}]},{\"@type\":\"ImageObject\",\"inLanguage\":\"it-IT\",\"@id\":\"https:\\\/\\\/repliquemangacine.fr\\\/repliques-d-armes-films-et-series\\\/replique-epee-roi-llane-wrynn-warcraft\\\/#primaryimage\",\"url\":\"https:\\\/\\\/repliquemangacine.fr\\\/wp-content\\\/uploads\\\/2023\\\/10\\\/2028-Replique-Epee-Roi-Llane-Wrynn-Warcraft.jpg\",\"contentUrl\":\"https:\\\/\\\/repliquemangacine.fr\\\/wp-content\\\/uploads\\\/2023\\\/10\\\/2028-Replique-Epee-Roi-Llane-Wrynn-Warcraft.jpg\",\"width\":600,\"height\":600,\"caption\":\"R\u00e9plique Ep\u00e9e Roi Llane Wrynn - Warcraft\"},{\"@type\":\"BreadcrumbList\",\"@id\":\"https:\\\/\\\/repliquemangacine.fr\\\/repliques-d-armes-films-et-series\\\/replique-epee-roi-llane-wrynn-warcraft\\\/#breadcrumb\",\"itemListElement\":[{\"@type\":\"ListItem\",\"position\":1,\"name\":\"Accueil\",\"item\":\"https:\\\/\\\/repliquemangacine.fr\\\/\"},{\"@type\":\"ListItem\",\"position\":2,\"name\":\"Produits\",\"item\":\"https:\\\/\\\/repliquemangacine.fr\\\/boutique\\\/\"},{\"@type\":\"ListItem\",\"position\":3,\"name\":\"Ep\u00e9e du Roi Llane Wrynn &#8211; Warcraft\"}]},{\"@type\":\"WebSite\",\"@id\":\"https:\\\/\\\/repliquemangacine.fr\\\/#website\",\"url\":\"https:\\\/\\\/repliquemangacine.fr\\\/\",\"name\":\"R\u00e9plique Manga Cin\u00e9\",\"description\":\"\",\"publisher\":{\"@id\":\"https:\\\/\\\/repliquemangacine.fr\\\/#organization\"},\"potentialAction\":[{\"@type\":\"SearchAction\",\"target\":{\"@type\":\"EntryPoint\",\"urlTemplate\":\"https:\\\/\\\/repliquemangacine.fr\\\/?s={search_term_string}\"},\"query-input\":{\"@type\":\"PropertyValueSpecification\",\"valueRequired\":true,\"valueName\":\"search_term_string\"}}],\"inLanguage\":\"it-IT\"},{\"@type\":\"Organization\",\"@id\":\"https:\\\/\\\/repliquemangacine.fr\\\/#organization\",\"name\":\"R\u00e9plique Manga Cin\u00e9\",\"url\":\"https:\\\/\\\/repliquemangacine.fr\\\/\",\"logo\":{\"@type\":\"ImageObject\",\"inLanguage\":\"it-IT\",\"@id\":\"https:\\\/\\\/repliquemangacine.fr\\\/#\\\/schema\\\/logo\\\/image\\\/\",\"url\":\"https:\\\/\\\/repliquemangacine.fr\\\/wp-content\\\/uploads\\\/2023\\\/10\\\/RMC-500250.png\",\"contentUrl\":\"https:\\\/\\\/repliquemangacine.fr\\\/wp-content\\\/uploads\\\/2023\\\/10\\\/RMC-500250.png\",\"width\":500,\"height\":250,\"caption\":\"R\u00e9plique Manga Cin\u00e9\"},\"image\":{\"@id\":\"https:\\\/\\\/repliquemangacine.fr\\\/#\\\/schema\\\/logo\\\/image\\\/\"},\"sameAs\":[\"https:\\\/\\\/www.facebook.com\\\/RepliqueMangaCine\",\"https:\\\/\\\/www.instagram.com\\\/repliquemangacine.fr\\\/\"]}]}<\/script>\n<!-- \/ Yoast SEO plugin. -->","yoast_head_json":{"title":"Spada di Re Llane Wrynn - Warcraft - Boutique en ligne | RMC","description":"Regalati la spada di Re Llane Wrynn nel film Warcraft al miglior prezzo. Lama in acciaio - Guardia a testa di leone - Scala 1\/1 - Lunghezza 116 cm - Spedizione 24\/48h","robots":{"index":"index","follow":"follow","max-snippet":"max-snippet:-1","max-image-preview":"max-image-preview:large","max-video-preview":"max-video-preview:-1"},"canonical":"https:\/\/repliquemangacine.fr\/it\/film-e-serie-di-repliche-di-armi\/replica-spada-warcraft-re-llane-wrynn\/","og_locale":"it_IT","og_type":"article","og_title":"Ep\u00e9e du roi Llane Wrynn - Warcraft - Boutique en ligne | RMC","og_description":"Offrez-vous l'Ep\u00e9e du roi Llane Wrynn dans le film Warcraft au meilleur prix. Lame acier - Garde t\u00eate de lion - Echelle 1\/1 - Longueur 116 cm - Envoi 24\/48h","og_url":"https:\/\/repliquemangacine.fr\/it\/film-e-serie-di-repliche-di-armi\/replica-spada-warcraft-re-llane-wrynn\/","og_site_name":"R\u00e9plique Manga Cin\u00e9","article_publisher":"https:\/\/www.facebook.com\/RepliqueMangaCine","article_modified_time":"2025-09-23T16:01:52+00:00","og_image":[{"width":600,"height":600,"url":"https:\/\/repliquemangacine.fr\/wp-content\/uploads\/2023\/10\/2028-Replique-Epee-Roi-Llane-Wrynn-Warcraft.jpg","type":"image\/jpeg"}],"twitter_card":"summary_large_image","twitter_misc":{"Tempo di lettura stimato":"2 minuti"},"schema":{"@context":"https:\/\/schema.org","@graph":[{"@type":"WebPage","@id":"https:\/\/repliquemangacine.fr\/repliques-d-armes-films-et-series\/replique-epee-roi-llane-wrynn-warcraft\/","url":"https:\/\/repliquemangacine.fr\/repliques-d-armes-films-et-series\/replique-epee-roi-llane-wrynn-warcraft\/","name":"Spada di Re Llane Wrynn - Warcraft - Boutique en ligne | RMC","isPartOf":{"@id":"https:\/\/repliquemangacine.fr\/#website"},"primaryImageOfPage":{"@id":"https:\/\/repliquemangacine.fr\/repliques-d-armes-films-et-series\/replique-epee-roi-llane-wrynn-warcraft\/#primaryimage"},"image":{"@id":"https:\/\/repliquemangacine.fr\/repliques-d-armes-films-et-series\/replique-epee-roi-llane-wrynn-warcraft\/#primaryimage"},"thumbnailUrl":"https:\/\/repliquemangacine.fr\/wp-content\/uploads\/2023\/10\/2028-Replique-Epee-Roi-Llane-Wrynn-Warcraft.jpg","datePublished":"2017-04-03T20:27:33+00:00","dateModified":"2025-09-23T16:01:52+00:00","description":"Regalati la spada di Re Llane Wrynn nel film Warcraft al miglior prezzo. Lama in acciaio - Guardia a testa di leone - Scala 1\/1 - Lunghezza 116 cm - Spedizione 24\/48h","breadcrumb":{"@id":"https:\/\/repliquemangacine.fr\/repliques-d-armes-films-et-series\/replique-epee-roi-llane-wrynn-warcraft\/#breadcrumb"},"inLanguage":"it-IT","potentialAction":[{"@type":"ReadAction","target":["https:\/\/repliquemangacine.fr\/repliques-d-armes-films-et-series\/replique-epee-roi-llane-wrynn-warcraft\/"]}]},{"@type":"ImageObject","inLanguage":"it-IT","@id":"https:\/\/repliquemangacine.fr\/repliques-d-armes-films-et-series\/replique-epee-roi-llane-wrynn-warcraft\/#primaryimage","url":"https:\/\/repliquemangacine.fr\/wp-content\/uploads\/2023\/10\/2028-Replique-Epee-Roi-Llane-Wrynn-Warcraft.jpg","contentUrl":"https:\/\/repliquemangacine.fr\/wp-content\/uploads\/2023\/10\/2028-Replique-Epee-Roi-Llane-Wrynn-Warcraft.jpg","width":600,"height":600,"caption":"R\u00e9plique Ep\u00e9e Roi Llane Wrynn - Warcraft"},{"@type":"BreadcrumbList","@id":"https:\/\/repliquemangacine.fr\/repliques-d-armes-films-et-series\/replique-epee-roi-llane-wrynn-warcraft\/#breadcrumb","itemListElement":[{"@type":"ListItem","position":1,"name":"Accueil","item":"https:\/\/repliquemangacine.fr\/"},{"@type":"ListItem","position":2,"name":"Produits","item":"https:\/\/repliquemangacine.fr\/boutique\/"},{"@type":"ListItem","position":3,"name":"Ep\u00e9e du Roi Llane Wrynn &#8211; Warcraft"}]},{"@type":"WebSite","@id":"https:\/\/repliquemangacine.fr\/#website","url":"https:\/\/repliquemangacine.fr\/","name":"R\u00e9plique Manga Cin\u00e9","description":"","publisher":{"@id":"https:\/\/repliquemangacine.fr\/#organization"},"potentialAction":[{"@type":"SearchAction","target":{"@type":"EntryPoint","urlTemplate":"https:\/\/repliquemangacine.fr\/?s={search_term_string}"},"query-input":{"@type":"PropertyValueSpecification","valueRequired":true,"valueName":"search_term_string"}}],"inLanguage":"it-IT"},{"@type":"Organization","@id":"https:\/\/repliquemangacine.fr\/#organization","name":"R\u00e9plique Manga Cin\u00e9","url":"https:\/\/repliquemangacine.fr\/","logo":{"@type":"ImageObject","inLanguage":"it-IT","@id":"https:\/\/repliquemangacine.fr\/#\/schema\/logo\/image\/","url":"https:\/\/repliquemangacine.fr\/wp-content\/uploads\/2023\/10\/RMC-500250.png","contentUrl":"https:\/\/repliquemangacine.fr\/wp-content\/uploads\/2023\/10\/RMC-500250.png","width":500,"height":250,"caption":"R\u00e9plique Manga Cin\u00e9"},"image":{"@id":"https:\/\/repliquemangacine.fr\/#\/schema\/logo\/image\/"},"sameAs":["https:\/\/www.facebook.com\/RepliqueMangaCine","https:\/\/www.instagram.com\/repliquemangacine.fr\/"]}]}},"_links":{"self":[{"href":"https:\/\/repliquemangacine.fr\/it\/wp-json\/wp\/v2\/product\/27046","targetHints":{"allow":["GET"]}}],"collection":[{"href":"https:\/\/repliquemangacine.fr\/it\/wp-json\/wp\/v2\/product"}],"about":[{"href":"https:\/\/repliquemangacine.fr\/it\/wp-json\/wp\/v2\/types\/product"}],"wp:featuredmedia":[{"embeddable":true,"href":"https:\/\/repliquemangacine.fr\/it\/wp-json\/wp\/v2\/media\/27047"}],"wp:attachment":[{"href":"https:\/\/repliquemangacine.fr\/it\/wp-json\/wp\/v2\/media?parent=27046"}],"wp:term":[{"taxonomy":"product_brand","embeddable":true,"href":"https:\/\/repliquemangacine.fr\/it\/wp-json\/wp\/v2\/product_brand?post=27046"},{"taxonomy":"product_cat","embeddable":true,"href":"https:\/\/repliquemangacine.fr\/it\/wp-json\/wp\/v2\/product_cat?post=27046"},{"taxonomy":"product_tag","embeddable":true,"href":"https:\/\/repliquemangacine.fr\/it\/wp-json\/wp\/v2\/product_tag?post=27046"}],"curies":[{"name":"wp","href":"https:\/\/api.w.org\/{rel}","templated":true}]}}