





{"id":26978,"date":"2017-02-11T16:27:21","date_gmt":"2017-02-11T15:27:21","guid":{"rendered":"https:\/\/repliquemangacine.fr\/?post_type=product&#038;p=26978"},"modified":"2026-03-31T10:04:55","modified_gmt":"2026-03-31T08:04:55","slug":"elmo-corinzio-con-creta","status":"publish","type":"product","link":"https:\/\/repliquemangacine.fr\/it\/casques-romains-et-grecs\/casque-corinthien-avec-crete\/","title":{"rendered":"Elmo corinzio greco con cimiero"},"content":{"rendered":"<h2>Replica dell'elmo corinzio<\/h2>\n<p>Per cominciare, il <strong>Elmo corinzio<\/strong> \u00e8 un tipo di elmo greco in bronzo, tradizionalmente ritenuto originario della citt\u00e0 greca di Corinto. Nato nel 7\u1d49 secolo a.C., \u00e8 l'immagine tipica dell'elmo greco fino ai giorni nostri. Le sue origini risalgono alla citt\u00e0 di Corinto. Divenne rapidamente una parte fissa dell'armatura degli opliti greci.<\/p>\n<p>La prima tipologia di <a href=\"https:\/\/musee-archeologienationale.fr\/le-casque-apulo-corinthien-0\" target=\"_blank\" rel=\"noopener noreferrer\">caschi<\/a> Corinthians \u00e8 stata fondata nel 1936 da Erich Kukahn. \u00c8 stata poi ripresa e migliorata da H. Pflug nel catalogo Antike Helme pubblicato nel 1988. Questa tipologia stabilisce l'esistenza di tre forme principali.<\/p>\n<p>L'elmo greco pi\u00f9 documentato archeologicamente di tutto il mondo greco. Il pi\u00f9 diffuso e il pi\u00f9 famoso. La sua tipologia \u00e8 ben nota, in particolare grazie ai 250 esemplari rinvenuti a Olimpia.<\/p>\n<h2>Il vostro casco corinzio al miglior prezzo.<\/h2>\n<p>Offriamo un'ampia gamma di spade ed elmi del periodo antico.<\/p>\n<p>Innanzitutto,<\/p>\n<ul>\n<li>L'<a href=\"https:\/\/repliquemangacine.fr\/it\/spade-antiche\/spada-di-feltro\/\">Spada Fetwell<\/a> Questa riproduzione \u00e8 una replica dell'originale trovato in una villa romana.<\/li>\n<li>Cos\u00ec come il <a href=\"https:\/\/repliquemangacine.fr\/it\/armi-antiche\/spada-romana-jules-cesar-spada-rossa\/\">La spada di Giulio Cesare<\/a> in due colori firmati denix.<\/li>\n<li>C'\u00e8 anche la spada della cavalleria romana nota come Spatha.<\/li>\n<li>E molti altri da scoprire nel nostro negozio online.<\/li>\n<\/ul>\n<p>Ecco perch\u00e9 abbiamo pensato ad alcune superbe idee regalo per tutti coloro che hanno la passione per l'antichit\u00e0.<\/p>\n<p>In conclusione, \u00e8 possibile utilizzare questo <strong>Elmo corinzio<\/strong> per le vostre rievocazioni storiche o serate a tema.<\/p>\n<h2>Come vengono realizzati i vostri oggetti da collezione?<\/h2>\n<p>Per cominciare, tutti i nostri prodotti derivati sono di altissima qualit\u00e0, realizzati con una meticolosa attenzione ai dettagli. Alcuni di essi sono realizzati a mano, per riprodurre i minimi dettagli. Le parti pi\u00f9 importanti sono lavorate con macchine molto precise. Le incisioni sono generalmente realizzate con una punta di diamante o con il laser.<\/p>\n<p>Il tuo <strong>Elmo corinzio,<\/strong> fabbricati per riprodurre esattamente ogni dettaglio. Per eguagliare l'eredit\u00e0 dei capolavori originali. L'accento \u00e8 posto sulla creazione di repliche di alta qualit\u00e0 che siano il pi\u00f9 possibile storicamente accurate.<\/p>\n<p>In conclusione, importate dalla Cina, dalla Spagna o dall'India, le nostre repliche vi stupiranno!<\/p>\n<p>R\u00e9plique Manga Cin\u00e9 \u00e8 un'azienda familiare francese.<\/p>","protected":false},"excerpt":{"rendered":"<p>Elmo corinzio della Guardia Reale dipinto di nero da Deepeeka.<\/p>\n<ul>\n<li>Decorazione in ottone.<\/li>\n<li>Acciaio calibro 18<\/li>\n<li>Cresta in crine naturale beige staccabile.<\/li>\n<li>Altezza: 52 cm - Peso: 2300 grammi<\/li>\n<\/ul>","protected":false},"featured_media":26979,"template":"","meta":[],"product_brand":[896],"product_cat":[31,82],"product_tag":[],"class_list":{"0":"post-26978","1":"product","2":"type-product","3":"status-publish","4":"has-post-thumbnail","6":"product_brand-replique-manga-cine","7":"product_cat-armes-antiques","8":"product_cat-casques-romains-et-grecs","10":"first","11":"outofstock","12":"taxable","13":"shipping-taxable","14":"purchasable","15":"product-type-simple"},"yoast_head":"<!-- This site is optimized with the Yoast SEO plugin v27.4 - https:\/\/yoast.com\/product\/yoast-seo-wordpress\/ -->\n<title>Casque Corinthien \u00e0 cr\u00eate - Casque Grecs - R\u00e9plique Manga Cin\u00e9<\/title>\n<meta name=\"description\" content=\"D\u00e9couvrez ce Casque Corinthien de la Garde royale au meilleur prix - En acier 18 gauges - D\u00e9coration en laiton - Cr\u00eate en crin de cheval - Int\u00e9rieur cuir.\" \/>\n<meta name=\"robots\" content=\"index, follow, max-snippet:-1, max-image-preview:large, max-video-preview:-1\" \/>\n<link rel=\"canonical\" href=\"https:\/\/repliquemangacine.fr\/it\/elmi-romani-e-greci\/elmo-corinzio-con-creta\/\" \/>\n<meta property=\"og:locale\" content=\"it_IT\" \/>\n<meta property=\"og:type\" content=\"article\" \/>\n<meta property=\"og:title\" content=\"Casque Corinthien \u00e0 cr\u00eate - Casque Grecs - R\u00e9plique Manga Cin\u00e9\" \/>\n<meta property=\"og:description\" content=\"D\u00e9couvrez ce Casque Corinthien de la Garde royale au meilleur prix - En acier 18 gauges - D\u00e9coration en laiton - Cr\u00eate en crin de cheval - Int\u00e9rieur cuir.\" \/>\n<meta property=\"og:url\" content=\"https:\/\/repliquemangacine.fr\/it\/elmi-romani-e-greci\/elmo-corinzio-con-creta\/\" \/>\n<meta property=\"og:site_name\" content=\"R\u00e9plique Manga Cin\u00e9\" \/>\n<meta property=\"article:publisher\" content=\"https:\/\/www.facebook.com\/RepliqueMangaCine\" \/>\n<meta property=\"article:modified_time\" content=\"2026-03-31T08:04:55+00:00\" \/>\n<meta property=\"og:image\" content=\"https:\/\/repliquemangacine.fr\/wp-content\/uploads\/2023\/10\/1781-Casque-Corinthien-avec-crete.jpg\" \/>\n\t<meta property=\"og:image:width\" content=\"600\" \/>\n\t<meta property=\"og:image:height\" content=\"600\" \/>\n\t<meta property=\"og:image:type\" content=\"image\/jpeg\" \/>\n<meta name=\"twitter:card\" content=\"summary_large_image\" \/>\n<meta name=\"twitter:label1\" content=\"Tempo di lettura stimato\" \/>\n\t<meta name=\"twitter:data1\" content=\"2 minuti\" \/>\n<script type=\"application\/ld+json\" class=\"yoast-schema-graph\">{\"@context\":\"https:\\\/\\\/schema.org\",\"@graph\":[{\"@type\":\"WebPage\",\"@id\":\"https:\\\/\\\/repliquemangacine.fr\\\/casques-romains-et-grecs\\\/casque-corinthien-avec-crete\\\/\",\"url\":\"https:\\\/\\\/repliquemangacine.fr\\\/casques-romains-et-grecs\\\/casque-corinthien-avec-crete\\\/\",\"name\":\"Casque Corinthien \u00e0 cr\u00eate - Casque Grecs - R\u00e9plique Manga Cin\u00e9\",\"isPartOf\":{\"@id\":\"https:\\\/\\\/repliquemangacine.fr\\\/#website\"},\"primaryImageOfPage\":{\"@id\":\"https:\\\/\\\/repliquemangacine.fr\\\/casques-romains-et-grecs\\\/casque-corinthien-avec-crete\\\/#primaryimage\"},\"image\":{\"@id\":\"https:\\\/\\\/repliquemangacine.fr\\\/casques-romains-et-grecs\\\/casque-corinthien-avec-crete\\\/#primaryimage\"},\"thumbnailUrl\":\"https:\\\/\\\/repliquemangacine.fr\\\/wp-content\\\/uploads\\\/2023\\\/10\\\/1781-Casque-Corinthien-avec-crete.jpg\",\"datePublished\":\"2017-02-11T15:27:21+00:00\",\"dateModified\":\"2026-03-31T08:04:55+00:00\",\"description\":\"D\u00e9couvrez ce Casque Corinthien de la Garde royale au meilleur prix - En acier 18 gauges - D\u00e9coration en laiton - Cr\u00eate en crin de cheval - Int\u00e9rieur cuir.\",\"breadcrumb\":{\"@id\":\"https:\\\/\\\/repliquemangacine.fr\\\/casques-romains-et-grecs\\\/casque-corinthien-avec-crete\\\/#breadcrumb\"},\"inLanguage\":\"it-IT\",\"potentialAction\":[{\"@type\":\"ReadAction\",\"target\":[\"https:\\\/\\\/repliquemangacine.fr\\\/casques-romains-et-grecs\\\/casque-corinthien-avec-crete\\\/\"]}]},{\"@type\":\"ImageObject\",\"inLanguage\":\"it-IT\",\"@id\":\"https:\\\/\\\/repliquemangacine.fr\\\/casques-romains-et-grecs\\\/casque-corinthien-avec-crete\\\/#primaryimage\",\"url\":\"https:\\\/\\\/repliquemangacine.fr\\\/wp-content\\\/uploads\\\/2023\\\/10\\\/1781-Casque-Corinthien-avec-crete.jpg\",\"contentUrl\":\"https:\\\/\\\/repliquemangacine.fr\\\/wp-content\\\/uploads\\\/2023\\\/10\\\/1781-Casque-Corinthien-avec-crete.jpg\",\"width\":600,\"height\":600,\"caption\":\"Casque Corinthien avec cr\u00eate\"},{\"@type\":\"BreadcrumbList\",\"@id\":\"https:\\\/\\\/repliquemangacine.fr\\\/casques-romains-et-grecs\\\/casque-corinthien-avec-crete\\\/#breadcrumb\",\"itemListElement\":[{\"@type\":\"ListItem\",\"position\":1,\"name\":\"Accueil\",\"item\":\"https:\\\/\\\/repliquemangacine.fr\\\/\"},{\"@type\":\"ListItem\",\"position\":2,\"name\":\"Produits\",\"item\":\"https:\\\/\\\/repliquemangacine.fr\\\/boutique\\\/\"},{\"@type\":\"ListItem\",\"position\":3,\"name\":\"Casque Corinthien Grec avec cr\u00eate\"}]},{\"@type\":\"WebSite\",\"@id\":\"https:\\\/\\\/repliquemangacine.fr\\\/#website\",\"url\":\"https:\\\/\\\/repliquemangacine.fr\\\/\",\"name\":\"R\u00e9plique Manga Cin\u00e9\",\"description\":\"\",\"publisher\":{\"@id\":\"https:\\\/\\\/repliquemangacine.fr\\\/#organization\"},\"potentialAction\":[{\"@type\":\"SearchAction\",\"target\":{\"@type\":\"EntryPoint\",\"urlTemplate\":\"https:\\\/\\\/repliquemangacine.fr\\\/?s={search_term_string}\"},\"query-input\":{\"@type\":\"PropertyValueSpecification\",\"valueRequired\":true,\"valueName\":\"search_term_string\"}}],\"inLanguage\":\"it-IT\"},{\"@type\":\"Organization\",\"@id\":\"https:\\\/\\\/repliquemangacine.fr\\\/#organization\",\"name\":\"R\u00e9plique Manga Cin\u00e9\",\"url\":\"https:\\\/\\\/repliquemangacine.fr\\\/\",\"logo\":{\"@type\":\"ImageObject\",\"inLanguage\":\"it-IT\",\"@id\":\"https:\\\/\\\/repliquemangacine.fr\\\/#\\\/schema\\\/logo\\\/image\\\/\",\"url\":\"https:\\\/\\\/repliquemangacine.fr\\\/wp-content\\\/uploads\\\/2023\\\/10\\\/RMC-500250.png\",\"contentUrl\":\"https:\\\/\\\/repliquemangacine.fr\\\/wp-content\\\/uploads\\\/2023\\\/10\\\/RMC-500250.png\",\"width\":500,\"height\":250,\"caption\":\"R\u00e9plique Manga Cin\u00e9\"},\"image\":{\"@id\":\"https:\\\/\\\/repliquemangacine.fr\\\/#\\\/schema\\\/logo\\\/image\\\/\"},\"sameAs\":[\"https:\\\/\\\/www.facebook.com\\\/RepliqueMangaCine\",\"https:\\\/\\\/www.instagram.com\\\/repliquemangacine.fr\\\/\"]}]}<\/script>\n<!-- \/ Yoast SEO plugin. -->","yoast_head_json":{"title":"Elmo corinzio con cimiero - Elmi greci - R\u00e9plique Manga Cin\u00e9","description":"Scoprite questo elmo corinzio della Guardia Reale al miglior prezzo - Acciaio calibro 18 - Decorazione in ottone - Cimiero - Interno in pelle.","robots":{"index":"index","follow":"follow","max-snippet":"max-snippet:-1","max-image-preview":"max-image-preview:large","max-video-preview":"max-video-preview:-1"},"canonical":"https:\/\/repliquemangacine.fr\/it\/elmi-romani-e-greci\/elmo-corinzio-con-creta\/","og_locale":"it_IT","og_type":"article","og_title":"Casque Corinthien \u00e0 cr\u00eate - Casque Grecs - R\u00e9plique Manga Cin\u00e9","og_description":"D\u00e9couvrez ce Casque Corinthien de la Garde royale au meilleur prix - En acier 18 gauges - D\u00e9coration en laiton - Cr\u00eate en crin de cheval - Int\u00e9rieur cuir.","og_url":"https:\/\/repliquemangacine.fr\/it\/elmi-romani-e-greci\/elmo-corinzio-con-creta\/","og_site_name":"R\u00e9plique Manga Cin\u00e9","article_publisher":"https:\/\/www.facebook.com\/RepliqueMangaCine","article_modified_time":"2026-03-31T08:04:55+00:00","og_image":[{"width":600,"height":600,"url":"https:\/\/repliquemangacine.fr\/wp-content\/uploads\/2023\/10\/1781-Casque-Corinthien-avec-crete.jpg","type":"image\/jpeg"}],"twitter_card":"summary_large_image","twitter_misc":{"Tempo di lettura stimato":"2 minuti"},"schema":{"@context":"https:\/\/schema.org","@graph":[{"@type":"WebPage","@id":"https:\/\/repliquemangacine.fr\/casques-romains-et-grecs\/casque-corinthien-avec-crete\/","url":"https:\/\/repliquemangacine.fr\/casques-romains-et-grecs\/casque-corinthien-avec-crete\/","name":"Elmo corinzio con cimiero - Elmi greci - R\u00e9plique Manga Cin\u00e9","isPartOf":{"@id":"https:\/\/repliquemangacine.fr\/#website"},"primaryImageOfPage":{"@id":"https:\/\/repliquemangacine.fr\/casques-romains-et-grecs\/casque-corinthien-avec-crete\/#primaryimage"},"image":{"@id":"https:\/\/repliquemangacine.fr\/casques-romains-et-grecs\/casque-corinthien-avec-crete\/#primaryimage"},"thumbnailUrl":"https:\/\/repliquemangacine.fr\/wp-content\/uploads\/2023\/10\/1781-Casque-Corinthien-avec-crete.jpg","datePublished":"2017-02-11T15:27:21+00:00","dateModified":"2026-03-31T08:04:55+00:00","description":"Scoprite questo elmo corinzio della Guardia Reale al miglior prezzo - Acciaio calibro 18 - Decorazione in ottone - Cimiero - Interno in pelle.","breadcrumb":{"@id":"https:\/\/repliquemangacine.fr\/casques-romains-et-grecs\/casque-corinthien-avec-crete\/#breadcrumb"},"inLanguage":"it-IT","potentialAction":[{"@type":"ReadAction","target":["https:\/\/repliquemangacine.fr\/casques-romains-et-grecs\/casque-corinthien-avec-crete\/"]}]},{"@type":"ImageObject","inLanguage":"it-IT","@id":"https:\/\/repliquemangacine.fr\/casques-romains-et-grecs\/casque-corinthien-avec-crete\/#primaryimage","url":"https:\/\/repliquemangacine.fr\/wp-content\/uploads\/2023\/10\/1781-Casque-Corinthien-avec-crete.jpg","contentUrl":"https:\/\/repliquemangacine.fr\/wp-content\/uploads\/2023\/10\/1781-Casque-Corinthien-avec-crete.jpg","width":600,"height":600,"caption":"Casque Corinthien avec cr\u00eate"},{"@type":"BreadcrumbList","@id":"https:\/\/repliquemangacine.fr\/casques-romains-et-grecs\/casque-corinthien-avec-crete\/#breadcrumb","itemListElement":[{"@type":"ListItem","position":1,"name":"Accueil","item":"https:\/\/repliquemangacine.fr\/"},{"@type":"ListItem","position":2,"name":"Produits","item":"https:\/\/repliquemangacine.fr\/boutique\/"},{"@type":"ListItem","position":3,"name":"Casque Corinthien Grec avec cr\u00eate"}]},{"@type":"WebSite","@id":"https:\/\/repliquemangacine.fr\/#website","url":"https:\/\/repliquemangacine.fr\/","name":"R\u00e9plique Manga Cin\u00e9","description":"","publisher":{"@id":"https:\/\/repliquemangacine.fr\/#organization"},"potentialAction":[{"@type":"SearchAction","target":{"@type":"EntryPoint","urlTemplate":"https:\/\/repliquemangacine.fr\/?s={search_term_string}"},"query-input":{"@type":"PropertyValueSpecification","valueRequired":true,"valueName":"search_term_string"}}],"inLanguage":"it-IT"},{"@type":"Organization","@id":"https:\/\/repliquemangacine.fr\/#organization","name":"R\u00e9plique Manga Cin\u00e9","url":"https:\/\/repliquemangacine.fr\/","logo":{"@type":"ImageObject","inLanguage":"it-IT","@id":"https:\/\/repliquemangacine.fr\/#\/schema\/logo\/image\/","url":"https:\/\/repliquemangacine.fr\/wp-content\/uploads\/2023\/10\/RMC-500250.png","contentUrl":"https:\/\/repliquemangacine.fr\/wp-content\/uploads\/2023\/10\/RMC-500250.png","width":500,"height":250,"caption":"R\u00e9plique Manga Cin\u00e9"},"image":{"@id":"https:\/\/repliquemangacine.fr\/#\/schema\/logo\/image\/"},"sameAs":["https:\/\/www.facebook.com\/RepliqueMangaCine","https:\/\/www.instagram.com\/repliquemangacine.fr\/"]}]}},"_links":{"self":[{"href":"https:\/\/repliquemangacine.fr\/it\/wp-json\/wp\/v2\/product\/26978","targetHints":{"allow":["GET"]}}],"collection":[{"href":"https:\/\/repliquemangacine.fr\/it\/wp-json\/wp\/v2\/product"}],"about":[{"href":"https:\/\/repliquemangacine.fr\/it\/wp-json\/wp\/v2\/types\/product"}],"wp:featuredmedia":[{"embeddable":true,"href":"https:\/\/repliquemangacine.fr\/it\/wp-json\/wp\/v2\/media\/26979"}],"wp:attachment":[{"href":"https:\/\/repliquemangacine.fr\/it\/wp-json\/wp\/v2\/media?parent=26978"}],"wp:term":[{"taxonomy":"product_brand","embeddable":true,"href":"https:\/\/repliquemangacine.fr\/it\/wp-json\/wp\/v2\/product_brand?post=26978"},{"taxonomy":"product_cat","embeddable":true,"href":"https:\/\/repliquemangacine.fr\/it\/wp-json\/wp\/v2\/product_cat?post=26978"},{"taxonomy":"product_tag","embeddable":true,"href":"https:\/\/repliquemangacine.fr\/it\/wp-json\/wp\/v2\/product_tag?post=26978"}],"curies":[{"name":"wp","href":"https:\/\/api.w.org\/{rel}","templated":true}]}}