





{"id":26899,"date":"2017-02-07T15:07:55","date_gmt":"2017-02-07T14:07:55","guid":{"rendered":"https:\/\/repliquemangacine.fr\/?post_type=product&#038;p=26899"},"modified":"2025-09-30T15:47:14","modified_gmt":"2025-09-30T13:47:14","slug":"pugnale-jon-snow-longclaw-game-of-thrones","status":"publish","type":"product","link":"https:\/\/repliquemangacine.fr\/it\/epees-game-of-thrones\/dague-jon-snow-longclaw-game-of-thrones\/","title":{"rendered":"Pugnale Longclaw di Jon Snow - Game of Thrones"},"content":{"rendered":"<h2>Pugnale Longclaw di Jon Snow, versione romana in Game of Thrones.<\/h2>\n<p>Per cominciare, il <strong>Pugnale di Jon Snow Longclaw<\/strong> \u00e8 nella versione romanzo. Infatti, nella versione serie TV il pomello della testa di lupo \u00e8 diverso.<\/p>\n<p>La spada viene donata a Jon nella prima stagione della serie da Jeor Mormont dopo che Jon gli ha salvato la vita da uno spettro. Longclaw \u00e8 presente in tutte le stagioni della serie. Jon la porta sempre con s\u00e9 durante le sue uscite oltre la Barriera, nelle diverse battaglie \u201cCastel Nero, Battaglia dei Bastardi...\u201d tra le altre.<\/p>\n<p>La sua spada gli salva la vita durante il duello contro un camminatore, poich\u00e9 non esplode al contatto con la Lama di Ghiaccio del Camminatore Bianco. Sorpreso, Jon lo uccide, provocando l'esplosione del camminatore.<\/p>\n<h2>Il tuo Jon Snow Longclaw Dagger al miglior prezzo.<\/h2>\n<p>Vi presentiamo tutte le spade replica dei vostri eroi preferiti di Game of Thrones.<\/p>\n<p>Innanzitutto,<\/p>\n<ul>\n<li>La <a href=\"https:\/\/repliquemangacine.fr\/it\/spade-di-game-of-thrones\/replica-pugnale-catspaw-game-of-thrones\/\">Pugnale Catspaw<\/a> Usato da Arya per uccidere il Night King, questo pugnale si vede anche in House of the Dragon.<\/li>\n<li>Ma anche il<a href=\"https:\/\/repliquemangacine.fr\/it\/gioco-del-trono\/spada-jon-snow-grande-game-of-thrones-etichetta\/\">Spada Grande Artiglio<\/a> della serie Jon Snow.<\/li>\n<li>Esistono anche uova di drago con licenza ufficiale <a href=\"https:\/\/www.noblecollection.fr\/\" target=\"_blank\" rel=\"noopener noreferrer\">Collezione Nobile<\/a>.<\/li>\n<li>E molti altri da scoprire nel nostro negozio online!<\/li>\n<\/ul>\n<p>Ecco perch\u00e9 questa \u00e8 un'ottima idea regalo per i fan della serie Game of Thrones.<\/p>\n<p>In conclusione, \u00e8 possibile utilizzare il metodo <strong>Pugnale di Jon Snow Longclaw<\/strong> per le sfilate di cosplay o le serate a tema. Ma soprattutto, \u00e8 un oggetto da collezione e una decorazione.<\/p>\n<h2>Come faccio a mantenere la lama del mio pugnale di Game of Thrones?<\/h2>\n<p>I pugnali da collezione e decorativi sono realizzati e assemblati in modo semplificato. Essendo destinati a scopi decorativi, non dispongono degli elementi di sicurezza necessari per una spada giapponese destinata all'allenamento.<\/p>\n<p>Tuttavia, il vostro <strong>Pugnale di Jon Snow Longclaw<\/strong> a una lama d'acciaio che deve essere curata per evitare che si danneggi nel tempo. Quando si espone la katana, gli amici saranno curiosi di vedere la lama e di toccarla. \u00c8 qui che bisogna fare attenzione, perch\u00e9 l'acidit\u00e0 delle dita \u00e8 molto dannosa per l'acciaio, indipendentemente dalla sua qualit\u00e0.<\/p>\n<p>Tuttavia, se ci\u00f2 dovesse accadere, niente panico: basta un panno inumidito con un po' d'olio per eliminare le impronte. In questo modo, la spada durer\u00e0 a lungo.<\/p>","protected":false},"excerpt":{"rendered":"<p>La spada di Jon Snow in Game of Thrones.<\/p>\n<ul>\n<li>Lama in acciaio inossidabile.<\/li>\n<li>Protezione in acciaio.<\/li>\n<li>Pomello a testa di lupo in resina.<\/li>\n<li>Fodero e impugnatura in ABS.<\/li>\n<li>Scatola regalo foderata in raso.<\/li>\n<li>Lunghezza lama: 23 cm - Lunghezza totale: 40 cm<\/li>\n<\/ul>","protected":false},"featured_media":26900,"template":"","meta":[],"product_brand":[896],"product_cat":[72,24,47],"product_tag":[],"class_list":{"0":"post-26899","1":"product","2":"type-product","3":"status-publish","4":"has-post-thumbnail","6":"product_brand-replique-manga-cine","7":"product_cat-epees-game-of-thrones","8":"product_cat-films-series-tv-vente-de-katana-epee-et-produits-derives","9":"product_cat-game-of-thrones","11":"first","12":"instock","13":"taxable","14":"shipping-taxable","15":"purchasable","16":"product-type-simple"},"yoast_head":"<!-- This site is optimized with the Yoast SEO plugin v27.4 - https:\/\/yoast.com\/product\/yoast-seo-wordpress\/ -->\n<title>Dague Jon Snow Longclaw - Ep\u00e9es Game of Thrones | RMC<\/title>\n<meta name=\"description\" content=\"D\u00e9couvrez la Dague Jon Snow Longclaw dans Game of Thrones au meilleur prix. Lame acier inox non coupant - Pommeau t\u00eate de loup en r\u00e9sine - Longueur : 40 cm\" \/>\n<meta name=\"robots\" content=\"index, follow, max-snippet:-1, max-image-preview:large, max-video-preview:-1\" \/>\n<link rel=\"canonical\" href=\"https:\/\/repliquemangacine.fr\/it\/spade-di-game-of-thrones\/pugnale-jon-snow-longclaw-game-of-thrones\/\" \/>\n<meta property=\"og:locale\" content=\"it_IT\" \/>\n<meta property=\"og:type\" content=\"article\" \/>\n<meta property=\"og:title\" content=\"Dague Jon Snow Longclaw - Ep\u00e9es Game of Thrones | RMC\" \/>\n<meta property=\"og:description\" content=\"D\u00e9couvrez la Dague Jon Snow Longclaw dans Game of Thrones au meilleur prix. Lame acier inox non coupant - Pommeau t\u00eate de loup en r\u00e9sine - Longueur : 40 cm\" \/>\n<meta property=\"og:url\" content=\"https:\/\/repliquemangacine.fr\/it\/spade-di-game-of-thrones\/pugnale-jon-snow-longclaw-game-of-thrones\/\" \/>\n<meta property=\"og:site_name\" content=\"R\u00e9plique Manga Cin\u00e9\" \/>\n<meta property=\"article:publisher\" content=\"https:\/\/www.facebook.com\/RepliqueMangaCine\" \/>\n<meta property=\"article:modified_time\" content=\"2025-09-30T13:47:14+00:00\" \/>\n<meta property=\"og:image\" content=\"https:\/\/repliquemangacine.fr\/wp-content\/uploads\/2023\/10\/1714-Dague-Jon-Snow-Longclaw-Game-of-Thrones.jpg\" \/>\n\t<meta property=\"og:image:width\" content=\"600\" \/>\n\t<meta property=\"og:image:height\" content=\"600\" \/>\n\t<meta property=\"og:image:type\" content=\"image\/jpeg\" \/>\n<meta name=\"twitter:card\" content=\"summary_large_image\" \/>\n<meta name=\"twitter:label1\" content=\"Tempo di lettura stimato\" \/>\n\t<meta name=\"twitter:data1\" content=\"1 minuto\" \/>\n<script type=\"application\/ld+json\" class=\"yoast-schema-graph\">{\"@context\":\"https:\\\/\\\/schema.org\",\"@graph\":[{\"@type\":\"WebPage\",\"@id\":\"https:\\\/\\\/repliquemangacine.fr\\\/epees-game-of-thrones\\\/dague-jon-snow-longclaw-game-of-thrones\\\/\",\"url\":\"https:\\\/\\\/repliquemangacine.fr\\\/epees-game-of-thrones\\\/dague-jon-snow-longclaw-game-of-thrones\\\/\",\"name\":\"Dague Jon Snow Longclaw - Ep\u00e9es Game of Thrones | RMC\",\"isPartOf\":{\"@id\":\"https:\\\/\\\/repliquemangacine.fr\\\/#website\"},\"primaryImageOfPage\":{\"@id\":\"https:\\\/\\\/repliquemangacine.fr\\\/epees-game-of-thrones\\\/dague-jon-snow-longclaw-game-of-thrones\\\/#primaryimage\"},\"image\":{\"@id\":\"https:\\\/\\\/repliquemangacine.fr\\\/epees-game-of-thrones\\\/dague-jon-snow-longclaw-game-of-thrones\\\/#primaryimage\"},\"thumbnailUrl\":\"https:\\\/\\\/repliquemangacine.fr\\\/wp-content\\\/uploads\\\/2023\\\/10\\\/1714-Dague-Jon-Snow-Longclaw-Game-of-Thrones.jpg\",\"datePublished\":\"2017-02-07T14:07:55+00:00\",\"dateModified\":\"2025-09-30T13:47:14+00:00\",\"description\":\"D\u00e9couvrez la Dague Jon Snow Longclaw dans Game of Thrones au meilleur prix. Lame acier inox non coupant - Pommeau t\u00eate de loup en r\u00e9sine - Longueur : 40 cm\",\"breadcrumb\":{\"@id\":\"https:\\\/\\\/repliquemangacine.fr\\\/epees-game-of-thrones\\\/dague-jon-snow-longclaw-game-of-thrones\\\/#breadcrumb\"},\"inLanguage\":\"it-IT\",\"potentialAction\":[{\"@type\":\"ReadAction\",\"target\":[\"https:\\\/\\\/repliquemangacine.fr\\\/epees-game-of-thrones\\\/dague-jon-snow-longclaw-game-of-thrones\\\/\"]}]},{\"@type\":\"ImageObject\",\"inLanguage\":\"it-IT\",\"@id\":\"https:\\\/\\\/repliquemangacine.fr\\\/epees-game-of-thrones\\\/dague-jon-snow-longclaw-game-of-thrones\\\/#primaryimage\",\"url\":\"https:\\\/\\\/repliquemangacine.fr\\\/wp-content\\\/uploads\\\/2023\\\/10\\\/1714-Dague-Jon-Snow-Longclaw-Game-of-Thrones.jpg\",\"contentUrl\":\"https:\\\/\\\/repliquemangacine.fr\\\/wp-content\\\/uploads\\\/2023\\\/10\\\/1714-Dague-Jon-Snow-Longclaw-Game-of-Thrones.jpg\",\"width\":600,\"height\":600,\"caption\":\"Dague Jon Snow Longclaw - Game of Thrones\"},{\"@type\":\"BreadcrumbList\",\"@id\":\"https:\\\/\\\/repliquemangacine.fr\\\/epees-game-of-thrones\\\/dague-jon-snow-longclaw-game-of-thrones\\\/#breadcrumb\",\"itemListElement\":[{\"@type\":\"ListItem\",\"position\":1,\"name\":\"Accueil\",\"item\":\"https:\\\/\\\/repliquemangacine.fr\\\/\"},{\"@type\":\"ListItem\",\"position\":2,\"name\":\"Produits\",\"item\":\"https:\\\/\\\/repliquemangacine.fr\\\/boutique\\\/\"},{\"@type\":\"ListItem\",\"position\":3,\"name\":\"Dague Jon Snow Longclaw &#8211; Game of Thrones\"}]},{\"@type\":\"WebSite\",\"@id\":\"https:\\\/\\\/repliquemangacine.fr\\\/#website\",\"url\":\"https:\\\/\\\/repliquemangacine.fr\\\/\",\"name\":\"R\u00e9plique Manga Cin\u00e9\",\"description\":\"\",\"publisher\":{\"@id\":\"https:\\\/\\\/repliquemangacine.fr\\\/#organization\"},\"potentialAction\":[{\"@type\":\"SearchAction\",\"target\":{\"@type\":\"EntryPoint\",\"urlTemplate\":\"https:\\\/\\\/repliquemangacine.fr\\\/?s={search_term_string}\"},\"query-input\":{\"@type\":\"PropertyValueSpecification\",\"valueRequired\":true,\"valueName\":\"search_term_string\"}}],\"inLanguage\":\"it-IT\"},{\"@type\":\"Organization\",\"@id\":\"https:\\\/\\\/repliquemangacine.fr\\\/#organization\",\"name\":\"R\u00e9plique Manga Cin\u00e9\",\"url\":\"https:\\\/\\\/repliquemangacine.fr\\\/\",\"logo\":{\"@type\":\"ImageObject\",\"inLanguage\":\"it-IT\",\"@id\":\"https:\\\/\\\/repliquemangacine.fr\\\/#\\\/schema\\\/logo\\\/image\\\/\",\"url\":\"https:\\\/\\\/repliquemangacine.fr\\\/wp-content\\\/uploads\\\/2023\\\/10\\\/RMC-500250.png\",\"contentUrl\":\"https:\\\/\\\/repliquemangacine.fr\\\/wp-content\\\/uploads\\\/2023\\\/10\\\/RMC-500250.png\",\"width\":500,\"height\":250,\"caption\":\"R\u00e9plique Manga Cin\u00e9\"},\"image\":{\"@id\":\"https:\\\/\\\/repliquemangacine.fr\\\/#\\\/schema\\\/logo\\\/image\\\/\"},\"sameAs\":[\"https:\\\/\\\/www.facebook.com\\\/RepliqueMangaCine\",\"https:\\\/\\\/www.instagram.com\\\/repliquemangacine.fr\\\/\"]}]}<\/script>\n<!-- \/ Yoast SEO plugin. -->","yoast_head_json":{"title":"Pugnale Longclaw Jon Snow - Spade Game of Thrones | RMC","description":"Scopri il pugnale Longclaw di Jon Snow in Game of Thrones al miglior prezzo. Lama in acciaio inossidabile non tagliente - Pomo a testa di lupo in resina - Lunghezza: 40 cm","robots":{"index":"index","follow":"follow","max-snippet":"max-snippet:-1","max-image-preview":"max-image-preview:large","max-video-preview":"max-video-preview:-1"},"canonical":"https:\/\/repliquemangacine.fr\/it\/spade-di-game-of-thrones\/pugnale-jon-snow-longclaw-game-of-thrones\/","og_locale":"it_IT","og_type":"article","og_title":"Dague Jon Snow Longclaw - Ep\u00e9es Game of Thrones | RMC","og_description":"D\u00e9couvrez la Dague Jon Snow Longclaw dans Game of Thrones au meilleur prix. Lame acier inox non coupant - Pommeau t\u00eate de loup en r\u00e9sine - Longueur : 40 cm","og_url":"https:\/\/repliquemangacine.fr\/it\/spade-di-game-of-thrones\/pugnale-jon-snow-longclaw-game-of-thrones\/","og_site_name":"R\u00e9plique Manga Cin\u00e9","article_publisher":"https:\/\/www.facebook.com\/RepliqueMangaCine","article_modified_time":"2025-09-30T13:47:14+00:00","og_image":[{"width":600,"height":600,"url":"https:\/\/repliquemangacine.fr\/wp-content\/uploads\/2023\/10\/1714-Dague-Jon-Snow-Longclaw-Game-of-Thrones.jpg","type":"image\/jpeg"}],"twitter_card":"summary_large_image","twitter_misc":{"Tempo di lettura stimato":"1 minuto"},"schema":{"@context":"https:\/\/schema.org","@graph":[{"@type":"WebPage","@id":"https:\/\/repliquemangacine.fr\/epees-game-of-thrones\/dague-jon-snow-longclaw-game-of-thrones\/","url":"https:\/\/repliquemangacine.fr\/epees-game-of-thrones\/dague-jon-snow-longclaw-game-of-thrones\/","name":"Pugnale Longclaw Jon Snow - Spade Game of Thrones | RMC","isPartOf":{"@id":"https:\/\/repliquemangacine.fr\/#website"},"primaryImageOfPage":{"@id":"https:\/\/repliquemangacine.fr\/epees-game-of-thrones\/dague-jon-snow-longclaw-game-of-thrones\/#primaryimage"},"image":{"@id":"https:\/\/repliquemangacine.fr\/epees-game-of-thrones\/dague-jon-snow-longclaw-game-of-thrones\/#primaryimage"},"thumbnailUrl":"https:\/\/repliquemangacine.fr\/wp-content\/uploads\/2023\/10\/1714-Dague-Jon-Snow-Longclaw-Game-of-Thrones.jpg","datePublished":"2017-02-07T14:07:55+00:00","dateModified":"2025-09-30T13:47:14+00:00","description":"Scopri il pugnale Longclaw di Jon Snow in Game of Thrones al miglior prezzo. Lama in acciaio inossidabile non tagliente - Pomo a testa di lupo in resina - Lunghezza: 40 cm","breadcrumb":{"@id":"https:\/\/repliquemangacine.fr\/epees-game-of-thrones\/dague-jon-snow-longclaw-game-of-thrones\/#breadcrumb"},"inLanguage":"it-IT","potentialAction":[{"@type":"ReadAction","target":["https:\/\/repliquemangacine.fr\/epees-game-of-thrones\/dague-jon-snow-longclaw-game-of-thrones\/"]}]},{"@type":"ImageObject","inLanguage":"it-IT","@id":"https:\/\/repliquemangacine.fr\/epees-game-of-thrones\/dague-jon-snow-longclaw-game-of-thrones\/#primaryimage","url":"https:\/\/repliquemangacine.fr\/wp-content\/uploads\/2023\/10\/1714-Dague-Jon-Snow-Longclaw-Game-of-Thrones.jpg","contentUrl":"https:\/\/repliquemangacine.fr\/wp-content\/uploads\/2023\/10\/1714-Dague-Jon-Snow-Longclaw-Game-of-Thrones.jpg","width":600,"height":600,"caption":"Dague Jon Snow Longclaw - Game of Thrones"},{"@type":"BreadcrumbList","@id":"https:\/\/repliquemangacine.fr\/epees-game-of-thrones\/dague-jon-snow-longclaw-game-of-thrones\/#breadcrumb","itemListElement":[{"@type":"ListItem","position":1,"name":"Accueil","item":"https:\/\/repliquemangacine.fr\/"},{"@type":"ListItem","position":2,"name":"Produits","item":"https:\/\/repliquemangacine.fr\/boutique\/"},{"@type":"ListItem","position":3,"name":"Dague Jon Snow Longclaw &#8211; Game of Thrones"}]},{"@type":"WebSite","@id":"https:\/\/repliquemangacine.fr\/#website","url":"https:\/\/repliquemangacine.fr\/","name":"R\u00e9plique Manga Cin\u00e9","description":"","publisher":{"@id":"https:\/\/repliquemangacine.fr\/#organization"},"potentialAction":[{"@type":"SearchAction","target":{"@type":"EntryPoint","urlTemplate":"https:\/\/repliquemangacine.fr\/?s={search_term_string}"},"query-input":{"@type":"PropertyValueSpecification","valueRequired":true,"valueName":"search_term_string"}}],"inLanguage":"it-IT"},{"@type":"Organization","@id":"https:\/\/repliquemangacine.fr\/#organization","name":"R\u00e9plique Manga Cin\u00e9","url":"https:\/\/repliquemangacine.fr\/","logo":{"@type":"ImageObject","inLanguage":"it-IT","@id":"https:\/\/repliquemangacine.fr\/#\/schema\/logo\/image\/","url":"https:\/\/repliquemangacine.fr\/wp-content\/uploads\/2023\/10\/RMC-500250.png","contentUrl":"https:\/\/repliquemangacine.fr\/wp-content\/uploads\/2023\/10\/RMC-500250.png","width":500,"height":250,"caption":"R\u00e9plique Manga Cin\u00e9"},"image":{"@id":"https:\/\/repliquemangacine.fr\/#\/schema\/logo\/image\/"},"sameAs":["https:\/\/www.facebook.com\/RepliqueMangaCine","https:\/\/www.instagram.com\/repliquemangacine.fr\/"]}]}},"_links":{"self":[{"href":"https:\/\/repliquemangacine.fr\/it\/wp-json\/wp\/v2\/product\/26899","targetHints":{"allow":["GET"]}}],"collection":[{"href":"https:\/\/repliquemangacine.fr\/it\/wp-json\/wp\/v2\/product"}],"about":[{"href":"https:\/\/repliquemangacine.fr\/it\/wp-json\/wp\/v2\/types\/product"}],"wp:featuredmedia":[{"embeddable":true,"href":"https:\/\/repliquemangacine.fr\/it\/wp-json\/wp\/v2\/media\/26900"}],"wp:attachment":[{"href":"https:\/\/repliquemangacine.fr\/it\/wp-json\/wp\/v2\/media?parent=26899"}],"wp:term":[{"taxonomy":"product_brand","embeddable":true,"href":"https:\/\/repliquemangacine.fr\/it\/wp-json\/wp\/v2\/product_brand?post=26899"},{"taxonomy":"product_cat","embeddable":true,"href":"https:\/\/repliquemangacine.fr\/it\/wp-json\/wp\/v2\/product_cat?post=26899"},{"taxonomy":"product_tag","embeddable":true,"href":"https:\/\/repliquemangacine.fr\/it\/wp-json\/wp\/v2\/product_tag?post=26899"}],"curies":[{"name":"wp","href":"https:\/\/api.w.org\/{rel}","templated":true}]}}