





{"id":26888,"date":"2017-02-04T19:30:21","date_gmt":"2017-02-04T18:30:21","guid":{"rendered":"https:\/\/repliquemangacine.fr\/?post_type=product&#038;p=26888"},"modified":"2025-09-23T18:01:51","modified_gmt":"2025-09-23T16:01:51","slug":"candeliere-saroumane-il-signore-degli-anelli","status":"publish","type":"product","link":"https:\/\/repliquemangacine.fr\/it\/le-seigneur-des-anneaux\/bougeoir-de-saroumane-le-seigneur-des-anneaux\/","title":{"rendered":"Candeliere Saruman LOTR"},"content":{"rendered":"<h2>Replica del candeliere di Saruman da Il Signore degli Anelli<\/h2>\n<p>Il candeliere di Saruman \u00e8 una replica ispirata al suo bastone. Questa riproduzione \u00e8 distribuita da <a href=\"https:\/\/noblecollection.fr\/produits-officiels-seigneur-des-anneaux-c-129_1.html\">La collezione Noble<\/a>.<\/p>\n<p>All'inizio de La Compagnia dell'Anello, Gandalf si riferisce a Saruman come \u00abil capo del suo ordine\u00bb e il capo del Bianco Consiglio, che ha cacciato Sauron dalla Foresta Oscura alla fine di Bilbo lo Hobbit. Gandalf aggiunge che Saruman ha una grande conoscenza degli Anelli del Potere.<\/p>\n<p>Saruman, mago inviato nella Terra di Mezzo dai Valar in forma umana per combattere contro Sauron. Era considerato pi\u00f9 potente di Gandalf prima di cadere. Saruman \u00e8 geloso di Gandalf. Conquistato dalla brama di potere, Saruman finisce per allearsi con il Nemico nella segreta speranza di scoprire l'anello e tenerlo per s\u00e9.<\/p>\n<p>Gandalf cerca di convincere Saruman a unirsi a loro, per aiutarli a combattere contro Sauron. Ma Saruman, sdegnato e mostrando tutto il suo odio, rifiuta di pentirsi e respinge sprezzantemente la proposta di Gandalf.  Gandalf, mostrando improvvisamente una grande autorit\u00e0, bandisce Saruman dall'Ordine dei Magi e, con una sola parola, spezza il bastone del mago, privandolo del suo potere e del suo status.<\/p>\n<p>Umiliato dal rifiuto di Saruman di liberarlo e dal violento pestaggio, Gr\u00edma Lingua di Serpente pugnala il mago. Saruman cade dalla cima della sua torre, viene impalato su una ruota e libera il Palantir.<\/p>\n<h3>Offriamo tutte le repliche di spade e gioielli della trilogia de Il Signore degli Anelli.<\/h3>\n<p>Innanzitutto,<\/p>\n<ul>\n<li>Il magnifico pugnale <a href=\"https:\/\/repliquemangacine.fr\/it\/spade-del-signore-degli-anelli\/spada-aragorn-pugnale-tagliacarte\/\">Spada Strider taglio carta<\/a> di Aragorn.<\/li>\n<li>C'\u00e8 anche la spada di Frodo <a href=\"https:\/\/repliquemangacine.fr\/it\/spade-del-signore-degli-anelli\/spada-a-dardo-frodo-lo-hobbit\/\">Dardo<\/a>.<\/li>\n<li>Oltre a tutte le spade del Signore degli Anelli dei vostri eroi preferiti.<\/li>\n<li>E molti altri ancora!<\/li>\n<\/ul>\n<p>\u00c8 un'ottima idea regalo per i fan della trilogia del Signore degli Anelli.<\/p>\n<h3>Naturalmente, potete usare il candeliere Saruman anche per decorare la vostra casa.<\/h3>\n<p>Innanzitutto, il candeliere Saruman \u00e8 un oggetto decorativo da collezione.<\/p>","protected":false},"excerpt":{"rendered":"<p>Sublime candeliere che rappresenta la cima del bastone di Saruman nella trilogia del Signore degli Anelli.<\/p>\n<ul>\n<li>Questo candeliere \u00e8 realizzato in metallo.<\/li>\n<li>Base scolpita tutt'intorno con quattro aquile sulla sommit\u00e0.<\/li>\n<li>Il portacandele \u00e8 in vetro.<\/li>\n<li>Altezza 27 cm.<\/li>\n<\/ul>","protected":false},"featured_media":26889,"template":"","meta":[],"product_brand":[896],"product_cat":[24,29],"product_tag":[],"class_list":{"0":"post-26888","1":"product","2":"type-product","3":"status-publish","4":"has-post-thumbnail","6":"product_brand-replique-manga-cine","7":"product_cat-films-series-tv-vente-de-katana-epee-et-produits-derives","8":"product_cat-le-seigneur-des-anneaux","10":"first","11":"instock","12":"taxable","13":"shipping-taxable","14":"purchasable","15":"product-type-simple"},"yoast_head":"<!-- This site is optimized with the Yoast SEO plugin v27.4 - https:\/\/yoast.com\/product\/yoast-seo-wordpress\/ -->\n<title>Bougeoir de Saroumane - LOTR - R\u00e9plique Manga Cin\u00e9<\/title>\n<meta name=\"description\" content=\"Bougeoir de Saroumane inspir\u00e9 du seigneur des anneaux. R\u00e9alis\u00e9 en m\u00e9tal, gravure sur le socle. Repr\u00e9sentant le haut de son b\u00e2ton. Noble Collection.\" \/>\n<meta name=\"robots\" content=\"index, follow, max-snippet:-1, max-image-preview:large, max-video-preview:-1\" \/>\n<link rel=\"canonical\" href=\"https:\/\/repliquemangacine.fr\/it\/il-signore-degli-anelli\/candeliere-saroumane-il-signore-degli-anelli\/\" \/>\n<meta property=\"og:locale\" content=\"it_IT\" \/>\n<meta property=\"og:type\" content=\"article\" \/>\n<meta property=\"og:title\" content=\"Bougeoir de Saroumane - LOTR - R\u00e9plique Manga Cin\u00e9\" \/>\n<meta property=\"og:description\" content=\"Bougeoir de Saroumane inspir\u00e9 du seigneur des anneaux. R\u00e9alis\u00e9 en m\u00e9tal, gravure sur le socle. Repr\u00e9sentant le haut de son b\u00e2ton. Noble Collection.\" \/>\n<meta property=\"og:url\" content=\"https:\/\/repliquemangacine.fr\/it\/il-signore-degli-anelli\/candeliere-saroumane-il-signore-degli-anelli\/\" \/>\n<meta property=\"og:site_name\" content=\"R\u00e9plique Manga Cin\u00e9\" \/>\n<meta property=\"article:publisher\" content=\"https:\/\/www.facebook.com\/RepliqueMangaCine\" \/>\n<meta property=\"article:modified_time\" content=\"2025-09-23T16:01:51+00:00\" \/>\n<meta property=\"og:image\" content=\"https:\/\/repliquemangacine.fr\/wp-content\/uploads\/2023\/10\/1616-Bougeoir-Saruman-Le-seigneur-des-Anneaux.jpg\" \/>\n\t<meta property=\"og:image:width\" content=\"600\" \/>\n\t<meta property=\"og:image:height\" content=\"600\" \/>\n\t<meta property=\"og:image:type\" content=\"image\/jpeg\" \/>\n<meta name=\"twitter:card\" content=\"summary_large_image\" \/>\n<meta name=\"twitter:label1\" content=\"Tempo di lettura stimato\" \/>\n\t<meta name=\"twitter:data1\" content=\"2 minuti\" \/>\n<script type=\"application\/ld+json\" class=\"yoast-schema-graph\">{\"@context\":\"https:\\\/\\\/schema.org\",\"@graph\":[{\"@type\":\"WebPage\",\"@id\":\"https:\\\/\\\/repliquemangacine.fr\\\/de\\\/der-herr-der-ringe\\\/sarumanischer-kerzenhalter-der-herr-der-ringe\\\/\",\"url\":\"https:\\\/\\\/repliquemangacine.fr\\\/de\\\/der-herr-der-ringe\\\/sarumanischer-kerzenhalter-der-herr-der-ringe\\\/\",\"name\":\"Bougeoir de Saroumane - LOTR - R\u00e9plique Manga Cin\u00e9\",\"isPartOf\":{\"@id\":\"https:\\\/\\\/repliquemangacine.fr\\\/#website\"},\"primaryImageOfPage\":{\"@id\":\"https:\\\/\\\/repliquemangacine.fr\\\/de\\\/der-herr-der-ringe\\\/sarumanischer-kerzenhalter-der-herr-der-ringe\\\/#primaryimage\"},\"image\":{\"@id\":\"https:\\\/\\\/repliquemangacine.fr\\\/de\\\/der-herr-der-ringe\\\/sarumanischer-kerzenhalter-der-herr-der-ringe\\\/#primaryimage\"},\"thumbnailUrl\":\"https:\\\/\\\/repliquemangacine.fr\\\/wp-content\\\/uploads\\\/2023\\\/10\\\/1616-Bougeoir-Saruman-Le-seigneur-des-Anneaux.jpg\",\"datePublished\":\"2017-02-04T18:30:21+00:00\",\"dateModified\":\"2025-09-23T16:01:51+00:00\",\"description\":\"Bougeoir de Saroumane inspir\u00e9 du seigneur des anneaux. R\u00e9alis\u00e9 en m\u00e9tal, gravure sur le socle. Repr\u00e9sentant le haut de son b\u00e2ton. Noble Collection.\",\"breadcrumb\":{\"@id\":\"https:\\\/\\\/repliquemangacine.fr\\\/de\\\/der-herr-der-ringe\\\/sarumanischer-kerzenhalter-der-herr-der-ringe\\\/#breadcrumb\"},\"inLanguage\":\"it-IT\",\"potentialAction\":[{\"@type\":\"ReadAction\",\"target\":[\"https:\\\/\\\/repliquemangacine.fr\\\/de\\\/der-herr-der-ringe\\\/sarumanischer-kerzenhalter-der-herr-der-ringe\\\/\"]}]},{\"@type\":\"ImageObject\",\"inLanguage\":\"it-IT\",\"@id\":\"https:\\\/\\\/repliquemangacine.fr\\\/de\\\/der-herr-der-ringe\\\/sarumanischer-kerzenhalter-der-herr-der-ringe\\\/#primaryimage\",\"url\":\"https:\\\/\\\/repliquemangacine.fr\\\/wp-content\\\/uploads\\\/2023\\\/10\\\/1616-Bougeoir-Saruman-Le-seigneur-des-Anneaux.jpg\",\"contentUrl\":\"https:\\\/\\\/repliquemangacine.fr\\\/wp-content\\\/uploads\\\/2023\\\/10\\\/1616-Bougeoir-Saruman-Le-seigneur-des-Anneaux.jpg\",\"width\":600,\"height\":600,\"caption\":\"Bougeoir Saruman - Le seigneur des Anneaux\"},{\"@type\":\"BreadcrumbList\",\"@id\":\"https:\\\/\\\/repliquemangacine.fr\\\/de\\\/der-herr-der-ringe\\\/sarumanischer-kerzenhalter-der-herr-der-ringe\\\/#breadcrumb\",\"itemListElement\":[{\"@type\":\"ListItem\",\"position\":1,\"name\":\"Accueil\",\"item\":\"https:\\\/\\\/repliquemangacine.fr\\\/\"},{\"@type\":\"ListItem\",\"position\":2,\"name\":\"Produits\",\"item\":\"https:\\\/\\\/repliquemangacine.fr\\\/boutique\\\/\"},{\"@type\":\"ListItem\",\"position\":3,\"name\":\"Bougeoir de Saroumane LOTR\"}]},{\"@type\":\"WebSite\",\"@id\":\"https:\\\/\\\/repliquemangacine.fr\\\/#website\",\"url\":\"https:\\\/\\\/repliquemangacine.fr\\\/\",\"name\":\"R\u00e9plique Manga Cin\u00e9\",\"description\":\"\",\"publisher\":{\"@id\":\"https:\\\/\\\/repliquemangacine.fr\\\/#organization\"},\"potentialAction\":[{\"@type\":\"SearchAction\",\"target\":{\"@type\":\"EntryPoint\",\"urlTemplate\":\"https:\\\/\\\/repliquemangacine.fr\\\/?s={search_term_string}\"},\"query-input\":{\"@type\":\"PropertyValueSpecification\",\"valueRequired\":true,\"valueName\":\"search_term_string\"}}],\"inLanguage\":\"it-IT\"},{\"@type\":\"Organization\",\"@id\":\"https:\\\/\\\/repliquemangacine.fr\\\/#organization\",\"name\":\"R\u00e9plique Manga Cin\u00e9\",\"url\":\"https:\\\/\\\/repliquemangacine.fr\\\/\",\"logo\":{\"@type\":\"ImageObject\",\"inLanguage\":\"it-IT\",\"@id\":\"https:\\\/\\\/repliquemangacine.fr\\\/#\\\/schema\\\/logo\\\/image\\\/\",\"url\":\"https:\\\/\\\/repliquemangacine.fr\\\/wp-content\\\/uploads\\\/2023\\\/10\\\/RMC-500250.png\",\"contentUrl\":\"https:\\\/\\\/repliquemangacine.fr\\\/wp-content\\\/uploads\\\/2023\\\/10\\\/RMC-500250.png\",\"width\":500,\"height\":250,\"caption\":\"R\u00e9plique Manga Cin\u00e9\"},\"image\":{\"@id\":\"https:\\\/\\\/repliquemangacine.fr\\\/#\\\/schema\\\/logo\\\/image\\\/\"},\"sameAs\":[\"https:\\\/\\\/www.facebook.com\\\/RepliqueMangaCine\",\"https:\\\/\\\/www.instagram.com\\\/repliquemangacine.fr\\\/\"]}]}<\/script>\n<!-- \/ Yoast SEO plugin. -->","yoast_head_json":{"title":"Candeliere Saruman - LOTR - R\u00e9plique Manga Cin\u00e9","description":"Candeliere Saruman ispirato a Il Signore degli Anelli. Realizzato in metallo, inciso sulla base. Rappresenta la cima del suo bastone. Collezione Noble.","robots":{"index":"index","follow":"follow","max-snippet":"max-snippet:-1","max-image-preview":"max-image-preview:large","max-video-preview":"max-video-preview:-1"},"canonical":"https:\/\/repliquemangacine.fr\/it\/il-signore-degli-anelli\/candeliere-saroumane-il-signore-degli-anelli\/","og_locale":"it_IT","og_type":"article","og_title":"Bougeoir de Saroumane - LOTR - R\u00e9plique Manga Cin\u00e9","og_description":"Bougeoir de Saroumane inspir\u00e9 du seigneur des anneaux. R\u00e9alis\u00e9 en m\u00e9tal, gravure sur le socle. Repr\u00e9sentant le haut de son b\u00e2ton. Noble Collection.","og_url":"https:\/\/repliquemangacine.fr\/it\/il-signore-degli-anelli\/candeliere-saroumane-il-signore-degli-anelli\/","og_site_name":"R\u00e9plique Manga Cin\u00e9","article_publisher":"https:\/\/www.facebook.com\/RepliqueMangaCine","article_modified_time":"2025-09-23T16:01:51+00:00","og_image":[{"width":600,"height":600,"url":"https:\/\/repliquemangacine.fr\/wp-content\/uploads\/2023\/10\/1616-Bougeoir-Saruman-Le-seigneur-des-Anneaux.jpg","type":"image\/jpeg"}],"twitter_card":"summary_large_image","twitter_misc":{"Tempo di lettura stimato":"2 minuti"},"schema":{"@context":"https:\/\/schema.org","@graph":[{"@type":"WebPage","@id":"https:\/\/repliquemangacine.fr\/de\/der-herr-der-ringe\/sarumanischer-kerzenhalter-der-herr-der-ringe\/","url":"https:\/\/repliquemangacine.fr\/de\/der-herr-der-ringe\/sarumanischer-kerzenhalter-der-herr-der-ringe\/","name":"Candeliere Saruman - LOTR - R\u00e9plique Manga Cin\u00e9","isPartOf":{"@id":"https:\/\/repliquemangacine.fr\/#website"},"primaryImageOfPage":{"@id":"https:\/\/repliquemangacine.fr\/de\/der-herr-der-ringe\/sarumanischer-kerzenhalter-der-herr-der-ringe\/#primaryimage"},"image":{"@id":"https:\/\/repliquemangacine.fr\/de\/der-herr-der-ringe\/sarumanischer-kerzenhalter-der-herr-der-ringe\/#primaryimage"},"thumbnailUrl":"https:\/\/repliquemangacine.fr\/wp-content\/uploads\/2023\/10\/1616-Bougeoir-Saruman-Le-seigneur-des-Anneaux.jpg","datePublished":"2017-02-04T18:30:21+00:00","dateModified":"2025-09-23T16:01:51+00:00","description":"Candeliere Saruman ispirato a Il Signore degli Anelli. Realizzato in metallo, inciso sulla base. Rappresenta la cima del suo bastone. Collezione Noble.","breadcrumb":{"@id":"https:\/\/repliquemangacine.fr\/de\/der-herr-der-ringe\/sarumanischer-kerzenhalter-der-herr-der-ringe\/#breadcrumb"},"inLanguage":"it-IT","potentialAction":[{"@type":"ReadAction","target":["https:\/\/repliquemangacine.fr\/de\/der-herr-der-ringe\/sarumanischer-kerzenhalter-der-herr-der-ringe\/"]}]},{"@type":"ImageObject","inLanguage":"it-IT","@id":"https:\/\/repliquemangacine.fr\/de\/der-herr-der-ringe\/sarumanischer-kerzenhalter-der-herr-der-ringe\/#primaryimage","url":"https:\/\/repliquemangacine.fr\/wp-content\/uploads\/2023\/10\/1616-Bougeoir-Saruman-Le-seigneur-des-Anneaux.jpg","contentUrl":"https:\/\/repliquemangacine.fr\/wp-content\/uploads\/2023\/10\/1616-Bougeoir-Saruman-Le-seigneur-des-Anneaux.jpg","width":600,"height":600,"caption":"Bougeoir Saruman - Le seigneur des Anneaux"},{"@type":"BreadcrumbList","@id":"https:\/\/repliquemangacine.fr\/de\/der-herr-der-ringe\/sarumanischer-kerzenhalter-der-herr-der-ringe\/#breadcrumb","itemListElement":[{"@type":"ListItem","position":1,"name":"Accueil","item":"https:\/\/repliquemangacine.fr\/"},{"@type":"ListItem","position":2,"name":"Produits","item":"https:\/\/repliquemangacine.fr\/boutique\/"},{"@type":"ListItem","position":3,"name":"Bougeoir de Saroumane LOTR"}]},{"@type":"WebSite","@id":"https:\/\/repliquemangacine.fr\/#website","url":"https:\/\/repliquemangacine.fr\/","name":"R\u00e9plique Manga Cin\u00e9","description":"","publisher":{"@id":"https:\/\/repliquemangacine.fr\/#organization"},"potentialAction":[{"@type":"SearchAction","target":{"@type":"EntryPoint","urlTemplate":"https:\/\/repliquemangacine.fr\/?s={search_term_string}"},"query-input":{"@type":"PropertyValueSpecification","valueRequired":true,"valueName":"search_term_string"}}],"inLanguage":"it-IT"},{"@type":"Organization","@id":"https:\/\/repliquemangacine.fr\/#organization","name":"R\u00e9plique Manga Cin\u00e9","url":"https:\/\/repliquemangacine.fr\/","logo":{"@type":"ImageObject","inLanguage":"it-IT","@id":"https:\/\/repliquemangacine.fr\/#\/schema\/logo\/image\/","url":"https:\/\/repliquemangacine.fr\/wp-content\/uploads\/2023\/10\/RMC-500250.png","contentUrl":"https:\/\/repliquemangacine.fr\/wp-content\/uploads\/2023\/10\/RMC-500250.png","width":500,"height":250,"caption":"R\u00e9plique Manga Cin\u00e9"},"image":{"@id":"https:\/\/repliquemangacine.fr\/#\/schema\/logo\/image\/"},"sameAs":["https:\/\/www.facebook.com\/RepliqueMangaCine","https:\/\/www.instagram.com\/repliquemangacine.fr\/"]}]}},"_links":{"self":[{"href":"https:\/\/repliquemangacine.fr\/it\/wp-json\/wp\/v2\/product\/26888","targetHints":{"allow":["GET"]}}],"collection":[{"href":"https:\/\/repliquemangacine.fr\/it\/wp-json\/wp\/v2\/product"}],"about":[{"href":"https:\/\/repliquemangacine.fr\/it\/wp-json\/wp\/v2\/types\/product"}],"wp:featuredmedia":[{"embeddable":true,"href":"https:\/\/repliquemangacine.fr\/it\/wp-json\/wp\/v2\/media\/26889"}],"wp:attachment":[{"href":"https:\/\/repliquemangacine.fr\/it\/wp-json\/wp\/v2\/media?parent=26888"}],"wp:term":[{"taxonomy":"product_brand","embeddable":true,"href":"https:\/\/repliquemangacine.fr\/it\/wp-json\/wp\/v2\/product_brand?post=26888"},{"taxonomy":"product_cat","embeddable":true,"href":"https:\/\/repliquemangacine.fr\/it\/wp-json\/wp\/v2\/product_cat?post=26888"},{"taxonomy":"product_tag","embeddable":true,"href":"https:\/\/repliquemangacine.fr\/it\/wp-json\/wp\/v2\/product_tag?post=26888"}],"curies":[{"name":"wp","href":"https:\/\/api.w.org\/{rel}","templated":true}]}}