





{"id":26880,"date":"2017-02-04T17:42:42","date_gmt":"2017-02-04T16:42:42","guid":{"rendered":"https:\/\/repliquemangacine.fr\/?post_type=product&#038;p=26880"},"modified":"2026-04-19T14:45:35","modified_gmt":"2026-04-19T12:45:35","slug":"spada-anduril-aragorn-signore-degli-anelli","status":"publish","type":"product","link":"https:\/\/repliquemangacine.fr\/it\/epees-seigneur-des-anneaux\/anduril-epee-aragorn-seigneur-des-anneaux\/","title":{"rendered":"Spada Anduril - Il Signore degli Anelli"},"content":{"rendered":"<h2>Spada Anduril - La leggendaria spada di Aragorn<\/h2>\n<p>la Spada di Anduril, la mitica arma portata da Aragorn, l'erede di Isildur, nella <a href=\"https:\/\/lotr.fandom.com\/fr\/wiki\/Wiki_Le_Seigneur_des_Anneaux\" target=\"_blank\" rel=\"noopener noreferrer\">Il Signore degli Anelli<\/a>.<br \/>\nSimboleggia la rinascita della speranza e l'unit\u00e0 dei popoli liberi della Terra di Mezzo.<\/p>\n<p>Questa replica si ispira fedelmente all'emblematica arma.<br \/>\nLa lama in acciaio inossidabile \u00e8 incisa con iscrizioni elfiche, a ricordo delle sue nobili origini.<br \/>\nInoltre, la guardia e il pomo presentano motivi ispirati alle culture della Terra di Mezzo.<\/p>\n<p>Di conseguenza, questa spada incarna sia l'eredit\u00e0 che la leggenda di Re Aragorn.<br \/>\nHa una collocazione naturale in un <a href=\"https:\/\/repliquemangacine.fr\/it\/spade-del-signore-degli-anelli\/\">Collezione di spade del Signore degli Anelli<\/a>, o come centrotavola decorativo.<br \/>\nInfine, il suo design potente gli conferisce un aspetto regale.<\/p>\n<h2>Lavorazione dettagliata e fedele<\/h2>\n<p>Lama in acciaio inossidabile di alta qualit\u00e0, per una finitura esteticamente robusta.<br \/>\nOgni incisione \u00e8 pulita e visibile, rafforzando l'autenticit\u00e0 visiva.<\/p>\n<p>La guardia lavorata in metallo presenta linee eleganti ispirate all'universo di Tolkien.<br \/>\nDi conseguenza, la presa risulta stabile e nobile, anche quando \u00e8 esposta.<br \/>\nIl pomo inciso completa l'insieme con finezza.<\/p>\n<p>\u00c8 incluso anche il fodero in legno rivestito in similpelle nera.<br \/>\nProtegge la spada e la espone in modo imponente su una parete o in una vetrina.<br \/>\nInoltre, lo stile generale si adatta perfettamente a un'ambientazione medievale o fantasy. Inoltre, si abbina perfettamente a una<br \/>\n<a href=\"https:\/\/repliquemangacine.fr\/it\/spada-templare-medievale\/staffa-a-parete-per-albero-di-gondor\/\">Porta spada<\/a>, per esporlo in una vetrina o su una parete.<\/p>\n<h2>Perch\u00e9 scegliere questa Spada Anduril su R\u00e9plique Manga Cin\u00e9<\/h2>\n<p>Questa replica di And\u00faril \u00e8 perfetta per i collezionisti pi\u00f9 esigenti.<br \/>\nIn particolare, \u00e8 una sensazione in una collezione Tolkien o fantasy. Completa inoltre la nostra selezione di<br \/>\n<a href=\"https:\/\/repliquemangacine.fr\/it\/film-serie-tv-vendita-di-spade-katana-e-prodotti-correlati\/\">repliche di film e serie TV<\/a>, un'apprezzata dai collezionisti.<br \/>\nInoltre, \u00e8 ideale per arredare una biblioteca, un ufficio o una sala a tema.<\/p>\n<p>Quando ordinate da R\u00e9plique Manga Cin\u00e9, beneficiate di un rigoroso processo di selezione.<br \/>\nOgni pezzo viene accuratamente ispezionato per garantire un'eccellente qualit\u00e0 visiva.<br \/>\nSpedizione accurata, con imballaggi studiati per proteggere ogni dettaglio.<\/p>\n<p>Che si tratti di un regalo o di un regalo per se stessi, questa spada And\u00faril \u00e8 un must-have.<br \/>\nRiflette lo spirito epico e la nobilt\u00e0 della saga del Signore degli Anelli.<br \/>\nDa allora, \u00e8 stato un punto fermo di ogni collezione fantasy.<\/p>","protected":false},"excerpt":{"rendered":"<p>La spada And\u00faril di Aragorn, replica ispirata a Il Signore degli Anelli.<\/p>\n<ul>\n<li>Lama d'acciaio incisa con iscrizioni elfiche.<\/li>\n<li>Elsa e pomo dettagliati.<\/li>\n<li>Fodero in legno rivestito in similpelle incluso.<\/li>\n<li>Perfetto per una collezione o un arredamento Tolkien.<\/li>\n<li>Lunghezza lama: 102 cm - Lunghezza totale: 133 cm<\/li>\n<\/ul>\n<p>&nbsp;<\/p>","protected":false},"featured_media":26881,"template":"","meta":[],"product_brand":[896],"product_cat":[68,24,29,106],"product_tag":[],"class_list":{"0":"post-26880","1":"product","2":"type-product","3":"status-publish","4":"has-post-thumbnail","6":"product_brand-replique-manga-cine","7":"product_cat-epees-seigneur-des-anneaux","8":"product_cat-films-series-tv-vente-de-katana-epee-et-produits-derives","9":"product_cat-le-seigneur-des-anneaux","10":"product_cat-epees-et-dague-les-anneaux-de-pouvoir","12":"first","13":"instock","14":"sale","15":"featured","16":"taxable","17":"shipping-taxable","18":"purchasable","19":"product-type-simple"},"yoast_head":"<!-- This site is optimized with the Yoast SEO plugin v27.4 - https:\/\/yoast.com\/product\/yoast-seo-wordpress\/ -->\n<title>Ep\u00e9e Anduril d&#039;Aragorn - R\u00e9pliques Seigneur des Anneaux | RMC<\/title>\n<meta name=\"description\" content=\"D\u00e9couvrez l&#039;Ep\u00e9e Anduril d&#039;Aragorn, le Seigneur des Anneaux, pas ch\u00e8re. Lame acier - Gravures Elfique - Fourreau cuir - Longueur : 133 cm - Envoi 24\/48h\" \/>\n<meta name=\"robots\" content=\"index, follow, max-snippet:-1, max-image-preview:large, max-video-preview:-1\" \/>\n<link rel=\"canonical\" href=\"https:\/\/repliquemangacine.fr\/it\/spade-del-signore-degli-anelli\/spada-anduril-aragorn-signore-degli-anelli\/\" \/>\n<meta property=\"og:locale\" content=\"it_IT\" \/>\n<meta property=\"og:type\" content=\"article\" \/>\n<meta property=\"og:title\" content=\"Ep\u00e9e Anduril d&#039;Aragorn - R\u00e9pliques Seigneur des Anneaux | RMC\" \/>\n<meta property=\"og:description\" content=\"D\u00e9couvrez l&#039;Ep\u00e9e Anduril d&#039;Aragorn, le Seigneur des Anneaux, pas ch\u00e8re. Lame acier - Gravures Elfique - Fourreau cuir - Longueur : 133 cm - Envoi 24\/48h\" \/>\n<meta property=\"og:url\" content=\"https:\/\/repliquemangacine.fr\/it\/spade-del-signore-degli-anelli\/spada-anduril-aragorn-signore-degli-anelli\/\" \/>\n<meta property=\"og:site_name\" content=\"R\u00e9plique Manga Cin\u00e9\" \/>\n<meta property=\"article:publisher\" content=\"https:\/\/www.facebook.com\/RepliqueMangaCine\" \/>\n<meta property=\"article:modified_time\" content=\"2026-04-19T12:45:35+00:00\" \/>\n<meta property=\"og:image\" content=\"https:\/\/repliquemangacine.fr\/wp-content\/uploads\/2023\/10\/1609-Anduril-Epee-Aragorn-Seigneur-des-Anneaux.jpg\" \/>\n\t<meta property=\"og:image:width\" content=\"650\" \/>\n\t<meta property=\"og:image:height\" content=\"650\" \/>\n\t<meta property=\"og:image:type\" content=\"image\/jpeg\" \/>\n<meta name=\"twitter:card\" content=\"summary_large_image\" \/>\n<meta name=\"twitter:label1\" content=\"Tempo di lettura stimato\" \/>\n\t<meta name=\"twitter:data1\" content=\"3 minuti\" \/>\n<script type=\"application\/ld+json\" class=\"yoast-schema-graph\">{\"@context\":\"https:\\\/\\\/schema.org\",\"@graph\":[{\"@type\":\"WebPage\",\"@id\":\"https:\\\/\\\/repliquemangacine.fr\\\/epees-seigneur-des-anneaux\\\/anduril-epee-aragorn-seigneur-des-anneaux\\\/\",\"url\":\"https:\\\/\\\/repliquemangacine.fr\\\/epees-seigneur-des-anneaux\\\/anduril-epee-aragorn-seigneur-des-anneaux\\\/\",\"name\":\"Ep\u00e9e Anduril d'Aragorn - R\u00e9pliques Seigneur des Anneaux | RMC\",\"isPartOf\":{\"@id\":\"https:\\\/\\\/repliquemangacine.fr\\\/#website\"},\"primaryImageOfPage\":{\"@id\":\"https:\\\/\\\/repliquemangacine.fr\\\/epees-seigneur-des-anneaux\\\/anduril-epee-aragorn-seigneur-des-anneaux\\\/#primaryimage\"},\"image\":{\"@id\":\"https:\\\/\\\/repliquemangacine.fr\\\/epees-seigneur-des-anneaux\\\/anduril-epee-aragorn-seigneur-des-anneaux\\\/#primaryimage\"},\"thumbnailUrl\":\"https:\\\/\\\/repliquemangacine.fr\\\/wp-content\\\/uploads\\\/2023\\\/10\\\/1609-Anduril-Epee-Aragorn-Seigneur-des-Anneaux.jpg\",\"datePublished\":\"2017-02-04T16:42:42+00:00\",\"dateModified\":\"2026-04-19T12:45:35+00:00\",\"description\":\"D\u00e9couvrez l'Ep\u00e9e Anduril d'Aragorn, le Seigneur des Anneaux, pas ch\u00e8re. Lame acier - Gravures Elfique - Fourreau cuir - Longueur : 133 cm - Envoi 24\\\/48h\",\"breadcrumb\":{\"@id\":\"https:\\\/\\\/repliquemangacine.fr\\\/epees-seigneur-des-anneaux\\\/anduril-epee-aragorn-seigneur-des-anneaux\\\/#breadcrumb\"},\"inLanguage\":\"it-IT\",\"potentialAction\":[{\"@type\":\"ReadAction\",\"target\":[\"https:\\\/\\\/repliquemangacine.fr\\\/epees-seigneur-des-anneaux\\\/anduril-epee-aragorn-seigneur-des-anneaux\\\/\"]}]},{\"@type\":\"ImageObject\",\"inLanguage\":\"it-IT\",\"@id\":\"https:\\\/\\\/repliquemangacine.fr\\\/epees-seigneur-des-anneaux\\\/anduril-epee-aragorn-seigneur-des-anneaux\\\/#primaryimage\",\"url\":\"https:\\\/\\\/repliquemangacine.fr\\\/wp-content\\\/uploads\\\/2023\\\/10\\\/1609-Anduril-Epee-Aragorn-Seigneur-des-Anneaux.jpg\",\"contentUrl\":\"https:\\\/\\\/repliquemangacine.fr\\\/wp-content\\\/uploads\\\/2023\\\/10\\\/1609-Anduril-Epee-Aragorn-Seigneur-des-Anneaux.jpg\",\"width\":650,\"height\":650,\"caption\":\"epee-anduril-aragorn-seigneur-des-anneaux\"},{\"@type\":\"BreadcrumbList\",\"@id\":\"https:\\\/\\\/repliquemangacine.fr\\\/epees-seigneur-des-anneaux\\\/anduril-epee-aragorn-seigneur-des-anneaux\\\/#breadcrumb\",\"itemListElement\":[{\"@type\":\"ListItem\",\"position\":1,\"name\":\"Accueil\",\"item\":\"https:\\\/\\\/repliquemangacine.fr\\\/\"},{\"@type\":\"ListItem\",\"position\":2,\"name\":\"Produits\",\"item\":\"https:\\\/\\\/repliquemangacine.fr\\\/boutique\\\/\"},{\"@type\":\"ListItem\",\"position\":3,\"name\":\"Ep\u00e9e Anduril &#8211; Le Seigneur des Anneaux\"}]},{\"@type\":\"WebSite\",\"@id\":\"https:\\\/\\\/repliquemangacine.fr\\\/#website\",\"url\":\"https:\\\/\\\/repliquemangacine.fr\\\/\",\"name\":\"R\u00e9plique Manga Cin\u00e9\",\"description\":\"\",\"publisher\":{\"@id\":\"https:\\\/\\\/repliquemangacine.fr\\\/#organization\"},\"potentialAction\":[{\"@type\":\"SearchAction\",\"target\":{\"@type\":\"EntryPoint\",\"urlTemplate\":\"https:\\\/\\\/repliquemangacine.fr\\\/?s={search_term_string}\"},\"query-input\":{\"@type\":\"PropertyValueSpecification\",\"valueRequired\":true,\"valueName\":\"search_term_string\"}}],\"inLanguage\":\"it-IT\"},{\"@type\":\"Organization\",\"@id\":\"https:\\\/\\\/repliquemangacine.fr\\\/#organization\",\"name\":\"R\u00e9plique Manga Cin\u00e9\",\"url\":\"https:\\\/\\\/repliquemangacine.fr\\\/\",\"logo\":{\"@type\":\"ImageObject\",\"inLanguage\":\"it-IT\",\"@id\":\"https:\\\/\\\/repliquemangacine.fr\\\/#\\\/schema\\\/logo\\\/image\\\/\",\"url\":\"https:\\\/\\\/repliquemangacine.fr\\\/wp-content\\\/uploads\\\/2023\\\/10\\\/RMC-500250.png\",\"contentUrl\":\"https:\\\/\\\/repliquemangacine.fr\\\/wp-content\\\/uploads\\\/2023\\\/10\\\/RMC-500250.png\",\"width\":500,\"height\":250,\"caption\":\"R\u00e9plique Manga Cin\u00e9\"},\"image\":{\"@id\":\"https:\\\/\\\/repliquemangacine.fr\\\/#\\\/schema\\\/logo\\\/image\\\/\"},\"sameAs\":[\"https:\\\/\\\/www.facebook.com\\\/RepliqueMangaCine\",\"https:\\\/\\\/www.instagram.com\\\/repliquemangacine.fr\\\/\"]}]}<\/script>\n<!-- \/ Yoast SEO plugin. -->","yoast_head_json":{"title":"Spada di Aragorn Anduril - Repliche del Signore degli Anelli | RMC","description":"Scopri la spada Anduril economica di Aragorn, Il Signore degli Anelli. Lama in acciaio - Incisioni elfiche - Fodero in pelle - Lunghezza : 133 cm - Spedizione 24\/48h","robots":{"index":"index","follow":"follow","max-snippet":"max-snippet:-1","max-image-preview":"max-image-preview:large","max-video-preview":"max-video-preview:-1"},"canonical":"https:\/\/repliquemangacine.fr\/it\/spade-del-signore-degli-anelli\/spada-anduril-aragorn-signore-degli-anelli\/","og_locale":"it_IT","og_type":"article","og_title":"Ep\u00e9e Anduril d'Aragorn - R\u00e9pliques Seigneur des Anneaux | RMC","og_description":"D\u00e9couvrez l'Ep\u00e9e Anduril d'Aragorn, le Seigneur des Anneaux, pas ch\u00e8re. Lame acier - Gravures Elfique - Fourreau cuir - Longueur : 133 cm - Envoi 24\/48h","og_url":"https:\/\/repliquemangacine.fr\/it\/spade-del-signore-degli-anelli\/spada-anduril-aragorn-signore-degli-anelli\/","og_site_name":"R\u00e9plique Manga Cin\u00e9","article_publisher":"https:\/\/www.facebook.com\/RepliqueMangaCine","article_modified_time":"2026-04-19T12:45:35+00:00","og_image":[{"width":650,"height":650,"url":"https:\/\/repliquemangacine.fr\/wp-content\/uploads\/2023\/10\/1609-Anduril-Epee-Aragorn-Seigneur-des-Anneaux.jpg","type":"image\/jpeg"}],"twitter_card":"summary_large_image","twitter_misc":{"Tempo di lettura stimato":"3 minuti"},"schema":{"@context":"https:\/\/schema.org","@graph":[{"@type":"WebPage","@id":"https:\/\/repliquemangacine.fr\/epees-seigneur-des-anneaux\/anduril-epee-aragorn-seigneur-des-anneaux\/","url":"https:\/\/repliquemangacine.fr\/epees-seigneur-des-anneaux\/anduril-epee-aragorn-seigneur-des-anneaux\/","name":"Spada di Aragorn Anduril - Repliche del Signore degli Anelli | RMC","isPartOf":{"@id":"https:\/\/repliquemangacine.fr\/#website"},"primaryImageOfPage":{"@id":"https:\/\/repliquemangacine.fr\/epees-seigneur-des-anneaux\/anduril-epee-aragorn-seigneur-des-anneaux\/#primaryimage"},"image":{"@id":"https:\/\/repliquemangacine.fr\/epees-seigneur-des-anneaux\/anduril-epee-aragorn-seigneur-des-anneaux\/#primaryimage"},"thumbnailUrl":"https:\/\/repliquemangacine.fr\/wp-content\/uploads\/2023\/10\/1609-Anduril-Epee-Aragorn-Seigneur-des-Anneaux.jpg","datePublished":"2017-02-04T16:42:42+00:00","dateModified":"2026-04-19T12:45:35+00:00","description":"Scopri la spada Anduril economica di Aragorn, Il Signore degli Anelli. Lama in acciaio - Incisioni elfiche - Fodero in pelle - Lunghezza : 133 cm - Spedizione 24\/48h","breadcrumb":{"@id":"https:\/\/repliquemangacine.fr\/epees-seigneur-des-anneaux\/anduril-epee-aragorn-seigneur-des-anneaux\/#breadcrumb"},"inLanguage":"it-IT","potentialAction":[{"@type":"ReadAction","target":["https:\/\/repliquemangacine.fr\/epees-seigneur-des-anneaux\/anduril-epee-aragorn-seigneur-des-anneaux\/"]}]},{"@type":"ImageObject","inLanguage":"it-IT","@id":"https:\/\/repliquemangacine.fr\/epees-seigneur-des-anneaux\/anduril-epee-aragorn-seigneur-des-anneaux\/#primaryimage","url":"https:\/\/repliquemangacine.fr\/wp-content\/uploads\/2023\/10\/1609-Anduril-Epee-Aragorn-Seigneur-des-Anneaux.jpg","contentUrl":"https:\/\/repliquemangacine.fr\/wp-content\/uploads\/2023\/10\/1609-Anduril-Epee-Aragorn-Seigneur-des-Anneaux.jpg","width":650,"height":650,"caption":"epee-anduril-aragorn-seigneur-des-anneaux"},{"@type":"BreadcrumbList","@id":"https:\/\/repliquemangacine.fr\/epees-seigneur-des-anneaux\/anduril-epee-aragorn-seigneur-des-anneaux\/#breadcrumb","itemListElement":[{"@type":"ListItem","position":1,"name":"Accueil","item":"https:\/\/repliquemangacine.fr\/"},{"@type":"ListItem","position":2,"name":"Produits","item":"https:\/\/repliquemangacine.fr\/boutique\/"},{"@type":"ListItem","position":3,"name":"Ep\u00e9e Anduril &#8211; Le Seigneur des Anneaux"}]},{"@type":"WebSite","@id":"https:\/\/repliquemangacine.fr\/#website","url":"https:\/\/repliquemangacine.fr\/","name":"R\u00e9plique Manga Cin\u00e9","description":"","publisher":{"@id":"https:\/\/repliquemangacine.fr\/#organization"},"potentialAction":[{"@type":"SearchAction","target":{"@type":"EntryPoint","urlTemplate":"https:\/\/repliquemangacine.fr\/?s={search_term_string}"},"query-input":{"@type":"PropertyValueSpecification","valueRequired":true,"valueName":"search_term_string"}}],"inLanguage":"it-IT"},{"@type":"Organization","@id":"https:\/\/repliquemangacine.fr\/#organization","name":"R\u00e9plique Manga Cin\u00e9","url":"https:\/\/repliquemangacine.fr\/","logo":{"@type":"ImageObject","inLanguage":"it-IT","@id":"https:\/\/repliquemangacine.fr\/#\/schema\/logo\/image\/","url":"https:\/\/repliquemangacine.fr\/wp-content\/uploads\/2023\/10\/RMC-500250.png","contentUrl":"https:\/\/repliquemangacine.fr\/wp-content\/uploads\/2023\/10\/RMC-500250.png","width":500,"height":250,"caption":"R\u00e9plique Manga Cin\u00e9"},"image":{"@id":"https:\/\/repliquemangacine.fr\/#\/schema\/logo\/image\/"},"sameAs":["https:\/\/www.facebook.com\/RepliqueMangaCine","https:\/\/www.instagram.com\/repliquemangacine.fr\/"]}]}},"_links":{"self":[{"href":"https:\/\/repliquemangacine.fr\/it\/wp-json\/wp\/v2\/product\/26880","targetHints":{"allow":["GET"]}}],"collection":[{"href":"https:\/\/repliquemangacine.fr\/it\/wp-json\/wp\/v2\/product"}],"about":[{"href":"https:\/\/repliquemangacine.fr\/it\/wp-json\/wp\/v2\/types\/product"}],"wp:featuredmedia":[{"embeddable":true,"href":"https:\/\/repliquemangacine.fr\/it\/wp-json\/wp\/v2\/media\/26881"}],"wp:attachment":[{"href":"https:\/\/repliquemangacine.fr\/it\/wp-json\/wp\/v2\/media?parent=26880"}],"wp:term":[{"taxonomy":"product_brand","embeddable":true,"href":"https:\/\/repliquemangacine.fr\/it\/wp-json\/wp\/v2\/product_brand?post=26880"},{"taxonomy":"product_cat","embeddable":true,"href":"https:\/\/repliquemangacine.fr\/it\/wp-json\/wp\/v2\/product_cat?post=26880"},{"taxonomy":"product_tag","embeddable":true,"href":"https:\/\/repliquemangacine.fr\/it\/wp-json\/wp\/v2\/product_tag?post=26880"}],"curies":[{"name":"wp","href":"https:\/\/api.w.org\/{rel}","templated":true}]}}