





{"id":26867,"date":"2017-02-03T19:40:17","date_gmt":"2017-02-03T18:40:17","guid":{"rendered":"https:\/\/repliquemangacine.fr\/?post_type=product&#038;p=26867"},"modified":"2026-03-31T10:04:55","modified_gmt":"2026-03-31T08:04:55","slug":"signore-degli-anelli-aragorn-spada-strider","status":"publish","type":"product","link":"https:\/\/repliquemangacine.fr\/it\/epees-seigneur-des-anneaux\/epee-strider-aragorn-seigneur-des-anneaux\/","title":{"rendered":"Spada Aragorn LOTR Strider"},"content":{"rendered":"<h2>Spada Strider del Signore degli Anelli.<\/h2>\n<p>Per cominciare, il<strong>Spada Strider del Signore degli Anelli<\/strong>, \u00e8 la prima spada di Aragorn, vista nei primi due film della trilogia di Tolkien, La Compagnia dell'Anello e Le Due Torri.<\/p>\n<p>Membro della Confraternita dell'Anello, Aragorn \u00e8 amico del mago Gandalf e degli Elfi della Terra di Mezzo. Protettore e amico degli Hobbit, svolge un ruolo di primo piano nella distruzione dell'Unico Anello e il titolo dell'ultimo volume, Il ritorno del re, si riferisce a lui.<\/p>\n<p>\u00c8 con questa spada che decapita il capo della truppa di Uruk-Hai incaricata da Saruman di rapire gli Hobbit. Poi, quando Narsil, la spada di Isildur, viene riforgiata e ribattezzata Anduril, Aragorn si arrende. <a href=\"https:\/\/lotr.fandom.com\/fr\/wiki\/Strider\" target=\"_blank\" rel=\"noopener noreferrer\">Strider<\/a> per questo.<\/p>\n<h2>La tua spada Strider del Signore degli Anelli al miglior prezzo.<\/h2>\n<p>Vi offriamo tutte le spade della trilogia de Il Signore degli Anelli.<\/p>\n<p>Innanzitutto,<\/p>\n<ul>\n<li>Il <a href=\"https:\/\/repliquemangacine.fr\/it\/spade-del-signore-degli-anelli\/signore-degli-anelli-legolas-sciabole\/\">due spade di Legolas<\/a> con il suo supporto di presentazione.<\/li>\n<li>Cos\u00ec come il<a href=\"https:\/\/repliquemangacine.fr\/it\/spade-del-signore-degli-anelli\/signore-degli-anelli-glamdring-spada-gandalf\/\">La spada di Gandalf<\/a> il mago.<\/li>\n<li>C'\u00e8 anche il <a href=\"https:\/\/repliquemangacine.fr\/it\/spade-del-signore-degli-anelli\/spada-arwen-sciabola-hadhafang\/\">La spada di Arwen<\/a> con il suo supporto.<\/li>\n<li>E molti altri da scoprire nel nostro negozio online!<\/li>\n<\/ul>\n<p>Ecco quindi alcune idee regalo per i fan della trilogia del Signore degli Anelli.<\/p>\n<p>Per concludere, \u00e8 possibile utilizzare l'opzione\u2019<strong>Spada Strider del Signore degli Anelli<\/strong> per le sfilate di cosplay. Ma soprattutto \u00e8 un oggetto da collezione e un pezzo decorativo.<\/p>\n<p>R\u00e9plique Manga Cin\u00e9 \u00e8 un'azienda familiare francese.<\/p>\n<h2>Come si mantiene la lama della spada di Aragorn?<\/h2>\n<p>Le spade da collezione e decorative sono realizzate e assemblate in modo semplificato. Poich\u00e9 il loro uso \u00e8 decorativo, non hanno le caratteristiche di sicurezza richieste per una spada giapponese destinata all'allenamento.<\/p>\n<p>Tuttavia, il vostro <strong>Spada Strider del Signore degli Anelli<\/strong> a una lama d'acciaio che deve essere curata per evitare che si danneggi nel tempo. Quando si espone la katana, gli amici saranno curiosi di vedere la lama e di toccarla. \u00c8 qui che bisogna fare attenzione, perch\u00e9 l'acidit\u00e0 delle dita \u00e8 molto dannosa per l'acciaio, indipendentemente dalla sua qualit\u00e0.<\/p>\n<p>Tuttavia, se ci\u00f2 dovesse accadere, niente panico: basta un panno inumidito con un po' d'olio per eliminare le impronte. In questo modo, la spada durer\u00e0 a lungo.<\/p>\n<p><strong>\u00a0<\/strong><\/p>\n<p>&nbsp;<\/p>","protected":false},"excerpt":{"rendered":"<p>Replica della spada strider di Aragorn de Il Signore degli Anelli.<\/p>\n<ul>\n<li>Lama in acciaio 440 non tagliente e pre-affilata.<\/li>\n<li>Elsa e pomo in acciaio lucido.<\/li>\n<li>Maniglia rivestita in similpelle.<\/li>\n<li>Supporto da parete in legno.<\/li>\n<li>Lunghezza lama: 102 cm - Lunghezza totale: 130 cm<\/li>\n<\/ul>","protected":false},"featured_media":26868,"template":"","meta":[],"product_brand":[896],"product_cat":[68,24,29],"product_tag":[],"class_list":{"0":"post-26867","1":"product","2":"type-product","3":"status-publish","4":"has-post-thumbnail","6":"product_brand-replique-manga-cine","7":"product_cat-epees-seigneur-des-anneaux","8":"product_cat-films-series-tv-vente-de-katana-epee-et-produits-derives","9":"product_cat-le-seigneur-des-anneaux","11":"first","12":"outofstock","13":"taxable","14":"shipping-taxable","15":"purchasable","16":"product-type-simple"},"yoast_head":"<!-- This site is optimized with the Yoast SEO plugin v27.5 - https:\/\/yoast.com\/product\/yoast-seo-wordpress\/ -->\n<title>Ep\u00e9e Strider Seigneur des Anneaux | R\u00e9plique Manga Cin\u00e9<\/title>\n<meta name=\"description\" content=\"Commandez vite ! L&#039;Ep\u00e9e Strider Seigneur des Anneaux au meilleur prix. Lame acier - Support bois - Echelle 1\/1 - Longueur totale : 130 cm - Envoi 24\/48h\" \/>\n<meta name=\"robots\" content=\"index, follow, max-snippet:-1, max-image-preview:large, max-video-preview:-1\" \/>\n<link rel=\"canonical\" href=\"https:\/\/repliquemangacine.fr\/it\/spade-del-signore-degli-anelli\/signore-degli-anelli-aragorn-spada-strider\/\" \/>\n<meta property=\"og:locale\" content=\"it_IT\" \/>\n<meta property=\"og:type\" content=\"article\" \/>\n<meta property=\"og:title\" content=\"Ep\u00e9e Strider Seigneur des Anneaux | R\u00e9plique Manga Cin\u00e9\" \/>\n<meta property=\"og:description\" content=\"Commandez vite ! L&#039;Ep\u00e9e Strider Seigneur des Anneaux au meilleur prix. Lame acier - Support bois - Echelle 1\/1 - Longueur totale : 130 cm - Envoi 24\/48h\" \/>\n<meta property=\"og:url\" content=\"https:\/\/repliquemangacine.fr\/it\/spade-del-signore-degli-anelli\/signore-degli-anelli-aragorn-spada-strider\/\" \/>\n<meta property=\"og:site_name\" content=\"R\u00e9plique Manga Cin\u00e9\" \/>\n<meta property=\"article:publisher\" content=\"https:\/\/www.facebook.com\/RepliqueMangaCine\" \/>\n<meta property=\"article:modified_time\" content=\"2026-03-31T08:04:55+00:00\" \/>\n<meta property=\"og:image\" content=\"https:\/\/repliquemangacine.fr\/wp-content\/uploads\/2023\/10\/1600-Epee-Strider-Aragorn-Epee-du-Seigneur-des-Anneaux.jpg\" \/>\n\t<meta property=\"og:image:width\" content=\"650\" \/>\n\t<meta property=\"og:image:height\" content=\"650\" \/>\n\t<meta property=\"og:image:type\" content=\"image\/jpeg\" \/>\n<meta name=\"twitter:card\" content=\"summary_large_image\" \/>\n<meta name=\"twitter:label1\" content=\"Tempo di lettura stimato\" \/>\n\t<meta name=\"twitter:data1\" content=\"3 minuti\" \/>\n<script type=\"application\/ld+json\" class=\"yoast-schema-graph\">{\"@context\":\"https:\\\/\\\/schema.org\",\"@graph\":[{\"@type\":\"WebPage\",\"@id\":\"https:\\\/\\\/repliquemangacine.fr\\\/epees-seigneur-des-anneaux\\\/epee-strider-aragorn-seigneur-des-anneaux\\\/\",\"url\":\"https:\\\/\\\/repliquemangacine.fr\\\/epees-seigneur-des-anneaux\\\/epee-strider-aragorn-seigneur-des-anneaux\\\/\",\"name\":\"Ep\u00e9e Strider Seigneur des Anneaux | R\u00e9plique Manga Cin\u00e9\",\"isPartOf\":{\"@id\":\"https:\\\/\\\/repliquemangacine.fr\\\/#website\"},\"primaryImageOfPage\":{\"@id\":\"https:\\\/\\\/repliquemangacine.fr\\\/epees-seigneur-des-anneaux\\\/epee-strider-aragorn-seigneur-des-anneaux\\\/#primaryimage\"},\"image\":{\"@id\":\"https:\\\/\\\/repliquemangacine.fr\\\/epees-seigneur-des-anneaux\\\/epee-strider-aragorn-seigneur-des-anneaux\\\/#primaryimage\"},\"thumbnailUrl\":\"https:\\\/\\\/repliquemangacine.fr\\\/wp-content\\\/uploads\\\/2023\\\/10\\\/1600-Epee-Strider-Aragorn-Epee-du-Seigneur-des-Anneaux.jpg\",\"datePublished\":\"2017-02-03T18:40:17+00:00\",\"dateModified\":\"2026-03-31T08:04:55+00:00\",\"description\":\"Commandez vite ! L'Ep\u00e9e Strider Seigneur des Anneaux au meilleur prix. Lame acier - Support bois - Echelle 1\\\/1 - Longueur totale : 130 cm - Envoi 24\\\/48h\",\"breadcrumb\":{\"@id\":\"https:\\\/\\\/repliquemangacine.fr\\\/epees-seigneur-des-anneaux\\\/epee-strider-aragorn-seigneur-des-anneaux\\\/#breadcrumb\"},\"inLanguage\":\"it-IT\",\"potentialAction\":[{\"@type\":\"ReadAction\",\"target\":[\"https:\\\/\\\/repliquemangacine.fr\\\/epees-seigneur-des-anneaux\\\/epee-strider-aragorn-seigneur-des-anneaux\\\/\"]}]},{\"@type\":\"ImageObject\",\"inLanguage\":\"it-IT\",\"@id\":\"https:\\\/\\\/repliquemangacine.fr\\\/epees-seigneur-des-anneaux\\\/epee-strider-aragorn-seigneur-des-anneaux\\\/#primaryimage\",\"url\":\"https:\\\/\\\/repliquemangacine.fr\\\/wp-content\\\/uploads\\\/2023\\\/10\\\/1600-Epee-Strider-Aragorn-Epee-du-Seigneur-des-Anneaux.jpg\",\"contentUrl\":\"https:\\\/\\\/repliquemangacine.fr\\\/wp-content\\\/uploads\\\/2023\\\/10\\\/1600-Epee-Strider-Aragorn-Epee-du-Seigneur-des-Anneaux.jpg\",\"width\":650,\"height\":650,\"caption\":\"Ep\u00e9e Strider Aragorn - Ep\u00e9e du Seigneur des Anneaux\"},{\"@type\":\"BreadcrumbList\",\"@id\":\"https:\\\/\\\/repliquemangacine.fr\\\/epees-seigneur-des-anneaux\\\/epee-strider-aragorn-seigneur-des-anneaux\\\/#breadcrumb\",\"itemListElement\":[{\"@type\":\"ListItem\",\"position\":1,\"name\":\"Accueil\",\"item\":\"https:\\\/\\\/repliquemangacine.fr\\\/\"},{\"@type\":\"ListItem\",\"position\":2,\"name\":\"Produits\",\"item\":\"https:\\\/\\\/repliquemangacine.fr\\\/boutique\\\/\"},{\"@type\":\"ListItem\",\"position\":3,\"name\":\"Ep\u00e9e Strider Aragorn LOTR\"}]},{\"@type\":\"WebSite\",\"@id\":\"https:\\\/\\\/repliquemangacine.fr\\\/#website\",\"url\":\"https:\\\/\\\/repliquemangacine.fr\\\/\",\"name\":\"R\u00e9plique Manga Cin\u00e9\",\"description\":\"\",\"publisher\":{\"@id\":\"https:\\\/\\\/repliquemangacine.fr\\\/#organization\"},\"potentialAction\":[{\"@type\":\"SearchAction\",\"target\":{\"@type\":\"EntryPoint\",\"urlTemplate\":\"https:\\\/\\\/repliquemangacine.fr\\\/?s={search_term_string}\"},\"query-input\":{\"@type\":\"PropertyValueSpecification\",\"valueRequired\":true,\"valueName\":\"search_term_string\"}}],\"inLanguage\":\"it-IT\"},{\"@type\":\"Organization\",\"@id\":\"https:\\\/\\\/repliquemangacine.fr\\\/#organization\",\"name\":\"R\u00e9plique Manga Cin\u00e9\",\"url\":\"https:\\\/\\\/repliquemangacine.fr\\\/\",\"logo\":{\"@type\":\"ImageObject\",\"inLanguage\":\"it-IT\",\"@id\":\"https:\\\/\\\/repliquemangacine.fr\\\/#\\\/schema\\\/logo\\\/image\\\/\",\"url\":\"https:\\\/\\\/repliquemangacine.fr\\\/wp-content\\\/uploads\\\/2023\\\/10\\\/RMC-500250.png\",\"contentUrl\":\"https:\\\/\\\/repliquemangacine.fr\\\/wp-content\\\/uploads\\\/2023\\\/10\\\/RMC-500250.png\",\"width\":500,\"height\":250,\"caption\":\"R\u00e9plique Manga Cin\u00e9\"},\"image\":{\"@id\":\"https:\\\/\\\/repliquemangacine.fr\\\/#\\\/schema\\\/logo\\\/image\\\/\"},\"sameAs\":[\"https:\\\/\\\/www.facebook.com\\\/RepliqueMangaCine\",\"https:\\\/\\\/www.instagram.com\\\/repliquemangacine.fr\\\/\"]}]}<\/script>\n<!-- \/ Yoast SEO plugin. -->","yoast_head_json":{"title":"Spada Strider Signore degli Anelli | R\u00e9plique Manga Cin\u00e9","description":"Ordinate ora! La spada Strider del Signore degli Anelli al miglior prezzo. Lama in acciaio - Supporto in legno - Scala 1\/1 - Lunghezza totale: 130 cm - Spedizione 24\/48h","robots":{"index":"index","follow":"follow","max-snippet":"max-snippet:-1","max-image-preview":"max-image-preview:large","max-video-preview":"max-video-preview:-1"},"canonical":"https:\/\/repliquemangacine.fr\/it\/spade-del-signore-degli-anelli\/signore-degli-anelli-aragorn-spada-strider\/","og_locale":"it_IT","og_type":"article","og_title":"Ep\u00e9e Strider Seigneur des Anneaux | R\u00e9plique Manga Cin\u00e9","og_description":"Commandez vite ! L'Ep\u00e9e Strider Seigneur des Anneaux au meilleur prix. Lame acier - Support bois - Echelle 1\/1 - Longueur totale : 130 cm - Envoi 24\/48h","og_url":"https:\/\/repliquemangacine.fr\/it\/spade-del-signore-degli-anelli\/signore-degli-anelli-aragorn-spada-strider\/","og_site_name":"R\u00e9plique Manga Cin\u00e9","article_publisher":"https:\/\/www.facebook.com\/RepliqueMangaCine","article_modified_time":"2026-03-31T08:04:55+00:00","og_image":[{"width":650,"height":650,"url":"https:\/\/repliquemangacine.fr\/wp-content\/uploads\/2023\/10\/1600-Epee-Strider-Aragorn-Epee-du-Seigneur-des-Anneaux.jpg","type":"image\/jpeg"}],"twitter_card":"summary_large_image","twitter_misc":{"Tempo di lettura stimato":"3 minuti"},"schema":{"@context":"https:\/\/schema.org","@graph":[{"@type":"WebPage","@id":"https:\/\/repliquemangacine.fr\/epees-seigneur-des-anneaux\/epee-strider-aragorn-seigneur-des-anneaux\/","url":"https:\/\/repliquemangacine.fr\/epees-seigneur-des-anneaux\/epee-strider-aragorn-seigneur-des-anneaux\/","name":"Spada Strider Signore degli Anelli | R\u00e9plique Manga Cin\u00e9","isPartOf":{"@id":"https:\/\/repliquemangacine.fr\/#website"},"primaryImageOfPage":{"@id":"https:\/\/repliquemangacine.fr\/epees-seigneur-des-anneaux\/epee-strider-aragorn-seigneur-des-anneaux\/#primaryimage"},"image":{"@id":"https:\/\/repliquemangacine.fr\/epees-seigneur-des-anneaux\/epee-strider-aragorn-seigneur-des-anneaux\/#primaryimage"},"thumbnailUrl":"https:\/\/repliquemangacine.fr\/wp-content\/uploads\/2023\/10\/1600-Epee-Strider-Aragorn-Epee-du-Seigneur-des-Anneaux.jpg","datePublished":"2017-02-03T18:40:17+00:00","dateModified":"2026-03-31T08:04:55+00:00","description":"Ordinate ora! La spada Strider del Signore degli Anelli al miglior prezzo. Lama in acciaio - Supporto in legno - Scala 1\/1 - Lunghezza totale: 130 cm - Spedizione 24\/48h","breadcrumb":{"@id":"https:\/\/repliquemangacine.fr\/epees-seigneur-des-anneaux\/epee-strider-aragorn-seigneur-des-anneaux\/#breadcrumb"},"inLanguage":"it-IT","potentialAction":[{"@type":"ReadAction","target":["https:\/\/repliquemangacine.fr\/epees-seigneur-des-anneaux\/epee-strider-aragorn-seigneur-des-anneaux\/"]}]},{"@type":"ImageObject","inLanguage":"it-IT","@id":"https:\/\/repliquemangacine.fr\/epees-seigneur-des-anneaux\/epee-strider-aragorn-seigneur-des-anneaux\/#primaryimage","url":"https:\/\/repliquemangacine.fr\/wp-content\/uploads\/2023\/10\/1600-Epee-Strider-Aragorn-Epee-du-Seigneur-des-Anneaux.jpg","contentUrl":"https:\/\/repliquemangacine.fr\/wp-content\/uploads\/2023\/10\/1600-Epee-Strider-Aragorn-Epee-du-Seigneur-des-Anneaux.jpg","width":650,"height":650,"caption":"Ep\u00e9e Strider Aragorn - Ep\u00e9e du Seigneur des Anneaux"},{"@type":"BreadcrumbList","@id":"https:\/\/repliquemangacine.fr\/epees-seigneur-des-anneaux\/epee-strider-aragorn-seigneur-des-anneaux\/#breadcrumb","itemListElement":[{"@type":"ListItem","position":1,"name":"Accueil","item":"https:\/\/repliquemangacine.fr\/"},{"@type":"ListItem","position":2,"name":"Produits","item":"https:\/\/repliquemangacine.fr\/boutique\/"},{"@type":"ListItem","position":3,"name":"Ep\u00e9e Strider Aragorn LOTR"}]},{"@type":"WebSite","@id":"https:\/\/repliquemangacine.fr\/#website","url":"https:\/\/repliquemangacine.fr\/","name":"R\u00e9plique Manga Cin\u00e9","description":"","publisher":{"@id":"https:\/\/repliquemangacine.fr\/#organization"},"potentialAction":[{"@type":"SearchAction","target":{"@type":"EntryPoint","urlTemplate":"https:\/\/repliquemangacine.fr\/?s={search_term_string}"},"query-input":{"@type":"PropertyValueSpecification","valueRequired":true,"valueName":"search_term_string"}}],"inLanguage":"it-IT"},{"@type":"Organization","@id":"https:\/\/repliquemangacine.fr\/#organization","name":"R\u00e9plique Manga Cin\u00e9","url":"https:\/\/repliquemangacine.fr\/","logo":{"@type":"ImageObject","inLanguage":"it-IT","@id":"https:\/\/repliquemangacine.fr\/#\/schema\/logo\/image\/","url":"https:\/\/repliquemangacine.fr\/wp-content\/uploads\/2023\/10\/RMC-500250.png","contentUrl":"https:\/\/repliquemangacine.fr\/wp-content\/uploads\/2023\/10\/RMC-500250.png","width":500,"height":250,"caption":"R\u00e9plique Manga Cin\u00e9"},"image":{"@id":"https:\/\/repliquemangacine.fr\/#\/schema\/logo\/image\/"},"sameAs":["https:\/\/www.facebook.com\/RepliqueMangaCine","https:\/\/www.instagram.com\/repliquemangacine.fr\/"]}]}},"_links":{"self":[{"href":"https:\/\/repliquemangacine.fr\/it\/wp-json\/wp\/v2\/product\/26867","targetHints":{"allow":["GET"]}}],"collection":[{"href":"https:\/\/repliquemangacine.fr\/it\/wp-json\/wp\/v2\/product"}],"about":[{"href":"https:\/\/repliquemangacine.fr\/it\/wp-json\/wp\/v2\/types\/product"}],"wp:featuredmedia":[{"embeddable":true,"href":"https:\/\/repliquemangacine.fr\/it\/wp-json\/wp\/v2\/media\/26868"}],"wp:attachment":[{"href":"https:\/\/repliquemangacine.fr\/it\/wp-json\/wp\/v2\/media?parent=26867"}],"wp:term":[{"taxonomy":"product_brand","embeddable":true,"href":"https:\/\/repliquemangacine.fr\/it\/wp-json\/wp\/v2\/product_brand?post=26867"},{"taxonomy":"product_cat","embeddable":true,"href":"https:\/\/repliquemangacine.fr\/it\/wp-json\/wp\/v2\/product_cat?post=26867"},{"taxonomy":"product_tag","embeddable":true,"href":"https:\/\/repliquemangacine.fr\/it\/wp-json\/wp\/v2\/product_tag?post=26867"}],"curies":[{"name":"wp","href":"https:\/\/api.w.org\/{rel}","templated":true}]}}