





{"id":26861,"date":"2017-02-02T14:14:38","date_gmt":"2017-02-02T13:14:38","guid":{"rendered":"https:\/\/repliquemangacine.fr\/?post_type=product&#038;p=26861"},"modified":"2026-03-26T20:11:13","modified_gmt":"2026-03-26T19:11:13","slug":"spilla-per-collana-lorien-leaf-signore-degli-anelli","status":"publish","type":"product","link":"https:\/\/repliquemangacine.fr\/it\/bijoux-anneaux\/broche-collier-feuille-de-la-lorien-seigneur-des-anneaux\/","title":{"rendered":"Spilla a forma di foglia Lorien"},"content":{"rendered":"<h2>Spilla a forma di foglia del Signore degli Anelli Lorien<\/h2>\n<p>Iniziamo con <strong>Spilla a forma di foglia Lorien<\/strong>, Questa \u00e8 l'esatta replica indossata da tutti i membri della Compagnia dell'Anello nella trilogia del Signore degli Anelli.<\/p>\n<p>La foglia di Lorien \u00e8 il simbolo degli elfi di Lorien. <a href=\"https:\/\/lotr.fandom.com\/fr\/wiki\/Lothl\u00f3rien\" target=\"_blank\" rel=\"noopener noreferrer\">Lothlorien<\/a>, che rappresenta saggezza e protezione. Galadriel diede a ogni membro della Compagnia dell'Anello una spilla a forma di foglia, che chiudeva un mantello elfico.<\/p>\n<p>Il regno elfico si trova infatti alla confluenza dei fiumi Anduin e Celebrant. Governato alla fine della Terza Era da Celeborn e Galadriel. Il Bosco di Mellyrn di L\u00f3rien \u00e8 protetto da Sauron grazie al potere di Galadriel e Nenya. L'unico luogo delle Terre di Mezzo in cui si conservano la vera bellezza e l'eternit\u00e0 di Eldamar.<\/p>\n<h2>La tua Spilla Foglia di Lorien al miglior prezzo.<\/h2>\n<p>Offriamo un'ampia selezione di gioielli e spade della trilogia de Il Signore degli Anelli.<\/p>\n<p>Innanzitutto,<\/p>\n<ul>\n<li>Il magnifico <a href=\"https:\/\/repliquemangacine.fr\/it\/il-signore-degli-anelli\/replica-ciondolo-stella-della-sera-arwen\/\">Ciondolo Arwen<\/a> stella della sera, che offre ad Aragorn.<\/li>\n<li>C'\u00e8 anche L'<a href=\"https:\/\/repliquemangacine.fr\/it\/il-signore-degli-anelli\/anello-aragorn-anello-barahir\/\">Anello Barahir<\/a>L'anello indossato da Aragorn con il suo cristallo verde.<\/li>\n<li>Cos\u00ec come tutte le spade come la<a href=\"https:\/\/repliquemangacine.fr\/it\/il-signore-degli-anelli\/spada-anduril-aragorn-signore-degli-anelli\/\">Anduril<\/a> con il suo fodero.<\/li>\n<li>E molti altri da scoprire nel nostro negozio online!<\/li>\n<\/ul>\n<p>Ecco un'ottima idea regalo per i fan de Il Signore degli Anelli.<\/p>\n<p>In conclusione, \u00e8 possibile utilizzare il metodo <strong>Spilla a forma di foglia Lorien<\/strong> per completare il costume per le vostre serate a tema. Soprattutto, \u00e8 un oggetto da collezione. Ma si pu\u00f2 indossare come spilla o collana.<\/p>\n<h2>Come posso prendermi cura dei miei gioielli in lega di zinco?<\/h2>\n<p>Oltre allo zinco, le leghe di zinco contengono generalmente alluminio, rame, magnesio e ferro.<\/p>\n<p>Puliamo il nostro <strong>Spilla a forma di foglia Lorien<\/strong> con una spugna imbevuta di acqua saponata e cosparsa di un po' di bicarbonato, strofinando tutte le superfici. Risciacquare con acqua pulita e asciugare lo zinco con un panno morbido.<\/p>\n<p>Come l'argento, questo metallo pu\u00f2 ossidarsi a contatto con la pelle o semplicemente con l'ossigeno dell'aria. Per evitare il pi\u00f9 possibile che i gioielli in lega di zinco si ossidino, applicare uno strato di vernice trasparente e lasciare asciugare.<\/p>\n<p><strong>Non riprodurre su oro o argento 925.<\/strong><\/p>\n<p>&nbsp;<\/p>","protected":false},"excerpt":{"rendered":"<p>Sorprendente replica della collana di spille Feuille de Lorien.<\/p>\n<ul>\n<li>In lega argentata smaltata di verde.<\/li>\n<li>Rimuovere la catena e utilizzare solo il mandrino come richiesto.<\/li>\n<li>Chiusura sicura per evitare di pungersi quando viene indossata come collana.<\/li>\n<li>Fornito in un sacchetto di velluto.<\/li>\n<\/ul>","protected":false},"featured_media":26862,"template":"","meta":[],"product_brand":[896],"product_cat":[78,24,29],"product_tag":[],"class_list":{"0":"post-26861","1":"product","2":"type-product","3":"status-publish","4":"has-post-thumbnail","6":"product_brand-replique-manga-cine","7":"product_cat-bijoux-anneaux","8":"product_cat-films-series-tv-vente-de-katana-epee-et-produits-derives","9":"product_cat-le-seigneur-des-anneaux","11":"first","12":"instock","13":"taxable","14":"shipping-taxable","15":"purchasable","16":"product-type-simple"},"yoast_head":"<!-- This site is optimized with the Yoast SEO plugin v27.5 - https:\/\/yoast.com\/product\/yoast-seo-wordpress\/ -->\n<title>Broche Feuille de Lorien - Bijoux Le Seigneur des Anneaux | RMC<\/title>\n<meta name=\"description\" content=\"D\u00e9couvrez la Broche Feuille de Lorien port\u00e9e par les membres de la Communaut\u00e9 de l&#039;Anneau au meilleur prix. En alliage plaqu\u00e9 argent - Pochette velours\" \/>\n<meta name=\"robots\" content=\"index, follow, max-snippet:-1, max-image-preview:large, max-video-preview:-1\" \/>\n<link rel=\"canonical\" href=\"https:\/\/repliquemangacine.fr\/it\/anelli-di-gioielleria\/spilla-per-collana-lorien-leaf-signore-degli-anelli\/\" \/>\n<meta property=\"og:locale\" content=\"it_IT\" \/>\n<meta property=\"og:type\" content=\"article\" \/>\n<meta property=\"og:title\" content=\"Broche Feuille de Lorien - Bijoux Le Seigneur des Anneaux | RMC\" \/>\n<meta property=\"og:description\" content=\"D\u00e9couvrez la Broche Feuille de Lorien port\u00e9e par les membres de la Communaut\u00e9 de l&#039;Anneau au meilleur prix. En alliage plaqu\u00e9 argent - Pochette velours\" \/>\n<meta property=\"og:url\" content=\"https:\/\/repliquemangacine.fr\/it\/anelli-di-gioielleria\/spilla-per-collana-lorien-leaf-signore-degli-anelli\/\" \/>\n<meta property=\"og:site_name\" content=\"R\u00e9plique Manga Cin\u00e9\" \/>\n<meta property=\"article:publisher\" content=\"https:\/\/www.facebook.com\/RepliqueMangaCine\" \/>\n<meta property=\"article:modified_time\" content=\"2026-03-26T19:11:13+00:00\" \/>\n<meta property=\"og:image\" content=\"https:\/\/repliquemangacine.fr\/wp-content\/uploads\/2023\/10\/Feuille-de-Lorien.jpg\" \/>\n\t<meta property=\"og:image:width\" content=\"500\" \/>\n\t<meta property=\"og:image:height\" content=\"500\" \/>\n\t<meta property=\"og:image:type\" content=\"image\/jpeg\" \/>\n<meta name=\"twitter:card\" content=\"summary_large_image\" \/>\n<meta name=\"twitter:label1\" content=\"Tempo di lettura stimato\" \/>\n\t<meta name=\"twitter:data1\" content=\"1 minuto\" \/>\n<script type=\"application\/ld+json\" class=\"yoast-schema-graph\">{\"@context\":\"https:\\\/\\\/schema.org\",\"@graph\":[{\"@type\":\"WebPage\",\"@id\":\"https:\\\/\\\/repliquemangacine.fr\\\/bijoux-anneaux\\\/broche-collier-feuille-de-la-lorien-seigneur-des-anneaux\\\/\",\"url\":\"https:\\\/\\\/repliquemangacine.fr\\\/bijoux-anneaux\\\/broche-collier-feuille-de-la-lorien-seigneur-des-anneaux\\\/\",\"name\":\"Broche Feuille de Lorien - Bijoux Le Seigneur des Anneaux | RMC\",\"isPartOf\":{\"@id\":\"https:\\\/\\\/repliquemangacine.fr\\\/#website\"},\"primaryImageOfPage\":{\"@id\":\"https:\\\/\\\/repliquemangacine.fr\\\/bijoux-anneaux\\\/broche-collier-feuille-de-la-lorien-seigneur-des-anneaux\\\/#primaryimage\"},\"image\":{\"@id\":\"https:\\\/\\\/repliquemangacine.fr\\\/bijoux-anneaux\\\/broche-collier-feuille-de-la-lorien-seigneur-des-anneaux\\\/#primaryimage\"},\"thumbnailUrl\":\"https:\\\/\\\/repliquemangacine.fr\\\/wp-content\\\/uploads\\\/2023\\\/10\\\/Feuille-de-Lorien.jpg\",\"datePublished\":\"2017-02-02T13:14:38+00:00\",\"dateModified\":\"2026-03-26T19:11:13+00:00\",\"description\":\"D\u00e9couvrez la Broche Feuille de Lorien port\u00e9e par les membres de la Communaut\u00e9 de l'Anneau au meilleur prix. En alliage plaqu\u00e9 argent - Pochette velours\",\"breadcrumb\":{\"@id\":\"https:\\\/\\\/repliquemangacine.fr\\\/bijoux-anneaux\\\/broche-collier-feuille-de-la-lorien-seigneur-des-anneaux\\\/#breadcrumb\"},\"inLanguage\":\"it-IT\",\"potentialAction\":[{\"@type\":\"ReadAction\",\"target\":[\"https:\\\/\\\/repliquemangacine.fr\\\/bijoux-anneaux\\\/broche-collier-feuille-de-la-lorien-seigneur-des-anneaux\\\/\"]}]},{\"@type\":\"ImageObject\",\"inLanguage\":\"it-IT\",\"@id\":\"https:\\\/\\\/repliquemangacine.fr\\\/bijoux-anneaux\\\/broche-collier-feuille-de-la-lorien-seigneur-des-anneaux\\\/#primaryimage\",\"url\":\"https:\\\/\\\/repliquemangacine.fr\\\/wp-content\\\/uploads\\\/2023\\\/10\\\/Feuille-de-Lorien.jpg\",\"contentUrl\":\"https:\\\/\\\/repliquemangacine.fr\\\/wp-content\\\/uploads\\\/2023\\\/10\\\/Feuille-de-Lorien.jpg\",\"width\":500,\"height\":500,\"caption\":\"Broche Feuille de la Lorien\"},{\"@type\":\"BreadcrumbList\",\"@id\":\"https:\\\/\\\/repliquemangacine.fr\\\/bijoux-anneaux\\\/broche-collier-feuille-de-la-lorien-seigneur-des-anneaux\\\/#breadcrumb\",\"itemListElement\":[{\"@type\":\"ListItem\",\"position\":1,\"name\":\"Accueil\",\"item\":\"https:\\\/\\\/repliquemangacine.fr\\\/\"},{\"@type\":\"ListItem\",\"position\":2,\"name\":\"Produits\",\"item\":\"https:\\\/\\\/repliquemangacine.fr\\\/boutique\\\/\"},{\"@type\":\"ListItem\",\"position\":3,\"name\":\"Broche Feuille de Lorien\"}]},{\"@type\":\"WebSite\",\"@id\":\"https:\\\/\\\/repliquemangacine.fr\\\/#website\",\"url\":\"https:\\\/\\\/repliquemangacine.fr\\\/\",\"name\":\"R\u00e9plique Manga Cin\u00e9\",\"description\":\"\",\"publisher\":{\"@id\":\"https:\\\/\\\/repliquemangacine.fr\\\/#organization\"},\"potentialAction\":[{\"@type\":\"SearchAction\",\"target\":{\"@type\":\"EntryPoint\",\"urlTemplate\":\"https:\\\/\\\/repliquemangacine.fr\\\/?s={search_term_string}\"},\"query-input\":{\"@type\":\"PropertyValueSpecification\",\"valueRequired\":true,\"valueName\":\"search_term_string\"}}],\"inLanguage\":\"it-IT\"},{\"@type\":\"Organization\",\"@id\":\"https:\\\/\\\/repliquemangacine.fr\\\/#organization\",\"name\":\"R\u00e9plique Manga Cin\u00e9\",\"url\":\"https:\\\/\\\/repliquemangacine.fr\\\/\",\"logo\":{\"@type\":\"ImageObject\",\"inLanguage\":\"it-IT\",\"@id\":\"https:\\\/\\\/repliquemangacine.fr\\\/#\\\/schema\\\/logo\\\/image\\\/\",\"url\":\"https:\\\/\\\/repliquemangacine.fr\\\/wp-content\\\/uploads\\\/2023\\\/10\\\/RMC-500250.png\",\"contentUrl\":\"https:\\\/\\\/repliquemangacine.fr\\\/wp-content\\\/uploads\\\/2023\\\/10\\\/RMC-500250.png\",\"width\":500,\"height\":250,\"caption\":\"R\u00e9plique Manga Cin\u00e9\"},\"image\":{\"@id\":\"https:\\\/\\\/repliquemangacine.fr\\\/#\\\/schema\\\/logo\\\/image\\\/\"},\"sameAs\":[\"https:\\\/\\\/www.facebook.com\\\/RepliqueMangaCine\",\"https:\\\/\\\/www.instagram.com\\\/repliquemangacine.fr\\\/\"]}]}<\/script>\n<!-- \/ Yoast SEO plugin. -->","yoast_head_json":{"title":"Spilla a forma di foglia di Lorien - Gioielli del Signore degli Anelli | RMC","description":"Scoprite la Spilla Foglia di Lorien indossata dai membri della Compagnia dell'Anello al miglior prezzo. Lega argentata - Astuccio in velluto","robots":{"index":"index","follow":"follow","max-snippet":"max-snippet:-1","max-image-preview":"max-image-preview:large","max-video-preview":"max-video-preview:-1"},"canonical":"https:\/\/repliquemangacine.fr\/it\/anelli-di-gioielleria\/spilla-per-collana-lorien-leaf-signore-degli-anelli\/","og_locale":"it_IT","og_type":"article","og_title":"Broche Feuille de Lorien - Bijoux Le Seigneur des Anneaux | RMC","og_description":"D\u00e9couvrez la Broche Feuille de Lorien port\u00e9e par les membres de la Communaut\u00e9 de l'Anneau au meilleur prix. En alliage plaqu\u00e9 argent - Pochette velours","og_url":"https:\/\/repliquemangacine.fr\/it\/anelli-di-gioielleria\/spilla-per-collana-lorien-leaf-signore-degli-anelli\/","og_site_name":"R\u00e9plique Manga Cin\u00e9","article_publisher":"https:\/\/www.facebook.com\/RepliqueMangaCine","article_modified_time":"2026-03-26T19:11:13+00:00","og_image":[{"width":500,"height":500,"url":"https:\/\/repliquemangacine.fr\/wp-content\/uploads\/2023\/10\/Feuille-de-Lorien.jpg","type":"image\/jpeg"}],"twitter_card":"summary_large_image","twitter_misc":{"Tempo di lettura stimato":"1 minuto"},"schema":{"@context":"https:\/\/schema.org","@graph":[{"@type":"WebPage","@id":"https:\/\/repliquemangacine.fr\/bijoux-anneaux\/broche-collier-feuille-de-la-lorien-seigneur-des-anneaux\/","url":"https:\/\/repliquemangacine.fr\/bijoux-anneaux\/broche-collier-feuille-de-la-lorien-seigneur-des-anneaux\/","name":"Spilla a forma di foglia di Lorien - Gioielli del Signore degli Anelli | RMC","isPartOf":{"@id":"https:\/\/repliquemangacine.fr\/#website"},"primaryImageOfPage":{"@id":"https:\/\/repliquemangacine.fr\/bijoux-anneaux\/broche-collier-feuille-de-la-lorien-seigneur-des-anneaux\/#primaryimage"},"image":{"@id":"https:\/\/repliquemangacine.fr\/bijoux-anneaux\/broche-collier-feuille-de-la-lorien-seigneur-des-anneaux\/#primaryimage"},"thumbnailUrl":"https:\/\/repliquemangacine.fr\/wp-content\/uploads\/2023\/10\/Feuille-de-Lorien.jpg","datePublished":"2017-02-02T13:14:38+00:00","dateModified":"2026-03-26T19:11:13+00:00","description":"Scoprite la Spilla Foglia di Lorien indossata dai membri della Compagnia dell'Anello al miglior prezzo. Lega argentata - Astuccio in velluto","breadcrumb":{"@id":"https:\/\/repliquemangacine.fr\/bijoux-anneaux\/broche-collier-feuille-de-la-lorien-seigneur-des-anneaux\/#breadcrumb"},"inLanguage":"it-IT","potentialAction":[{"@type":"ReadAction","target":["https:\/\/repliquemangacine.fr\/bijoux-anneaux\/broche-collier-feuille-de-la-lorien-seigneur-des-anneaux\/"]}]},{"@type":"ImageObject","inLanguage":"it-IT","@id":"https:\/\/repliquemangacine.fr\/bijoux-anneaux\/broche-collier-feuille-de-la-lorien-seigneur-des-anneaux\/#primaryimage","url":"https:\/\/repliquemangacine.fr\/wp-content\/uploads\/2023\/10\/Feuille-de-Lorien.jpg","contentUrl":"https:\/\/repliquemangacine.fr\/wp-content\/uploads\/2023\/10\/Feuille-de-Lorien.jpg","width":500,"height":500,"caption":"Broche Feuille de la Lorien"},{"@type":"BreadcrumbList","@id":"https:\/\/repliquemangacine.fr\/bijoux-anneaux\/broche-collier-feuille-de-la-lorien-seigneur-des-anneaux\/#breadcrumb","itemListElement":[{"@type":"ListItem","position":1,"name":"Accueil","item":"https:\/\/repliquemangacine.fr\/"},{"@type":"ListItem","position":2,"name":"Produits","item":"https:\/\/repliquemangacine.fr\/boutique\/"},{"@type":"ListItem","position":3,"name":"Broche Feuille de Lorien"}]},{"@type":"WebSite","@id":"https:\/\/repliquemangacine.fr\/#website","url":"https:\/\/repliquemangacine.fr\/","name":"R\u00e9plique Manga Cin\u00e9","description":"","publisher":{"@id":"https:\/\/repliquemangacine.fr\/#organization"},"potentialAction":[{"@type":"SearchAction","target":{"@type":"EntryPoint","urlTemplate":"https:\/\/repliquemangacine.fr\/?s={search_term_string}"},"query-input":{"@type":"PropertyValueSpecification","valueRequired":true,"valueName":"search_term_string"}}],"inLanguage":"it-IT"},{"@type":"Organization","@id":"https:\/\/repliquemangacine.fr\/#organization","name":"R\u00e9plique Manga Cin\u00e9","url":"https:\/\/repliquemangacine.fr\/","logo":{"@type":"ImageObject","inLanguage":"it-IT","@id":"https:\/\/repliquemangacine.fr\/#\/schema\/logo\/image\/","url":"https:\/\/repliquemangacine.fr\/wp-content\/uploads\/2023\/10\/RMC-500250.png","contentUrl":"https:\/\/repliquemangacine.fr\/wp-content\/uploads\/2023\/10\/RMC-500250.png","width":500,"height":250,"caption":"R\u00e9plique Manga Cin\u00e9"},"image":{"@id":"https:\/\/repliquemangacine.fr\/#\/schema\/logo\/image\/"},"sameAs":["https:\/\/www.facebook.com\/RepliqueMangaCine","https:\/\/www.instagram.com\/repliquemangacine.fr\/"]}]}},"_links":{"self":[{"href":"https:\/\/repliquemangacine.fr\/it\/wp-json\/wp\/v2\/product\/26861","targetHints":{"allow":["GET"]}}],"collection":[{"href":"https:\/\/repliquemangacine.fr\/it\/wp-json\/wp\/v2\/product"}],"about":[{"href":"https:\/\/repliquemangacine.fr\/it\/wp-json\/wp\/v2\/types\/product"}],"wp:featuredmedia":[{"embeddable":true,"href":"https:\/\/repliquemangacine.fr\/it\/wp-json\/wp\/v2\/media\/26862"}],"wp:attachment":[{"href":"https:\/\/repliquemangacine.fr\/it\/wp-json\/wp\/v2\/media?parent=26861"}],"wp:term":[{"taxonomy":"product_brand","embeddable":true,"href":"https:\/\/repliquemangacine.fr\/it\/wp-json\/wp\/v2\/product_brand?post=26861"},{"taxonomy":"product_cat","embeddable":true,"href":"https:\/\/repliquemangacine.fr\/it\/wp-json\/wp\/v2\/product_cat?post=26861"},{"taxonomy":"product_tag","embeddable":true,"href":"https:\/\/repliquemangacine.fr\/it\/wp-json\/wp\/v2\/product_tag?post=26861"}],"curies":[{"name":"wp","href":"https:\/\/api.w.org\/{rel}","templated":true}]}}