





{"id":26839,"date":"2017-02-01T18:49:57","date_gmt":"2017-02-01T17:49:57","guid":{"rendered":"https:\/\/repliquemangacine.fr\/?post_type=product&#038;p=26839"},"modified":"2026-03-18T11:15:42","modified_gmt":"2026-03-18T10:15:42","slug":"replica-ciondolo-stella-della-sera-arwen","status":"publish","type":"product","link":"https:\/\/repliquemangacine.fr\/it\/bijoux-anneaux\/replique-pendentif-etoile-du-soir-arwen\/","title":{"rendered":"Ciondolo Stella della Sera Arwen"},"content":{"rendered":"<h2>Ciondolo Stella della Sera Arwen - Il Signore degli Anelli<\/h2>\n<p>Per cominciare, il <strong>Ciondolo Arwen<\/strong> La stella della sera \u00e8 assolutamente notevole per un prezzo cos\u00ec basso! Vale la pena di sottolineare che questo \u00e8 il ciondolo che lei dona ad Aragorn e che lui indossa per tutta la trilogia.<\/p>\n<p>Arwen Figlia di Elrond il mezz'elfo e nipote di Galadriel. Aragorn si innamora di lei quando si incontrano per la prima volta a Gran Burrone. Ella sceglie di rinunciare all'immortalit\u00e0 degli Elfi per sposare il suo amato, il mortale Aragorn, diventando cos\u00ec regina degli Elfi e degli Uomini nella Terra di Mezzo. Per inciso, <a href=\"https:\/\/lotr.fandom.com\/fr\/wiki\/Arwen\" target=\"_blank\" rel=\"noopener noreferrer\">Arwen<\/a> dar\u00e0 ad Aragorn un figlio, Eldarion, che regner\u00e0 dopo di lui.<\/p>\n<p>Interpretata da Liv Tyler nei film di Peter Jackson. \u00c8 vero che il suo ruolo \u00e8 molto pi\u00f9 grande che nel libro, ma ne siamo felici.<\/p>\n<h2>Il vostro ciondolo Arwen al miglior prezzo.<\/h2>\n<p>Offriamo un'ampia gamma di repliche di spade e gioielli del mondo di Tolkien.<\/p>\n<p>Innanzitutto,<\/p>\n<ul>\n<li>L'<a href=\"https:\/\/repliquemangacine.fr\/it\/il-signore-degli-anelli\/anneau-unique-le-signeur-des-anneaux\/\">Anello singolo<\/a> con la sua scrittura elfica.<\/li>\n<li>Ma anche il <a href=\"https:\/\/repliquemangacine.fr\/it\/anelli-di-gioielleria\/spilla-per-collana-lorien-leaf-signore-degli-anelli\/\">Ciondolo a forma di foglia Lorien<\/a>.<\/li>\n<li>E molti altri da scoprire nel nostro negozio online!<\/li>\n<\/ul>\n<p>Ecco un'ottima idea regalo per i fan della trilogia de Il Signore degli Anelli.<\/p>\n<p>In conclusione, \u00e8 possibile utilizzare anche il metodo <strong>Ciondolo Arwen<\/strong> la stella della sera nella vita di tutti i giorni o per gli abiti da sera. Soprattutto, questa collana \u00e8 un oggetto da collezione.<\/p>\n<p>R\u00e9plique Manga Cin\u00e9 \u00e8 un'azienda familiare francese.<\/p>\n<h2>Come posso prendermi cura dei miei gioielli in lega di zinco?<\/h2>\n<p>Oltre allo zinco, le leghe di zinco contengono generalmente alluminio, rame, magnesio e ferro.<\/p>\n<p>Puliamo il <strong>Ciondolo Arwen<\/strong> con una spugna imbevuta di acqua saponata e cosparsa di un po' di bicarbonato, strofinando tutte le superfici. Risciacquare con acqua pulita e asciugare lo zinco con un panno morbido.<\/p>\n<p>Come l'argento, questo metallo pu\u00f2 ossidarsi a contatto con la pelle o semplicemente con l'ossigeno dell'aria. Per evitare il pi\u00f9 possibile che i gioielli in lega di zinco si ossidino, applicare uno strato di vernice trasparente e lasciare asciugare.<\/p>\n<p><strong>Non riprodurre su oro o argento 925.<\/strong><\/p>\n<p>&nbsp;<\/p>","protected":false},"excerpt":{"rendered":"<p>Ciondolo Stella della Sera di Arwen da Il Signore degli Anelli.<\/p>\n<ul>\n<li>Questa replica \u00e8 realizzata in lega di zinco.<\/li>\n<li>Placcato in argento, intarsiato con cristalli (strass).<\/li>\n<li>Rimarrete stupiti dalla finezza dei dettagli di questo ciondolo.<\/li>\n<li>Fornito con catena intrecciata di 46 cm<\/li>\n<li>Custodia interna in velluto nero.<\/li>\n<\/ul>","protected":false},"featured_media":26840,"template":"","meta":[],"product_brand":[896],"product_cat":[78,24,29],"product_tag":[],"class_list":{"0":"post-26839","1":"product","2":"type-product","3":"status-publish","4":"has-post-thumbnail","6":"product_brand-replique-manga-cine","7":"product_cat-bijoux-anneaux","8":"product_cat-films-series-tv-vente-de-katana-epee-et-produits-derives","9":"product_cat-le-seigneur-des-anneaux","11":"first","12":"instock","13":"taxable","14":"shipping-taxable","15":"purchasable","16":"product-type-simple"},"yoast_head":"<!-- This site is optimized with the Yoast SEO plugin v27.4 - https:\/\/yoast.com\/product\/yoast-seo-wordpress\/ -->\n<title>Pendentif Arwen - Etoile du soir - Seigneur des Anneaux | RMC<\/title>\n<meta name=\"description\" content=\"Offrez-lui le Pendentif Arwen Etoile du soir au meilleur prix. En alliage de zinc plaqu\u00e9 argent - Incrust\u00e9 de cristal - chaine torsad\u00e9e - Envoi 24\/48h\" \/>\n<meta name=\"robots\" content=\"index, follow, max-snippet:-1, max-image-preview:large, max-video-preview:-1\" \/>\n<link rel=\"canonical\" href=\"https:\/\/repliquemangacine.fr\/it\/anelli-di-gioielleria\/replica-ciondolo-stella-della-sera-arwen\/\" \/>\n<meta property=\"og:locale\" content=\"it_IT\" \/>\n<meta property=\"og:type\" content=\"article\" \/>\n<meta property=\"og:title\" content=\"Pendentif Arwen - Etoile du soir - Seigneur des Anneaux | RMC\" \/>\n<meta property=\"og:description\" content=\"Offrez-lui le Pendentif Arwen Etoile du soir au meilleur prix. En alliage de zinc plaqu\u00e9 argent - Incrust\u00e9 de cristal - chaine torsad\u00e9e - Envoi 24\/48h\" \/>\n<meta property=\"og:url\" content=\"https:\/\/repliquemangacine.fr\/it\/anelli-di-gioielleria\/replica-ciondolo-stella-della-sera-arwen\/\" \/>\n<meta property=\"og:site_name\" content=\"R\u00e9plique Manga Cin\u00e9\" \/>\n<meta property=\"article:publisher\" content=\"https:\/\/www.facebook.com\/RepliqueMangaCine\" \/>\n<meta property=\"article:modified_time\" content=\"2026-03-18T10:15:42+00:00\" \/>\n<meta property=\"og:image\" content=\"https:\/\/repliquemangacine.fr\/wp-content\/uploads\/2023\/10\/Pendentif-Arwen.jpg\" \/>\n\t<meta property=\"og:image:width\" content=\"773\" \/>\n\t<meta property=\"og:image:height\" content=\"772\" \/>\n\t<meta property=\"og:image:type\" content=\"image\/jpeg\" \/>\n<meta name=\"twitter:card\" content=\"summary_large_image\" \/>\n<meta name=\"twitter:label1\" content=\"Tempo di lettura stimato\" \/>\n\t<meta name=\"twitter:data1\" content=\"3 minuti\" \/>\n<script type=\"application\/ld+json\" class=\"yoast-schema-graph\">{\"@context\":\"https:\\\/\\\/schema.org\",\"@graph\":[{\"@type\":\"WebPage\",\"@id\":\"https:\\\/\\\/repliquemangacine.fr\\\/bijoux-anneaux\\\/replique-pendentif-etoile-du-soir-arwen\\\/\",\"url\":\"https:\\\/\\\/repliquemangacine.fr\\\/bijoux-anneaux\\\/replique-pendentif-etoile-du-soir-arwen\\\/\",\"name\":\"Pendentif Arwen - Etoile du soir - Seigneur des Anneaux | RMC\",\"isPartOf\":{\"@id\":\"https:\\\/\\\/repliquemangacine.fr\\\/#website\"},\"primaryImageOfPage\":{\"@id\":\"https:\\\/\\\/repliquemangacine.fr\\\/bijoux-anneaux\\\/replique-pendentif-etoile-du-soir-arwen\\\/#primaryimage\"},\"image\":{\"@id\":\"https:\\\/\\\/repliquemangacine.fr\\\/bijoux-anneaux\\\/replique-pendentif-etoile-du-soir-arwen\\\/#primaryimage\"},\"thumbnailUrl\":\"https:\\\/\\\/repliquemangacine.fr\\\/wp-content\\\/uploads\\\/2023\\\/10\\\/Pendentif-Arwen.jpg\",\"datePublished\":\"2017-02-01T17:49:57+00:00\",\"dateModified\":\"2026-03-18T10:15:42+00:00\",\"description\":\"Offrez-lui le Pendentif Arwen Etoile du soir au meilleur prix. En alliage de zinc plaqu\u00e9 argent - Incrust\u00e9 de cristal - chaine torsad\u00e9e - Envoi 24\\\/48h\",\"breadcrumb\":{\"@id\":\"https:\\\/\\\/repliquemangacine.fr\\\/bijoux-anneaux\\\/replique-pendentif-etoile-du-soir-arwen\\\/#breadcrumb\"},\"inLanguage\":\"it-IT\",\"potentialAction\":[{\"@type\":\"ReadAction\",\"target\":[\"https:\\\/\\\/repliquemangacine.fr\\\/bijoux-anneaux\\\/replique-pendentif-etoile-du-soir-arwen\\\/\"]}]},{\"@type\":\"ImageObject\",\"inLanguage\":\"it-IT\",\"@id\":\"https:\\\/\\\/repliquemangacine.fr\\\/bijoux-anneaux\\\/replique-pendentif-etoile-du-soir-arwen\\\/#primaryimage\",\"url\":\"https:\\\/\\\/repliquemangacine.fr\\\/wp-content\\\/uploads\\\/2023\\\/10\\\/Pendentif-Arwen.jpg\",\"contentUrl\":\"https:\\\/\\\/repliquemangacine.fr\\\/wp-content\\\/uploads\\\/2023\\\/10\\\/Pendentif-Arwen.jpg\",\"width\":773,\"height\":772,\"caption\":\"Pendentif Arwen Seigneur des Anneaux\"},{\"@type\":\"BreadcrumbList\",\"@id\":\"https:\\\/\\\/repliquemangacine.fr\\\/bijoux-anneaux\\\/replique-pendentif-etoile-du-soir-arwen\\\/#breadcrumb\",\"itemListElement\":[{\"@type\":\"ListItem\",\"position\":1,\"name\":\"Accueil\",\"item\":\"https:\\\/\\\/repliquemangacine.fr\\\/\"},{\"@type\":\"ListItem\",\"position\":2,\"name\":\"Produits\",\"item\":\"https:\\\/\\\/repliquemangacine.fr\\\/boutique\\\/\"},{\"@type\":\"ListItem\",\"position\":3,\"name\":\"Pendentif Arwen Etoile du soir\"}]},{\"@type\":\"WebSite\",\"@id\":\"https:\\\/\\\/repliquemangacine.fr\\\/#website\",\"url\":\"https:\\\/\\\/repliquemangacine.fr\\\/\",\"name\":\"R\u00e9plique Manga Cin\u00e9\",\"description\":\"\",\"publisher\":{\"@id\":\"https:\\\/\\\/repliquemangacine.fr\\\/#organization\"},\"potentialAction\":[{\"@type\":\"SearchAction\",\"target\":{\"@type\":\"EntryPoint\",\"urlTemplate\":\"https:\\\/\\\/repliquemangacine.fr\\\/?s={search_term_string}\"},\"query-input\":{\"@type\":\"PropertyValueSpecification\",\"valueRequired\":true,\"valueName\":\"search_term_string\"}}],\"inLanguage\":\"it-IT\"},{\"@type\":\"Organization\",\"@id\":\"https:\\\/\\\/repliquemangacine.fr\\\/#organization\",\"name\":\"R\u00e9plique Manga Cin\u00e9\",\"url\":\"https:\\\/\\\/repliquemangacine.fr\\\/\",\"logo\":{\"@type\":\"ImageObject\",\"inLanguage\":\"it-IT\",\"@id\":\"https:\\\/\\\/repliquemangacine.fr\\\/#\\\/schema\\\/logo\\\/image\\\/\",\"url\":\"https:\\\/\\\/repliquemangacine.fr\\\/wp-content\\\/uploads\\\/2023\\\/10\\\/RMC-500250.png\",\"contentUrl\":\"https:\\\/\\\/repliquemangacine.fr\\\/wp-content\\\/uploads\\\/2023\\\/10\\\/RMC-500250.png\",\"width\":500,\"height\":250,\"caption\":\"R\u00e9plique Manga Cin\u00e9\"},\"image\":{\"@id\":\"https:\\\/\\\/repliquemangacine.fr\\\/#\\\/schema\\\/logo\\\/image\\\/\"},\"sameAs\":[\"https:\\\/\\\/www.facebook.com\\\/RepliqueMangaCine\",\"https:\\\/\\\/www.instagram.com\\\/repliquemangacine.fr\\\/\"]}]}<\/script>\n<!-- \/ Yoast SEO plugin. -->","yoast_head_json":{"title":"Ciondolo Arwen - Stella della sera - Il Signore degli Anelli | RMC","description":"Offritele il ciondolo Arwen Evening Star al miglior prezzo. Lega di zinco argentata - Intarsiato con cristalli - Catena attorcigliata - Spedizione 24\/48h","robots":{"index":"index","follow":"follow","max-snippet":"max-snippet:-1","max-image-preview":"max-image-preview:large","max-video-preview":"max-video-preview:-1"},"canonical":"https:\/\/repliquemangacine.fr\/it\/anelli-di-gioielleria\/replica-ciondolo-stella-della-sera-arwen\/","og_locale":"it_IT","og_type":"article","og_title":"Pendentif Arwen - Etoile du soir - Seigneur des Anneaux | RMC","og_description":"Offrez-lui le Pendentif Arwen Etoile du soir au meilleur prix. En alliage de zinc plaqu\u00e9 argent - Incrust\u00e9 de cristal - chaine torsad\u00e9e - Envoi 24\/48h","og_url":"https:\/\/repliquemangacine.fr\/it\/anelli-di-gioielleria\/replica-ciondolo-stella-della-sera-arwen\/","og_site_name":"R\u00e9plique Manga Cin\u00e9","article_publisher":"https:\/\/www.facebook.com\/RepliqueMangaCine","article_modified_time":"2026-03-18T10:15:42+00:00","og_image":[{"width":773,"height":772,"url":"https:\/\/repliquemangacine.fr\/wp-content\/uploads\/2023\/10\/Pendentif-Arwen.jpg","type":"image\/jpeg"}],"twitter_card":"summary_large_image","twitter_misc":{"Tempo di lettura stimato":"3 minuti"},"schema":{"@context":"https:\/\/schema.org","@graph":[{"@type":"WebPage","@id":"https:\/\/repliquemangacine.fr\/bijoux-anneaux\/replique-pendentif-etoile-du-soir-arwen\/","url":"https:\/\/repliquemangacine.fr\/bijoux-anneaux\/replique-pendentif-etoile-du-soir-arwen\/","name":"Ciondolo Arwen - Stella della sera - Il Signore degli Anelli | RMC","isPartOf":{"@id":"https:\/\/repliquemangacine.fr\/#website"},"primaryImageOfPage":{"@id":"https:\/\/repliquemangacine.fr\/bijoux-anneaux\/replique-pendentif-etoile-du-soir-arwen\/#primaryimage"},"image":{"@id":"https:\/\/repliquemangacine.fr\/bijoux-anneaux\/replique-pendentif-etoile-du-soir-arwen\/#primaryimage"},"thumbnailUrl":"https:\/\/repliquemangacine.fr\/wp-content\/uploads\/2023\/10\/Pendentif-Arwen.jpg","datePublished":"2017-02-01T17:49:57+00:00","dateModified":"2026-03-18T10:15:42+00:00","description":"Offritele il ciondolo Arwen Evening Star al miglior prezzo. Lega di zinco argentata - Intarsiato con cristalli - Catena attorcigliata - Spedizione 24\/48h","breadcrumb":{"@id":"https:\/\/repliquemangacine.fr\/bijoux-anneaux\/replique-pendentif-etoile-du-soir-arwen\/#breadcrumb"},"inLanguage":"it-IT","potentialAction":[{"@type":"ReadAction","target":["https:\/\/repliquemangacine.fr\/bijoux-anneaux\/replique-pendentif-etoile-du-soir-arwen\/"]}]},{"@type":"ImageObject","inLanguage":"it-IT","@id":"https:\/\/repliquemangacine.fr\/bijoux-anneaux\/replique-pendentif-etoile-du-soir-arwen\/#primaryimage","url":"https:\/\/repliquemangacine.fr\/wp-content\/uploads\/2023\/10\/Pendentif-Arwen.jpg","contentUrl":"https:\/\/repliquemangacine.fr\/wp-content\/uploads\/2023\/10\/Pendentif-Arwen.jpg","width":773,"height":772,"caption":"Pendentif Arwen Seigneur des Anneaux"},{"@type":"BreadcrumbList","@id":"https:\/\/repliquemangacine.fr\/bijoux-anneaux\/replique-pendentif-etoile-du-soir-arwen\/#breadcrumb","itemListElement":[{"@type":"ListItem","position":1,"name":"Accueil","item":"https:\/\/repliquemangacine.fr\/"},{"@type":"ListItem","position":2,"name":"Produits","item":"https:\/\/repliquemangacine.fr\/boutique\/"},{"@type":"ListItem","position":3,"name":"Pendentif Arwen Etoile du soir"}]},{"@type":"WebSite","@id":"https:\/\/repliquemangacine.fr\/#website","url":"https:\/\/repliquemangacine.fr\/","name":"R\u00e9plique Manga Cin\u00e9","description":"","publisher":{"@id":"https:\/\/repliquemangacine.fr\/#organization"},"potentialAction":[{"@type":"SearchAction","target":{"@type":"EntryPoint","urlTemplate":"https:\/\/repliquemangacine.fr\/?s={search_term_string}"},"query-input":{"@type":"PropertyValueSpecification","valueRequired":true,"valueName":"search_term_string"}}],"inLanguage":"it-IT"},{"@type":"Organization","@id":"https:\/\/repliquemangacine.fr\/#organization","name":"R\u00e9plique Manga Cin\u00e9","url":"https:\/\/repliquemangacine.fr\/","logo":{"@type":"ImageObject","inLanguage":"it-IT","@id":"https:\/\/repliquemangacine.fr\/#\/schema\/logo\/image\/","url":"https:\/\/repliquemangacine.fr\/wp-content\/uploads\/2023\/10\/RMC-500250.png","contentUrl":"https:\/\/repliquemangacine.fr\/wp-content\/uploads\/2023\/10\/RMC-500250.png","width":500,"height":250,"caption":"R\u00e9plique Manga Cin\u00e9"},"image":{"@id":"https:\/\/repliquemangacine.fr\/#\/schema\/logo\/image\/"},"sameAs":["https:\/\/www.facebook.com\/RepliqueMangaCine","https:\/\/www.instagram.com\/repliquemangacine.fr\/"]}]}},"_links":{"self":[{"href":"https:\/\/repliquemangacine.fr\/it\/wp-json\/wp\/v2\/product\/26839","targetHints":{"allow":["GET"]}}],"collection":[{"href":"https:\/\/repliquemangacine.fr\/it\/wp-json\/wp\/v2\/product"}],"about":[{"href":"https:\/\/repliquemangacine.fr\/it\/wp-json\/wp\/v2\/types\/product"}],"wp:featuredmedia":[{"embeddable":true,"href":"https:\/\/repliquemangacine.fr\/it\/wp-json\/wp\/v2\/media\/26840"}],"wp:attachment":[{"href":"https:\/\/repliquemangacine.fr\/it\/wp-json\/wp\/v2\/media?parent=26839"}],"wp:term":[{"taxonomy":"product_brand","embeddable":true,"href":"https:\/\/repliquemangacine.fr\/it\/wp-json\/wp\/v2\/product_brand?post=26839"},{"taxonomy":"product_cat","embeddable":true,"href":"https:\/\/repliquemangacine.fr\/it\/wp-json\/wp\/v2\/product_cat?post=26839"},{"taxonomy":"product_tag","embeddable":true,"href":"https:\/\/repliquemangacine.fr\/it\/wp-json\/wp\/v2\/product_tag?post=26839"}],"curies":[{"name":"wp","href":"https:\/\/api.w.org\/{rel}","templated":true}]}}