





{"id":26815,"date":"2017-01-30T18:07:58","date_gmt":"2017-01-30T17:07:58","guid":{"rendered":"https:\/\/repliquemangacine.fr\/?post_type=product&#038;p=26815"},"modified":"2025-09-23T18:01:50","modified_gmt":"2025-09-23T16:01:50","slug":"keyblade-foam-oathkeeper-tender-promise-kingdom-hearts","status":"publish","type":"product","link":"https:\/\/repliquemangacine.fr\/it\/katana-et-epee-de-jeux-video-autre-jeux-video\/keyblade-mousse-oathkeeper-tendre-promesse-kingdom-hearts\/","title":{"rendered":"Schiuma di promessa del Tender Keyblade"},"content":{"rendered":"<h2>Il Keyblade Tender Promise Mousse in Kingdom Hearts.<\/h2>\n<p>Per cominciare, il <strong>Keyblade <a href=\"https:\/\/kingdomhearts.fandom.com\/fr\/wiki\/Tendre_Promesse\" target=\"_blank\" rel=\"noopener noreferrer\">Promessa di gara<\/a> Schiuma<\/strong> Oathkeeper, apparso per la prima volta in Kingdom Hearts. Il portachiavi di questo Keyblade \u00e8 il portafortuna di Kairi e la lama ricorda il carattere giapponese della \u00abluce\u00bb, che sormonta un cuore come quello sul pomo. La guardia \u00e8 formata da due ali di colomba, a differenza del Souvenir Perdu.<\/p>\n<p>Il Keyblade \u00e8 un'arma misteriosa simile a una chiave che compare in tutta la serie di Kingdom Hearts. Impugnato dall'eroe della serie, Sora, dal Re e da numerosi altri personaggi, il Keyblade fa parte della battaglia tra Luce e Oscurit\u00e0.<\/p>\n<p>A forma di chiave, possono azionare qualsiasi serratura esistente e sono impregnati di magia e di altre abilit\u00e0 uniche. I portatori di Keyblade possono \u201clasciare in eredit\u00e0\u201d i loro poteri alla generazione successiva incontrando persone degne di nota.<\/p>\n<h2>Il tuo Kingdom Hearts Oathkeeper al miglior prezzo.<\/h2>\n<p>Offriamo un'ampia gamma di riproduzioni di manga e videogiochi.<\/p>\n<p>Innanzitutto,<\/p>\n<ul>\n<li>La <a href=\"https:\/\/repliquemangacine.fr\/it\/altri-videogiochi\/keyblade-fatal-crest-dragon-kingdom-hearts\/\">Destino del Keyblade<\/a> (drago dalla cresta fatale) appare in Kingdom Hearts II.<\/li>\n<li>Cos\u00ec come il <a href=\"https:\/\/repliquemangacine.fr\/it\/altri-videogiochi\/coffret-porte-cles-kingdom-hearts\/\">set di 15 portachiavi Kingdom Hearts<\/a>.<\/li>\n<li>La replica del<a href=\"https:\/\/repliquemangacine.fr\/it\/altri-videogiochi\/keyblade-souvenir-perdu-oblivion-mousse-kingdom-hearts\/\"> Keyblade Oblivion<\/a> (Souvenir perdu) tutti in schiuma e lattice.<\/li>\n<li>E molti altri da scoprire nel nostro negozio online!<\/li>\n<\/ul>\n<p>Ecco quindi alcune grandi idee regalo per tutti i fan di Kingdom Hearts.<\/p>\n<p>In conclusione, \u00e8 possibile utilizzare il metodo <strong>Schiuma di promessa del Tender Keyblade<\/strong> per le vostre sfilate cosplay o serate a tema. Ma soprattutto, questa spada \u00e8 un oggetto da collezione e un pezzo decorativo.<\/p>\n<p>R\u00e9plique Manga Cin\u00e9 \u00e8 un'azienda francese.<\/p>\n<p><strong>\u00a0<\/strong><\/p>","protected":false},"excerpt":{"rendered":"<p>Superba promessa di schiuma tenera del keyblade<\/p>\n<ul>\n<li>Tutta schiuma, ultra resistente.<\/li>\n<li>Si pu\u00f2 combattere senza temere di essere feriti.<\/li>\n<li>Assorbe gli urti,<\/li>\n<li>Lunghezza totale: 89 cm - Peso totale: 480 gr.<\/li>\n<\/ul>","protected":false},"featured_media":26816,"template":"","meta":[],"product_brand":[896],"product_cat":[23,67],"product_tag":[],"class_list":{"0":"post-26815","1":"product","2":"type-product","3":"status-publish","4":"has-post-thumbnail","6":"product_brand-replique-manga-cine","7":"product_cat-repliques-manga-jeux-video","8":"product_cat-katana-et-epee-de-jeux-video-autre-jeux-video","10":"first","11":"outofstock","12":"taxable","13":"shipping-taxable","14":"purchasable","15":"product-type-simple"},"yoast_head":"<!-- This site is optimized with the Yoast SEO plugin v27.4 - https:\/\/yoast.com\/product\/yoast-seo-wordpress\/ -->\n<title>Keyblade Tendre Promesse Mousse - R\u00e9plique Manga Cin\u00e9<\/title>\n<meta name=\"description\" content=\"Offrez-lui la Keyblade Tendre Promesse Mousse dans Kingdom Hearts pas ch\u00e8re. Tout en mousse - Id\u00e9ale pour vos enfants - Longueur : 89 cm - Envoi 24\/48h\" \/>\n<meta name=\"robots\" content=\"index, follow, max-snippet:-1, max-image-preview:large, max-video-preview:-1\" \/>\n<link rel=\"canonical\" href=\"https:\/\/repliquemangacine.fr\/it\/katana-e-spada-videogiochi-altri-videogiochi\/keyblade-foam-oathkeeper-tender-promise-kingdom-hearts\/\" \/>\n<meta property=\"og:locale\" content=\"it_IT\" \/>\n<meta property=\"og:type\" content=\"article\" \/>\n<meta property=\"og:title\" content=\"Keyblade Tendre Promesse Mousse - R\u00e9plique Manga Cin\u00e9\" \/>\n<meta property=\"og:description\" content=\"Offrez-lui la Keyblade Tendre Promesse Mousse dans Kingdom Hearts pas ch\u00e8re. Tout en mousse - Id\u00e9ale pour vos enfants - Longueur : 89 cm - Envoi 24\/48h\" \/>\n<meta property=\"og:url\" content=\"https:\/\/repliquemangacine.fr\/it\/katana-e-spada-videogiochi-altri-videogiochi\/keyblade-foam-oathkeeper-tender-promise-kingdom-hearts\/\" \/>\n<meta property=\"og:site_name\" content=\"R\u00e9plique Manga Cin\u00e9\" \/>\n<meta property=\"article:publisher\" content=\"https:\/\/www.facebook.com\/RepliqueMangaCine\" \/>\n<meta property=\"article:modified_time\" content=\"2025-09-23T16:01:50+00:00\" \/>\n<meta property=\"og:image\" content=\"https:\/\/repliquemangacine.fr\/wp-content\/uploads\/2023\/10\/1564-Keyblade-Oathkeeper-Tendre-promesse-Kingdom-Hearts.jpg\" \/>\n\t<meta property=\"og:image:width\" content=\"700\" \/>\n\t<meta property=\"og:image:height\" content=\"700\" \/>\n\t<meta property=\"og:image:type\" content=\"image\/jpeg\" \/>\n<meta name=\"twitter:card\" content=\"summary_large_image\" \/>\n<meta name=\"twitter:label1\" content=\"Tempo di lettura stimato\" \/>\n\t<meta name=\"twitter:data1\" content=\"1 minuto\" \/>\n<script type=\"application\/ld+json\" class=\"yoast-schema-graph\">{\"@context\":\"https:\\\/\\\/schema.org\",\"@graph\":[{\"@type\":\"WebPage\",\"@id\":\"https:\\\/\\\/repliquemangacine.fr\\\/katana-et-epee-de-jeux-video-autre-jeux-video\\\/keyblade-mousse-oathkeeper-tendre-promesse-kingdom-hearts\\\/\",\"url\":\"https:\\\/\\\/repliquemangacine.fr\\\/katana-et-epee-de-jeux-video-autre-jeux-video\\\/keyblade-mousse-oathkeeper-tendre-promesse-kingdom-hearts\\\/\",\"name\":\"Keyblade Tendre Promesse Mousse - R\u00e9plique Manga Cin\u00e9\",\"isPartOf\":{\"@id\":\"https:\\\/\\\/repliquemangacine.fr\\\/#website\"},\"primaryImageOfPage\":{\"@id\":\"https:\\\/\\\/repliquemangacine.fr\\\/katana-et-epee-de-jeux-video-autre-jeux-video\\\/keyblade-mousse-oathkeeper-tendre-promesse-kingdom-hearts\\\/#primaryimage\"},\"image\":{\"@id\":\"https:\\\/\\\/repliquemangacine.fr\\\/katana-et-epee-de-jeux-video-autre-jeux-video\\\/keyblade-mousse-oathkeeper-tendre-promesse-kingdom-hearts\\\/#primaryimage\"},\"thumbnailUrl\":\"https:\\\/\\\/repliquemangacine.fr\\\/wp-content\\\/uploads\\\/2023\\\/10\\\/1564-Keyblade-Oathkeeper-Tendre-promesse-Kingdom-Hearts.jpg\",\"datePublished\":\"2017-01-30T17:07:58+00:00\",\"dateModified\":\"2025-09-23T16:01:50+00:00\",\"description\":\"Offrez-lui la Keyblade Tendre Promesse Mousse dans Kingdom Hearts pas ch\u00e8re. Tout en mousse - Id\u00e9ale pour vos enfants - Longueur : 89 cm - Envoi 24\\\/48h\",\"breadcrumb\":{\"@id\":\"https:\\\/\\\/repliquemangacine.fr\\\/katana-et-epee-de-jeux-video-autre-jeux-video\\\/keyblade-mousse-oathkeeper-tendre-promesse-kingdom-hearts\\\/#breadcrumb\"},\"inLanguage\":\"it-IT\",\"potentialAction\":[{\"@type\":\"ReadAction\",\"target\":[\"https:\\\/\\\/repliquemangacine.fr\\\/katana-et-epee-de-jeux-video-autre-jeux-video\\\/keyblade-mousse-oathkeeper-tendre-promesse-kingdom-hearts\\\/\"]}]},{\"@type\":\"ImageObject\",\"inLanguage\":\"it-IT\",\"@id\":\"https:\\\/\\\/repliquemangacine.fr\\\/katana-et-epee-de-jeux-video-autre-jeux-video\\\/keyblade-mousse-oathkeeper-tendre-promesse-kingdom-hearts\\\/#primaryimage\",\"url\":\"https:\\\/\\\/repliquemangacine.fr\\\/wp-content\\\/uploads\\\/2023\\\/10\\\/1564-Keyblade-Oathkeeper-Tendre-promesse-Kingdom-Hearts.jpg\",\"contentUrl\":\"https:\\\/\\\/repliquemangacine.fr\\\/wp-content\\\/uploads\\\/2023\\\/10\\\/1564-Keyblade-Oathkeeper-Tendre-promesse-Kingdom-Hearts.jpg\",\"width\":700,\"height\":700,\"caption\":\"Keyblade Oathkeeper -Tendre promesse -Kingdom Hearts\"},{\"@type\":\"BreadcrumbList\",\"@id\":\"https:\\\/\\\/repliquemangacine.fr\\\/katana-et-epee-de-jeux-video-autre-jeux-video\\\/keyblade-mousse-oathkeeper-tendre-promesse-kingdom-hearts\\\/#breadcrumb\",\"itemListElement\":[{\"@type\":\"ListItem\",\"position\":1,\"name\":\"Accueil\",\"item\":\"https:\\\/\\\/repliquemangacine.fr\\\/\"},{\"@type\":\"ListItem\",\"position\":2,\"name\":\"Produits\",\"item\":\"https:\\\/\\\/repliquemangacine.fr\\\/boutique\\\/\"},{\"@type\":\"ListItem\",\"position\":3,\"name\":\"Keyblade Tendre Promesse Mousse\"}]},{\"@type\":\"WebSite\",\"@id\":\"https:\\\/\\\/repliquemangacine.fr\\\/#website\",\"url\":\"https:\\\/\\\/repliquemangacine.fr\\\/\",\"name\":\"R\u00e9plique Manga Cin\u00e9\",\"description\":\"\",\"publisher\":{\"@id\":\"https:\\\/\\\/repliquemangacine.fr\\\/#organization\"},\"potentialAction\":[{\"@type\":\"SearchAction\",\"target\":{\"@type\":\"EntryPoint\",\"urlTemplate\":\"https:\\\/\\\/repliquemangacine.fr\\\/?s={search_term_string}\"},\"query-input\":{\"@type\":\"PropertyValueSpecification\",\"valueRequired\":true,\"valueName\":\"search_term_string\"}}],\"inLanguage\":\"it-IT\"},{\"@type\":\"Organization\",\"@id\":\"https:\\\/\\\/repliquemangacine.fr\\\/#organization\",\"name\":\"R\u00e9plique Manga Cin\u00e9\",\"url\":\"https:\\\/\\\/repliquemangacine.fr\\\/\",\"logo\":{\"@type\":\"ImageObject\",\"inLanguage\":\"it-IT\",\"@id\":\"https:\\\/\\\/repliquemangacine.fr\\\/#\\\/schema\\\/logo\\\/image\\\/\",\"url\":\"https:\\\/\\\/repliquemangacine.fr\\\/wp-content\\\/uploads\\\/2023\\\/10\\\/RMC-500250.png\",\"contentUrl\":\"https:\\\/\\\/repliquemangacine.fr\\\/wp-content\\\/uploads\\\/2023\\\/10\\\/RMC-500250.png\",\"width\":500,\"height\":250,\"caption\":\"R\u00e9plique Manga Cin\u00e9\"},\"image\":{\"@id\":\"https:\\\/\\\/repliquemangacine.fr\\\/#\\\/schema\\\/logo\\\/image\\\/\"},\"sameAs\":[\"https:\\\/\\\/www.facebook.com\\\/RepliqueMangaCine\",\"https:\\\/\\\/www.instagram.com\\\/repliquemangacine.fr\\\/\"]}]}<\/script>\n<!-- \/ Yoast SEO plugin. -->","yoast_head_json":{"title":"Schiuma di promessa del Tender Keyblade - R\u00e9plique Manga Cin\u00e9","description":"Regalate loro il Keyblade Tendre Promesse Mousse di Kingdom Hearts a poco prezzo. Tutto in schiuma - Ideale per i bambini - Lunghezza: 89 cm - Consegna 24\/48h","robots":{"index":"index","follow":"follow","max-snippet":"max-snippet:-1","max-image-preview":"max-image-preview:large","max-video-preview":"max-video-preview:-1"},"canonical":"https:\/\/repliquemangacine.fr\/it\/katana-e-spada-videogiochi-altri-videogiochi\/keyblade-foam-oathkeeper-tender-promise-kingdom-hearts\/","og_locale":"it_IT","og_type":"article","og_title":"Keyblade Tendre Promesse Mousse - R\u00e9plique Manga Cin\u00e9","og_description":"Offrez-lui la Keyblade Tendre Promesse Mousse dans Kingdom Hearts pas ch\u00e8re. Tout en mousse - Id\u00e9ale pour vos enfants - Longueur : 89 cm - Envoi 24\/48h","og_url":"https:\/\/repliquemangacine.fr\/it\/katana-e-spada-videogiochi-altri-videogiochi\/keyblade-foam-oathkeeper-tender-promise-kingdom-hearts\/","og_site_name":"R\u00e9plique Manga Cin\u00e9","article_publisher":"https:\/\/www.facebook.com\/RepliqueMangaCine","article_modified_time":"2025-09-23T16:01:50+00:00","og_image":[{"width":700,"height":700,"url":"https:\/\/repliquemangacine.fr\/wp-content\/uploads\/2023\/10\/1564-Keyblade-Oathkeeper-Tendre-promesse-Kingdom-Hearts.jpg","type":"image\/jpeg"}],"twitter_card":"summary_large_image","twitter_misc":{"Tempo di lettura stimato":"1 minuto"},"schema":{"@context":"https:\/\/schema.org","@graph":[{"@type":"WebPage","@id":"https:\/\/repliquemangacine.fr\/katana-et-epee-de-jeux-video-autre-jeux-video\/keyblade-mousse-oathkeeper-tendre-promesse-kingdom-hearts\/","url":"https:\/\/repliquemangacine.fr\/katana-et-epee-de-jeux-video-autre-jeux-video\/keyblade-mousse-oathkeeper-tendre-promesse-kingdom-hearts\/","name":"Schiuma di promessa del Tender Keyblade - R\u00e9plique Manga Cin\u00e9","isPartOf":{"@id":"https:\/\/repliquemangacine.fr\/#website"},"primaryImageOfPage":{"@id":"https:\/\/repliquemangacine.fr\/katana-et-epee-de-jeux-video-autre-jeux-video\/keyblade-mousse-oathkeeper-tendre-promesse-kingdom-hearts\/#primaryimage"},"image":{"@id":"https:\/\/repliquemangacine.fr\/katana-et-epee-de-jeux-video-autre-jeux-video\/keyblade-mousse-oathkeeper-tendre-promesse-kingdom-hearts\/#primaryimage"},"thumbnailUrl":"https:\/\/repliquemangacine.fr\/wp-content\/uploads\/2023\/10\/1564-Keyblade-Oathkeeper-Tendre-promesse-Kingdom-Hearts.jpg","datePublished":"2017-01-30T17:07:58+00:00","dateModified":"2025-09-23T16:01:50+00:00","description":"Regalate loro il Keyblade Tendre Promesse Mousse di Kingdom Hearts a poco prezzo. Tutto in schiuma - Ideale per i bambini - Lunghezza: 89 cm - Consegna 24\/48h","breadcrumb":{"@id":"https:\/\/repliquemangacine.fr\/katana-et-epee-de-jeux-video-autre-jeux-video\/keyblade-mousse-oathkeeper-tendre-promesse-kingdom-hearts\/#breadcrumb"},"inLanguage":"it-IT","potentialAction":[{"@type":"ReadAction","target":["https:\/\/repliquemangacine.fr\/katana-et-epee-de-jeux-video-autre-jeux-video\/keyblade-mousse-oathkeeper-tendre-promesse-kingdom-hearts\/"]}]},{"@type":"ImageObject","inLanguage":"it-IT","@id":"https:\/\/repliquemangacine.fr\/katana-et-epee-de-jeux-video-autre-jeux-video\/keyblade-mousse-oathkeeper-tendre-promesse-kingdom-hearts\/#primaryimage","url":"https:\/\/repliquemangacine.fr\/wp-content\/uploads\/2023\/10\/1564-Keyblade-Oathkeeper-Tendre-promesse-Kingdom-Hearts.jpg","contentUrl":"https:\/\/repliquemangacine.fr\/wp-content\/uploads\/2023\/10\/1564-Keyblade-Oathkeeper-Tendre-promesse-Kingdom-Hearts.jpg","width":700,"height":700,"caption":"Keyblade Oathkeeper -Tendre promesse -Kingdom Hearts"},{"@type":"BreadcrumbList","@id":"https:\/\/repliquemangacine.fr\/katana-et-epee-de-jeux-video-autre-jeux-video\/keyblade-mousse-oathkeeper-tendre-promesse-kingdom-hearts\/#breadcrumb","itemListElement":[{"@type":"ListItem","position":1,"name":"Accueil","item":"https:\/\/repliquemangacine.fr\/"},{"@type":"ListItem","position":2,"name":"Produits","item":"https:\/\/repliquemangacine.fr\/boutique\/"},{"@type":"ListItem","position":3,"name":"Keyblade Tendre Promesse Mousse"}]},{"@type":"WebSite","@id":"https:\/\/repliquemangacine.fr\/#website","url":"https:\/\/repliquemangacine.fr\/","name":"R\u00e9plique Manga Cin\u00e9","description":"","publisher":{"@id":"https:\/\/repliquemangacine.fr\/#organization"},"potentialAction":[{"@type":"SearchAction","target":{"@type":"EntryPoint","urlTemplate":"https:\/\/repliquemangacine.fr\/?s={search_term_string}"},"query-input":{"@type":"PropertyValueSpecification","valueRequired":true,"valueName":"search_term_string"}}],"inLanguage":"it-IT"},{"@type":"Organization","@id":"https:\/\/repliquemangacine.fr\/#organization","name":"R\u00e9plique Manga Cin\u00e9","url":"https:\/\/repliquemangacine.fr\/","logo":{"@type":"ImageObject","inLanguage":"it-IT","@id":"https:\/\/repliquemangacine.fr\/#\/schema\/logo\/image\/","url":"https:\/\/repliquemangacine.fr\/wp-content\/uploads\/2023\/10\/RMC-500250.png","contentUrl":"https:\/\/repliquemangacine.fr\/wp-content\/uploads\/2023\/10\/RMC-500250.png","width":500,"height":250,"caption":"R\u00e9plique Manga Cin\u00e9"},"image":{"@id":"https:\/\/repliquemangacine.fr\/#\/schema\/logo\/image\/"},"sameAs":["https:\/\/www.facebook.com\/RepliqueMangaCine","https:\/\/www.instagram.com\/repliquemangacine.fr\/"]}]}},"_links":{"self":[{"href":"https:\/\/repliquemangacine.fr\/it\/wp-json\/wp\/v2\/product\/26815","targetHints":{"allow":["GET"]}}],"collection":[{"href":"https:\/\/repliquemangacine.fr\/it\/wp-json\/wp\/v2\/product"}],"about":[{"href":"https:\/\/repliquemangacine.fr\/it\/wp-json\/wp\/v2\/types\/product"}],"wp:featuredmedia":[{"embeddable":true,"href":"https:\/\/repliquemangacine.fr\/it\/wp-json\/wp\/v2\/media\/26816"}],"wp:attachment":[{"href":"https:\/\/repliquemangacine.fr\/it\/wp-json\/wp\/v2\/media?parent=26815"}],"wp:term":[{"taxonomy":"product_brand","embeddable":true,"href":"https:\/\/repliquemangacine.fr\/it\/wp-json\/wp\/v2\/product_brand?post=26815"},{"taxonomy":"product_cat","embeddable":true,"href":"https:\/\/repliquemangacine.fr\/it\/wp-json\/wp\/v2\/product_cat?post=26815"},{"taxonomy":"product_tag","embeddable":true,"href":"https:\/\/repliquemangacine.fr\/it\/wp-json\/wp\/v2\/product_tag?post=26815"}],"curies":[{"name":"wp","href":"https:\/\/api.w.org\/{rel}","templated":true}]}}