





{"id":26804,"date":"2017-01-17T16:43:56","date_gmt":"2017-01-17T15:43:56","guid":{"rendered":"https:\/\/repliquemangacine.fr\/?post_type=product&#038;p=26804"},"modified":"2026-02-20T17:15:16","modified_gmt":"2026-02-20T16:15:16","slug":"katana-ninja-cannello-ninjato","status":"publish","type":"product","link":"https:\/\/repliquemangacine.fr\/it\/katana-decoration\/katana-ninja-sarbacane-ninjato\/","title":{"rendered":"Katana Ninja cannello Ninjato"},"content":{"rendered":"<h2>Replica della cerbottana Ninjato Katana.<\/h2>\n<p>Per cominciare, il <strong>Katana Ninja cannello Ninjato<\/strong> \u00e8 assolutamente incredibile, con il suo cerbottana funzionante.<\/p>\n<p>Le <a href=\"https:\/\/fr.wikipedia.org\/wiki\/Shinobi_kenjutsu\" target=\"_blank\" rel=\"noopener noreferrer\">Shinobi Kenjutsu<\/a>, un'arte marziale giapponese che insegna la padronanza della spada Ninjat\u014d. Contrariamente alla pratica convenzionale del Kenjutsu, stabilita dai samurai. Lo Shinobi Kenjutsu si libera dal formalismo del bushido per considerare solo l'efficacia. Calci, pugni, attacchi al viso con la tsuka (impugnatura) o la tsuba (guardia), salti (cho yaku jutsu), falsi foderi (saya) e cerbottane.<\/p>\n<p>Tuttavia, nonostante l'aspetto fantasioso, \u00e8 necessario un eccellente livello di padronanza della spada per permettersi tali acrobazie. La cerbottana \u00e8 un tubo o un tubo con cui si lanciano piccoli proiettili con la forza del soffio.<\/p>\n<h2>La tua Sarbacane Ninjato Ninja Katana al miglior prezzo.<\/h2>\n<p>Vi proponiamo un'ampia scelta di repliche di arti marziali.<\/p>\n<p>Innanzitutto,<\/p>\n<ul>\n<li>Il set di due pezzi <a href=\"https:\/\/repliquemangacine.fr\/it\/spade-e-pugnali-fantasy\/machete-e-tanto-ninja\/\">machete e tanto ninja<\/a>Tutto in metallo con custodia per il trasporto.<\/li>\n<li>Ci sono anche i due <a href=\"https:\/\/repliquemangacine.fr\/it\/film-serie-tv-vendita-di-spade-katana-e-prodotti-correlati\/expendables-coltelli-da-lancio-giganti-kunai-jason-statham\/\">coltelli da lancio<\/a> utilizzato da Lee Christmas nel film \"The Expendables\".<\/li>\n<li>Cos\u00ec come il <a href=\"https:\/\/repliquemangacine.fr\/it\/fucina-di-katana\/katana-ninjato-sarbacane-sabre-ninja\/\">cannello a sciabola ninja<\/a> in una versione da taglio, forgiata a mano.<\/li>\n<li>E molto altro ancora da scoprire nel nostro negozio online!<\/li>\n<\/ul>\n<p>Ecco quindi alcune fantastiche idee regalo per tutti gli appassionati di cinema e serie TV.<\/p>\n<p>In conclusione, \u00e8 possibile utilizzare il metodo <strong>Katana Ninja cannello Ninjato<\/strong> per il vostro allenamento. Ma prima di tutto, questa spada \u00e8 un oggetto da collezione e da arredamento.<\/p>\n<p>R\u00e9plique Manga Cin\u00e9 \u00e8 un'azienda familiare francese.<\/p>\n<h2>Come faccio a mantenere la lama della mia spada?<\/h2>\n<p>Le spade da collezione e decorative sono realizzate e assemblate in modo semplificato. Poich\u00e9 il loro uso \u00e8 decorativo, non hanno le caratteristiche di sicurezza richieste per una spada giapponese destinata all'allenamento.<\/p>\n<p>Tuttavia, il vostro <strong>Katana Ninja cannello Ninjato<\/strong> a una lama d'acciaio che deve essere mantenuta per evitare che si danneggi nel tempo. Quando si espone la spada, gli amici saranno curiosi di vedere la lama e di toccarla. \u00c8 qui che bisogna fare attenzione, perch\u00e9 l'acidit\u00e0 delle dita \u00e8 molto dannosa per l'acciaio, qualunque sia la sua qualit\u00e0.<\/p>\n<p>Tuttavia, se ci\u00f2 dovesse accadere, niente panico: basta un panno inumidito con un po' d'olio per eliminare le impronte. In questo modo, la spada durer\u00e0 a lungo.<\/p>","protected":false},"excerpt":{"rendered":"<p>Questo Ninjato vi lascer\u00e0 a bocca aperta!<\/p>\n<ul>\n<li>Lama dritta in acciaio inossidabile con speciale rivestimento nero.<\/li>\n<li>Guardia quadra specifica.<\/li>\n<li>Manico in finta pelle di razza e trama in cotone.<\/li>\n<li>Fodero in legno con cannello e 12 aghi in metallo.<\/li>\n<li>Sarbacane funzionale.<\/li>\n<li>Lunghezza: 69 cm - Lunghezza totale: 106 cm<\/li>\n<\/ul>","protected":false},"featured_media":26805,"template":"","meta":[],"product_brand":[896],"product_cat":[26,32],"product_tag":[],"class_list":{"0":"post-26804","1":"product","2":"type-product","3":"status-publish","4":"has-post-thumbnail","6":"product_brand-replique-manga-cine","7":"product_cat-katana-epee","8":"product_cat-katana-decoration","10":"first","11":"instock","12":"sale","13":"taxable","14":"shipping-taxable","15":"purchasable","16":"product-type-simple"},"yoast_head":"<!-- This site is optimized with the Yoast SEO plugin v27.4 - https:\/\/yoast.com\/product\/yoast-seo-wordpress\/ -->\n<title>Katana Ninja sarbacane Ninjato - Boutique en ligne | RMC<\/title>\n<meta name=\"description\" content=\"Offre-lui ! Ce Katana Ninja sarbacane Ninjato au meilleur prix - Lame acier - Sarbacane fonctionnelle fix\u00e9 sur fourreau - 12 aiguilles - Longueur : 106 cm\" \/>\n<meta name=\"robots\" content=\"index, follow, max-snippet:-1, max-image-preview:large, max-video-preview:-1\" \/>\n<link rel=\"canonical\" href=\"https:\/\/repliquemangacine.fr\/it\/decorazione-della-katana\/katana-ninja-cannello-ninjato\/\" \/>\n<meta property=\"og:locale\" content=\"it_IT\" \/>\n<meta property=\"og:type\" content=\"article\" \/>\n<meta property=\"og:title\" content=\"Katana Ninja sarbacane Ninjato - Boutique en ligne | RMC\" \/>\n<meta property=\"og:description\" content=\"Offre-lui ! Ce Katana Ninja sarbacane Ninjato au meilleur prix - Lame acier - Sarbacane fonctionnelle fix\u00e9 sur fourreau - 12 aiguilles - Longueur : 106 cm\" \/>\n<meta property=\"og:url\" content=\"https:\/\/repliquemangacine.fr\/it\/decorazione-della-katana\/katana-ninja-cannello-ninjato\/\" \/>\n<meta property=\"og:site_name\" content=\"R\u00e9plique Manga Cin\u00e9\" \/>\n<meta property=\"article:publisher\" content=\"https:\/\/www.facebook.com\/RepliqueMangaCine\" \/>\n<meta property=\"article:modified_time\" content=\"2026-02-20T16:15:16+00:00\" \/>\n<meta property=\"og:image\" content=\"https:\/\/repliquemangacine.fr\/wp-content\/uploads\/2023\/10\/1513-Katana-Ninja-sarbacane-Ninjato.jpg\" \/>\n\t<meta property=\"og:image:width\" content=\"800\" \/>\n\t<meta property=\"og:image:height\" content=\"800\" \/>\n\t<meta property=\"og:image:type\" content=\"image\/jpeg\" \/>\n<meta name=\"twitter:card\" content=\"summary_large_image\" \/>\n<meta name=\"twitter:label1\" content=\"Tempo di lettura stimato\" \/>\n\t<meta name=\"twitter:data1\" content=\"1 minuto\" \/>\n<script type=\"application\/ld+json\" class=\"yoast-schema-graph\">{\"@context\":\"https:\\\/\\\/schema.org\",\"@graph\":[{\"@type\":\"WebPage\",\"@id\":\"https:\\\/\\\/repliquemangacine.fr\\\/katana-decoration\\\/katana-ninja-sarbacane-ninjato\\\/\",\"url\":\"https:\\\/\\\/repliquemangacine.fr\\\/katana-decoration\\\/katana-ninja-sarbacane-ninjato\\\/\",\"name\":\"Katana Ninja sarbacane Ninjato - Boutique en ligne | RMC\",\"isPartOf\":{\"@id\":\"https:\\\/\\\/repliquemangacine.fr\\\/#website\"},\"primaryImageOfPage\":{\"@id\":\"https:\\\/\\\/repliquemangacine.fr\\\/katana-decoration\\\/katana-ninja-sarbacane-ninjato\\\/#primaryimage\"},\"image\":{\"@id\":\"https:\\\/\\\/repliquemangacine.fr\\\/katana-decoration\\\/katana-ninja-sarbacane-ninjato\\\/#primaryimage\"},\"thumbnailUrl\":\"https:\\\/\\\/repliquemangacine.fr\\\/wp-content\\\/uploads\\\/2023\\\/10\\\/1513-Katana-Ninja-sarbacane-Ninjato.jpg\",\"datePublished\":\"2017-01-17T15:43:56+00:00\",\"dateModified\":\"2026-02-20T16:15:16+00:00\",\"description\":\"Offre-lui ! Ce Katana Ninja sarbacane Ninjato au meilleur prix - Lame acier - Sarbacane fonctionnelle fix\u00e9 sur fourreau - 12 aiguilles - Longueur : 106 cm\",\"breadcrumb\":{\"@id\":\"https:\\\/\\\/repliquemangacine.fr\\\/katana-decoration\\\/katana-ninja-sarbacane-ninjato\\\/#breadcrumb\"},\"inLanguage\":\"it-IT\",\"potentialAction\":[{\"@type\":\"ReadAction\",\"target\":[\"https:\\\/\\\/repliquemangacine.fr\\\/katana-decoration\\\/katana-ninja-sarbacane-ninjato\\\/\"]}]},{\"@type\":\"ImageObject\",\"inLanguage\":\"it-IT\",\"@id\":\"https:\\\/\\\/repliquemangacine.fr\\\/katana-decoration\\\/katana-ninja-sarbacane-ninjato\\\/#primaryimage\",\"url\":\"https:\\\/\\\/repliquemangacine.fr\\\/wp-content\\\/uploads\\\/2023\\\/10\\\/1513-Katana-Ninja-sarbacane-Ninjato.jpg\",\"contentUrl\":\"https:\\\/\\\/repliquemangacine.fr\\\/wp-content\\\/uploads\\\/2023\\\/10\\\/1513-Katana-Ninja-sarbacane-Ninjato.jpg\",\"width\":800,\"height\":800,\"caption\":\"Katana Ninja sarbacane - Ninjato\"},{\"@type\":\"BreadcrumbList\",\"@id\":\"https:\\\/\\\/repliquemangacine.fr\\\/katana-decoration\\\/katana-ninja-sarbacane-ninjato\\\/#breadcrumb\",\"itemListElement\":[{\"@type\":\"ListItem\",\"position\":1,\"name\":\"Accueil\",\"item\":\"https:\\\/\\\/repliquemangacine.fr\\\/\"},{\"@type\":\"ListItem\",\"position\":2,\"name\":\"Produits\",\"item\":\"https:\\\/\\\/repliquemangacine.fr\\\/boutique\\\/\"},{\"@type\":\"ListItem\",\"position\":3,\"name\":\"Katana Ninja sarbacane Ninjato\"}]},{\"@type\":\"WebSite\",\"@id\":\"https:\\\/\\\/repliquemangacine.fr\\\/#website\",\"url\":\"https:\\\/\\\/repliquemangacine.fr\\\/\",\"name\":\"R\u00e9plique Manga Cin\u00e9\",\"description\":\"\",\"publisher\":{\"@id\":\"https:\\\/\\\/repliquemangacine.fr\\\/#organization\"},\"potentialAction\":[{\"@type\":\"SearchAction\",\"target\":{\"@type\":\"EntryPoint\",\"urlTemplate\":\"https:\\\/\\\/repliquemangacine.fr\\\/?s={search_term_string}\"},\"query-input\":{\"@type\":\"PropertyValueSpecification\",\"valueRequired\":true,\"valueName\":\"search_term_string\"}}],\"inLanguage\":\"it-IT\"},{\"@type\":\"Organization\",\"@id\":\"https:\\\/\\\/repliquemangacine.fr\\\/#organization\",\"name\":\"R\u00e9plique Manga Cin\u00e9\",\"url\":\"https:\\\/\\\/repliquemangacine.fr\\\/\",\"logo\":{\"@type\":\"ImageObject\",\"inLanguage\":\"it-IT\",\"@id\":\"https:\\\/\\\/repliquemangacine.fr\\\/#\\\/schema\\\/logo\\\/image\\\/\",\"url\":\"https:\\\/\\\/repliquemangacine.fr\\\/wp-content\\\/uploads\\\/2023\\\/10\\\/RMC-500250.png\",\"contentUrl\":\"https:\\\/\\\/repliquemangacine.fr\\\/wp-content\\\/uploads\\\/2023\\\/10\\\/RMC-500250.png\",\"width\":500,\"height\":250,\"caption\":\"R\u00e9plique Manga Cin\u00e9\"},\"image\":{\"@id\":\"https:\\\/\\\/repliquemangacine.fr\\\/#\\\/schema\\\/logo\\\/image\\\/\"},\"sameAs\":[\"https:\\\/\\\/www.facebook.com\\\/RepliqueMangaCine\",\"https:\\\/\\\/www.instagram.com\\\/repliquemangacine.fr\\\/\"]}]}<\/script>\n<!-- \/ Yoast SEO plugin. -->","yoast_head_json":{"title":"Katana Ninja blowpipe Ninjato - Boutique en ligne | RMC","description":"Regala! Questa Katana Ninja con cerbottana Ninjato al miglior prezzo - Lama in acciaio - Cerbottana funzionale fissata sul fodero - 12 aghi - Lunghezza : 106 cm","robots":{"index":"index","follow":"follow","max-snippet":"max-snippet:-1","max-image-preview":"max-image-preview:large","max-video-preview":"max-video-preview:-1"},"canonical":"https:\/\/repliquemangacine.fr\/it\/decorazione-della-katana\/katana-ninja-cannello-ninjato\/","og_locale":"it_IT","og_type":"article","og_title":"Katana Ninja sarbacane Ninjato - Boutique en ligne | RMC","og_description":"Offre-lui ! Ce Katana Ninja sarbacane Ninjato au meilleur prix - Lame acier - Sarbacane fonctionnelle fix\u00e9 sur fourreau - 12 aiguilles - Longueur : 106 cm","og_url":"https:\/\/repliquemangacine.fr\/it\/decorazione-della-katana\/katana-ninja-cannello-ninjato\/","og_site_name":"R\u00e9plique Manga Cin\u00e9","article_publisher":"https:\/\/www.facebook.com\/RepliqueMangaCine","article_modified_time":"2026-02-20T16:15:16+00:00","og_image":[{"width":800,"height":800,"url":"https:\/\/repliquemangacine.fr\/wp-content\/uploads\/2023\/10\/1513-Katana-Ninja-sarbacane-Ninjato.jpg","type":"image\/jpeg"}],"twitter_card":"summary_large_image","twitter_misc":{"Tempo di lettura stimato":"1 minuto"},"schema":{"@context":"https:\/\/schema.org","@graph":[{"@type":"WebPage","@id":"https:\/\/repliquemangacine.fr\/katana-decoration\/katana-ninja-sarbacane-ninjato\/","url":"https:\/\/repliquemangacine.fr\/katana-decoration\/katana-ninja-sarbacane-ninjato\/","name":"Katana Ninja blowpipe Ninjato - Boutique en ligne | RMC","isPartOf":{"@id":"https:\/\/repliquemangacine.fr\/#website"},"primaryImageOfPage":{"@id":"https:\/\/repliquemangacine.fr\/katana-decoration\/katana-ninja-sarbacane-ninjato\/#primaryimage"},"image":{"@id":"https:\/\/repliquemangacine.fr\/katana-decoration\/katana-ninja-sarbacane-ninjato\/#primaryimage"},"thumbnailUrl":"https:\/\/repliquemangacine.fr\/wp-content\/uploads\/2023\/10\/1513-Katana-Ninja-sarbacane-Ninjato.jpg","datePublished":"2017-01-17T15:43:56+00:00","dateModified":"2026-02-20T16:15:16+00:00","description":"Regala! Questa Katana Ninja con cerbottana Ninjato al miglior prezzo - Lama in acciaio - Cerbottana funzionale fissata sul fodero - 12 aghi - Lunghezza : 106 cm","breadcrumb":{"@id":"https:\/\/repliquemangacine.fr\/katana-decoration\/katana-ninja-sarbacane-ninjato\/#breadcrumb"},"inLanguage":"it-IT","potentialAction":[{"@type":"ReadAction","target":["https:\/\/repliquemangacine.fr\/katana-decoration\/katana-ninja-sarbacane-ninjato\/"]}]},{"@type":"ImageObject","inLanguage":"it-IT","@id":"https:\/\/repliquemangacine.fr\/katana-decoration\/katana-ninja-sarbacane-ninjato\/#primaryimage","url":"https:\/\/repliquemangacine.fr\/wp-content\/uploads\/2023\/10\/1513-Katana-Ninja-sarbacane-Ninjato.jpg","contentUrl":"https:\/\/repliquemangacine.fr\/wp-content\/uploads\/2023\/10\/1513-Katana-Ninja-sarbacane-Ninjato.jpg","width":800,"height":800,"caption":"Katana Ninja sarbacane - Ninjato"},{"@type":"BreadcrumbList","@id":"https:\/\/repliquemangacine.fr\/katana-decoration\/katana-ninja-sarbacane-ninjato\/#breadcrumb","itemListElement":[{"@type":"ListItem","position":1,"name":"Accueil","item":"https:\/\/repliquemangacine.fr\/"},{"@type":"ListItem","position":2,"name":"Produits","item":"https:\/\/repliquemangacine.fr\/boutique\/"},{"@type":"ListItem","position":3,"name":"Katana Ninja sarbacane Ninjato"}]},{"@type":"WebSite","@id":"https:\/\/repliquemangacine.fr\/#website","url":"https:\/\/repliquemangacine.fr\/","name":"R\u00e9plique Manga Cin\u00e9","description":"","publisher":{"@id":"https:\/\/repliquemangacine.fr\/#organization"},"potentialAction":[{"@type":"SearchAction","target":{"@type":"EntryPoint","urlTemplate":"https:\/\/repliquemangacine.fr\/?s={search_term_string}"},"query-input":{"@type":"PropertyValueSpecification","valueRequired":true,"valueName":"search_term_string"}}],"inLanguage":"it-IT"},{"@type":"Organization","@id":"https:\/\/repliquemangacine.fr\/#organization","name":"R\u00e9plique Manga Cin\u00e9","url":"https:\/\/repliquemangacine.fr\/","logo":{"@type":"ImageObject","inLanguage":"it-IT","@id":"https:\/\/repliquemangacine.fr\/#\/schema\/logo\/image\/","url":"https:\/\/repliquemangacine.fr\/wp-content\/uploads\/2023\/10\/RMC-500250.png","contentUrl":"https:\/\/repliquemangacine.fr\/wp-content\/uploads\/2023\/10\/RMC-500250.png","width":500,"height":250,"caption":"R\u00e9plique Manga Cin\u00e9"},"image":{"@id":"https:\/\/repliquemangacine.fr\/#\/schema\/logo\/image\/"},"sameAs":["https:\/\/www.facebook.com\/RepliqueMangaCine","https:\/\/www.instagram.com\/repliquemangacine.fr\/"]}]}},"_links":{"self":[{"href":"https:\/\/repliquemangacine.fr\/it\/wp-json\/wp\/v2\/product\/26804","targetHints":{"allow":["GET"]}}],"collection":[{"href":"https:\/\/repliquemangacine.fr\/it\/wp-json\/wp\/v2\/product"}],"about":[{"href":"https:\/\/repliquemangacine.fr\/it\/wp-json\/wp\/v2\/types\/product"}],"wp:featuredmedia":[{"embeddable":true,"href":"https:\/\/repliquemangacine.fr\/it\/wp-json\/wp\/v2\/media\/26805"}],"wp:attachment":[{"href":"https:\/\/repliquemangacine.fr\/it\/wp-json\/wp\/v2\/media?parent=26804"}],"wp:term":[{"taxonomy":"product_brand","embeddable":true,"href":"https:\/\/repliquemangacine.fr\/it\/wp-json\/wp\/v2\/product_brand?post=26804"},{"taxonomy":"product_cat","embeddable":true,"href":"https:\/\/repliquemangacine.fr\/it\/wp-json\/wp\/v2\/product_cat?post=26804"},{"taxonomy":"product_tag","embeddable":true,"href":"https:\/\/repliquemangacine.fr\/it\/wp-json\/wp\/v2\/product_tag?post=26804"}],"curies":[{"name":"wp","href":"https:\/\/api.w.org\/{rel}","templated":true}]}}