





{"id":26792,"date":"2017-01-16T23:14:56","date_gmt":"2017-01-16T22:14:56","guid":{"rendered":"https:\/\/repliquemangacine.fr\/?post_type=product&#038;p=26792"},"modified":"2026-02-25T01:25:36","modified_gmt":"2026-02-25T00:25:36","slug":"katana-pratica-seigi","status":"publish","type":"product","link":"https:\/\/repliquemangacine.fr\/it\/katanas-le-dernier-samourai\/katana-practical-seigi\/","title":{"rendered":"Katana Seigi"},"content":{"rendered":"<h2>La katana forgiata da Seigi utilizzata ne L'ultimo samurai.<\/h2>\n<p>Per cominciare, il <strong>Seigi ha forgiato la katana<\/strong> \u00e8 realizzata con le tecniche di un maestro fabbro. Le katane forgiate da Fudoshin sono tradizionalmente realizzate a mano secondo le tecniche ancestrali del maestro Masahiro e offrono la garanzia di una lama di qualit\u00e0 e finitura eccezionali.<\/p>\n<p>La sciabola giapponese descrive un insieme di armi a lama realizzate secondo le tecniche giapponesi. Esse comprendono il Tachi, il Wakizashi, il Tanto e, naturalmente, la famosa Katana.<\/p>\n<p>La katana \u00e8 la spada giapponese pi\u00f9 popolare. Indossata dai samurai, \u00e8 stata tramandata da diverse generazioni. Ecco perch\u00e9 ci sono cos\u00ec tante <a href=\"https:\/\/www.touken.or.jp\/english\/\" target=\"_blank\" rel=\"noopener noreferrer\">musei<\/a> in Giappone.<\/p>\n<p>\u00c8 importante sapere per cosa si vuole usare la katana.<\/p>\n<ul>\n<li>Per i principianti, acciaio 1045.<\/li>\n<li>Per l'allenamento al taglio, acciaio 1060.<\/li>\n<li>Per un uso intensivo, acciaio 1095.<\/li>\n<\/ul>\n<h2>La tua Katana forgiata Seigi al miglior prezzo.<\/h2>\n<p>Offriamo un'ampia gamma di spade giapponesi per l'allenamento e la decorazione.<\/p>\n<p>Innanzitutto,<\/p>\n<ul>\n<li>Le <a href=\"https:\/\/repliquemangacine.fr\/it\/fucina-di-katana\/katana-dragon-forge\/\">Katana del drago forgiata<\/a> allenamento al taglio per principianti.<\/li>\n<li>Ma anche il <a href=\"https:\/\/repliquemangacine.fr\/it\/lultimo-samurai\/la-katana-forgia-lultimo-samurai\/\">katana di Nathan Algren<\/a> nel film L'ultimo samurai.<\/li>\n<li>E molti altri da scoprire nel nostro negozio online!<\/li>\n<\/ul>\n<p>Ecco perch\u00e9 \u00e8 un'ottima idea regalo per gli amanti delle arti marziali.<\/p>\n<p>In conclusione, \u00e8 possibile utilizzare questo <strong>Seigi ha forgiato la katana<\/strong> per il vostro primo taglio o per la vostra collezione. Ma soprattutto, questa Katana Fudoshin \u00e8 anche un oggetto da collezione e un pezzo decorativo.<\/p>\n<h2>Come faccio a mantenere la lama della mia katana Fudoshin?<\/h2>\n<p>Le katane da collezione e decorative sono realizzate e assemblate in modo semplificato. Poich\u00e9 il loro uso \u00e8 decorativo, non hanno le caratteristiche di sicurezza richieste da una spada giapponese destinata all'allenamento.<\/p>\n<p>Tuttavia, il vostro <strong>Seigi ha forgiato la katana<\/strong> a una lama d'acciaio che deve essere curata per evitare che si danneggi nel tempo. Quando si espone la katana, gli amici saranno curiosi di vedere la lama e di toccarla. \u00c8 qui che bisogna fare attenzione, perch\u00e9 l'acidit\u00e0 delle dita \u00e8 molto dannosa per l'acciaio, indipendentemente dalla sua qualit\u00e0.<\/p>\n<p>Tuttavia, se ci\u00f2 dovesse accadere, niente panico: basta un panno inumidito con un po' d'olio per eliminare le impronte. In questo modo, la spada durer\u00e0 a lungo.<\/p>","protected":false},"excerpt":{"rendered":"<p>Realizzata a mano, questa sublime katana \u00e8 stata forgiata a mano secondo la tecnica del Maestro Masahiro.<\/p>\n<ul>\n<li>Lama da taglio in acciaio 1095 forgiato.<\/li>\n<li>Forgia Maru. Durezza: 60 HRC\/40 HRC<\/li>\n<li>Argilla Hamon, qualit\u00e0 giapponese. Linea di tempera autentica.<\/li>\n<li>Saya laccato nero.<\/li>\n<li>Tsuka ricoperto da una treccia di cotone nero.<\/li>\n<li>Tsuba in acciaio.<\/li>\n<li>Pu\u00f2 essere smontato per la manutenzione.<\/li>\n<li>Coperchio di protezione.<\/li>\n<li>Lunghezza lama: 70 cm - Lunghezza totale: 102 cm<\/li>\n<\/ul>","protected":false},"featured_media":26793,"template":"","meta":[],"product_brand":[896],"product_cat":[66,24,26,38,88],"product_tag":[],"class_list":{"0":"post-26792","1":"product","2":"type-product","3":"status-publish","4":"has-post-thumbnail","6":"product_brand-replique-manga-cine","7":"product_cat-repliques-d-armes-films-et-series","8":"product_cat-films-series-tv-vente-de-katana-epee-et-produits-derives","9":"product_cat-katana-epee","10":"product_cat-katana-forge","11":"product_cat-katanas-le-dernier-samourai","13":"first","14":"instock","15":"taxable","16":"shipping-taxable","17":"purchasable","18":"product-type-simple"},"yoast_head":"<!-- This site is optimized with the Yoast SEO plugin v27.4 - https:\/\/yoast.com\/product\/yoast-seo-wordpress\/ -->\n<title>Katana forg\u00e9 Seigi - Sabre Fudoshin | Replique Manga Cine<\/title>\n<meta name=\"description\" content=\"Offrez-vous le Katana forg\u00e9 Seigi Fudoshin au meilleur prix - Lame en acier 1095 - Forg\u00e9e main - Type Maru - Trempe s\u00e9lective - Longueur : 102 cm\" \/>\n<meta name=\"robots\" content=\"index, follow, max-snippet:-1, max-image-preview:large, max-video-preview:-1\" \/>\n<link rel=\"canonical\" href=\"https:\/\/repliquemangacine.fr\/it\/katana-lultimo-samurai\/katana-pratica-seigi\/\" \/>\n<meta property=\"og:locale\" content=\"it_IT\" \/>\n<meta property=\"og:type\" content=\"article\" \/>\n<meta property=\"og:title\" content=\"Katana forg\u00e9 Seigi - Sabre Fudoshin | Replique Manga Cine\" \/>\n<meta property=\"og:description\" content=\"Offrez-vous le Katana forg\u00e9 Seigi Fudoshin au meilleur prix - Lame en acier 1095 - Forg\u00e9e main - Type Maru - Trempe s\u00e9lective - Longueur : 102 cm\" \/>\n<meta property=\"og:url\" content=\"https:\/\/repliquemangacine.fr\/it\/katana-lultimo-samurai\/katana-pratica-seigi\/\" \/>\n<meta property=\"og:site_name\" content=\"R\u00e9plique Manga Cin\u00e9\" \/>\n<meta property=\"article:publisher\" content=\"https:\/\/www.facebook.com\/RepliqueMangaCine\" \/>\n<meta property=\"article:modified_time\" content=\"2026-02-25T00:25:36+00:00\" \/>\n<meta property=\"og:image\" content=\"https:\/\/repliquemangacine.fr\/wp-content\/uploads\/2023\/10\/1499-Katana-practical-Seigi.jpg\" \/>\n\t<meta property=\"og:image:width\" content=\"800\" \/>\n\t<meta property=\"og:image:height\" content=\"800\" \/>\n\t<meta property=\"og:image:type\" content=\"image\/jpeg\" \/>\n<meta name=\"twitter:card\" content=\"summary_large_image\" \/>\n<meta name=\"twitter:label1\" content=\"Tempo di lettura stimato\" \/>\n\t<meta name=\"twitter:data1\" content=\"1 minuto\" \/>\n<script type=\"application\/ld+json\" class=\"yoast-schema-graph\">{\"@context\":\"https:\\\/\\\/schema.org\",\"@graph\":[{\"@type\":\"WebPage\",\"@id\":\"https:\\\/\\\/repliquemangacine.fr\\\/katanas-le-dernier-samourai\\\/katana-practical-seigi\\\/\",\"url\":\"https:\\\/\\\/repliquemangacine.fr\\\/katanas-le-dernier-samourai\\\/katana-practical-seigi\\\/\",\"name\":\"Katana forg\u00e9 Seigi - Sabre Fudoshin | Replique Manga Cine\",\"isPartOf\":{\"@id\":\"https:\\\/\\\/repliquemangacine.fr\\\/#website\"},\"primaryImageOfPage\":{\"@id\":\"https:\\\/\\\/repliquemangacine.fr\\\/katanas-le-dernier-samourai\\\/katana-practical-seigi\\\/#primaryimage\"},\"image\":{\"@id\":\"https:\\\/\\\/repliquemangacine.fr\\\/katanas-le-dernier-samourai\\\/katana-practical-seigi\\\/#primaryimage\"},\"thumbnailUrl\":\"https:\\\/\\\/repliquemangacine.fr\\\/wp-content\\\/uploads\\\/2023\\\/10\\\/1499-Katana-practical-Seigi.jpg\",\"datePublished\":\"2017-01-16T22:14:56+00:00\",\"dateModified\":\"2026-02-25T00:25:36+00:00\",\"description\":\"Offrez-vous le Katana forg\u00e9 Seigi Fudoshin au meilleur prix - Lame en acier 1095 - Forg\u00e9e main - Type Maru - Trempe s\u00e9lective - Longueur : 102 cm\",\"breadcrumb\":{\"@id\":\"https:\\\/\\\/repliquemangacine.fr\\\/katanas-le-dernier-samourai\\\/katana-practical-seigi\\\/#breadcrumb\"},\"inLanguage\":\"it-IT\",\"potentialAction\":[{\"@type\":\"ReadAction\",\"target\":[\"https:\\\/\\\/repliquemangacine.fr\\\/katanas-le-dernier-samourai\\\/katana-practical-seigi\\\/\"]}]},{\"@type\":\"ImageObject\",\"inLanguage\":\"it-IT\",\"@id\":\"https:\\\/\\\/repliquemangacine.fr\\\/katanas-le-dernier-samourai\\\/katana-practical-seigi\\\/#primaryimage\",\"url\":\"https:\\\/\\\/repliquemangacine.fr\\\/wp-content\\\/uploads\\\/2023\\\/10\\\/1499-Katana-practical-Seigi.jpg\",\"contentUrl\":\"https:\\\/\\\/repliquemangacine.fr\\\/wp-content\\\/uploads\\\/2023\\\/10\\\/1499-Katana-practical-Seigi.jpg\",\"width\":800,\"height\":800,\"caption\":\"Katana practical Seigi\"},{\"@type\":\"BreadcrumbList\",\"@id\":\"https:\\\/\\\/repliquemangacine.fr\\\/katanas-le-dernier-samourai\\\/katana-practical-seigi\\\/#breadcrumb\",\"itemListElement\":[{\"@type\":\"ListItem\",\"position\":1,\"name\":\"Accueil\",\"item\":\"https:\\\/\\\/repliquemangacine.fr\\\/\"},{\"@type\":\"ListItem\",\"position\":2,\"name\":\"Produits\",\"item\":\"https:\\\/\\\/repliquemangacine.fr\\\/boutique\\\/\"},{\"@type\":\"ListItem\",\"position\":3,\"name\":\"Katana Seigi\"}]},{\"@type\":\"WebSite\",\"@id\":\"https:\\\/\\\/repliquemangacine.fr\\\/#website\",\"url\":\"https:\\\/\\\/repliquemangacine.fr\\\/\",\"name\":\"R\u00e9plique Manga Cin\u00e9\",\"description\":\"\",\"publisher\":{\"@id\":\"https:\\\/\\\/repliquemangacine.fr\\\/#organization\"},\"potentialAction\":[{\"@type\":\"SearchAction\",\"target\":{\"@type\":\"EntryPoint\",\"urlTemplate\":\"https:\\\/\\\/repliquemangacine.fr\\\/?s={search_term_string}\"},\"query-input\":{\"@type\":\"PropertyValueSpecification\",\"valueRequired\":true,\"valueName\":\"search_term_string\"}}],\"inLanguage\":\"it-IT\"},{\"@type\":\"Organization\",\"@id\":\"https:\\\/\\\/repliquemangacine.fr\\\/#organization\",\"name\":\"R\u00e9plique Manga Cin\u00e9\",\"url\":\"https:\\\/\\\/repliquemangacine.fr\\\/\",\"logo\":{\"@type\":\"ImageObject\",\"inLanguage\":\"it-IT\",\"@id\":\"https:\\\/\\\/repliquemangacine.fr\\\/#\\\/schema\\\/logo\\\/image\\\/\",\"url\":\"https:\\\/\\\/repliquemangacine.fr\\\/wp-content\\\/uploads\\\/2023\\\/10\\\/RMC-500250.png\",\"contentUrl\":\"https:\\\/\\\/repliquemangacine.fr\\\/wp-content\\\/uploads\\\/2023\\\/10\\\/RMC-500250.png\",\"width\":500,\"height\":250,\"caption\":\"R\u00e9plique Manga Cin\u00e9\"},\"image\":{\"@id\":\"https:\\\/\\\/repliquemangacine.fr\\\/#\\\/schema\\\/logo\\\/image\\\/\"},\"sameAs\":[\"https:\\\/\\\/www.facebook.com\\\/RepliqueMangaCine\",\"https:\\\/\\\/www.instagram.com\\\/repliquemangacine.fr\\\/\"]}]}<\/script>\n<!-- \/ Yoast SEO plugin. -->","yoast_head_json":{"title":"Katana forgiata Seigi - Sciabola Fudoshin | Replique Manga Cine","description":"Regalatevi la Katana forgiata Seigi Fudoshin al miglior prezzo - Lama in acciaio 1095 - Forgiata a mano - Tipo Maru - Tempra selettiva - Lunghezza : 102 cm","robots":{"index":"index","follow":"follow","max-snippet":"max-snippet:-1","max-image-preview":"max-image-preview:large","max-video-preview":"max-video-preview:-1"},"canonical":"https:\/\/repliquemangacine.fr\/it\/katana-lultimo-samurai\/katana-pratica-seigi\/","og_locale":"it_IT","og_type":"article","og_title":"Katana forg\u00e9 Seigi - Sabre Fudoshin | Replique Manga Cine","og_description":"Offrez-vous le Katana forg\u00e9 Seigi Fudoshin au meilleur prix - Lame en acier 1095 - Forg\u00e9e main - Type Maru - Trempe s\u00e9lective - Longueur : 102 cm","og_url":"https:\/\/repliquemangacine.fr\/it\/katana-lultimo-samurai\/katana-pratica-seigi\/","og_site_name":"R\u00e9plique Manga Cin\u00e9","article_publisher":"https:\/\/www.facebook.com\/RepliqueMangaCine","article_modified_time":"2026-02-25T00:25:36+00:00","og_image":[{"width":800,"height":800,"url":"https:\/\/repliquemangacine.fr\/wp-content\/uploads\/2023\/10\/1499-Katana-practical-Seigi.jpg","type":"image\/jpeg"}],"twitter_card":"summary_large_image","twitter_misc":{"Tempo di lettura stimato":"1 minuto"},"schema":{"@context":"https:\/\/schema.org","@graph":[{"@type":"WebPage","@id":"https:\/\/repliquemangacine.fr\/katanas-le-dernier-samourai\/katana-practical-seigi\/","url":"https:\/\/repliquemangacine.fr\/katanas-le-dernier-samourai\/katana-practical-seigi\/","name":"Katana forgiata Seigi - Sciabola Fudoshin | Replique Manga Cine","isPartOf":{"@id":"https:\/\/repliquemangacine.fr\/#website"},"primaryImageOfPage":{"@id":"https:\/\/repliquemangacine.fr\/katanas-le-dernier-samourai\/katana-practical-seigi\/#primaryimage"},"image":{"@id":"https:\/\/repliquemangacine.fr\/katanas-le-dernier-samourai\/katana-practical-seigi\/#primaryimage"},"thumbnailUrl":"https:\/\/repliquemangacine.fr\/wp-content\/uploads\/2023\/10\/1499-Katana-practical-Seigi.jpg","datePublished":"2017-01-16T22:14:56+00:00","dateModified":"2026-02-25T00:25:36+00:00","description":"Regalatevi la Katana forgiata Seigi Fudoshin al miglior prezzo - Lama in acciaio 1095 - Forgiata a mano - Tipo Maru - Tempra selettiva - Lunghezza : 102 cm","breadcrumb":{"@id":"https:\/\/repliquemangacine.fr\/katanas-le-dernier-samourai\/katana-practical-seigi\/#breadcrumb"},"inLanguage":"it-IT","potentialAction":[{"@type":"ReadAction","target":["https:\/\/repliquemangacine.fr\/katanas-le-dernier-samourai\/katana-practical-seigi\/"]}]},{"@type":"ImageObject","inLanguage":"it-IT","@id":"https:\/\/repliquemangacine.fr\/katanas-le-dernier-samourai\/katana-practical-seigi\/#primaryimage","url":"https:\/\/repliquemangacine.fr\/wp-content\/uploads\/2023\/10\/1499-Katana-practical-Seigi.jpg","contentUrl":"https:\/\/repliquemangacine.fr\/wp-content\/uploads\/2023\/10\/1499-Katana-practical-Seigi.jpg","width":800,"height":800,"caption":"Katana practical Seigi"},{"@type":"BreadcrumbList","@id":"https:\/\/repliquemangacine.fr\/katanas-le-dernier-samourai\/katana-practical-seigi\/#breadcrumb","itemListElement":[{"@type":"ListItem","position":1,"name":"Accueil","item":"https:\/\/repliquemangacine.fr\/"},{"@type":"ListItem","position":2,"name":"Produits","item":"https:\/\/repliquemangacine.fr\/boutique\/"},{"@type":"ListItem","position":3,"name":"Katana Seigi"}]},{"@type":"WebSite","@id":"https:\/\/repliquemangacine.fr\/#website","url":"https:\/\/repliquemangacine.fr\/","name":"R\u00e9plique Manga Cin\u00e9","description":"","publisher":{"@id":"https:\/\/repliquemangacine.fr\/#organization"},"potentialAction":[{"@type":"SearchAction","target":{"@type":"EntryPoint","urlTemplate":"https:\/\/repliquemangacine.fr\/?s={search_term_string}"},"query-input":{"@type":"PropertyValueSpecification","valueRequired":true,"valueName":"search_term_string"}}],"inLanguage":"it-IT"},{"@type":"Organization","@id":"https:\/\/repliquemangacine.fr\/#organization","name":"R\u00e9plique Manga Cin\u00e9","url":"https:\/\/repliquemangacine.fr\/","logo":{"@type":"ImageObject","inLanguage":"it-IT","@id":"https:\/\/repliquemangacine.fr\/#\/schema\/logo\/image\/","url":"https:\/\/repliquemangacine.fr\/wp-content\/uploads\/2023\/10\/RMC-500250.png","contentUrl":"https:\/\/repliquemangacine.fr\/wp-content\/uploads\/2023\/10\/RMC-500250.png","width":500,"height":250,"caption":"R\u00e9plique Manga Cin\u00e9"},"image":{"@id":"https:\/\/repliquemangacine.fr\/#\/schema\/logo\/image\/"},"sameAs":["https:\/\/www.facebook.com\/RepliqueMangaCine","https:\/\/www.instagram.com\/repliquemangacine.fr\/"]}]}},"_links":{"self":[{"href":"https:\/\/repliquemangacine.fr\/it\/wp-json\/wp\/v2\/product\/26792","targetHints":{"allow":["GET"]}}],"collection":[{"href":"https:\/\/repliquemangacine.fr\/it\/wp-json\/wp\/v2\/product"}],"about":[{"href":"https:\/\/repliquemangacine.fr\/it\/wp-json\/wp\/v2\/types\/product"}],"wp:featuredmedia":[{"embeddable":true,"href":"https:\/\/repliquemangacine.fr\/it\/wp-json\/wp\/v2\/media\/26793"}],"wp:attachment":[{"href":"https:\/\/repliquemangacine.fr\/it\/wp-json\/wp\/v2\/media?parent=26792"}],"wp:term":[{"taxonomy":"product_brand","embeddable":true,"href":"https:\/\/repliquemangacine.fr\/it\/wp-json\/wp\/v2\/product_brand?post=26792"},{"taxonomy":"product_cat","embeddable":true,"href":"https:\/\/repliquemangacine.fr\/it\/wp-json\/wp\/v2\/product_cat?post=26792"},{"taxonomy":"product_tag","embeddable":true,"href":"https:\/\/repliquemangacine.fr\/it\/wp-json\/wp\/v2\/product_tag?post=26792"}],"curies":[{"name":"wp","href":"https:\/\/api.w.org\/{rel}","templated":true}]}}