





{"id":26786,"date":"2017-01-16T22:52:46","date_gmt":"2017-01-16T21:52:46","guid":{"rendered":"https:\/\/repliquemangacine.fr\/?post_type=product&#038;p=26786"},"modified":"2026-02-27T09:39:04","modified_gmt":"2026-02-27T08:39:04","slug":"lama-forgiata-della-katana-maru","status":"publish","type":"product","link":"https:\/\/repliquemangacine.fr\/it\/katana-forge\/katana-de-coupe-forge-lame-maru\/","title":{"rendered":"Katana da taglio forgiata"},"content":{"rendered":"<h2>Katana da taglio forgiata Bushido<\/h2>\n<p>Per cominciare, il <strong>Katana da taglio forgiata<\/strong> \u00e8 realizzato con le tecniche di un maestro fabbro.<\/p>\n<p>La katana \u00e8 la spada giapponese pi\u00f9 popolare. Indossata dai samurai giapponesi, \u00e8 stata tramandata da diverse generazioni. Ecco perch\u00e9 ci sono cos\u00ec tante <a href=\"https:\/\/www.japan.travel\/fr\/spot\/1669\/\" target=\"_blank\" rel=\"noopener noreferrer\">musei in Giappone<\/a>.<\/p>\n<p>Cominciamo con le lame: \u00e8 importante sapere per cosa si vuole usare la katana.<\/p>\n<ul>\n<li>Per i principianti, l'acciaio 1045 (carbonio 0,45%) \u00e8 pensato per un'introduzione al taglio di oggetti morbidi.<\/li>\n<li>Per l'azionamento del taglio, l'acciaio 1060 (carbonio 0,60%) \u00e8 ideale per i supporti tradizionali.<\/li>\n<li>Per l'uso intensivo, l'acciaio 1095 (carbonio 0,95%) \u00e8 riservato agli utenti esperti su stuoie tatami o bamb\u00f9 verde.<\/li>\n<\/ul>\n<h2>La vostra Katana da taglio forgiata al miglior prezzo.<\/h2>\n<p>Offriamo un'ampia gamma di spade giapponesi per l'allenamento e la decorazione.<\/p>\n<p>Innanzitutto,<\/p>\n<ul>\n<li>Le <a href=\"https:\/\/repliquemangacine.fr\/it\/katana-uccisore-di-demoni\/kamado-tanjiro-forgiato-katana\/\">Katana affilata Tanjir\u014d Kamado<\/a> nella versione forgiata a mano del manga Demon Slayer.<\/li>\n<li>Ma anche il <a href=\"https:\/\/repliquemangacine.fr\/it\/fucina-di-katana\/katana-samourai-forge-1045\/\">Samurai katana<\/a> formazione al taglio.<\/li>\n<li>E molti altri da scoprire nel nostro negozio online!<\/li>\n<\/ul>\n<p>Ecco perch\u00e9 \u00e8 un'ottima idea regalo per gli amanti delle arti marziali.<\/p>\n<p>\u00c8 inoltre possibile utilizzare questo <strong>Katana da taglio forgiata<\/strong> per il vostro primo taglio o per la vostra collezione. Ma soprattutto, questa spada affilata \u00e8 anche un oggetto da collezione e un pezzo decorativo.<\/p>\n<p>R\u00e9plique Manga Cin\u00e9 \u00e8 un'azienda familiare francese.<\/p>\n<h2>Come si mantiene la lama della katana?<\/h2>\n<p>Le katane da collezione e decorative sono realizzate e assemblate in modo semplificato. Poich\u00e9 il loro uso \u00e8 decorativo, non hanno le caratteristiche di sicurezza richieste da una spada giapponese destinata all'allenamento.<\/p>\n<p>Tuttavia, il vostro <strong>Katana da taglio forgiata<\/strong> a una lama d'acciaio che deve essere mantenuta per evitare che si danneggi nel tempo. Quando si espone la spada, gli amici saranno curiosi di vedere la lama e di toccarla. \u00c8 qui che bisogna fare attenzione, perch\u00e9 l'acidit\u00e0 delle dita \u00e8 molto dannosa per l'acciaio, qualunque sia la sua qualit\u00e0.<\/p>\n<p>Tuttavia, se ci\u00f2 accade, non bisogna farsi prendere dal panico: basta usare un panno inumidito con un po' d'olio e cancellare le impronte digitali. In questo modo, la katana durer\u00e0 a lungo.<\/p>","protected":false},"excerpt":{"rendered":"<p>Realizzato a mano con le tecniche di un maestro fabbro.<\/p>\n<ul>\n<li>Lama da taglio in acciaio 1045 forgiato.<\/li>\n<li>Forge Maru.<\/li>\n<li>Linea di spegnimento.<\/li>\n<li>Fodero laccato nero.<\/li>\n<li>Manico circondato da una treccia di cotone bianco.<\/li>\n<li>Tsuba in acciaio.<\/li>\n<li>Pu\u00f2 essere smontato per la manutenzione.<\/li>\n<li>Lunghezza lama: 70 cm - Lunghezza totale: 103 cm<\/li>\n<\/ul>","protected":false},"featured_media":26787,"template":"","meta":[],"product_brand":[896],"product_cat":[26,38],"product_tag":[],"class_list":{"0":"post-26786","1":"product","2":"type-product","3":"status-publish","4":"has-post-thumbnail","6":"product_brand-replique-manga-cine","7":"product_cat-katana-epee","8":"product_cat-katana-forge","10":"first","11":"outofstock","12":"taxable","13":"shipping-taxable","14":"purchasable","15":"product-type-simple"},"yoast_head":"<!-- This site is optimized with the Yoast SEO plugin v27.5 - https:\/\/yoast.com\/product\/yoast-seo-wordpress\/ -->\n<title>Katana de Coupe Forg\u00e9 - Sabre tranchant - R\u00e9plique Manga Cin\u00e9<\/title>\n<meta name=\"description\" content=\"Offre-lui ! Ce Katana de Coupe Forg\u00e9 au meilleur prix - Lame acier Maru tranchante avec gorge - Garde acier d\u00e9cor\u00e9e - Longueur totale : 103 cm\" \/>\n<meta name=\"robots\" content=\"index, follow, max-snippet:-1, max-image-preview:large, max-video-preview:-1\" \/>\n<link rel=\"canonical\" href=\"https:\/\/repliquemangacine.fr\/it\/fucina-di-katana\/lama-forgiata-della-katana-maru\/\" \/>\n<meta property=\"og:locale\" content=\"it_IT\" \/>\n<meta property=\"og:type\" content=\"article\" \/>\n<meta property=\"og:title\" content=\"Katana de Coupe Forg\u00e9 - Sabre tranchant - R\u00e9plique Manga Cin\u00e9\" \/>\n<meta property=\"og:description\" content=\"Offre-lui ! Ce Katana de Coupe Forg\u00e9 au meilleur prix - Lame acier Maru tranchante avec gorge - Garde acier d\u00e9cor\u00e9e - Longueur totale : 103 cm\" \/>\n<meta property=\"og:url\" content=\"https:\/\/repliquemangacine.fr\/it\/fucina-di-katana\/lama-forgiata-della-katana-maru\/\" \/>\n<meta property=\"og:site_name\" content=\"R\u00e9plique Manga Cin\u00e9\" \/>\n<meta property=\"article:publisher\" content=\"https:\/\/www.facebook.com\/RepliqueMangaCine\" \/>\n<meta property=\"article:modified_time\" content=\"2026-02-27T08:39:04+00:00\" \/>\n<meta property=\"og:image\" content=\"https:\/\/repliquemangacine.fr\/wp-content\/uploads\/2023\/10\/1495-Katana-de-coupe-Lame-Maru.jpg\" \/>\n\t<meta property=\"og:image:width\" content=\"800\" \/>\n\t<meta property=\"og:image:height\" content=\"800\" \/>\n\t<meta property=\"og:image:type\" content=\"image\/jpeg\" \/>\n<meta name=\"twitter:card\" content=\"summary_large_image\" \/>\n<meta name=\"twitter:label1\" content=\"Tempo di lettura stimato\" \/>\n\t<meta name=\"twitter:data1\" content=\"1 minuto\" \/>\n<script type=\"application\/ld+json\" class=\"yoast-schema-graph\">{\"@context\":\"https:\\\/\\\/schema.org\",\"@graph\":[{\"@type\":\"WebPage\",\"@id\":\"https:\\\/\\\/repliquemangacine.fr\\\/katana-forge\\\/katana-de-coupe-forge-lame-maru\\\/\",\"url\":\"https:\\\/\\\/repliquemangacine.fr\\\/katana-forge\\\/katana-de-coupe-forge-lame-maru\\\/\",\"name\":\"Katana de Coupe Forg\u00e9 - Sabre tranchant - R\u00e9plique Manga Cin\u00e9\",\"isPartOf\":{\"@id\":\"https:\\\/\\\/repliquemangacine.fr\\\/#website\"},\"primaryImageOfPage\":{\"@id\":\"https:\\\/\\\/repliquemangacine.fr\\\/katana-forge\\\/katana-de-coupe-forge-lame-maru\\\/#primaryimage\"},\"image\":{\"@id\":\"https:\\\/\\\/repliquemangacine.fr\\\/katana-forge\\\/katana-de-coupe-forge-lame-maru\\\/#primaryimage\"},\"thumbnailUrl\":\"https:\\\/\\\/repliquemangacine.fr\\\/wp-content\\\/uploads\\\/2023\\\/10\\\/1495-Katana-de-coupe-Lame-Maru.jpg\",\"datePublished\":\"2017-01-16T21:52:46+00:00\",\"dateModified\":\"2026-02-27T08:39:04+00:00\",\"description\":\"Offre-lui ! Ce Katana de Coupe Forg\u00e9 au meilleur prix - Lame acier Maru tranchante avec gorge - Garde acier d\u00e9cor\u00e9e - Longueur totale : 103 cm\",\"breadcrumb\":{\"@id\":\"https:\\\/\\\/repliquemangacine.fr\\\/katana-forge\\\/katana-de-coupe-forge-lame-maru\\\/#breadcrumb\"},\"inLanguage\":\"it-IT\",\"potentialAction\":[{\"@type\":\"ReadAction\",\"target\":[\"https:\\\/\\\/repliquemangacine.fr\\\/katana-forge\\\/katana-de-coupe-forge-lame-maru\\\/\"]}]},{\"@type\":\"ImageObject\",\"inLanguage\":\"it-IT\",\"@id\":\"https:\\\/\\\/repliquemangacine.fr\\\/katana-forge\\\/katana-de-coupe-forge-lame-maru\\\/#primaryimage\",\"url\":\"https:\\\/\\\/repliquemangacine.fr\\\/wp-content\\\/uploads\\\/2023\\\/10\\\/1495-Katana-de-coupe-Lame-Maru.jpg\",\"contentUrl\":\"https:\\\/\\\/repliquemangacine.fr\\\/wp-content\\\/uploads\\\/2023\\\/10\\\/1495-Katana-de-coupe-Lame-Maru.jpg\",\"width\":800,\"height\":800,\"caption\":\"Katana de coupe - Lame Maru\"},{\"@type\":\"BreadcrumbList\",\"@id\":\"https:\\\/\\\/repliquemangacine.fr\\\/katana-forge\\\/katana-de-coupe-forge-lame-maru\\\/#breadcrumb\",\"itemListElement\":[{\"@type\":\"ListItem\",\"position\":1,\"name\":\"Accueil\",\"item\":\"https:\\\/\\\/repliquemangacine.fr\\\/\"},{\"@type\":\"ListItem\",\"position\":2,\"name\":\"Produits\",\"item\":\"https:\\\/\\\/repliquemangacine.fr\\\/boutique\\\/\"},{\"@type\":\"ListItem\",\"position\":3,\"name\":\"Katana de Coupe Forg\u00e9\"}]},{\"@type\":\"WebSite\",\"@id\":\"https:\\\/\\\/repliquemangacine.fr\\\/#website\",\"url\":\"https:\\\/\\\/repliquemangacine.fr\\\/\",\"name\":\"R\u00e9plique Manga Cin\u00e9\",\"description\":\"\",\"publisher\":{\"@id\":\"https:\\\/\\\/repliquemangacine.fr\\\/#organization\"},\"potentialAction\":[{\"@type\":\"SearchAction\",\"target\":{\"@type\":\"EntryPoint\",\"urlTemplate\":\"https:\\\/\\\/repliquemangacine.fr\\\/?s={search_term_string}\"},\"query-input\":{\"@type\":\"PropertyValueSpecification\",\"valueRequired\":true,\"valueName\":\"search_term_string\"}}],\"inLanguage\":\"it-IT\"},{\"@type\":\"Organization\",\"@id\":\"https:\\\/\\\/repliquemangacine.fr\\\/#organization\",\"name\":\"R\u00e9plique Manga Cin\u00e9\",\"url\":\"https:\\\/\\\/repliquemangacine.fr\\\/\",\"logo\":{\"@type\":\"ImageObject\",\"inLanguage\":\"it-IT\",\"@id\":\"https:\\\/\\\/repliquemangacine.fr\\\/#\\\/schema\\\/logo\\\/image\\\/\",\"url\":\"https:\\\/\\\/repliquemangacine.fr\\\/wp-content\\\/uploads\\\/2023\\\/10\\\/RMC-500250.png\",\"contentUrl\":\"https:\\\/\\\/repliquemangacine.fr\\\/wp-content\\\/uploads\\\/2023\\\/10\\\/RMC-500250.png\",\"width\":500,\"height\":250,\"caption\":\"R\u00e9plique Manga Cin\u00e9\"},\"image\":{\"@id\":\"https:\\\/\\\/repliquemangacine.fr\\\/#\\\/schema\\\/logo\\\/image\\\/\"},\"sameAs\":[\"https:\\\/\\\/www.facebook.com\\\/RepliqueMangaCine\",\"https:\\\/\\\/www.instagram.com\\\/repliquemangacine.fr\\\/\"]}]}<\/script>\n<!-- \/ Yoast SEO plugin. -->","yoast_head_json":{"title":"Katana da taglio forgiata - Spada affilata - R\u00e9plique Manga Cin\u00e9","description":"Regalatela a lui! Questa Katana da taglio forgiata al miglior prezzo - Lama affilata in acciaio Maru con gola - Guardia in acciaio decorata - Lunghezza totale: 103 cm","robots":{"index":"index","follow":"follow","max-snippet":"max-snippet:-1","max-image-preview":"max-image-preview:large","max-video-preview":"max-video-preview:-1"},"canonical":"https:\/\/repliquemangacine.fr\/it\/fucina-di-katana\/lama-forgiata-della-katana-maru\/","og_locale":"it_IT","og_type":"article","og_title":"Katana de Coupe Forg\u00e9 - Sabre tranchant - R\u00e9plique Manga Cin\u00e9","og_description":"Offre-lui ! Ce Katana de Coupe Forg\u00e9 au meilleur prix - Lame acier Maru tranchante avec gorge - Garde acier d\u00e9cor\u00e9e - Longueur totale : 103 cm","og_url":"https:\/\/repliquemangacine.fr\/it\/fucina-di-katana\/lama-forgiata-della-katana-maru\/","og_site_name":"R\u00e9plique Manga Cin\u00e9","article_publisher":"https:\/\/www.facebook.com\/RepliqueMangaCine","article_modified_time":"2026-02-27T08:39:04+00:00","og_image":[{"width":800,"height":800,"url":"https:\/\/repliquemangacine.fr\/wp-content\/uploads\/2023\/10\/1495-Katana-de-coupe-Lame-Maru.jpg","type":"image\/jpeg"}],"twitter_card":"summary_large_image","twitter_misc":{"Tempo di lettura stimato":"1 minuto"},"schema":{"@context":"https:\/\/schema.org","@graph":[{"@type":"WebPage","@id":"https:\/\/repliquemangacine.fr\/katana-forge\/katana-de-coupe-forge-lame-maru\/","url":"https:\/\/repliquemangacine.fr\/katana-forge\/katana-de-coupe-forge-lame-maru\/","name":"Katana da taglio forgiata - Spada affilata - R\u00e9plique Manga Cin\u00e9","isPartOf":{"@id":"https:\/\/repliquemangacine.fr\/#website"},"primaryImageOfPage":{"@id":"https:\/\/repliquemangacine.fr\/katana-forge\/katana-de-coupe-forge-lame-maru\/#primaryimage"},"image":{"@id":"https:\/\/repliquemangacine.fr\/katana-forge\/katana-de-coupe-forge-lame-maru\/#primaryimage"},"thumbnailUrl":"https:\/\/repliquemangacine.fr\/wp-content\/uploads\/2023\/10\/1495-Katana-de-coupe-Lame-Maru.jpg","datePublished":"2017-01-16T21:52:46+00:00","dateModified":"2026-02-27T08:39:04+00:00","description":"Regalatela a lui! Questa Katana da taglio forgiata al miglior prezzo - Lama affilata in acciaio Maru con gola - Guardia in acciaio decorata - Lunghezza totale: 103 cm","breadcrumb":{"@id":"https:\/\/repliquemangacine.fr\/katana-forge\/katana-de-coupe-forge-lame-maru\/#breadcrumb"},"inLanguage":"it-IT","potentialAction":[{"@type":"ReadAction","target":["https:\/\/repliquemangacine.fr\/katana-forge\/katana-de-coupe-forge-lame-maru\/"]}]},{"@type":"ImageObject","inLanguage":"it-IT","@id":"https:\/\/repliquemangacine.fr\/katana-forge\/katana-de-coupe-forge-lame-maru\/#primaryimage","url":"https:\/\/repliquemangacine.fr\/wp-content\/uploads\/2023\/10\/1495-Katana-de-coupe-Lame-Maru.jpg","contentUrl":"https:\/\/repliquemangacine.fr\/wp-content\/uploads\/2023\/10\/1495-Katana-de-coupe-Lame-Maru.jpg","width":800,"height":800,"caption":"Katana de coupe - Lame Maru"},{"@type":"BreadcrumbList","@id":"https:\/\/repliquemangacine.fr\/katana-forge\/katana-de-coupe-forge-lame-maru\/#breadcrumb","itemListElement":[{"@type":"ListItem","position":1,"name":"Accueil","item":"https:\/\/repliquemangacine.fr\/"},{"@type":"ListItem","position":2,"name":"Produits","item":"https:\/\/repliquemangacine.fr\/boutique\/"},{"@type":"ListItem","position":3,"name":"Katana de Coupe Forg\u00e9"}]},{"@type":"WebSite","@id":"https:\/\/repliquemangacine.fr\/#website","url":"https:\/\/repliquemangacine.fr\/","name":"R\u00e9plique Manga Cin\u00e9","description":"","publisher":{"@id":"https:\/\/repliquemangacine.fr\/#organization"},"potentialAction":[{"@type":"SearchAction","target":{"@type":"EntryPoint","urlTemplate":"https:\/\/repliquemangacine.fr\/?s={search_term_string}"},"query-input":{"@type":"PropertyValueSpecification","valueRequired":true,"valueName":"search_term_string"}}],"inLanguage":"it-IT"},{"@type":"Organization","@id":"https:\/\/repliquemangacine.fr\/#organization","name":"R\u00e9plique Manga Cin\u00e9","url":"https:\/\/repliquemangacine.fr\/","logo":{"@type":"ImageObject","inLanguage":"it-IT","@id":"https:\/\/repliquemangacine.fr\/#\/schema\/logo\/image\/","url":"https:\/\/repliquemangacine.fr\/wp-content\/uploads\/2023\/10\/RMC-500250.png","contentUrl":"https:\/\/repliquemangacine.fr\/wp-content\/uploads\/2023\/10\/RMC-500250.png","width":500,"height":250,"caption":"R\u00e9plique Manga Cin\u00e9"},"image":{"@id":"https:\/\/repliquemangacine.fr\/#\/schema\/logo\/image\/"},"sameAs":["https:\/\/www.facebook.com\/RepliqueMangaCine","https:\/\/www.instagram.com\/repliquemangacine.fr\/"]}]}},"_links":{"self":[{"href":"https:\/\/repliquemangacine.fr\/it\/wp-json\/wp\/v2\/product\/26786","targetHints":{"allow":["GET"]}}],"collection":[{"href":"https:\/\/repliquemangacine.fr\/it\/wp-json\/wp\/v2\/product"}],"about":[{"href":"https:\/\/repliquemangacine.fr\/it\/wp-json\/wp\/v2\/types\/product"}],"wp:featuredmedia":[{"embeddable":true,"href":"https:\/\/repliquemangacine.fr\/it\/wp-json\/wp\/v2\/media\/26787"}],"wp:attachment":[{"href":"https:\/\/repliquemangacine.fr\/it\/wp-json\/wp\/v2\/media?parent=26786"}],"wp:term":[{"taxonomy":"product_brand","embeddable":true,"href":"https:\/\/repliquemangacine.fr\/it\/wp-json\/wp\/v2\/product_brand?post=26786"},{"taxonomy":"product_cat","embeddable":true,"href":"https:\/\/repliquemangacine.fr\/it\/wp-json\/wp\/v2\/product_cat?post=26786"},{"taxonomy":"product_tag","embeddable":true,"href":"https:\/\/repliquemangacine.fr\/it\/wp-json\/wp\/v2\/product_tag?post=26786"}],"curies":[{"name":"wp","href":"https:\/\/api.w.org\/{rel}","templated":true}]}}