





{"id":26776,"date":"2017-01-16T21:34:14","date_gmt":"2017-01-16T20:34:14","guid":{"rendered":"https:\/\/repliquemangacine.fr\/?post_type=product&#038;p=26776"},"modified":"2026-03-17T17:53:43","modified_gmt":"2026-03-17T16:53:43","slug":"katana-shirasaya-forgiata-con-lama-in-damasco","status":"publish","type":"product","link":"https:\/\/repliquemangacine.fr\/it\/katana-forge\/katana-shirasaya-forge-lame-damas\/","title":{"rendered":"Lama in damasco forgiata Shirasaya"},"content":{"rendered":"<h2>Lama in damasco forgiata Shirasaya Fudoshin<\/h2>\n<p>Per cominciare, il <strong>Lama in damasco forgiata Shirasaya<\/strong>realizzati da artigiani tradizionali con tecniche antiche. <a href=\"https:\/\/futuhazuki.wordpress.com\/le-sabre-de-musashi\/lignee-de-transmission\/\" target=\"_blank\" rel=\"noopener noreferrer\">Maestro Masahiro<\/a>.<\/p>\n<p>Questo shirasaya \u00e8 veramente temperato in modo selettivo. Durezza di 60 Hrc sul filetto e 40 Hrc sul dorso della lama. Acciaio: laminato 1095 forgiato.<br \/>\nFucina: DAMAS (900 strati di acciaio).<strong><br \/>\n<\/strong><\/p>\n<p>Tutte le katane del marchio Fudoshin sono destinate esclusivamente alla decorazione o al taglio di rotoli di paglia di riso intrecciata. Se l'acquirente o il possessore di questo prodotto lo utilizza per qualsiasi altro scopo, si assume tutti i rischi e le responsabilit\u00e0 derivanti da un uso improprio del prodotto. <strong>Vendita strettamente riservata agli adulti.<\/strong><\/p>\n<h2>Il vostro Shirasaya Forged Damascus Blade al miglior prezzo.<\/h2>\n<p>Offriamo un'ampia scelta di katane forgiate per l'allenamento al taglio o per la decorazione degli interni.<\/p>\n<p>Innanzitutto,<\/p>\n<ul>\n<li>Le <a href=\"https:\/\/repliquemangacine.fr\/it\/film-serie-tv-vendita-di-spade-katana-e-prodotti-correlati\/katana-forge-de-michonne\/\">La katana da taglio di Michonne<\/a> nella serie The Walking Dead.<\/li>\n<li>Ma anche il <a href=\"https:\/\/repliquemangacine.fr\/it\/lultimo-samurai\/la-katana-forgia-lultimo-samurai\/\">katana di Nathan Algren<\/a> nel film L'ultimo samurai.<\/li>\n<li>E molti altri da scoprire nel nostro negozio online!<\/li>\n<\/ul>\n<p>Ecco perch\u00e9 \u00e8 un'ottima idea regalo per gli amanti delle arti marziali.<\/p>\n<p>In conclusione, \u00e8 possibile utilizzare questo <strong>Lama in damasco forgiata Shirasaya<\/strong> per il vostro primo taglio o per la vostra collezione. Ma soprattutto \u00e8 un oggetto da collezione e un pezzo decorativo.<\/p>\n<h2><strong>Come si mantiene la lama della katana?<\/strong><\/h2>\n<p>Le katane forgiate del marchio Fudoshin vi offrono la garanzia di una qualit\u00e0 e di una finitura della lama eccezionali. La scelta dell'acciaio, la tecnica di forgiatura e l'immersione nell'argilla garantiscono che tutte le nostre lame siano solide, flessibili, equilibrate e impeccabilmente affilate.<\/p>\n<p>Tuttavia, il vostro <strong>Lama in damasco forgiata Shirasaya<\/strong> a una lama d'acciaio che deve essere mantenuta per evitare che si danneggi nel tempo. Quando si espone la spada, gli amici saranno curiosi di vedere la lama e di toccarla. \u00c8 qui che bisogna fare attenzione, perch\u00e9 l'acidit\u00e0 delle dita \u00e8 molto dannosa per l'acciaio, qualunque sia la sua qualit\u00e0.<\/p>\n<p>Tuttavia, se ci\u00f2 accade, non bisogna farsi prendere dal panico: basta usare un panno inumidito con un po' d'olio e cancellare le impronte digitali. In questo modo, la katana durer\u00e0 a lungo.<\/p>","protected":false},"excerpt":{"rendered":"<p>Artigianale, Shirasaya, interamente forgiato a mano con la tecnica del Maestro Masahiro.<\/p>\n<ul>\n<li>Lama molto affilata in acciaio laminato 1095 forgiato.<\/li>\n<li>Fucina <strong>DAMAS. <\/strong><\/li>\n<li>Una vera e propria linea di tempera.<\/li>\n<li>Saya e Tsuka in legno verniciato naturale.<\/li>\n<li>Pu\u00f2 essere smontato per la manutenzione.<\/li>\n<li>Certificato di autenticit\u00e0<\/li>\n<li>Fornito con coperchio di protezione e manuale di manutenzione<\/li>\n<\/ul>","protected":false},"featured_media":26777,"template":"","meta":[],"product_brand":[896],"product_cat":[26,38],"product_tag":[],"class_list":{"0":"post-26776","1":"product","2":"type-product","3":"status-publish","4":"has-post-thumbnail","6":"product_brand-replique-manga-cine","7":"product_cat-katana-epee","8":"product_cat-katana-forge","10":"first","11":"outofstock","12":"taxable","13":"shipping-taxable","14":"purchasable","15":"product-type-simple"},"yoast_head":"<!-- This site is optimized with the Yoast SEO plugin v27.4 - https:\/\/yoast.com\/product\/yoast-seo-wordpress\/ -->\n<title>Shirasaya forg\u00e9 Lame Damas - Fudoshin | R\u00e9plique Manga Cin\u00e9<\/title>\n<meta name=\"description\" content=\"Sublime Shirasaya forg\u00e9 Lame Damas au meilleur prix - Lame en acier feuillet\u00e9 - Forge DAMAS - Ligne de trempe - Fourreau et poign\u00e9e en bois naturel verni\" \/>\n<meta name=\"robots\" content=\"index, follow, max-snippet:-1, max-image-preview:large, max-video-preview:-1\" \/>\n<link rel=\"canonical\" href=\"https:\/\/repliquemangacine.fr\/it\/fucina-di-katana\/katana-shirasaya-forgiata-con-lama-in-damasco\/\" \/>\n<meta property=\"og:locale\" content=\"it_IT\" \/>\n<meta property=\"og:type\" content=\"article\" \/>\n<meta property=\"og:title\" content=\"Shirasaya forg\u00e9 Lame Damas - Fudoshin | R\u00e9plique Manga Cin\u00e9\" \/>\n<meta property=\"og:description\" content=\"Sublime Shirasaya forg\u00e9 Lame Damas au meilleur prix - Lame en acier feuillet\u00e9 - Forge DAMAS - Ligne de trempe - Fourreau et poign\u00e9e en bois naturel verni\" \/>\n<meta property=\"og:url\" content=\"https:\/\/repliquemangacine.fr\/it\/fucina-di-katana\/katana-shirasaya-forgiata-con-lama-in-damasco\/\" \/>\n<meta property=\"og:site_name\" content=\"R\u00e9plique Manga Cin\u00e9\" \/>\n<meta property=\"article:publisher\" content=\"https:\/\/www.facebook.com\/RepliqueMangaCine\" \/>\n<meta property=\"article:modified_time\" content=\"2026-03-17T16:53:43+00:00\" \/>\n<meta property=\"og:image\" content=\"https:\/\/repliquemangacine.fr\/wp-content\/uploads\/2023\/10\/1484-Katana-shirasaya-Damas.jpg\" \/>\n\t<meta property=\"og:image:width\" content=\"800\" \/>\n\t<meta property=\"og:image:height\" content=\"800\" \/>\n\t<meta property=\"og:image:type\" content=\"image\/jpeg\" \/>\n<meta name=\"twitter:card\" content=\"summary_large_image\" \/>\n<meta name=\"twitter:label1\" content=\"Tempo di lettura stimato\" \/>\n\t<meta name=\"twitter:data1\" content=\"3 minuti\" \/>\n<script type=\"application\/ld+json\" class=\"yoast-schema-graph\">{\"@context\":\"https:\\\/\\\/schema.org\",\"@graph\":[{\"@type\":\"WebPage\",\"@id\":\"https:\\\/\\\/repliquemangacine.fr\\\/katana-forge\\\/katana-shirasaya-forge-lame-damas\\\/\",\"url\":\"https:\\\/\\\/repliquemangacine.fr\\\/katana-forge\\\/katana-shirasaya-forge-lame-damas\\\/\",\"name\":\"Shirasaya forg\u00e9 Lame Damas - Fudoshin | R\u00e9plique Manga Cin\u00e9\",\"isPartOf\":{\"@id\":\"https:\\\/\\\/repliquemangacine.fr\\\/#website\"},\"primaryImageOfPage\":{\"@id\":\"https:\\\/\\\/repliquemangacine.fr\\\/katana-forge\\\/katana-shirasaya-forge-lame-damas\\\/#primaryimage\"},\"image\":{\"@id\":\"https:\\\/\\\/repliquemangacine.fr\\\/katana-forge\\\/katana-shirasaya-forge-lame-damas\\\/#primaryimage\"},\"thumbnailUrl\":\"https:\\\/\\\/repliquemangacine.fr\\\/wp-content\\\/uploads\\\/2023\\\/10\\\/1484-Katana-shirasaya-Damas.jpg\",\"datePublished\":\"2017-01-16T20:34:14+00:00\",\"dateModified\":\"2026-03-17T16:53:43+00:00\",\"description\":\"Sublime Shirasaya forg\u00e9 Lame Damas au meilleur prix - Lame en acier feuillet\u00e9 - Forge DAMAS - Ligne de trempe - Fourreau et poign\u00e9e en bois naturel verni\",\"breadcrumb\":{\"@id\":\"https:\\\/\\\/repliquemangacine.fr\\\/katana-forge\\\/katana-shirasaya-forge-lame-damas\\\/#breadcrumb\"},\"inLanguage\":\"it-IT\",\"potentialAction\":[{\"@type\":\"ReadAction\",\"target\":[\"https:\\\/\\\/repliquemangacine.fr\\\/katana-forge\\\/katana-shirasaya-forge-lame-damas\\\/\"]}]},{\"@type\":\"ImageObject\",\"inLanguage\":\"it-IT\",\"@id\":\"https:\\\/\\\/repliquemangacine.fr\\\/katana-forge\\\/katana-shirasaya-forge-lame-damas\\\/#primaryimage\",\"url\":\"https:\\\/\\\/repliquemangacine.fr\\\/wp-content\\\/uploads\\\/2023\\\/10\\\/1484-Katana-shirasaya-Damas.jpg\",\"contentUrl\":\"https:\\\/\\\/repliquemangacine.fr\\\/wp-content\\\/uploads\\\/2023\\\/10\\\/1484-Katana-shirasaya-Damas.jpg\",\"width\":800,\"height\":800,\"caption\":\"Katana shirasaya Damas\"},{\"@type\":\"BreadcrumbList\",\"@id\":\"https:\\\/\\\/repliquemangacine.fr\\\/katana-forge\\\/katana-shirasaya-forge-lame-damas\\\/#breadcrumb\",\"itemListElement\":[{\"@type\":\"ListItem\",\"position\":1,\"name\":\"Accueil\",\"item\":\"https:\\\/\\\/repliquemangacine.fr\\\/\"},{\"@type\":\"ListItem\",\"position\":2,\"name\":\"Produits\",\"item\":\"https:\\\/\\\/repliquemangacine.fr\\\/boutique\\\/\"},{\"@type\":\"ListItem\",\"position\":3,\"name\":\"Shirasaya Forg\u00e9 Lame Damas\"}]},{\"@type\":\"WebSite\",\"@id\":\"https:\\\/\\\/repliquemangacine.fr\\\/#website\",\"url\":\"https:\\\/\\\/repliquemangacine.fr\\\/\",\"name\":\"R\u00e9plique Manga Cin\u00e9\",\"description\":\"\",\"publisher\":{\"@id\":\"https:\\\/\\\/repliquemangacine.fr\\\/#organization\"},\"potentialAction\":[{\"@type\":\"SearchAction\",\"target\":{\"@type\":\"EntryPoint\",\"urlTemplate\":\"https:\\\/\\\/repliquemangacine.fr\\\/?s={search_term_string}\"},\"query-input\":{\"@type\":\"PropertyValueSpecification\",\"valueRequired\":true,\"valueName\":\"search_term_string\"}}],\"inLanguage\":\"it-IT\"},{\"@type\":\"Organization\",\"@id\":\"https:\\\/\\\/repliquemangacine.fr\\\/#organization\",\"name\":\"R\u00e9plique Manga Cin\u00e9\",\"url\":\"https:\\\/\\\/repliquemangacine.fr\\\/\",\"logo\":{\"@type\":\"ImageObject\",\"inLanguage\":\"it-IT\",\"@id\":\"https:\\\/\\\/repliquemangacine.fr\\\/#\\\/schema\\\/logo\\\/image\\\/\",\"url\":\"https:\\\/\\\/repliquemangacine.fr\\\/wp-content\\\/uploads\\\/2023\\\/10\\\/RMC-500250.png\",\"contentUrl\":\"https:\\\/\\\/repliquemangacine.fr\\\/wp-content\\\/uploads\\\/2023\\\/10\\\/RMC-500250.png\",\"width\":500,\"height\":250,\"caption\":\"R\u00e9plique Manga Cin\u00e9\"},\"image\":{\"@id\":\"https:\\\/\\\/repliquemangacine.fr\\\/#\\\/schema\\\/logo\\\/image\\\/\"},\"sameAs\":[\"https:\\\/\\\/www.facebook.com\\\/RepliqueMangaCine\",\"https:\\\/\\\/www.instagram.com\\\/repliquemangacine.fr\\\/\"]}]}<\/script>\n<!-- \/ Yoast SEO plugin. -->","yoast_head_json":{"title":"Lama forgiata Shirasaya Damasco - Fudoshin | R\u00e9plique Manga Cin\u00e9","description":"Sublime lama forgiata Shirasaya Damascus al miglior prezzo - Lama in acciaio laminato - Forgia DAMAS - Linea di tempra - Fodero e impugnatura in legno naturale verniciato","robots":{"index":"index","follow":"follow","max-snippet":"max-snippet:-1","max-image-preview":"max-image-preview:large","max-video-preview":"max-video-preview:-1"},"canonical":"https:\/\/repliquemangacine.fr\/it\/fucina-di-katana\/katana-shirasaya-forgiata-con-lama-in-damasco\/","og_locale":"it_IT","og_type":"article","og_title":"Shirasaya forg\u00e9 Lame Damas - Fudoshin | R\u00e9plique Manga Cin\u00e9","og_description":"Sublime Shirasaya forg\u00e9 Lame Damas au meilleur prix - Lame en acier feuillet\u00e9 - Forge DAMAS - Ligne de trempe - Fourreau et poign\u00e9e en bois naturel verni","og_url":"https:\/\/repliquemangacine.fr\/it\/fucina-di-katana\/katana-shirasaya-forgiata-con-lama-in-damasco\/","og_site_name":"R\u00e9plique Manga Cin\u00e9","article_publisher":"https:\/\/www.facebook.com\/RepliqueMangaCine","article_modified_time":"2026-03-17T16:53:43+00:00","og_image":[{"width":800,"height":800,"url":"https:\/\/repliquemangacine.fr\/wp-content\/uploads\/2023\/10\/1484-Katana-shirasaya-Damas.jpg","type":"image\/jpeg"}],"twitter_card":"summary_large_image","twitter_misc":{"Tempo di lettura stimato":"3 minuti"},"schema":{"@context":"https:\/\/schema.org","@graph":[{"@type":"WebPage","@id":"https:\/\/repliquemangacine.fr\/katana-forge\/katana-shirasaya-forge-lame-damas\/","url":"https:\/\/repliquemangacine.fr\/katana-forge\/katana-shirasaya-forge-lame-damas\/","name":"Lama forgiata Shirasaya Damasco - Fudoshin | R\u00e9plique Manga Cin\u00e9","isPartOf":{"@id":"https:\/\/repliquemangacine.fr\/#website"},"primaryImageOfPage":{"@id":"https:\/\/repliquemangacine.fr\/katana-forge\/katana-shirasaya-forge-lame-damas\/#primaryimage"},"image":{"@id":"https:\/\/repliquemangacine.fr\/katana-forge\/katana-shirasaya-forge-lame-damas\/#primaryimage"},"thumbnailUrl":"https:\/\/repliquemangacine.fr\/wp-content\/uploads\/2023\/10\/1484-Katana-shirasaya-Damas.jpg","datePublished":"2017-01-16T20:34:14+00:00","dateModified":"2026-03-17T16:53:43+00:00","description":"Sublime lama forgiata Shirasaya Damascus al miglior prezzo - Lama in acciaio laminato - Forgia DAMAS - Linea di tempra - Fodero e impugnatura in legno naturale verniciato","breadcrumb":{"@id":"https:\/\/repliquemangacine.fr\/katana-forge\/katana-shirasaya-forge-lame-damas\/#breadcrumb"},"inLanguage":"it-IT","potentialAction":[{"@type":"ReadAction","target":["https:\/\/repliquemangacine.fr\/katana-forge\/katana-shirasaya-forge-lame-damas\/"]}]},{"@type":"ImageObject","inLanguage":"it-IT","@id":"https:\/\/repliquemangacine.fr\/katana-forge\/katana-shirasaya-forge-lame-damas\/#primaryimage","url":"https:\/\/repliquemangacine.fr\/wp-content\/uploads\/2023\/10\/1484-Katana-shirasaya-Damas.jpg","contentUrl":"https:\/\/repliquemangacine.fr\/wp-content\/uploads\/2023\/10\/1484-Katana-shirasaya-Damas.jpg","width":800,"height":800,"caption":"Katana shirasaya Damas"},{"@type":"BreadcrumbList","@id":"https:\/\/repliquemangacine.fr\/katana-forge\/katana-shirasaya-forge-lame-damas\/#breadcrumb","itemListElement":[{"@type":"ListItem","position":1,"name":"Accueil","item":"https:\/\/repliquemangacine.fr\/"},{"@type":"ListItem","position":2,"name":"Produits","item":"https:\/\/repliquemangacine.fr\/boutique\/"},{"@type":"ListItem","position":3,"name":"Shirasaya Forg\u00e9 Lame Damas"}]},{"@type":"WebSite","@id":"https:\/\/repliquemangacine.fr\/#website","url":"https:\/\/repliquemangacine.fr\/","name":"R\u00e9plique Manga Cin\u00e9","description":"","publisher":{"@id":"https:\/\/repliquemangacine.fr\/#organization"},"potentialAction":[{"@type":"SearchAction","target":{"@type":"EntryPoint","urlTemplate":"https:\/\/repliquemangacine.fr\/?s={search_term_string}"},"query-input":{"@type":"PropertyValueSpecification","valueRequired":true,"valueName":"search_term_string"}}],"inLanguage":"it-IT"},{"@type":"Organization","@id":"https:\/\/repliquemangacine.fr\/#organization","name":"R\u00e9plique Manga Cin\u00e9","url":"https:\/\/repliquemangacine.fr\/","logo":{"@type":"ImageObject","inLanguage":"it-IT","@id":"https:\/\/repliquemangacine.fr\/#\/schema\/logo\/image\/","url":"https:\/\/repliquemangacine.fr\/wp-content\/uploads\/2023\/10\/RMC-500250.png","contentUrl":"https:\/\/repliquemangacine.fr\/wp-content\/uploads\/2023\/10\/RMC-500250.png","width":500,"height":250,"caption":"R\u00e9plique Manga Cin\u00e9"},"image":{"@id":"https:\/\/repliquemangacine.fr\/#\/schema\/logo\/image\/"},"sameAs":["https:\/\/www.facebook.com\/RepliqueMangaCine","https:\/\/www.instagram.com\/repliquemangacine.fr\/"]}]}},"_links":{"self":[{"href":"https:\/\/repliquemangacine.fr\/it\/wp-json\/wp\/v2\/product\/26776","targetHints":{"allow":["GET"]}}],"collection":[{"href":"https:\/\/repliquemangacine.fr\/it\/wp-json\/wp\/v2\/product"}],"about":[{"href":"https:\/\/repliquemangacine.fr\/it\/wp-json\/wp\/v2\/types\/product"}],"wp:featuredmedia":[{"embeddable":true,"href":"https:\/\/repliquemangacine.fr\/it\/wp-json\/wp\/v2\/media\/26777"}],"wp:attachment":[{"href":"https:\/\/repliquemangacine.fr\/it\/wp-json\/wp\/v2\/media?parent=26776"}],"wp:term":[{"taxonomy":"product_brand","embeddable":true,"href":"https:\/\/repliquemangacine.fr\/it\/wp-json\/wp\/v2\/product_brand?post=26776"},{"taxonomy":"product_cat","embeddable":true,"href":"https:\/\/repliquemangacine.fr\/it\/wp-json\/wp\/v2\/product_cat?post=26776"},{"taxonomy":"product_tag","embeddable":true,"href":"https:\/\/repliquemangacine.fr\/it\/wp-json\/wp\/v2\/product_tag?post=26776"}],"curies":[{"name":"wp","href":"https:\/\/api.w.org\/{rel}","templated":true}]}}