





{"id":26764,"date":"2017-01-12T17:15:46","date_gmt":"2017-01-12T16:15:46","guid":{"rendered":"https:\/\/repliquemangacine.fr\/?post_type=product&#038;p=26764"},"modified":"2025-12-28T15:36:06","modified_gmt":"2025-12-28T14:36:06","slug":"expendables-coltelli-da-lancio-giganti-kunai-jason-statham","status":"publish","type":"product","link":"https:\/\/repliquemangacine.fr\/it\/katana-les-epees-de-films-et-series\/couteaux-de-lancer-expendables-kunai-geant-jason-statham\/","title":{"rendered":"Coltelli da lancio Expendables"},"content":{"rendered":"<h2>Coltelli da lancio degli Expendables.<\/h2>\n<p>Per cominciare, il <strong>Coltelli da lancio Expendables<\/strong> sono due grandi kunai utilizzati da Jason Statham alias Lee Christmas.<\/p>\n<p>Expendables o Les Sacrifi\u00e9s (The Expendables) \u00e8 una serie di film d'azione americani iniziata con <a href=\"https:\/\/expendables.fandom.com\/wiki\/Main_Page\" target=\"_blank\" rel=\"noopener noreferrer\">Spendibili<\/a> : Unit\u00e9 sp\u00e9ciale nel 2010. Composto finora da tre film,  il quarto capitolo uscir\u00e0 nel settembre 2023.<\/p>\n<p>La particolarit\u00e0 di questa serie di film \u00e8 che il cast artistico di ogni episodio \u00e8 un raduno di star del cinema d'azione. Vi si ritrova un incredibile assortimento di star hollywoodiane.<\/p>\n<p>Sylvester Stallone, che ha diretto il primo film e interpretato il ruolo di Barney Ross, capo dell'unit\u00e0 nei primi tre capitoli. Sar\u00e0 presente anche nel quarto e ultimo capitolo, ma Sylvester ha annunciato che questo sar\u00e0 il suo ultimo film.<\/p>\n<h2>I vostri coltelli da lancio Expendables al miglior prezzo.<\/h2>\n<p>Vi proponiamo un'ampia scelta di repliche dal mondo del cinema e delle serie TV.<\/p>\n<p>Innanzitutto,<\/p>\n<ul>\n<li>La replica del machete <a href=\"https:\/\/repliquemangacine.fr\/it\/altri-film\/predatore-olandese-machete\/\">Pugnale Predator<\/a> dell'olandese Arnold Schwarzenegger.<\/li>\n<li>C'\u00e8 anche il <a href=\"https:\/\/repliquemangacine.fr\/it\/film-serie-tv-vendita-di-spade-katana-e-prodotti-correlati\/spada-katana-heroes-di-hiro-nakamura\/\">katana di Hiro Nakamura<\/a> della serie Heroes.<\/li>\n<li>E molti altri da scoprire nel nostro negozio online!<\/li>\n<\/ul>\n<p>Ecco quindi alcune fantastiche idee regalo per tutti gli appassionati di cinema e serie TV.<\/p>\n<p>In conclusione, \u00e8 possibile utilizzare i <strong>Coltelli da lancio Expendables<\/strong> per le vostre sfilate Cosplay o serate a tema. Ma soprattutto, questi kunai giganti sono oggetti da collezione e decorazioni.<\/p>\n<h2>Come si mantiene la lama del kunai grande?<\/h2>\n<p>I coltelli da lancio da collezione e decorativi sono fabbricati e assemblati in modo semplificato. Essendo destinati a scopi decorativi, non dispongono degli elementi di sicurezza necessari per una spada giapponese destinata all'allenamento.<\/p>\n<p>Tuttavia, i vostri <strong>Coltelli da lancio Expendables<\/strong> hanno una lama in acciaio che deve essere curata per evitare che si rovini con il tempo. Infatti, quando esporrete la vostra katana, i vostri amici saranno curiosi di vedere la lama e di toccarla. \u00c8 qui che bisogna prestare attenzione, perch\u00e9 l'acidit\u00e0 delle dita \u00e8 molto dannosa per l'acciaio, indipendentemente dalla sua qualit\u00e0.<\/p>\n<p>Tuttavia, se ci\u00f2 dovesse accadere, non fatevi prendere dal panico: basta un panno inumidito con un po' di olio per rimuovere le impronte digitali. In questo modo, il vostro kunai durer\u00e0 a lungo.<\/p>","protected":false},"excerpt":{"rendered":"<p>Replica identica dei due coltelli da lancio del film \"The Expendables\".<\/p>\n<ul>\n<li>Realizzato interamente in metallo.<\/li>\n<li>Lama in acciaio inossidabile.<\/li>\n<li>Maniglia circondata da filo di cotone.<\/li>\n<li>Custodia in cordura nera.<\/li>\n<li>Lunghezza totale di ogni coltello: 30 cm - Peso: 170g<\/li>\n<\/ul>","protected":false},"featured_media":26765,"template":"","meta":[],"product_brand":[896],"product_cat":[91,66,24],"product_tag":[],"class_list":{"0":"post-26764","1":"product","2":"type-product","3":"status-publish","4":"has-post-thumbnail","6":"product_brand-replique-manga-cine","7":"product_cat-katana-les-epees-de-films-et-series","8":"product_cat-repliques-d-armes-films-et-series","9":"product_cat-films-series-tv-vente-de-katana-epee-et-produits-derives","11":"first","12":"instock","13":"taxable","14":"shipping-taxable","15":"purchasable","16":"product-type-simple"},"yoast_head":"<!-- This site is optimized with the Yoast SEO plugin v27.4 - https:\/\/yoast.com\/product\/yoast-seo-wordpress\/ -->\n<title>Couteaux de lancer Expendables - Grand Kuna\u00ef de Statham | RMC<\/title>\n<meta name=\"description\" content=\"D\u00e9couvrez les Couteaux de lancer Expendables au meilleur prix - Lames en acier 440 - Fourreau - Longueur totale de chaque Kuna\u00ef : 30 cm\" \/>\n<meta name=\"robots\" content=\"index, follow, max-snippet:-1, max-image-preview:large, max-video-preview:-1\" \/>\n<link rel=\"canonical\" href=\"https:\/\/repliquemangacine.fr\/it\/spade-katana-da-film-e-serie\/expendables-coltelli-da-lancio-giganti-kunai-jason-statham\/\" \/>\n<meta property=\"og:locale\" content=\"it_IT\" \/>\n<meta property=\"og:type\" content=\"article\" \/>\n<meta property=\"og:title\" content=\"Couteaux de lancer Expendables - Grand Kuna\u00ef de Statham | RMC\" \/>\n<meta property=\"og:description\" content=\"D\u00e9couvrez les Couteaux de lancer Expendables au meilleur prix - Lames en acier 440 - Fourreau - Longueur totale de chaque Kuna\u00ef : 30 cm\" \/>\n<meta property=\"og:url\" content=\"https:\/\/repliquemangacine.fr\/it\/spade-katana-da-film-e-serie\/expendables-coltelli-da-lancio-giganti-kunai-jason-statham\/\" \/>\n<meta property=\"og:site_name\" content=\"R\u00e9plique Manga Cin\u00e9\" \/>\n<meta property=\"article:publisher\" content=\"https:\/\/www.facebook.com\/RepliqueMangaCine\" \/>\n<meta property=\"article:modified_time\" content=\"2025-12-28T14:36:06+00:00\" \/>\n<meta property=\"og:image\" content=\"https:\/\/repliquemangacine.fr\/wp-content\/uploads\/2023\/10\/1397-Kunai-Geant-The-Expendables.jpg\" \/>\n\t<meta property=\"og:image:width\" content=\"800\" \/>\n\t<meta property=\"og:image:height\" content=\"800\" \/>\n\t<meta property=\"og:image:type\" content=\"image\/jpeg\" \/>\n<meta name=\"twitter:card\" content=\"summary_large_image\" \/>\n<meta name=\"twitter:label1\" content=\"Tempo di lettura stimato\" \/>\n\t<meta name=\"twitter:data1\" content=\"2 minuti\" \/>\n<script type=\"application\/ld+json\" class=\"yoast-schema-graph\">{\"@context\":\"https:\\\/\\\/schema.org\",\"@graph\":[{\"@type\":\"WebPage\",\"@id\":\"https:\\\/\\\/repliquemangacine.fr\\\/katana-les-epees-de-films-et-series\\\/couteaux-de-lancer-expendables-kunai-geant-jason-statham\\\/\",\"url\":\"https:\\\/\\\/repliquemangacine.fr\\\/katana-les-epees-de-films-et-series\\\/couteaux-de-lancer-expendables-kunai-geant-jason-statham\\\/\",\"name\":\"Couteaux de lancer Expendables - Grand Kuna\u00ef de Statham | RMC\",\"isPartOf\":{\"@id\":\"https:\\\/\\\/repliquemangacine.fr\\\/#website\"},\"primaryImageOfPage\":{\"@id\":\"https:\\\/\\\/repliquemangacine.fr\\\/katana-les-epees-de-films-et-series\\\/couteaux-de-lancer-expendables-kunai-geant-jason-statham\\\/#primaryimage\"},\"image\":{\"@id\":\"https:\\\/\\\/repliquemangacine.fr\\\/katana-les-epees-de-films-et-series\\\/couteaux-de-lancer-expendables-kunai-geant-jason-statham\\\/#primaryimage\"},\"thumbnailUrl\":\"https:\\\/\\\/repliquemangacine.fr\\\/wp-content\\\/uploads\\\/2023\\\/10\\\/1397-Kunai-Geant-The-Expendables.jpg\",\"datePublished\":\"2017-01-12T16:15:46+00:00\",\"dateModified\":\"2025-12-28T14:36:06+00:00\",\"description\":\"D\u00e9couvrez les Couteaux de lancer Expendables au meilleur prix - Lames en acier 440 - Fourreau - Longueur totale de chaque Kuna\u00ef : 30 cm\",\"breadcrumb\":{\"@id\":\"https:\\\/\\\/repliquemangacine.fr\\\/katana-les-epees-de-films-et-series\\\/couteaux-de-lancer-expendables-kunai-geant-jason-statham\\\/#breadcrumb\"},\"inLanguage\":\"it-IT\",\"potentialAction\":[{\"@type\":\"ReadAction\",\"target\":[\"https:\\\/\\\/repliquemangacine.fr\\\/katana-les-epees-de-films-et-series\\\/couteaux-de-lancer-expendables-kunai-geant-jason-statham\\\/\"]}]},{\"@type\":\"ImageObject\",\"inLanguage\":\"it-IT\",\"@id\":\"https:\\\/\\\/repliquemangacine.fr\\\/katana-les-epees-de-films-et-series\\\/couteaux-de-lancer-expendables-kunai-geant-jason-statham\\\/#primaryimage\",\"url\":\"https:\\\/\\\/repliquemangacine.fr\\\/wp-content\\\/uploads\\\/2023\\\/10\\\/1397-Kunai-Geant-The-Expendables.jpg\",\"contentUrl\":\"https:\\\/\\\/repliquemangacine.fr\\\/wp-content\\\/uploads\\\/2023\\\/10\\\/1397-Kunai-Geant-The-Expendables.jpg\",\"width\":800,\"height\":800,\"caption\":\"Kuna\u00ef Geant The Expendables\"},{\"@type\":\"BreadcrumbList\",\"@id\":\"https:\\\/\\\/repliquemangacine.fr\\\/katana-les-epees-de-films-et-series\\\/couteaux-de-lancer-expendables-kunai-geant-jason-statham\\\/#breadcrumb\",\"itemListElement\":[{\"@type\":\"ListItem\",\"position\":1,\"name\":\"Accueil\",\"item\":\"https:\\\/\\\/repliquemangacine.fr\\\/\"},{\"@type\":\"ListItem\",\"position\":2,\"name\":\"Produits\",\"item\":\"https:\\\/\\\/repliquemangacine.fr\\\/boutique\\\/\"},{\"@type\":\"ListItem\",\"position\":3,\"name\":\"Couteaux de lancer Expendables\"}]},{\"@type\":\"WebSite\",\"@id\":\"https:\\\/\\\/repliquemangacine.fr\\\/#website\",\"url\":\"https:\\\/\\\/repliquemangacine.fr\\\/\",\"name\":\"R\u00e9plique Manga Cin\u00e9\",\"description\":\"\",\"publisher\":{\"@id\":\"https:\\\/\\\/repliquemangacine.fr\\\/#organization\"},\"potentialAction\":[{\"@type\":\"SearchAction\",\"target\":{\"@type\":\"EntryPoint\",\"urlTemplate\":\"https:\\\/\\\/repliquemangacine.fr\\\/?s={search_term_string}\"},\"query-input\":{\"@type\":\"PropertyValueSpecification\",\"valueRequired\":true,\"valueName\":\"search_term_string\"}}],\"inLanguage\":\"it-IT\"},{\"@type\":\"Organization\",\"@id\":\"https:\\\/\\\/repliquemangacine.fr\\\/#organization\",\"name\":\"R\u00e9plique Manga Cin\u00e9\",\"url\":\"https:\\\/\\\/repliquemangacine.fr\\\/\",\"logo\":{\"@type\":\"ImageObject\",\"inLanguage\":\"it-IT\",\"@id\":\"https:\\\/\\\/repliquemangacine.fr\\\/#\\\/schema\\\/logo\\\/image\\\/\",\"url\":\"https:\\\/\\\/repliquemangacine.fr\\\/wp-content\\\/uploads\\\/2023\\\/10\\\/RMC-500250.png\",\"contentUrl\":\"https:\\\/\\\/repliquemangacine.fr\\\/wp-content\\\/uploads\\\/2023\\\/10\\\/RMC-500250.png\",\"width\":500,\"height\":250,\"caption\":\"R\u00e9plique Manga Cin\u00e9\"},\"image\":{\"@id\":\"https:\\\/\\\/repliquemangacine.fr\\\/#\\\/schema\\\/logo\\\/image\\\/\"},\"sameAs\":[\"https:\\\/\\\/www.facebook.com\\\/RepliqueMangaCine\",\"https:\\\/\\\/www.instagram.com\\\/repliquemangacine.fr\\\/\"]}]}<\/script>\n<!-- \/ Yoast SEO plugin. -->","yoast_head_json":{"title":"Coltelli da lancio Expendables - Grand Kuna\u00ef di Statham | RMC","description":"Scopri i coltelli da lancio Expendables al miglior prezzo - Lame in acciaio 440 - Fodero - Lunghezza totale di ogni Kunai: 30 cm","robots":{"index":"index","follow":"follow","max-snippet":"max-snippet:-1","max-image-preview":"max-image-preview:large","max-video-preview":"max-video-preview:-1"},"canonical":"https:\/\/repliquemangacine.fr\/it\/spade-katana-da-film-e-serie\/expendables-coltelli-da-lancio-giganti-kunai-jason-statham\/","og_locale":"it_IT","og_type":"article","og_title":"Couteaux de lancer Expendables - Grand Kuna\u00ef de Statham | RMC","og_description":"D\u00e9couvrez les Couteaux de lancer Expendables au meilleur prix - Lames en acier 440 - Fourreau - Longueur totale de chaque Kuna\u00ef : 30 cm","og_url":"https:\/\/repliquemangacine.fr\/it\/spade-katana-da-film-e-serie\/expendables-coltelli-da-lancio-giganti-kunai-jason-statham\/","og_site_name":"R\u00e9plique Manga Cin\u00e9","article_publisher":"https:\/\/www.facebook.com\/RepliqueMangaCine","article_modified_time":"2025-12-28T14:36:06+00:00","og_image":[{"width":800,"height":800,"url":"https:\/\/repliquemangacine.fr\/wp-content\/uploads\/2023\/10\/1397-Kunai-Geant-The-Expendables.jpg","type":"image\/jpeg"}],"twitter_card":"summary_large_image","twitter_misc":{"Tempo di lettura stimato":"2 minuti"},"schema":{"@context":"https:\/\/schema.org","@graph":[{"@type":"WebPage","@id":"https:\/\/repliquemangacine.fr\/katana-les-epees-de-films-et-series\/couteaux-de-lancer-expendables-kunai-geant-jason-statham\/","url":"https:\/\/repliquemangacine.fr\/katana-les-epees-de-films-et-series\/couteaux-de-lancer-expendables-kunai-geant-jason-statham\/","name":"Coltelli da lancio Expendables - Grand Kuna\u00ef di Statham | RMC","isPartOf":{"@id":"https:\/\/repliquemangacine.fr\/#website"},"primaryImageOfPage":{"@id":"https:\/\/repliquemangacine.fr\/katana-les-epees-de-films-et-series\/couteaux-de-lancer-expendables-kunai-geant-jason-statham\/#primaryimage"},"image":{"@id":"https:\/\/repliquemangacine.fr\/katana-les-epees-de-films-et-series\/couteaux-de-lancer-expendables-kunai-geant-jason-statham\/#primaryimage"},"thumbnailUrl":"https:\/\/repliquemangacine.fr\/wp-content\/uploads\/2023\/10\/1397-Kunai-Geant-The-Expendables.jpg","datePublished":"2017-01-12T16:15:46+00:00","dateModified":"2025-12-28T14:36:06+00:00","description":"Scopri i coltelli da lancio Expendables al miglior prezzo - Lame in acciaio 440 - Fodero - Lunghezza totale di ogni Kunai: 30 cm","breadcrumb":{"@id":"https:\/\/repliquemangacine.fr\/katana-les-epees-de-films-et-series\/couteaux-de-lancer-expendables-kunai-geant-jason-statham\/#breadcrumb"},"inLanguage":"it-IT","potentialAction":[{"@type":"ReadAction","target":["https:\/\/repliquemangacine.fr\/katana-les-epees-de-films-et-series\/couteaux-de-lancer-expendables-kunai-geant-jason-statham\/"]}]},{"@type":"ImageObject","inLanguage":"it-IT","@id":"https:\/\/repliquemangacine.fr\/katana-les-epees-de-films-et-series\/couteaux-de-lancer-expendables-kunai-geant-jason-statham\/#primaryimage","url":"https:\/\/repliquemangacine.fr\/wp-content\/uploads\/2023\/10\/1397-Kunai-Geant-The-Expendables.jpg","contentUrl":"https:\/\/repliquemangacine.fr\/wp-content\/uploads\/2023\/10\/1397-Kunai-Geant-The-Expendables.jpg","width":800,"height":800,"caption":"Kuna\u00ef Geant The Expendables"},{"@type":"BreadcrumbList","@id":"https:\/\/repliquemangacine.fr\/katana-les-epees-de-films-et-series\/couteaux-de-lancer-expendables-kunai-geant-jason-statham\/#breadcrumb","itemListElement":[{"@type":"ListItem","position":1,"name":"Accueil","item":"https:\/\/repliquemangacine.fr\/"},{"@type":"ListItem","position":2,"name":"Produits","item":"https:\/\/repliquemangacine.fr\/boutique\/"},{"@type":"ListItem","position":3,"name":"Couteaux de lancer Expendables"}]},{"@type":"WebSite","@id":"https:\/\/repliquemangacine.fr\/#website","url":"https:\/\/repliquemangacine.fr\/","name":"R\u00e9plique Manga Cin\u00e9","description":"","publisher":{"@id":"https:\/\/repliquemangacine.fr\/#organization"},"potentialAction":[{"@type":"SearchAction","target":{"@type":"EntryPoint","urlTemplate":"https:\/\/repliquemangacine.fr\/?s={search_term_string}"},"query-input":{"@type":"PropertyValueSpecification","valueRequired":true,"valueName":"search_term_string"}}],"inLanguage":"it-IT"},{"@type":"Organization","@id":"https:\/\/repliquemangacine.fr\/#organization","name":"R\u00e9plique Manga Cin\u00e9","url":"https:\/\/repliquemangacine.fr\/","logo":{"@type":"ImageObject","inLanguage":"it-IT","@id":"https:\/\/repliquemangacine.fr\/#\/schema\/logo\/image\/","url":"https:\/\/repliquemangacine.fr\/wp-content\/uploads\/2023\/10\/RMC-500250.png","contentUrl":"https:\/\/repliquemangacine.fr\/wp-content\/uploads\/2023\/10\/RMC-500250.png","width":500,"height":250,"caption":"R\u00e9plique Manga Cin\u00e9"},"image":{"@id":"https:\/\/repliquemangacine.fr\/#\/schema\/logo\/image\/"},"sameAs":["https:\/\/www.facebook.com\/RepliqueMangaCine","https:\/\/www.instagram.com\/repliquemangacine.fr\/"]}]}},"_links":{"self":[{"href":"https:\/\/repliquemangacine.fr\/it\/wp-json\/wp\/v2\/product\/26764","targetHints":{"allow":["GET"]}}],"collection":[{"href":"https:\/\/repliquemangacine.fr\/it\/wp-json\/wp\/v2\/product"}],"about":[{"href":"https:\/\/repliquemangacine.fr\/it\/wp-json\/wp\/v2\/types\/product"}],"wp:featuredmedia":[{"embeddable":true,"href":"https:\/\/repliquemangacine.fr\/it\/wp-json\/wp\/v2\/media\/26765"}],"wp:attachment":[{"href":"https:\/\/repliquemangacine.fr\/it\/wp-json\/wp\/v2\/media?parent=26764"}],"wp:term":[{"taxonomy":"product_brand","embeddable":true,"href":"https:\/\/repliquemangacine.fr\/it\/wp-json\/wp\/v2\/product_brand?post=26764"},{"taxonomy":"product_cat","embeddable":true,"href":"https:\/\/repliquemangacine.fr\/it\/wp-json\/wp\/v2\/product_cat?post=26764"},{"taxonomy":"product_tag","embeddable":true,"href":"https:\/\/repliquemangacine.fr\/it\/wp-json\/wp\/v2\/product_tag?post=26764"}],"curies":[{"name":"wp","href":"https:\/\/api.w.org\/{rel}","templated":true}]}}