





{"id":26745,"date":"2017-01-09T22:06:45","date_gmt":"2017-01-09T21:06:45","guid":{"rendered":"https:\/\/repliquemangacine.fr\/?post_type=product&#038;p=26745"},"modified":"2026-03-16T14:31:19","modified_gmt":"2026-03-16T13:31:19","slug":"spada-katana-heroes-di-hiro-nakamura","status":"publish","type":"product","link":"https:\/\/repliquemangacine.fr\/it\/katana-les-epees-de-films-et-series\/katana-heroes-epee-de-hiro-nakamura\/","title":{"rendered":"Eroi della Katana Hiro Nakamura"},"content":{"rendered":"<h2>Replica della katana degli eroi Hiro Nakamura<\/h2>\n<p>Per cominciare, il <strong>katana Eroi Hiro Nakamura<\/strong> \u00e8 la spada brandita da Takezo Kensei, di cui il padre di Hiro parlava spesso.<\/p>\n<p>Hiro Nakamura ha il potere di piegare il continuum spazio-temporale, dandogli accesso ai viaggi nel tempo, alla cronochinesi e al teletrasporto. Nella stagione 1 appare l'Hiro del futuro, senza occhiali, vestito di nero e con la spada di Takezo Kensei sulla schiena.<\/p>\n<p>La nuova serie vede la katana di Takeso Kensei nelle mani di Miko, una giovane donna calma e singolare. Una serie di personaggi della saga <a href=\"https:\/\/heroes.fandom.com\/wiki\/Heroes\" target=\"_blank\" rel=\"noopener noreferrer\">Gli eroi<\/a>tra cui l'indispensabile Hiro Nakamura.<\/p>\n<h2>Your Katana Heroes Hiro Nakamura al miglior prezzo.<\/h2>\n<p>Vi proponiamo un'ampia scelta di repliche dal mondo del cinema e delle serie TV.<\/p>\n<p>Innanzitutto,<\/p>\n<ul>\n<li>La replica di <a href=\"https:\/\/repliquemangacine.fr\/it\/film-serie-tv-vendita-di-spade-katana-e-prodotti-correlati\/artigli-di-ghiottone-x-uomini\/\">Gli artigli di Wolverine<\/a> ispirato alla serie di film degli X-Men.<\/li>\n<li>Ci sono anche i due <a href=\"https:\/\/repliquemangacine.fr\/it\/film-serie-tv-vendita-di-spade-katana-e-prodotti-correlati\/kunai-geant-the-expendables\/\">coltelli da lancio<\/a> utilizzato da Lee Christmas nel film \"The Expendables\".<\/li>\n<li>E molti altri da scoprire nel nostro negozio online!<\/li>\n<\/ul>\n<p>Ecco quindi alcune fantastiche idee regalo per tutti gli appassionati di cinema e serie TV.<\/p>\n<p>In conclusione, \u00e8 possibile utilizzare il metodo <strong>katana Eroi Hiro Nakamura<\/strong> per le vostre sfilate cosplay o serate a tema. Ma soprattutto, questa spada \u00e8 un oggetto da collezione e un pezzo decorativo.<\/p>\n<h2>Come faccio a mantenere la lama della mia katana Takezo?<\/h2>\n<p>Le katane da collezione e decorative sono realizzate e assemblate in modo semplificato. Poich\u00e9 il loro uso \u00e8 decorativo, non hanno le caratteristiche di sicurezza richieste da una spada giapponese destinata all'allenamento.<\/p>\n<p>Tuttavia, il vostro <strong>katana Eroi Hiro Nakamura<\/strong> a una lama d'acciaio che deve essere curata per evitare che si danneggi nel tempo. Quando si espone la katana, gli amici saranno curiosi di vedere la lama e di toccarla. \u00c8 qui che bisogna fare attenzione, perch\u00e9 l'acidit\u00e0 delle dita \u00e8 molto dannosa per l'acciaio, indipendentemente dalla sua qualit\u00e0.<\/p>\n<p>Tuttavia, se ci\u00f2 dovesse accadere, niente panico: basta un panno inumidito con un po' d'olio per eliminare le impronte. In questo modo, la spada durer\u00e0 a lungo.<\/p>","protected":false},"excerpt":{"rendered":"<p>Spada Takezo Kensei indossata da Hiro Nakamura.<\/p>\n<ul>\n<li>Lama in acciaio inossidabile.<\/li>\n<li>Manico in similpelle e logo Heroes.<\/li>\n<li>Protezione metallica specifica.<\/li>\n<li>Fodero laccato nero con cinghia.<\/li>\n<li>Lunghezza lama: 70 cm - Lunghezza totale: 107 cm<\/li>\n<\/ul>","protected":false},"featured_media":26746,"template":"","meta":[],"product_brand":[896],"product_cat":[91,66,24,26,32],"product_tag":[],"class_list":{"0":"post-26745","1":"product","2":"type-product","3":"status-publish","4":"has-post-thumbnail","6":"product_brand-replique-manga-cine","7":"product_cat-katana-les-epees-de-films-et-series","8":"product_cat-repliques-d-armes-films-et-series","9":"product_cat-films-series-tv-vente-de-katana-epee-et-produits-derives","10":"product_cat-katana-epee","11":"product_cat-katana-decoration","13":"first","14":"instock","15":"sale","16":"taxable","17":"shipping-taxable","18":"purchasable","19":"product-type-simple"},"yoast_head":"<!-- This site is optimized with the Yoast SEO plugin v27.4 - https:\/\/yoast.com\/product\/yoast-seo-wordpress\/ -->\n<title>Katana Heroes Hiro Nakamura - Boutique en ligne | RMC<\/title>\n<meta name=\"description\" content=\"Offrez-vous le katana Heroes Hiro Nakamura de la s\u00e9rie au meilleur prix - Lame acier 440 - Fourreau laqu\u00e9 - Sangle - Poign\u00e9e avec logo - Longueur : 107 cm\" \/>\n<meta name=\"robots\" content=\"index, follow, max-snippet:-1, max-image-preview:large, max-video-preview:-1\" \/>\n<link rel=\"canonical\" href=\"https:\/\/repliquemangacine.fr\/it\/spade-katana-da-film-e-serie\/spada-katana-heroes-di-hiro-nakamura\/\" \/>\n<meta property=\"og:locale\" content=\"it_IT\" \/>\n<meta property=\"og:type\" content=\"article\" \/>\n<meta property=\"og:title\" content=\"Katana Heroes Hiro Nakamura - Boutique en ligne | RMC\" \/>\n<meta property=\"og:description\" content=\"Offrez-vous le katana Heroes Hiro Nakamura de la s\u00e9rie au meilleur prix - Lame acier 440 - Fourreau laqu\u00e9 - Sangle - Poign\u00e9e avec logo - Longueur : 107 cm\" \/>\n<meta property=\"og:url\" content=\"https:\/\/repliquemangacine.fr\/it\/spade-katana-da-film-e-serie\/spada-katana-heroes-di-hiro-nakamura\/\" \/>\n<meta property=\"og:site_name\" content=\"R\u00e9plique Manga Cin\u00e9\" \/>\n<meta property=\"article:publisher\" content=\"https:\/\/www.facebook.com\/RepliqueMangaCine\" \/>\n<meta property=\"article:modified_time\" content=\"2026-03-16T13:31:19+00:00\" \/>\n<meta property=\"og:image\" content=\"https:\/\/repliquemangacine.fr\/wp-content\/uploads\/2023\/10\/1377-Katana-Heroes-Epee-de-Hiro-Nakamura.jpg\" \/>\n\t<meta property=\"og:image:width\" content=\"800\" \/>\n\t<meta property=\"og:image:height\" content=\"800\" \/>\n\t<meta property=\"og:image:type\" content=\"image\/jpeg\" \/>\n<meta name=\"twitter:card\" content=\"summary_large_image\" \/>\n<meta name=\"twitter:label1\" content=\"Tempo di lettura stimato\" \/>\n\t<meta name=\"twitter:data1\" content=\"3 minuti\" \/>\n<script type=\"application\/ld+json\" class=\"yoast-schema-graph\">{\"@context\":\"https:\\\/\\\/schema.org\",\"@graph\":[{\"@type\":\"WebPage\",\"@id\":\"https:\\\/\\\/repliquemangacine.fr\\\/katana-les-epees-de-films-et-series\\\/katana-heroes-epee-de-hiro-nakamura\\\/\",\"url\":\"https:\\\/\\\/repliquemangacine.fr\\\/katana-les-epees-de-films-et-series\\\/katana-heroes-epee-de-hiro-nakamura\\\/\",\"name\":\"Katana Heroes Hiro Nakamura - Boutique en ligne | RMC\",\"isPartOf\":{\"@id\":\"https:\\\/\\\/repliquemangacine.fr\\\/#website\"},\"primaryImageOfPage\":{\"@id\":\"https:\\\/\\\/repliquemangacine.fr\\\/katana-les-epees-de-films-et-series\\\/katana-heroes-epee-de-hiro-nakamura\\\/#primaryimage\"},\"image\":{\"@id\":\"https:\\\/\\\/repliquemangacine.fr\\\/katana-les-epees-de-films-et-series\\\/katana-heroes-epee-de-hiro-nakamura\\\/#primaryimage\"},\"thumbnailUrl\":\"https:\\\/\\\/repliquemangacine.fr\\\/wp-content\\\/uploads\\\/2023\\\/10\\\/1377-Katana-Heroes-Epee-de-Hiro-Nakamura.jpg\",\"datePublished\":\"2017-01-09T21:06:45+00:00\",\"dateModified\":\"2026-03-16T13:31:19+00:00\",\"description\":\"Offrez-vous le katana Heroes Hiro Nakamura de la s\u00e9rie au meilleur prix - Lame acier 440 - Fourreau laqu\u00e9 - Sangle - Poign\u00e9e avec logo - Longueur : 107 cm\",\"breadcrumb\":{\"@id\":\"https:\\\/\\\/repliquemangacine.fr\\\/katana-les-epees-de-films-et-series\\\/katana-heroes-epee-de-hiro-nakamura\\\/#breadcrumb\"},\"inLanguage\":\"it-IT\",\"potentialAction\":[{\"@type\":\"ReadAction\",\"target\":[\"https:\\\/\\\/repliquemangacine.fr\\\/katana-les-epees-de-films-et-series\\\/katana-heroes-epee-de-hiro-nakamura\\\/\"]}]},{\"@type\":\"ImageObject\",\"inLanguage\":\"it-IT\",\"@id\":\"https:\\\/\\\/repliquemangacine.fr\\\/katana-les-epees-de-films-et-series\\\/katana-heroes-epee-de-hiro-nakamura\\\/#primaryimage\",\"url\":\"https:\\\/\\\/repliquemangacine.fr\\\/wp-content\\\/uploads\\\/2023\\\/10\\\/1377-Katana-Heroes-Epee-de-Hiro-Nakamura.jpg\",\"contentUrl\":\"https:\\\/\\\/repliquemangacine.fr\\\/wp-content\\\/uploads\\\/2023\\\/10\\\/1377-Katana-Heroes-Epee-de-Hiro-Nakamura.jpg\",\"width\":800,\"height\":800,\"caption\":\"Katana Heroes - Ep\u00e9e de Hiro Nakamura\"},{\"@type\":\"BreadcrumbList\",\"@id\":\"https:\\\/\\\/repliquemangacine.fr\\\/katana-les-epees-de-films-et-series\\\/katana-heroes-epee-de-hiro-nakamura\\\/#breadcrumb\",\"itemListElement\":[{\"@type\":\"ListItem\",\"position\":1,\"name\":\"Accueil\",\"item\":\"https:\\\/\\\/repliquemangacine.fr\\\/\"},{\"@type\":\"ListItem\",\"position\":2,\"name\":\"Produits\",\"item\":\"https:\\\/\\\/repliquemangacine.fr\\\/boutique\\\/\"},{\"@type\":\"ListItem\",\"position\":3,\"name\":\"Katana Heroes Hiro Nakamura\"}]},{\"@type\":\"WebSite\",\"@id\":\"https:\\\/\\\/repliquemangacine.fr\\\/#website\",\"url\":\"https:\\\/\\\/repliquemangacine.fr\\\/\",\"name\":\"R\u00e9plique Manga Cin\u00e9\",\"description\":\"\",\"publisher\":{\"@id\":\"https:\\\/\\\/repliquemangacine.fr\\\/#organization\"},\"potentialAction\":[{\"@type\":\"SearchAction\",\"target\":{\"@type\":\"EntryPoint\",\"urlTemplate\":\"https:\\\/\\\/repliquemangacine.fr\\\/?s={search_term_string}\"},\"query-input\":{\"@type\":\"PropertyValueSpecification\",\"valueRequired\":true,\"valueName\":\"search_term_string\"}}],\"inLanguage\":\"it-IT\"},{\"@type\":\"Organization\",\"@id\":\"https:\\\/\\\/repliquemangacine.fr\\\/#organization\",\"name\":\"R\u00e9plique Manga Cin\u00e9\",\"url\":\"https:\\\/\\\/repliquemangacine.fr\\\/\",\"logo\":{\"@type\":\"ImageObject\",\"inLanguage\":\"it-IT\",\"@id\":\"https:\\\/\\\/repliquemangacine.fr\\\/#\\\/schema\\\/logo\\\/image\\\/\",\"url\":\"https:\\\/\\\/repliquemangacine.fr\\\/wp-content\\\/uploads\\\/2023\\\/10\\\/RMC-500250.png\",\"contentUrl\":\"https:\\\/\\\/repliquemangacine.fr\\\/wp-content\\\/uploads\\\/2023\\\/10\\\/RMC-500250.png\",\"width\":500,\"height\":250,\"caption\":\"R\u00e9plique Manga Cin\u00e9\"},\"image\":{\"@id\":\"https:\\\/\\\/repliquemangacine.fr\\\/#\\\/schema\\\/logo\\\/image\\\/\"},\"sameAs\":[\"https:\\\/\\\/www.facebook.com\\\/RepliqueMangaCine\",\"https:\\\/\\\/www.instagram.com\\\/repliquemangacine.fr\\\/\"]}]}<\/script>\n<!-- \/ Yoast SEO plugin. -->","yoast_head_json":{"title":"Katana Heroes Hiro Nakamura - Negozio online | RMC","description":"Regalatevi la katana della serie Heroes Hiro Nakamura al miglior prezzo - Lama in acciaio 440 - Fodero laccato - Cinturino - Impugnatura con logo - Lunghezza: 107 cm","robots":{"index":"index","follow":"follow","max-snippet":"max-snippet:-1","max-image-preview":"max-image-preview:large","max-video-preview":"max-video-preview:-1"},"canonical":"https:\/\/repliquemangacine.fr\/it\/spade-katana-da-film-e-serie\/spada-katana-heroes-di-hiro-nakamura\/","og_locale":"it_IT","og_type":"article","og_title":"Katana Heroes Hiro Nakamura - Boutique en ligne | RMC","og_description":"Offrez-vous le katana Heroes Hiro Nakamura de la s\u00e9rie au meilleur prix - Lame acier 440 - Fourreau laqu\u00e9 - Sangle - Poign\u00e9e avec logo - Longueur : 107 cm","og_url":"https:\/\/repliquemangacine.fr\/it\/spade-katana-da-film-e-serie\/spada-katana-heroes-di-hiro-nakamura\/","og_site_name":"R\u00e9plique Manga Cin\u00e9","article_publisher":"https:\/\/www.facebook.com\/RepliqueMangaCine","article_modified_time":"2026-03-16T13:31:19+00:00","og_image":[{"width":800,"height":800,"url":"https:\/\/repliquemangacine.fr\/wp-content\/uploads\/2023\/10\/1377-Katana-Heroes-Epee-de-Hiro-Nakamura.jpg","type":"image\/jpeg"}],"twitter_card":"summary_large_image","twitter_misc":{"Tempo di lettura stimato":"3 minuti"},"schema":{"@context":"https:\/\/schema.org","@graph":[{"@type":"WebPage","@id":"https:\/\/repliquemangacine.fr\/katana-les-epees-de-films-et-series\/katana-heroes-epee-de-hiro-nakamura\/","url":"https:\/\/repliquemangacine.fr\/katana-les-epees-de-films-et-series\/katana-heroes-epee-de-hiro-nakamura\/","name":"Katana Heroes Hiro Nakamura - Negozio online | RMC","isPartOf":{"@id":"https:\/\/repliquemangacine.fr\/#website"},"primaryImageOfPage":{"@id":"https:\/\/repliquemangacine.fr\/katana-les-epees-de-films-et-series\/katana-heroes-epee-de-hiro-nakamura\/#primaryimage"},"image":{"@id":"https:\/\/repliquemangacine.fr\/katana-les-epees-de-films-et-series\/katana-heroes-epee-de-hiro-nakamura\/#primaryimage"},"thumbnailUrl":"https:\/\/repliquemangacine.fr\/wp-content\/uploads\/2023\/10\/1377-Katana-Heroes-Epee-de-Hiro-Nakamura.jpg","datePublished":"2017-01-09T21:06:45+00:00","dateModified":"2026-03-16T13:31:19+00:00","description":"Regalatevi la katana della serie Heroes Hiro Nakamura al miglior prezzo - Lama in acciaio 440 - Fodero laccato - Cinturino - Impugnatura con logo - Lunghezza: 107 cm","breadcrumb":{"@id":"https:\/\/repliquemangacine.fr\/katana-les-epees-de-films-et-series\/katana-heroes-epee-de-hiro-nakamura\/#breadcrumb"},"inLanguage":"it-IT","potentialAction":[{"@type":"ReadAction","target":["https:\/\/repliquemangacine.fr\/katana-les-epees-de-films-et-series\/katana-heroes-epee-de-hiro-nakamura\/"]}]},{"@type":"ImageObject","inLanguage":"it-IT","@id":"https:\/\/repliquemangacine.fr\/katana-les-epees-de-films-et-series\/katana-heroes-epee-de-hiro-nakamura\/#primaryimage","url":"https:\/\/repliquemangacine.fr\/wp-content\/uploads\/2023\/10\/1377-Katana-Heroes-Epee-de-Hiro-Nakamura.jpg","contentUrl":"https:\/\/repliquemangacine.fr\/wp-content\/uploads\/2023\/10\/1377-Katana-Heroes-Epee-de-Hiro-Nakamura.jpg","width":800,"height":800,"caption":"Katana Heroes - Ep\u00e9e de Hiro Nakamura"},{"@type":"BreadcrumbList","@id":"https:\/\/repliquemangacine.fr\/katana-les-epees-de-films-et-series\/katana-heroes-epee-de-hiro-nakamura\/#breadcrumb","itemListElement":[{"@type":"ListItem","position":1,"name":"Accueil","item":"https:\/\/repliquemangacine.fr\/"},{"@type":"ListItem","position":2,"name":"Produits","item":"https:\/\/repliquemangacine.fr\/boutique\/"},{"@type":"ListItem","position":3,"name":"Katana Heroes Hiro Nakamura"}]},{"@type":"WebSite","@id":"https:\/\/repliquemangacine.fr\/#website","url":"https:\/\/repliquemangacine.fr\/","name":"R\u00e9plique Manga Cin\u00e9","description":"","publisher":{"@id":"https:\/\/repliquemangacine.fr\/#organization"},"potentialAction":[{"@type":"SearchAction","target":{"@type":"EntryPoint","urlTemplate":"https:\/\/repliquemangacine.fr\/?s={search_term_string}"},"query-input":{"@type":"PropertyValueSpecification","valueRequired":true,"valueName":"search_term_string"}}],"inLanguage":"it-IT"},{"@type":"Organization","@id":"https:\/\/repliquemangacine.fr\/#organization","name":"R\u00e9plique Manga Cin\u00e9","url":"https:\/\/repliquemangacine.fr\/","logo":{"@type":"ImageObject","inLanguage":"it-IT","@id":"https:\/\/repliquemangacine.fr\/#\/schema\/logo\/image\/","url":"https:\/\/repliquemangacine.fr\/wp-content\/uploads\/2023\/10\/RMC-500250.png","contentUrl":"https:\/\/repliquemangacine.fr\/wp-content\/uploads\/2023\/10\/RMC-500250.png","width":500,"height":250,"caption":"R\u00e9plique Manga Cin\u00e9"},"image":{"@id":"https:\/\/repliquemangacine.fr\/#\/schema\/logo\/image\/"},"sameAs":["https:\/\/www.facebook.com\/RepliqueMangaCine","https:\/\/www.instagram.com\/repliquemangacine.fr\/"]}]}},"_links":{"self":[{"href":"https:\/\/repliquemangacine.fr\/it\/wp-json\/wp\/v2\/product\/26745","targetHints":{"allow":["GET"]}}],"collection":[{"href":"https:\/\/repliquemangacine.fr\/it\/wp-json\/wp\/v2\/product"}],"about":[{"href":"https:\/\/repliquemangacine.fr\/it\/wp-json\/wp\/v2\/types\/product"}],"wp:featuredmedia":[{"embeddable":true,"href":"https:\/\/repliquemangacine.fr\/it\/wp-json\/wp\/v2\/media\/26746"}],"wp:attachment":[{"href":"https:\/\/repliquemangacine.fr\/it\/wp-json\/wp\/v2\/media?parent=26745"}],"wp:term":[{"taxonomy":"product_brand","embeddable":true,"href":"https:\/\/repliquemangacine.fr\/it\/wp-json\/wp\/v2\/product_brand?post=26745"},{"taxonomy":"product_cat","embeddable":true,"href":"https:\/\/repliquemangacine.fr\/it\/wp-json\/wp\/v2\/product_cat?post=26745"},{"taxonomy":"product_tag","embeddable":true,"href":"https:\/\/repliquemangacine.fr\/it\/wp-json\/wp\/v2\/product_tag?post=26745"}],"curies":[{"name":"wp","href":"https:\/\/api.w.org\/{rel}","templated":true}]}}