





{"id":26737,"date":"2017-01-06T15:01:46","date_gmt":"2017-01-06T14:01:46","guid":{"rendered":"https:\/\/repliquemangacine.fr\/?post_type=product&#038;p=26737"},"modified":"2026-02-05T21:43:11","modified_gmt":"2026-02-05T20:43:11","slug":"spada-orcrist-spada-thorin","status":"publish","type":"product","link":"https:\/\/repliquemangacine.fr\/it\/epees-the-hobbit\/epee-orcrist-epee-de-thorin\/","title":{"rendered":"La spada orchesca di Thorin"},"content":{"rendered":"<h2>La spada orchesca di Thorin ne Lo Hobbit<\/h2>\n<p>Per cominciare, il<strong>La spada orchesca di Thorin<\/strong>, La spada sorella di Glamdring, anch'essa forgiata a Gondolin, \u00e8 nota ai Troll come \u00abMordeuse\u00bb. Fu scoperta da Thorin in una tana dei Troll durante la spedizione a Erebor.<\/p>\n<p>Thorin, soprannominato \u00abScudo di Quercia\u00bb, \u00e8 un personaggio del romanzo Lo Hobbit di Tolkien. \u00c8 un nano, erede del Regno sotto la Montagna da cui il drago Smaug ha cacciato la sua famiglia.<br \/>\nL'istigatore della spedizione per recuperare il tesoro dei suoi padri, in cui lo hobbit Bilbo si trova arruolato controvoglia.<\/p>\n<p>Dopo molti viaggi, l'avventura \u00e8 coronata dal successo, con la morte del drago Smaug.<\/p>\n<p>Durante la Battaglia dei Cinque Eserciti, Thorin fu ferito a morte. Seppellito con la spada <a href=\"https:\/\/lotr.fandom.com\/fr\/wiki\/Orcrist\" target=\"_blank\" rel=\"noopener noreferrer\">Orcrist<\/a> al suo fianco.<\/p>\n<h2>La tua Spada Orcrist di Thorin al miglior prezzo.<\/h2>\n<p>Ecco tutte le battute dei vostri personaggi preferiti della trilogia de Lo Hobbit.<\/p>\n<p>Innanzitutto,<\/p>\n<ul>\n<li>L'<a href=\"https:\/\/repliquemangacine.fr\/it\/spade-del-signore-degli-anelli\/signore-degli-anelli-glamdring-spada-gandalf\/\">Spada Glamdring<\/a> di Gandalf con la sua lama elfica.<\/li>\n<li>C'\u00e8 anche il<a href=\"https:\/\/repliquemangacine.fr\/it\/spade-del-signore-degli-anelli\/il-dardo-della-spada-di-bilbo\/\">Spada dard<\/a> di Bilbo Baggins, che si illumina di blu quando si avvicina un nemico.<\/li>\n<li>In conclusione, Noble Collection offre un'ampia gamma di gioielli di qualit\u00e0, disponibili su richiesta.<\/li>\n<\/ul>\n<p>Ecco quindi alcune idee regalo per i fan della trilogia de Lo Hobbit!<\/p>\n<p>In conclusione, \u00e8 possibile utilizzare questo <strong>La spada orchesca di Thorin<\/strong> per le vostre sfilate cosplay o serate a tema. Ma soprattutto, questa spada \u00e8 anche un oggetto da collezione e un pezzo decorativo.<\/p>\n<h2>Come faccio a mantenere la lama della mia spada Lo Hobbit?<\/h2>\n<p>Le spade da collezione e decorative sono realizzate e assemblate in modo semplificato. Poich\u00e9 il loro uso \u00e8 decorativo, non hanno le caratteristiche di sicurezza richieste per una spada giapponese destinata all'allenamento.<\/p>\n<p>Tuttavia, il vostro <strong>La spada orchesca di Thorin<\/strong> a una lama d'acciaio che deve essere curata per evitare che si danneggi nel tempo. Quando si espone la katana, gli amici saranno curiosi di vedere la lama e di toccarla. \u00c8 qui che bisogna fare attenzione, perch\u00e9 l'acidit\u00e0 delle dita \u00e8 molto dannosa per l'acciaio, indipendentemente dalla sua qualit\u00e0.<\/p>\n<p>Tuttavia, se ci\u00f2 dovesse accadere, niente panico: basta un panno inumidito con un po' d'olio per eliminare le impronte. In questo modo, la spada durer\u00e0 a lungo.<\/p>","protected":false},"excerpt":{"rendered":"<p>Replica della spada orchesca soprannominata Mordeuse, la spada di Thorin de Lo Hobbit.<\/p>\n<ul>\n<li>Lama in acciaio inossidabile con rune elfiche incise.<\/li>\n<li>Manico in finto legno e metallo.<\/li>\n<li>Manopola in metallo.<\/li>\n<li>Staffa da parete decorata.<\/li>\n<li>Lunghezza lama: 76 cm - Lunghezza totale: 100 cm<\/li>\n<\/ul>","protected":false},"featured_media":26738,"template":"","meta":[],"product_brand":[896],"product_cat":[69,24,35],"product_tag":[],"class_list":{"0":"post-26737","1":"product","2":"type-product","3":"status-publish","4":"has-post-thumbnail","6":"product_brand-replique-manga-cine","7":"product_cat-epees-the-hobbit","8":"product_cat-films-series-tv-vente-de-katana-epee-et-produits-derives","9":"product_cat-epee-et-bijoux-the-hobbit","11":"first","12":"instock","13":"taxable","14":"shipping-taxable","15":"purchasable","16":"product-type-simple"},"yoast_head":"<!-- This site is optimized with the Yoast SEO plugin v27.4 - https:\/\/yoast.com\/product\/yoast-seo-wordpress\/ -->\n<title>Ep\u00e9e Orcrist de Thorin - Ep\u00e9es The Hobbit - R\u00e9plique Manga Cin\u00e9<\/title>\n<meta name=\"description\" content=\"Commandez vite ! L&#039;Ep\u00e9e Orcrist de Thorin dans The Hobbit au meilleur prix - Lame grav\u00e9e en acier 440 - Support - Longueur : 100 cm - Envoi 24\/48h\" \/>\n<meta name=\"robots\" content=\"index, follow, max-snippet:-1, max-image-preview:large, max-video-preview:-1\" \/>\n<link rel=\"canonical\" href=\"https:\/\/repliquemangacine.fr\/it\/le-spade-dello-hobbit\/spada-orcrist-spada-thorin\/\" \/>\n<meta property=\"og:locale\" content=\"it_IT\" \/>\n<meta property=\"og:type\" content=\"article\" \/>\n<meta property=\"og:title\" content=\"Ep\u00e9e Orcrist de Thorin - Ep\u00e9es The Hobbit - R\u00e9plique Manga Cin\u00e9\" \/>\n<meta property=\"og:description\" content=\"Commandez vite ! L&#039;Ep\u00e9e Orcrist de Thorin dans The Hobbit au meilleur prix - Lame grav\u00e9e en acier 440 - Support - Longueur : 100 cm - Envoi 24\/48h\" \/>\n<meta property=\"og:url\" content=\"https:\/\/repliquemangacine.fr\/it\/le-spade-dello-hobbit\/spada-orcrist-spada-thorin\/\" \/>\n<meta property=\"og:site_name\" content=\"R\u00e9plique Manga Cin\u00e9\" \/>\n<meta property=\"article:publisher\" content=\"https:\/\/www.facebook.com\/RepliqueMangaCine\" \/>\n<meta property=\"article:modified_time\" content=\"2026-02-05T20:43:11+00:00\" \/>\n<meta property=\"og:image\" content=\"https:\/\/repliquemangacine.fr\/wp-content\/uploads\/2023\/10\/1366-Epee-Orcrist-Epee-de-Thorin.jpg\" \/>\n\t<meta property=\"og:image:width\" content=\"800\" \/>\n\t<meta property=\"og:image:height\" content=\"800\" \/>\n\t<meta property=\"og:image:type\" content=\"image\/jpeg\" \/>\n<meta name=\"twitter:card\" content=\"summary_large_image\" \/>\n<meta name=\"twitter:label1\" content=\"Tempo di lettura stimato\" \/>\n\t<meta name=\"twitter:data1\" content=\"1 minuto\" \/>\n<script type=\"application\/ld+json\" class=\"yoast-schema-graph\">{\"@context\":\"https:\\\/\\\/schema.org\",\"@graph\":[{\"@type\":\"WebPage\",\"@id\":\"https:\\\/\\\/repliquemangacine.fr\\\/epees-the-hobbit\\\/epee-orcrist-epee-de-thorin\\\/\",\"url\":\"https:\\\/\\\/repliquemangacine.fr\\\/epees-the-hobbit\\\/epee-orcrist-epee-de-thorin\\\/\",\"name\":\"Ep\u00e9e Orcrist de Thorin - Ep\u00e9es The Hobbit - R\u00e9plique Manga Cin\u00e9\",\"isPartOf\":{\"@id\":\"https:\\\/\\\/repliquemangacine.fr\\\/#website\"},\"primaryImageOfPage\":{\"@id\":\"https:\\\/\\\/repliquemangacine.fr\\\/epees-the-hobbit\\\/epee-orcrist-epee-de-thorin\\\/#primaryimage\"},\"image\":{\"@id\":\"https:\\\/\\\/repliquemangacine.fr\\\/epees-the-hobbit\\\/epee-orcrist-epee-de-thorin\\\/#primaryimage\"},\"thumbnailUrl\":\"https:\\\/\\\/repliquemangacine.fr\\\/wp-content\\\/uploads\\\/2023\\\/10\\\/1366-Epee-Orcrist-Epee-de-Thorin.jpg\",\"datePublished\":\"2017-01-06T14:01:46+00:00\",\"dateModified\":\"2026-02-05T20:43:11+00:00\",\"description\":\"Commandez vite ! L'Ep\u00e9e Orcrist de Thorin dans The Hobbit au meilleur prix - Lame grav\u00e9e en acier 440 - Support - Longueur : 100 cm - Envoi 24\\\/48h\",\"breadcrumb\":{\"@id\":\"https:\\\/\\\/repliquemangacine.fr\\\/epees-the-hobbit\\\/epee-orcrist-epee-de-thorin\\\/#breadcrumb\"},\"inLanguage\":\"it-IT\",\"potentialAction\":[{\"@type\":\"ReadAction\",\"target\":[\"https:\\\/\\\/repliquemangacine.fr\\\/epees-the-hobbit\\\/epee-orcrist-epee-de-thorin\\\/\"]}]},{\"@type\":\"ImageObject\",\"inLanguage\":\"it-IT\",\"@id\":\"https:\\\/\\\/repliquemangacine.fr\\\/epees-the-hobbit\\\/epee-orcrist-epee-de-thorin\\\/#primaryimage\",\"url\":\"https:\\\/\\\/repliquemangacine.fr\\\/wp-content\\\/uploads\\\/2023\\\/10\\\/1366-Epee-Orcrist-Epee-de-Thorin.jpg\",\"contentUrl\":\"https:\\\/\\\/repliquemangacine.fr\\\/wp-content\\\/uploads\\\/2023\\\/10\\\/1366-Epee-Orcrist-Epee-de-Thorin.jpg\",\"width\":800,\"height\":800,\"caption\":\"Ep\u00e9e Orcrist - Ep\u00e9e de Thorin\"},{\"@type\":\"BreadcrumbList\",\"@id\":\"https:\\\/\\\/repliquemangacine.fr\\\/epees-the-hobbit\\\/epee-orcrist-epee-de-thorin\\\/#breadcrumb\",\"itemListElement\":[{\"@type\":\"ListItem\",\"position\":1,\"name\":\"Accueil\",\"item\":\"https:\\\/\\\/repliquemangacine.fr\\\/\"},{\"@type\":\"ListItem\",\"position\":2,\"name\":\"Produits\",\"item\":\"https:\\\/\\\/repliquemangacine.fr\\\/boutique\\\/\"},{\"@type\":\"ListItem\",\"position\":3,\"name\":\"Ep\u00e9e Orcrist de Thorin\"}]},{\"@type\":\"WebSite\",\"@id\":\"https:\\\/\\\/repliquemangacine.fr\\\/#website\",\"url\":\"https:\\\/\\\/repliquemangacine.fr\\\/\",\"name\":\"R\u00e9plique Manga Cin\u00e9\",\"description\":\"\",\"publisher\":{\"@id\":\"https:\\\/\\\/repliquemangacine.fr\\\/#organization\"},\"potentialAction\":[{\"@type\":\"SearchAction\",\"target\":{\"@type\":\"EntryPoint\",\"urlTemplate\":\"https:\\\/\\\/repliquemangacine.fr\\\/?s={search_term_string}\"},\"query-input\":{\"@type\":\"PropertyValueSpecification\",\"valueRequired\":true,\"valueName\":\"search_term_string\"}}],\"inLanguage\":\"it-IT\"},{\"@type\":\"Organization\",\"@id\":\"https:\\\/\\\/repliquemangacine.fr\\\/#organization\",\"name\":\"R\u00e9plique Manga Cin\u00e9\",\"url\":\"https:\\\/\\\/repliquemangacine.fr\\\/\",\"logo\":{\"@type\":\"ImageObject\",\"inLanguage\":\"it-IT\",\"@id\":\"https:\\\/\\\/repliquemangacine.fr\\\/#\\\/schema\\\/logo\\\/image\\\/\",\"url\":\"https:\\\/\\\/repliquemangacine.fr\\\/wp-content\\\/uploads\\\/2023\\\/10\\\/RMC-500250.png\",\"contentUrl\":\"https:\\\/\\\/repliquemangacine.fr\\\/wp-content\\\/uploads\\\/2023\\\/10\\\/RMC-500250.png\",\"width\":500,\"height\":250,\"caption\":\"R\u00e9plique Manga Cin\u00e9\"},\"image\":{\"@id\":\"https:\\\/\\\/repliquemangacine.fr\\\/#\\\/schema\\\/logo\\\/image\\\/\"},\"sameAs\":[\"https:\\\/\\\/www.facebook.com\\\/RepliqueMangaCine\",\"https:\\\/\\\/www.instagram.com\\\/repliquemangacine.fr\\\/\"]}]}<\/script>\n<!-- \/ Yoast SEO plugin. -->","yoast_head_json":{"title":"Spada Orcrist di Thorin - Spade Lo Hobbit - R\u00e9plique Manga Cin\u00e9","description":"Ordina ora! Spada Orcrist di Thorin ne Lo Hobbit al miglior prezzo - Lama in acciaio 440 incisa - Supporto - Lunghezza: 100 cm - Spedizione 24\/48h","robots":{"index":"index","follow":"follow","max-snippet":"max-snippet:-1","max-image-preview":"max-image-preview:large","max-video-preview":"max-video-preview:-1"},"canonical":"https:\/\/repliquemangacine.fr\/it\/le-spade-dello-hobbit\/spada-orcrist-spada-thorin\/","og_locale":"it_IT","og_type":"article","og_title":"Ep\u00e9e Orcrist de Thorin - Ep\u00e9es The Hobbit - R\u00e9plique Manga Cin\u00e9","og_description":"Commandez vite ! L'Ep\u00e9e Orcrist de Thorin dans The Hobbit au meilleur prix - Lame grav\u00e9e en acier 440 - Support - Longueur : 100 cm - Envoi 24\/48h","og_url":"https:\/\/repliquemangacine.fr\/it\/le-spade-dello-hobbit\/spada-orcrist-spada-thorin\/","og_site_name":"R\u00e9plique Manga Cin\u00e9","article_publisher":"https:\/\/www.facebook.com\/RepliqueMangaCine","article_modified_time":"2026-02-05T20:43:11+00:00","og_image":[{"width":800,"height":800,"url":"https:\/\/repliquemangacine.fr\/wp-content\/uploads\/2023\/10\/1366-Epee-Orcrist-Epee-de-Thorin.jpg","type":"image\/jpeg"}],"twitter_card":"summary_large_image","twitter_misc":{"Tempo di lettura stimato":"1 minuto"},"schema":{"@context":"https:\/\/schema.org","@graph":[{"@type":"WebPage","@id":"https:\/\/repliquemangacine.fr\/epees-the-hobbit\/epee-orcrist-epee-de-thorin\/","url":"https:\/\/repliquemangacine.fr\/epees-the-hobbit\/epee-orcrist-epee-de-thorin\/","name":"Spada Orcrist di Thorin - Spade Lo Hobbit - R\u00e9plique Manga Cin\u00e9","isPartOf":{"@id":"https:\/\/repliquemangacine.fr\/#website"},"primaryImageOfPage":{"@id":"https:\/\/repliquemangacine.fr\/epees-the-hobbit\/epee-orcrist-epee-de-thorin\/#primaryimage"},"image":{"@id":"https:\/\/repliquemangacine.fr\/epees-the-hobbit\/epee-orcrist-epee-de-thorin\/#primaryimage"},"thumbnailUrl":"https:\/\/repliquemangacine.fr\/wp-content\/uploads\/2023\/10\/1366-Epee-Orcrist-Epee-de-Thorin.jpg","datePublished":"2017-01-06T14:01:46+00:00","dateModified":"2026-02-05T20:43:11+00:00","description":"Ordina ora! Spada Orcrist di Thorin ne Lo Hobbit al miglior prezzo - Lama in acciaio 440 incisa - Supporto - Lunghezza: 100 cm - Spedizione 24\/48h","breadcrumb":{"@id":"https:\/\/repliquemangacine.fr\/epees-the-hobbit\/epee-orcrist-epee-de-thorin\/#breadcrumb"},"inLanguage":"it-IT","potentialAction":[{"@type":"ReadAction","target":["https:\/\/repliquemangacine.fr\/epees-the-hobbit\/epee-orcrist-epee-de-thorin\/"]}]},{"@type":"ImageObject","inLanguage":"it-IT","@id":"https:\/\/repliquemangacine.fr\/epees-the-hobbit\/epee-orcrist-epee-de-thorin\/#primaryimage","url":"https:\/\/repliquemangacine.fr\/wp-content\/uploads\/2023\/10\/1366-Epee-Orcrist-Epee-de-Thorin.jpg","contentUrl":"https:\/\/repliquemangacine.fr\/wp-content\/uploads\/2023\/10\/1366-Epee-Orcrist-Epee-de-Thorin.jpg","width":800,"height":800,"caption":"Ep\u00e9e Orcrist - Ep\u00e9e de Thorin"},{"@type":"BreadcrumbList","@id":"https:\/\/repliquemangacine.fr\/epees-the-hobbit\/epee-orcrist-epee-de-thorin\/#breadcrumb","itemListElement":[{"@type":"ListItem","position":1,"name":"Accueil","item":"https:\/\/repliquemangacine.fr\/"},{"@type":"ListItem","position":2,"name":"Produits","item":"https:\/\/repliquemangacine.fr\/boutique\/"},{"@type":"ListItem","position":3,"name":"Ep\u00e9e Orcrist de Thorin"}]},{"@type":"WebSite","@id":"https:\/\/repliquemangacine.fr\/#website","url":"https:\/\/repliquemangacine.fr\/","name":"R\u00e9plique Manga Cin\u00e9","description":"","publisher":{"@id":"https:\/\/repliquemangacine.fr\/#organization"},"potentialAction":[{"@type":"SearchAction","target":{"@type":"EntryPoint","urlTemplate":"https:\/\/repliquemangacine.fr\/?s={search_term_string}"},"query-input":{"@type":"PropertyValueSpecification","valueRequired":true,"valueName":"search_term_string"}}],"inLanguage":"it-IT"},{"@type":"Organization","@id":"https:\/\/repliquemangacine.fr\/#organization","name":"R\u00e9plique Manga Cin\u00e9","url":"https:\/\/repliquemangacine.fr\/","logo":{"@type":"ImageObject","inLanguage":"it-IT","@id":"https:\/\/repliquemangacine.fr\/#\/schema\/logo\/image\/","url":"https:\/\/repliquemangacine.fr\/wp-content\/uploads\/2023\/10\/RMC-500250.png","contentUrl":"https:\/\/repliquemangacine.fr\/wp-content\/uploads\/2023\/10\/RMC-500250.png","width":500,"height":250,"caption":"R\u00e9plique Manga Cin\u00e9"},"image":{"@id":"https:\/\/repliquemangacine.fr\/#\/schema\/logo\/image\/"},"sameAs":["https:\/\/www.facebook.com\/RepliqueMangaCine","https:\/\/www.instagram.com\/repliquemangacine.fr\/"]}]}},"_links":{"self":[{"href":"https:\/\/repliquemangacine.fr\/it\/wp-json\/wp\/v2\/product\/26737","targetHints":{"allow":["GET"]}}],"collection":[{"href":"https:\/\/repliquemangacine.fr\/it\/wp-json\/wp\/v2\/product"}],"about":[{"href":"https:\/\/repliquemangacine.fr\/it\/wp-json\/wp\/v2\/types\/product"}],"wp:featuredmedia":[{"embeddable":true,"href":"https:\/\/repliquemangacine.fr\/it\/wp-json\/wp\/v2\/media\/26738"}],"wp:attachment":[{"href":"https:\/\/repliquemangacine.fr\/it\/wp-json\/wp\/v2\/media?parent=26737"}],"wp:term":[{"taxonomy":"product_brand","embeddable":true,"href":"https:\/\/repliquemangacine.fr\/it\/wp-json\/wp\/v2\/product_brand?post=26737"},{"taxonomy":"product_cat","embeddable":true,"href":"https:\/\/repliquemangacine.fr\/it\/wp-json\/wp\/v2\/product_cat?post=26737"},{"taxonomy":"product_tag","embeddable":true,"href":"https:\/\/repliquemangacine.fr\/it\/wp-json\/wp\/v2\/product_tag?post=26737"}],"curies":[{"name":"wp","href":"https:\/\/api.w.org\/{rel}","templated":true}]}}