





{"id":26721,"date":"2017-01-04T14:54:16","date_gmt":"2017-01-04T13:54:16","guid":{"rendered":"https:\/\/repliquemangacine.fr\/?post_type=product&#038;p=26721"},"modified":"2026-03-09T14:34:11","modified_gmt":"2026-03-09T13:34:11","slug":"supporto-in-legno-per-katana-3p","status":"publish","type":"product","link":"https:\/\/repliquemangacine.fr\/it\/accessoires-katana\/support-katana-bois-3p-a-poser\/","title":{"rendered":"Supporto per katana in legno a 3 posti"},"content":{"rendered":"<h2>Supporto per katana in legno 3p<\/h2>\n<p>Per cominciare, il <strong>Supporto per katana in legno 3p<\/strong>Il supporto per katana svolge un ruolo essenziale nella presentazione delle vostre katane. Infatti, i suoi supporti sono progettati per abbellire la vostra collezione e la vostra casa.<\/p>\n<p>Esistono diverse versioni di supporti per katane, spade o sciabole con diverse presentazioni, ad esempio:<\/p>\n<ul>\n<li>Staffe da parete: sono progettate per essere fissate alla parete per un'esposizione appesa, dando alla vostra esposizione di armi un tocco elegante e decorativo. Possono essere realizzate in legno o metallo.<\/li>\n<li>Cavalletti indipendenti: progettati per essere esposti su un mobile, un tavolo o una scrivania. Solitamente realizzati in legno, si incastrano tra loro senza chiodi o viti.<\/li>\n<li>Supporti verticali: generalmente in legno, sono progettati per esporre la katana in verticale.<\/li>\n<\/ul>\n<h2>Le vostre katane e spade replica al miglior prezzo.<\/h2>\n<p>Offriamo un'ampia gamma di riproduzioni economiche di spade e katane.<\/p>\n<p>Innanzitutto,<\/p>\n<ul>\n<li>Le <a href=\"https:\/\/repliquemangacine.fr\/it\/katana-lultimo-samurai\/la-katana-forgia-lultimo-samurai\/\">katana dell'ultimo samurai<\/a> utilizzato da Nathan Algren alias Tom<\/li>\n<li>Cos\u00ec come il <a href=\"https:\/\/repliquemangacine.fr\/it\/film-serie-tv-vendita-di-spade-katana-e-prodotti-correlati\/katana-forge-de-michonne\/\">La katana di Michonne<\/a> in The Walking Dead, versione tagliata<\/li>\n<li>C'\u00e8 anche il<a href=\"https:\/\/repliquemangacine.fr\/it\/riproduzioni-di-armi-e-accessori-medievali\/excalibur-re-arthur-spada-leggendaria\/\">la leggendaria spada Excalibur<\/a> di Re Art\u00f9.<\/li>\n<li>E molto altro ancora da scoprire nel nostro negozio online!<\/li>\n<\/ul>\n<p>Ecco quindi alcune grandi idee regalo per tutti gli amanti delle storie.<\/p>\n<p>In conclusione, \u00e8 possibile utilizzare il proprio <strong>Supporto per katana in legno 3P<\/strong> per esporre tutte le armi da collezione.<\/p>\n<p>R\u00e9plique Manga Cin\u00e9 \u00e8 un'azienda francese a conduzione familiare e distributore ufficiale del marchio <a href=\"https:\/\/www.denix.fr\/\" target=\"_blank\" rel=\"noopener noreferrer\">Denix<\/a>.<\/p>","protected":false},"excerpt":{"rendered":"<p>Questo espositore a 3 posti vi permetter\u00e0 di esporre le vostre katane su un mobile.<\/p>\n<ul>\n<li>Tutto in legno.<\/li>\n<li>Montaggio a pressione.<\/li>\n<li>Si possono usare katane, wakizashi o persino tanto.<\/li>\n<li>Larghezza: 35,7 cm - Altezza: 29,5 cm - Peso: 325 g<\/li>\n<\/ul>","protected":false},"featured_media":26722,"template":"","meta":[],"product_brand":[896],"product_cat":[50,26],"product_tag":[],"class_list":{"0":"post-26721","1":"product","2":"type-product","3":"status-publish","4":"has-post-thumbnail","6":"product_brand-replique-manga-cine","7":"product_cat-accessoires-katana","8":"product_cat-katana-epee","10":"first","11":"instock","12":"taxable","13":"shipping-taxable","14":"purchasable","15":"product-type-simple"},"yoast_head":"<!-- This site is optimized with the Yoast SEO plugin v27.4 - https:\/\/yoast.com\/product\/yoast-seo-wordpress\/ -->\n<title>Support katana bois 3P- Vente accessoires katana | RMC<\/title>\n<meta name=\"description\" content=\"Mettez en valeurs vos katanas ! Support katana bois 3P au meilleur prix - Tout en bois - Montage par embo\u00eetement - Largeur : 35.7 cm - Hauteur : 29.5 cm\" \/>\n<meta name=\"robots\" content=\"index, follow, max-snippet:-1, max-image-preview:large, max-video-preview:-1\" \/>\n<link rel=\"canonical\" href=\"https:\/\/repliquemangacine.fr\/it\/accessori-per-katana\/supporto-in-legno-per-katana-3p\/\" \/>\n<meta property=\"og:locale\" content=\"it_IT\" \/>\n<meta property=\"og:type\" content=\"article\" \/>\n<meta property=\"og:title\" content=\"Support katana bois 3P- Vente accessoires katana | RMC\" \/>\n<meta property=\"og:description\" content=\"Mettez en valeurs vos katanas ! Support katana bois 3P au meilleur prix - Tout en bois - Montage par embo\u00eetement - Largeur : 35.7 cm - Hauteur : 29.5 cm\" \/>\n<meta property=\"og:url\" content=\"https:\/\/repliquemangacine.fr\/it\/accessori-per-katana\/supporto-in-legno-per-katana-3p\/\" \/>\n<meta property=\"og:site_name\" content=\"R\u00e9plique Manga Cin\u00e9\" \/>\n<meta property=\"article:publisher\" content=\"https:\/\/www.facebook.com\/RepliqueMangaCine\" \/>\n<meta property=\"article:modified_time\" content=\"2026-03-09T13:34:11+00:00\" \/>\n<meta property=\"og:image\" content=\"https:\/\/repliquemangacine.fr\/wp-content\/uploads\/2023\/10\/1354-Support-katana-3-places-a-poser.jpg\" \/>\n\t<meta property=\"og:image:width\" content=\"800\" \/>\n\t<meta property=\"og:image:height\" content=\"800\" \/>\n\t<meta property=\"og:image:type\" content=\"image\/jpeg\" \/>\n<meta name=\"twitter:card\" content=\"summary_large_image\" \/>\n<meta name=\"twitter:label1\" content=\"Tempo di lettura stimato\" \/>\n\t<meta name=\"twitter:data1\" content=\"1 minuto\" \/>\n<script type=\"application\/ld+json\" class=\"yoast-schema-graph\">{\"@context\":\"https:\\\/\\\/schema.org\",\"@graph\":[{\"@type\":\"WebPage\",\"@id\":\"https:\\\/\\\/repliquemangacine.fr\\\/accessoires-katana\\\/support-katana-bois-3p-a-poser\\\/\",\"url\":\"https:\\\/\\\/repliquemangacine.fr\\\/accessoires-katana\\\/support-katana-bois-3p-a-poser\\\/\",\"name\":\"Support katana bois 3P- Vente accessoires katana | RMC\",\"isPartOf\":{\"@id\":\"https:\\\/\\\/repliquemangacine.fr\\\/#website\"},\"primaryImageOfPage\":{\"@id\":\"https:\\\/\\\/repliquemangacine.fr\\\/accessoires-katana\\\/support-katana-bois-3p-a-poser\\\/#primaryimage\"},\"image\":{\"@id\":\"https:\\\/\\\/repliquemangacine.fr\\\/accessoires-katana\\\/support-katana-bois-3p-a-poser\\\/#primaryimage\"},\"thumbnailUrl\":\"https:\\\/\\\/repliquemangacine.fr\\\/wp-content\\\/uploads\\\/2023\\\/10\\\/1354-Support-katana-3-places-a-poser.jpg\",\"datePublished\":\"2017-01-04T13:54:16+00:00\",\"dateModified\":\"2026-03-09T13:34:11+00:00\",\"description\":\"Mettez en valeurs vos katanas ! Support katana bois 3P au meilleur prix - Tout en bois - Montage par embo\u00eetement - Largeur : 35.7 cm - Hauteur : 29.5 cm\",\"breadcrumb\":{\"@id\":\"https:\\\/\\\/repliquemangacine.fr\\\/accessoires-katana\\\/support-katana-bois-3p-a-poser\\\/#breadcrumb\"},\"inLanguage\":\"it-IT\",\"potentialAction\":[{\"@type\":\"ReadAction\",\"target\":[\"https:\\\/\\\/repliquemangacine.fr\\\/accessoires-katana\\\/support-katana-bois-3p-a-poser\\\/\"]}]},{\"@type\":\"ImageObject\",\"inLanguage\":\"it-IT\",\"@id\":\"https:\\\/\\\/repliquemangacine.fr\\\/accessoires-katana\\\/support-katana-bois-3p-a-poser\\\/#primaryimage\",\"url\":\"https:\\\/\\\/repliquemangacine.fr\\\/wp-content\\\/uploads\\\/2023\\\/10\\\/1354-Support-katana-3-places-a-poser.jpg\",\"contentUrl\":\"https:\\\/\\\/repliquemangacine.fr\\\/wp-content\\\/uploads\\\/2023\\\/10\\\/1354-Support-katana-3-places-a-poser.jpg\",\"width\":800,\"height\":800,\"caption\":\"Support katana 3 places \u00e0 poser\"},{\"@type\":\"BreadcrumbList\",\"@id\":\"https:\\\/\\\/repliquemangacine.fr\\\/accessoires-katana\\\/support-katana-bois-3p-a-poser\\\/#breadcrumb\",\"itemListElement\":[{\"@type\":\"ListItem\",\"position\":1,\"name\":\"Accueil\",\"item\":\"https:\\\/\\\/repliquemangacine.fr\\\/\"},{\"@type\":\"ListItem\",\"position\":2,\"name\":\"Produits\",\"item\":\"https:\\\/\\\/repliquemangacine.fr\\\/boutique\\\/\"},{\"@type\":\"ListItem\",\"position\":3,\"name\":\"Support katana bois 3places\"}]},{\"@type\":\"WebSite\",\"@id\":\"https:\\\/\\\/repliquemangacine.fr\\\/#website\",\"url\":\"https:\\\/\\\/repliquemangacine.fr\\\/\",\"name\":\"R\u00e9plique Manga Cin\u00e9\",\"description\":\"\",\"publisher\":{\"@id\":\"https:\\\/\\\/repliquemangacine.fr\\\/#organization\"},\"potentialAction\":[{\"@type\":\"SearchAction\",\"target\":{\"@type\":\"EntryPoint\",\"urlTemplate\":\"https:\\\/\\\/repliquemangacine.fr\\\/?s={search_term_string}\"},\"query-input\":{\"@type\":\"PropertyValueSpecification\",\"valueRequired\":true,\"valueName\":\"search_term_string\"}}],\"inLanguage\":\"it-IT\"},{\"@type\":\"Organization\",\"@id\":\"https:\\\/\\\/repliquemangacine.fr\\\/#organization\",\"name\":\"R\u00e9plique Manga Cin\u00e9\",\"url\":\"https:\\\/\\\/repliquemangacine.fr\\\/\",\"logo\":{\"@type\":\"ImageObject\",\"inLanguage\":\"it-IT\",\"@id\":\"https:\\\/\\\/repliquemangacine.fr\\\/#\\\/schema\\\/logo\\\/image\\\/\",\"url\":\"https:\\\/\\\/repliquemangacine.fr\\\/wp-content\\\/uploads\\\/2023\\\/10\\\/RMC-500250.png\",\"contentUrl\":\"https:\\\/\\\/repliquemangacine.fr\\\/wp-content\\\/uploads\\\/2023\\\/10\\\/RMC-500250.png\",\"width\":500,\"height\":250,\"caption\":\"R\u00e9plique Manga Cin\u00e9\"},\"image\":{\"@id\":\"https:\\\/\\\/repliquemangacine.fr\\\/#\\\/schema\\\/logo\\\/image\\\/\"},\"sameAs\":[\"https:\\\/\\\/www.facebook.com\\\/RepliqueMangaCine\",\"https:\\\/\\\/www.instagram.com\\\/repliquemangacine.fr\\\/\"]}]}<\/script>\n<!-- \/ Yoast SEO plugin. -->","yoast_head_json":{"title":"Supporto per katana in legno 3P- Acquista accessori per katana | RMC","description":"Mettete in mostra le vostre katane! Supporto per katana in legno 3P al miglior prezzo - Tutto legno - Montaggio a incastro - Larghezza: 35,7 cm - Altezza: 29,5 cm","robots":{"index":"index","follow":"follow","max-snippet":"max-snippet:-1","max-image-preview":"max-image-preview:large","max-video-preview":"max-video-preview:-1"},"canonical":"https:\/\/repliquemangacine.fr\/it\/accessori-per-katana\/supporto-in-legno-per-katana-3p\/","og_locale":"it_IT","og_type":"article","og_title":"Support katana bois 3P- Vente accessoires katana | RMC","og_description":"Mettez en valeurs vos katanas ! Support katana bois 3P au meilleur prix - Tout en bois - Montage par embo\u00eetement - Largeur : 35.7 cm - Hauteur : 29.5 cm","og_url":"https:\/\/repliquemangacine.fr\/it\/accessori-per-katana\/supporto-in-legno-per-katana-3p\/","og_site_name":"R\u00e9plique Manga Cin\u00e9","article_publisher":"https:\/\/www.facebook.com\/RepliqueMangaCine","article_modified_time":"2026-03-09T13:34:11+00:00","og_image":[{"width":800,"height":800,"url":"https:\/\/repliquemangacine.fr\/wp-content\/uploads\/2023\/10\/1354-Support-katana-3-places-a-poser.jpg","type":"image\/jpeg"}],"twitter_card":"summary_large_image","twitter_misc":{"Tempo di lettura stimato":"1 minuto"},"schema":{"@context":"https:\/\/schema.org","@graph":[{"@type":"WebPage","@id":"https:\/\/repliquemangacine.fr\/accessoires-katana\/support-katana-bois-3p-a-poser\/","url":"https:\/\/repliquemangacine.fr\/accessoires-katana\/support-katana-bois-3p-a-poser\/","name":"Supporto per katana in legno 3P- Acquista accessori per katana | RMC","isPartOf":{"@id":"https:\/\/repliquemangacine.fr\/#website"},"primaryImageOfPage":{"@id":"https:\/\/repliquemangacine.fr\/accessoires-katana\/support-katana-bois-3p-a-poser\/#primaryimage"},"image":{"@id":"https:\/\/repliquemangacine.fr\/accessoires-katana\/support-katana-bois-3p-a-poser\/#primaryimage"},"thumbnailUrl":"https:\/\/repliquemangacine.fr\/wp-content\/uploads\/2023\/10\/1354-Support-katana-3-places-a-poser.jpg","datePublished":"2017-01-04T13:54:16+00:00","dateModified":"2026-03-09T13:34:11+00:00","description":"Mettete in mostra le vostre katane! Supporto per katana in legno 3P al miglior prezzo - Tutto legno - Montaggio a incastro - Larghezza: 35,7 cm - Altezza: 29,5 cm","breadcrumb":{"@id":"https:\/\/repliquemangacine.fr\/accessoires-katana\/support-katana-bois-3p-a-poser\/#breadcrumb"},"inLanguage":"it-IT","potentialAction":[{"@type":"ReadAction","target":["https:\/\/repliquemangacine.fr\/accessoires-katana\/support-katana-bois-3p-a-poser\/"]}]},{"@type":"ImageObject","inLanguage":"it-IT","@id":"https:\/\/repliquemangacine.fr\/accessoires-katana\/support-katana-bois-3p-a-poser\/#primaryimage","url":"https:\/\/repliquemangacine.fr\/wp-content\/uploads\/2023\/10\/1354-Support-katana-3-places-a-poser.jpg","contentUrl":"https:\/\/repliquemangacine.fr\/wp-content\/uploads\/2023\/10\/1354-Support-katana-3-places-a-poser.jpg","width":800,"height":800,"caption":"Support katana 3 places \u00e0 poser"},{"@type":"BreadcrumbList","@id":"https:\/\/repliquemangacine.fr\/accessoires-katana\/support-katana-bois-3p-a-poser\/#breadcrumb","itemListElement":[{"@type":"ListItem","position":1,"name":"Accueil","item":"https:\/\/repliquemangacine.fr\/"},{"@type":"ListItem","position":2,"name":"Produits","item":"https:\/\/repliquemangacine.fr\/boutique\/"},{"@type":"ListItem","position":3,"name":"Support katana bois 3places"}]},{"@type":"WebSite","@id":"https:\/\/repliquemangacine.fr\/#website","url":"https:\/\/repliquemangacine.fr\/","name":"R\u00e9plique Manga Cin\u00e9","description":"","publisher":{"@id":"https:\/\/repliquemangacine.fr\/#organization"},"potentialAction":[{"@type":"SearchAction","target":{"@type":"EntryPoint","urlTemplate":"https:\/\/repliquemangacine.fr\/?s={search_term_string}"},"query-input":{"@type":"PropertyValueSpecification","valueRequired":true,"valueName":"search_term_string"}}],"inLanguage":"it-IT"},{"@type":"Organization","@id":"https:\/\/repliquemangacine.fr\/#organization","name":"R\u00e9plique Manga Cin\u00e9","url":"https:\/\/repliquemangacine.fr\/","logo":{"@type":"ImageObject","inLanguage":"it-IT","@id":"https:\/\/repliquemangacine.fr\/#\/schema\/logo\/image\/","url":"https:\/\/repliquemangacine.fr\/wp-content\/uploads\/2023\/10\/RMC-500250.png","contentUrl":"https:\/\/repliquemangacine.fr\/wp-content\/uploads\/2023\/10\/RMC-500250.png","width":500,"height":250,"caption":"R\u00e9plique Manga Cin\u00e9"},"image":{"@id":"https:\/\/repliquemangacine.fr\/#\/schema\/logo\/image\/"},"sameAs":["https:\/\/www.facebook.com\/RepliqueMangaCine","https:\/\/www.instagram.com\/repliquemangacine.fr\/"]}]}},"_links":{"self":[{"href":"https:\/\/repliquemangacine.fr\/it\/wp-json\/wp\/v2\/product\/26721","targetHints":{"allow":["GET"]}}],"collection":[{"href":"https:\/\/repliquemangacine.fr\/it\/wp-json\/wp\/v2\/product"}],"about":[{"href":"https:\/\/repliquemangacine.fr\/it\/wp-json\/wp\/v2\/types\/product"}],"wp:featuredmedia":[{"embeddable":true,"href":"https:\/\/repliquemangacine.fr\/it\/wp-json\/wp\/v2\/media\/26722"}],"wp:attachment":[{"href":"https:\/\/repliquemangacine.fr\/it\/wp-json\/wp\/v2\/media?parent=26721"}],"wp:term":[{"taxonomy":"product_brand","embeddable":true,"href":"https:\/\/repliquemangacine.fr\/it\/wp-json\/wp\/v2\/product_brand?post=26721"},{"taxonomy":"product_cat","embeddable":true,"href":"https:\/\/repliquemangacine.fr\/it\/wp-json\/wp\/v2\/product_cat?post=26721"},{"taxonomy":"product_tag","embeddable":true,"href":"https:\/\/repliquemangacine.fr\/it\/wp-json\/wp\/v2\/product_tag?post=26721"}],"curies":[{"name":"wp","href":"https:\/\/api.w.org\/{rel}","templated":true}]}}