





{"id":26686,"date":"2017-01-02T16:46:55","date_gmt":"2017-01-02T15:46:55","guid":{"rendered":"https:\/\/repliquemangacine.fr\/?post_type=product&#038;p=26686"},"modified":"2025-09-23T18:01:48","modified_gmt":"2025-09-23T16:01:48","slug":"fondina-in-pelle-walther-p38","status":"publish","type":"product","link":"https:\/\/repliquemangacine.fr\/it\/dagues-et-accessoires-seconde-guerre-mondiale-materiels-militaria\/holster-walther-p38-etui-en-cuir\/","title":{"rendered":"Fondina Walther P38"},"content":{"rendered":"<h2>Replica della fondina in pelle Walther P38.<\/h2>\n<p>Per cominciare, la fondina Walther P38 \u00e8 una custodia in pelle robusta e resistente.<\/p>\n<p>La fondina (termine di origine anglosassone) \u00e8 progettata per proteggere l'arma, garantirne la custodia e facilitarne l'accesso.<\/p>\n<p>Le fondine sono generalmente progettate per essere utilizzate con una sola mano, consentendo di rimuovere e\/o sostituire l'arma con la stessa mano. Per poter riporre l'arma con una sola mano, la fondina deve essere realizzata in un materiale rigido che mantenga la sua forma in modo che la fondina non crolli quando l'oggetto non \u00e8 pi\u00f9 all'interno per sostenerla. Le fondine sono solitamente fissate alla cintura tramite una cinghia a tracolla.<\/p>\n<p>\u00c8 diventata popolare nei film western e nelle famose scene di duello. L'estrazione della pistola in alcuni film \u00e8 piuttosto spettacolare e ci sono alcune prodezze tecniche per rimetterla a posto. L'inquadratura americana \u00e8 tradizionalmente utilizzata per riprendere i personaggi a met\u00e0 coscia, cio\u00e8 all'altezza della fondina.<\/p>\n<h3>Offriamo un'ampia gamma di repliche di armi Denix.<\/h3>\n<p>Innanzitutto,<\/p>\n<ul>\n<li>Per questa fondina \u00e8 necessario il <a href=\"https:\/\/repliquemangacine.fr\/it\/riproduzioni-darmes\/walther-p38-denix-1938\/\">Pistola Walther P38<\/a> da Denix.<\/li>\n<li>C'\u00e8 anche la riproduzione di <a href=\"https:\/\/repliquemangacine.fr\/it\/attrezzature-militari\/elmetto-tedesco-stahlhelm-m42\/\">Elmo tedesco Stahlhelm<\/a> noto come \"M42\".<\/li>\n<li>E molto altro ancora!<\/li>\n<\/ul>\n<p>Ecco perch\u00e9 si tratta di un'ottima idea regalo per tutti gli amanti delle armi storiche.<\/p>\n<h3>Potete utilizzare questa fondina per Walther P38 per le vostre rievocazioni e ambientazioni storiche.<\/h3>\n<p>Soprattutto, quest'arma \u00e8 un oggetto da collezione e un pezzo decorativo.<\/p>\n<p>R\u00e9plique Manga Cin\u00e9 \u00e8 un'azienda francese, distributore ufficiale del marchio <a href=\"https:\/\/www.denix.fr\/fr\/accueil-fr\/\">Denix<\/a>.<\/p>\n<p><strong>Desideriamo richiamare la vostra attenzione sull'autenticit\u00e0 di tutte queste repliche. Le forze dell'ordine le identificheranno come armi vere e reagiranno di conseguenza. \u00c8 quindi molto importante non andare in luoghi pubblici con queste repliche. Si prega di notare che le armi presentate sono riproduzioni non funzionanti, non adatte al tiro. Queste repliche sono destinate alla rievocazione storica e alla decorazione.<\/strong><\/p>","protected":false},"excerpt":{"rendered":"<p>Questa riproduzione \u00e8 identica all'originale.<\/p>\n<ul>\n<li>Appositamente progettato per la pistola automatica Walther P38.<\/li>\n<li>Fondina da cintura con guscio in vera pelle.<\/li>\n<li>Spazio per un caricatore aggiuntivo sul lato.<\/li>\n<li>Sul retro la scritta \"P38\" e il dvr 42 tedesco.<\/li>\n<li>Distintivo con aquila delle SS e codice del fabbricante (Alban Zeitz) WaA170.<\/li>\n<\/ul>","protected":false},"featured_media":26687,"template":"","meta":[],"product_brand":[896],"product_cat":[25,54,85],"product_tag":[],"class_list":{"0":"post-26686","1":"product","2":"type-product","3":"status-publish","4":"has-post-thumbnail","6":"product_brand-replique-manga-cine","7":"product_cat-armes-historiques","8":"product_cat-armes-accessoires-guerre-mondiale","9":"product_cat-dagues-et-accessoires-seconde-guerre-mondiale-materiels-militaria","11":"first","12":"instock","13":"taxable","14":"shipping-taxable","15":"purchasable","16":"product-type-simple"},"yoast_head":"<!-- This site is optimized with the Yoast SEO plugin v27.4 - https:\/\/yoast.com\/product\/yoast-seo-wordpress\/ -->\n<title>Holster Walther P38 - Accessoires Militaria - R\u00e9plique Manga Cin\u00e9<\/title>\n<meta name=\"description\" content=\"Cette reproduction est conforme \u00e0 l&#039;original. Con\u00e7u pour le pistolet automatique, le Holster Walther P38. Etui avec coque rigide en cuir v\u00e9ritable.\" \/>\n<meta name=\"robots\" content=\"index, follow, max-snippet:-1, max-image-preview:large, max-video-preview:-1\" \/>\n<link rel=\"canonical\" href=\"https:\/\/repliquemangacine.fr\/it\/pugnali-e-accessori-materiale-militare-della-seconda-guerra-mondiale\/fondina-in-pelle-walther-p38\/\" \/>\n<meta property=\"og:locale\" content=\"it_IT\" \/>\n<meta property=\"og:type\" content=\"article\" \/>\n<meta property=\"og:title\" content=\"Holster Walther P38 - Accessoires Militaria - R\u00e9plique Manga Cin\u00e9\" \/>\n<meta property=\"og:description\" content=\"Cette reproduction est conforme \u00e0 l&#039;original. Con\u00e7u pour le pistolet automatique, le Holster Walther P38. Etui avec coque rigide en cuir v\u00e9ritable.\" \/>\n<meta property=\"og:url\" content=\"https:\/\/repliquemangacine.fr\/it\/pugnali-e-accessori-materiale-militare-della-seconda-guerra-mondiale\/fondina-in-pelle-walther-p38\/\" \/>\n<meta property=\"og:site_name\" content=\"R\u00e9plique Manga Cin\u00e9\" \/>\n<meta property=\"article:publisher\" content=\"https:\/\/www.facebook.com\/RepliqueMangaCine\" \/>\n<meta property=\"article:modified_time\" content=\"2025-09-23T16:01:48+00:00\" \/>\n<meta property=\"og:image\" content=\"https:\/\/repliquemangacine.fr\/wp-content\/uploads\/2023\/10\/1319-Etui-pour-pistolet-Walther-P38.jpg\" \/>\n\t<meta property=\"og:image:width\" content=\"800\" \/>\n\t<meta property=\"og:image:height\" content=\"800\" \/>\n\t<meta property=\"og:image:type\" content=\"image\/jpeg\" \/>\n<meta name=\"twitter:card\" content=\"summary_large_image\" \/>\n<meta name=\"twitter:label1\" content=\"Tempo di lettura stimato\" \/>\n\t<meta name=\"twitter:data1\" content=\"2 minuti\" \/>\n<script type=\"application\/ld+json\" class=\"yoast-schema-graph\">{\"@context\":\"https:\\\/\\\/schema.org\",\"@graph\":[{\"@type\":\"WebPage\",\"@id\":\"https:\\\/\\\/repliquemangacine.fr\\\/dagues-et-accessoires-seconde-guerre-mondiale-materiels-militaria\\\/holster-walther-p38-etui-en-cuir\\\/\",\"url\":\"https:\\\/\\\/repliquemangacine.fr\\\/dagues-et-accessoires-seconde-guerre-mondiale-materiels-militaria\\\/holster-walther-p38-etui-en-cuir\\\/\",\"name\":\"Holster Walther P38 - Accessoires Militaria - R\u00e9plique Manga Cin\u00e9\",\"isPartOf\":{\"@id\":\"https:\\\/\\\/repliquemangacine.fr\\\/#website\"},\"primaryImageOfPage\":{\"@id\":\"https:\\\/\\\/repliquemangacine.fr\\\/dagues-et-accessoires-seconde-guerre-mondiale-materiels-militaria\\\/holster-walther-p38-etui-en-cuir\\\/#primaryimage\"},\"image\":{\"@id\":\"https:\\\/\\\/repliquemangacine.fr\\\/dagues-et-accessoires-seconde-guerre-mondiale-materiels-militaria\\\/holster-walther-p38-etui-en-cuir\\\/#primaryimage\"},\"thumbnailUrl\":\"https:\\\/\\\/repliquemangacine.fr\\\/wp-content\\\/uploads\\\/2023\\\/10\\\/1319-Etui-pour-pistolet-Walther-P38.jpg\",\"datePublished\":\"2017-01-02T15:46:55+00:00\",\"dateModified\":\"2025-09-23T16:01:48+00:00\",\"description\":\"Cette reproduction est conforme \u00e0 l'original. Con\u00e7u pour le pistolet automatique, le Holster Walther P38. Etui avec coque rigide en cuir v\u00e9ritable.\",\"breadcrumb\":{\"@id\":\"https:\\\/\\\/repliquemangacine.fr\\\/dagues-et-accessoires-seconde-guerre-mondiale-materiels-militaria\\\/holster-walther-p38-etui-en-cuir\\\/#breadcrumb\"},\"inLanguage\":\"it-IT\",\"potentialAction\":[{\"@type\":\"ReadAction\",\"target\":[\"https:\\\/\\\/repliquemangacine.fr\\\/dagues-et-accessoires-seconde-guerre-mondiale-materiels-militaria\\\/holster-walther-p38-etui-en-cuir\\\/\"]}]},{\"@type\":\"ImageObject\",\"inLanguage\":\"it-IT\",\"@id\":\"https:\\\/\\\/repliquemangacine.fr\\\/dagues-et-accessoires-seconde-guerre-mondiale-materiels-militaria\\\/holster-walther-p38-etui-en-cuir\\\/#primaryimage\",\"url\":\"https:\\\/\\\/repliquemangacine.fr\\\/wp-content\\\/uploads\\\/2023\\\/10\\\/1319-Etui-pour-pistolet-Walther-P38.jpg\",\"contentUrl\":\"https:\\\/\\\/repliquemangacine.fr\\\/wp-content\\\/uploads\\\/2023\\\/10\\\/1319-Etui-pour-pistolet-Walther-P38.jpg\",\"width\":800,\"height\":800,\"caption\":\"Etui pour pistolet Walther P38\"},{\"@type\":\"BreadcrumbList\",\"@id\":\"https:\\\/\\\/repliquemangacine.fr\\\/dagues-et-accessoires-seconde-guerre-mondiale-materiels-militaria\\\/holster-walther-p38-etui-en-cuir\\\/#breadcrumb\",\"itemListElement\":[{\"@type\":\"ListItem\",\"position\":1,\"name\":\"Accueil\",\"item\":\"https:\\\/\\\/repliquemangacine.fr\\\/\"},{\"@type\":\"ListItem\",\"position\":2,\"name\":\"Produits\",\"item\":\"https:\\\/\\\/repliquemangacine.fr\\\/boutique\\\/\"},{\"@type\":\"ListItem\",\"position\":3,\"name\":\"Holster Walther P38\"}]},{\"@type\":\"WebSite\",\"@id\":\"https:\\\/\\\/repliquemangacine.fr\\\/#website\",\"url\":\"https:\\\/\\\/repliquemangacine.fr\\\/\",\"name\":\"R\u00e9plique Manga Cin\u00e9\",\"description\":\"\",\"publisher\":{\"@id\":\"https:\\\/\\\/repliquemangacine.fr\\\/#organization\"},\"potentialAction\":[{\"@type\":\"SearchAction\",\"target\":{\"@type\":\"EntryPoint\",\"urlTemplate\":\"https:\\\/\\\/repliquemangacine.fr\\\/?s={search_term_string}\"},\"query-input\":{\"@type\":\"PropertyValueSpecification\",\"valueRequired\":true,\"valueName\":\"search_term_string\"}}],\"inLanguage\":\"it-IT\"},{\"@type\":\"Organization\",\"@id\":\"https:\\\/\\\/repliquemangacine.fr\\\/#organization\",\"name\":\"R\u00e9plique Manga Cin\u00e9\",\"url\":\"https:\\\/\\\/repliquemangacine.fr\\\/\",\"logo\":{\"@type\":\"ImageObject\",\"inLanguage\":\"it-IT\",\"@id\":\"https:\\\/\\\/repliquemangacine.fr\\\/#\\\/schema\\\/logo\\\/image\\\/\",\"url\":\"https:\\\/\\\/repliquemangacine.fr\\\/wp-content\\\/uploads\\\/2023\\\/10\\\/RMC-500250.png\",\"contentUrl\":\"https:\\\/\\\/repliquemangacine.fr\\\/wp-content\\\/uploads\\\/2023\\\/10\\\/RMC-500250.png\",\"width\":500,\"height\":250,\"caption\":\"R\u00e9plique Manga Cin\u00e9\"},\"image\":{\"@id\":\"https:\\\/\\\/repliquemangacine.fr\\\/#\\\/schema\\\/logo\\\/image\\\/\"},\"sameAs\":[\"https:\\\/\\\/www.facebook.com\\\/RepliqueMangaCine\",\"https:\\\/\\\/www.instagram.com\\\/repliquemangacine.fr\\\/\"]}]}<\/script>\n<!-- \/ Yoast SEO plugin. -->","yoast_head_json":{"title":"Fondina Walther P38 - Accessori militari - R\u00e9plique Manga Cin\u00e9","description":"Questa riproduzione \u00e8 fedele all'originale. Progettata per la fondina della pistola automatica Walther P38. Fondina con guscio rigido in vera pelle.","robots":{"index":"index","follow":"follow","max-snippet":"max-snippet:-1","max-image-preview":"max-image-preview:large","max-video-preview":"max-video-preview:-1"},"canonical":"https:\/\/repliquemangacine.fr\/it\/pugnali-e-accessori-materiale-militare-della-seconda-guerra-mondiale\/fondina-in-pelle-walther-p38\/","og_locale":"it_IT","og_type":"article","og_title":"Holster Walther P38 - Accessoires Militaria - R\u00e9plique Manga Cin\u00e9","og_description":"Cette reproduction est conforme \u00e0 l'original. Con\u00e7u pour le pistolet automatique, le Holster Walther P38. Etui avec coque rigide en cuir v\u00e9ritable.","og_url":"https:\/\/repliquemangacine.fr\/it\/pugnali-e-accessori-materiale-militare-della-seconda-guerra-mondiale\/fondina-in-pelle-walther-p38\/","og_site_name":"R\u00e9plique Manga Cin\u00e9","article_publisher":"https:\/\/www.facebook.com\/RepliqueMangaCine","article_modified_time":"2025-09-23T16:01:48+00:00","og_image":[{"width":800,"height":800,"url":"https:\/\/repliquemangacine.fr\/wp-content\/uploads\/2023\/10\/1319-Etui-pour-pistolet-Walther-P38.jpg","type":"image\/jpeg"}],"twitter_card":"summary_large_image","twitter_misc":{"Tempo di lettura stimato":"2 minuti"},"schema":{"@context":"https:\/\/schema.org","@graph":[{"@type":"WebPage","@id":"https:\/\/repliquemangacine.fr\/dagues-et-accessoires-seconde-guerre-mondiale-materiels-militaria\/holster-walther-p38-etui-en-cuir\/","url":"https:\/\/repliquemangacine.fr\/dagues-et-accessoires-seconde-guerre-mondiale-materiels-militaria\/holster-walther-p38-etui-en-cuir\/","name":"Fondina Walther P38 - Accessori militari - R\u00e9plique Manga Cin\u00e9","isPartOf":{"@id":"https:\/\/repliquemangacine.fr\/#website"},"primaryImageOfPage":{"@id":"https:\/\/repliquemangacine.fr\/dagues-et-accessoires-seconde-guerre-mondiale-materiels-militaria\/holster-walther-p38-etui-en-cuir\/#primaryimage"},"image":{"@id":"https:\/\/repliquemangacine.fr\/dagues-et-accessoires-seconde-guerre-mondiale-materiels-militaria\/holster-walther-p38-etui-en-cuir\/#primaryimage"},"thumbnailUrl":"https:\/\/repliquemangacine.fr\/wp-content\/uploads\/2023\/10\/1319-Etui-pour-pistolet-Walther-P38.jpg","datePublished":"2017-01-02T15:46:55+00:00","dateModified":"2025-09-23T16:01:48+00:00","description":"Questa riproduzione \u00e8 fedele all'originale. Progettata per la fondina della pistola automatica Walther P38. Fondina con guscio rigido in vera pelle.","breadcrumb":{"@id":"https:\/\/repliquemangacine.fr\/dagues-et-accessoires-seconde-guerre-mondiale-materiels-militaria\/holster-walther-p38-etui-en-cuir\/#breadcrumb"},"inLanguage":"it-IT","potentialAction":[{"@type":"ReadAction","target":["https:\/\/repliquemangacine.fr\/dagues-et-accessoires-seconde-guerre-mondiale-materiels-militaria\/holster-walther-p38-etui-en-cuir\/"]}]},{"@type":"ImageObject","inLanguage":"it-IT","@id":"https:\/\/repliquemangacine.fr\/dagues-et-accessoires-seconde-guerre-mondiale-materiels-militaria\/holster-walther-p38-etui-en-cuir\/#primaryimage","url":"https:\/\/repliquemangacine.fr\/wp-content\/uploads\/2023\/10\/1319-Etui-pour-pistolet-Walther-P38.jpg","contentUrl":"https:\/\/repliquemangacine.fr\/wp-content\/uploads\/2023\/10\/1319-Etui-pour-pistolet-Walther-P38.jpg","width":800,"height":800,"caption":"Etui pour pistolet Walther P38"},{"@type":"BreadcrumbList","@id":"https:\/\/repliquemangacine.fr\/dagues-et-accessoires-seconde-guerre-mondiale-materiels-militaria\/holster-walther-p38-etui-en-cuir\/#breadcrumb","itemListElement":[{"@type":"ListItem","position":1,"name":"Accueil","item":"https:\/\/repliquemangacine.fr\/"},{"@type":"ListItem","position":2,"name":"Produits","item":"https:\/\/repliquemangacine.fr\/boutique\/"},{"@type":"ListItem","position":3,"name":"Holster Walther P38"}]},{"@type":"WebSite","@id":"https:\/\/repliquemangacine.fr\/#website","url":"https:\/\/repliquemangacine.fr\/","name":"R\u00e9plique Manga Cin\u00e9","description":"","publisher":{"@id":"https:\/\/repliquemangacine.fr\/#organization"},"potentialAction":[{"@type":"SearchAction","target":{"@type":"EntryPoint","urlTemplate":"https:\/\/repliquemangacine.fr\/?s={search_term_string}"},"query-input":{"@type":"PropertyValueSpecification","valueRequired":true,"valueName":"search_term_string"}}],"inLanguage":"it-IT"},{"@type":"Organization","@id":"https:\/\/repliquemangacine.fr\/#organization","name":"R\u00e9plique Manga Cin\u00e9","url":"https:\/\/repliquemangacine.fr\/","logo":{"@type":"ImageObject","inLanguage":"it-IT","@id":"https:\/\/repliquemangacine.fr\/#\/schema\/logo\/image\/","url":"https:\/\/repliquemangacine.fr\/wp-content\/uploads\/2023\/10\/RMC-500250.png","contentUrl":"https:\/\/repliquemangacine.fr\/wp-content\/uploads\/2023\/10\/RMC-500250.png","width":500,"height":250,"caption":"R\u00e9plique Manga Cin\u00e9"},"image":{"@id":"https:\/\/repliquemangacine.fr\/#\/schema\/logo\/image\/"},"sameAs":["https:\/\/www.facebook.com\/RepliqueMangaCine","https:\/\/www.instagram.com\/repliquemangacine.fr\/"]}]}},"_links":{"self":[{"href":"https:\/\/repliquemangacine.fr\/it\/wp-json\/wp\/v2\/product\/26686","targetHints":{"allow":["GET"]}}],"collection":[{"href":"https:\/\/repliquemangacine.fr\/it\/wp-json\/wp\/v2\/product"}],"about":[{"href":"https:\/\/repliquemangacine.fr\/it\/wp-json\/wp\/v2\/types\/product"}],"wp:featuredmedia":[{"embeddable":true,"href":"https:\/\/repliquemangacine.fr\/it\/wp-json\/wp\/v2\/media\/26687"}],"wp:attachment":[{"href":"https:\/\/repliquemangacine.fr\/it\/wp-json\/wp\/v2\/media?parent=26686"}],"wp:term":[{"taxonomy":"product_brand","embeddable":true,"href":"https:\/\/repliquemangacine.fr\/it\/wp-json\/wp\/v2\/product_brand?post=26686"},{"taxonomy":"product_cat","embeddable":true,"href":"https:\/\/repliquemangacine.fr\/it\/wp-json\/wp\/v2\/product_cat?post=26686"},{"taxonomy":"product_tag","embeddable":true,"href":"https:\/\/repliquemangacine.fr\/it\/wp-json\/wp\/v2\/product_tag?post=26686"}],"curies":[{"name":"wp","href":"https:\/\/api.w.org\/{rel}","templated":true}]}}