





{"id":26608,"date":"2016-12-29T20:39:47","date_gmt":"2016-12-29T19:39:47","guid":{"rendered":"https:\/\/repliquemangacine.fr\/?post_type=product&#038;p=26608"},"modified":"2025-10-23T15:41:33","modified_gmt":"2025-10-23T13:41:33","slug":"il-deluminatore-di-ron-weasley","status":"publish","type":"product","link":"https:\/\/repliquemangacine.fr\/it\/collectors-et-goodies-harry-potter\/deluminateur-de-ron-weasley\/","title":{"rendered":"Deluminatore Ron Weasley"},"content":{"rendered":"<h2>Il deluminatore di Ron Weasley in Harry Potter.<\/h2>\n<p>Per cominciare, il Deluminator di Ron, una replica autentica su licenza ufficiale. <a href=\"https:\/\/noblecollection.fr\/deluminateur-ron-weasley-p-708.html\">Collezione Nobile<\/a><\/p>\n<p>Il Deluminatore \u00e8 una sorta di accendino incantato realizzato da Albus Silente. Assorbe, immagazzina ed emette luce. Secondo Rufus Scrimgeour, questo oggetto magico \u00e8 unico nel suo genere.<\/p>\n<p>Albus usa questo Deluminatore per spostarsi in un'altra dimensione durante il duello con il nipote.<\/p>\n<p>Dopo la morte di Silente nel 1997, il Deluminatore fu affidato a Ron Weasley. Ron riusc\u00ec a ritrovare Harry e Hermione dopo averli abbandonati in un impeto di rabbia.<\/p>\n<p>Vale la pena notare che nelle sue prime due apparizioni in Harry Potter e l'Ordine della Fenice, il Deluminatore \u00e8 chiamato Put-Outer.<\/p>\n<h2>Il vostro articolo da collezione di Harry Potter al miglior prezzo.<\/h2>\n<p>Offriamo un'ampia gamma di prodotti ufficiali di Harry Potter della Noble Collection.<\/p>\n<p>Innanzitutto,<\/p>\n<ul>\n<li>La bacchetta magica del suo migliore amico, <a href=\"https:\/\/repliquemangacine.fr\/it\/asta-luminosa\/bacchetta-luminosa-di-harry-potter\/\">Harry Potter<\/a>.<\/li>\n<li>Cos\u00ec come la bacchetta magica luminosa della moglie <a href=\"https:\/\/repliquemangacine.fr\/it\/harry-potter\/bacchetta-luminosa-ufficiale-di-hermione-granger\/\">Hermione<\/a>.<\/li>\n<li>E molti altri da scoprire nel nostro negozio online!<\/li>\n<li>Naturalmente, per rendere felici i vostri bambini, abbiamo anche tutte le bacchette non ufficiali sul nostro sito, ma a prezzi bassi.<\/li>\n<\/ul>\n<p>Ecco quindi un'ottima idea regalo per tutti i fan della saga di Harry Potter<\/p>\n<p>In conclusione, \u00e8 possibile utilizzare questo <strong>Il Deluminatore di Ron<\/strong> per le sfilate di cosplay o le serate a tema. Ma soprattutto, \u00e8 un oggetto da collezione e una decorazione.<\/p>\n<p>R\u00e9plique Manga Cin\u00e9 \u00e8 un'azienda familiare francese.<\/p>\n<p>&nbsp;<\/p>","protected":false},"excerpt":{"rendered":"<p>Replica autentica della Noble Collection.<\/p>\n<ul>\n<li>In metallo invecchiato con piccole incisioni, circondato da una conchiglia verde.<\/li>\n<li>Premendo il pulsante, si accende davvero.<\/li>\n<li>\u00c8 lungo 10 cm e pesa 80 grammi.<\/li>\n<\/ul>","protected":false},"featured_media":26609,"template":"","meta":[],"product_brand":[896],"product_cat":[87,24,41],"product_tag":[],"class_list":{"0":"post-26608","1":"product","2":"type-product","3":"status-publish","4":"has-post-thumbnail","6":"product_brand-replique-manga-cine","7":"product_cat-collectors-et-goodies-harry-potter","8":"product_cat-films-series-tv-vente-de-katana-epee-et-produits-derives","9":"product_cat-baguettes-et-goodies-harry-potter","11":"first","12":"instock","13":"taxable","14":"shipping-taxable","15":"purchasable","16":"product-type-simple"},"yoast_head":"<!-- This site is optimized with the Yoast SEO plugin v27.4 - https:\/\/yoast.com\/product\/yoast-seo-wordpress\/ -->\n<title>D\u00e9luminateur de Ron - Harry Potter | R\u00e9plique Manga Cin\u00e9<\/title>\n<meta name=\"description\" content=\"D\u00e9couvrez la r\u00e9plique authentique du D\u00e9luminateur de Ron au meilleur prix - S&#039;\u00e9claire r\u00e9ellement - Licence Officielle Noble Collection - Longueur : 10 cm\" \/>\n<meta name=\"robots\" content=\"index, follow, max-snippet:-1, max-image-preview:large, max-video-preview:-1\" \/>\n<link rel=\"canonical\" href=\"https:\/\/repliquemangacine.fr\/it\/collezionisti-di-harry-potter-e-chicche\/il-deluminatore-di-ron-weasley\/\" \/>\n<meta property=\"og:locale\" content=\"it_IT\" \/>\n<meta property=\"og:type\" content=\"article\" \/>\n<meta property=\"og:title\" content=\"D\u00e9luminateur de Ron - Harry Potter | R\u00e9plique Manga Cin\u00e9\" \/>\n<meta property=\"og:description\" content=\"D\u00e9couvrez la r\u00e9plique authentique du D\u00e9luminateur de Ron au meilleur prix - S&#039;\u00e9claire r\u00e9ellement - Licence Officielle Noble Collection - Longueur : 10 cm\" \/>\n<meta property=\"og:url\" content=\"https:\/\/repliquemangacine.fr\/it\/collezionisti-di-harry-potter-e-chicche\/il-deluminatore-di-ron-weasley\/\" \/>\n<meta property=\"og:site_name\" content=\"R\u00e9plique Manga Cin\u00e9\" \/>\n<meta property=\"article:publisher\" content=\"https:\/\/www.facebook.com\/RepliqueMangaCine\" \/>\n<meta property=\"article:modified_time\" content=\"2025-10-23T13:41:33+00:00\" \/>\n<meta property=\"og:image\" content=\"https:\/\/repliquemangacine.fr\/wp-content\/uploads\/2023\/10\/1260-Deluminateur-de-Ron-Weasley.jpg\" \/>\n\t<meta property=\"og:image:width\" content=\"700\" \/>\n\t<meta property=\"og:image:height\" content=\"700\" \/>\n\t<meta property=\"og:image:type\" content=\"image\/jpeg\" \/>\n<meta name=\"twitter:card\" content=\"summary_large_image\" \/>\n<meta name=\"twitter:label1\" content=\"Tempo di lettura stimato\" \/>\n\t<meta name=\"twitter:data1\" content=\"1 minuto\" \/>\n<script type=\"application\/ld+json\" class=\"yoast-schema-graph\">{\"@context\":\"https:\\\/\\\/schema.org\",\"@graph\":[{\"@type\":\"WebPage\",\"@id\":\"https:\\\/\\\/repliquemangacine.fr\\\/collectors-et-goodies-harry-potter\\\/deluminateur-de-ron-weasley\\\/\",\"url\":\"https:\\\/\\\/repliquemangacine.fr\\\/collectors-et-goodies-harry-potter\\\/deluminateur-de-ron-weasley\\\/\",\"name\":\"D\u00e9luminateur de Ron - Harry Potter | R\u00e9plique Manga Cin\u00e9\",\"isPartOf\":{\"@id\":\"https:\\\/\\\/repliquemangacine.fr\\\/#website\"},\"primaryImageOfPage\":{\"@id\":\"https:\\\/\\\/repliquemangacine.fr\\\/collectors-et-goodies-harry-potter\\\/deluminateur-de-ron-weasley\\\/#primaryimage\"},\"image\":{\"@id\":\"https:\\\/\\\/repliquemangacine.fr\\\/collectors-et-goodies-harry-potter\\\/deluminateur-de-ron-weasley\\\/#primaryimage\"},\"thumbnailUrl\":\"https:\\\/\\\/repliquemangacine.fr\\\/wp-content\\\/uploads\\\/2023\\\/10\\\/1260-Deluminateur-de-Ron-Weasley.jpg\",\"datePublished\":\"2016-12-29T19:39:47+00:00\",\"dateModified\":\"2025-10-23T13:41:33+00:00\",\"description\":\"D\u00e9couvrez la r\u00e9plique authentique du D\u00e9luminateur de Ron au meilleur prix - S'\u00e9claire r\u00e9ellement - Licence Officielle Noble Collection - Longueur : 10 cm\",\"breadcrumb\":{\"@id\":\"https:\\\/\\\/repliquemangacine.fr\\\/collectors-et-goodies-harry-potter\\\/deluminateur-de-ron-weasley\\\/#breadcrumb\"},\"inLanguage\":\"it-IT\",\"potentialAction\":[{\"@type\":\"ReadAction\",\"target\":[\"https:\\\/\\\/repliquemangacine.fr\\\/collectors-et-goodies-harry-potter\\\/deluminateur-de-ron-weasley\\\/\"]}]},{\"@type\":\"ImageObject\",\"inLanguage\":\"it-IT\",\"@id\":\"https:\\\/\\\/repliquemangacine.fr\\\/collectors-et-goodies-harry-potter\\\/deluminateur-de-ron-weasley\\\/#primaryimage\",\"url\":\"https:\\\/\\\/repliquemangacine.fr\\\/wp-content\\\/uploads\\\/2023\\\/10\\\/1260-Deluminateur-de-Ron-Weasley.jpg\",\"contentUrl\":\"https:\\\/\\\/repliquemangacine.fr\\\/wp-content\\\/uploads\\\/2023\\\/10\\\/1260-Deluminateur-de-Ron-Weasley.jpg\",\"width\":700,\"height\":700,\"caption\":\"D\u00e9luminateur de Ron Weasley\"},{\"@type\":\"BreadcrumbList\",\"@id\":\"https:\\\/\\\/repliquemangacine.fr\\\/collectors-et-goodies-harry-potter\\\/deluminateur-de-ron-weasley\\\/#breadcrumb\",\"itemListElement\":[{\"@type\":\"ListItem\",\"position\":1,\"name\":\"Accueil\",\"item\":\"https:\\\/\\\/repliquemangacine.fr\\\/\"},{\"@type\":\"ListItem\",\"position\":2,\"name\":\"Produits\",\"item\":\"https:\\\/\\\/repliquemangacine.fr\\\/boutique\\\/\"},{\"@type\":\"ListItem\",\"position\":3,\"name\":\"D\u00e9luminateur Ron Weasley\"}]},{\"@type\":\"WebSite\",\"@id\":\"https:\\\/\\\/repliquemangacine.fr\\\/#website\",\"url\":\"https:\\\/\\\/repliquemangacine.fr\\\/\",\"name\":\"R\u00e9plique Manga Cin\u00e9\",\"description\":\"\",\"publisher\":{\"@id\":\"https:\\\/\\\/repliquemangacine.fr\\\/#organization\"},\"potentialAction\":[{\"@type\":\"SearchAction\",\"target\":{\"@type\":\"EntryPoint\",\"urlTemplate\":\"https:\\\/\\\/repliquemangacine.fr\\\/?s={search_term_string}\"},\"query-input\":{\"@type\":\"PropertyValueSpecification\",\"valueRequired\":true,\"valueName\":\"search_term_string\"}}],\"inLanguage\":\"it-IT\"},{\"@type\":\"Organization\",\"@id\":\"https:\\\/\\\/repliquemangacine.fr\\\/#organization\",\"name\":\"R\u00e9plique Manga Cin\u00e9\",\"url\":\"https:\\\/\\\/repliquemangacine.fr\\\/\",\"logo\":{\"@type\":\"ImageObject\",\"inLanguage\":\"it-IT\",\"@id\":\"https:\\\/\\\/repliquemangacine.fr\\\/#\\\/schema\\\/logo\\\/image\\\/\",\"url\":\"https:\\\/\\\/repliquemangacine.fr\\\/wp-content\\\/uploads\\\/2023\\\/10\\\/RMC-500250.png\",\"contentUrl\":\"https:\\\/\\\/repliquemangacine.fr\\\/wp-content\\\/uploads\\\/2023\\\/10\\\/RMC-500250.png\",\"width\":500,\"height\":250,\"caption\":\"R\u00e9plique Manga Cin\u00e9\"},\"image\":{\"@id\":\"https:\\\/\\\/repliquemangacine.fr\\\/#\\\/schema\\\/logo\\\/image\\\/\"},\"sameAs\":[\"https:\\\/\\\/www.facebook.com\\\/RepliqueMangaCine\",\"https:\\\/\\\/www.instagram.com\\\/repliquemangacine.fr\\\/\"]}]}<\/script>\n<!-- \/ Yoast SEO plugin. -->","yoast_head_json":{"title":"Deluminatore di Ron - Harry Potter | R\u00e9plique Manga Cin\u00e9","description":"Scoprite l'autentica replica del Deluminatore di Ron al miglior prezzo - Si illumina davvero - Licenza ufficiale della Noble Collection - Lunghezza: 10 cm","robots":{"index":"index","follow":"follow","max-snippet":"max-snippet:-1","max-image-preview":"max-image-preview:large","max-video-preview":"max-video-preview:-1"},"canonical":"https:\/\/repliquemangacine.fr\/it\/collezionisti-di-harry-potter-e-chicche\/il-deluminatore-di-ron-weasley\/","og_locale":"it_IT","og_type":"article","og_title":"D\u00e9luminateur de Ron - Harry Potter | R\u00e9plique Manga Cin\u00e9","og_description":"D\u00e9couvrez la r\u00e9plique authentique du D\u00e9luminateur de Ron au meilleur prix - S'\u00e9claire r\u00e9ellement - Licence Officielle Noble Collection - Longueur : 10 cm","og_url":"https:\/\/repliquemangacine.fr\/it\/collezionisti-di-harry-potter-e-chicche\/il-deluminatore-di-ron-weasley\/","og_site_name":"R\u00e9plique Manga Cin\u00e9","article_publisher":"https:\/\/www.facebook.com\/RepliqueMangaCine","article_modified_time":"2025-10-23T13:41:33+00:00","og_image":[{"width":700,"height":700,"url":"https:\/\/repliquemangacine.fr\/wp-content\/uploads\/2023\/10\/1260-Deluminateur-de-Ron-Weasley.jpg","type":"image\/jpeg"}],"twitter_card":"summary_large_image","twitter_misc":{"Tempo di lettura stimato":"1 minuto"},"schema":{"@context":"https:\/\/schema.org","@graph":[{"@type":"WebPage","@id":"https:\/\/repliquemangacine.fr\/collectors-et-goodies-harry-potter\/deluminateur-de-ron-weasley\/","url":"https:\/\/repliquemangacine.fr\/collectors-et-goodies-harry-potter\/deluminateur-de-ron-weasley\/","name":"Deluminatore di Ron - Harry Potter | R\u00e9plique Manga Cin\u00e9","isPartOf":{"@id":"https:\/\/repliquemangacine.fr\/#website"},"primaryImageOfPage":{"@id":"https:\/\/repliquemangacine.fr\/collectors-et-goodies-harry-potter\/deluminateur-de-ron-weasley\/#primaryimage"},"image":{"@id":"https:\/\/repliquemangacine.fr\/collectors-et-goodies-harry-potter\/deluminateur-de-ron-weasley\/#primaryimage"},"thumbnailUrl":"https:\/\/repliquemangacine.fr\/wp-content\/uploads\/2023\/10\/1260-Deluminateur-de-Ron-Weasley.jpg","datePublished":"2016-12-29T19:39:47+00:00","dateModified":"2025-10-23T13:41:33+00:00","description":"Scoprite l'autentica replica del Deluminatore di Ron al miglior prezzo - Si illumina davvero - Licenza ufficiale della Noble Collection - Lunghezza: 10 cm","breadcrumb":{"@id":"https:\/\/repliquemangacine.fr\/collectors-et-goodies-harry-potter\/deluminateur-de-ron-weasley\/#breadcrumb"},"inLanguage":"it-IT","potentialAction":[{"@type":"ReadAction","target":["https:\/\/repliquemangacine.fr\/collectors-et-goodies-harry-potter\/deluminateur-de-ron-weasley\/"]}]},{"@type":"ImageObject","inLanguage":"it-IT","@id":"https:\/\/repliquemangacine.fr\/collectors-et-goodies-harry-potter\/deluminateur-de-ron-weasley\/#primaryimage","url":"https:\/\/repliquemangacine.fr\/wp-content\/uploads\/2023\/10\/1260-Deluminateur-de-Ron-Weasley.jpg","contentUrl":"https:\/\/repliquemangacine.fr\/wp-content\/uploads\/2023\/10\/1260-Deluminateur-de-Ron-Weasley.jpg","width":700,"height":700,"caption":"D\u00e9luminateur de Ron Weasley"},{"@type":"BreadcrumbList","@id":"https:\/\/repliquemangacine.fr\/collectors-et-goodies-harry-potter\/deluminateur-de-ron-weasley\/#breadcrumb","itemListElement":[{"@type":"ListItem","position":1,"name":"Accueil","item":"https:\/\/repliquemangacine.fr\/"},{"@type":"ListItem","position":2,"name":"Produits","item":"https:\/\/repliquemangacine.fr\/boutique\/"},{"@type":"ListItem","position":3,"name":"D\u00e9luminateur Ron Weasley"}]},{"@type":"WebSite","@id":"https:\/\/repliquemangacine.fr\/#website","url":"https:\/\/repliquemangacine.fr\/","name":"R\u00e9plique Manga Cin\u00e9","description":"","publisher":{"@id":"https:\/\/repliquemangacine.fr\/#organization"},"potentialAction":[{"@type":"SearchAction","target":{"@type":"EntryPoint","urlTemplate":"https:\/\/repliquemangacine.fr\/?s={search_term_string}"},"query-input":{"@type":"PropertyValueSpecification","valueRequired":true,"valueName":"search_term_string"}}],"inLanguage":"it-IT"},{"@type":"Organization","@id":"https:\/\/repliquemangacine.fr\/#organization","name":"R\u00e9plique Manga Cin\u00e9","url":"https:\/\/repliquemangacine.fr\/","logo":{"@type":"ImageObject","inLanguage":"it-IT","@id":"https:\/\/repliquemangacine.fr\/#\/schema\/logo\/image\/","url":"https:\/\/repliquemangacine.fr\/wp-content\/uploads\/2023\/10\/RMC-500250.png","contentUrl":"https:\/\/repliquemangacine.fr\/wp-content\/uploads\/2023\/10\/RMC-500250.png","width":500,"height":250,"caption":"R\u00e9plique Manga Cin\u00e9"},"image":{"@id":"https:\/\/repliquemangacine.fr\/#\/schema\/logo\/image\/"},"sameAs":["https:\/\/www.facebook.com\/RepliqueMangaCine","https:\/\/www.instagram.com\/repliquemangacine.fr\/"]}]}},"_links":{"self":[{"href":"https:\/\/repliquemangacine.fr\/it\/wp-json\/wp\/v2\/product\/26608","targetHints":{"allow":["GET"]}}],"collection":[{"href":"https:\/\/repliquemangacine.fr\/it\/wp-json\/wp\/v2\/product"}],"about":[{"href":"https:\/\/repliquemangacine.fr\/it\/wp-json\/wp\/v2\/types\/product"}],"wp:featuredmedia":[{"embeddable":true,"href":"https:\/\/repliquemangacine.fr\/it\/wp-json\/wp\/v2\/media\/26609"}],"wp:attachment":[{"href":"https:\/\/repliquemangacine.fr\/it\/wp-json\/wp\/v2\/media?parent=26608"}],"wp:term":[{"taxonomy":"product_brand","embeddable":true,"href":"https:\/\/repliquemangacine.fr\/it\/wp-json\/wp\/v2\/product_brand?post=26608"},{"taxonomy":"product_cat","embeddable":true,"href":"https:\/\/repliquemangacine.fr\/it\/wp-json\/wp\/v2\/product_cat?post=26608"},{"taxonomy":"product_tag","embeddable":true,"href":"https:\/\/repliquemangacine.fr\/it\/wp-json\/wp\/v2\/product_tag?post=26608"}],"curies":[{"name":"wp","href":"https:\/\/api.w.org\/{rel}","templated":true}]}}