





{"id":26596,"date":"2016-12-28T18:27:47","date_gmt":"2016-12-28T17:27:47","guid":{"rendered":"https:\/\/repliquemangacine.fr\/?post_type=product&#038;p=26596"},"modified":"2025-09-23T18:01:48","modified_gmt":"2025-09-23T16:01:48","slug":"ciondolo-spilla-galadriel","status":"publish","type":"product","link":"https:\/\/repliquemangacine.fr\/it\/bijoux-the-hobbit\/galadriel-pendentif-broche\/","title":{"rendered":"Spilla d'argento Galadriel"},"content":{"rendered":"<h2>Ciondolo spilla Galadriel del Signore degli Anelli<\/h2>\n<p>Per cominciare, il<strong> Ciondolo spilla Galadriel<\/strong> \u00e8 in argento massiccio 925\u1d49, ornato da una pietra di madreperla.<\/p>\n<p>Galadriel \u00e8 un'elfa di stirpe Noldor, figlia di Finarfin e sorella di Finrod Felagund. \u00c8 considerata uno dei pi\u00f9 grandi Eldar, insieme a F\u00ebanor e L\u00fathien. Galadriel ha lo stesso temperamento dello zio: vuole potere e potenza. \u00c8 la signora dei boschi di Lothl\u00f3rien.<\/p>\n<p>Del resto, <a href=\"https:\/\/lotr.fandom.com\/fr\/wiki\/Galadriel\" target=\"_blank\" rel=\"noopener noreferrer\">Galadriel<\/a> \u00e8 in possesso di Nenya, uno dei tre anelli del potere elfico. All'inizio della Comunit\u00e0, dona a ogni membro una spilla di foglie di Lorien e un mantello elfico.<\/p>\n<h2>Il tuo Ciondolo Spilla Galadriel al miglior prezzo.<\/h2>\n<p>Offriamo un'ampia gamma di spade e gioielli economici del Signore degli Anelli.<\/p>\n<p>Innanzitutto,<\/p>\n<ul>\n<li>La spada Hadhafang di Arwen con la lama incisa con rune elfiche.<\/li>\n<li>Cos\u00ec come il <a href=\"https:\/\/repliquemangacine.fr\/it\/anelli-di-gioielleria\/spilla-per-collana-lorien-leaf-signore-degli-anelli\/\">Collana con spilla a forma di foglia Lorien<\/a> simbolo degli Elfi.<\/li>\n<li>Concludiamo con il must-have <a href=\"https:\/\/repliquemangacine.fr\/it\/il-signore-degli-anelli\/anneau-unique-le-precieux\/\">Anello singolo<\/a>. Gollum chiama questo anello del potere \"il mio prezioso\".<\/li>\n<li>E molti altri da scoprire nel nostro negozio online.<\/li>\n<\/ul>\n<p>Ecco perch\u00e9 abbiamo pensato ad alcune idee regalo per tutti coloro che amano la trilogia del Signore degli Anelli.<\/p>\n<p>In conclusione, potete prendere il vostro <strong>Ciondolo spilla Galadriel<\/strong> nella vita di tutti i giorni. Ma soprattutto \u00e8 un oggetto da collezione.<\/p>\n<h2>Come posso prendermi cura dei miei gioielli in argento?<\/h2>\n<p>L'argento \u00e8 pi\u00f9 fragile dell'oro. Con il tempo, lo sfregamento, il sudore e la polvere, perde la sua lucentezza e si appanna.<\/p>\n<p>Ecco alcuni consigli per la pulizia del vostro <strong>Ciondolo spilla Galadriel<\/strong> argento, rallenterete la comparsa dei segni di usura.<\/p>\n<ul>\n<li>Bicarbonato di sodio: una soluzione efficace. Versate dell'acqua in una ciotola e scioglietevi il bicarbonato. Immergetevi i gioielli per qualche ora. Prendete uno spazzolino da denti molto morbido e strofinate delicatamente. Risciacquare con acqua pulita.<\/li>\n<li>Aceto bianco: allo stesso modo, immergere completamente i gioielli nell'aceto bianco. Attendere 2 ore, risciacquare con acqua tiepida e asciugare con un panno morbido.<br \/>\nE poi ci sono tutti i trucchi della nonna, come la Coca Cola...<\/li>\n<\/ul>\n<p>In questo modo potrete indossare i vostri gioielli pi\u00f9 a lungo.<\/p>","protected":false},"excerpt":{"rendered":"<p>Questo ciondolo \u00e8 ispirato alla spilla indossata da Galadriel.<\/p>\n<ul>\n<li>Realizzato in argento sterling 925 con finitura patinata e ornato da una perla di madreperla.<\/li>\n<li>Catena da 45 cm.<\/li>\n<li>Il disegno misura circa 6 x 3,5 cm.<\/li>\n<li>Scatola da collezione in legno, con placca recante il logo del film.<\/li>\n<li>Licenza ufficiale The Noble Collection<\/li>\n<\/ul>","protected":false},"featured_media":26597,"template":"","meta":[],"product_brand":[896],"product_cat":[78,79,24,29,35],"product_tag":[],"class_list":{"0":"post-26596","1":"product","2":"type-product","3":"status-publish","4":"has-post-thumbnail","6":"product_brand-replique-manga-cine","7":"product_cat-bijoux-anneaux","8":"product_cat-bijoux-the-hobbit","9":"product_cat-films-series-tv-vente-de-katana-epee-et-produits-derives","10":"product_cat-le-seigneur-des-anneaux","11":"product_cat-epee-et-bijoux-the-hobbit","13":"first","14":"outofstock","15":"sale","16":"taxable","17":"shipping-taxable","18":"purchasable","19":"product-type-simple"},"yoast_head":"<!-- This site is optimized with the Yoast SEO plugin v27.5 - https:\/\/yoast.com\/product\/yoast-seo-wordpress\/ -->\n<title>Pendentif Broche Galadriel - Bijoux Seigneur des Anneaux | RMC<\/title>\n<meta name=\"description\" content=\"Fait en argent massif 925e et orn\u00e9e d&#039;une perle en nacre, ce pendentif finement travaill\u00e9 est inspir\u00e9 de la broche port\u00e9e par Galadriel.\" \/>\n<meta name=\"robots\" content=\"index, follow, max-snippet:-1, max-image-preview:large, max-video-preview:-1\" \/>\n<link rel=\"canonical\" href=\"https:\/\/repliquemangacine.fr\/it\/gioielli-lo-hobbit\/ciondolo-spilla-galadriel\/\" \/>\n<meta property=\"og:locale\" content=\"it_IT\" \/>\n<meta property=\"og:type\" content=\"article\" \/>\n<meta property=\"og:title\" content=\"Pendentif Broche Galadriel - Bijoux Seigneur des Anneaux | RMC\" \/>\n<meta property=\"og:description\" content=\"Fait en argent massif 925e et orn\u00e9e d&#039;une perle en nacre, ce pendentif finement travaill\u00e9 est inspir\u00e9 de la broche port\u00e9e par Galadriel.\" \/>\n<meta property=\"og:url\" content=\"https:\/\/repliquemangacine.fr\/it\/gioielli-lo-hobbit\/ciondolo-spilla-galadriel\/\" \/>\n<meta property=\"og:site_name\" content=\"R\u00e9plique Manga Cin\u00e9\" \/>\n<meta property=\"article:publisher\" content=\"https:\/\/www.facebook.com\/RepliqueMangaCine\" \/>\n<meta property=\"article:modified_time\" content=\"2025-09-23T16:01:48+00:00\" \/>\n<meta property=\"og:image\" content=\"https:\/\/repliquemangacine.fr\/wp-content\/uploads\/2023\/10\/1250-Galadriel-Pendentif-broche.jpg\" \/>\n\t<meta property=\"og:image:width\" content=\"685\" \/>\n\t<meta property=\"og:image:height\" content=\"650\" \/>\n\t<meta property=\"og:image:type\" content=\"image\/jpeg\" \/>\n<meta name=\"twitter:card\" content=\"summary_large_image\" \/>\n<meta name=\"twitter:label1\" content=\"Tempo di lettura stimato\" \/>\n\t<meta name=\"twitter:data1\" content=\"1 minuto\" \/>\n<script type=\"application\/ld+json\" class=\"yoast-schema-graph\">{\"@context\":\"https:\\\/\\\/schema.org\",\"@graph\":[{\"@type\":\"WebPage\",\"@id\":\"https:\\\/\\\/repliquemangacine.fr\\\/bijoux-the-hobbit\\\/galadriel-pendentif-broche\\\/\",\"url\":\"https:\\\/\\\/repliquemangacine.fr\\\/bijoux-the-hobbit\\\/galadriel-pendentif-broche\\\/\",\"name\":\"Pendentif Broche Galadriel - Bijoux Seigneur des Anneaux | RMC\",\"isPartOf\":{\"@id\":\"https:\\\/\\\/repliquemangacine.fr\\\/#website\"},\"primaryImageOfPage\":{\"@id\":\"https:\\\/\\\/repliquemangacine.fr\\\/bijoux-the-hobbit\\\/galadriel-pendentif-broche\\\/#primaryimage\"},\"image\":{\"@id\":\"https:\\\/\\\/repliquemangacine.fr\\\/bijoux-the-hobbit\\\/galadriel-pendentif-broche\\\/#primaryimage\"},\"thumbnailUrl\":\"https:\\\/\\\/repliquemangacine.fr\\\/wp-content\\\/uploads\\\/2023\\\/10\\\/1250-Galadriel-Pendentif-broche.jpg\",\"datePublished\":\"2016-12-28T17:27:47+00:00\",\"dateModified\":\"2025-09-23T16:01:48+00:00\",\"description\":\"Fait en argent massif 925e et orn\u00e9e d'une perle en nacre, ce pendentif finement travaill\u00e9 est inspir\u00e9 de la broche port\u00e9e par Galadriel.\",\"breadcrumb\":{\"@id\":\"https:\\\/\\\/repliquemangacine.fr\\\/bijoux-the-hobbit\\\/galadriel-pendentif-broche\\\/#breadcrumb\"},\"inLanguage\":\"it-IT\",\"potentialAction\":[{\"@type\":\"ReadAction\",\"target\":[\"https:\\\/\\\/repliquemangacine.fr\\\/bijoux-the-hobbit\\\/galadriel-pendentif-broche\\\/\"]}]},{\"@type\":\"ImageObject\",\"inLanguage\":\"it-IT\",\"@id\":\"https:\\\/\\\/repliquemangacine.fr\\\/bijoux-the-hobbit\\\/galadriel-pendentif-broche\\\/#primaryimage\",\"url\":\"https:\\\/\\\/repliquemangacine.fr\\\/wp-content\\\/uploads\\\/2023\\\/10\\\/1250-Galadriel-Pendentif-broche.jpg\",\"contentUrl\":\"https:\\\/\\\/repliquemangacine.fr\\\/wp-content\\\/uploads\\\/2023\\\/10\\\/1250-Galadriel-Pendentif-broche.jpg\",\"width\":685,\"height\":650,\"caption\":\"Galadriel - Pendentif broche\"},{\"@type\":\"BreadcrumbList\",\"@id\":\"https:\\\/\\\/repliquemangacine.fr\\\/bijoux-the-hobbit\\\/galadriel-pendentif-broche\\\/#breadcrumb\",\"itemListElement\":[{\"@type\":\"ListItem\",\"position\":1,\"name\":\"Accueil\",\"item\":\"https:\\\/\\\/repliquemangacine.fr\\\/\"},{\"@type\":\"ListItem\",\"position\":2,\"name\":\"Produits\",\"item\":\"https:\\\/\\\/repliquemangacine.fr\\\/boutique\\\/\"},{\"@type\":\"ListItem\",\"position\":3,\"name\":\"Broche Galadriel Argent\"}]},{\"@type\":\"WebSite\",\"@id\":\"https:\\\/\\\/repliquemangacine.fr\\\/#website\",\"url\":\"https:\\\/\\\/repliquemangacine.fr\\\/\",\"name\":\"R\u00e9plique Manga Cin\u00e9\",\"description\":\"\",\"publisher\":{\"@id\":\"https:\\\/\\\/repliquemangacine.fr\\\/#organization\"},\"potentialAction\":[{\"@type\":\"SearchAction\",\"target\":{\"@type\":\"EntryPoint\",\"urlTemplate\":\"https:\\\/\\\/repliquemangacine.fr\\\/?s={search_term_string}\"},\"query-input\":{\"@type\":\"PropertyValueSpecification\",\"valueRequired\":true,\"valueName\":\"search_term_string\"}}],\"inLanguage\":\"it-IT\"},{\"@type\":\"Organization\",\"@id\":\"https:\\\/\\\/repliquemangacine.fr\\\/#organization\",\"name\":\"R\u00e9plique Manga Cin\u00e9\",\"url\":\"https:\\\/\\\/repliquemangacine.fr\\\/\",\"logo\":{\"@type\":\"ImageObject\",\"inLanguage\":\"it-IT\",\"@id\":\"https:\\\/\\\/repliquemangacine.fr\\\/#\\\/schema\\\/logo\\\/image\\\/\",\"url\":\"https:\\\/\\\/repliquemangacine.fr\\\/wp-content\\\/uploads\\\/2023\\\/10\\\/RMC-500250.png\",\"contentUrl\":\"https:\\\/\\\/repliquemangacine.fr\\\/wp-content\\\/uploads\\\/2023\\\/10\\\/RMC-500250.png\",\"width\":500,\"height\":250,\"caption\":\"R\u00e9plique Manga Cin\u00e9\"},\"image\":{\"@id\":\"https:\\\/\\\/repliquemangacine.fr\\\/#\\\/schema\\\/logo\\\/image\\\/\"},\"sameAs\":[\"https:\\\/\\\/www.facebook.com\\\/RepliqueMangaCine\",\"https:\\\/\\\/www.instagram.com\\\/repliquemangacine.fr\\\/\"]}]}<\/script>\n<!-- \/ Yoast SEO plugin. -->","yoast_head_json":{"title":"Ciondolo con spilla Galadriel - Gioielli del Signore degli Anelli | RMC","description":"Realizzato in argento sterling 925 e ornato da una perla di madreperla, questo ciondolo finemente lavorato si ispira alla spilla indossata da Galadriel.","robots":{"index":"index","follow":"follow","max-snippet":"max-snippet:-1","max-image-preview":"max-image-preview:large","max-video-preview":"max-video-preview:-1"},"canonical":"https:\/\/repliquemangacine.fr\/it\/gioielli-lo-hobbit\/ciondolo-spilla-galadriel\/","og_locale":"it_IT","og_type":"article","og_title":"Pendentif Broche Galadriel - Bijoux Seigneur des Anneaux | RMC","og_description":"Fait en argent massif 925e et orn\u00e9e d'une perle en nacre, ce pendentif finement travaill\u00e9 est inspir\u00e9 de la broche port\u00e9e par Galadriel.","og_url":"https:\/\/repliquemangacine.fr\/it\/gioielli-lo-hobbit\/ciondolo-spilla-galadriel\/","og_site_name":"R\u00e9plique Manga Cin\u00e9","article_publisher":"https:\/\/www.facebook.com\/RepliqueMangaCine","article_modified_time":"2025-09-23T16:01:48+00:00","og_image":[{"width":685,"height":650,"url":"https:\/\/repliquemangacine.fr\/wp-content\/uploads\/2023\/10\/1250-Galadriel-Pendentif-broche.jpg","type":"image\/jpeg"}],"twitter_card":"summary_large_image","twitter_misc":{"Tempo di lettura stimato":"1 minuto"},"schema":{"@context":"https:\/\/schema.org","@graph":[{"@type":"WebPage","@id":"https:\/\/repliquemangacine.fr\/bijoux-the-hobbit\/galadriel-pendentif-broche\/","url":"https:\/\/repliquemangacine.fr\/bijoux-the-hobbit\/galadriel-pendentif-broche\/","name":"Ciondolo con spilla Galadriel - Gioielli del Signore degli Anelli | RMC","isPartOf":{"@id":"https:\/\/repliquemangacine.fr\/#website"},"primaryImageOfPage":{"@id":"https:\/\/repliquemangacine.fr\/bijoux-the-hobbit\/galadriel-pendentif-broche\/#primaryimage"},"image":{"@id":"https:\/\/repliquemangacine.fr\/bijoux-the-hobbit\/galadriel-pendentif-broche\/#primaryimage"},"thumbnailUrl":"https:\/\/repliquemangacine.fr\/wp-content\/uploads\/2023\/10\/1250-Galadriel-Pendentif-broche.jpg","datePublished":"2016-12-28T17:27:47+00:00","dateModified":"2025-09-23T16:01:48+00:00","description":"Realizzato in argento sterling 925 e ornato da una perla di madreperla, questo ciondolo finemente lavorato si ispira alla spilla indossata da Galadriel.","breadcrumb":{"@id":"https:\/\/repliquemangacine.fr\/bijoux-the-hobbit\/galadriel-pendentif-broche\/#breadcrumb"},"inLanguage":"it-IT","potentialAction":[{"@type":"ReadAction","target":["https:\/\/repliquemangacine.fr\/bijoux-the-hobbit\/galadriel-pendentif-broche\/"]}]},{"@type":"ImageObject","inLanguage":"it-IT","@id":"https:\/\/repliquemangacine.fr\/bijoux-the-hobbit\/galadriel-pendentif-broche\/#primaryimage","url":"https:\/\/repliquemangacine.fr\/wp-content\/uploads\/2023\/10\/1250-Galadriel-Pendentif-broche.jpg","contentUrl":"https:\/\/repliquemangacine.fr\/wp-content\/uploads\/2023\/10\/1250-Galadriel-Pendentif-broche.jpg","width":685,"height":650,"caption":"Galadriel - Pendentif broche"},{"@type":"BreadcrumbList","@id":"https:\/\/repliquemangacine.fr\/bijoux-the-hobbit\/galadriel-pendentif-broche\/#breadcrumb","itemListElement":[{"@type":"ListItem","position":1,"name":"Accueil","item":"https:\/\/repliquemangacine.fr\/"},{"@type":"ListItem","position":2,"name":"Produits","item":"https:\/\/repliquemangacine.fr\/boutique\/"},{"@type":"ListItem","position":3,"name":"Broche Galadriel Argent"}]},{"@type":"WebSite","@id":"https:\/\/repliquemangacine.fr\/#website","url":"https:\/\/repliquemangacine.fr\/","name":"R\u00e9plique Manga Cin\u00e9","description":"","publisher":{"@id":"https:\/\/repliquemangacine.fr\/#organization"},"potentialAction":[{"@type":"SearchAction","target":{"@type":"EntryPoint","urlTemplate":"https:\/\/repliquemangacine.fr\/?s={search_term_string}"},"query-input":{"@type":"PropertyValueSpecification","valueRequired":true,"valueName":"search_term_string"}}],"inLanguage":"it-IT"},{"@type":"Organization","@id":"https:\/\/repliquemangacine.fr\/#organization","name":"R\u00e9plique Manga Cin\u00e9","url":"https:\/\/repliquemangacine.fr\/","logo":{"@type":"ImageObject","inLanguage":"it-IT","@id":"https:\/\/repliquemangacine.fr\/#\/schema\/logo\/image\/","url":"https:\/\/repliquemangacine.fr\/wp-content\/uploads\/2023\/10\/RMC-500250.png","contentUrl":"https:\/\/repliquemangacine.fr\/wp-content\/uploads\/2023\/10\/RMC-500250.png","width":500,"height":250,"caption":"R\u00e9plique Manga Cin\u00e9"},"image":{"@id":"https:\/\/repliquemangacine.fr\/#\/schema\/logo\/image\/"},"sameAs":["https:\/\/www.facebook.com\/RepliqueMangaCine","https:\/\/www.instagram.com\/repliquemangacine.fr\/"]}]}},"_links":{"self":[{"href":"https:\/\/repliquemangacine.fr\/it\/wp-json\/wp\/v2\/product\/26596","targetHints":{"allow":["GET"]}}],"collection":[{"href":"https:\/\/repliquemangacine.fr\/it\/wp-json\/wp\/v2\/product"}],"about":[{"href":"https:\/\/repliquemangacine.fr\/it\/wp-json\/wp\/v2\/types\/product"}],"wp:featuredmedia":[{"embeddable":true,"href":"https:\/\/repliquemangacine.fr\/it\/wp-json\/wp\/v2\/media\/26597"}],"wp:attachment":[{"href":"https:\/\/repliquemangacine.fr\/it\/wp-json\/wp\/v2\/media?parent=26596"}],"wp:term":[{"taxonomy":"product_brand","embeddable":true,"href":"https:\/\/repliquemangacine.fr\/it\/wp-json\/wp\/v2\/product_brand?post=26596"},{"taxonomy":"product_cat","embeddable":true,"href":"https:\/\/repliquemangacine.fr\/it\/wp-json\/wp\/v2\/product_cat?post=26596"},{"taxonomy":"product_tag","embeddable":true,"href":"https:\/\/repliquemangacine.fr\/it\/wp-json\/wp\/v2\/product_tag?post=26596"}],"curies":[{"name":"wp","href":"https:\/\/api.w.org\/{rel}","templated":true}]}}