





{"id":26593,"date":"2016-12-28T17:39:44","date_gmt":"2016-12-28T16:39:44","guid":{"rendered":"https:\/\/repliquemangacine.fr\/?post_type=product&#038;p=26593"},"modified":"2025-09-23T18:01:48","modified_gmt":"2025-09-23T16:01:48","slug":"ciondolo-dargento-thorin-oakenshield","status":"publish","type":"product","link":"https:\/\/repliquemangacine.fr\/it\/bijoux-the-hobbit\/thorin-oakenshield-pendentif-argent\/","title":{"rendered":"Ciondolo d'argento Thorin"},"content":{"rendered":"<h2>Ciondolo d'argento di Thorin da Lo Hobbit<\/h2>\n<p>Per cominciare, il <strong>Ciondolo d'argento Thorin<\/strong> \u00e8 in licenza ufficiale <a href=\"https:\/\/noblecollection.fr\/thorin-oakenshield-pendentif-argent-925eme-hobbit-p-3700.html\" target=\"_blank\" rel=\"noopener noreferrer\">La collezione Noble<\/a><\/p>\n<p>Thorin, sovrano di Erebor, personaggio del romanzo Lo Hobbit di Tolkien. \u00c8 un nano, erede del Regno sotto la Montagna da cui il drago Smaug ha cacciato la sua famiglia.<\/p>\n<p>Ispiratore della spedizione per recuperare il tesoro dei suoi padri, in cui lo Hobbit Bilbo si trova arruolato controvoglia. Soprannominato \u201cScudo di quercia\u201d per aver usato un ramo di quercia come scudo.<\/p>\n<p>Dopo molti viaggi, l'avventura \u00e8 coronata dal successo, con la morte del drago Smaug.<\/p>\n<p>Durante la Battaglia dei Cinque Eserciti, Thorin e i suoi compagni evadono dalla Montagna. Thorin viene ferito a morte.<\/p>\n<h2>Il vostro ciondolo Thorin in argento al miglior prezzo.<\/h2>\n<p>Ecco tutte le battute dei vostri personaggi preferiti della trilogia de Lo Hobbit.<\/p>\n<p>Innanzitutto,<\/p>\n<ul>\n<li>L'<a href=\"https:\/\/repliquemangacine.fr\/it\/le-spade-dello-hobbit\/spada-orcrist-spada-thorin\/\">Spada orchesca di Thorin<\/a> Ecu du Ch\u00eane con la sua lama elfica.<\/li>\n<li>C'\u00e8 anche il<a href=\"https:\/\/repliquemangacine.fr\/it\/spade-del-signore-degli-anelli\/il-dardo-della-spada-di-bilbo\/\">Spada dard<\/a> di Bilbo Baggins, che si illumina di blu quando si avvicina un nemico.<\/li>\n<li>In conclusione, Noble Collection offre un'ampia gamma di gioielli di qualit\u00e0, disponibili su richiesta.<\/li>\n<\/ul>\n<p>Ecco quindi alcune idee regalo per i fan della trilogia de Lo Hobbit!<\/p>\n<p>In conclusione, \u00e8 possibile utilizzare questo <strong>Ciondolo d'argento Thorin<\/strong> nella vita di tutti i giorni. Ma soprattutto, questi gioielli sono anche un oggetto da collezione e un pezzo decorativo.<\/p>\n<p>R\u00e9plique Manga Cin\u00e9 \u00e8 un'azienda familiare francese.<\/p>\n<h2>Come posso prendermi cura dei miei gioielli in argento?<\/h2>\n<p>L'argento \u00e8 pi\u00f9 fragile dell'oro. Con il tempo, lo sfregamento, il sudore e la polvere, perde la sua lucentezza e si appanna.<\/p>\n<p>Ecco alcuni consigli per la pulizia del vostro <strong>Ciondolo d'argento Thorin<\/strong>Questo rallenter\u00e0 la comparsa dei segni di usura.<\/p>\n<ul>\n<li>Bicarbonato di sodio: una soluzione efficace. Versate dell'acqua in una ciotola e scioglietevi il bicarbonato. Immergetevi i gioielli per qualche ora. Prendete uno spazzolino da denti molto morbido e strofinate delicatamente. Risciacquare con acqua pulita.<\/li>\n<li>Aceto bianco: allo stesso modo, immergere completamente i gioielli nell'aceto bianco. Attendere 2 ore, risciacquare con acqua tiepida e asciugare con un panno morbido.<br \/>\nE poi ci sono tutti i trucchi della nonna, come la Coca Cola...<\/li>\n<\/ul>\n<p>In questo modo potrete indossare i vostri gioielli pi\u00f9 a lungo.<\/p>","protected":false},"excerpt":{"rendered":"<p>Questo ciondolo \u00e8 basato sulla fibbia della cintura di Thorin Scudodiquercia.<\/p>\n<ul>\n<li>Realizzato in argento sterling 925 con finitura patinata.<\/li>\n<li>Fornito con una cinghia di 45 cm.<\/li>\n<li>Viene fornito con una scatola da collezione in legno e una targa con il film.<\/li>\n<li>Ciondolo ufficiale della Collezione Noble<\/li>\n<\/ul>","protected":false},"featured_media":26594,"template":"","meta":[],"product_brand":[896],"product_cat":[79,24,35],"product_tag":[],"class_list":{"0":"post-26593","1":"product","2":"type-product","3":"status-publish","4":"has-post-thumbnail","6":"product_brand-replique-manga-cine","7":"product_cat-bijoux-the-hobbit","8":"product_cat-films-series-tv-vente-de-katana-epee-et-produits-derives","9":"product_cat-epee-et-bijoux-the-hobbit","11":"first","12":"instock","13":"sale","14":"taxable","15":"shipping-taxable","16":"purchasable","17":"product-type-simple"},"yoast_head":"<!-- This site is optimized with the Yoast SEO plugin v27.4 - https:\/\/yoast.com\/product\/yoast-seo-wordpress\/ -->\n<title>Pendentif Argent de Thorin - The Hobbit - Replique Manga Cine<\/title>\n<meta name=\"description\" content=\"Offrez-lui ce Pendentif Argent de Thorin au meilleur prix - Argent massif 925e - Bo\u00eete collector - Licence officielle Noble Collection - Envoi 24\/48h\" \/>\n<meta name=\"robots\" content=\"index, follow, max-snippet:-1, max-image-preview:large, max-video-preview:-1\" \/>\n<link rel=\"canonical\" href=\"https:\/\/repliquemangacine.fr\/it\/gioielli-lo-hobbit\/ciondolo-dargento-thorin-oakenshield\/\" \/>\n<meta property=\"og:locale\" content=\"it_IT\" \/>\n<meta property=\"og:type\" content=\"article\" \/>\n<meta property=\"og:title\" content=\"Pendentif Argent de Thorin - The Hobbit - Replique Manga Cine\" \/>\n<meta property=\"og:description\" content=\"Offrez-lui ce Pendentif Argent de Thorin au meilleur prix - Argent massif 925e - Bo\u00eete collector - Licence officielle Noble Collection - Envoi 24\/48h\" \/>\n<meta property=\"og:url\" content=\"https:\/\/repliquemangacine.fr\/it\/gioielli-lo-hobbit\/ciondolo-dargento-thorin-oakenshield\/\" \/>\n<meta property=\"og:site_name\" content=\"R\u00e9plique Manga Cin\u00e9\" \/>\n<meta property=\"article:publisher\" content=\"https:\/\/www.facebook.com\/RepliqueMangaCine\" \/>\n<meta property=\"article:modified_time\" content=\"2025-09-23T16:01:48+00:00\" \/>\n<meta property=\"og:image\" content=\"https:\/\/repliquemangacine.fr\/wp-content\/uploads\/2023\/10\/1248-Thorin-Oakenshield-Pendentif-argent.jpg\" \/>\n\t<meta property=\"og:image:width\" content=\"700\" \/>\n\t<meta property=\"og:image:height\" content=\"700\" \/>\n\t<meta property=\"og:image:type\" content=\"image\/jpeg\" \/>\n<meta name=\"twitter:card\" content=\"summary_large_image\" \/>\n<meta name=\"twitter:label1\" content=\"Tempo di lettura stimato\" \/>\n\t<meta name=\"twitter:data1\" content=\"2 minuti\" \/>\n<script type=\"application\/ld+json\" class=\"yoast-schema-graph\">{\"@context\":\"https:\\\/\\\/schema.org\",\"@graph\":[{\"@type\":\"WebPage\",\"@id\":\"https:\\\/\\\/repliquemangacine.fr\\\/de\\\/schmuck-the-hobbit\\\/thorin-oakenshield-anhanger-silber\\\/\",\"url\":\"https:\\\/\\\/repliquemangacine.fr\\\/de\\\/schmuck-the-hobbit\\\/thorin-oakenshield-anhanger-silber\\\/\",\"name\":\"Pendentif Argent de Thorin - The Hobbit - Replique Manga Cine\",\"isPartOf\":{\"@id\":\"https:\\\/\\\/repliquemangacine.fr\\\/#website\"},\"primaryImageOfPage\":{\"@id\":\"https:\\\/\\\/repliquemangacine.fr\\\/de\\\/schmuck-the-hobbit\\\/thorin-oakenshield-anhanger-silber\\\/#primaryimage\"},\"image\":{\"@id\":\"https:\\\/\\\/repliquemangacine.fr\\\/de\\\/schmuck-the-hobbit\\\/thorin-oakenshield-anhanger-silber\\\/#primaryimage\"},\"thumbnailUrl\":\"https:\\\/\\\/repliquemangacine.fr\\\/wp-content\\\/uploads\\\/2023\\\/10\\\/1248-Thorin-Oakenshield-Pendentif-argent.jpg\",\"datePublished\":\"2016-12-28T16:39:44+00:00\",\"dateModified\":\"2025-09-23T16:01:48+00:00\",\"description\":\"Offrez-lui ce Pendentif Argent de Thorin au meilleur prix - Argent massif 925e - Bo\u00eete collector - Licence officielle Noble Collection - Envoi 24\\\/48h\",\"breadcrumb\":{\"@id\":\"https:\\\/\\\/repliquemangacine.fr\\\/de\\\/schmuck-the-hobbit\\\/thorin-oakenshield-anhanger-silber\\\/#breadcrumb\"},\"inLanguage\":\"it-IT\",\"potentialAction\":[{\"@type\":\"ReadAction\",\"target\":[\"https:\\\/\\\/repliquemangacine.fr\\\/de\\\/schmuck-the-hobbit\\\/thorin-oakenshield-anhanger-silber\\\/\"]}]},{\"@type\":\"ImageObject\",\"inLanguage\":\"it-IT\",\"@id\":\"https:\\\/\\\/repliquemangacine.fr\\\/de\\\/schmuck-the-hobbit\\\/thorin-oakenshield-anhanger-silber\\\/#primaryimage\",\"url\":\"https:\\\/\\\/repliquemangacine.fr\\\/wp-content\\\/uploads\\\/2023\\\/10\\\/1248-Thorin-Oakenshield-Pendentif-argent.jpg\",\"contentUrl\":\"https:\\\/\\\/repliquemangacine.fr\\\/wp-content\\\/uploads\\\/2023\\\/10\\\/1248-Thorin-Oakenshield-Pendentif-argent.jpg\",\"width\":700,\"height\":700,\"caption\":\"Thorin Oakenshield - Pendentif argent\"},{\"@type\":\"BreadcrumbList\",\"@id\":\"https:\\\/\\\/repliquemangacine.fr\\\/de\\\/schmuck-the-hobbit\\\/thorin-oakenshield-anhanger-silber\\\/#breadcrumb\",\"itemListElement\":[{\"@type\":\"ListItem\",\"position\":1,\"name\":\"Accueil\",\"item\":\"https:\\\/\\\/repliquemangacine.fr\\\/\"},{\"@type\":\"ListItem\",\"position\":2,\"name\":\"Produits\",\"item\":\"https:\\\/\\\/repliquemangacine.fr\\\/boutique\\\/\"},{\"@type\":\"ListItem\",\"position\":3,\"name\":\"Pendentif argent Thorin\"}]},{\"@type\":\"WebSite\",\"@id\":\"https:\\\/\\\/repliquemangacine.fr\\\/#website\",\"url\":\"https:\\\/\\\/repliquemangacine.fr\\\/\",\"name\":\"R\u00e9plique Manga Cin\u00e9\",\"description\":\"\",\"publisher\":{\"@id\":\"https:\\\/\\\/repliquemangacine.fr\\\/#organization\"},\"potentialAction\":[{\"@type\":\"SearchAction\",\"target\":{\"@type\":\"EntryPoint\",\"urlTemplate\":\"https:\\\/\\\/repliquemangacine.fr\\\/?s={search_term_string}\"},\"query-input\":{\"@type\":\"PropertyValueSpecification\",\"valueRequired\":true,\"valueName\":\"search_term_string\"}}],\"inLanguage\":\"it-IT\"},{\"@type\":\"Organization\",\"@id\":\"https:\\\/\\\/repliquemangacine.fr\\\/#organization\",\"name\":\"R\u00e9plique Manga Cin\u00e9\",\"url\":\"https:\\\/\\\/repliquemangacine.fr\\\/\",\"logo\":{\"@type\":\"ImageObject\",\"inLanguage\":\"it-IT\",\"@id\":\"https:\\\/\\\/repliquemangacine.fr\\\/#\\\/schema\\\/logo\\\/image\\\/\",\"url\":\"https:\\\/\\\/repliquemangacine.fr\\\/wp-content\\\/uploads\\\/2023\\\/10\\\/RMC-500250.png\",\"contentUrl\":\"https:\\\/\\\/repliquemangacine.fr\\\/wp-content\\\/uploads\\\/2023\\\/10\\\/RMC-500250.png\",\"width\":500,\"height\":250,\"caption\":\"R\u00e9plique Manga Cin\u00e9\"},\"image\":{\"@id\":\"https:\\\/\\\/repliquemangacine.fr\\\/#\\\/schema\\\/logo\\\/image\\\/\"},\"sameAs\":[\"https:\\\/\\\/www.facebook.com\\\/RepliqueMangaCine\",\"https:\\\/\\\/www.instagram.com\\\/repliquemangacine.fr\\\/\"]}]}<\/script>\n<!-- \/ Yoast SEO plugin. -->","yoast_head_json":{"title":"Ciondolo d'argento Thorin - Lo Hobbit - Replique Manga Cine","description":"Regalatele questo ciondolo d'argento Thorin al miglior prezzo - Argento 925 - Scatola da collezione - Licenza ufficiale Noble Collection - Spedizione 24\/48 ore","robots":{"index":"index","follow":"follow","max-snippet":"max-snippet:-1","max-image-preview":"max-image-preview:large","max-video-preview":"max-video-preview:-1"},"canonical":"https:\/\/repliquemangacine.fr\/it\/gioielli-lo-hobbit\/ciondolo-dargento-thorin-oakenshield\/","og_locale":"it_IT","og_type":"article","og_title":"Pendentif Argent de Thorin - The Hobbit - Replique Manga Cine","og_description":"Offrez-lui ce Pendentif Argent de Thorin au meilleur prix - Argent massif 925e - Bo\u00eete collector - Licence officielle Noble Collection - Envoi 24\/48h","og_url":"https:\/\/repliquemangacine.fr\/it\/gioielli-lo-hobbit\/ciondolo-dargento-thorin-oakenshield\/","og_site_name":"R\u00e9plique Manga Cin\u00e9","article_publisher":"https:\/\/www.facebook.com\/RepliqueMangaCine","article_modified_time":"2025-09-23T16:01:48+00:00","og_image":[{"width":700,"height":700,"url":"https:\/\/repliquemangacine.fr\/wp-content\/uploads\/2023\/10\/1248-Thorin-Oakenshield-Pendentif-argent.jpg","type":"image\/jpeg"}],"twitter_card":"summary_large_image","twitter_misc":{"Tempo di lettura stimato":"2 minuti"},"schema":{"@context":"https:\/\/schema.org","@graph":[{"@type":"WebPage","@id":"https:\/\/repliquemangacine.fr\/de\/schmuck-the-hobbit\/thorin-oakenshield-anhanger-silber\/","url":"https:\/\/repliquemangacine.fr\/de\/schmuck-the-hobbit\/thorin-oakenshield-anhanger-silber\/","name":"Ciondolo d'argento Thorin - Lo Hobbit - Replique Manga Cine","isPartOf":{"@id":"https:\/\/repliquemangacine.fr\/#website"},"primaryImageOfPage":{"@id":"https:\/\/repliquemangacine.fr\/de\/schmuck-the-hobbit\/thorin-oakenshield-anhanger-silber\/#primaryimage"},"image":{"@id":"https:\/\/repliquemangacine.fr\/de\/schmuck-the-hobbit\/thorin-oakenshield-anhanger-silber\/#primaryimage"},"thumbnailUrl":"https:\/\/repliquemangacine.fr\/wp-content\/uploads\/2023\/10\/1248-Thorin-Oakenshield-Pendentif-argent.jpg","datePublished":"2016-12-28T16:39:44+00:00","dateModified":"2025-09-23T16:01:48+00:00","description":"Regalatele questo ciondolo d'argento Thorin al miglior prezzo - Argento 925 - Scatola da collezione - Licenza ufficiale Noble Collection - Spedizione 24\/48 ore","breadcrumb":{"@id":"https:\/\/repliquemangacine.fr\/de\/schmuck-the-hobbit\/thorin-oakenshield-anhanger-silber\/#breadcrumb"},"inLanguage":"it-IT","potentialAction":[{"@type":"ReadAction","target":["https:\/\/repliquemangacine.fr\/de\/schmuck-the-hobbit\/thorin-oakenshield-anhanger-silber\/"]}]},{"@type":"ImageObject","inLanguage":"it-IT","@id":"https:\/\/repliquemangacine.fr\/de\/schmuck-the-hobbit\/thorin-oakenshield-anhanger-silber\/#primaryimage","url":"https:\/\/repliquemangacine.fr\/wp-content\/uploads\/2023\/10\/1248-Thorin-Oakenshield-Pendentif-argent.jpg","contentUrl":"https:\/\/repliquemangacine.fr\/wp-content\/uploads\/2023\/10\/1248-Thorin-Oakenshield-Pendentif-argent.jpg","width":700,"height":700,"caption":"Thorin Oakenshield - Pendentif argent"},{"@type":"BreadcrumbList","@id":"https:\/\/repliquemangacine.fr\/de\/schmuck-the-hobbit\/thorin-oakenshield-anhanger-silber\/#breadcrumb","itemListElement":[{"@type":"ListItem","position":1,"name":"Accueil","item":"https:\/\/repliquemangacine.fr\/"},{"@type":"ListItem","position":2,"name":"Produits","item":"https:\/\/repliquemangacine.fr\/boutique\/"},{"@type":"ListItem","position":3,"name":"Pendentif argent Thorin"}]},{"@type":"WebSite","@id":"https:\/\/repliquemangacine.fr\/#website","url":"https:\/\/repliquemangacine.fr\/","name":"R\u00e9plique Manga Cin\u00e9","description":"","publisher":{"@id":"https:\/\/repliquemangacine.fr\/#organization"},"potentialAction":[{"@type":"SearchAction","target":{"@type":"EntryPoint","urlTemplate":"https:\/\/repliquemangacine.fr\/?s={search_term_string}"},"query-input":{"@type":"PropertyValueSpecification","valueRequired":true,"valueName":"search_term_string"}}],"inLanguage":"it-IT"},{"@type":"Organization","@id":"https:\/\/repliquemangacine.fr\/#organization","name":"R\u00e9plique Manga Cin\u00e9","url":"https:\/\/repliquemangacine.fr\/","logo":{"@type":"ImageObject","inLanguage":"it-IT","@id":"https:\/\/repliquemangacine.fr\/#\/schema\/logo\/image\/","url":"https:\/\/repliquemangacine.fr\/wp-content\/uploads\/2023\/10\/RMC-500250.png","contentUrl":"https:\/\/repliquemangacine.fr\/wp-content\/uploads\/2023\/10\/RMC-500250.png","width":500,"height":250,"caption":"R\u00e9plique Manga Cin\u00e9"},"image":{"@id":"https:\/\/repliquemangacine.fr\/#\/schema\/logo\/image\/"},"sameAs":["https:\/\/www.facebook.com\/RepliqueMangaCine","https:\/\/www.instagram.com\/repliquemangacine.fr\/"]}]}},"_links":{"self":[{"href":"https:\/\/repliquemangacine.fr\/it\/wp-json\/wp\/v2\/product\/26593","targetHints":{"allow":["GET"]}}],"collection":[{"href":"https:\/\/repliquemangacine.fr\/it\/wp-json\/wp\/v2\/product"}],"about":[{"href":"https:\/\/repliquemangacine.fr\/it\/wp-json\/wp\/v2\/types\/product"}],"wp:featuredmedia":[{"embeddable":true,"href":"https:\/\/repliquemangacine.fr\/it\/wp-json\/wp\/v2\/media\/26594"}],"wp:attachment":[{"href":"https:\/\/repliquemangacine.fr\/it\/wp-json\/wp\/v2\/media?parent=26593"}],"wp:term":[{"taxonomy":"product_brand","embeddable":true,"href":"https:\/\/repliquemangacine.fr\/it\/wp-json\/wp\/v2\/product_brand?post=26593"},{"taxonomy":"product_cat","embeddable":true,"href":"https:\/\/repliquemangacine.fr\/it\/wp-json\/wp\/v2\/product_cat?post=26593"},{"taxonomy":"product_tag","embeddable":true,"href":"https:\/\/repliquemangacine.fr\/it\/wp-json\/wp\/v2\/product_tag?post=26593"}],"curies":[{"name":"wp","href":"https:\/\/api.w.org\/{rel}","templated":true}]}}