





{"id":26558,"date":"2016-11-30T19:10:00","date_gmt":"2016-11-30T18:10:00","guid":{"rendered":"https:\/\/repliquemangacine.fr\/?post_type=product&#038;p=26558"},"modified":"2026-04-03T14:50:57","modified_gmt":"2026-04-03T12:50:57","slug":"game-of-thrones-eddard-stark-spada-hbo-versione-tv","status":"publish","type":"product","link":"https:\/\/repliquemangacine.fr\/it\/epees-game-of-thrones\/game-of-thrones-epee-eddard-stark-version-hbo-tv\/","title":{"rendered":"Ned Stark spada HBO versione televisiva"},"content":{"rendered":"<h2>Spada di Ned Stark, versione di Game of Thrones<\/h2>\n<p>Per cominciare, la spada di Ned Stark, chiamata Ghiaccio, \u00e8 un'antica spada in acciaio di Valyria della Casa Stark. \u00c8 descritta come larga quanto la mano di un uomo e pi\u00f9 alta della mano di un adolescente di quattordici anni come Robb Stark.<\/p>\n<p>Forgiata a Valyria quattrocento anni fa, \u00e8 una spada che si maneggia con entrambe le mani. \u00c8 diventata la spada del signore di Grande Inverno. Eddard Stark la usa personalmente per giustiziare i prigionieri condannati a morte.<\/p>\n<p>Dopo l'arresto di Eddard,  Ilyn Payne usa <a href=\"https:\/\/gameofthrones.fandom.com\/fr\/wiki\/Glace\" target=\"_blank\" rel=\"noopener noreferrer\">Ghiaccio<\/a> per giustiziare Ned nel Grande Setto di Baelor. Nella stagione 4, Tywin Lannister recupera la spada. Chiede a un fabbro di usare l'acciaio valyriano del ghiaccio per forgiare due lunghe spade, che vengono chiamate: Grido della Vedova e Fata.<\/p>\n<h2>La tua spada di Ned Stark al miglior prezzo.<\/h2>\n<p>Ti proponiamo tutte le repliche della tua serie preferita Game Of Thrones.<\/p>\n<p>Innanzitutto,<\/p>\n<ul>\n<li>L'<a href=\"https:\/\/repliquemangacine.fr\/it\/spade-di-game-of-thrones\/spada-di-ghiaccio-eddard-stark-trono-di-ferro\/\">La spada di Ned Stark<\/a> nella sua versione di romanzo.<\/li>\n<li>C'\u00e8 anche il<a href=\"https:\/\/repliquemangacine.fr\/it\/spade-di-game-of-thrones\/ago-della-spada-arya-stark-game-of-thrones\/\">L'ago della spada di Arya<\/a> che gli \u00e8 stato dato da Jon Snow.<\/li>\n<li>Cos\u00ec come il<a href=\"https:\/\/repliquemangacine.fr\/it\/spade-di-game-of-thrones\/brienne-de-torth-spada-custode-del-giuramento-game-of-thrones\/\">Spada delle fate<\/a> dato da Jaime a Brienne di Tarth.<\/li>\n<li>E molti altri da scoprire nel nostro negozio online!<\/li>\n<\/ul>\n<p>Ecco perch\u00e9 \u00e8 un'idea regalo fantastica per i fan della serie Game of Thrones.<\/p>\n<p>In conclusione, \u00e8 possibile utilizzare l\u2019<strong>Spada di Ned Stark<\/strong> per le vostre sfilate cosplay o serate a tema. Ma soprattutto, questa spada \u00e8 un oggetto da collezione e una decorazione.<\/p>\n<h2>Come faccio a mantenere la lama della mia spada di Game of Thrones?<\/h2>\n<p>Le spade da collezione e decorative sono realizzate e assemblate in modo semplificato. Poich\u00e9 il loro uso \u00e8 decorativo, non hanno le caratteristiche di sicurezza richieste per una spada giapponese destinata all'allenamento.<\/p>\n<p>Tuttavia, il vostro <strong>Spada di Ned Stark<\/strong> a una lama d'acciaio che deve essere curata per evitare che si danneggi nel tempo. Quando si espone la katana, gli amici saranno curiosi di vedere la lama e di toccarla. \u00c8 qui che bisogna fare attenzione, perch\u00e9 l'acidit\u00e0 delle dita \u00e8 molto dannosa per l'acciaio, indipendentemente dalla sua qualit\u00e0.<\/p>\n<p>Tuttavia, se ci\u00f2 dovesse accadere, niente panico: basta un panno inumidito con un po' d'olio per eliminare le impronte. In questo modo, la spada durer\u00e0 a lungo.<\/p>","protected":false},"excerpt":{"rendered":"<p>Spada di ghiaccio usata da Ned in Game of Thrones.<\/p>\n<ul>\n<li>Lama in acciaio inossidabile con scanalatura.<\/li>\n<li>Elsa e pomo in acciaio argentato e placcato oro.<\/li>\n<li>Maniglia in ABS.<\/li>\n<li>Supporto serigrafato.<\/li>\n<li>Lunghezza lama: 100 cm - Lunghezza totale: 130 cm - Peso: 1900 gr.<\/li>\n<\/ul>","protected":false},"featured_media":26559,"template":"","meta":[],"product_brand":[896],"product_cat":[25,84,72,24,47,43],"product_tag":[],"class_list":{"0":"post-26558","1":"product","2":"type-product","3":"status-publish","4":"has-post-thumbnail","6":"product_brand-replique-manga-cine","7":"product_cat-armes-historiques","8":"product_cat-epee-templier-medievale","9":"product_cat-epees-game-of-thrones","10":"product_cat-films-series-tv-vente-de-katana-epee-et-produits-derives","11":"product_cat-game-of-thrones","12":"product_cat-reproductions-d-armes-et-accessoires-medievales","14":"first","15":"instock","16":"sale","17":"taxable","18":"shipping-taxable","19":"purchasable","20":"product-type-simple"},"yoast_head":"<!-- This site is optimized with the Yoast SEO plugin v27.4 - https:\/\/yoast.com\/product\/yoast-seo-wordpress\/ -->\n<title>Ep\u00e9e Ned Stark - Ep\u00e9es Game of Thrones - Replique Manga Cine<\/title>\n<meta name=\"description\" content=\"Offrez-lui ! L&#039;Ep\u00e9e Ned Stark dans Game of Thrones au meilleur prix. Lame en acier 440 - Support bois - Longueur totale : 130 cm - Envoi 24\/48h\" \/>\n<meta name=\"robots\" content=\"index, follow, max-snippet:-1, max-image-preview:large, max-video-preview:-1\" \/>\n<link rel=\"canonical\" href=\"https:\/\/repliquemangacine.fr\/it\/spade-di-game-of-thrones\/game-of-thrones-eddard-stark-spada-hbo-versione-tv\/\" \/>\n<meta property=\"og:locale\" content=\"it_IT\" \/>\n<meta property=\"og:type\" content=\"article\" \/>\n<meta property=\"og:title\" content=\"Ep\u00e9e Ned Stark - Ep\u00e9es Game of Thrones - Replique Manga Cine\" \/>\n<meta property=\"og:description\" content=\"Offrez-lui ! L&#039;Ep\u00e9e Ned Stark dans Game of Thrones au meilleur prix. Lame en acier 440 - Support bois - Longueur totale : 130 cm - Envoi 24\/48h\" \/>\n<meta property=\"og:url\" content=\"https:\/\/repliquemangacine.fr\/it\/spade-di-game-of-thrones\/game-of-thrones-eddard-stark-spada-hbo-versione-tv\/\" \/>\n<meta property=\"og:site_name\" content=\"R\u00e9plique Manga Cin\u00e9\" \/>\n<meta property=\"article:publisher\" content=\"https:\/\/www.facebook.com\/RepliqueMangaCine\" \/>\n<meta property=\"article:modified_time\" content=\"2026-04-03T12:50:57+00:00\" \/>\n<meta property=\"og:image\" content=\"https:\/\/repliquemangacine.fr\/wp-content\/uploads\/2023\/10\/1219-Game-of-Thrones-Epee-Eddard-Stark-Version-HBO-TV.jpg\" \/>\n\t<meta property=\"og:image:width\" content=\"800\" \/>\n\t<meta property=\"og:image:height\" content=\"800\" \/>\n\t<meta property=\"og:image:type\" content=\"image\/jpeg\" \/>\n<meta name=\"twitter:card\" content=\"summary_large_image\" \/>\n<meta name=\"twitter:label1\" content=\"Tempo di lettura stimato\" \/>\n\t<meta name=\"twitter:data1\" content=\"2 minuti\" \/>\n<script type=\"application\/ld+json\" class=\"yoast-schema-graph\">{\"@context\":\"https:\\\/\\\/schema.org\",\"@graph\":[{\"@type\":\"WebPage\",\"@id\":\"https:\\\/\\\/repliquemangacine.fr\\\/epees-game-of-thrones\\\/game-of-thrones-epee-eddard-stark-version-hbo-tv\\\/\",\"url\":\"https:\\\/\\\/repliquemangacine.fr\\\/epees-game-of-thrones\\\/game-of-thrones-epee-eddard-stark-version-hbo-tv\\\/\",\"name\":\"Ep\u00e9e Ned Stark - Ep\u00e9es Game of Thrones - Replique Manga Cine\",\"isPartOf\":{\"@id\":\"https:\\\/\\\/repliquemangacine.fr\\\/#website\"},\"primaryImageOfPage\":{\"@id\":\"https:\\\/\\\/repliquemangacine.fr\\\/epees-game-of-thrones\\\/game-of-thrones-epee-eddard-stark-version-hbo-tv\\\/#primaryimage\"},\"image\":{\"@id\":\"https:\\\/\\\/repliquemangacine.fr\\\/epees-game-of-thrones\\\/game-of-thrones-epee-eddard-stark-version-hbo-tv\\\/#primaryimage\"},\"thumbnailUrl\":\"https:\\\/\\\/repliquemangacine.fr\\\/wp-content\\\/uploads\\\/2023\\\/10\\\/1219-Game-of-Thrones-Epee-Eddard-Stark-Version-HBO-TV.jpg\",\"datePublished\":\"2016-11-30T18:10:00+00:00\",\"dateModified\":\"2026-04-03T12:50:57+00:00\",\"description\":\"Offrez-lui ! L'Ep\u00e9e Ned Stark dans Game of Thrones au meilleur prix. Lame en acier 440 - Support bois - Longueur totale : 130 cm - Envoi 24\\\/48h\",\"breadcrumb\":{\"@id\":\"https:\\\/\\\/repliquemangacine.fr\\\/epees-game-of-thrones\\\/game-of-thrones-epee-eddard-stark-version-hbo-tv\\\/#breadcrumb\"},\"inLanguage\":\"it-IT\",\"potentialAction\":[{\"@type\":\"ReadAction\",\"target\":[\"https:\\\/\\\/repliquemangacine.fr\\\/epees-game-of-thrones\\\/game-of-thrones-epee-eddard-stark-version-hbo-tv\\\/\"]}]},{\"@type\":\"ImageObject\",\"inLanguage\":\"it-IT\",\"@id\":\"https:\\\/\\\/repliquemangacine.fr\\\/epees-game-of-thrones\\\/game-of-thrones-epee-eddard-stark-version-hbo-tv\\\/#primaryimage\",\"url\":\"https:\\\/\\\/repliquemangacine.fr\\\/wp-content\\\/uploads\\\/2023\\\/10\\\/1219-Game-of-Thrones-Epee-Eddard-Stark-Version-HBO-TV.jpg\",\"contentUrl\":\"https:\\\/\\\/repliquemangacine.fr\\\/wp-content\\\/uploads\\\/2023\\\/10\\\/1219-Game-of-Thrones-Epee-Eddard-Stark-Version-HBO-TV.jpg\",\"width\":800,\"height\":800,\"caption\":\"Game of Thrones - Ep\u00e9e Eddard Stark - Version HBO TV\"},{\"@type\":\"BreadcrumbList\",\"@id\":\"https:\\\/\\\/repliquemangacine.fr\\\/epees-game-of-thrones\\\/game-of-thrones-epee-eddard-stark-version-hbo-tv\\\/#breadcrumb\",\"itemListElement\":[{\"@type\":\"ListItem\",\"position\":1,\"name\":\"Accueil\",\"item\":\"https:\\\/\\\/repliquemangacine.fr\\\/\"},{\"@type\":\"ListItem\",\"position\":2,\"name\":\"Produits\",\"item\":\"https:\\\/\\\/repliquemangacine.fr\\\/boutique\\\/\"},{\"@type\":\"ListItem\",\"position\":3,\"name\":\"Ep\u00e9e Ned Stark Version HBO TV\"}]},{\"@type\":\"WebSite\",\"@id\":\"https:\\\/\\\/repliquemangacine.fr\\\/#website\",\"url\":\"https:\\\/\\\/repliquemangacine.fr\\\/\",\"name\":\"R\u00e9plique Manga Cin\u00e9\",\"description\":\"\",\"publisher\":{\"@id\":\"https:\\\/\\\/repliquemangacine.fr\\\/#organization\"},\"potentialAction\":[{\"@type\":\"SearchAction\",\"target\":{\"@type\":\"EntryPoint\",\"urlTemplate\":\"https:\\\/\\\/repliquemangacine.fr\\\/?s={search_term_string}\"},\"query-input\":{\"@type\":\"PropertyValueSpecification\",\"valueRequired\":true,\"valueName\":\"search_term_string\"}}],\"inLanguage\":\"it-IT\"},{\"@type\":\"Organization\",\"@id\":\"https:\\\/\\\/repliquemangacine.fr\\\/#organization\",\"name\":\"R\u00e9plique Manga Cin\u00e9\",\"url\":\"https:\\\/\\\/repliquemangacine.fr\\\/\",\"logo\":{\"@type\":\"ImageObject\",\"inLanguage\":\"it-IT\",\"@id\":\"https:\\\/\\\/repliquemangacine.fr\\\/#\\\/schema\\\/logo\\\/image\\\/\",\"url\":\"https:\\\/\\\/repliquemangacine.fr\\\/wp-content\\\/uploads\\\/2023\\\/10\\\/RMC-500250.png\",\"contentUrl\":\"https:\\\/\\\/repliquemangacine.fr\\\/wp-content\\\/uploads\\\/2023\\\/10\\\/RMC-500250.png\",\"width\":500,\"height\":250,\"caption\":\"R\u00e9plique Manga Cin\u00e9\"},\"image\":{\"@id\":\"https:\\\/\\\/repliquemangacine.fr\\\/#\\\/schema\\\/logo\\\/image\\\/\"},\"sameAs\":[\"https:\\\/\\\/www.facebook.com\\\/RepliqueMangaCine\",\"https:\\\/\\\/www.instagram.com\\\/repliquemangacine.fr\\\/\"]}]}<\/script>\n<!-- \/ Yoast SEO plugin. -->","yoast_head_json":{"title":"Spada Ned Stark - Spade Game of Thrones - Replique Manga Cine","description":"Regalategliela! La spada di Ned Stark di Game of Thrones al miglior prezzo. Lama in acciaio 440 - Supporto in legno - Lunghezza totale: 130 cm - Spedizione 24\/48h","robots":{"index":"index","follow":"follow","max-snippet":"max-snippet:-1","max-image-preview":"max-image-preview:large","max-video-preview":"max-video-preview:-1"},"canonical":"https:\/\/repliquemangacine.fr\/it\/spade-di-game-of-thrones\/game-of-thrones-eddard-stark-spada-hbo-versione-tv\/","og_locale":"it_IT","og_type":"article","og_title":"Ep\u00e9e Ned Stark - Ep\u00e9es Game of Thrones - Replique Manga Cine","og_description":"Offrez-lui ! L'Ep\u00e9e Ned Stark dans Game of Thrones au meilleur prix. Lame en acier 440 - Support bois - Longueur totale : 130 cm - Envoi 24\/48h","og_url":"https:\/\/repliquemangacine.fr\/it\/spade-di-game-of-thrones\/game-of-thrones-eddard-stark-spada-hbo-versione-tv\/","og_site_name":"R\u00e9plique Manga Cin\u00e9","article_publisher":"https:\/\/www.facebook.com\/RepliqueMangaCine","article_modified_time":"2026-04-03T12:50:57+00:00","og_image":[{"width":800,"height":800,"url":"https:\/\/repliquemangacine.fr\/wp-content\/uploads\/2023\/10\/1219-Game-of-Thrones-Epee-Eddard-Stark-Version-HBO-TV.jpg","type":"image\/jpeg"}],"twitter_card":"summary_large_image","twitter_misc":{"Tempo di lettura stimato":"2 minuti"},"schema":{"@context":"https:\/\/schema.org","@graph":[{"@type":"WebPage","@id":"https:\/\/repliquemangacine.fr\/epees-game-of-thrones\/game-of-thrones-epee-eddard-stark-version-hbo-tv\/","url":"https:\/\/repliquemangacine.fr\/epees-game-of-thrones\/game-of-thrones-epee-eddard-stark-version-hbo-tv\/","name":"Spada Ned Stark - Spade Game of Thrones - Replique Manga Cine","isPartOf":{"@id":"https:\/\/repliquemangacine.fr\/#website"},"primaryImageOfPage":{"@id":"https:\/\/repliquemangacine.fr\/epees-game-of-thrones\/game-of-thrones-epee-eddard-stark-version-hbo-tv\/#primaryimage"},"image":{"@id":"https:\/\/repliquemangacine.fr\/epees-game-of-thrones\/game-of-thrones-epee-eddard-stark-version-hbo-tv\/#primaryimage"},"thumbnailUrl":"https:\/\/repliquemangacine.fr\/wp-content\/uploads\/2023\/10\/1219-Game-of-Thrones-Epee-Eddard-Stark-Version-HBO-TV.jpg","datePublished":"2016-11-30T18:10:00+00:00","dateModified":"2026-04-03T12:50:57+00:00","description":"Regalategliela! La spada di Ned Stark di Game of Thrones al miglior prezzo. Lama in acciaio 440 - Supporto in legno - Lunghezza totale: 130 cm - Spedizione 24\/48h","breadcrumb":{"@id":"https:\/\/repliquemangacine.fr\/epees-game-of-thrones\/game-of-thrones-epee-eddard-stark-version-hbo-tv\/#breadcrumb"},"inLanguage":"it-IT","potentialAction":[{"@type":"ReadAction","target":["https:\/\/repliquemangacine.fr\/epees-game-of-thrones\/game-of-thrones-epee-eddard-stark-version-hbo-tv\/"]}]},{"@type":"ImageObject","inLanguage":"it-IT","@id":"https:\/\/repliquemangacine.fr\/epees-game-of-thrones\/game-of-thrones-epee-eddard-stark-version-hbo-tv\/#primaryimage","url":"https:\/\/repliquemangacine.fr\/wp-content\/uploads\/2023\/10\/1219-Game-of-Thrones-Epee-Eddard-Stark-Version-HBO-TV.jpg","contentUrl":"https:\/\/repliquemangacine.fr\/wp-content\/uploads\/2023\/10\/1219-Game-of-Thrones-Epee-Eddard-Stark-Version-HBO-TV.jpg","width":800,"height":800,"caption":"Game of Thrones - Ep\u00e9e Eddard Stark - Version HBO TV"},{"@type":"BreadcrumbList","@id":"https:\/\/repliquemangacine.fr\/epees-game-of-thrones\/game-of-thrones-epee-eddard-stark-version-hbo-tv\/#breadcrumb","itemListElement":[{"@type":"ListItem","position":1,"name":"Accueil","item":"https:\/\/repliquemangacine.fr\/"},{"@type":"ListItem","position":2,"name":"Produits","item":"https:\/\/repliquemangacine.fr\/boutique\/"},{"@type":"ListItem","position":3,"name":"Ep\u00e9e Ned Stark Version HBO TV"}]},{"@type":"WebSite","@id":"https:\/\/repliquemangacine.fr\/#website","url":"https:\/\/repliquemangacine.fr\/","name":"R\u00e9plique Manga Cin\u00e9","description":"","publisher":{"@id":"https:\/\/repliquemangacine.fr\/#organization"},"potentialAction":[{"@type":"SearchAction","target":{"@type":"EntryPoint","urlTemplate":"https:\/\/repliquemangacine.fr\/?s={search_term_string}"},"query-input":{"@type":"PropertyValueSpecification","valueRequired":true,"valueName":"search_term_string"}}],"inLanguage":"it-IT"},{"@type":"Organization","@id":"https:\/\/repliquemangacine.fr\/#organization","name":"R\u00e9plique Manga Cin\u00e9","url":"https:\/\/repliquemangacine.fr\/","logo":{"@type":"ImageObject","inLanguage":"it-IT","@id":"https:\/\/repliquemangacine.fr\/#\/schema\/logo\/image\/","url":"https:\/\/repliquemangacine.fr\/wp-content\/uploads\/2023\/10\/RMC-500250.png","contentUrl":"https:\/\/repliquemangacine.fr\/wp-content\/uploads\/2023\/10\/RMC-500250.png","width":500,"height":250,"caption":"R\u00e9plique Manga Cin\u00e9"},"image":{"@id":"https:\/\/repliquemangacine.fr\/#\/schema\/logo\/image\/"},"sameAs":["https:\/\/www.facebook.com\/RepliqueMangaCine","https:\/\/www.instagram.com\/repliquemangacine.fr\/"]}]}},"_links":{"self":[{"href":"https:\/\/repliquemangacine.fr\/it\/wp-json\/wp\/v2\/product\/26558","targetHints":{"allow":["GET"]}}],"collection":[{"href":"https:\/\/repliquemangacine.fr\/it\/wp-json\/wp\/v2\/product"}],"about":[{"href":"https:\/\/repliquemangacine.fr\/it\/wp-json\/wp\/v2\/types\/product"}],"wp:featuredmedia":[{"embeddable":true,"href":"https:\/\/repliquemangacine.fr\/it\/wp-json\/wp\/v2\/media\/26559"}],"wp:attachment":[{"href":"https:\/\/repliquemangacine.fr\/it\/wp-json\/wp\/v2\/media?parent=26558"}],"wp:term":[{"taxonomy":"product_brand","embeddable":true,"href":"https:\/\/repliquemangacine.fr\/it\/wp-json\/wp\/v2\/product_brand?post=26558"},{"taxonomy":"product_cat","embeddable":true,"href":"https:\/\/repliquemangacine.fr\/it\/wp-json\/wp\/v2\/product_cat?post=26558"},{"taxonomy":"product_tag","embeddable":true,"href":"https:\/\/repliquemangacine.fr\/it\/wp-json\/wp\/v2\/product_tag?post=26558"}],"curies":[{"name":"wp","href":"https:\/\/api.w.org\/{rel}","templated":true}]}}