





{"id":26544,"date":"2016-11-30T17:09:44","date_gmt":"2016-11-30T16:09:44","guid":{"rendered":"https:\/\/repliquemangacine.fr\/?post_type=product&#038;p=26544"},"modified":"2025-12-31T12:51:33","modified_gmt":"2025-12-31T11:51:33","slug":"jon-snow-spada-gran-griffe-il-trono-di-ferro","status":"publish","type":"product","link":"https:\/\/repliquemangacine.fr\/it\/epees-game-of-thrones\/epee-jon-snow-epee-grand-griffe-le-trone-de-fer\/","title":{"rendered":"Spada Jon Snow Longclaw Versione romana"},"content":{"rendered":"<h2>Spada Longclaw di Jon Snow in Game of Thrones.<\/h2>\n<p>Per cominciare, il<strong>Spada di Jon Snow <a href=\"https:\/\/gameofthrones.fandom.com\/wiki\/Longclaw\" target=\"_blank\" rel=\"noopener noreferrer\">Longclaw<\/a><\/strong> nella versione romanzata \u00e8 in acciaio di Valyria e apparteneva alla Casa Mormont.<\/p>\n<p>Regalata a Jon nella prima stagione della serie da Jeor Mormont dopo che Jon gli aveva salvato la vita da uno spettro. Jon la porta con s\u00e9 ovunque durante le sue uscite oltre la Barriera, nelle diverse battaglie \u201cCastello Nero, Battaglia dei Bastardi...\u201d tra le altre.<\/p>\n<p>Questa spada gli salva la vita durante il duello contro un camminatore, poich\u00e9 non esplode al contatto con la Lama di Ghiaccio del Camminatore Bianco. Sorpreso, Jon lo uccide, provocando l'esplosione del camminatore. Grand Griffe diventa la spada ufficiale della Casa Stark.<\/p>\n<h2>La tua Spada Longclaw Jon Snow al miglior prezzo.<\/h2>\n<p>Vi presentiamo tutte le spade replica dei vostri eroi preferiti di Game of Thrones.<\/p>\n<p>Innanzitutto,<\/p>\n<ul>\n<li>L'<a href=\"https:\/\/repliquemangacine.fr\/it\/spade-di-game-of-thrones\/ago-per-fodero-di-arya-stark\/\">spada ad ago arya<\/a> Stark regalatogli da Jon Snow, con fodero.<\/li>\n<li>Ma anche il<a href=\"https:\/\/repliquemangacine.fr\/it\/gioco-del-trono\/spada-jon-snow-grande-game-of-thrones-etichetta\/\">Spada Grande Artiglio<\/a> versione di produzione.<\/li>\n<li>Disponibile anche come pugnale.<\/li>\n<li>E molti altri da scoprire nel nostro negozio online!<\/li>\n<\/ul>\n<p>Ecco perch\u00e9 questa \u00e8 un'ottima idea regalo per i fan della serie Game of Thrones.<\/p>\n<p>In conclusione, \u00e8 possibile utilizzare l\u2019<strong>Spada Longclaw di Jon Snow<\/strong> per le sfilate di cosplay o le serate a tema. Ma soprattutto, \u00e8 un oggetto da collezione e una decorazione.<\/p>\n<h2>Come faccio a mantenere la lama della mia spada di Game of Thrones?<\/h2>\n<p>Le spade da collezione e decorative sono realizzate e assemblate in modo semplificato. Poich\u00e9 il loro uso \u00e8 decorativo, non hanno le caratteristiche di sicurezza richieste per una spada giapponese destinata all'allenamento.<\/p>\n<p>Tuttavia, il vostro <strong>Spada Longclaw di Jon Snow<\/strong> a una lama d'acciaio che deve essere curata per evitare che si danneggi nel tempo. Quando si espone la katana, gli amici saranno curiosi di vedere la lama e di toccarla. \u00c8 qui che bisogna fare attenzione, perch\u00e9 l'acidit\u00e0 delle dita \u00e8 molto dannosa per l'acciaio, indipendentemente dalla sua qualit\u00e0.<\/p>\n<p>Tuttavia, se ci\u00f2 dovesse accadere, non fatevi prendere dal panico: basta un panno inumidito con un po' di olio per rimuovere le impronte digitali. In questo modo, la vostra spada durer\u00e0 a lungo.<\/p>\n<p><strong>\u00a0<\/strong><\/p>\n<p>&nbsp;<\/p>","protected":false},"excerpt":{"rendered":"<p>Replica identica della spada Grand-Griffe come definita nel romanzo.<\/p>\n<ul>\n<li>Lama in acciaio inossidabile.<\/li>\n<li>Protezione in acciaio massiccio.<\/li>\n<li>Pomello a testa di lupo in resina.<\/li>\n<li>Maniglia in metallo.<\/li>\n<li>Supporto da parete in legno.<\/li>\n<li>Lunghezza lama: 83 cm - Lunghezza totale: 110 cm<\/li>\n<\/ul>\n<p>&nbsp;<\/p>","protected":false},"featured_media":26545,"template":"","meta":[],"product_brand":[896],"product_cat":[84,72,24,47,43],"product_tag":[],"class_list":{"0":"post-26544","1":"product","2":"type-product","3":"status-publish","4":"has-post-thumbnail","6":"product_brand-replique-manga-cine","7":"product_cat-epee-templier-medievale","8":"product_cat-epees-game-of-thrones","9":"product_cat-films-series-tv-vente-de-katana-epee-et-produits-derives","10":"product_cat-game-of-thrones","11":"product_cat-reproductions-d-armes-et-accessoires-medievales","13":"first","14":"instock","15":"taxable","16":"shipping-taxable","17":"purchasable","18":"product-type-simple"},"yoast_head":"<!-- This site is optimized with the Yoast SEO plugin v27.4 - https:\/\/yoast.com\/product\/yoast-seo-wordpress\/ -->\n<title>Ep\u00e9e Jon Snow Longclaw - Ep\u00e9es Game of Thrones | RMC<\/title>\n<meta name=\"description\" content=\"Offrez-lui ! Cette Ep\u00e9e Jon Snow Longclaw du Tr\u00f4ne de fer au meilleur prix. Lame en acier 440 - Pommeau t\u00eate de loup - Support bois - Longueur : 110 cm\" \/>\n<meta name=\"robots\" content=\"index, follow, max-snippet:-1, max-image-preview:large, max-video-preview:-1\" \/>\n<link rel=\"canonical\" href=\"https:\/\/repliquemangacine.fr\/it\/spade-di-game-of-thrones\/jon-snow-spada-gran-griffe-il-trono-di-ferro\/\" \/>\n<meta property=\"og:locale\" content=\"it_IT\" \/>\n<meta property=\"og:type\" content=\"article\" \/>\n<meta property=\"og:title\" content=\"Ep\u00e9e Jon Snow Longclaw - Ep\u00e9es Game of Thrones | RMC\" \/>\n<meta property=\"og:description\" content=\"Offrez-lui ! Cette Ep\u00e9e Jon Snow Longclaw du Tr\u00f4ne de fer au meilleur prix. Lame en acier 440 - Pommeau t\u00eate de loup - Support bois - Longueur : 110 cm\" \/>\n<meta property=\"og:url\" content=\"https:\/\/repliquemangacine.fr\/it\/spade-di-game-of-thrones\/jon-snow-spada-gran-griffe-il-trono-di-ferro\/\" \/>\n<meta property=\"og:site_name\" content=\"R\u00e9plique Manga Cin\u00e9\" \/>\n<meta property=\"article:publisher\" content=\"https:\/\/www.facebook.com\/RepliqueMangaCine\" \/>\n<meta property=\"article:modified_time\" content=\"2025-12-31T11:51:33+00:00\" \/>\n<meta property=\"og:image\" content=\"https:\/\/repliquemangacine.fr\/wp-content\/uploads\/2023\/10\/1207-Epee-Jon-Snow-Epee-Grand-Griffe-le-Trone-de-Fer.jpg\" \/>\n\t<meta property=\"og:image:width\" content=\"800\" \/>\n\t<meta property=\"og:image:height\" content=\"800\" \/>\n\t<meta property=\"og:image:type\" content=\"image\/jpeg\" \/>\n<meta name=\"twitter:card\" content=\"summary_large_image\" \/>\n<meta name=\"twitter:label1\" content=\"Tempo di lettura stimato\" \/>\n\t<meta name=\"twitter:data1\" content=\"3 minuti\" \/>\n<script type=\"application\/ld+json\" class=\"yoast-schema-graph\">{\"@context\":\"https:\\\/\\\/schema.org\",\"@graph\":[{\"@type\":\"WebPage\",\"@id\":\"https:\\\/\\\/repliquemangacine.fr\\\/epees-game-of-thrones\\\/epee-jon-snow-epee-grand-griffe-le-trone-de-fer\\\/\",\"url\":\"https:\\\/\\\/repliquemangacine.fr\\\/epees-game-of-thrones\\\/epee-jon-snow-epee-grand-griffe-le-trone-de-fer\\\/\",\"name\":\"Ep\u00e9e Jon Snow Longclaw - Ep\u00e9es Game of Thrones | RMC\",\"isPartOf\":{\"@id\":\"https:\\\/\\\/repliquemangacine.fr\\\/#website\"},\"primaryImageOfPage\":{\"@id\":\"https:\\\/\\\/repliquemangacine.fr\\\/epees-game-of-thrones\\\/epee-jon-snow-epee-grand-griffe-le-trone-de-fer\\\/#primaryimage\"},\"image\":{\"@id\":\"https:\\\/\\\/repliquemangacine.fr\\\/epees-game-of-thrones\\\/epee-jon-snow-epee-grand-griffe-le-trone-de-fer\\\/#primaryimage\"},\"thumbnailUrl\":\"https:\\\/\\\/repliquemangacine.fr\\\/wp-content\\\/uploads\\\/2023\\\/10\\\/1207-Epee-Jon-Snow-Epee-Grand-Griffe-le-Trone-de-Fer.jpg\",\"datePublished\":\"2016-11-30T16:09:44+00:00\",\"dateModified\":\"2025-12-31T11:51:33+00:00\",\"description\":\"Offrez-lui ! Cette Ep\u00e9e Jon Snow Longclaw du Tr\u00f4ne de fer au meilleur prix. Lame en acier 440 - Pommeau t\u00eate de loup - Support bois - Longueur : 110 cm\",\"breadcrumb\":{\"@id\":\"https:\\\/\\\/repliquemangacine.fr\\\/epees-game-of-thrones\\\/epee-jon-snow-epee-grand-griffe-le-trone-de-fer\\\/#breadcrumb\"},\"inLanguage\":\"it-IT\",\"potentialAction\":[{\"@type\":\"ReadAction\",\"target\":[\"https:\\\/\\\/repliquemangacine.fr\\\/epees-game-of-thrones\\\/epee-jon-snow-epee-grand-griffe-le-trone-de-fer\\\/\"]}]},{\"@type\":\"ImageObject\",\"inLanguage\":\"it-IT\",\"@id\":\"https:\\\/\\\/repliquemangacine.fr\\\/epees-game-of-thrones\\\/epee-jon-snow-epee-grand-griffe-le-trone-de-fer\\\/#primaryimage\",\"url\":\"https:\\\/\\\/repliquemangacine.fr\\\/wp-content\\\/uploads\\\/2023\\\/10\\\/1207-Epee-Jon-Snow-Epee-Grand-Griffe-le-Trone-de-Fer.jpg\",\"contentUrl\":\"https:\\\/\\\/repliquemangacine.fr\\\/wp-content\\\/uploads\\\/2023\\\/10\\\/1207-Epee-Jon-Snow-Epee-Grand-Griffe-le-Trone-de-Fer.jpg\",\"width\":800,\"height\":800,\"caption\":\"Ep\u00e9e Jon Snow - Ep\u00e9e Grand-Griffe - le Tr\u00f4ne de Fer\"},{\"@type\":\"BreadcrumbList\",\"@id\":\"https:\\\/\\\/repliquemangacine.fr\\\/epees-game-of-thrones\\\/epee-jon-snow-epee-grand-griffe-le-trone-de-fer\\\/#breadcrumb\",\"itemListElement\":[{\"@type\":\"ListItem\",\"position\":1,\"name\":\"Accueil\",\"item\":\"https:\\\/\\\/repliquemangacine.fr\\\/\"},{\"@type\":\"ListItem\",\"position\":2,\"name\":\"Produits\",\"item\":\"https:\\\/\\\/repliquemangacine.fr\\\/boutique\\\/\"},{\"@type\":\"ListItem\",\"position\":3,\"name\":\"Ep\u00e9e Jon Snow Longclaw Version Roman\"}]},{\"@type\":\"WebSite\",\"@id\":\"https:\\\/\\\/repliquemangacine.fr\\\/#website\",\"url\":\"https:\\\/\\\/repliquemangacine.fr\\\/\",\"name\":\"R\u00e9plique Manga Cin\u00e9\",\"description\":\"\",\"publisher\":{\"@id\":\"https:\\\/\\\/repliquemangacine.fr\\\/#organization\"},\"potentialAction\":[{\"@type\":\"SearchAction\",\"target\":{\"@type\":\"EntryPoint\",\"urlTemplate\":\"https:\\\/\\\/repliquemangacine.fr\\\/?s={search_term_string}\"},\"query-input\":{\"@type\":\"PropertyValueSpecification\",\"valueRequired\":true,\"valueName\":\"search_term_string\"}}],\"inLanguage\":\"it-IT\"},{\"@type\":\"Organization\",\"@id\":\"https:\\\/\\\/repliquemangacine.fr\\\/#organization\",\"name\":\"R\u00e9plique Manga Cin\u00e9\",\"url\":\"https:\\\/\\\/repliquemangacine.fr\\\/\",\"logo\":{\"@type\":\"ImageObject\",\"inLanguage\":\"it-IT\",\"@id\":\"https:\\\/\\\/repliquemangacine.fr\\\/#\\\/schema\\\/logo\\\/image\\\/\",\"url\":\"https:\\\/\\\/repliquemangacine.fr\\\/wp-content\\\/uploads\\\/2023\\\/10\\\/RMC-500250.png\",\"contentUrl\":\"https:\\\/\\\/repliquemangacine.fr\\\/wp-content\\\/uploads\\\/2023\\\/10\\\/RMC-500250.png\",\"width\":500,\"height\":250,\"caption\":\"R\u00e9plique Manga Cin\u00e9\"},\"image\":{\"@id\":\"https:\\\/\\\/repliquemangacine.fr\\\/#\\\/schema\\\/logo\\\/image\\\/\"},\"sameAs\":[\"https:\\\/\\\/www.facebook.com\\\/RepliqueMangaCine\",\"https:\\\/\\\/www.instagram.com\\\/repliquemangacine.fr\\\/\"]}]}<\/script>\n<!-- \/ Yoast SEO plugin. -->","yoast_head_json":{"title":"Spada Longclaw Jon Snow - Spade di Game of Thrones | RMC","description":"Regalatela! Questa spada Longclaw di Jon Snow dal Trono di Spade al miglior prezzo. Lama in acciaio 440 - Pomo a testa di lupo - Supporto di legno - Lunghezza: 110 cm","robots":{"index":"index","follow":"follow","max-snippet":"max-snippet:-1","max-image-preview":"max-image-preview:large","max-video-preview":"max-video-preview:-1"},"canonical":"https:\/\/repliquemangacine.fr\/it\/spade-di-game-of-thrones\/jon-snow-spada-gran-griffe-il-trono-di-ferro\/","og_locale":"it_IT","og_type":"article","og_title":"Ep\u00e9e Jon Snow Longclaw - Ep\u00e9es Game of Thrones | RMC","og_description":"Offrez-lui ! Cette Ep\u00e9e Jon Snow Longclaw du Tr\u00f4ne de fer au meilleur prix. Lame en acier 440 - Pommeau t\u00eate de loup - Support bois - Longueur : 110 cm","og_url":"https:\/\/repliquemangacine.fr\/it\/spade-di-game-of-thrones\/jon-snow-spada-gran-griffe-il-trono-di-ferro\/","og_site_name":"R\u00e9plique Manga Cin\u00e9","article_publisher":"https:\/\/www.facebook.com\/RepliqueMangaCine","article_modified_time":"2025-12-31T11:51:33+00:00","og_image":[{"width":800,"height":800,"url":"https:\/\/repliquemangacine.fr\/wp-content\/uploads\/2023\/10\/1207-Epee-Jon-Snow-Epee-Grand-Griffe-le-Trone-de-Fer.jpg","type":"image\/jpeg"}],"twitter_card":"summary_large_image","twitter_misc":{"Tempo di lettura stimato":"3 minuti"},"schema":{"@context":"https:\/\/schema.org","@graph":[{"@type":"WebPage","@id":"https:\/\/repliquemangacine.fr\/epees-game-of-thrones\/epee-jon-snow-epee-grand-griffe-le-trone-de-fer\/","url":"https:\/\/repliquemangacine.fr\/epees-game-of-thrones\/epee-jon-snow-epee-grand-griffe-le-trone-de-fer\/","name":"Spada Longclaw Jon Snow - Spade di Game of Thrones | RMC","isPartOf":{"@id":"https:\/\/repliquemangacine.fr\/#website"},"primaryImageOfPage":{"@id":"https:\/\/repliquemangacine.fr\/epees-game-of-thrones\/epee-jon-snow-epee-grand-griffe-le-trone-de-fer\/#primaryimage"},"image":{"@id":"https:\/\/repliquemangacine.fr\/epees-game-of-thrones\/epee-jon-snow-epee-grand-griffe-le-trone-de-fer\/#primaryimage"},"thumbnailUrl":"https:\/\/repliquemangacine.fr\/wp-content\/uploads\/2023\/10\/1207-Epee-Jon-Snow-Epee-Grand-Griffe-le-Trone-de-Fer.jpg","datePublished":"2016-11-30T16:09:44+00:00","dateModified":"2025-12-31T11:51:33+00:00","description":"Regalatela! Questa spada Longclaw di Jon Snow dal Trono di Spade al miglior prezzo. Lama in acciaio 440 - Pomo a testa di lupo - Supporto di legno - Lunghezza: 110 cm","breadcrumb":{"@id":"https:\/\/repliquemangacine.fr\/epees-game-of-thrones\/epee-jon-snow-epee-grand-griffe-le-trone-de-fer\/#breadcrumb"},"inLanguage":"it-IT","potentialAction":[{"@type":"ReadAction","target":["https:\/\/repliquemangacine.fr\/epees-game-of-thrones\/epee-jon-snow-epee-grand-griffe-le-trone-de-fer\/"]}]},{"@type":"ImageObject","inLanguage":"it-IT","@id":"https:\/\/repliquemangacine.fr\/epees-game-of-thrones\/epee-jon-snow-epee-grand-griffe-le-trone-de-fer\/#primaryimage","url":"https:\/\/repliquemangacine.fr\/wp-content\/uploads\/2023\/10\/1207-Epee-Jon-Snow-Epee-Grand-Griffe-le-Trone-de-Fer.jpg","contentUrl":"https:\/\/repliquemangacine.fr\/wp-content\/uploads\/2023\/10\/1207-Epee-Jon-Snow-Epee-Grand-Griffe-le-Trone-de-Fer.jpg","width":800,"height":800,"caption":"Ep\u00e9e Jon Snow - Ep\u00e9e Grand-Griffe - le Tr\u00f4ne de Fer"},{"@type":"BreadcrumbList","@id":"https:\/\/repliquemangacine.fr\/epees-game-of-thrones\/epee-jon-snow-epee-grand-griffe-le-trone-de-fer\/#breadcrumb","itemListElement":[{"@type":"ListItem","position":1,"name":"Accueil","item":"https:\/\/repliquemangacine.fr\/"},{"@type":"ListItem","position":2,"name":"Produits","item":"https:\/\/repliquemangacine.fr\/boutique\/"},{"@type":"ListItem","position":3,"name":"Ep\u00e9e Jon Snow Longclaw Version Roman"}]},{"@type":"WebSite","@id":"https:\/\/repliquemangacine.fr\/#website","url":"https:\/\/repliquemangacine.fr\/","name":"R\u00e9plique Manga Cin\u00e9","description":"","publisher":{"@id":"https:\/\/repliquemangacine.fr\/#organization"},"potentialAction":[{"@type":"SearchAction","target":{"@type":"EntryPoint","urlTemplate":"https:\/\/repliquemangacine.fr\/?s={search_term_string}"},"query-input":{"@type":"PropertyValueSpecification","valueRequired":true,"valueName":"search_term_string"}}],"inLanguage":"it-IT"},{"@type":"Organization","@id":"https:\/\/repliquemangacine.fr\/#organization","name":"R\u00e9plique Manga Cin\u00e9","url":"https:\/\/repliquemangacine.fr\/","logo":{"@type":"ImageObject","inLanguage":"it-IT","@id":"https:\/\/repliquemangacine.fr\/#\/schema\/logo\/image\/","url":"https:\/\/repliquemangacine.fr\/wp-content\/uploads\/2023\/10\/RMC-500250.png","contentUrl":"https:\/\/repliquemangacine.fr\/wp-content\/uploads\/2023\/10\/RMC-500250.png","width":500,"height":250,"caption":"R\u00e9plique Manga Cin\u00e9"},"image":{"@id":"https:\/\/repliquemangacine.fr\/#\/schema\/logo\/image\/"},"sameAs":["https:\/\/www.facebook.com\/RepliqueMangaCine","https:\/\/www.instagram.com\/repliquemangacine.fr\/"]}]}},"_links":{"self":[{"href":"https:\/\/repliquemangacine.fr\/it\/wp-json\/wp\/v2\/product\/26544","targetHints":{"allow":["GET"]}}],"collection":[{"href":"https:\/\/repliquemangacine.fr\/it\/wp-json\/wp\/v2\/product"}],"about":[{"href":"https:\/\/repliquemangacine.fr\/it\/wp-json\/wp\/v2\/types\/product"}],"wp:featuredmedia":[{"embeddable":true,"href":"https:\/\/repliquemangacine.fr\/it\/wp-json\/wp\/v2\/media\/26545"}],"wp:attachment":[{"href":"https:\/\/repliquemangacine.fr\/it\/wp-json\/wp\/v2\/media?parent=26544"}],"wp:term":[{"taxonomy":"product_brand","embeddable":true,"href":"https:\/\/repliquemangacine.fr\/it\/wp-json\/wp\/v2\/product_brand?post=26544"},{"taxonomy":"product_cat","embeddable":true,"href":"https:\/\/repliquemangacine.fr\/it\/wp-json\/wp\/v2\/product_cat?post=26544"},{"taxonomy":"product_tag","embeddable":true,"href":"https:\/\/repliquemangacine.fr\/it\/wp-json\/wp\/v2\/product_tag?post=26544"}],"curies":[{"name":"wp","href":"https:\/\/api.w.org\/{rel}","templated":true}]}}