





{"id":26522,"date":"2016-11-28T09:12:18","date_gmt":"2016-11-28T08:12:18","guid":{"rendered":"https:\/\/repliquemangacine.fr\/?post_type=product&#038;p=26522"},"modified":"2025-12-12T19:47:54","modified_gmt":"2025-12-12T18:47:54","slug":"accendino-con-sciabola-del-1-impero-di-fanteria-napoleonico","status":"publish","type":"product","link":"https:\/\/repliquemangacine.fr\/it\/sabres-1er-empire\/sabre-briquet-d-infanterie-napoleonienne-1er-empire\/","title":{"rendered":"Sciabola da fanteria Briquet - Sciabola Napol\u00e9on"},"content":{"rendered":"<h2>Sciabola Briquet della fanteria napoleonica modello AN XI.<\/h2>\n<p>Per cominciare, il <strong>Sciabola Briquet della fanteria napoleonica<\/strong>, progettato per il taglio, generalmente utilizzato dagli ufficiali di cavalleria e fanteria e dalla marina.<\/p>\n<p>La fanteria napoleonica era dotata di una sciabola corta, portata a tracolla accanto alla baionetta. Nel 1806, questa sciabola adott\u00f2 ufficialmente il soprannome di \u201caccendino\u201d, datogli in segno di scherno dalla cavalleria.<\/p>\n<p>Questa sciabola da fanteria, nota come Briquet, \u00e8 un modello An XI con una lama piatta e ricurva di 60 cm e un'elsa arrotondata con un ramo di ottone a 28 scanalature.<\/p>\n<p>Tra il Primo Impero e il regno di Luigi Filippo ne furono realizzate centinaia di migliaia.<\/p>\n<p>Le <a href=\"https:\/\/www.histoire-pour-tous.fr\/histoire-de-france\/4915-les-sabres-briquets-francais.html\" target=\"_blank\" rel=\"noopener noreferrer\">accendino a sciabola<\/a> Il modello AN XI fu l'ultima sciabola da fanteria con lama ricurva.<\/p>\n<h2>Il vostro accendino a sciabola della fanteria napoleonica al miglior prezzo.<\/h2>\n<p>Offriamo un'ampia gamma di riproduzioni di armi storiche.<\/p>\n<p>Innanzitutto,<\/p>\n<ul>\n<li>Le <a href=\"https:\/\/repliquemangacine.fr\/it\/pistola-antica\/pistola-napoleone-gribeauval-1806\/\">Pistola a pietra focaia Napoleone<\/a> con l'emblema N e la sua corona imperiale.<\/li>\n<li>Cos\u00ec come il<a href=\"https:\/\/repliquemangacine.fr\/it\/spade-del-1-impero\/spada-cerimoniale-napoleonica\/\">Spada da cerimonia napoleonica<\/a> con il famoso simbolo dell'aquila.<\/li>\n<li>C'\u00e8 anche questo bellissimo set a due pezzi a forma di fiore di leone.<\/li>\n<li>E molti altri da scoprire nel nostro negozio online!<\/li>\n<\/ul>\n<p>Ecco perch\u00e9 abbiamo pensato ad alcune idee regalo per gli appassionati di storia.<\/p>\n<p>In conclusione, \u00e8 possibile utilizzare questo <strong>Sciabola Briquet della fanteria napoleonica<\/strong> per le vostre rievocazioni storiche. Ma soprattutto, questa spada \u00e8 un oggetto da collezione e un pezzo decorativo.<\/p>\n<h2>Come si mantiene la lama della propria spada storica?<\/h2>\n<p>Le spade da collezione e decorative sono realizzate e assemblate in modo semplificato. Poich\u00e9 il loro uso \u00e8 decorativo, non hanno le caratteristiche di sicurezza richieste per una spada giapponese destinata all'allenamento.<\/p>\n<p>Tuttavia, il vostro <strong>Sciabola Briquet della fanteria napoleonica<\/strong> a una lama d'acciaio che deve essere curata per evitare che si danneggi nel tempo. Quando si espone la katana, gli amici saranno curiosi di vedere la lama e di toccarla. \u00c8 qui che bisogna fare attenzione, perch\u00e9 l'acidit\u00e0 delle dita \u00e8 molto dannosa per l'acciaio, indipendentemente dalla sua qualit\u00e0.<\/p>\n<p>Tuttavia, se ci\u00f2 dovesse accadere, niente panico: basta un panno inumidito con un po' d'olio per eliminare le impronte. In questo modo, la spada durer\u00e0 a lungo.<\/p>","protected":false},"excerpt":{"rendered":"<p>Riproduzione della sciabola emblematica dell'armamento del fante francese alla fine del XVIII e all'inizio del XIX secolo.<\/p>\n<ul>\n<li>Lama curva in acciaio con scanalatura.<\/li>\n<li>Manico a coste in ottone.<\/li>\n<li>Fodero in legno rivestito in pelle con punta in ottone.<\/li>\n<li>Dimensioni: 77 cm - Peso: 1385 grammi<\/li>\n<\/ul>","protected":false},"featured_media":26523,"template":"","meta":[],"product_brand":[896],"product_cat":[25,37,833,74],"product_tag":[],"class_list":{"0":"post-26522","1":"product","2":"type-product","3":"status-publish","4":"has-post-thumbnail","6":"product_brand-replique-manga-cine","7":"product_cat-armes-historiques","8":"product_cat-premier-empire","9":"product_cat-repliques-darmes-napoleon","10":"product_cat-sabres-1er-empire","12":"first","13":"outofstock","14":"taxable","15":"shipping-taxable","16":"purchasable","17":"product-type-simple"},"yoast_head":"<!-- This site is optimized with the Yoast SEO plugin v27.4 - https:\/\/yoast.com\/product\/yoast-seo-wordpress\/ -->\n<title>Sabre Briquet d&#039;infanterie Napol\u00e9onienne - \u00c9p\u00e9e 1er Empire | RMC<\/title>\n<meta name=\"description\" content=\"Commandez vite ! Le c\u00e9l\u00e8bre Sabre Briquet d&#039;infanterie napol\u00e9onienne au meilleur prix - Lame acier - Poign\u00e9e laiton - Longueur : 77 cm - Envoi 24\/48h\" \/>\n<meta name=\"robots\" content=\"index, follow, max-snippet:-1, max-image-preview:large, max-video-preview:-1\" \/>\n<link rel=\"canonical\" href=\"https:\/\/repliquemangacine.fr\/it\/replica-pistole-napoleoniche\/accendino-con-sciabola-del-1-impero-di-fanteria-napoleonico\/\" \/>\n<meta property=\"og:locale\" content=\"it_IT\" \/>\n<meta property=\"og:type\" content=\"article\" \/>\n<meta property=\"og:title\" content=\"Sabre Briquet d&#039;infanterie Napol\u00e9onienne - \u00c9p\u00e9e 1er Empire | RMC\" \/>\n<meta property=\"og:description\" content=\"Commandez vite ! Le c\u00e9l\u00e8bre Sabre Briquet d&#039;infanterie napol\u00e9onienne au meilleur prix - Lame acier - Poign\u00e9e laiton - Longueur : 77 cm - Envoi 24\/48h\" \/>\n<meta property=\"og:url\" content=\"https:\/\/repliquemangacine.fr\/it\/replica-pistole-napoleoniche\/accendino-con-sciabola-del-1-impero-di-fanteria-napoleonico\/\" \/>\n<meta property=\"og:site_name\" content=\"R\u00e9plique Manga Cin\u00e9\" \/>\n<meta property=\"article:publisher\" content=\"https:\/\/www.facebook.com\/RepliqueMangaCine\" \/>\n<meta property=\"article:modified_time\" content=\"2025-12-12T18:47:54+00:00\" \/>\n<meta property=\"og:image\" content=\"https:\/\/repliquemangacine.fr\/wp-content\/uploads\/2023\/10\/1681-Sabre-Briquet-dinfanterie-Sabre-Napoleon.jpg\" \/>\n\t<meta property=\"og:image:width\" content=\"600\" \/>\n\t<meta property=\"og:image:height\" content=\"600\" \/>\n\t<meta property=\"og:image:type\" content=\"image\/jpeg\" \/>\n<meta name=\"twitter:card\" content=\"summary_large_image\" \/>\n<meta name=\"twitter:label1\" content=\"Tempo di lettura stimato\" \/>\n\t<meta name=\"twitter:data1\" content=\"3 minuti\" \/>\n<script type=\"application\/ld+json\" class=\"yoast-schema-graph\">{\"@context\":\"https:\\\/\\\/schema.org\",\"@graph\":[{\"@type\":\"WebPage\",\"@id\":\"https:\\\/\\\/repliquemangacine.fr\\\/repliques-darmes-napoleon\\\/sabre-briquet-d-infanterie-napoleonienne-1er-empire\\\/\",\"url\":\"https:\\\/\\\/repliquemangacine.fr\\\/repliques-darmes-napoleon\\\/sabre-briquet-d-infanterie-napoleonienne-1er-empire\\\/\",\"name\":\"Sabre Briquet d'infanterie Napol\u00e9onienne - \u00c9p\u00e9e 1er Empire | RMC\",\"isPartOf\":{\"@id\":\"https:\\\/\\\/repliquemangacine.fr\\\/#website\"},\"primaryImageOfPage\":{\"@id\":\"https:\\\/\\\/repliquemangacine.fr\\\/repliques-darmes-napoleon\\\/sabre-briquet-d-infanterie-napoleonienne-1er-empire\\\/#primaryimage\"},\"image\":{\"@id\":\"https:\\\/\\\/repliquemangacine.fr\\\/repliques-darmes-napoleon\\\/sabre-briquet-d-infanterie-napoleonienne-1er-empire\\\/#primaryimage\"},\"thumbnailUrl\":\"https:\\\/\\\/repliquemangacine.fr\\\/wp-content\\\/uploads\\\/2023\\\/10\\\/1681-Sabre-Briquet-dinfanterie-Sabre-Napoleon.jpg\",\"datePublished\":\"2016-11-28T08:12:18+00:00\",\"dateModified\":\"2025-12-12T18:47:54+00:00\",\"description\":\"Commandez vite ! Le c\u00e9l\u00e8bre Sabre Briquet d'infanterie napol\u00e9onienne au meilleur prix - Lame acier - Poign\u00e9e laiton - Longueur : 77 cm - Envoi 24\\\/48h\",\"breadcrumb\":{\"@id\":\"https:\\\/\\\/repliquemangacine.fr\\\/repliques-darmes-napoleon\\\/sabre-briquet-d-infanterie-napoleonienne-1er-empire\\\/#breadcrumb\"},\"inLanguage\":\"it-IT\",\"potentialAction\":[{\"@type\":\"ReadAction\",\"target\":[\"https:\\\/\\\/repliquemangacine.fr\\\/repliques-darmes-napoleon\\\/sabre-briquet-d-infanterie-napoleonienne-1er-empire\\\/\"]}]},{\"@type\":\"ImageObject\",\"inLanguage\":\"it-IT\",\"@id\":\"https:\\\/\\\/repliquemangacine.fr\\\/repliques-darmes-napoleon\\\/sabre-briquet-d-infanterie-napoleonienne-1er-empire\\\/#primaryimage\",\"url\":\"https:\\\/\\\/repliquemangacine.fr\\\/wp-content\\\/uploads\\\/2023\\\/10\\\/1681-Sabre-Briquet-dinfanterie-Sabre-Napoleon.jpg\",\"contentUrl\":\"https:\\\/\\\/repliquemangacine.fr\\\/wp-content\\\/uploads\\\/2023\\\/10\\\/1681-Sabre-Briquet-dinfanterie-Sabre-Napoleon.jpg\",\"width\":600,\"height\":600,\"caption\":\"Sabre Briquet d'infanterie - Sabre Napol\u00e9on\"},{\"@type\":\"BreadcrumbList\",\"@id\":\"https:\\\/\\\/repliquemangacine.fr\\\/repliques-darmes-napoleon\\\/sabre-briquet-d-infanterie-napoleonienne-1er-empire\\\/#breadcrumb\",\"itemListElement\":[{\"@type\":\"ListItem\",\"position\":1,\"name\":\"Accueil\",\"item\":\"https:\\\/\\\/repliquemangacine.fr\\\/\"},{\"@type\":\"ListItem\",\"position\":2,\"name\":\"Produits\",\"item\":\"https:\\\/\\\/repliquemangacine.fr\\\/boutique\\\/\"},{\"@type\":\"ListItem\",\"position\":3,\"name\":\"Sabre Briquet d&#8217;infanterie &#8211; Sabre Napol\u00e9on\"}]},{\"@type\":\"WebSite\",\"@id\":\"https:\\\/\\\/repliquemangacine.fr\\\/#website\",\"url\":\"https:\\\/\\\/repliquemangacine.fr\\\/\",\"name\":\"R\u00e9plique Manga Cin\u00e9\",\"description\":\"\",\"publisher\":{\"@id\":\"https:\\\/\\\/repliquemangacine.fr\\\/#organization\"},\"potentialAction\":[{\"@type\":\"SearchAction\",\"target\":{\"@type\":\"EntryPoint\",\"urlTemplate\":\"https:\\\/\\\/repliquemangacine.fr\\\/?s={search_term_string}\"},\"query-input\":{\"@type\":\"PropertyValueSpecification\",\"valueRequired\":true,\"valueName\":\"search_term_string\"}}],\"inLanguage\":\"it-IT\"},{\"@type\":\"Organization\",\"@id\":\"https:\\\/\\\/repliquemangacine.fr\\\/#organization\",\"name\":\"R\u00e9plique Manga Cin\u00e9\",\"url\":\"https:\\\/\\\/repliquemangacine.fr\\\/\",\"logo\":{\"@type\":\"ImageObject\",\"inLanguage\":\"it-IT\",\"@id\":\"https:\\\/\\\/repliquemangacine.fr\\\/#\\\/schema\\\/logo\\\/image\\\/\",\"url\":\"https:\\\/\\\/repliquemangacine.fr\\\/wp-content\\\/uploads\\\/2023\\\/10\\\/RMC-500250.png\",\"contentUrl\":\"https:\\\/\\\/repliquemangacine.fr\\\/wp-content\\\/uploads\\\/2023\\\/10\\\/RMC-500250.png\",\"width\":500,\"height\":250,\"caption\":\"R\u00e9plique Manga Cin\u00e9\"},\"image\":{\"@id\":\"https:\\\/\\\/repliquemangacine.fr\\\/#\\\/schema\\\/logo\\\/image\\\/\"},\"sameAs\":[\"https:\\\/\\\/www.facebook.com\\\/RepliqueMangaCine\",\"https:\\\/\\\/www.instagram.com\\\/repliquemangacine.fr\\\/\"]}]}<\/script>\n<!-- \/ Yoast SEO plugin. -->","yoast_head_json":{"title":"Sciabola Briquet della fanteria napoleonica - 1st Empire Sword | RMC","description":"Ordina ora! Il famoso accendino della fanteria napoleonica al miglior prezzo - Lama in acciaio - Manico in ottone - Lunghezza : 77 cm - Spedizione 24\/48h","robots":{"index":"index","follow":"follow","max-snippet":"max-snippet:-1","max-image-preview":"max-image-preview:large","max-video-preview":"max-video-preview:-1"},"canonical":"https:\/\/repliquemangacine.fr\/it\/replica-pistole-napoleoniche\/accendino-con-sciabola-del-1-impero-di-fanteria-napoleonico\/","og_locale":"it_IT","og_type":"article","og_title":"Sabre Briquet d'infanterie Napol\u00e9onienne - \u00c9p\u00e9e 1er Empire | RMC","og_description":"Commandez vite ! Le c\u00e9l\u00e8bre Sabre Briquet d'infanterie napol\u00e9onienne au meilleur prix - Lame acier - Poign\u00e9e laiton - Longueur : 77 cm - Envoi 24\/48h","og_url":"https:\/\/repliquemangacine.fr\/it\/replica-pistole-napoleoniche\/accendino-con-sciabola-del-1-impero-di-fanteria-napoleonico\/","og_site_name":"R\u00e9plique Manga Cin\u00e9","article_publisher":"https:\/\/www.facebook.com\/RepliqueMangaCine","article_modified_time":"2025-12-12T18:47:54+00:00","og_image":[{"width":600,"height":600,"url":"https:\/\/repliquemangacine.fr\/wp-content\/uploads\/2023\/10\/1681-Sabre-Briquet-dinfanterie-Sabre-Napoleon.jpg","type":"image\/jpeg"}],"twitter_card":"summary_large_image","twitter_misc":{"Tempo di lettura stimato":"3 minuti"},"schema":{"@context":"https:\/\/schema.org","@graph":[{"@type":"WebPage","@id":"https:\/\/repliquemangacine.fr\/repliques-darmes-napoleon\/sabre-briquet-d-infanterie-napoleonienne-1er-empire\/","url":"https:\/\/repliquemangacine.fr\/repliques-darmes-napoleon\/sabre-briquet-d-infanterie-napoleonienne-1er-empire\/","name":"Sciabola Briquet della fanteria napoleonica - 1st Empire Sword | RMC","isPartOf":{"@id":"https:\/\/repliquemangacine.fr\/#website"},"primaryImageOfPage":{"@id":"https:\/\/repliquemangacine.fr\/repliques-darmes-napoleon\/sabre-briquet-d-infanterie-napoleonienne-1er-empire\/#primaryimage"},"image":{"@id":"https:\/\/repliquemangacine.fr\/repliques-darmes-napoleon\/sabre-briquet-d-infanterie-napoleonienne-1er-empire\/#primaryimage"},"thumbnailUrl":"https:\/\/repliquemangacine.fr\/wp-content\/uploads\/2023\/10\/1681-Sabre-Briquet-dinfanterie-Sabre-Napoleon.jpg","datePublished":"2016-11-28T08:12:18+00:00","dateModified":"2025-12-12T18:47:54+00:00","description":"Ordina ora! Il famoso accendino della fanteria napoleonica al miglior prezzo - Lama in acciaio - Manico in ottone - Lunghezza : 77 cm - Spedizione 24\/48h","breadcrumb":{"@id":"https:\/\/repliquemangacine.fr\/repliques-darmes-napoleon\/sabre-briquet-d-infanterie-napoleonienne-1er-empire\/#breadcrumb"},"inLanguage":"it-IT","potentialAction":[{"@type":"ReadAction","target":["https:\/\/repliquemangacine.fr\/repliques-darmes-napoleon\/sabre-briquet-d-infanterie-napoleonienne-1er-empire\/"]}]},{"@type":"ImageObject","inLanguage":"it-IT","@id":"https:\/\/repliquemangacine.fr\/repliques-darmes-napoleon\/sabre-briquet-d-infanterie-napoleonienne-1er-empire\/#primaryimage","url":"https:\/\/repliquemangacine.fr\/wp-content\/uploads\/2023\/10\/1681-Sabre-Briquet-dinfanterie-Sabre-Napoleon.jpg","contentUrl":"https:\/\/repliquemangacine.fr\/wp-content\/uploads\/2023\/10\/1681-Sabre-Briquet-dinfanterie-Sabre-Napoleon.jpg","width":600,"height":600,"caption":"Sabre Briquet d'infanterie - Sabre Napol\u00e9on"},{"@type":"BreadcrumbList","@id":"https:\/\/repliquemangacine.fr\/repliques-darmes-napoleon\/sabre-briquet-d-infanterie-napoleonienne-1er-empire\/#breadcrumb","itemListElement":[{"@type":"ListItem","position":1,"name":"Accueil","item":"https:\/\/repliquemangacine.fr\/"},{"@type":"ListItem","position":2,"name":"Produits","item":"https:\/\/repliquemangacine.fr\/boutique\/"},{"@type":"ListItem","position":3,"name":"Sabre Briquet d&#8217;infanterie &#8211; Sabre Napol\u00e9on"}]},{"@type":"WebSite","@id":"https:\/\/repliquemangacine.fr\/#website","url":"https:\/\/repliquemangacine.fr\/","name":"R\u00e9plique Manga Cin\u00e9","description":"","publisher":{"@id":"https:\/\/repliquemangacine.fr\/#organization"},"potentialAction":[{"@type":"SearchAction","target":{"@type":"EntryPoint","urlTemplate":"https:\/\/repliquemangacine.fr\/?s={search_term_string}"},"query-input":{"@type":"PropertyValueSpecification","valueRequired":true,"valueName":"search_term_string"}}],"inLanguage":"it-IT"},{"@type":"Organization","@id":"https:\/\/repliquemangacine.fr\/#organization","name":"R\u00e9plique Manga Cin\u00e9","url":"https:\/\/repliquemangacine.fr\/","logo":{"@type":"ImageObject","inLanguage":"it-IT","@id":"https:\/\/repliquemangacine.fr\/#\/schema\/logo\/image\/","url":"https:\/\/repliquemangacine.fr\/wp-content\/uploads\/2023\/10\/RMC-500250.png","contentUrl":"https:\/\/repliquemangacine.fr\/wp-content\/uploads\/2023\/10\/RMC-500250.png","width":500,"height":250,"caption":"R\u00e9plique Manga Cin\u00e9"},"image":{"@id":"https:\/\/repliquemangacine.fr\/#\/schema\/logo\/image\/"},"sameAs":["https:\/\/www.facebook.com\/RepliqueMangaCine","https:\/\/www.instagram.com\/repliquemangacine.fr\/"]}]}},"_links":{"self":[{"href":"https:\/\/repliquemangacine.fr\/it\/wp-json\/wp\/v2\/product\/26522","targetHints":{"allow":["GET"]}}],"collection":[{"href":"https:\/\/repliquemangacine.fr\/it\/wp-json\/wp\/v2\/product"}],"about":[{"href":"https:\/\/repliquemangacine.fr\/it\/wp-json\/wp\/v2\/types\/product"}],"wp:featuredmedia":[{"embeddable":true,"href":"https:\/\/repliquemangacine.fr\/it\/wp-json\/wp\/v2\/media\/26523"}],"wp:attachment":[{"href":"https:\/\/repliquemangacine.fr\/it\/wp-json\/wp\/v2\/media?parent=26522"}],"wp:term":[{"taxonomy":"product_brand","embeddable":true,"href":"https:\/\/repliquemangacine.fr\/it\/wp-json\/wp\/v2\/product_brand?post=26522"},{"taxonomy":"product_cat","embeddable":true,"href":"https:\/\/repliquemangacine.fr\/it\/wp-json\/wp\/v2\/product_cat?post=26522"},{"taxonomy":"product_tag","embeddable":true,"href":"https:\/\/repliquemangacine.fr\/it\/wp-json\/wp\/v2\/product_tag?post=26522"}],"curies":[{"name":"wp","href":"https:\/\/api.w.org\/{rel}","templated":true}]}}