





{"id":26507,"date":"2016-11-26T16:37:25","date_gmt":"2016-11-26T15:37:25","guid":{"rendered":"https:\/\/repliquemangacine.fr\/?post_type=product&#038;p=26507"},"modified":"2026-04-17T16:10:24","modified_gmt":"2026-04-17T14:10:24","slug":"spada-darrembaggio-pirata-sciabola-pentola-cucchiaio","status":"publish","type":"product","link":"https:\/\/repliquemangacine.fr\/it\/katana-les-epees-de-films-et-series\/sabre-pirate-d-abordage-sabre-cuillere-a-pot\/","title":{"rendered":"Spada da abbordaggio pirata del XVI secolo"},"content":{"rendered":"<h2>Spada da abbordaggio pirata del 16\u1d49 secolo.<\/h2>\n<p>Per cominciare, il <strong>Spada da abbordaggio pirata<\/strong> \u00e8 un'arma a lama utilizzata in marina. Si tratta di una sorta di sciabola corta con una lama spessa, utilizzata sia come arma che come strumento (per tagliare le corde, ad esempio). \u00c8 nota anche come \u00abcucchiaio da cucina\u00bb.<\/p>\n<p>Un cucchiaio in vaso \u00e8 <a href=\"https:\/\/fr.wikipedia.org\/wiki\/Sabre_d'abordage\" target=\"_blank\" rel=\"noopener noreferrer\">sciabola da imbarco<\/a> utilizzato dalla marina francese sotto il Primo Impero, con un guscio a forma di cucchiaio per proteggere la mano.<\/p>\n<p>Questo \u00e8 il significato dell'espressione \u00aben deux coups de cuill\u00e8re \u00e0 pot\u00bb, che significa \u00abrapidamente\u00bb ma anche \u201cviolentemente\u201d o \u201cspeditamente\u201d e deriva dal gergo di marinai, soldati, pirati e corsari che utilizzavano quest'arma.<\/p>\n<h2>La vostra spada da abbordaggio pirata al miglior prezzo.<\/h2>\n<p>Offriamo un'ampia gamma di riproduzioni di armi storiche.<\/p>\n<p>Innanzitutto,<\/p>\n<ul>\n<li>La riproduzione di <a href=\"https:\/\/repliquemangacine.fr\/it\/assassins-creed\/pistola-con-ascia-da-pirata-del-xviii-secolo\/\">ascia a pistola<\/a> pirata utilizzato nel videogioco Assassin's Creed.<\/li>\n<li>La pistola pirata <a href=\"https:\/\/repliquemangacine.fr\/it\/altri-film-e-serie\/pistola-pirata-a-scintilla-del-xviii-secolo\/\">Pistola a scintilla<\/a>una delle armi da fuoco pi\u00f9 utilizzate dai pirati nel XVIII secolo.<\/li>\n<li>Denix ci sorprende ancora con questo piccolo <a href=\"https:\/\/repliquemangacine.fr\/it\/armi-pirata\/bourse-de-pirates-avec-monnaie\/\">borsa da pirata<\/a> interamente in pelle con logo pirata.<\/li>\n<li>E molti altri da scoprire nel nostro negozio online!<\/li>\n<\/ul>\n<p>Ecco perch\u00e9 questa \u00e8 un'ottima idea regalo per tutti gli amanti delle armi storiche.<\/p>\n<p>In conclusione, \u00e8 possibile utilizzare questo <strong>Spada da abbordaggio pirata<\/strong> per le vostre rievocazioni e ambientazioni storiche. Ma soprattutto, quest'arma \u00e8 un oggetto da collezione e un pezzo decorativo.<\/p>\n<h2>Come faccio a mantenere la lama della mia spada?<\/h2>\n<p>Le spade da collezione e decorative sono realizzate e assemblate in modo semplificato. Poich\u00e9 il loro uso \u00e8 decorativo, non hanno le caratteristiche di sicurezza richieste per una spada giapponese destinata all'allenamento.<\/p>\n<p>Tuttavia, il vostro <strong>Spada da abbordaggio pirata<\/strong> a una lama d'acciaio che deve essere curata per evitare che si danneggi nel tempo. Quando si espone la katana, gli amici saranno curiosi di vedere la lama e di toccarla. \u00c8 qui che bisogna fare attenzione, perch\u00e9 l'acidit\u00e0 delle dita \u00e8 molto dannosa per l'acciaio, indipendentemente dalla sua qualit\u00e0.<\/p>\n<p>Tuttavia, se ci\u00f2 dovesse accadere, niente panico: basta un panno inumidito con un po' d'olio per eliminare le impronte. In questo modo, la spada durer\u00e0 a lungo.<\/p>","protected":false},"excerpt":{"rendered":"<p>Splendida riproduzione di una spada da imbarco del XVI secolo.<\/p>\n<ul>\n<li>Lama in acciaio inossidabile con scanalatura.<\/li>\n<li>Guardia e vaso in acciaio effetto ottone con incisione della nave.<\/li>\n<li>Maniglia e pomolo in acciaio anticato.<\/li>\n<li>Fodero in legno nero con decorazioni.<\/li>\n<li>Dimensioni: 77 cm - Peso: 1525 grammi<\/li>\n<\/ul>","protected":false},"featured_media":26508,"template":"","meta":[],"product_brand":[896],"product_cat":[49,25,91,66,24,115],"product_tag":[],"class_list":{"0":"post-26507","1":"product","2":"type-product","3":"status-publish","4":"has-post-thumbnail","6":"product_brand-replique-manga-cine","7":"product_cat-armes-de-pirates","8":"product_cat-armes-historiques","9":"product_cat-katana-les-epees-de-films-et-series","10":"product_cat-repliques-d-armes-films-et-series","11":"product_cat-films-series-tv-vente-de-katana-epee-et-produits-derives","12":"product_cat-sabre-dabordage-de-pirate","14":"first","15":"instock","16":"taxable","17":"shipping-taxable","18":"purchasable","19":"product-type-simple"},"yoast_head":"<!-- This site is optimized with the Yoast SEO plugin v27.4 - https:\/\/yoast.com\/product\/yoast-seo-wordpress\/ -->\n<title>Sabre pirate d&#039;abordage - Arme Pirate - Sabre cuill\u00e8re \u00e0 pot | RMC<\/title>\n<meta name=\"description\" content=\"Commandez vite ! Ce Sabre pirate d&#039;abordage 16\u1d49 si\u00e8cle au meilleur prix - Lame en acier - Gravure sur le pot - Fourreau - Longueur totale : 77 cm\" \/>\n<meta name=\"robots\" content=\"index, follow, max-snippet:-1, max-image-preview:large, max-video-preview:-1\" \/>\n<link rel=\"canonical\" href=\"https:\/\/repliquemangacine.fr\/it\/spade-katana-da-film-e-serie\/spada-darrembaggio-pirata-sciabola-pentola-cucchiaio\/\" \/>\n<meta property=\"og:locale\" content=\"it_IT\" \/>\n<meta property=\"og:type\" content=\"article\" \/>\n<meta property=\"og:title\" content=\"Sabre pirate d&#039;abordage - Arme Pirate - Sabre cuill\u00e8re \u00e0 pot | RMC\" \/>\n<meta property=\"og:description\" content=\"Commandez vite ! Ce Sabre pirate d&#039;abordage 16\u1d49 si\u00e8cle au meilleur prix - Lame en acier - Gravure sur le pot - Fourreau - Longueur totale : 77 cm\" \/>\n<meta property=\"og:url\" content=\"https:\/\/repliquemangacine.fr\/it\/spade-katana-da-film-e-serie\/spada-darrembaggio-pirata-sciabola-pentola-cucchiaio\/\" \/>\n<meta property=\"og:site_name\" content=\"R\u00e9plique Manga Cin\u00e9\" \/>\n<meta property=\"article:publisher\" content=\"https:\/\/www.facebook.com\/RepliqueMangaCine\" \/>\n<meta property=\"article:modified_time\" content=\"2026-04-17T14:10:24+00:00\" \/>\n<meta property=\"og:image\" content=\"https:\/\/repliquemangacine.fr\/wp-content\/uploads\/2023\/10\/1666-Sabre-de-pirate-Sabre-dabordage-16eme-Siecle.jpg\" \/>\n\t<meta property=\"og:image:width\" content=\"600\" \/>\n\t<meta property=\"og:image:height\" content=\"600\" \/>\n\t<meta property=\"og:image:type\" content=\"image\/jpeg\" \/>\n<meta name=\"twitter:card\" content=\"summary_large_image\" \/>\n<meta name=\"twitter:label1\" content=\"Tempo di lettura stimato\" \/>\n\t<meta name=\"twitter:data1\" content=\"3 minuti\" \/>\n<script type=\"application\/ld+json\" class=\"yoast-schema-graph\">{\"@context\":\"https:\\\/\\\/schema.org\",\"@graph\":[{\"@type\":\"WebPage\",\"@id\":\"https:\\\/\\\/repliquemangacine.fr\\\/katana-les-epees-de-films-et-series\\\/sabre-pirate-d-abordage-sabre-cuillere-a-pot\\\/\",\"url\":\"https:\\\/\\\/repliquemangacine.fr\\\/katana-les-epees-de-films-et-series\\\/sabre-pirate-d-abordage-sabre-cuillere-a-pot\\\/\",\"name\":\"Sabre pirate d'abordage - Arme Pirate - Sabre cuill\u00e8re \u00e0 pot | RMC\",\"isPartOf\":{\"@id\":\"https:\\\/\\\/repliquemangacine.fr\\\/#website\"},\"primaryImageOfPage\":{\"@id\":\"https:\\\/\\\/repliquemangacine.fr\\\/katana-les-epees-de-films-et-series\\\/sabre-pirate-d-abordage-sabre-cuillere-a-pot\\\/#primaryimage\"},\"image\":{\"@id\":\"https:\\\/\\\/repliquemangacine.fr\\\/katana-les-epees-de-films-et-series\\\/sabre-pirate-d-abordage-sabre-cuillere-a-pot\\\/#primaryimage\"},\"thumbnailUrl\":\"https:\\\/\\\/repliquemangacine.fr\\\/wp-content\\\/uploads\\\/2023\\\/10\\\/1666-Sabre-de-pirate-Sabre-dabordage-16eme-Siecle.jpg\",\"datePublished\":\"2016-11-26T15:37:25+00:00\",\"dateModified\":\"2026-04-17T14:10:24+00:00\",\"description\":\"Commandez vite ! Ce Sabre pirate d'abordage 16\u1d49 si\u00e8cle au meilleur prix - Lame en acier - Gravure sur le pot - Fourreau - Longueur totale : 77 cm\",\"breadcrumb\":{\"@id\":\"https:\\\/\\\/repliquemangacine.fr\\\/katana-les-epees-de-films-et-series\\\/sabre-pirate-d-abordage-sabre-cuillere-a-pot\\\/#breadcrumb\"},\"inLanguage\":\"it-IT\",\"potentialAction\":[{\"@type\":\"ReadAction\",\"target\":[\"https:\\\/\\\/repliquemangacine.fr\\\/katana-les-epees-de-films-et-series\\\/sabre-pirate-d-abordage-sabre-cuillere-a-pot\\\/\"]}]},{\"@type\":\"ImageObject\",\"inLanguage\":\"it-IT\",\"@id\":\"https:\\\/\\\/repliquemangacine.fr\\\/katana-les-epees-de-films-et-series\\\/sabre-pirate-d-abordage-sabre-cuillere-a-pot\\\/#primaryimage\",\"url\":\"https:\\\/\\\/repliquemangacine.fr\\\/wp-content\\\/uploads\\\/2023\\\/10\\\/1666-Sabre-de-pirate-Sabre-dabordage-16eme-Siecle.jpg\",\"contentUrl\":\"https:\\\/\\\/repliquemangacine.fr\\\/wp-content\\\/uploads\\\/2023\\\/10\\\/1666-Sabre-de-pirate-Sabre-dabordage-16eme-Siecle.jpg\",\"width\":600,\"height\":600,\"caption\":\"Sabre de pirate - Sabre d'abordage 16\u00e8me Si\u00e8cle\"},{\"@type\":\"BreadcrumbList\",\"@id\":\"https:\\\/\\\/repliquemangacine.fr\\\/katana-les-epees-de-films-et-series\\\/sabre-pirate-d-abordage-sabre-cuillere-a-pot\\\/#breadcrumb\",\"itemListElement\":[{\"@type\":\"ListItem\",\"position\":1,\"name\":\"Accueil\",\"item\":\"https:\\\/\\\/repliquemangacine.fr\\\/\"},{\"@type\":\"ListItem\",\"position\":2,\"name\":\"Produits\",\"item\":\"https:\\\/\\\/repliquemangacine.fr\\\/boutique\\\/\"},{\"@type\":\"ListItem\",\"position\":3,\"name\":\"Sabre pirate d&#8217;abordage 16\u00e8me Si\u00e8cle\"}]},{\"@type\":\"WebSite\",\"@id\":\"https:\\\/\\\/repliquemangacine.fr\\\/#website\",\"url\":\"https:\\\/\\\/repliquemangacine.fr\\\/\",\"name\":\"R\u00e9plique Manga Cin\u00e9\",\"description\":\"\",\"publisher\":{\"@id\":\"https:\\\/\\\/repliquemangacine.fr\\\/#organization\"},\"potentialAction\":[{\"@type\":\"SearchAction\",\"target\":{\"@type\":\"EntryPoint\",\"urlTemplate\":\"https:\\\/\\\/repliquemangacine.fr\\\/?s={search_term_string}\"},\"query-input\":{\"@type\":\"PropertyValueSpecification\",\"valueRequired\":true,\"valueName\":\"search_term_string\"}}],\"inLanguage\":\"it-IT\"},{\"@type\":\"Organization\",\"@id\":\"https:\\\/\\\/repliquemangacine.fr\\\/#organization\",\"name\":\"R\u00e9plique Manga Cin\u00e9\",\"url\":\"https:\\\/\\\/repliquemangacine.fr\\\/\",\"logo\":{\"@type\":\"ImageObject\",\"inLanguage\":\"it-IT\",\"@id\":\"https:\\\/\\\/repliquemangacine.fr\\\/#\\\/schema\\\/logo\\\/image\\\/\",\"url\":\"https:\\\/\\\/repliquemangacine.fr\\\/wp-content\\\/uploads\\\/2023\\\/10\\\/RMC-500250.png\",\"contentUrl\":\"https:\\\/\\\/repliquemangacine.fr\\\/wp-content\\\/uploads\\\/2023\\\/10\\\/RMC-500250.png\",\"width\":500,\"height\":250,\"caption\":\"R\u00e9plique Manga Cin\u00e9\"},\"image\":{\"@id\":\"https:\\\/\\\/repliquemangacine.fr\\\/#\\\/schema\\\/logo\\\/image\\\/\"},\"sameAs\":[\"https:\\\/\\\/www.facebook.com\\\/RepliqueMangaCine\",\"https:\\\/\\\/www.instagram.com\\\/repliquemangacine.fr\\\/\"]}]}<\/script>\n<!-- \/ Yoast SEO plugin. -->","yoast_head_json":{"title":"Spada da abbordaggio pirata - Arma pirata - Cucchiaio a sciabola | RMC","description":"Ordina ora! Questa spada da abbordaggio pirata del 16\u1d49 secolo al miglior prezzo - Lama in acciaio - Incisione sul piatto - Fodero - Lunghezza totale: 77 cm","robots":{"index":"index","follow":"follow","max-snippet":"max-snippet:-1","max-image-preview":"max-image-preview:large","max-video-preview":"max-video-preview:-1"},"canonical":"https:\/\/repliquemangacine.fr\/it\/spade-katana-da-film-e-serie\/spada-darrembaggio-pirata-sciabola-pentola-cucchiaio\/","og_locale":"it_IT","og_type":"article","og_title":"Sabre pirate d'abordage - Arme Pirate - Sabre cuill\u00e8re \u00e0 pot | RMC","og_description":"Commandez vite ! Ce Sabre pirate d'abordage 16\u1d49 si\u00e8cle au meilleur prix - Lame en acier - Gravure sur le pot - Fourreau - Longueur totale : 77 cm","og_url":"https:\/\/repliquemangacine.fr\/it\/spade-katana-da-film-e-serie\/spada-darrembaggio-pirata-sciabola-pentola-cucchiaio\/","og_site_name":"R\u00e9plique Manga Cin\u00e9","article_publisher":"https:\/\/www.facebook.com\/RepliqueMangaCine","article_modified_time":"2026-04-17T14:10:24+00:00","og_image":[{"width":600,"height":600,"url":"https:\/\/repliquemangacine.fr\/wp-content\/uploads\/2023\/10\/1666-Sabre-de-pirate-Sabre-dabordage-16eme-Siecle.jpg","type":"image\/jpeg"}],"twitter_card":"summary_large_image","twitter_misc":{"Tempo di lettura stimato":"3 minuti"},"schema":{"@context":"https:\/\/schema.org","@graph":[{"@type":"WebPage","@id":"https:\/\/repliquemangacine.fr\/katana-les-epees-de-films-et-series\/sabre-pirate-d-abordage-sabre-cuillere-a-pot\/","url":"https:\/\/repliquemangacine.fr\/katana-les-epees-de-films-et-series\/sabre-pirate-d-abordage-sabre-cuillere-a-pot\/","name":"Spada da abbordaggio pirata - Arma pirata - Cucchiaio a sciabola | RMC","isPartOf":{"@id":"https:\/\/repliquemangacine.fr\/#website"},"primaryImageOfPage":{"@id":"https:\/\/repliquemangacine.fr\/katana-les-epees-de-films-et-series\/sabre-pirate-d-abordage-sabre-cuillere-a-pot\/#primaryimage"},"image":{"@id":"https:\/\/repliquemangacine.fr\/katana-les-epees-de-films-et-series\/sabre-pirate-d-abordage-sabre-cuillere-a-pot\/#primaryimage"},"thumbnailUrl":"https:\/\/repliquemangacine.fr\/wp-content\/uploads\/2023\/10\/1666-Sabre-de-pirate-Sabre-dabordage-16eme-Siecle.jpg","datePublished":"2016-11-26T15:37:25+00:00","dateModified":"2026-04-17T14:10:24+00:00","description":"Ordina ora! Questa spada da abbordaggio pirata del 16\u1d49 secolo al miglior prezzo - Lama in acciaio - Incisione sul piatto - Fodero - Lunghezza totale: 77 cm","breadcrumb":{"@id":"https:\/\/repliquemangacine.fr\/katana-les-epees-de-films-et-series\/sabre-pirate-d-abordage-sabre-cuillere-a-pot\/#breadcrumb"},"inLanguage":"it-IT","potentialAction":[{"@type":"ReadAction","target":["https:\/\/repliquemangacine.fr\/katana-les-epees-de-films-et-series\/sabre-pirate-d-abordage-sabre-cuillere-a-pot\/"]}]},{"@type":"ImageObject","inLanguage":"it-IT","@id":"https:\/\/repliquemangacine.fr\/katana-les-epees-de-films-et-series\/sabre-pirate-d-abordage-sabre-cuillere-a-pot\/#primaryimage","url":"https:\/\/repliquemangacine.fr\/wp-content\/uploads\/2023\/10\/1666-Sabre-de-pirate-Sabre-dabordage-16eme-Siecle.jpg","contentUrl":"https:\/\/repliquemangacine.fr\/wp-content\/uploads\/2023\/10\/1666-Sabre-de-pirate-Sabre-dabordage-16eme-Siecle.jpg","width":600,"height":600,"caption":"Sabre de pirate - Sabre d'abordage 16\u00e8me Si\u00e8cle"},{"@type":"BreadcrumbList","@id":"https:\/\/repliquemangacine.fr\/katana-les-epees-de-films-et-series\/sabre-pirate-d-abordage-sabre-cuillere-a-pot\/#breadcrumb","itemListElement":[{"@type":"ListItem","position":1,"name":"Accueil","item":"https:\/\/repliquemangacine.fr\/"},{"@type":"ListItem","position":2,"name":"Produits","item":"https:\/\/repliquemangacine.fr\/boutique\/"},{"@type":"ListItem","position":3,"name":"Sabre pirate d&#8217;abordage 16\u00e8me Si\u00e8cle"}]},{"@type":"WebSite","@id":"https:\/\/repliquemangacine.fr\/#website","url":"https:\/\/repliquemangacine.fr\/","name":"R\u00e9plique Manga Cin\u00e9","description":"","publisher":{"@id":"https:\/\/repliquemangacine.fr\/#organization"},"potentialAction":[{"@type":"SearchAction","target":{"@type":"EntryPoint","urlTemplate":"https:\/\/repliquemangacine.fr\/?s={search_term_string}"},"query-input":{"@type":"PropertyValueSpecification","valueRequired":true,"valueName":"search_term_string"}}],"inLanguage":"it-IT"},{"@type":"Organization","@id":"https:\/\/repliquemangacine.fr\/#organization","name":"R\u00e9plique Manga Cin\u00e9","url":"https:\/\/repliquemangacine.fr\/","logo":{"@type":"ImageObject","inLanguage":"it-IT","@id":"https:\/\/repliquemangacine.fr\/#\/schema\/logo\/image\/","url":"https:\/\/repliquemangacine.fr\/wp-content\/uploads\/2023\/10\/RMC-500250.png","contentUrl":"https:\/\/repliquemangacine.fr\/wp-content\/uploads\/2023\/10\/RMC-500250.png","width":500,"height":250,"caption":"R\u00e9plique Manga Cin\u00e9"},"image":{"@id":"https:\/\/repliquemangacine.fr\/#\/schema\/logo\/image\/"},"sameAs":["https:\/\/www.facebook.com\/RepliqueMangaCine","https:\/\/www.instagram.com\/repliquemangacine.fr\/"]}]}},"_links":{"self":[{"href":"https:\/\/repliquemangacine.fr\/it\/wp-json\/wp\/v2\/product\/26507","targetHints":{"allow":["GET"]}}],"collection":[{"href":"https:\/\/repliquemangacine.fr\/it\/wp-json\/wp\/v2\/product"}],"about":[{"href":"https:\/\/repliquemangacine.fr\/it\/wp-json\/wp\/v2\/types\/product"}],"wp:featuredmedia":[{"embeddable":true,"href":"https:\/\/repliquemangacine.fr\/it\/wp-json\/wp\/v2\/media\/26508"}],"wp:attachment":[{"href":"https:\/\/repliquemangacine.fr\/it\/wp-json\/wp\/v2\/media?parent=26507"}],"wp:term":[{"taxonomy":"product_brand","embeddable":true,"href":"https:\/\/repliquemangacine.fr\/it\/wp-json\/wp\/v2\/product_brand?post=26507"},{"taxonomy":"product_cat","embeddable":true,"href":"https:\/\/repliquemangacine.fr\/it\/wp-json\/wp\/v2\/product_cat?post=26507"},{"taxonomy":"product_tag","embeddable":true,"href":"https:\/\/repliquemangacine.fr\/it\/wp-json\/wp\/v2\/product_tag?post=26507"}],"curies":[{"name":"wp","href":"https:\/\/api.w.org\/{rel}","templated":true}]}}