





{"id":26488,"date":"2016-11-25T18:41:51","date_gmt":"2016-11-25T17:41:51","guid":{"rendered":"https:\/\/repliquemangacine.fr\/?post_type=product&#038;p=26488"},"modified":"2025-09-23T18:01:47","modified_gmt":"2025-09-23T16:01:47","slug":"elmo-templare-nero-elmo-cavaliere-oscuro-sugarloaf","status":"publish","type":"product","link":"https:\/\/repliquemangacine.fr\/it\/heaume-casque-chevalier-templier\/casque-templier-noir-heaume-dark-knight-sugarloaf\/","title":{"rendered":"Templare nero"},"content":{"rendered":"<h2>Pan di Zucchero Heaume des Templiers<\/h2>\n<p>Per cominciare, il <strong>Heaume des templiers Pan di Zucchero <\/strong>\u00e8 un elmo da cavalleria medievale in acciaio, emblematico della cavalleria, che protegge l'intera testa.<\/p>\n<p>Sebbene poche armi fossero in grado di raggiungere la testa del cavaliere, la parte superiore piatta rappresentava un passo indietro rispetto agli elmi precedentemente in uso. I miglioramenti nelle tecniche di forgiatura del XIII secolo permisero all'elmo di tornare a una forma conica, rendendolo meno vulnerabile ai colpi alla sommit\u00e0 del capo.<\/p>\n<p>Nel Medioevo, i grandi elmi con una coppa pi\u00f9 conica erano chiamati anche elmi a pan di zucchero per la loro somiglianza con un pan di zucchero. Questa forma divenne popolare all'inizio del 14\u1d49 secolo.<\/p>\n<h2>Il vostro Heaume des Templiers al miglior prezzo.<\/h2>\n<p>Offriamo un'ampia gamma di elmi e accessori medievali.<\/p>\n<p>Innanzitutto,<\/p>\n<ul>\n<li>L'<a href=\"https:\/\/repliquemangacine.fr\/it\/spada-templare-medievale\/spada-dei-cavalieri-templari\/\">Spada dei Cavalieri Templari<\/a> con la sua lama in acciaio al carbonio.<\/li>\n<li>Oltre a una replica di una <a href=\"https:\/\/repliquemangacine.fr\/it\/elmo-cavaliere-templare\/elmo-armetico-16%e1%b5%89-secolo\/\">casco armetico<\/a> torneo medievale.<\/li>\n<li>C'\u00e8 anche la spada di San Luigi a forma di giglio, realizzata da <a href=\"https:\/\/www.denix.fr\/\" target=\"_blank\" rel=\"noopener noreferrer\">Denix<\/a>.<\/li>\n<li>E molti altri da scoprire nel nostro negozio online.<\/li>\n<\/ul>\n<p>Ecco perch\u00e9 abbiamo pensato ad alcune idee regalo per tutti coloro che amano il Medioevo.<\/p>\n<p>In conclusione, \u00e8 possibile utilizzare questo <strong>Pan di Zucchero Heaume des Templiers<\/strong> per le vostre rievocazioni storiche. Ma soprattutto, questo elmo \u00e8 un oggetto da collezione e un pezzo decorativo.<\/p>\n<h2>Come vengono realizzati i vostri oggetti da collezione?<\/h2>\n<p>Per cominciare, tutti i nostri prodotti derivati sono di altissima qualit\u00e0, realizzati con una meticolosa attenzione ai dettagli. Alcuni di essi sono realizzati a mano, per riprodurre i minimi dettagli. Le parti pi\u00f9 importanti sono lavorate con macchine molto precise. Le incisioni sono generalmente realizzate con una punta di diamante o con il laser.<\/p>\n<p>Il tuo <strong>Pan di Zucchero Heaume des Templiers<\/strong>, Realizzati per riprodurre esattamente ogni dettaglio. Per eguagliare l'eredit\u00e0 dei capolavori originali. L'accento \u00e8 posto sulla creazione di repliche di alta qualit\u00e0 che siano il pi\u00f9 possibile storicamente accurate.<\/p>\n<p>In conclusione, importate dalla Cina, dalla Spagna o dall'India, le nostre repliche vi stupiranno!<\/p>\n<p>R\u00e9plique Manga Cin\u00e9 \u00e8 un'azienda familiare francese.<\/p>","protected":false},"excerpt":{"rendered":"<p>Questa riproduzione dell'elmo templare noto come \"SugarLoaf\".<\/p>\n<ul>\n<li>In acciaio da 1,6 mm, lavorato a mano.<\/li>\n<li>Visiera incernierata.<\/li>\n<li>Copricapo in cotone.<\/li>\n<li>Cinturino sottogola regolabile.<\/li>\n<li>Funzionale.<\/li>\n<li>Peso: 2,9 kg<\/li>\n<\/ul>","protected":false},"featured_media":26489,"template":"","meta":[],"product_brand":[896],"product_cat":[25,89,43],"product_tag":[],"class_list":{"0":"post-26488","1":"product","2":"type-product","3":"status-publish","4":"has-post-thumbnail","6":"product_brand-replique-manga-cine","7":"product_cat-armes-historiques","8":"product_cat-heaume-casque-chevalier-templier","9":"product_cat-reproductions-d-armes-et-accessoires-medievales","11":"first","12":"outofstock","13":"taxable","14":"shipping-taxable","15":"purchasable","16":"product-type-simple"},"yoast_head":"<!-- This site is optimized with the Yoast SEO plugin v27.4 - https:\/\/yoast.com\/product\/yoast-seo-wordpress\/ -->\n<title>Heaume des Templiers Sugarloaf | R\u00e9plique Manga Cin\u00e9<\/title>\n<meta name=\"description\" content=\"Offrez-lui ce Heaume des Templiers Sugarloaf au meilleur prix - Tout en acier - Visi\u00e8re \u00e0 charni\u00e8re - Coiffe en coton - Fonctionnel - Int\u00e9rieur : 22.5cm\" \/>\n<meta name=\"robots\" content=\"index, follow, max-snippet:-1, max-image-preview:large, max-video-preview:-1\" \/>\n<link rel=\"canonical\" href=\"https:\/\/repliquemangacine.fr\/it\/elmo-cavaliere-templare\/elmo-templare-nero-elmo-cavaliere-oscuro-sugarloaf\/\" \/>\n<meta property=\"og:locale\" content=\"it_IT\" \/>\n<meta property=\"og:type\" content=\"article\" \/>\n<meta property=\"og:title\" content=\"Heaume des Templiers Sugarloaf | R\u00e9plique Manga Cin\u00e9\" \/>\n<meta property=\"og:description\" content=\"Offrez-lui ce Heaume des Templiers Sugarloaf au meilleur prix - Tout en acier - Visi\u00e8re \u00e0 charni\u00e8re - Coiffe en coton - Fonctionnel - Int\u00e9rieur : 22.5cm\" \/>\n<meta property=\"og:url\" content=\"https:\/\/repliquemangacine.fr\/it\/elmo-cavaliere-templare\/elmo-templare-nero-elmo-cavaliere-oscuro-sugarloaf\/\" \/>\n<meta property=\"og:site_name\" content=\"R\u00e9plique Manga Cin\u00e9\" \/>\n<meta property=\"article:publisher\" content=\"https:\/\/www.facebook.com\/RepliqueMangaCine\" \/>\n<meta property=\"article:modified_time\" content=\"2025-09-23T16:01:47+00:00\" \/>\n<meta property=\"og:image\" content=\"https:\/\/repliquemangacine.fr\/wp-content\/uploads\/2023\/10\/1652-Casque-Templier-noir-Heaume-Dark-Knight.jpg\" \/>\n\t<meta property=\"og:image:width\" content=\"600\" \/>\n\t<meta property=\"og:image:height\" content=\"600\" \/>\n\t<meta property=\"og:image:type\" content=\"image\/jpeg\" \/>\n<meta name=\"twitter:card\" content=\"summary_large_image\" \/>\n<meta name=\"twitter:label1\" content=\"Tempo di lettura stimato\" \/>\n\t<meta name=\"twitter:data1\" content=\"2 minuti\" \/>\n<script type=\"application\/ld+json\" class=\"yoast-schema-graph\">{\"@context\":\"https:\\\/\\\/schema.org\",\"@graph\":[{\"@type\":\"WebPage\",\"@id\":\"https:\\\/\\\/repliquemangacine.fr\\\/de\\\/helm-helm-ritter-templer\\\/helm-templer-schwarz-helm-dark-knight-sugarloaf\\\/\",\"url\":\"https:\\\/\\\/repliquemangacine.fr\\\/de\\\/helm-helm-ritter-templer\\\/helm-templer-schwarz-helm-dark-knight-sugarloaf\\\/\",\"name\":\"Heaume des Templiers Sugarloaf | R\u00e9plique Manga Cin\u00e9\",\"isPartOf\":{\"@id\":\"https:\\\/\\\/repliquemangacine.fr\\\/#website\"},\"primaryImageOfPage\":{\"@id\":\"https:\\\/\\\/repliquemangacine.fr\\\/de\\\/helm-helm-ritter-templer\\\/helm-templer-schwarz-helm-dark-knight-sugarloaf\\\/#primaryimage\"},\"image\":{\"@id\":\"https:\\\/\\\/repliquemangacine.fr\\\/de\\\/helm-helm-ritter-templer\\\/helm-templer-schwarz-helm-dark-knight-sugarloaf\\\/#primaryimage\"},\"thumbnailUrl\":\"https:\\\/\\\/repliquemangacine.fr\\\/wp-content\\\/uploads\\\/2023\\\/10\\\/1652-Casque-Templier-noir-Heaume-Dark-Knight.jpg\",\"datePublished\":\"2016-11-25T17:41:51+00:00\",\"dateModified\":\"2025-09-23T16:01:47+00:00\",\"description\":\"Offrez-lui ce Heaume des Templiers Sugarloaf au meilleur prix - Tout en acier - Visi\u00e8re \u00e0 charni\u00e8re - Coiffe en coton - Fonctionnel - Int\u00e9rieur : 22.5cm\",\"breadcrumb\":{\"@id\":\"https:\\\/\\\/repliquemangacine.fr\\\/de\\\/helm-helm-ritter-templer\\\/helm-templer-schwarz-helm-dark-knight-sugarloaf\\\/#breadcrumb\"},\"inLanguage\":\"it-IT\",\"potentialAction\":[{\"@type\":\"ReadAction\",\"target\":[\"https:\\\/\\\/repliquemangacine.fr\\\/de\\\/helm-helm-ritter-templer\\\/helm-templer-schwarz-helm-dark-knight-sugarloaf\\\/\"]}]},{\"@type\":\"ImageObject\",\"inLanguage\":\"it-IT\",\"@id\":\"https:\\\/\\\/repliquemangacine.fr\\\/de\\\/helm-helm-ritter-templer\\\/helm-templer-schwarz-helm-dark-knight-sugarloaf\\\/#primaryimage\",\"url\":\"https:\\\/\\\/repliquemangacine.fr\\\/wp-content\\\/uploads\\\/2023\\\/10\\\/1652-Casque-Templier-noir-Heaume-Dark-Knight.jpg\",\"contentUrl\":\"https:\\\/\\\/repliquemangacine.fr\\\/wp-content\\\/uploads\\\/2023\\\/10\\\/1652-Casque-Templier-noir-Heaume-Dark-Knight.jpg\",\"width\":600,\"height\":600,\"caption\":\"Heaume des Templiers Sugarloaf\"},{\"@type\":\"BreadcrumbList\",\"@id\":\"https:\\\/\\\/repliquemangacine.fr\\\/de\\\/helm-helm-ritter-templer\\\/helm-templer-schwarz-helm-dark-knight-sugarloaf\\\/#breadcrumb\",\"itemListElement\":[{\"@type\":\"ListItem\",\"position\":1,\"name\":\"Accueil\",\"item\":\"https:\\\/\\\/repliquemangacine.fr\\\/\"},{\"@type\":\"ListItem\",\"position\":2,\"name\":\"Produits\",\"item\":\"https:\\\/\\\/repliquemangacine.fr\\\/boutique\\\/\"},{\"@type\":\"ListItem\",\"position\":3,\"name\":\"Templier noir\"}]},{\"@type\":\"WebSite\",\"@id\":\"https:\\\/\\\/repliquemangacine.fr\\\/#website\",\"url\":\"https:\\\/\\\/repliquemangacine.fr\\\/\",\"name\":\"R\u00e9plique Manga Cin\u00e9\",\"description\":\"\",\"publisher\":{\"@id\":\"https:\\\/\\\/repliquemangacine.fr\\\/#organization\"},\"potentialAction\":[{\"@type\":\"SearchAction\",\"target\":{\"@type\":\"EntryPoint\",\"urlTemplate\":\"https:\\\/\\\/repliquemangacine.fr\\\/?s={search_term_string}\"},\"query-input\":{\"@type\":\"PropertyValueSpecification\",\"valueRequired\":true,\"valueName\":\"search_term_string\"}}],\"inLanguage\":\"it-IT\"},{\"@type\":\"Organization\",\"@id\":\"https:\\\/\\\/repliquemangacine.fr\\\/#organization\",\"name\":\"R\u00e9plique Manga Cin\u00e9\",\"url\":\"https:\\\/\\\/repliquemangacine.fr\\\/\",\"logo\":{\"@type\":\"ImageObject\",\"inLanguage\":\"it-IT\",\"@id\":\"https:\\\/\\\/repliquemangacine.fr\\\/#\\\/schema\\\/logo\\\/image\\\/\",\"url\":\"https:\\\/\\\/repliquemangacine.fr\\\/wp-content\\\/uploads\\\/2023\\\/10\\\/RMC-500250.png\",\"contentUrl\":\"https:\\\/\\\/repliquemangacine.fr\\\/wp-content\\\/uploads\\\/2023\\\/10\\\/RMC-500250.png\",\"width\":500,\"height\":250,\"caption\":\"R\u00e9plique Manga Cin\u00e9\"},\"image\":{\"@id\":\"https:\\\/\\\/repliquemangacine.fr\\\/#\\\/schema\\\/logo\\\/image\\\/\"},\"sameAs\":[\"https:\\\/\\\/www.facebook.com\\\/RepliqueMangaCine\",\"https:\\\/\\\/www.instagram.com\\\/repliquemangacine.fr\\\/\"]}]}<\/script>\n<!-- \/ Yoast SEO plugin. -->","yoast_head_json":{"title":"Heaume des Templiers Pan di Zucchero | R\u00e9plique Manga Cin\u00e9","description":"Regalategli questo casco Sugarloaf Templar al miglior prezzo - Interamente in acciaio - Visiera con cerniera - Cappuccio in cotone - Funzionale - Interno: 22.5cm","robots":{"index":"index","follow":"follow","max-snippet":"max-snippet:-1","max-image-preview":"max-image-preview:large","max-video-preview":"max-video-preview:-1"},"canonical":"https:\/\/repliquemangacine.fr\/it\/elmo-cavaliere-templare\/elmo-templare-nero-elmo-cavaliere-oscuro-sugarloaf\/","og_locale":"it_IT","og_type":"article","og_title":"Heaume des Templiers Sugarloaf | R\u00e9plique Manga Cin\u00e9","og_description":"Offrez-lui ce Heaume des Templiers Sugarloaf au meilleur prix - Tout en acier - Visi\u00e8re \u00e0 charni\u00e8re - Coiffe en coton - Fonctionnel - Int\u00e9rieur : 22.5cm","og_url":"https:\/\/repliquemangacine.fr\/it\/elmo-cavaliere-templare\/elmo-templare-nero-elmo-cavaliere-oscuro-sugarloaf\/","og_site_name":"R\u00e9plique Manga Cin\u00e9","article_publisher":"https:\/\/www.facebook.com\/RepliqueMangaCine","article_modified_time":"2025-09-23T16:01:47+00:00","og_image":[{"width":600,"height":600,"url":"https:\/\/repliquemangacine.fr\/wp-content\/uploads\/2023\/10\/1652-Casque-Templier-noir-Heaume-Dark-Knight.jpg","type":"image\/jpeg"}],"twitter_card":"summary_large_image","twitter_misc":{"Tempo di lettura stimato":"2 minuti"},"schema":{"@context":"https:\/\/schema.org","@graph":[{"@type":"WebPage","@id":"https:\/\/repliquemangacine.fr\/de\/helm-helm-ritter-templer\/helm-templer-schwarz-helm-dark-knight-sugarloaf\/","url":"https:\/\/repliquemangacine.fr\/de\/helm-helm-ritter-templer\/helm-templer-schwarz-helm-dark-knight-sugarloaf\/","name":"Heaume des Templiers Pan di Zucchero | R\u00e9plique Manga Cin\u00e9","isPartOf":{"@id":"https:\/\/repliquemangacine.fr\/#website"},"primaryImageOfPage":{"@id":"https:\/\/repliquemangacine.fr\/de\/helm-helm-ritter-templer\/helm-templer-schwarz-helm-dark-knight-sugarloaf\/#primaryimage"},"image":{"@id":"https:\/\/repliquemangacine.fr\/de\/helm-helm-ritter-templer\/helm-templer-schwarz-helm-dark-knight-sugarloaf\/#primaryimage"},"thumbnailUrl":"https:\/\/repliquemangacine.fr\/wp-content\/uploads\/2023\/10\/1652-Casque-Templier-noir-Heaume-Dark-Knight.jpg","datePublished":"2016-11-25T17:41:51+00:00","dateModified":"2025-09-23T16:01:47+00:00","description":"Regalategli questo casco Sugarloaf Templar al miglior prezzo - Interamente in acciaio - Visiera con cerniera - Cappuccio in cotone - Funzionale - Interno: 22.5cm","breadcrumb":{"@id":"https:\/\/repliquemangacine.fr\/de\/helm-helm-ritter-templer\/helm-templer-schwarz-helm-dark-knight-sugarloaf\/#breadcrumb"},"inLanguage":"it-IT","potentialAction":[{"@type":"ReadAction","target":["https:\/\/repliquemangacine.fr\/de\/helm-helm-ritter-templer\/helm-templer-schwarz-helm-dark-knight-sugarloaf\/"]}]},{"@type":"ImageObject","inLanguage":"it-IT","@id":"https:\/\/repliquemangacine.fr\/de\/helm-helm-ritter-templer\/helm-templer-schwarz-helm-dark-knight-sugarloaf\/#primaryimage","url":"https:\/\/repliquemangacine.fr\/wp-content\/uploads\/2023\/10\/1652-Casque-Templier-noir-Heaume-Dark-Knight.jpg","contentUrl":"https:\/\/repliquemangacine.fr\/wp-content\/uploads\/2023\/10\/1652-Casque-Templier-noir-Heaume-Dark-Knight.jpg","width":600,"height":600,"caption":"Heaume des Templiers Sugarloaf"},{"@type":"BreadcrumbList","@id":"https:\/\/repliquemangacine.fr\/de\/helm-helm-ritter-templer\/helm-templer-schwarz-helm-dark-knight-sugarloaf\/#breadcrumb","itemListElement":[{"@type":"ListItem","position":1,"name":"Accueil","item":"https:\/\/repliquemangacine.fr\/"},{"@type":"ListItem","position":2,"name":"Produits","item":"https:\/\/repliquemangacine.fr\/boutique\/"},{"@type":"ListItem","position":3,"name":"Templier noir"}]},{"@type":"WebSite","@id":"https:\/\/repliquemangacine.fr\/#website","url":"https:\/\/repliquemangacine.fr\/","name":"R\u00e9plique Manga Cin\u00e9","description":"","publisher":{"@id":"https:\/\/repliquemangacine.fr\/#organization"},"potentialAction":[{"@type":"SearchAction","target":{"@type":"EntryPoint","urlTemplate":"https:\/\/repliquemangacine.fr\/?s={search_term_string}"},"query-input":{"@type":"PropertyValueSpecification","valueRequired":true,"valueName":"search_term_string"}}],"inLanguage":"it-IT"},{"@type":"Organization","@id":"https:\/\/repliquemangacine.fr\/#organization","name":"R\u00e9plique Manga Cin\u00e9","url":"https:\/\/repliquemangacine.fr\/","logo":{"@type":"ImageObject","inLanguage":"it-IT","@id":"https:\/\/repliquemangacine.fr\/#\/schema\/logo\/image\/","url":"https:\/\/repliquemangacine.fr\/wp-content\/uploads\/2023\/10\/RMC-500250.png","contentUrl":"https:\/\/repliquemangacine.fr\/wp-content\/uploads\/2023\/10\/RMC-500250.png","width":500,"height":250,"caption":"R\u00e9plique Manga Cin\u00e9"},"image":{"@id":"https:\/\/repliquemangacine.fr\/#\/schema\/logo\/image\/"},"sameAs":["https:\/\/www.facebook.com\/RepliqueMangaCine","https:\/\/www.instagram.com\/repliquemangacine.fr\/"]}]}},"_links":{"self":[{"href":"https:\/\/repliquemangacine.fr\/it\/wp-json\/wp\/v2\/product\/26488","targetHints":{"allow":["GET"]}}],"collection":[{"href":"https:\/\/repliquemangacine.fr\/it\/wp-json\/wp\/v2\/product"}],"about":[{"href":"https:\/\/repliquemangacine.fr\/it\/wp-json\/wp\/v2\/types\/product"}],"wp:featuredmedia":[{"embeddable":true,"href":"https:\/\/repliquemangacine.fr\/it\/wp-json\/wp\/v2\/media\/26489"}],"wp:attachment":[{"href":"https:\/\/repliquemangacine.fr\/it\/wp-json\/wp\/v2\/media?parent=26488"}],"wp:term":[{"taxonomy":"product_brand","embeddable":true,"href":"https:\/\/repliquemangacine.fr\/it\/wp-json\/wp\/v2\/product_brand?post=26488"},{"taxonomy":"product_cat","embeddable":true,"href":"https:\/\/repliquemangacine.fr\/it\/wp-json\/wp\/v2\/product_cat?post=26488"},{"taxonomy":"product_tag","embeddable":true,"href":"https:\/\/repliquemangacine.fr\/it\/wp-json\/wp\/v2\/product_tag?post=26488"}],"curies":[{"name":"wp","href":"https:\/\/api.w.org\/{rel}","templated":true}]}}