





{"id":26472,"date":"2016-11-25T16:50:07","date_gmt":"2016-11-25T15:50:07","guid":{"rendered":"https:\/\/repliquemangacine.fr\/?post_type=product&#038;p=26472"},"modified":"2026-02-24T15:27:23","modified_gmt":"2026-02-24T14:27:23","slug":"elmo-in-armatura-inglese-armet","status":"publish","type":"product","link":"https:\/\/repliquemangacine.fr\/it\/heaume-casque-chevalier-templier\/armet-casque-d-armure-anglaise\/","title":{"rendered":"Elmo in armatura inglese Armet"},"content":{"rendered":"<h2>Elmetto Armet<\/h2>\n<p>Per cominciare, il<strong>Elmetto Armet<\/strong>, Questo tipo di elmo fu sviluppato nel 15\u1d49 secolo.<\/p>\n<p>Per proteggere la testa, il cavaliere la nascondeva pi\u00f9 o meno sotto un elmo, l'heaume. All'inizio l'elmo era conico e aveva un ponte nasale per proteggere il naso. In seguito, l'elmo si avvolse sempre pi\u00f9 intorno alla testa e nel 1200 la ricopr\u00ec interamente. I fori erano praticati all'altezza degli occhi per consentire a chi lo indossava di vedere e venivano tenuti in posizione con un cinturino.<\/p>\n<p>Ha la particolarit\u00e0 di essere il primo casco del suo tempo a racchiudere completamente la testa, pur essendo sufficientemente compatto e leggero da potersi muovere con chi lo indossa.<\/p>\n<h2>Il tuo casco Armet English al miglior prezzo.<\/h2>\n<p>Offriamo una vasta gamma di spade medievali e accessori.<\/p>\n<p>Innanzitutto,<\/p>\n<ul>\n<li>L'<a href=\"https:\/\/repliquemangacine.fr\/it\/spada-templare-medievale\/spada-di-saint-louis-fleur-de-lys\/\">Spada Fleur de lys<\/a> de saint louis prodotto da <a href=\"https:\/\/www.denix.fr\/\" target=\"_blank\" rel=\"noopener noreferrer\">Denix<\/a>.<\/li>\n<li>Cos\u00ec come il <a href=\"https:\/\/repliquemangacine.fr\/it\/armi-storiche\/hache-de-combat-de-l-infanterie-francaise\/\">ascia da fanteria,<\/a> quest'ascia da battaglia ha due taglienti.<\/li>\n<li>C'\u00e8 anche il <a href=\"https:\/\/repliquemangacine.fr\/it\/pugnale-medievale\/dague-de-franc-macon\/\">Il pugnale dei massoni<\/a> con il loro motto<\/li>\n<li>E molto altro ancora da scoprire nel nostro negozio online!<\/li>\n<\/ul>\n<p>Ecco perch\u00e9 \u00e8 un'idea regalo fantastica per tutti gli appassionati di armi storiche.<\/p>\n<p>In conclusione, \u00e8 possibile utilizzare questo <strong>Elmetto Armet<\/strong> per le vostre ricostruzioni storiche. Ma soprattutto, quest'arma \u00e8 un oggetto da collezione e un pezzo decorativo.<\/p>\n<h2>Come vengono realizzati i vostri oggetti da collezione?<\/h2>\n<p>Per cominciare, tutti i nostri prodotti derivati sono di altissima qualit\u00e0, realizzati con una meticolosa attenzione ai dettagli. Alcuni di essi sono realizzati a mano, per riprodurre i minimi dettagli. Le parti pi\u00f9 importanti sono lavorate con macchine molto precise. Le incisioni sono generalmente realizzate con una punta di diamante o con il laser.<\/p>\n<p>Il tuo <strong>Elmetto Armet<\/strong> fabbricati per riprodurre esattamente ogni dettaglio. Per eguagliare l'eredit\u00e0 dei capolavori originali. L'accento \u00e8 posto sulla creazione di repliche di alta qualit\u00e0 che siano il pi\u00f9 possibile storicamente accurate.<\/p>\n<p>In conclusione, importate dalla Cina, dalla Spagna o dall'India, le nostre repliche vi stupiranno!<\/p>\n<p>R\u00e9plique Manga Cin\u00e9 \u00e8 un'azienda familiare francese.<\/p>","protected":false},"excerpt":{"rendered":"<p>Casco chiuso inglese Deepeeka<\/p>\n<ul>\n<li>Realizzato a mano in acciaio lucido<\/li>\n<li>Fodera in pelle regolabile.<\/li>\n<li>Completamente funzionante.<\/li>\n<li>Spessore dell'acciaio 1,5 mm.<\/li>\n<li>Interno da fronte a retro: 22 cm - Interno da orecchio a orecchio: 20 cm - Altezza: 39 cm<\/li>\n<\/ul>","protected":false},"featured_media":26473,"template":"","meta":[],"product_brand":[896],"product_cat":[25,89,43],"product_tag":[],"class_list":{"0":"post-26472","1":"product","2":"type-product","3":"status-publish","4":"has-post-thumbnail","6":"product_brand-replique-manga-cine","7":"product_cat-armes-historiques","8":"product_cat-heaume-casque-chevalier-templier","9":"product_cat-reproductions-d-armes-et-accessoires-medievales","11":"first","12":"outofstock","13":"taxable","14":"shipping-taxable","15":"purchasable","16":"product-type-simple"},"yoast_head":"<!-- This site is optimized with the Yoast SEO plugin v27.4 - https:\/\/yoast.com\/product\/yoast-seo-wordpress\/ -->\n<title>Armet casque d&#039;armure anglaise - Vente heaume m\u00e9di\u00e9val |RMC<\/title>\n<meta name=\"description\" content=\"D\u00e9couvrez ! Cet Armet casque d&#039;armure anglaise au meilleur prix - Fabriqu\u00e9 \u00e0 la main - Acier poli - Fonctionnel - \u00c9paisseur acier 1.5mm - Doublure cuir\" \/>\n<meta name=\"robots\" content=\"index, follow, max-snippet:-1, max-image-preview:large, max-video-preview:-1\" \/>\n<link rel=\"canonical\" href=\"https:\/\/repliquemangacine.fr\/it\/elmo-cavaliere-templare\/elmo-in-armatura-inglese-armet\/\" \/>\n<meta property=\"og:locale\" content=\"it_IT\" \/>\n<meta property=\"og:type\" content=\"article\" \/>\n<meta property=\"og:title\" content=\"Armet casque d&#039;armure anglaise - Vente heaume m\u00e9di\u00e9val |RMC\" \/>\n<meta property=\"og:description\" content=\"D\u00e9couvrez ! Cet Armet casque d&#039;armure anglaise au meilleur prix - Fabriqu\u00e9 \u00e0 la main - Acier poli - Fonctionnel - \u00c9paisseur acier 1.5mm - Doublure cuir\" \/>\n<meta property=\"og:url\" content=\"https:\/\/repliquemangacine.fr\/it\/elmo-cavaliere-templare\/elmo-in-armatura-inglese-armet\/\" \/>\n<meta property=\"og:site_name\" content=\"R\u00e9plique Manga Cin\u00e9\" \/>\n<meta property=\"article:publisher\" content=\"https:\/\/www.facebook.com\/RepliqueMangaCine\" \/>\n<meta property=\"article:modified_time\" content=\"2026-02-24T14:27:23+00:00\" \/>\n<meta property=\"og:image\" content=\"https:\/\/repliquemangacine.fr\/wp-content\/uploads\/2023\/10\/1642-Armet-Anglais-Casque-dArmure.jpg\" \/>\n\t<meta property=\"og:image:width\" content=\"600\" \/>\n\t<meta property=\"og:image:height\" content=\"600\" \/>\n\t<meta property=\"og:image:type\" content=\"image\/jpeg\" \/>\n<meta name=\"twitter:card\" content=\"summary_large_image\" \/>\n<meta name=\"twitter:label1\" content=\"Tempo di lettura stimato\" \/>\n\t<meta name=\"twitter:data1\" content=\"2 minuti\" \/>\n<script type=\"application\/ld+json\" class=\"yoast-schema-graph\">{\"@context\":\"https:\\\/\\\/schema.org\",\"@graph\":[{\"@type\":\"WebPage\",\"@id\":\"https:\\\/\\\/repliquemangacine.fr\\\/de\\\/helm-helm-ritter-templer\\\/armet-helm-einer-englischen-rustung\\\/\",\"url\":\"https:\\\/\\\/repliquemangacine.fr\\\/de\\\/helm-helm-ritter-templer\\\/armet-helm-einer-englischen-rustung\\\/\",\"name\":\"Armet casque d'armure anglaise - Vente heaume m\u00e9di\u00e9val |RMC\",\"isPartOf\":{\"@id\":\"https:\\\/\\\/repliquemangacine.fr\\\/#website\"},\"primaryImageOfPage\":{\"@id\":\"https:\\\/\\\/repliquemangacine.fr\\\/de\\\/helm-helm-ritter-templer\\\/armet-helm-einer-englischen-rustung\\\/#primaryimage\"},\"image\":{\"@id\":\"https:\\\/\\\/repliquemangacine.fr\\\/de\\\/helm-helm-ritter-templer\\\/armet-helm-einer-englischen-rustung\\\/#primaryimage\"},\"thumbnailUrl\":\"https:\\\/\\\/repliquemangacine.fr\\\/wp-content\\\/uploads\\\/2023\\\/10\\\/1642-Armet-Anglais-Casque-dArmure.jpg\",\"datePublished\":\"2016-11-25T15:50:07+00:00\",\"dateModified\":\"2026-02-24T14:27:23+00:00\",\"description\":\"D\u00e9couvrez ! Cet Armet casque d'armure anglaise au meilleur prix - Fabriqu\u00e9 \u00e0 la main - Acier poli - Fonctionnel - \u00c9paisseur acier 1.5mm - Doublure cuir\",\"breadcrumb\":{\"@id\":\"https:\\\/\\\/repliquemangacine.fr\\\/de\\\/helm-helm-ritter-templer\\\/armet-helm-einer-englischen-rustung\\\/#breadcrumb\"},\"inLanguage\":\"it-IT\",\"potentialAction\":[{\"@type\":\"ReadAction\",\"target\":[\"https:\\\/\\\/repliquemangacine.fr\\\/de\\\/helm-helm-ritter-templer\\\/armet-helm-einer-englischen-rustung\\\/\"]}]},{\"@type\":\"ImageObject\",\"inLanguage\":\"it-IT\",\"@id\":\"https:\\\/\\\/repliquemangacine.fr\\\/de\\\/helm-helm-ritter-templer\\\/armet-helm-einer-englischen-rustung\\\/#primaryimage\",\"url\":\"https:\\\/\\\/repliquemangacine.fr\\\/wp-content\\\/uploads\\\/2023\\\/10\\\/1642-Armet-Anglais-Casque-dArmure.jpg\",\"contentUrl\":\"https:\\\/\\\/repliquemangacine.fr\\\/wp-content\\\/uploads\\\/2023\\\/10\\\/1642-Armet-Anglais-Casque-dArmure.jpg\",\"width\":600,\"height\":600,\"caption\":\"Armet Anglais - Casque d'Armure\"},{\"@type\":\"BreadcrumbList\",\"@id\":\"https:\\\/\\\/repliquemangacine.fr\\\/de\\\/helm-helm-ritter-templer\\\/armet-helm-einer-englischen-rustung\\\/#breadcrumb\",\"itemListElement\":[{\"@type\":\"ListItem\",\"position\":1,\"name\":\"Accueil\",\"item\":\"https:\\\/\\\/repliquemangacine.fr\\\/\"},{\"@type\":\"ListItem\",\"position\":2,\"name\":\"Produits\",\"item\":\"https:\\\/\\\/repliquemangacine.fr\\\/boutique\\\/\"},{\"@type\":\"ListItem\",\"position\":3,\"name\":\"Armet Casque d&#8217;Armure anglais\"}]},{\"@type\":\"WebSite\",\"@id\":\"https:\\\/\\\/repliquemangacine.fr\\\/#website\",\"url\":\"https:\\\/\\\/repliquemangacine.fr\\\/\",\"name\":\"R\u00e9plique Manga Cin\u00e9\",\"description\":\"\",\"publisher\":{\"@id\":\"https:\\\/\\\/repliquemangacine.fr\\\/#organization\"},\"potentialAction\":[{\"@type\":\"SearchAction\",\"target\":{\"@type\":\"EntryPoint\",\"urlTemplate\":\"https:\\\/\\\/repliquemangacine.fr\\\/?s={search_term_string}\"},\"query-input\":{\"@type\":\"PropertyValueSpecification\",\"valueRequired\":true,\"valueName\":\"search_term_string\"}}],\"inLanguage\":\"it-IT\"},{\"@type\":\"Organization\",\"@id\":\"https:\\\/\\\/repliquemangacine.fr\\\/#organization\",\"name\":\"R\u00e9plique Manga Cin\u00e9\",\"url\":\"https:\\\/\\\/repliquemangacine.fr\\\/\",\"logo\":{\"@type\":\"ImageObject\",\"inLanguage\":\"it-IT\",\"@id\":\"https:\\\/\\\/repliquemangacine.fr\\\/#\\\/schema\\\/logo\\\/image\\\/\",\"url\":\"https:\\\/\\\/repliquemangacine.fr\\\/wp-content\\\/uploads\\\/2023\\\/10\\\/RMC-500250.png\",\"contentUrl\":\"https:\\\/\\\/repliquemangacine.fr\\\/wp-content\\\/uploads\\\/2023\\\/10\\\/RMC-500250.png\",\"width\":500,\"height\":250,\"caption\":\"R\u00e9plique Manga Cin\u00e9\"},\"image\":{\"@id\":\"https:\\\/\\\/repliquemangacine.fr\\\/#\\\/schema\\\/logo\\\/image\\\/\"},\"sameAs\":[\"https:\\\/\\\/www.facebook.com\\\/RepliqueMangaCine\",\"https:\\\/\\\/www.instagram.com\\\/repliquemangacine.fr\\\/\"]}]}<\/script>\n<!-- \/ Yoast SEO plugin. -->","yoast_head_json":{"title":"Elmo inglese - Elmo medievale in vendita |RMC","description":"Guarda qui! Questo elmo dell'armatura inglese Armet al miglior prezzo - Fatto a mano - Acciaio lucidato - Funzionale - Spessore dell'acciaio 1,5 mm - Fodera in pelle","robots":{"index":"index","follow":"follow","max-snippet":"max-snippet:-1","max-image-preview":"max-image-preview:large","max-video-preview":"max-video-preview:-1"},"canonical":"https:\/\/repliquemangacine.fr\/it\/elmo-cavaliere-templare\/elmo-in-armatura-inglese-armet\/","og_locale":"it_IT","og_type":"article","og_title":"Armet casque d'armure anglaise - Vente heaume m\u00e9di\u00e9val |RMC","og_description":"D\u00e9couvrez ! Cet Armet casque d'armure anglaise au meilleur prix - Fabriqu\u00e9 \u00e0 la main - Acier poli - Fonctionnel - \u00c9paisseur acier 1.5mm - Doublure cuir","og_url":"https:\/\/repliquemangacine.fr\/it\/elmo-cavaliere-templare\/elmo-in-armatura-inglese-armet\/","og_site_name":"R\u00e9plique Manga Cin\u00e9","article_publisher":"https:\/\/www.facebook.com\/RepliqueMangaCine","article_modified_time":"2026-02-24T14:27:23+00:00","og_image":[{"width":600,"height":600,"url":"https:\/\/repliquemangacine.fr\/wp-content\/uploads\/2023\/10\/1642-Armet-Anglais-Casque-dArmure.jpg","type":"image\/jpeg"}],"twitter_card":"summary_large_image","twitter_misc":{"Tempo di lettura stimato":"2 minuti"},"schema":{"@context":"https:\/\/schema.org","@graph":[{"@type":"WebPage","@id":"https:\/\/repliquemangacine.fr\/de\/helm-helm-ritter-templer\/armet-helm-einer-englischen-rustung\/","url":"https:\/\/repliquemangacine.fr\/de\/helm-helm-ritter-templer\/armet-helm-einer-englischen-rustung\/","name":"Elmo inglese - Elmo medievale in vendita |RMC","isPartOf":{"@id":"https:\/\/repliquemangacine.fr\/#website"},"primaryImageOfPage":{"@id":"https:\/\/repliquemangacine.fr\/de\/helm-helm-ritter-templer\/armet-helm-einer-englischen-rustung\/#primaryimage"},"image":{"@id":"https:\/\/repliquemangacine.fr\/de\/helm-helm-ritter-templer\/armet-helm-einer-englischen-rustung\/#primaryimage"},"thumbnailUrl":"https:\/\/repliquemangacine.fr\/wp-content\/uploads\/2023\/10\/1642-Armet-Anglais-Casque-dArmure.jpg","datePublished":"2016-11-25T15:50:07+00:00","dateModified":"2026-02-24T14:27:23+00:00","description":"Guarda qui! Questo elmo dell'armatura inglese Armet al miglior prezzo - Fatto a mano - Acciaio lucidato - Funzionale - Spessore dell'acciaio 1,5 mm - Fodera in pelle","breadcrumb":{"@id":"https:\/\/repliquemangacine.fr\/de\/helm-helm-ritter-templer\/armet-helm-einer-englischen-rustung\/#breadcrumb"},"inLanguage":"it-IT","potentialAction":[{"@type":"ReadAction","target":["https:\/\/repliquemangacine.fr\/de\/helm-helm-ritter-templer\/armet-helm-einer-englischen-rustung\/"]}]},{"@type":"ImageObject","inLanguage":"it-IT","@id":"https:\/\/repliquemangacine.fr\/de\/helm-helm-ritter-templer\/armet-helm-einer-englischen-rustung\/#primaryimage","url":"https:\/\/repliquemangacine.fr\/wp-content\/uploads\/2023\/10\/1642-Armet-Anglais-Casque-dArmure.jpg","contentUrl":"https:\/\/repliquemangacine.fr\/wp-content\/uploads\/2023\/10\/1642-Armet-Anglais-Casque-dArmure.jpg","width":600,"height":600,"caption":"Armet Anglais - Casque d'Armure"},{"@type":"BreadcrumbList","@id":"https:\/\/repliquemangacine.fr\/de\/helm-helm-ritter-templer\/armet-helm-einer-englischen-rustung\/#breadcrumb","itemListElement":[{"@type":"ListItem","position":1,"name":"Accueil","item":"https:\/\/repliquemangacine.fr\/"},{"@type":"ListItem","position":2,"name":"Produits","item":"https:\/\/repliquemangacine.fr\/boutique\/"},{"@type":"ListItem","position":3,"name":"Armet Casque d&#8217;Armure anglais"}]},{"@type":"WebSite","@id":"https:\/\/repliquemangacine.fr\/#website","url":"https:\/\/repliquemangacine.fr\/","name":"R\u00e9plique Manga Cin\u00e9","description":"","publisher":{"@id":"https:\/\/repliquemangacine.fr\/#organization"},"potentialAction":[{"@type":"SearchAction","target":{"@type":"EntryPoint","urlTemplate":"https:\/\/repliquemangacine.fr\/?s={search_term_string}"},"query-input":{"@type":"PropertyValueSpecification","valueRequired":true,"valueName":"search_term_string"}}],"inLanguage":"it-IT"},{"@type":"Organization","@id":"https:\/\/repliquemangacine.fr\/#organization","name":"R\u00e9plique Manga Cin\u00e9","url":"https:\/\/repliquemangacine.fr\/","logo":{"@type":"ImageObject","inLanguage":"it-IT","@id":"https:\/\/repliquemangacine.fr\/#\/schema\/logo\/image\/","url":"https:\/\/repliquemangacine.fr\/wp-content\/uploads\/2023\/10\/RMC-500250.png","contentUrl":"https:\/\/repliquemangacine.fr\/wp-content\/uploads\/2023\/10\/RMC-500250.png","width":500,"height":250,"caption":"R\u00e9plique Manga Cin\u00e9"},"image":{"@id":"https:\/\/repliquemangacine.fr\/#\/schema\/logo\/image\/"},"sameAs":["https:\/\/www.facebook.com\/RepliqueMangaCine","https:\/\/www.instagram.com\/repliquemangacine.fr\/"]}]}},"_links":{"self":[{"href":"https:\/\/repliquemangacine.fr\/it\/wp-json\/wp\/v2\/product\/26472","targetHints":{"allow":["GET"]}}],"collection":[{"href":"https:\/\/repliquemangacine.fr\/it\/wp-json\/wp\/v2\/product"}],"about":[{"href":"https:\/\/repliquemangacine.fr\/it\/wp-json\/wp\/v2\/types\/product"}],"wp:featuredmedia":[{"embeddable":true,"href":"https:\/\/repliquemangacine.fr\/it\/wp-json\/wp\/v2\/media\/26473"}],"wp:attachment":[{"href":"https:\/\/repliquemangacine.fr\/it\/wp-json\/wp\/v2\/media?parent=26472"}],"wp:term":[{"taxonomy":"product_brand","embeddable":true,"href":"https:\/\/repliquemangacine.fr\/it\/wp-json\/wp\/v2\/product_brand?post=26472"},{"taxonomy":"product_cat","embeddable":true,"href":"https:\/\/repliquemangacine.fr\/it\/wp-json\/wp\/v2\/product_cat?post=26472"},{"taxonomy":"product_tag","embeddable":true,"href":"https:\/\/repliquemangacine.fr\/it\/wp-json\/wp\/v2\/product_tag?post=26472"}],"curies":[{"name":"wp","href":"https:\/\/api.w.org\/{rel}","templated":true}]}}