





{"id":26468,"date":"2016-11-24T21:41:16","date_gmt":"2016-11-24T20:41:16","guid":{"rendered":"https:\/\/repliquemangacine.fr\/?post_type=product&#038;p=26468"},"modified":"2026-04-15T13:06:28","modified_gmt":"2026-04-15T11:06:28","slug":"coltello-da-combattimento-usmc-ka-bar","status":"publish","type":"product","link":"https:\/\/repliquemangacine.fr\/it\/dagues-et-accessoires-seconde-guerre-mondiale-materiels-militaria\/couteau-de-combat-usmc-ka-bar\/","title":{"rendered":"Coltello da combattimento KA-BAR USMC"},"content":{"rendered":"<h2>Replica del coltello da combattimento USMC KA-BAR Camillus<\/h2>\n<p>Per cominciare, il KA-BAR Combat Knife dell'USMC \u00e8 un pugnale da combattimento prodotto dalla Camillus Cutlery Company. L'azienda ha prodotto milioni di coltelli fino alla dichiarazione di fallimento nel 2007. Il suo marchio e i diritti di propriet\u00e0 intellettuale sono stati acquistati da Acme United Corporation, che ha rilanciato il marchio Camillus nel maggio 2009.<\/p>\n<p>Durante la Seconda Guerra Mondiale, Camillus ha spedito pi\u00f9 di 13 milioni di coltelli di vari stili alle truppe alleate. Nel 1942, gli ufficiali del Corpo dei Marines degli Stati Uniti, il colonnello John M. Davis e il maggiore Howard E. America, collaborarono con Camillus per sviluppare una gamma di coltelli. <a href=\"https:\/\/en.wikipedia.org\/wiki\/Camillus_Cutlery_Company\">Camillo<\/a>.<\/p>\n<p>Svilupparono il coltello da combattimento KA-BAR. Dopo numerosi test, il prototipo KA-BAR fu raccomandato per l'adozione e Camillus si aggiudic\u00f2 il primo contratto per la produzione del KA-BAR per il Corpo dei Marines.<\/p>\n<p>Durante la guerra, Camillus produsse anche coltelli da combattimento M3, baionette M4 e molti altri coltelli utili per le forze americane, compresi i machete.<\/p>\n<p>KA-BAR \u00e8 il nome popolare contemporaneo del coltello da combattimento adottato per la prima volta dal Corpo dei Marines degli Stati Uniti nel novembre 1942 con il nome di coltello da combattimento 1219C2.<\/p>\n<h3>Offriamo un'ampia gamma di riproduzioni di armi storiche.<\/h3>\n<p>Innanzitutto,<\/p>\n<ul>\n<li>La riproduzione del modello originale del<a href=\"https:\/\/repliquemangacine.fr\/it\/attrezzature-militari\/baionetta-mauser-k98\/\"> Baionetta tedesca<\/a> per il fucile Mauser.<\/li>\n<li>C'\u00e8 anche il <a href=\"https:\/\/repliquemangacine.fr\/it\/attrezzature-militari\/fodero-per-coltello-da-trincea-usm3-m8\/\">Pugnale da combattimento<\/a> M3 americano del 1943 e il suo fodero M8 americano.<\/li>\n<li>Cos\u00ec come il <a href=\"https:\/\/repliquemangacine.fr\/it\/attrezzature-militari\/baionnette-garand-m1-st-son-fourreau-m3\/\">Baionetta Garand M1<\/a> Pacific modello 1942 e il suo fodero M3<\/li>\n<li>E molto altro ancora!<\/li>\n<\/ul>\n<p>Ecco perch\u00e9 si tratta di un'ottima idea regalo per tutti gli amanti delle armi storiche.<\/p>\n<h3>Potete utilizzare questo coltello da combattimento USMC KA-BAR per le vostre rievocazioni storiche.<\/h3>\n<p>Soprattutto, quest'arma \u00e8 un oggetto da collezione e un pezzo decorativo.<\/p>\n<p>R\u00e9plique Manga Cin\u00e9 \u00e8 un'azienda francese.<\/p>\n<p><strong>Desideriamo richiamare la vostra attenzione sull'autenticit\u00e0 di tutte queste repliche. Le forze dell'ordine le identificheranno come armi vere e reagiranno di conseguenza. \u00c8 quindi molto importante non andare in luoghi pubblici con queste repliche. Si prega di notare che le armi presentate sono riproduzioni non funzionanti, non adatte al tiro. Queste repliche sono destinate alla rievocazione storica e alla decorazione.<\/strong><\/p>","protected":false},"excerpt":{"rendered":"<p>Riproduzione del coltello da combattimento Camillus dell'esercito americano.<\/p>\n<ul>\n<li>Lama larga in acciaio, affilata e trattata per evitare i riflessi.<\/li>\n<li>Manico in vera pelle.<\/li>\n<li>Elsa e pomo in acciaio.<\/li>\n<li>Custodia rigida da cintura in vera pelle.<\/li>\n<li>Lunghezza lama: 17,7 cm - Lunghezza totale: 31,2 cm - Peso: 295 gr.<\/li>\n<\/ul>","protected":false},"featured_media":26469,"template":"","meta":[],"product_brand":[896],"product_cat":[25,54,85],"product_tag":[],"class_list":{"0":"post-26468","1":"product","2":"type-product","3":"status-publish","4":"has-post-thumbnail","6":"product_brand-replique-manga-cine","7":"product_cat-armes-historiques","8":"product_cat-armes-accessoires-guerre-mondiale","9":"product_cat-dagues-et-accessoires-seconde-guerre-mondiale-materiels-militaria","11":"first","12":"instock","13":"taxable","14":"shipping-taxable","15":"purchasable","16":"product-type-simple"},"yoast_head":"<!-- This site is optimized with the Yoast SEO plugin v27.4 - https:\/\/yoast.com\/product\/yoast-seo-wordpress\/ -->\n<title>Couteau de Combat USMC KA-BAR - R\u00e9plique Manga Cin\u00e9<\/title>\n<meta name=\"description\" content=\"Superbe r\u00e9plique du Couteau de Combat USMC KA-BAR \u00e0 une lame trait\u00e9e et aff\u00fbt\u00e9e, la poign\u00e9e est en cuir v\u00e9ritable au prix de 30.90\u20ac\" \/>\n<meta name=\"robots\" content=\"index, follow, max-snippet:-1, max-image-preview:large, max-video-preview:-1\" \/>\n<link rel=\"canonical\" href=\"https:\/\/repliquemangacine.fr\/it\/pugnali-e-accessori-materiale-militare-della-seconda-guerra-mondiale\/coltello-da-combattimento-usmc-ka-bar\/\" \/>\n<meta property=\"og:locale\" content=\"it_IT\" \/>\n<meta property=\"og:type\" content=\"article\" \/>\n<meta property=\"og:title\" content=\"Couteau de Combat USMC KA-BAR - R\u00e9plique Manga Cin\u00e9\" \/>\n<meta property=\"og:description\" content=\"Superbe r\u00e9plique du Couteau de Combat USMC KA-BAR \u00e0 une lame trait\u00e9e et aff\u00fbt\u00e9e, la poign\u00e9e est en cuir v\u00e9ritable au prix de 30.90\u20ac\" \/>\n<meta property=\"og:url\" content=\"https:\/\/repliquemangacine.fr\/it\/pugnali-e-accessori-materiale-militare-della-seconda-guerra-mondiale\/coltello-da-combattimento-usmc-ka-bar\/\" \/>\n<meta property=\"og:site_name\" content=\"R\u00e9plique Manga Cin\u00e9\" \/>\n<meta property=\"article:publisher\" content=\"https:\/\/www.facebook.com\/RepliqueMangaCine\" \/>\n<meta property=\"article:modified_time\" content=\"2026-04-15T11:06:28+00:00\" \/>\n<meta property=\"og:image\" content=\"https:\/\/repliquemangacine.fr\/wp-content\/uploads\/2023\/10\/1145-Couteau-de-Combat-US-Army-Camillus.jpg\" \/>\n\t<meta property=\"og:image:width\" content=\"800\" \/>\n\t<meta property=\"og:image:height\" content=\"800\" \/>\n\t<meta property=\"og:image:type\" content=\"image\/jpeg\" \/>\n<meta name=\"twitter:card\" content=\"summary_large_image\" \/>\n<meta name=\"twitter:label1\" content=\"Tempo di lettura stimato\" \/>\n\t<meta name=\"twitter:data1\" content=\"2 minuti\" \/>\n<script type=\"application\/ld+json\" class=\"yoast-schema-graph\">{\"@context\":\"https:\\\/\\\/schema.org\",\"@graph\":[{\"@type\":\"WebPage\",\"@id\":\"https:\\\/\\\/repliquemangacine.fr\\\/dagues-et-accessoires-seconde-guerre-mondiale-materiels-militaria\\\/couteau-de-combat-usmc-ka-bar\\\/\",\"url\":\"https:\\\/\\\/repliquemangacine.fr\\\/dagues-et-accessoires-seconde-guerre-mondiale-materiels-militaria\\\/couteau-de-combat-usmc-ka-bar\\\/\",\"name\":\"Couteau de Combat USMC KA-BAR - R\u00e9plique Manga Cin\u00e9\",\"isPartOf\":{\"@id\":\"https:\\\/\\\/repliquemangacine.fr\\\/#website\"},\"primaryImageOfPage\":{\"@id\":\"https:\\\/\\\/repliquemangacine.fr\\\/dagues-et-accessoires-seconde-guerre-mondiale-materiels-militaria\\\/couteau-de-combat-usmc-ka-bar\\\/#primaryimage\"},\"image\":{\"@id\":\"https:\\\/\\\/repliquemangacine.fr\\\/dagues-et-accessoires-seconde-guerre-mondiale-materiels-militaria\\\/couteau-de-combat-usmc-ka-bar\\\/#primaryimage\"},\"thumbnailUrl\":\"https:\\\/\\\/repliquemangacine.fr\\\/wp-content\\\/uploads\\\/2023\\\/10\\\/1145-Couteau-de-Combat-US-Army-Camillus.jpg\",\"datePublished\":\"2016-11-24T20:41:16+00:00\",\"dateModified\":\"2026-04-15T11:06:28+00:00\",\"description\":\"Superbe r\u00e9plique du Couteau de Combat USMC KA-BAR \u00e0 une lame trait\u00e9e et aff\u00fbt\u00e9e, la poign\u00e9e est en cuir v\u00e9ritable au prix de 30.90\u20ac\",\"breadcrumb\":{\"@id\":\"https:\\\/\\\/repliquemangacine.fr\\\/dagues-et-accessoires-seconde-guerre-mondiale-materiels-militaria\\\/couteau-de-combat-usmc-ka-bar\\\/#breadcrumb\"},\"inLanguage\":\"it-IT\",\"potentialAction\":[{\"@type\":\"ReadAction\",\"target\":[\"https:\\\/\\\/repliquemangacine.fr\\\/dagues-et-accessoires-seconde-guerre-mondiale-materiels-militaria\\\/couteau-de-combat-usmc-ka-bar\\\/\"]}]},{\"@type\":\"ImageObject\",\"inLanguage\":\"it-IT\",\"@id\":\"https:\\\/\\\/repliquemangacine.fr\\\/dagues-et-accessoires-seconde-guerre-mondiale-materiels-militaria\\\/couteau-de-combat-usmc-ka-bar\\\/#primaryimage\",\"url\":\"https:\\\/\\\/repliquemangacine.fr\\\/wp-content\\\/uploads\\\/2023\\\/10\\\/1145-Couteau-de-Combat-US-Army-Camillus.jpg\",\"contentUrl\":\"https:\\\/\\\/repliquemangacine.fr\\\/wp-content\\\/uploads\\\/2023\\\/10\\\/1145-Couteau-de-Combat-US-Army-Camillus.jpg\",\"width\":800,\"height\":800,\"caption\":\"Couteau de Combat US Army Camillus\"},{\"@type\":\"BreadcrumbList\",\"@id\":\"https:\\\/\\\/repliquemangacine.fr\\\/dagues-et-accessoires-seconde-guerre-mondiale-materiels-militaria\\\/couteau-de-combat-usmc-ka-bar\\\/#breadcrumb\",\"itemListElement\":[{\"@type\":\"ListItem\",\"position\":1,\"name\":\"Accueil\",\"item\":\"https:\\\/\\\/repliquemangacine.fr\\\/\"},{\"@type\":\"ListItem\",\"position\":2,\"name\":\"Produits\",\"item\":\"https:\\\/\\\/repliquemangacine.fr\\\/boutique\\\/\"},{\"@type\":\"ListItem\",\"position\":3,\"name\":\"Couteau de Combat USMC KA-BAR\"}]},{\"@type\":\"WebSite\",\"@id\":\"https:\\\/\\\/repliquemangacine.fr\\\/#website\",\"url\":\"https:\\\/\\\/repliquemangacine.fr\\\/\",\"name\":\"R\u00e9plique Manga Cin\u00e9\",\"description\":\"\",\"publisher\":{\"@id\":\"https:\\\/\\\/repliquemangacine.fr\\\/#organization\"},\"potentialAction\":[{\"@type\":\"SearchAction\",\"target\":{\"@type\":\"EntryPoint\",\"urlTemplate\":\"https:\\\/\\\/repliquemangacine.fr\\\/?s={search_term_string}\"},\"query-input\":{\"@type\":\"PropertyValueSpecification\",\"valueRequired\":true,\"valueName\":\"search_term_string\"}}],\"inLanguage\":\"it-IT\"},{\"@type\":\"Organization\",\"@id\":\"https:\\\/\\\/repliquemangacine.fr\\\/#organization\",\"name\":\"R\u00e9plique Manga Cin\u00e9\",\"url\":\"https:\\\/\\\/repliquemangacine.fr\\\/\",\"logo\":{\"@type\":\"ImageObject\",\"inLanguage\":\"it-IT\",\"@id\":\"https:\\\/\\\/repliquemangacine.fr\\\/#\\\/schema\\\/logo\\\/image\\\/\",\"url\":\"https:\\\/\\\/repliquemangacine.fr\\\/wp-content\\\/uploads\\\/2023\\\/10\\\/RMC-500250.png\",\"contentUrl\":\"https:\\\/\\\/repliquemangacine.fr\\\/wp-content\\\/uploads\\\/2023\\\/10\\\/RMC-500250.png\",\"width\":500,\"height\":250,\"caption\":\"R\u00e9plique Manga Cin\u00e9\"},\"image\":{\"@id\":\"https:\\\/\\\/repliquemangacine.fr\\\/#\\\/schema\\\/logo\\\/image\\\/\"},\"sameAs\":[\"https:\\\/\\\/www.facebook.com\\\/RepliqueMangaCine\",\"https:\\\/\\\/www.instagram.com\\\/repliquemangacine.fr\\\/\"]}]}<\/script>\n<!-- \/ Yoast SEO plugin. -->","yoast_head_json":{"title":"Coltello da combattimento USMC KA-BAR - R\u00e9plique Manga Cin\u00e9","description":"Superba replica del coltello da combattimento USMC KA-BAR con lama trattata e affilata, il manico \u00e8 in vera pelle al prezzo di 30,90\u20ac.","robots":{"index":"index","follow":"follow","max-snippet":"max-snippet:-1","max-image-preview":"max-image-preview:large","max-video-preview":"max-video-preview:-1"},"canonical":"https:\/\/repliquemangacine.fr\/it\/pugnali-e-accessori-materiale-militare-della-seconda-guerra-mondiale\/coltello-da-combattimento-usmc-ka-bar\/","og_locale":"it_IT","og_type":"article","og_title":"Couteau de Combat USMC KA-BAR - R\u00e9plique Manga Cin\u00e9","og_description":"Superbe r\u00e9plique du Couteau de Combat USMC KA-BAR \u00e0 une lame trait\u00e9e et aff\u00fbt\u00e9e, la poign\u00e9e est en cuir v\u00e9ritable au prix de 30.90\u20ac","og_url":"https:\/\/repliquemangacine.fr\/it\/pugnali-e-accessori-materiale-militare-della-seconda-guerra-mondiale\/coltello-da-combattimento-usmc-ka-bar\/","og_site_name":"R\u00e9plique Manga Cin\u00e9","article_publisher":"https:\/\/www.facebook.com\/RepliqueMangaCine","article_modified_time":"2026-04-15T11:06:28+00:00","og_image":[{"width":800,"height":800,"url":"https:\/\/repliquemangacine.fr\/wp-content\/uploads\/2023\/10\/1145-Couteau-de-Combat-US-Army-Camillus.jpg","type":"image\/jpeg"}],"twitter_card":"summary_large_image","twitter_misc":{"Tempo di lettura stimato":"2 minuti"},"schema":{"@context":"https:\/\/schema.org","@graph":[{"@type":"WebPage","@id":"https:\/\/repliquemangacine.fr\/dagues-et-accessoires-seconde-guerre-mondiale-materiels-militaria\/couteau-de-combat-usmc-ka-bar\/","url":"https:\/\/repliquemangacine.fr\/dagues-et-accessoires-seconde-guerre-mondiale-materiels-militaria\/couteau-de-combat-usmc-ka-bar\/","name":"Coltello da combattimento USMC KA-BAR - R\u00e9plique Manga Cin\u00e9","isPartOf":{"@id":"https:\/\/repliquemangacine.fr\/#website"},"primaryImageOfPage":{"@id":"https:\/\/repliquemangacine.fr\/dagues-et-accessoires-seconde-guerre-mondiale-materiels-militaria\/couteau-de-combat-usmc-ka-bar\/#primaryimage"},"image":{"@id":"https:\/\/repliquemangacine.fr\/dagues-et-accessoires-seconde-guerre-mondiale-materiels-militaria\/couteau-de-combat-usmc-ka-bar\/#primaryimage"},"thumbnailUrl":"https:\/\/repliquemangacine.fr\/wp-content\/uploads\/2023\/10\/1145-Couteau-de-Combat-US-Army-Camillus.jpg","datePublished":"2016-11-24T20:41:16+00:00","dateModified":"2026-04-15T11:06:28+00:00","description":"Superba replica del coltello da combattimento USMC KA-BAR con lama trattata e affilata, il manico \u00e8 in vera pelle al prezzo di 30,90\u20ac.","breadcrumb":{"@id":"https:\/\/repliquemangacine.fr\/dagues-et-accessoires-seconde-guerre-mondiale-materiels-militaria\/couteau-de-combat-usmc-ka-bar\/#breadcrumb"},"inLanguage":"it-IT","potentialAction":[{"@type":"ReadAction","target":["https:\/\/repliquemangacine.fr\/dagues-et-accessoires-seconde-guerre-mondiale-materiels-militaria\/couteau-de-combat-usmc-ka-bar\/"]}]},{"@type":"ImageObject","inLanguage":"it-IT","@id":"https:\/\/repliquemangacine.fr\/dagues-et-accessoires-seconde-guerre-mondiale-materiels-militaria\/couteau-de-combat-usmc-ka-bar\/#primaryimage","url":"https:\/\/repliquemangacine.fr\/wp-content\/uploads\/2023\/10\/1145-Couteau-de-Combat-US-Army-Camillus.jpg","contentUrl":"https:\/\/repliquemangacine.fr\/wp-content\/uploads\/2023\/10\/1145-Couteau-de-Combat-US-Army-Camillus.jpg","width":800,"height":800,"caption":"Couteau de Combat US Army Camillus"},{"@type":"BreadcrumbList","@id":"https:\/\/repliquemangacine.fr\/dagues-et-accessoires-seconde-guerre-mondiale-materiels-militaria\/couteau-de-combat-usmc-ka-bar\/#breadcrumb","itemListElement":[{"@type":"ListItem","position":1,"name":"Accueil","item":"https:\/\/repliquemangacine.fr\/"},{"@type":"ListItem","position":2,"name":"Produits","item":"https:\/\/repliquemangacine.fr\/boutique\/"},{"@type":"ListItem","position":3,"name":"Couteau de Combat USMC KA-BAR"}]},{"@type":"WebSite","@id":"https:\/\/repliquemangacine.fr\/#website","url":"https:\/\/repliquemangacine.fr\/","name":"R\u00e9plique Manga Cin\u00e9","description":"","publisher":{"@id":"https:\/\/repliquemangacine.fr\/#organization"},"potentialAction":[{"@type":"SearchAction","target":{"@type":"EntryPoint","urlTemplate":"https:\/\/repliquemangacine.fr\/?s={search_term_string}"},"query-input":{"@type":"PropertyValueSpecification","valueRequired":true,"valueName":"search_term_string"}}],"inLanguage":"it-IT"},{"@type":"Organization","@id":"https:\/\/repliquemangacine.fr\/#organization","name":"R\u00e9plique Manga Cin\u00e9","url":"https:\/\/repliquemangacine.fr\/","logo":{"@type":"ImageObject","inLanguage":"it-IT","@id":"https:\/\/repliquemangacine.fr\/#\/schema\/logo\/image\/","url":"https:\/\/repliquemangacine.fr\/wp-content\/uploads\/2023\/10\/RMC-500250.png","contentUrl":"https:\/\/repliquemangacine.fr\/wp-content\/uploads\/2023\/10\/RMC-500250.png","width":500,"height":250,"caption":"R\u00e9plique Manga Cin\u00e9"},"image":{"@id":"https:\/\/repliquemangacine.fr\/#\/schema\/logo\/image\/"},"sameAs":["https:\/\/www.facebook.com\/RepliqueMangaCine","https:\/\/www.instagram.com\/repliquemangacine.fr\/"]}]}},"_links":{"self":[{"href":"https:\/\/repliquemangacine.fr\/it\/wp-json\/wp\/v2\/product\/26468","targetHints":{"allow":["GET"]}}],"collection":[{"href":"https:\/\/repliquemangacine.fr\/it\/wp-json\/wp\/v2\/product"}],"about":[{"href":"https:\/\/repliquemangacine.fr\/it\/wp-json\/wp\/v2\/types\/product"}],"wp:featuredmedia":[{"embeddable":true,"href":"https:\/\/repliquemangacine.fr\/it\/wp-json\/wp\/v2\/media\/26469"}],"wp:attachment":[{"href":"https:\/\/repliquemangacine.fr\/it\/wp-json\/wp\/v2\/media?parent=26468"}],"wp:term":[{"taxonomy":"product_brand","embeddable":true,"href":"https:\/\/repliquemangacine.fr\/it\/wp-json\/wp\/v2\/product_brand?post=26468"},{"taxonomy":"product_cat","embeddable":true,"href":"https:\/\/repliquemangacine.fr\/it\/wp-json\/wp\/v2\/product_cat?post=26468"},{"taxonomy":"product_tag","embeddable":true,"href":"https:\/\/repliquemangacine.fr\/it\/wp-json\/wp\/v2\/product_tag?post=26468"}],"curies":[{"name":"wp","href":"https:\/\/api.w.org\/{rel}","templated":true}]}}