





{"id":26436,"date":"2016-11-22T19:18:08","date_gmt":"2016-11-22T18:18:08","guid":{"rendered":"https:\/\/repliquemangacine.fr\/?post_type=product&#038;p=26436"},"modified":"2025-09-23T18:01:45","modified_gmt":"2025-09-23T16:01:45","slug":"elmetto-tedesco-stahlhelm-m42","status":"publish","type":"product","link":"https:\/\/repliquemangacine.fr\/it\/dagues-et-accessoires-seconde-guerre-mondiale-materiels-militaria\/casque-allemand-stahlhelm-m42\/","title":{"rendered":"Elmetto tedesco Stahlhelm M42 invecchiato"},"content":{"rendered":"<p>Sebbene fino al 1945 i testi ufficiali facessero riferimento solo allo \"Stahlhelm 1935\", i collezionisti e la maggior parte degli autori hanno preso l'abitudine di dividere questo SH 35 in tre modelli: M35, M40 e M42. Queste denominazioni non hanno nulla di storico. Secondo loro, l'M35, l'M40 e l'M42 si distinguono per una leggera modifica visiva dello scafo, in termini di prese d'aria o di bordo non rovesciato dell'elmetto per l'M42.<\/p>\n<p>A met\u00e0 del 1942 fu introdotta un'altra semplificazione produttiva. Il bordo dell'elmetto, che fino a quel momento era stato girato verso l'interno, era ora lasciato con un bordo pulito. Leggermente curvato verso l'esterno, formava una sorta di grondaia intorno al casco. Nel frattempo i metodi di stampaggio sono progrediti. Siamo passati alla stampa a caldo, che \u00e8 pi\u00f9 veloce e richiede meno passaggi. Ci\u00f2 si riflette nella qualit\u00e0 inferiore della finitura delle calotte dell'M42.<br \/><strong>Questi scafi sono noti come M42 nel mondo delle collezioni.<\/strong><\/p>","protected":false},"excerpt":{"rendered":"<p>Riproduzione dell'elmetto tedesco Stahlhelm noto come \"M42\" per i collezionisti. Calotta in acciaio antico con fori di ventilazione ai lati della bomba. Aspetto autentico. Fodera in pelle. Sottogola in pelle regolabile. Taglia unica<\/p>\n<p>Completamente funzionale per le vostre ricostruzioni<\/p>","protected":false},"featured_media":26437,"template":"","meta":[],"product_brand":[896],"product_cat":[25,54,85],"product_tag":[],"class_list":{"0":"post-26436","1":"product","2":"type-product","3":"status-publish","4":"has-post-thumbnail","6":"product_brand-replique-manga-cine","7":"product_cat-armes-historiques","8":"product_cat-armes-accessoires-guerre-mondiale","9":"product_cat-dagues-et-accessoires-seconde-guerre-mondiale-materiels-militaria","11":"first","12":"instock","13":"taxable","14":"shipping-taxable","15":"purchasable","16":"product-type-simple"},"yoast_head":"<!-- This site is optimized with the Yoast SEO plugin v27.4 - https:\/\/yoast.com\/product\/yoast-seo-wordpress\/ -->\n<title>Reproduction du casque Allemand Stahlhelm M42 - Replique Manga Cine<\/title>\n<meta name=\"description\" content=\"Commandez cette Superbe r\u00e9plique du casque Stahlhelm 1935, dit M42 pour les collectionneurs. Coque en acier, coiffe int\u00e9rieur en cuir. Enti\u00e8rement fonctionnel.\" \/>\n<meta name=\"robots\" content=\"index, follow, max-snippet:-1, max-image-preview:large, max-video-preview:-1\" \/>\n<link rel=\"canonical\" href=\"https:\/\/repliquemangacine.fr\/it\/pugnali-e-accessori-materiale-militare-della-seconda-guerra-mondiale\/elmetto-tedesco-stahlhelm-m42\/\" \/>\n<meta property=\"og:locale\" content=\"it_IT\" \/>\n<meta property=\"og:type\" content=\"article\" \/>\n<meta property=\"og:title\" content=\"Reproduction du casque Allemand Stahlhelm M42 - Replique Manga Cine\" \/>\n<meta property=\"og:description\" content=\"Commandez cette Superbe r\u00e9plique du casque Stahlhelm 1935, dit M42 pour les collectionneurs. Coque en acier, coiffe int\u00e9rieur en cuir. Enti\u00e8rement fonctionnel.\" \/>\n<meta property=\"og:url\" content=\"https:\/\/repliquemangacine.fr\/it\/pugnali-e-accessori-materiale-militare-della-seconda-guerra-mondiale\/elmetto-tedesco-stahlhelm-m42\/\" \/>\n<meta property=\"og:site_name\" content=\"R\u00e9plique Manga Cin\u00e9\" \/>\n<meta property=\"article:publisher\" content=\"https:\/\/www.facebook.com\/RepliqueMangaCine\" \/>\n<meta property=\"article:modified_time\" content=\"2025-09-23T16:01:45+00:00\" \/>\n<meta property=\"og:image\" content=\"https:\/\/repliquemangacine.fr\/wp-content\/uploads\/2023\/10\/3717-Casque-allemand-Stahlhelm-M42-Vieilli.jpg\" \/>\n\t<meta property=\"og:image:width\" content=\"800\" \/>\n\t<meta property=\"og:image:height\" content=\"800\" \/>\n\t<meta property=\"og:image:type\" content=\"image\/jpeg\" \/>\n<meta name=\"twitter:card\" content=\"summary_large_image\" \/>\n<meta name=\"twitter:label1\" content=\"Tempo di lettura stimato\" \/>\n\t<meta name=\"twitter:data1\" content=\"1 minuto\" \/>\n<script type=\"application\/ld+json\" class=\"yoast-schema-graph\">{\"@context\":\"https:\\\/\\\/schema.org\",\"@graph\":[{\"@type\":\"WebPage\",\"@id\":\"https:\\\/\\\/repliquemangacine.fr\\\/dagues-et-accessoires-seconde-guerre-mondiale-materiels-militaria\\\/casque-allemand-stahlhelm-m42\\\/\",\"url\":\"https:\\\/\\\/repliquemangacine.fr\\\/dagues-et-accessoires-seconde-guerre-mondiale-materiels-militaria\\\/casque-allemand-stahlhelm-m42\\\/\",\"name\":\"Reproduction du casque Allemand Stahlhelm M42 - Replique Manga Cine\",\"isPartOf\":{\"@id\":\"https:\\\/\\\/repliquemangacine.fr\\\/#website\"},\"primaryImageOfPage\":{\"@id\":\"https:\\\/\\\/repliquemangacine.fr\\\/dagues-et-accessoires-seconde-guerre-mondiale-materiels-militaria\\\/casque-allemand-stahlhelm-m42\\\/#primaryimage\"},\"image\":{\"@id\":\"https:\\\/\\\/repliquemangacine.fr\\\/dagues-et-accessoires-seconde-guerre-mondiale-materiels-militaria\\\/casque-allemand-stahlhelm-m42\\\/#primaryimage\"},\"thumbnailUrl\":\"https:\\\/\\\/repliquemangacine.fr\\\/wp-content\\\/uploads\\\/2023\\\/10\\\/3717-Casque-allemand-Stahlhelm-M42-Vieilli.jpg\",\"datePublished\":\"2016-11-22T18:18:08+00:00\",\"dateModified\":\"2025-09-23T16:01:45+00:00\",\"description\":\"Commandez cette Superbe r\u00e9plique du casque Stahlhelm 1935, dit M42 pour les collectionneurs. Coque en acier, coiffe int\u00e9rieur en cuir. Enti\u00e8rement fonctionnel.\",\"breadcrumb\":{\"@id\":\"https:\\\/\\\/repliquemangacine.fr\\\/dagues-et-accessoires-seconde-guerre-mondiale-materiels-militaria\\\/casque-allemand-stahlhelm-m42\\\/#breadcrumb\"},\"inLanguage\":\"it-IT\",\"potentialAction\":[{\"@type\":\"ReadAction\",\"target\":[\"https:\\\/\\\/repliquemangacine.fr\\\/dagues-et-accessoires-seconde-guerre-mondiale-materiels-militaria\\\/casque-allemand-stahlhelm-m42\\\/\"]}]},{\"@type\":\"ImageObject\",\"inLanguage\":\"it-IT\",\"@id\":\"https:\\\/\\\/repliquemangacine.fr\\\/dagues-et-accessoires-seconde-guerre-mondiale-materiels-militaria\\\/casque-allemand-stahlhelm-m42\\\/#primaryimage\",\"url\":\"https:\\\/\\\/repliquemangacine.fr\\\/wp-content\\\/uploads\\\/2023\\\/10\\\/3717-Casque-allemand-Stahlhelm-M42-Vieilli.jpg\",\"contentUrl\":\"https:\\\/\\\/repliquemangacine.fr\\\/wp-content\\\/uploads\\\/2023\\\/10\\\/3717-Casque-allemand-Stahlhelm-M42-Vieilli.jpg\",\"width\":800,\"height\":800,\"caption\":\"Casque allemand Stahlhelm M42 Vieilli\"},{\"@type\":\"BreadcrumbList\",\"@id\":\"https:\\\/\\\/repliquemangacine.fr\\\/dagues-et-accessoires-seconde-guerre-mondiale-materiels-militaria\\\/casque-allemand-stahlhelm-m42\\\/#breadcrumb\",\"itemListElement\":[{\"@type\":\"ListItem\",\"position\":1,\"name\":\"Accueil\",\"item\":\"https:\\\/\\\/repliquemangacine.fr\\\/\"},{\"@type\":\"ListItem\",\"position\":2,\"name\":\"Produits\",\"item\":\"https:\\\/\\\/repliquemangacine.fr\\\/boutique\\\/\"},{\"@type\":\"ListItem\",\"position\":3,\"name\":\"Casque allemand Stahlhelm M42 Vieilli\"}]},{\"@type\":\"WebSite\",\"@id\":\"https:\\\/\\\/repliquemangacine.fr\\\/#website\",\"url\":\"https:\\\/\\\/repliquemangacine.fr\\\/\",\"name\":\"R\u00e9plique Manga Cin\u00e9\",\"description\":\"\",\"publisher\":{\"@id\":\"https:\\\/\\\/repliquemangacine.fr\\\/#organization\"},\"potentialAction\":[{\"@type\":\"SearchAction\",\"target\":{\"@type\":\"EntryPoint\",\"urlTemplate\":\"https:\\\/\\\/repliquemangacine.fr\\\/?s={search_term_string}\"},\"query-input\":{\"@type\":\"PropertyValueSpecification\",\"valueRequired\":true,\"valueName\":\"search_term_string\"}}],\"inLanguage\":\"it-IT\"},{\"@type\":\"Organization\",\"@id\":\"https:\\\/\\\/repliquemangacine.fr\\\/#organization\",\"name\":\"R\u00e9plique Manga Cin\u00e9\",\"url\":\"https:\\\/\\\/repliquemangacine.fr\\\/\",\"logo\":{\"@type\":\"ImageObject\",\"inLanguage\":\"it-IT\",\"@id\":\"https:\\\/\\\/repliquemangacine.fr\\\/#\\\/schema\\\/logo\\\/image\\\/\",\"url\":\"https:\\\/\\\/repliquemangacine.fr\\\/wp-content\\\/uploads\\\/2023\\\/10\\\/RMC-500250.png\",\"contentUrl\":\"https:\\\/\\\/repliquemangacine.fr\\\/wp-content\\\/uploads\\\/2023\\\/10\\\/RMC-500250.png\",\"width\":500,\"height\":250,\"caption\":\"R\u00e9plique Manga Cin\u00e9\"},\"image\":{\"@id\":\"https:\\\/\\\/repliquemangacine.fr\\\/#\\\/schema\\\/logo\\\/image\\\/\"},\"sameAs\":[\"https:\\\/\\\/www.facebook.com\\\/RepliqueMangaCine\",\"https:\\\/\\\/www.instagram.com\\\/repliquemangacine.fr\\\/\"]}]}<\/script>\n<!-- \/ Yoast SEO plugin. -->","yoast_head_json":{"title":"Replica dell'elmetto tedesco Stahlhelm M42 - Replica Manga Cine","description":"Ordinate questa superba replica dell'elmo Stahlhelm del 1935, noto ai collezionisti come M42. Calotta in acciaio, fodera in pelle. Completamente funzionante.","robots":{"index":"index","follow":"follow","max-snippet":"max-snippet:-1","max-image-preview":"max-image-preview:large","max-video-preview":"max-video-preview:-1"},"canonical":"https:\/\/repliquemangacine.fr\/it\/pugnali-e-accessori-materiale-militare-della-seconda-guerra-mondiale\/elmetto-tedesco-stahlhelm-m42\/","og_locale":"it_IT","og_type":"article","og_title":"Reproduction du casque Allemand Stahlhelm M42 - Replique Manga Cine","og_description":"Commandez cette Superbe r\u00e9plique du casque Stahlhelm 1935, dit M42 pour les collectionneurs. Coque en acier, coiffe int\u00e9rieur en cuir. Enti\u00e8rement fonctionnel.","og_url":"https:\/\/repliquemangacine.fr\/it\/pugnali-e-accessori-materiale-militare-della-seconda-guerra-mondiale\/elmetto-tedesco-stahlhelm-m42\/","og_site_name":"R\u00e9plique Manga Cin\u00e9","article_publisher":"https:\/\/www.facebook.com\/RepliqueMangaCine","article_modified_time":"2025-09-23T16:01:45+00:00","og_image":[{"width":800,"height":800,"url":"https:\/\/repliquemangacine.fr\/wp-content\/uploads\/2023\/10\/3717-Casque-allemand-Stahlhelm-M42-Vieilli.jpg","type":"image\/jpeg"}],"twitter_card":"summary_large_image","twitter_misc":{"Tempo di lettura stimato":"1 minuto"},"schema":{"@context":"https:\/\/schema.org","@graph":[{"@type":"WebPage","@id":"https:\/\/repliquemangacine.fr\/dagues-et-accessoires-seconde-guerre-mondiale-materiels-militaria\/casque-allemand-stahlhelm-m42\/","url":"https:\/\/repliquemangacine.fr\/dagues-et-accessoires-seconde-guerre-mondiale-materiels-militaria\/casque-allemand-stahlhelm-m42\/","name":"Replica dell'elmetto tedesco Stahlhelm M42 - Replica Manga Cine","isPartOf":{"@id":"https:\/\/repliquemangacine.fr\/#website"},"primaryImageOfPage":{"@id":"https:\/\/repliquemangacine.fr\/dagues-et-accessoires-seconde-guerre-mondiale-materiels-militaria\/casque-allemand-stahlhelm-m42\/#primaryimage"},"image":{"@id":"https:\/\/repliquemangacine.fr\/dagues-et-accessoires-seconde-guerre-mondiale-materiels-militaria\/casque-allemand-stahlhelm-m42\/#primaryimage"},"thumbnailUrl":"https:\/\/repliquemangacine.fr\/wp-content\/uploads\/2023\/10\/3717-Casque-allemand-Stahlhelm-M42-Vieilli.jpg","datePublished":"2016-11-22T18:18:08+00:00","dateModified":"2025-09-23T16:01:45+00:00","description":"Ordinate questa superba replica dell'elmo Stahlhelm del 1935, noto ai collezionisti come M42. Calotta in acciaio, fodera in pelle. Completamente funzionante.","breadcrumb":{"@id":"https:\/\/repliquemangacine.fr\/dagues-et-accessoires-seconde-guerre-mondiale-materiels-militaria\/casque-allemand-stahlhelm-m42\/#breadcrumb"},"inLanguage":"it-IT","potentialAction":[{"@type":"ReadAction","target":["https:\/\/repliquemangacine.fr\/dagues-et-accessoires-seconde-guerre-mondiale-materiels-militaria\/casque-allemand-stahlhelm-m42\/"]}]},{"@type":"ImageObject","inLanguage":"it-IT","@id":"https:\/\/repliquemangacine.fr\/dagues-et-accessoires-seconde-guerre-mondiale-materiels-militaria\/casque-allemand-stahlhelm-m42\/#primaryimage","url":"https:\/\/repliquemangacine.fr\/wp-content\/uploads\/2023\/10\/3717-Casque-allemand-Stahlhelm-M42-Vieilli.jpg","contentUrl":"https:\/\/repliquemangacine.fr\/wp-content\/uploads\/2023\/10\/3717-Casque-allemand-Stahlhelm-M42-Vieilli.jpg","width":800,"height":800,"caption":"Casque allemand Stahlhelm M42 Vieilli"},{"@type":"BreadcrumbList","@id":"https:\/\/repliquemangacine.fr\/dagues-et-accessoires-seconde-guerre-mondiale-materiels-militaria\/casque-allemand-stahlhelm-m42\/#breadcrumb","itemListElement":[{"@type":"ListItem","position":1,"name":"Accueil","item":"https:\/\/repliquemangacine.fr\/"},{"@type":"ListItem","position":2,"name":"Produits","item":"https:\/\/repliquemangacine.fr\/boutique\/"},{"@type":"ListItem","position":3,"name":"Casque allemand Stahlhelm M42 Vieilli"}]},{"@type":"WebSite","@id":"https:\/\/repliquemangacine.fr\/#website","url":"https:\/\/repliquemangacine.fr\/","name":"R\u00e9plique Manga Cin\u00e9","description":"","publisher":{"@id":"https:\/\/repliquemangacine.fr\/#organization"},"potentialAction":[{"@type":"SearchAction","target":{"@type":"EntryPoint","urlTemplate":"https:\/\/repliquemangacine.fr\/?s={search_term_string}"},"query-input":{"@type":"PropertyValueSpecification","valueRequired":true,"valueName":"search_term_string"}}],"inLanguage":"it-IT"},{"@type":"Organization","@id":"https:\/\/repliquemangacine.fr\/#organization","name":"R\u00e9plique Manga Cin\u00e9","url":"https:\/\/repliquemangacine.fr\/","logo":{"@type":"ImageObject","inLanguage":"it-IT","@id":"https:\/\/repliquemangacine.fr\/#\/schema\/logo\/image\/","url":"https:\/\/repliquemangacine.fr\/wp-content\/uploads\/2023\/10\/RMC-500250.png","contentUrl":"https:\/\/repliquemangacine.fr\/wp-content\/uploads\/2023\/10\/RMC-500250.png","width":500,"height":250,"caption":"R\u00e9plique Manga Cin\u00e9"},"image":{"@id":"https:\/\/repliquemangacine.fr\/#\/schema\/logo\/image\/"},"sameAs":["https:\/\/www.facebook.com\/RepliqueMangaCine","https:\/\/www.instagram.com\/repliquemangacine.fr\/"]}]}},"_links":{"self":[{"href":"https:\/\/repliquemangacine.fr\/it\/wp-json\/wp\/v2\/product\/26436","targetHints":{"allow":["GET"]}}],"collection":[{"href":"https:\/\/repliquemangacine.fr\/it\/wp-json\/wp\/v2\/product"}],"about":[{"href":"https:\/\/repliquemangacine.fr\/it\/wp-json\/wp\/v2\/types\/product"}],"wp:featuredmedia":[{"embeddable":true,"href":"https:\/\/repliquemangacine.fr\/it\/wp-json\/wp\/v2\/media\/26437"}],"wp:attachment":[{"href":"https:\/\/repliquemangacine.fr\/it\/wp-json\/wp\/v2\/media?parent=26436"}],"wp:term":[{"taxonomy":"product_brand","embeddable":true,"href":"https:\/\/repliquemangacine.fr\/it\/wp-json\/wp\/v2\/product_brand?post=26436"},{"taxonomy":"product_cat","embeddable":true,"href":"https:\/\/repliquemangacine.fr\/it\/wp-json\/wp\/v2\/product_cat?post=26436"},{"taxonomy":"product_tag","embeddable":true,"href":"https:\/\/repliquemangacine.fr\/it\/wp-json\/wp\/v2\/product_tag?post=26436"}],"curies":[{"name":"wp","href":"https:\/\/api.w.org\/{rel}","templated":true}]}}