





{"id":26387,"date":"2016-11-20T17:57:36","date_gmt":"2016-11-20T16:57:36","guid":{"rendered":"https:\/\/repliquemangacine.fr\/?post_type=product&#038;p=26387"},"modified":"2026-04-08T00:19:13","modified_gmt":"2026-04-07T22:19:13","slug":"colt-python-magnum4","status":"publish","type":"product","link":"https:\/\/repliquemangacine.fr\/it\/pistolet-moderne\/colt-python-magnum4\/","title":{"rendered":"Colt Python Magnum \"4"},"content":{"rendered":"<h2>Colt Python Magnum \"4 - Denix<\/h2>\n<p>Per cominciare, il <strong>Colt Python Magnum \"4<\/strong>, La versione da 4 pollici \u00e8 meno popolare di quella da 6 pollici.<\/p>\n<p>Il Colt Python \u00e8 un revolver a doppia azione con camera di cartuccia .357 Magnum. \u00c8 nella doppia azione a fuoco rapido che il Python giustifica al meglio il suo titolo di \u201cmiglior revolver mai realizzato\u201d, chiamato anche 357 Magnum.<\/p>\n<p>Nel 1961, Colt introdusse un Python con canna da 10 cm (4 pollici), seguito nel 1963 da una versione del Python con canna ancora pi\u00f9 corta da 6,2 cm.<\/p>\n<p>Quest'arma \u00e8 stata ampiamente adottata dall'industria cinematografica, dalle serie TV e dai videogiochi. \u00c8 l'arma principale di Rick in The Walking Dead, con una canna di 15 centimetri.<\/p>\n<h2>La vostra Colt Python Magnum \"4 al miglior prezzo.<\/h2>\n<p>Offriamo un'ampia gamma di riproduzioni di armi in Denix.<\/p>\n<p>Innanzitutto,<\/p>\n<ul>\n<li>Il revolver replica <a href=\"https:\/\/repliquemangacine.fr\/it\/pistola-moderna\/pistola-desert-eagle-nero-1982-denix\/\">Aquila del deserto<\/a> Edizione nera di Denix.<\/li>\n<li>Esiste anche una riproduzione del revolver <a href=\"https:\/\/repliquemangacine.fr\/it\/pistola-moderna\/colt-python-magnum8\/\">8\u2033 Colt Python 357 Magnum<\/a> barile, USA 1955.<\/li>\n<li>Oltre alla pistola <a href=\"https:\/\/repliquemangacine.fr\/it\/pistola-moderna\/pistola-beretta-92f-parabellum-italia-1975\/\">Beretta 92F Parabellum<\/a> utilizzato da Mel Gibson nel film L'arme fatale.<\/li>\n<li>E molti altri da scoprire nel nostro negozio online!<\/li>\n<\/ul>\n<p>Ecco perch\u00e9 \u00e8 un'ottima idea regalo per i collezionisti e gli appassionati.<\/p>\n<p>In conclusione, \u00e8 possibile utilizzare il metodo <strong>Colt Python Magnum \"4<\/strong> per le sfilate di cosplay o le serate a tema. Ma soprattutto, \u00e8 un oggetto da collezione e decorativo.<\/p>\n<p>R\u00e9plique Manga Cin\u00e9 \u00e8 un'azienda francese a conduzione familiare e distributore ufficiale del marchio <a href=\"https:\/\/www.denix.fr\/fr\/catalogue\/armes-modernes-1945-1982\/\" target=\"_blank\" rel=\"noopener noreferrer\">Denix<\/a>.<\/p>\n<h2>Come vengono realizzate le repliche delle armi Denix?<\/h2>\n<p>Utilizzate in rievocazioni storiche, film, serie e dai collezionisti. Le riproduzioni Denix sono realizzate con materiali di alta qualit\u00e0. Sono accuratamente lavorate e assemblate per creare armi realistiche da collezione.<\/p>\n<ul>\n<li>I metalli sono in una lega metallica nota come Zamac, la cui composizione di base \u00e8 zinco in 95%.<\/li>\n<li>Le parti in plastica delle repliche sono realizzate in ABS stampato, che offre una grande resistenza.<\/li>\n<li>Il legno scelto per la sua bellezza e durata, come il mogano, l'ulivo o il noce, conferir\u00e0 ai mozziconi e alle botti un aspetto elegante e autentico.<\/li>\n<\/ul>\n<p>Si noti che tutte le riproduzioni Denix sono identiche agli originali, come il vostro <strong>Colt Python Magnum \"4<\/strong>.<\/p>","protected":false},"excerpt":{"rendered":"<p>Riproduzione del revolver Colt Python 357 Magnum con canna da 4\u2033, USA 1955.<\/p>\n<ul>\n<li>La carcassa \u00e8 in Zamac.<\/li>\n<li>Piastre di presa in ABS.<\/li>\n<li>Barile inclinabile.<\/li>\n<li>Armi e scioperi.<\/li>\n<li>Non idoneo a sparare.<\/li>\n<li>Non \u00e8 richiesta alcuna autorizzazione. Vendita e possesso gratuiti.<\/li>\n<li>Dimensioni: 26 cm - Peso: 930 grammi<\/li>\n<\/ul>","protected":false},"featured_media":26388,"template":"","meta":[],"product_brand":[896],"product_cat":[102,40,28],"product_tag":[],"class_list":{"0":"post-26387","1":"product","2":"type-product","3":"status-publish","4":"has-post-thumbnail","6":"product_brand-replique-manga-cine","7":"product_cat-denix","8":"product_cat-pistolet-moderne","9":"product_cat-repliques-darmes","11":"first","12":"instock","13":"sale","14":"taxable","15":"shipping-taxable","16":"purchasable","17":"product-type-simple"},"yoast_head":"<!-- This site is optimized with the Yoast SEO plugin v27.5 - https:\/\/yoast.com\/product\/yoast-seo-wordpress\/ -->\n<title>Colt Python Magnum&quot;4 - Vente colt 357 Magnum Denix | RMC<\/title>\n<meta name=\"description\" content=\"D\u00e9couvrez le Colt Python Magnum&quot;4 au meilleur prix - Tout en zamac - Barillet basculant - Crosse en ABS - Barillet basculant - Simulation de tir - 26 cm\" \/>\n<meta name=\"robots\" content=\"index, follow, max-snippet:-1, max-image-preview:large, max-video-preview:-1\" \/>\n<link rel=\"canonical\" href=\"https:\/\/repliquemangacine.fr\/it\/pistola-moderna\/colt-python-magnum4\/\" \/>\n<meta property=\"og:locale\" content=\"it_IT\" \/>\n<meta property=\"og:type\" content=\"article\" \/>\n<meta property=\"og:title\" content=\"Colt Python Magnum&quot;4 - Vente colt 357 Magnum Denix | RMC\" \/>\n<meta property=\"og:description\" content=\"D\u00e9couvrez le Colt Python Magnum&quot;4 au meilleur prix - Tout en zamac - Barillet basculant - Crosse en ABS - Barillet basculant - Simulation de tir - 26 cm\" \/>\n<meta property=\"og:url\" content=\"https:\/\/repliquemangacine.fr\/it\/pistola-moderna\/colt-python-magnum4\/\" \/>\n<meta property=\"og:site_name\" content=\"R\u00e9plique Manga Cin\u00e9\" \/>\n<meta property=\"article:publisher\" content=\"https:\/\/www.facebook.com\/RepliqueMangaCine\" \/>\n<meta property=\"article:modified_time\" content=\"2026-04-07T22:19:13+00:00\" \/>\n<meta property=\"og:image\" content=\"https:\/\/repliquemangacine.fr\/wp-content\/uploads\/2023\/10\/1066-Replique-Revolver-Colt-Python-357-Magnum-4.jpg\" \/>\n\t<meta property=\"og:image:width\" content=\"800\" \/>\n\t<meta property=\"og:image:height\" content=\"800\" \/>\n\t<meta property=\"og:image:type\" content=\"image\/jpeg\" \/>\n<meta name=\"twitter:card\" content=\"summary_large_image\" \/>\n<meta name=\"twitter:label1\" content=\"Tempo di lettura stimato\" \/>\n\t<meta name=\"twitter:data1\" content=\"2 minuti\" \/>\n<script type=\"application\/ld+json\" class=\"yoast-schema-graph\">{\"@context\":\"https:\\\/\\\/schema.org\",\"@graph\":[{\"@type\":\"WebPage\",\"@id\":\"https:\\\/\\\/repliquemangacine.fr\\\/pistolet-moderne\\\/colt-python-magnum4\\\/\",\"url\":\"https:\\\/\\\/repliquemangacine.fr\\\/pistolet-moderne\\\/colt-python-magnum4\\\/\",\"name\":\"Colt Python Magnum\\\"4 - Vente colt 357 Magnum Denix | RMC\",\"isPartOf\":{\"@id\":\"https:\\\/\\\/repliquemangacine.fr\\\/#website\"},\"primaryImageOfPage\":{\"@id\":\"https:\\\/\\\/repliquemangacine.fr\\\/pistolet-moderne\\\/colt-python-magnum4\\\/#primaryimage\"},\"image\":{\"@id\":\"https:\\\/\\\/repliquemangacine.fr\\\/pistolet-moderne\\\/colt-python-magnum4\\\/#primaryimage\"},\"thumbnailUrl\":\"https:\\\/\\\/repliquemangacine.fr\\\/wp-content\\\/uploads\\\/2023\\\/10\\\/1066-Replique-Revolver-Colt-Python-357-Magnum-4.jpg\",\"datePublished\":\"2016-11-20T16:57:36+00:00\",\"dateModified\":\"2026-04-07T22:19:13+00:00\",\"description\":\"D\u00e9couvrez le Colt Python Magnum\\\"4 au meilleur prix - Tout en zamac - Barillet basculant - Crosse en ABS - Barillet basculant - Simulation de tir - 26 cm\",\"breadcrumb\":{\"@id\":\"https:\\\/\\\/repliquemangacine.fr\\\/pistolet-moderne\\\/colt-python-magnum4\\\/#breadcrumb\"},\"inLanguage\":\"it-IT\",\"potentialAction\":[{\"@type\":\"ReadAction\",\"target\":[\"https:\\\/\\\/repliquemangacine.fr\\\/pistolet-moderne\\\/colt-python-magnum4\\\/\"]}]},{\"@type\":\"ImageObject\",\"inLanguage\":\"it-IT\",\"@id\":\"https:\\\/\\\/repliquemangacine.fr\\\/pistolet-moderne\\\/colt-python-magnum4\\\/#primaryimage\",\"url\":\"https:\\\/\\\/repliquemangacine.fr\\\/wp-content\\\/uploads\\\/2023\\\/10\\\/1066-Replique-Revolver-Colt-Python-357-Magnum-4.jpg\",\"contentUrl\":\"https:\\\/\\\/repliquemangacine.fr\\\/wp-content\\\/uploads\\\/2023\\\/10\\\/1066-Replique-Revolver-Colt-Python-357-Magnum-4.jpg\",\"width\":800,\"height\":800,\"caption\":\"R\u00e9plique Revolver Colt Python 357 Magnum \\\"4\"},{\"@type\":\"BreadcrumbList\",\"@id\":\"https:\\\/\\\/repliquemangacine.fr\\\/pistolet-moderne\\\/colt-python-magnum4\\\/#breadcrumb\",\"itemListElement\":[{\"@type\":\"ListItem\",\"position\":1,\"name\":\"Accueil\",\"item\":\"https:\\\/\\\/repliquemangacine.fr\\\/\"},{\"@type\":\"ListItem\",\"position\":2,\"name\":\"Produits\",\"item\":\"https:\\\/\\\/repliquemangacine.fr\\\/boutique\\\/\"},{\"@type\":\"ListItem\",\"position\":3,\"name\":\"Colt Python Magnum&#8221;4\"}]},{\"@type\":\"WebSite\",\"@id\":\"https:\\\/\\\/repliquemangacine.fr\\\/#website\",\"url\":\"https:\\\/\\\/repliquemangacine.fr\\\/\",\"name\":\"R\u00e9plique Manga Cin\u00e9\",\"description\":\"\",\"publisher\":{\"@id\":\"https:\\\/\\\/repliquemangacine.fr\\\/#organization\"},\"potentialAction\":[{\"@type\":\"SearchAction\",\"target\":{\"@type\":\"EntryPoint\",\"urlTemplate\":\"https:\\\/\\\/repliquemangacine.fr\\\/?s={search_term_string}\"},\"query-input\":{\"@type\":\"PropertyValueSpecification\",\"valueRequired\":true,\"valueName\":\"search_term_string\"}}],\"inLanguage\":\"it-IT\"},{\"@type\":\"Organization\",\"@id\":\"https:\\\/\\\/repliquemangacine.fr\\\/#organization\",\"name\":\"R\u00e9plique Manga Cin\u00e9\",\"url\":\"https:\\\/\\\/repliquemangacine.fr\\\/\",\"logo\":{\"@type\":\"ImageObject\",\"inLanguage\":\"it-IT\",\"@id\":\"https:\\\/\\\/repliquemangacine.fr\\\/#\\\/schema\\\/logo\\\/image\\\/\",\"url\":\"https:\\\/\\\/repliquemangacine.fr\\\/wp-content\\\/uploads\\\/2023\\\/10\\\/RMC-500250.png\",\"contentUrl\":\"https:\\\/\\\/repliquemangacine.fr\\\/wp-content\\\/uploads\\\/2023\\\/10\\\/RMC-500250.png\",\"width\":500,\"height\":250,\"caption\":\"R\u00e9plique Manga Cin\u00e9\"},\"image\":{\"@id\":\"https:\\\/\\\/repliquemangacine.fr\\\/#\\\/schema\\\/logo\\\/image\\\/\"},\"sameAs\":[\"https:\\\/\\\/www.facebook.com\\\/RepliqueMangaCine\",\"https:\\\/\\\/www.instagram.com\\\/repliquemangacine.fr\\\/\"]}]}<\/script>\n<!-- \/ Yoast SEO plugin. -->","yoast_head_json":{"title":"Colt Python Magnum \"4 - Vendita colt 357 Magnum Denix | RMC","description":"Scopri il Colt Python Magnum \"4 al miglior prezzo - Tutto zamac - Canna basculante - Calcio ABS - Canna basculante - Simulazione di tiro - 26 cm","robots":{"index":"index","follow":"follow","max-snippet":"max-snippet:-1","max-image-preview":"max-image-preview:large","max-video-preview":"max-video-preview:-1"},"canonical":"https:\/\/repliquemangacine.fr\/it\/pistola-moderna\/colt-python-magnum4\/","og_locale":"it_IT","og_type":"article","og_title":"Colt Python Magnum\"4 - Vente colt 357 Magnum Denix | RMC","og_description":"D\u00e9couvrez le Colt Python Magnum\"4 au meilleur prix - Tout en zamac - Barillet basculant - Crosse en ABS - Barillet basculant - Simulation de tir - 26 cm","og_url":"https:\/\/repliquemangacine.fr\/it\/pistola-moderna\/colt-python-magnum4\/","og_site_name":"R\u00e9plique Manga Cin\u00e9","article_publisher":"https:\/\/www.facebook.com\/RepliqueMangaCine","article_modified_time":"2026-04-07T22:19:13+00:00","og_image":[{"width":800,"height":800,"url":"https:\/\/repliquemangacine.fr\/wp-content\/uploads\/2023\/10\/1066-Replique-Revolver-Colt-Python-357-Magnum-4.jpg","type":"image\/jpeg"}],"twitter_card":"summary_large_image","twitter_misc":{"Tempo di lettura stimato":"2 minuti"},"schema":{"@context":"https:\/\/schema.org","@graph":[{"@type":"WebPage","@id":"https:\/\/repliquemangacine.fr\/pistolet-moderne\/colt-python-magnum4\/","url":"https:\/\/repliquemangacine.fr\/pistolet-moderne\/colt-python-magnum4\/","name":"Colt Python Magnum \"4 - Vendita colt 357 Magnum Denix | RMC","isPartOf":{"@id":"https:\/\/repliquemangacine.fr\/#website"},"primaryImageOfPage":{"@id":"https:\/\/repliquemangacine.fr\/pistolet-moderne\/colt-python-magnum4\/#primaryimage"},"image":{"@id":"https:\/\/repliquemangacine.fr\/pistolet-moderne\/colt-python-magnum4\/#primaryimage"},"thumbnailUrl":"https:\/\/repliquemangacine.fr\/wp-content\/uploads\/2023\/10\/1066-Replique-Revolver-Colt-Python-357-Magnum-4.jpg","datePublished":"2016-11-20T16:57:36+00:00","dateModified":"2026-04-07T22:19:13+00:00","description":"Scopri il Colt Python Magnum \"4 al miglior prezzo - Tutto zamac - Canna basculante - Calcio ABS - Canna basculante - Simulazione di tiro - 26 cm","breadcrumb":{"@id":"https:\/\/repliquemangacine.fr\/pistolet-moderne\/colt-python-magnum4\/#breadcrumb"},"inLanguage":"it-IT","potentialAction":[{"@type":"ReadAction","target":["https:\/\/repliquemangacine.fr\/pistolet-moderne\/colt-python-magnum4\/"]}]},{"@type":"ImageObject","inLanguage":"it-IT","@id":"https:\/\/repliquemangacine.fr\/pistolet-moderne\/colt-python-magnum4\/#primaryimage","url":"https:\/\/repliquemangacine.fr\/wp-content\/uploads\/2023\/10\/1066-Replique-Revolver-Colt-Python-357-Magnum-4.jpg","contentUrl":"https:\/\/repliquemangacine.fr\/wp-content\/uploads\/2023\/10\/1066-Replique-Revolver-Colt-Python-357-Magnum-4.jpg","width":800,"height":800,"caption":"R\u00e9plique Revolver Colt Python 357 Magnum \"4"},{"@type":"BreadcrumbList","@id":"https:\/\/repliquemangacine.fr\/pistolet-moderne\/colt-python-magnum4\/#breadcrumb","itemListElement":[{"@type":"ListItem","position":1,"name":"Accueil","item":"https:\/\/repliquemangacine.fr\/"},{"@type":"ListItem","position":2,"name":"Produits","item":"https:\/\/repliquemangacine.fr\/boutique\/"},{"@type":"ListItem","position":3,"name":"Colt Python Magnum&#8221;4"}]},{"@type":"WebSite","@id":"https:\/\/repliquemangacine.fr\/#website","url":"https:\/\/repliquemangacine.fr\/","name":"R\u00e9plique Manga Cin\u00e9","description":"","publisher":{"@id":"https:\/\/repliquemangacine.fr\/#organization"},"potentialAction":[{"@type":"SearchAction","target":{"@type":"EntryPoint","urlTemplate":"https:\/\/repliquemangacine.fr\/?s={search_term_string}"},"query-input":{"@type":"PropertyValueSpecification","valueRequired":true,"valueName":"search_term_string"}}],"inLanguage":"it-IT"},{"@type":"Organization","@id":"https:\/\/repliquemangacine.fr\/#organization","name":"R\u00e9plique Manga Cin\u00e9","url":"https:\/\/repliquemangacine.fr\/","logo":{"@type":"ImageObject","inLanguage":"it-IT","@id":"https:\/\/repliquemangacine.fr\/#\/schema\/logo\/image\/","url":"https:\/\/repliquemangacine.fr\/wp-content\/uploads\/2023\/10\/RMC-500250.png","contentUrl":"https:\/\/repliquemangacine.fr\/wp-content\/uploads\/2023\/10\/RMC-500250.png","width":500,"height":250,"caption":"R\u00e9plique Manga Cin\u00e9"},"image":{"@id":"https:\/\/repliquemangacine.fr\/#\/schema\/logo\/image\/"},"sameAs":["https:\/\/www.facebook.com\/RepliqueMangaCine","https:\/\/www.instagram.com\/repliquemangacine.fr\/"]}]}},"_links":{"self":[{"href":"https:\/\/repliquemangacine.fr\/it\/wp-json\/wp\/v2\/product\/26387","targetHints":{"allow":["GET"]}}],"collection":[{"href":"https:\/\/repliquemangacine.fr\/it\/wp-json\/wp\/v2\/product"}],"about":[{"href":"https:\/\/repliquemangacine.fr\/it\/wp-json\/wp\/v2\/types\/product"}],"wp:featuredmedia":[{"embeddable":true,"href":"https:\/\/repliquemangacine.fr\/it\/wp-json\/wp\/v2\/media\/26388"}],"wp:attachment":[{"href":"https:\/\/repliquemangacine.fr\/it\/wp-json\/wp\/v2\/media?parent=26387"}],"wp:term":[{"taxonomy":"product_brand","embeddable":true,"href":"https:\/\/repliquemangacine.fr\/it\/wp-json\/wp\/v2\/product_brand?post=26387"},{"taxonomy":"product_cat","embeddable":true,"href":"https:\/\/repliquemangacine.fr\/it\/wp-json\/wp\/v2\/product_cat?post=26387"},{"taxonomy":"product_tag","embeddable":true,"href":"https:\/\/repliquemangacine.fr\/it\/wp-json\/wp\/v2\/product_tag?post=26387"}],"curies":[{"name":"wp","href":"https:\/\/api.w.org\/{rel}","templated":true}]}}