





{"id":26373,"date":"2016-11-18T19:54:15","date_gmt":"2016-11-18T18:54:15","guid":{"rendered":"https:\/\/repliquemangacine.fr\/?post_type=product&#038;p=26373"},"modified":"2026-03-05T20:31:26","modified_gmt":"2026-03-05T19:31:26","slug":"parabellum-luger-p08-calcio-in-legno","status":"publish","type":"product","link":"https:\/\/repliquemangacine.fr\/it\/reproductions-armes-seconde-guerre-mondiale-denix\/parabellum-luger-p08-crosse-bois\/","title":{"rendered":"Parabellum Luger P08"},"content":{"rendered":"<h2>Pistola Luger P08 Parabellum - Denix<\/h2>\n<p>Per cominciare, la pistola <strong>Parabellum Luger P08<\/strong> utilizzati durante la prima e la seconda guerra mondiale. Riproduzione firmata <a href=\"https:\/\/www.denix.fr\/fr\/accueil-fr\/\" target=\"_blank\" rel=\"noopener noreferrer\">Denix<\/a>.<\/p>\n<p>Il parabellum offre vantaggi indiscutibili per un'arma da guerra:<\/p>\n<ul>\n<li>Caricatore con capacit\u00e0 di 8 cartucce.<\/li>\n<li>Fuoco rapido e ricarica.<\/li>\n<li>Anche il calibro 7,65 mm \u00e8 pi\u00f9 veloce.<\/li>\n<li>La linea di vista pi\u00f9 lunga.<\/li>\n<\/ul>\n<p>George Luger presenta la sua arma in tutte le capitali del mondo occidentale. La Parabellum 1900 viene testata negli Stati Uniti, in Bulgaria, Svezia, Austria, Spagna... Viene adottata come arma d'ordinanza in diversi paesi, tra cui ovviamente Germania e Svizzera... In Francia, viene utilizzata dalla Gendarmeria, dall'Esercito e dalla Prefettura di Polizia di Parigi tra il 1945 e il 1955.<\/p>\n<p>Diventato un oggetto da collezione a partire dagli anni '50.<\/p>\n<h2>La vostra Parabellum Luger P08 al miglior prezzo.<\/h2>\n<p>Vi proponiamo tutte le riproduzioni di armi Denix della Seconda Guerra Mondiale.<\/p>\n<p>Innanzitutto,<\/p>\n<ul>\n<li>Le <a href=\"https:\/\/repliquemangacine.fr\/it\/guerra-mondiale\/pistolet-m1911-colt-1911-crosse-bois\/\">Colt M1911A1 del 1911,<\/a> Pistola d'ordinanza delle forze armate statunitensi.<\/li>\n<li>Successivamente, il <a href=\"https:\/\/repliquemangacine.fr\/it\/riproduzioni-darmes\/pistolet-mitrailleur-m3-grease-gun-usa-1942\/\">Mitragliatrice M3<\/a> noto come \"Grease Gun\", utilizzato nelle ore precedenti allo sbarco in Normandia del 6 giugno 44.<\/li>\n<li>C'\u00e8 anche Le<a href=\"https:\/\/repliquemangacine.fr\/it\/riproduzioni-darmes\/pistolet-walther-ppk-dore-calibre-765\/\"> pistola PPK oro<\/a> utilizzato dall'esercito durante la Seconda Guerra Mondiale. Immortalata da James Bond.<\/li>\n<li>Cos\u00ec come tutti i fucili...<\/li>\n<\/ul>\n<p>Ecco quindi cosa fare per ampliare la vostra collezione di armi da guerra.<\/p>\n<p>In conclusione, \u00e8 possibile utilizzare la pistola <strong>Parabellum Luger P08<\/strong> per le vostre rievocazioni storiche. Ma soprattutto \u00e8 un'arma per collezionare e decorare.<\/p>\n<h2>Come vengono realizzate le repliche delle armi Denix?<\/h2>\n<p>Utilizzate in rievocazioni storiche, film, serie e dai collezionisti. Le riproduzioni Denix sono realizzate con materiali di alta qualit\u00e0. Sono accuratamente lavorate e assemblate per creare armi realistiche da collezione.<\/p>\n<ul>\n<li>I metalli sono in una lega metallica nota come Zamac, la cui composizione di base \u00e8 zinco in 95%.<\/li>\n<li>Le parti in plastica delle repliche sono realizzate in ABS stampato, che offre una grande resistenza.<\/li>\n<li>Il legno scelto per la sua bellezza e durata, come il mogano, l'ulivo o il noce, conferir\u00e0 ai mozziconi e alle botti un aspetto elegante e autentico.<\/li>\n<\/ul>\n<p>Si noti che tutte le riproduzioni Denix sono identiche agli originali, come il vostro <strong>Parabellum Luger P08<\/strong>.<\/p>","protected":false},"excerpt":{"rendered":"<p>Identica all'originale, questa riproduzione della pistola Luger P08 parabellum del 1898.<\/p>\n<ul>\n<li>La carcassa \u00e8 in Zamac.<\/li>\n<li>Piastre di legno scanalate.<\/li>\n<li>Caricatore rimovibile.<\/li>\n<li>Si spara e si schianta, ma \u00e8 <strong>totalmente inadatto a sparare<\/strong>.<\/li>\n<li>Non \u00e8 richiesta alcuna autorizzazione. Vendita e possesso gratuiti.<\/li>\n<li>Dimensioni: 25,5 cm - Peso: 980 grammi<\/li>\n<\/ul>\n<p><iframe src=\"https:\/\/www.youtube.com\/embed\/UMa3I4D7Qpc\" width=\"370\" height=\"208\" frameborder=\"0\"><\/iframe><\/p>","protected":false},"featured_media":26374,"template":"","meta":[],"product_brand":[896],"product_cat":[25,102,54,40,28,76],"product_tag":[],"class_list":{"0":"post-26373","1":"product","2":"type-product","3":"status-publish","4":"has-post-thumbnail","6":"product_brand-replique-manga-cine","7":"product_cat-armes-historiques","8":"product_cat-denix","9":"product_cat-armes-accessoires-guerre-mondiale","10":"product_cat-pistolet-moderne","11":"product_cat-repliques-darmes","12":"product_cat-reproductions-armes-seconde-guerre-mondiale-denix","14":"first","15":"instock","16":"sale","17":"taxable","18":"shipping-taxable","19":"purchasable","20":"product-type-simple"},"yoast_head":"<!-- This site is optimized with the Yoast SEO plugin v27.4 - https:\/\/yoast.com\/product\/yoast-seo-wordpress\/ -->\n<title>Parabellum Luger P08 - Boutique en ligne - R\u00e9plique Manga Cin\u00e9<\/title>\n<meta name=\"description\" content=\"Offrez-lui ! Le Pistolet Parabellum Luger P08 Denix au meilleur prix - Tout en m\u00e9tal - M\u00e9canisme fonctionnel - Inapte au tir - Chargeur amovible - 25.5 cm\" \/>\n<meta name=\"robots\" content=\"index, follow, max-snippet:-1, max-image-preview:large, max-video-preview:-1\" \/>\n<link rel=\"canonical\" href=\"https:\/\/repliquemangacine.fr\/it\/denix\/parabellum-luger-p08-calcio-in-legno\/\" \/>\n<meta property=\"og:locale\" content=\"it_IT\" \/>\n<meta property=\"og:type\" content=\"article\" \/>\n<meta property=\"og:title\" content=\"Parabellum Luger P08 - Boutique en ligne - R\u00e9plique Manga Cin\u00e9\" \/>\n<meta property=\"og:description\" content=\"Offrez-lui ! Le Pistolet Parabellum Luger P08 Denix au meilleur prix - Tout en m\u00e9tal - M\u00e9canisme fonctionnel - Inapte au tir - Chargeur amovible - 25.5 cm\" \/>\n<meta property=\"og:url\" content=\"https:\/\/repliquemangacine.fr\/it\/denix\/parabellum-luger-p08-calcio-in-legno\/\" \/>\n<meta property=\"og:site_name\" content=\"R\u00e9plique Manga Cin\u00e9\" \/>\n<meta property=\"article:publisher\" content=\"https:\/\/www.facebook.com\/RepliqueMangaCine\" \/>\n<meta property=\"article:modified_time\" content=\"2026-03-05T19:31:26+00:00\" \/>\n<meta property=\"og:image\" content=\"https:\/\/repliquemangacine.fr\/wp-content\/uploads\/2023\/10\/1052-Replique-Pistolet-Luger-P08-Parabellum-Crosse-bois.jpg\" \/>\n\t<meta property=\"og:image:width\" content=\"800\" \/>\n\t<meta property=\"og:image:height\" content=\"800\" \/>\n\t<meta property=\"og:image:type\" content=\"image\/jpeg\" \/>\n<meta name=\"twitter:card\" content=\"summary_large_image\" \/>\n<meta name=\"twitter:label1\" content=\"Tempo di lettura stimato\" \/>\n\t<meta name=\"twitter:data1\" content=\"1 minuto\" \/>\n<script type=\"application\/ld+json\" class=\"yoast-schema-graph\">{\"@context\":\"https:\\\/\\\/schema.org\",\"@graph\":[{\"@type\":\"WebPage\",\"@id\":\"https:\\\/\\\/repliquemangacine.fr\\\/denix\\\/parabellum-luger-p08-crosse-bois\\\/\",\"url\":\"https:\\\/\\\/repliquemangacine.fr\\\/denix\\\/parabellum-luger-p08-crosse-bois\\\/\",\"name\":\"Parabellum Luger P08 - Boutique en ligne - R\u00e9plique Manga Cin\u00e9\",\"isPartOf\":{\"@id\":\"https:\\\/\\\/repliquemangacine.fr\\\/#website\"},\"primaryImageOfPage\":{\"@id\":\"https:\\\/\\\/repliquemangacine.fr\\\/denix\\\/parabellum-luger-p08-crosse-bois\\\/#primaryimage\"},\"image\":{\"@id\":\"https:\\\/\\\/repliquemangacine.fr\\\/denix\\\/parabellum-luger-p08-crosse-bois\\\/#primaryimage\"},\"thumbnailUrl\":\"https:\\\/\\\/repliquemangacine.fr\\\/wp-content\\\/uploads\\\/2023\\\/10\\\/1052-Replique-Pistolet-Luger-P08-Parabellum-Crosse-bois.jpg\",\"datePublished\":\"2016-11-18T18:54:15+00:00\",\"dateModified\":\"2026-03-05T19:31:26+00:00\",\"description\":\"Offrez-lui ! Le Pistolet Parabellum Luger P08 Denix au meilleur prix - Tout en m\u00e9tal - M\u00e9canisme fonctionnel - Inapte au tir - Chargeur amovible - 25.5 cm\",\"breadcrumb\":{\"@id\":\"https:\\\/\\\/repliquemangacine.fr\\\/denix\\\/parabellum-luger-p08-crosse-bois\\\/#breadcrumb\"},\"inLanguage\":\"it-IT\",\"potentialAction\":[{\"@type\":\"ReadAction\",\"target\":[\"https:\\\/\\\/repliquemangacine.fr\\\/denix\\\/parabellum-luger-p08-crosse-bois\\\/\"]}]},{\"@type\":\"ImageObject\",\"inLanguage\":\"it-IT\",\"@id\":\"https:\\\/\\\/repliquemangacine.fr\\\/denix\\\/parabellum-luger-p08-crosse-bois\\\/#primaryimage\",\"url\":\"https:\\\/\\\/repliquemangacine.fr\\\/wp-content\\\/uploads\\\/2023\\\/10\\\/1052-Replique-Pistolet-Luger-P08-Parabellum-Crosse-bois.jpg\",\"contentUrl\":\"https:\\\/\\\/repliquemangacine.fr\\\/wp-content\\\/uploads\\\/2023\\\/10\\\/1052-Replique-Pistolet-Luger-P08-Parabellum-Crosse-bois.jpg\",\"width\":800,\"height\":800,\"caption\":\"R\u00e9plique Pistolet Luger P08 Parabellum - Crosse bois\"},{\"@type\":\"BreadcrumbList\",\"@id\":\"https:\\\/\\\/repliquemangacine.fr\\\/denix\\\/parabellum-luger-p08-crosse-bois\\\/#breadcrumb\",\"itemListElement\":[{\"@type\":\"ListItem\",\"position\":1,\"name\":\"Accueil\",\"item\":\"https:\\\/\\\/repliquemangacine.fr\\\/\"},{\"@type\":\"ListItem\",\"position\":2,\"name\":\"Produits\",\"item\":\"https:\\\/\\\/repliquemangacine.fr\\\/boutique\\\/\"},{\"@type\":\"ListItem\",\"position\":3,\"name\":\"Parabellum Luger P08\"}]},{\"@type\":\"WebSite\",\"@id\":\"https:\\\/\\\/repliquemangacine.fr\\\/#website\",\"url\":\"https:\\\/\\\/repliquemangacine.fr\\\/\",\"name\":\"R\u00e9plique Manga Cin\u00e9\",\"description\":\"\",\"publisher\":{\"@id\":\"https:\\\/\\\/repliquemangacine.fr\\\/#organization\"},\"potentialAction\":[{\"@type\":\"SearchAction\",\"target\":{\"@type\":\"EntryPoint\",\"urlTemplate\":\"https:\\\/\\\/repliquemangacine.fr\\\/?s={search_term_string}\"},\"query-input\":{\"@type\":\"PropertyValueSpecification\",\"valueRequired\":true,\"valueName\":\"search_term_string\"}}],\"inLanguage\":\"it-IT\"},{\"@type\":\"Organization\",\"@id\":\"https:\\\/\\\/repliquemangacine.fr\\\/#organization\",\"name\":\"R\u00e9plique Manga Cin\u00e9\",\"url\":\"https:\\\/\\\/repliquemangacine.fr\\\/\",\"logo\":{\"@type\":\"ImageObject\",\"inLanguage\":\"it-IT\",\"@id\":\"https:\\\/\\\/repliquemangacine.fr\\\/#\\\/schema\\\/logo\\\/image\\\/\",\"url\":\"https:\\\/\\\/repliquemangacine.fr\\\/wp-content\\\/uploads\\\/2023\\\/10\\\/RMC-500250.png\",\"contentUrl\":\"https:\\\/\\\/repliquemangacine.fr\\\/wp-content\\\/uploads\\\/2023\\\/10\\\/RMC-500250.png\",\"width\":500,\"height\":250,\"caption\":\"R\u00e9plique Manga Cin\u00e9\"},\"image\":{\"@id\":\"https:\\\/\\\/repliquemangacine.fr\\\/#\\\/schema\\\/logo\\\/image\\\/\"},\"sameAs\":[\"https:\\\/\\\/www.facebook.com\\\/RepliqueMangaCine\",\"https:\\\/\\\/www.instagram.com\\\/repliquemangacine.fr\\\/\"]}]}<\/script>\n<!-- \/ Yoast SEO plugin. -->","yoast_head_json":{"title":"Parabellum Luger P08 - Negozio online - R\u00e9plique Manga Cin\u00e9","description":"Regalatela! La Pistola Parabellum Luger P08 Denix al miglior prezzo - Tutto metallo - Meccanismo funzionale - Non spara - Caricatore estraibile - 25,5 cm","robots":{"index":"index","follow":"follow","max-snippet":"max-snippet:-1","max-image-preview":"max-image-preview:large","max-video-preview":"max-video-preview:-1"},"canonical":"https:\/\/repliquemangacine.fr\/it\/denix\/parabellum-luger-p08-calcio-in-legno\/","og_locale":"it_IT","og_type":"article","og_title":"Parabellum Luger P08 - Boutique en ligne - R\u00e9plique Manga Cin\u00e9","og_description":"Offrez-lui ! Le Pistolet Parabellum Luger P08 Denix au meilleur prix - Tout en m\u00e9tal - M\u00e9canisme fonctionnel - Inapte au tir - Chargeur amovible - 25.5 cm","og_url":"https:\/\/repliquemangacine.fr\/it\/denix\/parabellum-luger-p08-calcio-in-legno\/","og_site_name":"R\u00e9plique Manga Cin\u00e9","article_publisher":"https:\/\/www.facebook.com\/RepliqueMangaCine","article_modified_time":"2026-03-05T19:31:26+00:00","og_image":[{"width":800,"height":800,"url":"https:\/\/repliquemangacine.fr\/wp-content\/uploads\/2023\/10\/1052-Replique-Pistolet-Luger-P08-Parabellum-Crosse-bois.jpg","type":"image\/jpeg"}],"twitter_card":"summary_large_image","twitter_misc":{"Tempo di lettura stimato":"1 minuto"},"schema":{"@context":"https:\/\/schema.org","@graph":[{"@type":"WebPage","@id":"https:\/\/repliquemangacine.fr\/denix\/parabellum-luger-p08-crosse-bois\/","url":"https:\/\/repliquemangacine.fr\/denix\/parabellum-luger-p08-crosse-bois\/","name":"Parabellum Luger P08 - Negozio online - R\u00e9plique Manga Cin\u00e9","isPartOf":{"@id":"https:\/\/repliquemangacine.fr\/#website"},"primaryImageOfPage":{"@id":"https:\/\/repliquemangacine.fr\/denix\/parabellum-luger-p08-crosse-bois\/#primaryimage"},"image":{"@id":"https:\/\/repliquemangacine.fr\/denix\/parabellum-luger-p08-crosse-bois\/#primaryimage"},"thumbnailUrl":"https:\/\/repliquemangacine.fr\/wp-content\/uploads\/2023\/10\/1052-Replique-Pistolet-Luger-P08-Parabellum-Crosse-bois.jpg","datePublished":"2016-11-18T18:54:15+00:00","dateModified":"2026-03-05T19:31:26+00:00","description":"Regalatela! La Pistola Parabellum Luger P08 Denix al miglior prezzo - Tutto metallo - Meccanismo funzionale - Non spara - Caricatore estraibile - 25,5 cm","breadcrumb":{"@id":"https:\/\/repliquemangacine.fr\/denix\/parabellum-luger-p08-crosse-bois\/#breadcrumb"},"inLanguage":"it-IT","potentialAction":[{"@type":"ReadAction","target":["https:\/\/repliquemangacine.fr\/denix\/parabellum-luger-p08-crosse-bois\/"]}]},{"@type":"ImageObject","inLanguage":"it-IT","@id":"https:\/\/repliquemangacine.fr\/denix\/parabellum-luger-p08-crosse-bois\/#primaryimage","url":"https:\/\/repliquemangacine.fr\/wp-content\/uploads\/2023\/10\/1052-Replique-Pistolet-Luger-P08-Parabellum-Crosse-bois.jpg","contentUrl":"https:\/\/repliquemangacine.fr\/wp-content\/uploads\/2023\/10\/1052-Replique-Pistolet-Luger-P08-Parabellum-Crosse-bois.jpg","width":800,"height":800,"caption":"R\u00e9plique Pistolet Luger P08 Parabellum - Crosse bois"},{"@type":"BreadcrumbList","@id":"https:\/\/repliquemangacine.fr\/denix\/parabellum-luger-p08-crosse-bois\/#breadcrumb","itemListElement":[{"@type":"ListItem","position":1,"name":"Accueil","item":"https:\/\/repliquemangacine.fr\/"},{"@type":"ListItem","position":2,"name":"Produits","item":"https:\/\/repliquemangacine.fr\/boutique\/"},{"@type":"ListItem","position":3,"name":"Parabellum Luger P08"}]},{"@type":"WebSite","@id":"https:\/\/repliquemangacine.fr\/#website","url":"https:\/\/repliquemangacine.fr\/","name":"R\u00e9plique Manga Cin\u00e9","description":"","publisher":{"@id":"https:\/\/repliquemangacine.fr\/#organization"},"potentialAction":[{"@type":"SearchAction","target":{"@type":"EntryPoint","urlTemplate":"https:\/\/repliquemangacine.fr\/?s={search_term_string}"},"query-input":{"@type":"PropertyValueSpecification","valueRequired":true,"valueName":"search_term_string"}}],"inLanguage":"it-IT"},{"@type":"Organization","@id":"https:\/\/repliquemangacine.fr\/#organization","name":"R\u00e9plique Manga Cin\u00e9","url":"https:\/\/repliquemangacine.fr\/","logo":{"@type":"ImageObject","inLanguage":"it-IT","@id":"https:\/\/repliquemangacine.fr\/#\/schema\/logo\/image\/","url":"https:\/\/repliquemangacine.fr\/wp-content\/uploads\/2023\/10\/RMC-500250.png","contentUrl":"https:\/\/repliquemangacine.fr\/wp-content\/uploads\/2023\/10\/RMC-500250.png","width":500,"height":250,"caption":"R\u00e9plique Manga Cin\u00e9"},"image":{"@id":"https:\/\/repliquemangacine.fr\/#\/schema\/logo\/image\/"},"sameAs":["https:\/\/www.facebook.com\/RepliqueMangaCine","https:\/\/www.instagram.com\/repliquemangacine.fr\/"]}]}},"_links":{"self":[{"href":"https:\/\/repliquemangacine.fr\/it\/wp-json\/wp\/v2\/product\/26373","targetHints":{"allow":["GET"]}}],"collection":[{"href":"https:\/\/repliquemangacine.fr\/it\/wp-json\/wp\/v2\/product"}],"about":[{"href":"https:\/\/repliquemangacine.fr\/it\/wp-json\/wp\/v2\/types\/product"}],"wp:featuredmedia":[{"embeddable":true,"href":"https:\/\/repliquemangacine.fr\/it\/wp-json\/wp\/v2\/media\/26374"}],"wp:attachment":[{"href":"https:\/\/repliquemangacine.fr\/it\/wp-json\/wp\/v2\/media?parent=26373"}],"wp:term":[{"taxonomy":"product_brand","embeddable":true,"href":"https:\/\/repliquemangacine.fr\/it\/wp-json\/wp\/v2\/product_brand?post=26373"},{"taxonomy":"product_cat","embeddable":true,"href":"https:\/\/repliquemangacine.fr\/it\/wp-json\/wp\/v2\/product_cat?post=26373"},{"taxonomy":"product_tag","embeddable":true,"href":"https:\/\/repliquemangacine.fr\/it\/wp-json\/wp\/v2\/product_tag?post=26373"}],"curies":[{"name":"wp","href":"https:\/\/api.w.org\/{rel}","templated":true}]}}