





{"id":26364,"date":"2016-11-18T19:28:06","date_gmt":"2016-11-18T18:28:06","guid":{"rendered":"https:\/\/repliquemangacine.fr\/?post_type=product&#038;p=26364"},"modified":"2025-12-18T15:57:49","modified_gmt":"2025-12-18T14:57:49","slug":"luger-p08-parabellum","status":"publish","type":"product","link":"https:\/\/repliquemangacine.fr\/it\/reproductions-armes-seconde-guerre-mondiale-denix\/luger-p08-parabellum\/","title":{"rendered":"Luger P08 Parabellum"},"content":{"rendered":"<h2>Pistola Luger P08 Parabellum - Denix<\/h2>\n<p>Per cominciare, la pistola <strong>Luger P08 Parabellum<\/strong> utilizzati durante la prima e la seconda guerra mondiale. Riproduzione firmata <a href=\"https:\/\/www.denix.fr\/fr\/accueil-fr\/\" target=\"_blank\" rel=\"noopener noreferrer\">Denix<\/a>.<\/p>\n<p>Il parabellum offre vantaggi indiscutibili per un'arma da guerra:<\/p>\n<ul>\n<li>Caricatore con capacit\u00e0 di 8 cartucce.<\/li>\n<li>Fuoco rapido e ricarica.<\/li>\n<li>Anche il calibro 7,65 mm \u00e8 pi\u00f9 veloce.<\/li>\n<li>La linea di vista pi\u00f9 lunga.<\/li>\n<\/ul>\n<p>George Luger presenta la sua arma in tutte le capitali del mondo occidentale. La Parabellum 1900 viene testata negli Stati Uniti, in Bulgaria, Svezia, Austria, Spagna... Viene adottata come arma d'ordinanza in diversi paesi, tra cui ovviamente Germania e Svizzera... In Francia, viene utilizzata dalla Gendarmeria, dall'Esercito e dalla Prefettura di Polizia di Parigi tra il 1945 e il 1955.<\/p>\n<p>Diventato un oggetto da collezione a partire dagli anni '50.<\/p>\n<h2>La vostra Luger P08 Parabellum al miglior prezzo.<\/h2>\n<p>Vi proponiamo tutte le riproduzioni di armi Denix della Seconda Guerra Mondiale.<\/p>\n<p>Innanzitutto,<\/p>\n<ul>\n<li>Le <a href=\"https:\/\/repliquemangacine.fr\/it\/riproduzioni-darmes\/pistolet-browning-hi-power-gp35-belgique-1935\/\">Browning Hi-Power GP35<\/a> \u00e8 una delle pistole militari pi\u00f9 utilizzate nella storia.<\/li>\n<li>Poi, il Mauser C96 soprannominato <a href=\"https:\/\/repliquemangacine.fr\/it\/riproduzioni-darmes\/pistolet-mauser-c96-germany-1896\/\">Manico di scopa<\/a> dai collezionisti americani per il particolare profilo del suo stock.<\/li>\n<li>C'\u00e8 anche Le <a href=\"https:\/\/repliquemangacine.fr\/it\/riproduzioni-darmes\/pistolet-walther-ppk-calibre-765-2\/\">Pistola PPK<\/a> Utilizzato dall'esercito durante la Seconda Guerra Mondiale. Immortalata da James Bond.<\/li>\n<li>Cos\u00ec come tutti i fucili...<\/li>\n<\/ul>\n<p>Ecco quindi cosa fare per ampliare la vostra collezione di armi da guerra.<\/p>\n<p>In conclusione, \u00e8 possibile utilizzare la pistola <strong>Luger P08 Parabellum<\/strong> per le vostre rievocazioni storiche. Ma soprattutto \u00e8 un'arma per collezionare e decorare.<\/p>\n<h2>Come vengono realizzate le repliche delle armi Denix?<\/h2>\n<p>Utilizzate in rievocazioni storiche, film, serie e dai collezionisti. Le riproduzioni Denix sono realizzate con materiali di alta qualit\u00e0. Sono accuratamente lavorate e assemblate per creare armi realistiche da collezione.<\/p>\n<ul>\n<li>I metalli sono in una lega metallica nota come Zamac, la cui composizione di base \u00e8 zinco in 95%.<\/li>\n<li>Le parti in plastica delle repliche sono realizzate in ABS stampato, che offre una grande resistenza.<\/li>\n<li>Il legno scelto per la sua bellezza e durata, come il mogano, l'ulivo o il noce, conferir\u00e0 ai mozziconi e alle botti un aspetto elegante e autentico.<\/li>\n<\/ul>\n<p>Si noti che tutte le riproduzioni Denix sono identiche agli originali, come il vostro <strong>Luger P08 Parabellum<\/strong>.<\/p>","protected":false},"excerpt":{"rendered":"<p>Identica all'originale, questa riproduzione della Luger P08 parabellum del 1898.<\/p>\n<ul>\n<li>Telaio in Zamac.<\/li>\n<li>Piastre di presa in ABS.<\/li>\n<li>Caricatore rimovibile.<\/li>\n<li>Armi in alto e colpi, ma <strong>totalmente inadatto a sparare.<\/strong><\/li>\n<li>Non \u00e8 richiesta alcuna autorizzazione. Vendita e possesso gratuiti.<\/li>\n<li>Dimensioni: 25,5 cm -Peso: 980 grammi<\/li>\n<\/ul>\n<p><iframe src=\"https:\/\/www.youtube.com\/embed\/vbRZAgxjpgA\" width=\"370\" height=\"208\" frameborder=\"0\"><\/iframe><\/p>","protected":false},"featured_media":26365,"template":"","meta":[],"product_brand":[896],"product_cat":[25,102,54,40,28,76],"product_tag":[],"class_list":{"0":"post-26364","1":"product","2":"type-product","3":"status-publish","4":"has-post-thumbnail","6":"product_brand-replique-manga-cine","7":"product_cat-armes-historiques","8":"product_cat-denix","9":"product_cat-armes-accessoires-guerre-mondiale","10":"product_cat-pistolet-moderne","11":"product_cat-repliques-darmes","12":"product_cat-reproductions-armes-seconde-guerre-mondiale-denix","14":"first","15":"instock","16":"sale","17":"taxable","18":"shipping-taxable","19":"purchasable","20":"product-type-simple"},"yoast_head":"<!-- This site is optimized with the Yoast SEO plugin v27.4 - https:\/\/yoast.com\/product\/yoast-seo-wordpress\/ -->\n<title>Luger P08 Parabellum - Boutique en ligne | R\u00e9plique Manga Cin\u00e9<\/title>\n<meta name=\"description\" content=\"Offre-lui ! Le pistolet Luger P08 Parabellum au meilleur prix - Tout en Zamac - M\u00e9canisme fonctionnel - Inapte au tir - Chargeur amovible - 25.5 cm\" \/>\n<meta name=\"robots\" content=\"index, follow, max-snippet:-1, max-image-preview:large, max-video-preview:-1\" \/>\n<link rel=\"canonical\" href=\"https:\/\/repliquemangacine.fr\/it\/denix\/luger-p08-parabellum\/\" \/>\n<meta property=\"og:locale\" content=\"it_IT\" \/>\n<meta property=\"og:type\" content=\"article\" \/>\n<meta property=\"og:title\" content=\"Luger P08 Parabellum - Boutique en ligne | R\u00e9plique Manga Cin\u00e9\" \/>\n<meta property=\"og:description\" content=\"Offre-lui ! Le pistolet Luger P08 Parabellum au meilleur prix - Tout en Zamac - M\u00e9canisme fonctionnel - Inapte au tir - Chargeur amovible - 25.5 cm\" \/>\n<meta property=\"og:url\" content=\"https:\/\/repliquemangacine.fr\/it\/denix\/luger-p08-parabellum\/\" \/>\n<meta property=\"og:site_name\" content=\"R\u00e9plique Manga Cin\u00e9\" \/>\n<meta property=\"article:publisher\" content=\"https:\/\/www.facebook.com\/RepliqueMangaCine\" \/>\n<meta property=\"article:modified_time\" content=\"2025-12-18T14:57:49+00:00\" \/>\n<meta property=\"og:image\" content=\"https:\/\/repliquemangacine.fr\/wp-content\/uploads\/2023\/10\/1044-Replique-Pistolet-Luger-P08-Parabellum.jpg\" \/>\n\t<meta property=\"og:image:width\" content=\"800\" \/>\n\t<meta property=\"og:image:height\" content=\"800\" \/>\n\t<meta property=\"og:image:type\" content=\"image\/jpeg\" \/>\n<meta name=\"twitter:card\" content=\"summary_large_image\" \/>\n<meta name=\"twitter:label1\" content=\"Tempo di lettura stimato\" \/>\n\t<meta name=\"twitter:data1\" content=\"1 minuto\" \/>\n<script type=\"application\/ld+json\" class=\"yoast-schema-graph\">{\"@context\":\"https:\\\/\\\/schema.org\",\"@graph\":[{\"@type\":\"WebPage\",\"@id\":\"https:\\\/\\\/repliquemangacine.fr\\\/denix\\\/luger-p08-parabellum\\\/\",\"url\":\"https:\\\/\\\/repliquemangacine.fr\\\/denix\\\/luger-p08-parabellum\\\/\",\"name\":\"Luger P08 Parabellum - Boutique en ligne | R\u00e9plique Manga Cin\u00e9\",\"isPartOf\":{\"@id\":\"https:\\\/\\\/repliquemangacine.fr\\\/#website\"},\"primaryImageOfPage\":{\"@id\":\"https:\\\/\\\/repliquemangacine.fr\\\/denix\\\/luger-p08-parabellum\\\/#primaryimage\"},\"image\":{\"@id\":\"https:\\\/\\\/repliquemangacine.fr\\\/denix\\\/luger-p08-parabellum\\\/#primaryimage\"},\"thumbnailUrl\":\"https:\\\/\\\/repliquemangacine.fr\\\/wp-content\\\/uploads\\\/2023\\\/10\\\/1044-Replique-Pistolet-Luger-P08-Parabellum.jpg\",\"datePublished\":\"2016-11-18T18:28:06+00:00\",\"dateModified\":\"2025-12-18T14:57:49+00:00\",\"description\":\"Offre-lui ! Le pistolet Luger P08 Parabellum au meilleur prix - Tout en Zamac - M\u00e9canisme fonctionnel - Inapte au tir - Chargeur amovible - 25.5 cm\",\"breadcrumb\":{\"@id\":\"https:\\\/\\\/repliquemangacine.fr\\\/denix\\\/luger-p08-parabellum\\\/#breadcrumb\"},\"inLanguage\":\"it-IT\",\"potentialAction\":[{\"@type\":\"ReadAction\",\"target\":[\"https:\\\/\\\/repliquemangacine.fr\\\/denix\\\/luger-p08-parabellum\\\/\"]}]},{\"@type\":\"ImageObject\",\"inLanguage\":\"it-IT\",\"@id\":\"https:\\\/\\\/repliquemangacine.fr\\\/denix\\\/luger-p08-parabellum\\\/#primaryimage\",\"url\":\"https:\\\/\\\/repliquemangacine.fr\\\/wp-content\\\/uploads\\\/2023\\\/10\\\/1044-Replique-Pistolet-Luger-P08-Parabellum.jpg\",\"contentUrl\":\"https:\\\/\\\/repliquemangacine.fr\\\/wp-content\\\/uploads\\\/2023\\\/10\\\/1044-Replique-Pistolet-Luger-P08-Parabellum.jpg\",\"width\":800,\"height\":800,\"caption\":\"R\u00e9plique Pistolet Luger P08 Parabellum\"},{\"@type\":\"BreadcrumbList\",\"@id\":\"https:\\\/\\\/repliquemangacine.fr\\\/denix\\\/luger-p08-parabellum\\\/#breadcrumb\",\"itemListElement\":[{\"@type\":\"ListItem\",\"position\":1,\"name\":\"Accueil\",\"item\":\"https:\\\/\\\/repliquemangacine.fr\\\/\"},{\"@type\":\"ListItem\",\"position\":2,\"name\":\"Produits\",\"item\":\"https:\\\/\\\/repliquemangacine.fr\\\/boutique\\\/\"},{\"@type\":\"ListItem\",\"position\":3,\"name\":\"Luger P08 Parabellum\"}]},{\"@type\":\"WebSite\",\"@id\":\"https:\\\/\\\/repliquemangacine.fr\\\/#website\",\"url\":\"https:\\\/\\\/repliquemangacine.fr\\\/\",\"name\":\"R\u00e9plique Manga Cin\u00e9\",\"description\":\"\",\"publisher\":{\"@id\":\"https:\\\/\\\/repliquemangacine.fr\\\/#organization\"},\"potentialAction\":[{\"@type\":\"SearchAction\",\"target\":{\"@type\":\"EntryPoint\",\"urlTemplate\":\"https:\\\/\\\/repliquemangacine.fr\\\/?s={search_term_string}\"},\"query-input\":{\"@type\":\"PropertyValueSpecification\",\"valueRequired\":true,\"valueName\":\"search_term_string\"}}],\"inLanguage\":\"it-IT\"},{\"@type\":\"Organization\",\"@id\":\"https:\\\/\\\/repliquemangacine.fr\\\/#organization\",\"name\":\"R\u00e9plique Manga Cin\u00e9\",\"url\":\"https:\\\/\\\/repliquemangacine.fr\\\/\",\"logo\":{\"@type\":\"ImageObject\",\"inLanguage\":\"it-IT\",\"@id\":\"https:\\\/\\\/repliquemangacine.fr\\\/#\\\/schema\\\/logo\\\/image\\\/\",\"url\":\"https:\\\/\\\/repliquemangacine.fr\\\/wp-content\\\/uploads\\\/2023\\\/10\\\/RMC-500250.png\",\"contentUrl\":\"https:\\\/\\\/repliquemangacine.fr\\\/wp-content\\\/uploads\\\/2023\\\/10\\\/RMC-500250.png\",\"width\":500,\"height\":250,\"caption\":\"R\u00e9plique Manga Cin\u00e9\"},\"image\":{\"@id\":\"https:\\\/\\\/repliquemangacine.fr\\\/#\\\/schema\\\/logo\\\/image\\\/\"},\"sameAs\":[\"https:\\\/\\\/www.facebook.com\\\/RepliqueMangaCine\",\"https:\\\/\\\/www.instagram.com\\\/repliquemangacine.fr\\\/\"]}]}<\/script>\n<!-- \/ Yoast SEO plugin. -->","yoast_head_json":{"title":"Luger P08 Parabellum - Negozio online | R\u00e9plique Manga Cin\u00e9","description":"Regalatela! La pistola Luger P08 Parabellum al miglior prezzo - Tutto in Zamac - Meccanismo funzionale - Non spara - Caricatore estraibile - 25,5 cm","robots":{"index":"index","follow":"follow","max-snippet":"max-snippet:-1","max-image-preview":"max-image-preview:large","max-video-preview":"max-video-preview:-1"},"canonical":"https:\/\/repliquemangacine.fr\/it\/denix\/luger-p08-parabellum\/","og_locale":"it_IT","og_type":"article","og_title":"Luger P08 Parabellum - Boutique en ligne | R\u00e9plique Manga Cin\u00e9","og_description":"Offre-lui ! Le pistolet Luger P08 Parabellum au meilleur prix - Tout en Zamac - M\u00e9canisme fonctionnel - Inapte au tir - Chargeur amovible - 25.5 cm","og_url":"https:\/\/repliquemangacine.fr\/it\/denix\/luger-p08-parabellum\/","og_site_name":"R\u00e9plique Manga Cin\u00e9","article_publisher":"https:\/\/www.facebook.com\/RepliqueMangaCine","article_modified_time":"2025-12-18T14:57:49+00:00","og_image":[{"width":800,"height":800,"url":"https:\/\/repliquemangacine.fr\/wp-content\/uploads\/2023\/10\/1044-Replique-Pistolet-Luger-P08-Parabellum.jpg","type":"image\/jpeg"}],"twitter_card":"summary_large_image","twitter_misc":{"Tempo di lettura stimato":"1 minuto"},"schema":{"@context":"https:\/\/schema.org","@graph":[{"@type":"WebPage","@id":"https:\/\/repliquemangacine.fr\/denix\/luger-p08-parabellum\/","url":"https:\/\/repliquemangacine.fr\/denix\/luger-p08-parabellum\/","name":"Luger P08 Parabellum - Negozio online | R\u00e9plique Manga Cin\u00e9","isPartOf":{"@id":"https:\/\/repliquemangacine.fr\/#website"},"primaryImageOfPage":{"@id":"https:\/\/repliquemangacine.fr\/denix\/luger-p08-parabellum\/#primaryimage"},"image":{"@id":"https:\/\/repliquemangacine.fr\/denix\/luger-p08-parabellum\/#primaryimage"},"thumbnailUrl":"https:\/\/repliquemangacine.fr\/wp-content\/uploads\/2023\/10\/1044-Replique-Pistolet-Luger-P08-Parabellum.jpg","datePublished":"2016-11-18T18:28:06+00:00","dateModified":"2025-12-18T14:57:49+00:00","description":"Regalatela! La pistola Luger P08 Parabellum al miglior prezzo - Tutto in Zamac - Meccanismo funzionale - Non spara - Caricatore estraibile - 25,5 cm","breadcrumb":{"@id":"https:\/\/repliquemangacine.fr\/denix\/luger-p08-parabellum\/#breadcrumb"},"inLanguage":"it-IT","potentialAction":[{"@type":"ReadAction","target":["https:\/\/repliquemangacine.fr\/denix\/luger-p08-parabellum\/"]}]},{"@type":"ImageObject","inLanguage":"it-IT","@id":"https:\/\/repliquemangacine.fr\/denix\/luger-p08-parabellum\/#primaryimage","url":"https:\/\/repliquemangacine.fr\/wp-content\/uploads\/2023\/10\/1044-Replique-Pistolet-Luger-P08-Parabellum.jpg","contentUrl":"https:\/\/repliquemangacine.fr\/wp-content\/uploads\/2023\/10\/1044-Replique-Pistolet-Luger-P08-Parabellum.jpg","width":800,"height":800,"caption":"R\u00e9plique Pistolet Luger P08 Parabellum"},{"@type":"BreadcrumbList","@id":"https:\/\/repliquemangacine.fr\/denix\/luger-p08-parabellum\/#breadcrumb","itemListElement":[{"@type":"ListItem","position":1,"name":"Accueil","item":"https:\/\/repliquemangacine.fr\/"},{"@type":"ListItem","position":2,"name":"Produits","item":"https:\/\/repliquemangacine.fr\/boutique\/"},{"@type":"ListItem","position":3,"name":"Luger P08 Parabellum"}]},{"@type":"WebSite","@id":"https:\/\/repliquemangacine.fr\/#website","url":"https:\/\/repliquemangacine.fr\/","name":"R\u00e9plique Manga Cin\u00e9","description":"","publisher":{"@id":"https:\/\/repliquemangacine.fr\/#organization"},"potentialAction":[{"@type":"SearchAction","target":{"@type":"EntryPoint","urlTemplate":"https:\/\/repliquemangacine.fr\/?s={search_term_string}"},"query-input":{"@type":"PropertyValueSpecification","valueRequired":true,"valueName":"search_term_string"}}],"inLanguage":"it-IT"},{"@type":"Organization","@id":"https:\/\/repliquemangacine.fr\/#organization","name":"R\u00e9plique Manga Cin\u00e9","url":"https:\/\/repliquemangacine.fr\/","logo":{"@type":"ImageObject","inLanguage":"it-IT","@id":"https:\/\/repliquemangacine.fr\/#\/schema\/logo\/image\/","url":"https:\/\/repliquemangacine.fr\/wp-content\/uploads\/2023\/10\/RMC-500250.png","contentUrl":"https:\/\/repliquemangacine.fr\/wp-content\/uploads\/2023\/10\/RMC-500250.png","width":500,"height":250,"caption":"R\u00e9plique Manga Cin\u00e9"},"image":{"@id":"https:\/\/repliquemangacine.fr\/#\/schema\/logo\/image\/"},"sameAs":["https:\/\/www.facebook.com\/RepliqueMangaCine","https:\/\/www.instagram.com\/repliquemangacine.fr\/"]}]}},"_links":{"self":[{"href":"https:\/\/repliquemangacine.fr\/it\/wp-json\/wp\/v2\/product\/26364","targetHints":{"allow":["GET"]}}],"collection":[{"href":"https:\/\/repliquemangacine.fr\/it\/wp-json\/wp\/v2\/product"}],"about":[{"href":"https:\/\/repliquemangacine.fr\/it\/wp-json\/wp\/v2\/types\/product"}],"wp:featuredmedia":[{"embeddable":true,"href":"https:\/\/repliquemangacine.fr\/it\/wp-json\/wp\/v2\/media\/26365"}],"wp:attachment":[{"href":"https:\/\/repliquemangacine.fr\/it\/wp-json\/wp\/v2\/media?parent=26364"}],"wp:term":[{"taxonomy":"product_brand","embeddable":true,"href":"https:\/\/repliquemangacine.fr\/it\/wp-json\/wp\/v2\/product_brand?post=26364"},{"taxonomy":"product_cat","embeddable":true,"href":"https:\/\/repliquemangacine.fr\/it\/wp-json\/wp\/v2\/product_cat?post=26364"},{"taxonomy":"product_tag","embeddable":true,"href":"https:\/\/repliquemangacine.fr\/it\/wp-json\/wp\/v2\/product_tag?post=26364"}],"curies":[{"name":"wp","href":"https:\/\/api.w.org\/{rel}","templated":true}]}}